{"id":114079,"date":"2026-02-20T14:37:54","date_gmt":"2026-02-20T12:37:54","guid":{"rendered":"https:\/\/eurotech-iasi.ro\/magazinonline\/?post_type=product&#038;p=114079"},"modified":"2026-02-20T14:45:34","modified_gmt":"2026-02-20T12:45:34","slug":"masina-de-curatat-panouri-cofraj-din-lemn-paolina","status":"publish","type":"product","link":"https:\/\/eurotech-iasi.ro\/magazinonline\/produs\/masina-de-curatat-panouri-cofraj-din-lemn-paolina\/","title":{"rendered":"Masina de curatat panouri cofraj din lemn Paolina"},"content":{"rendered":"<h4>Masina de curatat panouri cofraj din lemn Paolina este solutia ideala pentru curatarea panourilor de cofraj din lemn latime de 50 cm, putand curata fara probleme cele doua fete vizibile ale placilor de cofraj si canturile acestora.<\/h4>\n<div>\u00cen plus, Paolina dispune de role de sf\u0103r\u00e2mare, lame duble pe fiecare parte, perii de praf \u0219i sistem automat de aplicare \u0219i finisare a decofrantului.<\/div>\n<div>\u201ePaolina\u201d este o ma\u0219in\u0103 ce se produce de peste 28 de ani, si are peste 8.000 de unit\u0103\u021bi produse \u0219i v\u00e2ndute \u00een toat\u0103 Europa.<\/div>\n<div><\/div>\n<div><em><strong>Avantajele masinii de curatat panouri La Paolina<\/strong><\/em><\/div>\n<ul>\n<li>Alimentarea panourilor prin role cu caneluri ce realizeaza o tragere motorizata.<\/li>\n<li>Rezervor de colectare a lichidelor cu capac pentru a facilita golirea \u0219i cur\u0103\u021barea.<\/li>\n<li>Raclete basculante si auto-reglabile fataverso pentru curatarea perfecta a marginilor si pentru a asigura o curatare maxima pe laturile murdare de ciment\/beton chiar si in prezenta deformarilor panourilor si a stratului de protectie al acestuia.<\/li>\n<li>Personalizarea glis\u0103rii panoului care ajusteaz\u0103 presiunea de r\u0103zuire \u00een func\u021bie de nevoile dumneavoastr\u0103 de cur\u0103\u021bare.<\/li>\n<li>Reglare micrometric\u0103 a grosimii cu tij\u0103 filetat\u0103 \u0219i \u0219urub melcat pentru a compensa toate dimensiunile \u0219i subdimensiunile.<\/li>\n<li>Sectiuni detasabile pentru alimentarea si evacuarea panourilor ajutand astfel la compactarea dimensiunillor masinii atunci cand este oprita sau pentru transport.<\/li>\n<li>Comenzi electrice de joas\u0103 tensiune \u0219i monofazate conform standardelor actuale \u0219i consum minim orar \u00a0de absorb\u021bie a energiei electrice.<\/li>\n<li>Masina de curatat panouri de \u0219antier La Paolina respect\u0103 criteriile de proiectare \u0219i construc\u021bie necesare pentru a satisface reglement\u0103rile \u0219i cerin\u021bele de siguran\u021b\u0103 stabilite de Directiva Ma\u0219ini 2006\/42\/CEE \u00een \u00a0vigoare.<\/li>\n<\/ul>\n<div>\n<p><strong>Caracteristici<\/strong><\/p>\n<ul>\n<li>Numar de role orizontale \/ verticale- 2 \/ 2 buc.<\/li>\n<li>Numar de lame curatare orizontale \/ verticale &#8211; 6 \/ 4 buc.<\/li>\n<li>Numar de perii de praf &#8211; 2 buc.<\/li>\n<li>Numar lame cauciuc pentru aplicare decofrant &#8211; 2 \/ 2 buc.<\/li>\n<li>Putere motor &#8211; 0,75 kW<\/li>\n<li>Puterea pompei &#8211; 0,11 kW<\/li>\n<li>Viteza de curatare &#8211; 780 m\/h<\/li>\n<li>Capacitate rezervor decofrant &#8211; 30 l<\/li>\n<li>Nivel zgomot &#8211; 74 dB (A)<\/li>\n<li>Dimensiuni &#8211; 2730 x 780 x 1040 L x l x H (mm)<\/li>\n<li>Greutate &#8211; 225 kg<\/li>\n<\/ul>\n<p><iframe loading=\"lazy\" title=\"YouTube video player\" src=\"https:\/\/www.youtube.com\/embed\/yr_-MtcYNmQ?si=AVrIRsKtC1vbls2V\" width=\"560\" height=\"315\" frameborder=\"0\" allowfullscreen=\"allowfullscreen\"><\/iframe><\/p>\n<\/div>\n","protected":false},"excerpt":{"rendered":"<h4>Masina de curatat panouri cofraj din lemn Paolina este solutia ideala pentru curatarea panourilor de cofraj din lemn latime de 50 cm, putand curata fara probleme cele doua fete vizibile ale placilor de cofraj si canturile acestora.<\/h4>\n<p><em><strong>Cod produs: PL1003078<\/strong><\/em><\/p>\n<h4><span class=\"help-phone\"><strong><span class=\"-g-product-details-help-phone\"><em><span style=\"color: #ff0000;\">Ai nevoie de ajutor? Sun\u0103 la <\/span>\u00a0<a href=\"tel:0740278809\">0740278809<\/a><\/em><\/span><\/strong><\/span><\/h4>\n","protected":false},"featured_media":114080,"comment_status":"open","ping_status":"closed","template":"","meta":{"_acf_changed":false},"product_cat":[12781,12775],"product_tag":[],"woo-feed-brand":[],"class_list":{"0":"post-114079","1":"product","2":"type-product","3":"status-publish","4":"has-post-thumbnail","6":"product_brand-paolina","7":"product_cat-accesorii-cofraje-popi-si-sprijiniri","8":"product_cat-cofraje-popi-si-sprijiniri","9":"pa_greutate-225-kg-2","10":"pa_putere-motor-0-75-kw","12":"first","13":"instock","14":"shipping-taxable","15":"purchasable","16":"product-type-simple"},"acf":[],"yoast_head":"<!-- This site is optimized with the Yoast SEO plugin v27.3 - https:\/\/yoast.com\/product\/yoast-seo-wordpress\/ -->\n<title>Masina de curatat panouri cofraj din lemn Paolina - Eurotech Iasi<\/title>\n<meta name=\"description\" content=\"Masina de curatat panouri cofraj din lemn Paolina este solutia ideala pentru curatarea panourilor de cofraj din lemn latime de 50 cm.\" \/>\n<meta name=\"robots\" content=\"index, follow, max-snippet:-1, max-image-preview:large, max-video-preview:-1\" \/>\n<link rel=\"canonical\" href=\"https:\/\/eurotech-iasi.ro\/magazinonline\/produs\/masina-de-curatat-panouri-cofraj-din-lemn-paolina\/\" \/>\n<meta property=\"og:locale\" content=\"ro_RO\" \/>\n<meta property=\"og:type\" content=\"article\" \/>\n<meta property=\"og:title\" content=\"Masina de curatat panouri cofraj din lemn Paolina - Eurotech Iasi\" \/>\n<meta property=\"og:description\" content=\"Masina de curatat panouri cofraj din lemn Paolina este solutia ideala pentru curatarea panourilor de cofraj din lemn latime de 50 cm.\" \/>\n<meta property=\"og:url\" content=\"https:\/\/eurotech-iasi.ro\/magazinonline\/produs\/masina-de-curatat-panouri-cofraj-din-lemn-paolina\/\" \/>\n<meta property=\"og:site_name\" content=\"Eurotech Iasi\" \/>\n<meta property=\"article:publisher\" content=\"https:\/\/www.facebook.com\/EurotechIasi\/\" \/>\n<meta property=\"article:modified_time\" content=\"2026-02-20T12:45:34+00:00\" \/>\n<meta property=\"og:image\" content=\"https:\/\/eurotech-iasi.ro\/magazinonline\/wp-content\/uploads\/2026\/02\/1.png\" \/>\n\t<meta property=\"og:image:width\" content=\"750\" \/>\n\t<meta property=\"og:image:height\" content=\"750\" \/>\n\t<meta property=\"og:image:type\" content=\"image\/png\" \/>\n<meta name=\"twitter:label1\" content=\"Timp estimat pentru citire\" \/>\n\t<meta name=\"twitter:data1\" content=\"3 minute\" \/>\n<script type=\"application\/ld+json\" class=\"yoast-schema-graph\">{\"@context\":\"https:\\\/\\\/schema.org\",\"@graph\":[{\"@type\":\"WebPage\",\"@id\":\"https:\\\/\\\/eurotech-iasi.ro\\\/magazinonline\\\/produs\\\/masina-de-curatat-panouri-cofraj-din-lemn-paolina\\\/\",\"url\":\"https:\\\/\\\/eurotech-iasi.ro\\\/magazinonline\\\/produs\\\/masina-de-curatat-panouri-cofraj-din-lemn-paolina\\\/\",\"name\":\"Masina de curatat panouri cofraj din lemn Paolina - Eurotech Iasi\",\"isPartOf\":{\"@id\":\"https:\\\/\\\/eurotech-iasi.ro\\\/magazinonline\\\/#website\"},\"primaryImageOfPage\":{\"@id\":\"https:\\\/\\\/eurotech-iasi.ro\\\/magazinonline\\\/produs\\\/masina-de-curatat-panouri-cofraj-din-lemn-paolina\\\/#primaryimage\"},\"image\":{\"@id\":\"https:\\\/\\\/eurotech-iasi.ro\\\/magazinonline\\\/produs\\\/masina-de-curatat-panouri-cofraj-din-lemn-paolina\\\/#primaryimage\"},\"thumbnailUrl\":\"https:\\\/\\\/eurotech-iasi.ro\\\/magazinonline\\\/wp-content\\\/uploads\\\/2026\\\/02\\\/1.png\",\"datePublished\":\"2026-02-20T12:37:54+00:00\",\"dateModified\":\"2026-02-20T12:45:34+00:00\",\"description\":\"Masina de curatat panouri cofraj din lemn Paolina este solutia ideala pentru curatarea panourilor de cofraj din lemn latime de 50 cm.\",\"breadcrumb\":{\"@id\":\"https:\\\/\\\/eurotech-iasi.ro\\\/magazinonline\\\/produs\\\/masina-de-curatat-panouri-cofraj-din-lemn-paolina\\\/#breadcrumb\"},\"inLanguage\":\"ro-RO\",\"potentialAction\":[{\"@type\":\"ReadAction\",\"target\":[\"https:\\\/\\\/eurotech-iasi.ro\\\/magazinonline\\\/produs\\\/masina-de-curatat-panouri-cofraj-din-lemn-paolina\\\/\"]}]},{\"@type\":\"ImageObject\",\"inLanguage\":\"ro-RO\",\"@id\":\"https:\\\/\\\/eurotech-iasi.ro\\\/magazinonline\\\/produs\\\/masina-de-curatat-panouri-cofraj-din-lemn-paolina\\\/#primaryimage\",\"url\":\"https:\\\/\\\/eurotech-iasi.ro\\\/magazinonline\\\/wp-content\\\/uploads\\\/2026\\\/02\\\/1.png\",\"contentUrl\":\"https:\\\/\\\/eurotech-iasi.ro\\\/magazinonline\\\/wp-content\\\/uploads\\\/2026\\\/02\\\/1.png\",\"width\":750,\"height\":750,\"caption\":\"Masina de curatat panouri cofraj din lemn Paolina\"},{\"@type\":\"BreadcrumbList\",\"@id\":\"https:\\\/\\\/eurotech-iasi.ro\\\/magazinonline\\\/produs\\\/masina-de-curatat-panouri-cofraj-din-lemn-paolina\\\/#breadcrumb\",\"itemListElement\":[{\"@type\":\"ListItem\",\"position\":1,\"name\":\"Prima pagin\u0103\",\"item\":\"https:\\\/\\\/eurotech-iasi.ro\\\/magazinonline\\\/\"},{\"@type\":\"ListItem\",\"position\":2,\"name\":\"Shop\",\"item\":\"https:\\\/\\\/eurotech-iasi.ro\\\/magazinonline\\\/shop\\\/\"},{\"@type\":\"ListItem\",\"position\":3,\"name\":\"Masina de curatat panouri cofraj din lemn Paolina\"}]},{\"@type\":\"WebSite\",\"@id\":\"https:\\\/\\\/eurotech-iasi.ro\\\/magazinonline\\\/#website\",\"url\":\"https:\\\/\\\/eurotech-iasi.ro\\\/magazinonline\\\/\",\"name\":\"Eurotech Iasi\",\"description\":\"Cu oameni seriosi\",\"publisher\":{\"@id\":\"https:\\\/\\\/eurotech-iasi.ro\\\/magazinonline\\\/#organization\"},\"potentialAction\":[{\"@type\":\"SearchAction\",\"target\":{\"@type\":\"EntryPoint\",\"urlTemplate\":\"https:\\\/\\\/eurotech-iasi.ro\\\/magazinonline\\\/?s={search_term_string}\"},\"query-input\":{\"@type\":\"PropertyValueSpecification\",\"valueRequired\":true,\"valueName\":\"search_term_string\"}}],\"inLanguage\":\"ro-RO\"},{\"@type\":\"Organization\",\"@id\":\"https:\\\/\\\/eurotech-iasi.ro\\\/magazinonline\\\/#organization\",\"name\":\"Eurotech Iasi\",\"url\":\"https:\\\/\\\/eurotech-iasi.ro\\\/magazinonline\\\/\",\"logo\":{\"@type\":\"ImageObject\",\"inLanguage\":\"ro-RO\",\"@id\":\"https:\\\/\\\/eurotech-iasi.ro\\\/magazinonline\\\/#\\\/schema\\\/logo\\\/image\\\/\",\"url\":\"https:\\\/\\\/eurotech-iasi.ro\\\/magazinonline\\\/wp-content\\\/uploads\\\/2020\\\/08\\\/logo-eurotech.png\",\"contentUrl\":\"https:\\\/\\\/eurotech-iasi.ro\\\/magazinonline\\\/wp-content\\\/uploads\\\/2020\\\/08\\\/logo-eurotech.png\",\"width\":290,\"height\":70,\"caption\":\"Eurotech Iasi\"},\"image\":{\"@id\":\"https:\\\/\\\/eurotech-iasi.ro\\\/magazinonline\\\/#\\\/schema\\\/logo\\\/image\\\/\"},\"sameAs\":[\"https:\\\/\\\/www.facebook.com\\\/EurotechIasi\\\/\"]}]}<\/script>\n<!-- \/ Yoast SEO plugin. -->","yoast_head_json":{"title":"Masina de curatat panouri cofraj din lemn Paolina - Eurotech Iasi","description":"Masina de curatat panouri cofraj din lemn Paolina este solutia ideala pentru curatarea panourilor de cofraj din lemn latime de 50 cm.","robots":{"index":"index","follow":"follow","max-snippet":"max-snippet:-1","max-image-preview":"max-image-preview:large","max-video-preview":"max-video-preview:-1"},"canonical":"https:\/\/eurotech-iasi.ro\/magazinonline\/produs\/masina-de-curatat-panouri-cofraj-din-lemn-paolina\/","og_locale":"ro_RO","og_type":"article","og_title":"Masina de curatat panouri cofraj din lemn Paolina - Eurotech Iasi","og_description":"Masina de curatat panouri cofraj din lemn Paolina este solutia ideala pentru curatarea panourilor de cofraj din lemn latime de 50 cm.","og_url":"https:\/\/eurotech-iasi.ro\/magazinonline\/produs\/masina-de-curatat-panouri-cofraj-din-lemn-paolina\/","og_site_name":"Eurotech Iasi","article_publisher":"https:\/\/www.facebook.com\/EurotechIasi\/","article_modified_time":"2026-02-20T12:45:34+00:00","og_image":[{"width":750,"height":750,"url":"https:\/\/eurotech-iasi.ro\/magazinonline\/wp-content\/uploads\/2026\/02\/1.png","type":"image\/png"}],"twitter_misc":{"Timp estimat pentru citire":"3 minute"},"schema":{"@context":"https:\/\/schema.org","@graph":[{"@type":"WebPage","@id":"https:\/\/eurotech-iasi.ro\/magazinonline\/produs\/masina-de-curatat-panouri-cofraj-din-lemn-paolina\/","url":"https:\/\/eurotech-iasi.ro\/magazinonline\/produs\/masina-de-curatat-panouri-cofraj-din-lemn-paolina\/","name":"Masina de curatat panouri cofraj din lemn Paolina - Eurotech Iasi","isPartOf":{"@id":"https:\/\/eurotech-iasi.ro\/magazinonline\/#website"},"primaryImageOfPage":{"@id":"https:\/\/eurotech-iasi.ro\/magazinonline\/produs\/masina-de-curatat-panouri-cofraj-din-lemn-paolina\/#primaryimage"},"image":{"@id":"https:\/\/eurotech-iasi.ro\/magazinonline\/produs\/masina-de-curatat-panouri-cofraj-din-lemn-paolina\/#primaryimage"},"thumbnailUrl":"https:\/\/eurotech-iasi.ro\/magazinonline\/wp-content\/uploads\/2026\/02\/1.png","datePublished":"2026-02-20T12:37:54+00:00","dateModified":"2026-02-20T12:45:34+00:00","description":"Masina de curatat panouri cofraj din lemn Paolina este solutia ideala pentru curatarea panourilor de cofraj din lemn latime de 50 cm.","breadcrumb":{"@id":"https:\/\/eurotech-iasi.ro\/magazinonline\/produs\/masina-de-curatat-panouri-cofraj-din-lemn-paolina\/#breadcrumb"},"inLanguage":"ro-RO","potentialAction":[{"@type":"ReadAction","target":["https:\/\/eurotech-iasi.ro\/magazinonline\/produs\/masina-de-curatat-panouri-cofraj-din-lemn-paolina\/"]}]},{"@type":"ImageObject","inLanguage":"ro-RO","@id":"https:\/\/eurotech-iasi.ro\/magazinonline\/produs\/masina-de-curatat-panouri-cofraj-din-lemn-paolina\/#primaryimage","url":"https:\/\/eurotech-iasi.ro\/magazinonline\/wp-content\/uploads\/2026\/02\/1.png","contentUrl":"https:\/\/eurotech-iasi.ro\/magazinonline\/wp-content\/uploads\/2026\/02\/1.png","width":750,"height":750,"caption":"Masina de curatat panouri cofraj din lemn Paolina"},{"@type":"BreadcrumbList","@id":"https:\/\/eurotech-iasi.ro\/magazinonline\/produs\/masina-de-curatat-panouri-cofraj-din-lemn-paolina\/#breadcrumb","itemListElement":[{"@type":"ListItem","position":1,"name":"Prima pagin\u0103","item":"https:\/\/eurotech-iasi.ro\/magazinonline\/"},{"@type":"ListItem","position":2,"name":"Shop","item":"https:\/\/eurotech-iasi.ro\/magazinonline\/shop\/"},{"@type":"ListItem","position":3,"name":"Masina de curatat panouri cofraj din lemn Paolina"}]},{"@type":"WebSite","@id":"https:\/\/eurotech-iasi.ro\/magazinonline\/#website","url":"https:\/\/eurotech-iasi.ro\/magazinonline\/","name":"Eurotech Iasi","description":"Cu oameni seriosi","publisher":{"@id":"https:\/\/eurotech-iasi.ro\/magazinonline\/#organization"},"potentialAction":[{"@type":"SearchAction","target":{"@type":"EntryPoint","urlTemplate":"https:\/\/eurotech-iasi.ro\/magazinonline\/?s={search_term_string}"},"query-input":{"@type":"PropertyValueSpecification","valueRequired":true,"valueName":"search_term_string"}}],"inLanguage":"ro-RO"},{"@type":"Organization","@id":"https:\/\/eurotech-iasi.ro\/magazinonline\/#organization","name":"Eurotech Iasi","url":"https:\/\/eurotech-iasi.ro\/magazinonline\/","logo":{"@type":"ImageObject","inLanguage":"ro-RO","@id":"https:\/\/eurotech-iasi.ro\/magazinonline\/#\/schema\/logo\/image\/","url":"https:\/\/eurotech-iasi.ro\/magazinonline\/wp-content\/uploads\/2020\/08\/logo-eurotech.png","contentUrl":"https:\/\/eurotech-iasi.ro\/magazinonline\/wp-content\/uploads\/2020\/08\/logo-eurotech.png","width":290,"height":70,"caption":"Eurotech Iasi"},"image":{"@id":"https:\/\/eurotech-iasi.ro\/magazinonline\/#\/schema\/logo\/image\/"},"sameAs":["https:\/\/www.facebook.com\/EurotechIasi\/"]}]}},"_links":{"self":[{"href":"https:\/\/eurotech-iasi.ro\/magazinonline\/wp-json\/wp\/v2\/product\/114079","targetHints":{"allow":["GET"]}}],"collection":[{"href":"https:\/\/eurotech-iasi.ro\/magazinonline\/wp-json\/wp\/v2\/product"}],"about":[{"href":"https:\/\/eurotech-iasi.ro\/magazinonline\/wp-json\/wp\/v2\/types\/product"}],"replies":[{"embeddable":true,"href":"https:\/\/eurotech-iasi.ro\/magazinonline\/wp-json\/wp\/v2\/comments?post=114079"}],"wp:featuredmedia":[{"embeddable":true,"href":"https:\/\/eurotech-iasi.ro\/magazinonline\/wp-json\/wp\/v2\/media\/114080"}],"wp:attachment":[{"href":"https:\/\/eurotech-iasi.ro\/magazinonline\/wp-json\/wp\/v2\/media?parent=114079"}],"wp:term":[{"taxonomy":"product_cat","embeddable":true,"href":"https:\/\/eurotech-iasi.ro\/magazinonline\/wp-json\/wp\/v2\/product_cat?post=114079"},{"taxonomy":"product_tag","embeddable":true,"href":"https:\/\/eurotech-iasi.ro\/magazinonline\/wp-json\/wp\/v2\/product_tag?post=114079"},{"taxonomy":"woo-feed-brand","embeddable":true,"href":"https:\/\/eurotech-iasi.ro\/magazinonline\/wp-json\/wp\/v2\/woo-feed-brand?post=114079"}],"curies":[{"name":"wp","href":"https:\/\/api.w.org\/{rel}","templated":true}]}}