{"id":11450,"date":"2018-06-12T10:46:17","date_gmt":"2018-06-12T07:46:17","guid":{"rendered":"https:\/\/eurotech-iasi.ro\/?post_type=product&#038;p=11450"},"modified":"2026-01-05T14:11:39","modified_gmt":"2026-01-05T12:11:39","slug":"masina-de-gaurit-insurubat-cu-acumulator-bosch-gsr-180-li-professional-54-nm-1700-rot-min","status":"publish","type":"product","link":"https:\/\/eurotech-iasi.ro\/magazinonline\/produs\/masina-de-gaurit-insurubat-cu-acumulator-bosch-gsr-180-li-professional-54-nm-1700-rot-min\/","title":{"rendered":"Masina de gaurit\/insurubat cu acumulatori BOSCH GSR 180-LI"},"content":{"rendered":"<p><a title=\"Masina de gaurit\/insurubat cu acumulatori BOSCH GSR 180-LI\" href=\"https:\/\/eurotech-iasi.ro\/magazinonline\/produs\/masina-de-gaurit-insurubat-cu-acumulator-bosch-gsr-180-li-professional-54-nm-1700-rot-min\/\" rel=\"nofollow\"><strong>Masina de gaurit\/insurubat cu acumulatori BOSCH GSR 180-LI <\/strong><\/a>este o masina usoara cu manevrabilitate mare. Are angrenaj in 2 trepte. Are <strong>mandrina cu deschidere de 13 mm<\/strong>. Sistemul Bosch Electronic Cell Protection (ECP) protejeaza acumulatorul impotriva suprasolicitarii. Acumulatorii sunt protejati impotriva incarcarii chiar daca acestia nu s-au consumat in totalitate. Turatie la mersul \u00een gol treapta 1-a\/a 2-a: 0 \u2013 500 \/ 0 \u2013 1.900 rot\/min<\/p>\n<h2><strong>Specificatii tehnice &#8211; Masina de gaurit\/insurubat cu acumulatori BOSCH GSR 180-LI:<\/strong><\/h2>\n<p><strong>Tensiune acumulator &#8211;\u00a0<\/strong>18.0 V<br \/>\n<strong>Capacitate acumulator &#8211;<\/strong>\u00a02.0 Ah<br \/>\n<strong>Tip acumulator &#8211;\u00a0<\/strong>Li &#8211; Ion<br \/>\n<strong>Turatie &#8211;\u00a0<\/strong>Reglabila<br \/>\n<strong>Trepte de viteza &#8211;\u00a0<\/strong>2<br \/>\n<strong>Diametru maxim suruburi &#8211;<\/strong>10 mm<br \/>\n<strong>Diametru max. gaurire otel &#8211;<\/strong>\u00a010 mm<br \/>\n<strong>Diametru max. gaurire lemn &#8211;<\/strong>\u00a035 mm<br \/>\n<strong>Moment max. Strangere &#8211;<\/strong>\u00a054 Nm<br \/>\n<strong>Greutate \u2013\u00a0<\/strong>1.6 kg<\/p>\n<p><strong>Set de livrare<\/strong>:<\/p>\n<ul>\n<li>\u00a02 acumulatori, Li-Ion, 2 Ah, 18 V<\/li>\n<li>Incarcator\u00a0 GAL 18V-20 Professional<\/li>\n<li>Valiza pentru depozitare si transport<\/li>\n<\/ul>\n<p><iframe loading=\"lazy\" title=\"YouTube video player\" src=\"https:\/\/www.youtube.com\/embed\/UYmIRQvQ4QY\" width=\"560\" height=\"315\" frameborder=\"0\" allowfullscreen=\"allowfullscreen\"><\/iframe><\/p>\n<p>&nbsp;<\/p>\n<p>&nbsp;<\/p>\n","protected":false},"excerpt":{"rendered":"<p><strong>Masina de gaurit\/insurubat cu acumulatori BOSCH GSR 180-LI<\/strong> este ideala pentru <strong>activitatiile<\/strong> <strong>casnice<\/strong> dar si pentru cele cu <strong>intensitate ridicata, putere mai mare, mai robusta.<\/strong><\/p>\n<p><em><strong>Cod produs: 06019F8109<\/strong><\/em><\/p>\n","protected":false},"featured_media":78132,"comment_status":"open","ping_status":"closed","template":"","meta":{"_acf_changed":false},"product_cat":[4346,4335],"product_tag":[3516,3515,3492,3514,3517,2618,12312,3513],"woo-feed-brand":[],"class_list":{"0":"post-11450","1":"product","2":"type-product","3":"status-publish","4":"has-post-thumbnail","6":"product_brand-bosch","7":"product_cat-masini-de-gaurit-si-insurubat-cu-acumulator","8":"product_cat-scule-electrice-cu-acumulatori","9":"product_tag-1700-rot-min","10":"product_tag-54-nm","11":"product_tag-bosch","12":"product_tag-bosch-gsr-180-li-professional","13":"product_tag-gsr-180-li","14":"product_tag-masina-de-gaurit","15":"product_tag-masina-de-gaurit-insurubat-cu-acumulatori-bosch-gsr-180-li","16":"product_tag-masina-de-insurubat-cu-acumulator","17":"pa_brand-bosch","18":"pa_greutate-13-kg","19":"pa_nivel-vibratii-25-m-s2","20":"pa_nivel-zgomot-70-db","21":"pa_tensiune-acumulatori-18-v","23":"first","24":"instock","25":"purchasable","26":"product-type-simple"},"acf":[],"yoast_head":"<!-- This site is optimized with the Yoast SEO plugin v27.3 - https:\/\/yoast.com\/product\/yoast-seo-wordpress\/ -->\n<title>Masina de gaurit\/insurubat cu acumulatori BOSCH GSR 180-LI - Eurotech Iasi<\/title>\n<meta name=\"description\" content=\"Ma\u0219in\u0103 de g\u0103urit cu acumulatori Bosch GSR 180-LI este ideal\u0103 pentru activit\u0103\u021bile casnice dar \u0219i pentru cele cu intensitate ridicat\u0103.\" \/>\n<meta name=\"robots\" content=\"index, follow, max-snippet:-1, max-image-preview:large, max-video-preview:-1\" \/>\n<link rel=\"canonical\" href=\"https:\/\/eurotech-iasi.ro\/magazinonline\/produs\/masina-de-gaurit-insurubat-cu-acumulator-bosch-gsr-180-li-professional-54-nm-1700-rot-min\/\" \/>\n<meta property=\"og:locale\" content=\"ro_RO\" \/>\n<meta property=\"og:type\" content=\"article\" \/>\n<meta property=\"og:title\" content=\"Masina de gaurit\/insurubat cu acumulatori BOSCH GSR 180-LI - Eurotech Iasi\" \/>\n<meta property=\"og:description\" content=\"Ma\u0219in\u0103 de g\u0103urit cu acumulatori Bosch GSR 180-LI este ideal\u0103 pentru activit\u0103\u021bile casnice dar \u0219i pentru cele cu intensitate ridicat\u0103.\" \/>\n<meta property=\"og:url\" content=\"https:\/\/eurotech-iasi.ro\/magazinonline\/produs\/masina-de-gaurit-insurubat-cu-acumulator-bosch-gsr-180-li-professional-54-nm-1700-rot-min\/\" \/>\n<meta property=\"og:site_name\" content=\"Eurotech Iasi\" \/>\n<meta property=\"article:publisher\" content=\"https:\/\/www.facebook.com\/EurotechIasi\/\" \/>\n<meta property=\"article:modified_time\" content=\"2026-01-05T12:11:39+00:00\" \/>\n<meta property=\"og:image\" content=\"https:\/\/eurotech-iasi.ro\/magazinonline\/wp-content\/uploads\/2018\/06\/Masina-de-gauritinsurubat-cu-acumulatori-BOSCH-GSR-180-LI-2.jpg\" \/>\n\t<meta property=\"og:image:width\" content=\"750\" \/>\n\t<meta property=\"og:image:height\" content=\"750\" \/>\n\t<meta property=\"og:image:type\" content=\"image\/jpeg\" \/>\n<meta name=\"twitter:label1\" content=\"Timp estimat pentru citire\" \/>\n\t<meta name=\"twitter:data1\" content=\"1 minut\" \/>\n<script type=\"application\/ld+json\" class=\"yoast-schema-graph\">{\"@context\":\"https:\\\/\\\/schema.org\",\"@graph\":[{\"@type\":\"WebPage\",\"@id\":\"https:\\\/\\\/eurotech-iasi.ro\\\/magazinonline\\\/produs\\\/masina-de-gaurit-insurubat-cu-acumulator-bosch-gsr-180-li-professional-54-nm-1700-rot-min\\\/\",\"url\":\"https:\\\/\\\/eurotech-iasi.ro\\\/magazinonline\\\/produs\\\/masina-de-gaurit-insurubat-cu-acumulator-bosch-gsr-180-li-professional-54-nm-1700-rot-min\\\/\",\"name\":\"Masina de gaurit\\\/insurubat cu acumulatori BOSCH GSR 180-LI - Eurotech Iasi\",\"isPartOf\":{\"@id\":\"https:\\\/\\\/eurotech-iasi.ro\\\/magazinonline\\\/#website\"},\"primaryImageOfPage\":{\"@id\":\"https:\\\/\\\/eurotech-iasi.ro\\\/magazinonline\\\/produs\\\/masina-de-gaurit-insurubat-cu-acumulator-bosch-gsr-180-li-professional-54-nm-1700-rot-min\\\/#primaryimage\"},\"image\":{\"@id\":\"https:\\\/\\\/eurotech-iasi.ro\\\/magazinonline\\\/produs\\\/masina-de-gaurit-insurubat-cu-acumulator-bosch-gsr-180-li-professional-54-nm-1700-rot-min\\\/#primaryimage\"},\"thumbnailUrl\":\"https:\\\/\\\/eurotech-iasi.ro\\\/magazinonline\\\/wp-content\\\/uploads\\\/2018\\\/06\\\/Masina-de-gauritinsurubat-cu-acumulatori-BOSCH-GSR-180-LI-2.jpg\",\"datePublished\":\"2018-06-12T07:46:17+00:00\",\"dateModified\":\"2026-01-05T12:11:39+00:00\",\"description\":\"Ma\u0219in\u0103 de g\u0103urit cu acumulatori Bosch GSR 180-LI este ideal\u0103 pentru activit\u0103\u021bile casnice dar \u0219i pentru cele cu intensitate ridicat\u0103.\",\"breadcrumb\":{\"@id\":\"https:\\\/\\\/eurotech-iasi.ro\\\/magazinonline\\\/produs\\\/masina-de-gaurit-insurubat-cu-acumulator-bosch-gsr-180-li-professional-54-nm-1700-rot-min\\\/#breadcrumb\"},\"inLanguage\":\"ro-RO\",\"potentialAction\":[{\"@type\":\"ReadAction\",\"target\":[\"https:\\\/\\\/eurotech-iasi.ro\\\/magazinonline\\\/produs\\\/masina-de-gaurit-insurubat-cu-acumulator-bosch-gsr-180-li-professional-54-nm-1700-rot-min\\\/\"]}]},{\"@type\":\"ImageObject\",\"inLanguage\":\"ro-RO\",\"@id\":\"https:\\\/\\\/eurotech-iasi.ro\\\/magazinonline\\\/produs\\\/masina-de-gaurit-insurubat-cu-acumulator-bosch-gsr-180-li-professional-54-nm-1700-rot-min\\\/#primaryimage\",\"url\":\"https:\\\/\\\/eurotech-iasi.ro\\\/magazinonline\\\/wp-content\\\/uploads\\\/2018\\\/06\\\/Masina-de-gauritinsurubat-cu-acumulatori-BOSCH-GSR-180-LI-2.jpg\",\"contentUrl\":\"https:\\\/\\\/eurotech-iasi.ro\\\/magazinonline\\\/wp-content\\\/uploads\\\/2018\\\/06\\\/Masina-de-gauritinsurubat-cu-acumulatori-BOSCH-GSR-180-LI-2.jpg\",\"width\":750,\"height\":750,\"caption\":\"Masina de gauritinsurubat cu acumulatori BOSCH GSR 180-LI\"},{\"@type\":\"BreadcrumbList\",\"@id\":\"https:\\\/\\\/eurotech-iasi.ro\\\/magazinonline\\\/produs\\\/masina-de-gaurit-insurubat-cu-acumulator-bosch-gsr-180-li-professional-54-nm-1700-rot-min\\\/#breadcrumb\",\"itemListElement\":[{\"@type\":\"ListItem\",\"position\":1,\"name\":\"Prima pagin\u0103\",\"item\":\"https:\\\/\\\/eurotech-iasi.ro\\\/magazinonline\\\/\"},{\"@type\":\"ListItem\",\"position\":2,\"name\":\"Shop\",\"item\":\"https:\\\/\\\/eurotech-iasi.ro\\\/magazinonline\\\/shop\\\/\"},{\"@type\":\"ListItem\",\"position\":3,\"name\":\"Masina de gaurit\\\/insurubat cu acumulatori BOSCH GSR 180-LI\"}]},{\"@type\":\"WebSite\",\"@id\":\"https:\\\/\\\/eurotech-iasi.ro\\\/magazinonline\\\/#website\",\"url\":\"https:\\\/\\\/eurotech-iasi.ro\\\/magazinonline\\\/\",\"name\":\"Eurotech Iasi\",\"description\":\"Cu oameni seriosi\",\"publisher\":{\"@id\":\"https:\\\/\\\/eurotech-iasi.ro\\\/magazinonline\\\/#organization\"},\"potentialAction\":[{\"@type\":\"SearchAction\",\"target\":{\"@type\":\"EntryPoint\",\"urlTemplate\":\"https:\\\/\\\/eurotech-iasi.ro\\\/magazinonline\\\/?s={search_term_string}\"},\"query-input\":{\"@type\":\"PropertyValueSpecification\",\"valueRequired\":true,\"valueName\":\"search_term_string\"}}],\"inLanguage\":\"ro-RO\"},{\"@type\":\"Organization\",\"@id\":\"https:\\\/\\\/eurotech-iasi.ro\\\/magazinonline\\\/#organization\",\"name\":\"Eurotech Iasi\",\"url\":\"https:\\\/\\\/eurotech-iasi.ro\\\/magazinonline\\\/\",\"logo\":{\"@type\":\"ImageObject\",\"inLanguage\":\"ro-RO\",\"@id\":\"https:\\\/\\\/eurotech-iasi.ro\\\/magazinonline\\\/#\\\/schema\\\/logo\\\/image\\\/\",\"url\":\"https:\\\/\\\/eurotech-iasi.ro\\\/magazinonline\\\/wp-content\\\/uploads\\\/2020\\\/08\\\/logo-eurotech.png\",\"contentUrl\":\"https:\\\/\\\/eurotech-iasi.ro\\\/magazinonline\\\/wp-content\\\/uploads\\\/2020\\\/08\\\/logo-eurotech.png\",\"width\":290,\"height\":70,\"caption\":\"Eurotech Iasi\"},\"image\":{\"@id\":\"https:\\\/\\\/eurotech-iasi.ro\\\/magazinonline\\\/#\\\/schema\\\/logo\\\/image\\\/\"},\"sameAs\":[\"https:\\\/\\\/www.facebook.com\\\/EurotechIasi\\\/\"]}]}<\/script>\n<!-- \/ Yoast SEO plugin. -->","yoast_head_json":{"title":"Masina de gaurit\/insurubat cu acumulatori BOSCH GSR 180-LI - Eurotech Iasi","description":"Ma\u0219in\u0103 de g\u0103urit cu acumulatori Bosch GSR 180-LI este ideal\u0103 pentru activit\u0103\u021bile casnice dar \u0219i pentru cele cu intensitate ridicat\u0103.","robots":{"index":"index","follow":"follow","max-snippet":"max-snippet:-1","max-image-preview":"max-image-preview:large","max-video-preview":"max-video-preview:-1"},"canonical":"https:\/\/eurotech-iasi.ro\/magazinonline\/produs\/masina-de-gaurit-insurubat-cu-acumulator-bosch-gsr-180-li-professional-54-nm-1700-rot-min\/","og_locale":"ro_RO","og_type":"article","og_title":"Masina de gaurit\/insurubat cu acumulatori BOSCH GSR 180-LI - Eurotech Iasi","og_description":"Ma\u0219in\u0103 de g\u0103urit cu acumulatori Bosch GSR 180-LI este ideal\u0103 pentru activit\u0103\u021bile casnice dar \u0219i pentru cele cu intensitate ridicat\u0103.","og_url":"https:\/\/eurotech-iasi.ro\/magazinonline\/produs\/masina-de-gaurit-insurubat-cu-acumulator-bosch-gsr-180-li-professional-54-nm-1700-rot-min\/","og_site_name":"Eurotech Iasi","article_publisher":"https:\/\/www.facebook.com\/EurotechIasi\/","article_modified_time":"2026-01-05T12:11:39+00:00","og_image":[{"width":750,"height":750,"url":"https:\/\/eurotech-iasi.ro\/magazinonline\/wp-content\/uploads\/2018\/06\/Masina-de-gauritinsurubat-cu-acumulatori-BOSCH-GSR-180-LI-2.jpg","type":"image\/jpeg"}],"twitter_misc":{"Timp estimat pentru citire":"1 minut"},"schema":{"@context":"https:\/\/schema.org","@graph":[{"@type":"WebPage","@id":"https:\/\/eurotech-iasi.ro\/magazinonline\/produs\/masina-de-gaurit-insurubat-cu-acumulator-bosch-gsr-180-li-professional-54-nm-1700-rot-min\/","url":"https:\/\/eurotech-iasi.ro\/magazinonline\/produs\/masina-de-gaurit-insurubat-cu-acumulator-bosch-gsr-180-li-professional-54-nm-1700-rot-min\/","name":"Masina de gaurit\/insurubat cu acumulatori BOSCH GSR 180-LI - Eurotech Iasi","isPartOf":{"@id":"https:\/\/eurotech-iasi.ro\/magazinonline\/#website"},"primaryImageOfPage":{"@id":"https:\/\/eurotech-iasi.ro\/magazinonline\/produs\/masina-de-gaurit-insurubat-cu-acumulator-bosch-gsr-180-li-professional-54-nm-1700-rot-min\/#primaryimage"},"image":{"@id":"https:\/\/eurotech-iasi.ro\/magazinonline\/produs\/masina-de-gaurit-insurubat-cu-acumulator-bosch-gsr-180-li-professional-54-nm-1700-rot-min\/#primaryimage"},"thumbnailUrl":"https:\/\/eurotech-iasi.ro\/magazinonline\/wp-content\/uploads\/2018\/06\/Masina-de-gauritinsurubat-cu-acumulatori-BOSCH-GSR-180-LI-2.jpg","datePublished":"2018-06-12T07:46:17+00:00","dateModified":"2026-01-05T12:11:39+00:00","description":"Ma\u0219in\u0103 de g\u0103urit cu acumulatori Bosch GSR 180-LI este ideal\u0103 pentru activit\u0103\u021bile casnice dar \u0219i pentru cele cu intensitate ridicat\u0103.","breadcrumb":{"@id":"https:\/\/eurotech-iasi.ro\/magazinonline\/produs\/masina-de-gaurit-insurubat-cu-acumulator-bosch-gsr-180-li-professional-54-nm-1700-rot-min\/#breadcrumb"},"inLanguage":"ro-RO","potentialAction":[{"@type":"ReadAction","target":["https:\/\/eurotech-iasi.ro\/magazinonline\/produs\/masina-de-gaurit-insurubat-cu-acumulator-bosch-gsr-180-li-professional-54-nm-1700-rot-min\/"]}]},{"@type":"ImageObject","inLanguage":"ro-RO","@id":"https:\/\/eurotech-iasi.ro\/magazinonline\/produs\/masina-de-gaurit-insurubat-cu-acumulator-bosch-gsr-180-li-professional-54-nm-1700-rot-min\/#primaryimage","url":"https:\/\/eurotech-iasi.ro\/magazinonline\/wp-content\/uploads\/2018\/06\/Masina-de-gauritinsurubat-cu-acumulatori-BOSCH-GSR-180-LI-2.jpg","contentUrl":"https:\/\/eurotech-iasi.ro\/magazinonline\/wp-content\/uploads\/2018\/06\/Masina-de-gauritinsurubat-cu-acumulatori-BOSCH-GSR-180-LI-2.jpg","width":750,"height":750,"caption":"Masina de gauritinsurubat cu acumulatori BOSCH GSR 180-LI"},{"@type":"BreadcrumbList","@id":"https:\/\/eurotech-iasi.ro\/magazinonline\/produs\/masina-de-gaurit-insurubat-cu-acumulator-bosch-gsr-180-li-professional-54-nm-1700-rot-min\/#breadcrumb","itemListElement":[{"@type":"ListItem","position":1,"name":"Prima pagin\u0103","item":"https:\/\/eurotech-iasi.ro\/magazinonline\/"},{"@type":"ListItem","position":2,"name":"Shop","item":"https:\/\/eurotech-iasi.ro\/magazinonline\/shop\/"},{"@type":"ListItem","position":3,"name":"Masina de gaurit\/insurubat cu acumulatori BOSCH GSR 180-LI"}]},{"@type":"WebSite","@id":"https:\/\/eurotech-iasi.ro\/magazinonline\/#website","url":"https:\/\/eurotech-iasi.ro\/magazinonline\/","name":"Eurotech Iasi","description":"Cu oameni seriosi","publisher":{"@id":"https:\/\/eurotech-iasi.ro\/magazinonline\/#organization"},"potentialAction":[{"@type":"SearchAction","target":{"@type":"EntryPoint","urlTemplate":"https:\/\/eurotech-iasi.ro\/magazinonline\/?s={search_term_string}"},"query-input":{"@type":"PropertyValueSpecification","valueRequired":true,"valueName":"search_term_string"}}],"inLanguage":"ro-RO"},{"@type":"Organization","@id":"https:\/\/eurotech-iasi.ro\/magazinonline\/#organization","name":"Eurotech Iasi","url":"https:\/\/eurotech-iasi.ro\/magazinonline\/","logo":{"@type":"ImageObject","inLanguage":"ro-RO","@id":"https:\/\/eurotech-iasi.ro\/magazinonline\/#\/schema\/logo\/image\/","url":"https:\/\/eurotech-iasi.ro\/magazinonline\/wp-content\/uploads\/2020\/08\/logo-eurotech.png","contentUrl":"https:\/\/eurotech-iasi.ro\/magazinonline\/wp-content\/uploads\/2020\/08\/logo-eurotech.png","width":290,"height":70,"caption":"Eurotech Iasi"},"image":{"@id":"https:\/\/eurotech-iasi.ro\/magazinonline\/#\/schema\/logo\/image\/"},"sameAs":["https:\/\/www.facebook.com\/EurotechIasi\/"]}]}},"_links":{"self":[{"href":"https:\/\/eurotech-iasi.ro\/magazinonline\/wp-json\/wp\/v2\/product\/11450","targetHints":{"allow":["GET"]}}],"collection":[{"href":"https:\/\/eurotech-iasi.ro\/magazinonline\/wp-json\/wp\/v2\/product"}],"about":[{"href":"https:\/\/eurotech-iasi.ro\/magazinonline\/wp-json\/wp\/v2\/types\/product"}],"replies":[{"embeddable":true,"href":"https:\/\/eurotech-iasi.ro\/magazinonline\/wp-json\/wp\/v2\/comments?post=11450"}],"wp:featuredmedia":[{"embeddable":true,"href":"https:\/\/eurotech-iasi.ro\/magazinonline\/wp-json\/wp\/v2\/media\/78132"}],"wp:attachment":[{"href":"https:\/\/eurotech-iasi.ro\/magazinonline\/wp-json\/wp\/v2\/media?parent=11450"}],"wp:term":[{"taxonomy":"product_cat","embeddable":true,"href":"https:\/\/eurotech-iasi.ro\/magazinonline\/wp-json\/wp\/v2\/product_cat?post=11450"},{"taxonomy":"product_tag","embeddable":true,"href":"https:\/\/eurotech-iasi.ro\/magazinonline\/wp-json\/wp\/v2\/product_tag?post=11450"},{"taxonomy":"woo-feed-brand","embeddable":true,"href":"https:\/\/eurotech-iasi.ro\/magazinonline\/wp-json\/wp\/v2\/woo-feed-brand?post=11450"}],"curies":[{"name":"wp","href":"https:\/\/api.w.org\/{rel}","templated":true}]}}