{"id":115081,"date":"2026-03-26T12:55:53","date_gmt":"2026-03-26T10:55:53","guid":{"rendered":"https:\/\/eurotech-iasi.ro\/magazinonline\/?post_type=product&#038;p=115081"},"modified":"2026-04-08T10:09:11","modified_gmt":"2026-04-08T07:09:11","slug":"masina-de-presat-tevi-romax-nano-bacuri-th-16-20-26-mm","status":"publish","type":"product","link":"https:\/\/eurotech-iasi.ro\/magazinonline\/produs\/masina-de-presat-tevi-romax-nano-bacuri-th-16-20-26-mm\/","title":{"rendered":"Masina de presat tevi Romax Nano bacuri TH 16, 20, 26 mm"},"content":{"rendered":"<p>Mini presa ROMAX Nano, noile bacuri de presare TH 16-20-26 mm iJAW, pentru tevi pexal multistrat,\u00a0 include bacuri de presare cu contur TH in dimensiuni de 16-20-26 mm, fiind ideal pentru presarea conforma cu sistemul a fitingurilor pentru sisteme de tevi din plastic. ROMAX NANO CAS este prima masina de presare hibrida care combina doua categorii de forta de presare (NANO iJAW sau bacuri de presare standard cu 32 kN) intr-o singura masina. Prin utilizarea unui sistem de actionare electromecanic, ROMAX NANO a fost optimizat in ceea ce priveste dimensiunea (cea mai mica masina de 32 kN) si greutatea (aproximativ 2,3 kg) pentru a asigura accesibilitatea in toate conditiile de instalare. ROMAX NANO este, de asemenea, echipata cu un concept sofisticat de conectivitate inteligenta, care consta in tehnologie RFID, afisaj LED si aplicatie, ceea ce sporeste atat usurinta de utilizare a masinii, cat si eficienta muncii utilizatorului direct pe santier. Aceasta masina de presare inteligenta permite o munca precisa in intervalul de lucru de 0-108 mm. Datorita tehnologiei eDirectDrive si suportului pentru bacuri 2-in-1, care este potrivit atat pentru NANO iJAW, cat si pentru bacurile de presare standard, pot fi utilizate iJAWS si bacurile de presare standard.<\/p>\n<p><strong>Set de livrare:<\/strong> Mini presa ROMAX Nano, noile bacuri de presare TH 16-20-26 mm iJAW, pentru tevi pexal multistrat, 1 x acumulator Li-HD 18V\/2,0 Ah CAS AMP Share, 1 x \u00eenc\u0103rc\u0103tor, valiza ROCASE rosu.<\/p>\n<ul>\n<li>For\u021b\u0103 Hibrid\u0103 de Presare: Dou\u0103 trepte de for\u021b\u0103 (iJAW \u0219i 32 kN) integrate \u00eentr-o singur\u0103 ma\u0219in\u0103, cu ajustare inteligent\u0103 a for\u021bei pentru eficien\u021b\u0103 maxim\u0103, pentru presari p\u00e2n\u0103 la \u00d8 110 mm.<\/li>\n<li>ROMAX NANO este cea mai mic\u0103 pres\u0103 din clasa ei (doar 2,3 kg), ideal\u0103 pentru lucr\u0103ri deasupra capului \u0219i \u00een spa\u021bii \u00eenguste.<\/li>\n<li>Monitorizeaz\u0103 for\u021ba \u0219i ciclurile de presare prin aplica\u021bie conectare prin bluetooth, genereaz\u0103 rapoarte automate \u0219i ajut\u0103 la mentenan\u021b\u0103 predictiv\u0103.<\/li>\n<li>Ilumineaz\u0103 zona de lucru \u0219i indic\u0103 starea ma\u0219inii \u2013 pentru operare sigur\u0103 \u0219i feedback vizual imediat dup\u0103 presare.<\/li>\n<li>Unghi de rotire a falcilor 270 grade.<\/li>\n<li>Sistem electro-mecanic de ac\u021bionare care optimizeaz\u0103 for\u021ba de presare \u0219i reduce consumul de energie \u2013 mai multe pres\u0103ri per \u00eenc\u0103rcare.<\/li>\n<\/ul>\n<h4>Specificatii:<\/h4>\n<p>Forta de apasare (kN): 32<br \/>\nPreseaza fitinguri metalice \/ multistrat, \u00d8 max (mm): max. 110<br \/>\nRotirea capului de presare (grade): 360<\/p>\n<p><strong>Date tehnice<\/strong><br \/>\nTensiune (min-max) 18 V<br \/>\nDiametrul zonei de lucru mm (min-max) 0 &#8211; 110 mm<br \/>\nTemperatura zonei de lucru (min-max) -10 \u2013 60 \u00b0C<br \/>\nNum\u0103r baterie 1 Bucat\u0103<br \/>\nSistem baterie Li-Ion \/ Li-Po baterie (re\u00eenc\u0103rcabil\u0103)<br \/>\nSistem f\u0103lci de presare iJAW<br \/>\nSistem baterie CAS<br \/>\nTip baterie Li-Ion<br \/>\nFor\u021b\u0103 piston 32 &#8211; 34 kN<br \/>\nTimp ciclu de presare cu unitate de m\u0103sur\u0103<br \/>\nCapacitate baterie cu unitate de m\u0103sur\u0103 2 Ah<\/p>\n<p>Informa\u021bii generale<br \/>\nNum\u0103r articol 1000005048<br \/>\nEAN\/GTIN 4004625574652<br \/>\nGreutate net\u0103 cu unitate de m\u0103sur\u0103 9,457 kg<br \/>\nGreutate brut\u0103 cu unitate de m\u0103sur\u0103 9,957 kg<br \/>\nGreutate de transport cu unitate de m\u0103sur\u0103 9,957 kg<br \/>\nSKU 1000005048<\/p>\n","protected":false},"excerpt":{"rendered":"<p>Mini presa ROMAX Nano, noile bacuri de presare TH 16-20-26 mm iJAW este ideala pentru presarea conforma cu sistemul a fitingurilor pentru sisteme de tevi din plastic.<\/p>\n<p><strong><em>Cod produs: 1000005048<\/em><\/strong><\/p>\n","protected":false},"featured_media":115082,"comment_status":"open","ping_status":"closed","template":"","meta":{"_acf_changed":false},"product_cat":[4997],"product_tag":[],"woo-feed-brand":[],"class_list":{"0":"post-115081","1":"product","2":"type-product","3":"status-publish","4":"has-post-thumbnail","6":"product_brand-rothenberger","7":"product_cat-instalatii","8":"pa_brand-rothenberger","9":"pa_tensiune-18-v","11":"first","12":"instock","13":"shipping-taxable","14":"purchasable","15":"product-type-simple"},"acf":[],"yoast_head":"<!-- This site is optimized with the Yoast SEO plugin v27.5 - https:\/\/yoast.com\/product\/yoast-seo-wordpress\/ -->\n<title>Masina de presat tevi Romax Nano bacuri TH 16, 20, 26 mm - Eurotech Iasi<\/title>\n<meta name=\"description\" content=\"Mini presa ROMAX Nano, noile bacuri de presare TH 16-20-26 mm iJAW este ideala pentru presarea conforma cu sistemul a fitingurilor pentru sisteme de tevi din plastic.\" \/>\n<meta name=\"robots\" content=\"index, follow, max-snippet:-1, max-image-preview:large, max-video-preview:-1\" \/>\n<link rel=\"canonical\" href=\"https:\/\/eurotech-iasi.ro\/magazinonline\/produs\/masina-de-presat-tevi-romax-nano-bacuri-th-16-20-26-mm\/\" \/>\n<meta property=\"og:locale\" content=\"ro_RO\" \/>\n<meta property=\"og:type\" content=\"article\" \/>\n<meta property=\"og:title\" content=\"Masina de presat tevi Romax Nano bacuri TH 16, 20, 26 mm - Eurotech Iasi\" \/>\n<meta property=\"og:description\" content=\"Mini presa ROMAX Nano, noile bacuri de presare TH 16-20-26 mm iJAW este ideala pentru presarea conforma cu sistemul a fitingurilor pentru sisteme de tevi din plastic.\" \/>\n<meta property=\"og:url\" content=\"https:\/\/eurotech-iasi.ro\/magazinonline\/produs\/masina-de-presat-tevi-romax-nano-bacuri-th-16-20-26-mm\/\" \/>\n<meta property=\"og:site_name\" content=\"Eurotech Iasi\" \/>\n<meta property=\"article:publisher\" content=\"https:\/\/www.facebook.com\/EurotechIasi\/\" \/>\n<meta property=\"article:modified_time\" content=\"2026-04-08T07:09:11+00:00\" \/>\n<meta property=\"og:image\" content=\"https:\/\/eurotech-iasi.ro\/magazinonline\/wp-content\/uploads\/2026\/03\/Masina-de-presat-tevi-Romax-Nano-bacuri-TH-16-20-26-mm-1.png\" \/>\n\t<meta property=\"og:image:width\" content=\"750\" \/>\n\t<meta property=\"og:image:height\" content=\"750\" \/>\n\t<meta property=\"og:image:type\" content=\"image\/png\" \/>\n<meta name=\"twitter:label1\" content=\"Timp estimat pentru citire\" \/>\n\t<meta name=\"twitter:data1\" content=\"3 minute\" \/>\n<script type=\"application\/ld+json\" class=\"yoast-schema-graph\">{\"@context\":\"https:\\\/\\\/schema.org\",\"@graph\":[{\"@type\":\"WebPage\",\"@id\":\"https:\\\/\\\/eurotech-iasi.ro\\\/magazinonline\\\/produs\\\/masina-de-presat-tevi-romax-nano-bacuri-th-16-20-26-mm\\\/\",\"url\":\"https:\\\/\\\/eurotech-iasi.ro\\\/magazinonline\\\/produs\\\/masina-de-presat-tevi-romax-nano-bacuri-th-16-20-26-mm\\\/\",\"name\":\"Masina de presat tevi Romax Nano bacuri TH 16, 20, 26 mm - Eurotech Iasi\",\"isPartOf\":{\"@id\":\"https:\\\/\\\/eurotech-iasi.ro\\\/magazinonline\\\/#website\"},\"primaryImageOfPage\":{\"@id\":\"https:\\\/\\\/eurotech-iasi.ro\\\/magazinonline\\\/produs\\\/masina-de-presat-tevi-romax-nano-bacuri-th-16-20-26-mm\\\/#primaryimage\"},\"image\":{\"@id\":\"https:\\\/\\\/eurotech-iasi.ro\\\/magazinonline\\\/produs\\\/masina-de-presat-tevi-romax-nano-bacuri-th-16-20-26-mm\\\/#primaryimage\"},\"thumbnailUrl\":\"https:\\\/\\\/eurotech-iasi.ro\\\/magazinonline\\\/wp-content\\\/uploads\\\/2026\\\/03\\\/Masina-de-presat-tevi-Romax-Nano-bacuri-TH-16-20-26-mm-1.png\",\"datePublished\":\"2026-03-26T10:55:53+00:00\",\"dateModified\":\"2026-04-08T07:09:11+00:00\",\"description\":\"Mini presa ROMAX Nano, noile bacuri de presare TH 16-20-26 mm iJAW este ideala pentru presarea conforma cu sistemul a fitingurilor pentru sisteme de tevi din plastic.\",\"breadcrumb\":{\"@id\":\"https:\\\/\\\/eurotech-iasi.ro\\\/magazinonline\\\/produs\\\/masina-de-presat-tevi-romax-nano-bacuri-th-16-20-26-mm\\\/#breadcrumb\"},\"inLanguage\":\"ro-RO\",\"potentialAction\":[{\"@type\":\"ReadAction\",\"target\":[\"https:\\\/\\\/eurotech-iasi.ro\\\/magazinonline\\\/produs\\\/masina-de-presat-tevi-romax-nano-bacuri-th-16-20-26-mm\\\/\"]}]},{\"@type\":\"ImageObject\",\"inLanguage\":\"ro-RO\",\"@id\":\"https:\\\/\\\/eurotech-iasi.ro\\\/magazinonline\\\/produs\\\/masina-de-presat-tevi-romax-nano-bacuri-th-16-20-26-mm\\\/#primaryimage\",\"url\":\"https:\\\/\\\/eurotech-iasi.ro\\\/magazinonline\\\/wp-content\\\/uploads\\\/2026\\\/03\\\/Masina-de-presat-tevi-Romax-Nano-bacuri-TH-16-20-26-mm-1.png\",\"contentUrl\":\"https:\\\/\\\/eurotech-iasi.ro\\\/magazinonline\\\/wp-content\\\/uploads\\\/2026\\\/03\\\/Masina-de-presat-tevi-Romax-Nano-bacuri-TH-16-20-26-mm-1.png\",\"width\":750,\"height\":750,\"caption\":\"Masina de presat tevi Romax Nano bacuri TH 16, 20, 26 mm\"},{\"@type\":\"BreadcrumbList\",\"@id\":\"https:\\\/\\\/eurotech-iasi.ro\\\/magazinonline\\\/produs\\\/masina-de-presat-tevi-romax-nano-bacuri-th-16-20-26-mm\\\/#breadcrumb\",\"itemListElement\":[{\"@type\":\"ListItem\",\"position\":1,\"name\":\"Prima pagin\u0103\",\"item\":\"https:\\\/\\\/eurotech-iasi.ro\\\/magazinonline\\\/\"},{\"@type\":\"ListItem\",\"position\":2,\"name\":\"Shop\",\"item\":\"https:\\\/\\\/eurotech-iasi.ro\\\/magazinonline\\\/shop\\\/\"},{\"@type\":\"ListItem\",\"position\":3,\"name\":\"Masina de presat tevi Romax Nano bacuri TH 16, 20, 26 mm\"}]},{\"@type\":\"WebSite\",\"@id\":\"https:\\\/\\\/eurotech-iasi.ro\\\/magazinonline\\\/#website\",\"url\":\"https:\\\/\\\/eurotech-iasi.ro\\\/magazinonline\\\/\",\"name\":\"Eurotech Iasi\",\"description\":\"Cu oameni seriosi\",\"publisher\":{\"@id\":\"https:\\\/\\\/eurotech-iasi.ro\\\/magazinonline\\\/#organization\"},\"potentialAction\":[{\"@type\":\"SearchAction\",\"target\":{\"@type\":\"EntryPoint\",\"urlTemplate\":\"https:\\\/\\\/eurotech-iasi.ro\\\/magazinonline\\\/?s={search_term_string}\"},\"query-input\":{\"@type\":\"PropertyValueSpecification\",\"valueRequired\":true,\"valueName\":\"search_term_string\"}}],\"inLanguage\":\"ro-RO\"},{\"@type\":\"Organization\",\"@id\":\"https:\\\/\\\/eurotech-iasi.ro\\\/magazinonline\\\/#organization\",\"name\":\"Eurotech Iasi\",\"url\":\"https:\\\/\\\/eurotech-iasi.ro\\\/magazinonline\\\/\",\"logo\":{\"@type\":\"ImageObject\",\"inLanguage\":\"ro-RO\",\"@id\":\"https:\\\/\\\/eurotech-iasi.ro\\\/magazinonline\\\/#\\\/schema\\\/logo\\\/image\\\/\",\"url\":\"https:\\\/\\\/eurotech-iasi.ro\\\/magazinonline\\\/wp-content\\\/uploads\\\/2020\\\/08\\\/logo-eurotech.png\",\"contentUrl\":\"https:\\\/\\\/eurotech-iasi.ro\\\/magazinonline\\\/wp-content\\\/uploads\\\/2020\\\/08\\\/logo-eurotech.png\",\"width\":290,\"height\":70,\"caption\":\"Eurotech Iasi\"},\"image\":{\"@id\":\"https:\\\/\\\/eurotech-iasi.ro\\\/magazinonline\\\/#\\\/schema\\\/logo\\\/image\\\/\"},\"sameAs\":[\"https:\\\/\\\/www.facebook.com\\\/EurotechIasi\\\/\"]}]}<\/script>\n<!-- \/ Yoast SEO plugin. -->","yoast_head_json":{"title":"Masina de presat tevi Romax Nano bacuri TH 16, 20, 26 mm - Eurotech Iasi","description":"Mini presa ROMAX Nano, noile bacuri de presare TH 16-20-26 mm iJAW este ideala pentru presarea conforma cu sistemul a fitingurilor pentru sisteme de tevi din plastic.","robots":{"index":"index","follow":"follow","max-snippet":"max-snippet:-1","max-image-preview":"max-image-preview:large","max-video-preview":"max-video-preview:-1"},"canonical":"https:\/\/eurotech-iasi.ro\/magazinonline\/produs\/masina-de-presat-tevi-romax-nano-bacuri-th-16-20-26-mm\/","og_locale":"ro_RO","og_type":"article","og_title":"Masina de presat tevi Romax Nano bacuri TH 16, 20, 26 mm - Eurotech Iasi","og_description":"Mini presa ROMAX Nano, noile bacuri de presare TH 16-20-26 mm iJAW este ideala pentru presarea conforma cu sistemul a fitingurilor pentru sisteme de tevi din plastic.","og_url":"https:\/\/eurotech-iasi.ro\/magazinonline\/produs\/masina-de-presat-tevi-romax-nano-bacuri-th-16-20-26-mm\/","og_site_name":"Eurotech Iasi","article_publisher":"https:\/\/www.facebook.com\/EurotechIasi\/","article_modified_time":"2026-04-08T07:09:11+00:00","og_image":[{"width":750,"height":750,"url":"https:\/\/eurotech-iasi.ro\/magazinonline\/wp-content\/uploads\/2026\/03\/Masina-de-presat-tevi-Romax-Nano-bacuri-TH-16-20-26-mm-1.png","type":"image\/png"}],"twitter_misc":{"Timp estimat pentru citire":"3 minute"},"schema":{"@context":"https:\/\/schema.org","@graph":[{"@type":"WebPage","@id":"https:\/\/eurotech-iasi.ro\/magazinonline\/produs\/masina-de-presat-tevi-romax-nano-bacuri-th-16-20-26-mm\/","url":"https:\/\/eurotech-iasi.ro\/magazinonline\/produs\/masina-de-presat-tevi-romax-nano-bacuri-th-16-20-26-mm\/","name":"Masina de presat tevi Romax Nano bacuri TH 16, 20, 26 mm - Eurotech Iasi","isPartOf":{"@id":"https:\/\/eurotech-iasi.ro\/magazinonline\/#website"},"primaryImageOfPage":{"@id":"https:\/\/eurotech-iasi.ro\/magazinonline\/produs\/masina-de-presat-tevi-romax-nano-bacuri-th-16-20-26-mm\/#primaryimage"},"image":{"@id":"https:\/\/eurotech-iasi.ro\/magazinonline\/produs\/masina-de-presat-tevi-romax-nano-bacuri-th-16-20-26-mm\/#primaryimage"},"thumbnailUrl":"https:\/\/eurotech-iasi.ro\/magazinonline\/wp-content\/uploads\/2026\/03\/Masina-de-presat-tevi-Romax-Nano-bacuri-TH-16-20-26-mm-1.png","datePublished":"2026-03-26T10:55:53+00:00","dateModified":"2026-04-08T07:09:11+00:00","description":"Mini presa ROMAX Nano, noile bacuri de presare TH 16-20-26 mm iJAW este ideala pentru presarea conforma cu sistemul a fitingurilor pentru sisteme de tevi din plastic.","breadcrumb":{"@id":"https:\/\/eurotech-iasi.ro\/magazinonline\/produs\/masina-de-presat-tevi-romax-nano-bacuri-th-16-20-26-mm\/#breadcrumb"},"inLanguage":"ro-RO","potentialAction":[{"@type":"ReadAction","target":["https:\/\/eurotech-iasi.ro\/magazinonline\/produs\/masina-de-presat-tevi-romax-nano-bacuri-th-16-20-26-mm\/"]}]},{"@type":"ImageObject","inLanguage":"ro-RO","@id":"https:\/\/eurotech-iasi.ro\/magazinonline\/produs\/masina-de-presat-tevi-romax-nano-bacuri-th-16-20-26-mm\/#primaryimage","url":"https:\/\/eurotech-iasi.ro\/magazinonline\/wp-content\/uploads\/2026\/03\/Masina-de-presat-tevi-Romax-Nano-bacuri-TH-16-20-26-mm-1.png","contentUrl":"https:\/\/eurotech-iasi.ro\/magazinonline\/wp-content\/uploads\/2026\/03\/Masina-de-presat-tevi-Romax-Nano-bacuri-TH-16-20-26-mm-1.png","width":750,"height":750,"caption":"Masina de presat tevi Romax Nano bacuri TH 16, 20, 26 mm"},{"@type":"BreadcrumbList","@id":"https:\/\/eurotech-iasi.ro\/magazinonline\/produs\/masina-de-presat-tevi-romax-nano-bacuri-th-16-20-26-mm\/#breadcrumb","itemListElement":[{"@type":"ListItem","position":1,"name":"Prima pagin\u0103","item":"https:\/\/eurotech-iasi.ro\/magazinonline\/"},{"@type":"ListItem","position":2,"name":"Shop","item":"https:\/\/eurotech-iasi.ro\/magazinonline\/shop\/"},{"@type":"ListItem","position":3,"name":"Masina de presat tevi Romax Nano bacuri TH 16, 20, 26 mm"}]},{"@type":"WebSite","@id":"https:\/\/eurotech-iasi.ro\/magazinonline\/#website","url":"https:\/\/eurotech-iasi.ro\/magazinonline\/","name":"Eurotech Iasi","description":"Cu oameni seriosi","publisher":{"@id":"https:\/\/eurotech-iasi.ro\/magazinonline\/#organization"},"potentialAction":[{"@type":"SearchAction","target":{"@type":"EntryPoint","urlTemplate":"https:\/\/eurotech-iasi.ro\/magazinonline\/?s={search_term_string}"},"query-input":{"@type":"PropertyValueSpecification","valueRequired":true,"valueName":"search_term_string"}}],"inLanguage":"ro-RO"},{"@type":"Organization","@id":"https:\/\/eurotech-iasi.ro\/magazinonline\/#organization","name":"Eurotech Iasi","url":"https:\/\/eurotech-iasi.ro\/magazinonline\/","logo":{"@type":"ImageObject","inLanguage":"ro-RO","@id":"https:\/\/eurotech-iasi.ro\/magazinonline\/#\/schema\/logo\/image\/","url":"https:\/\/eurotech-iasi.ro\/magazinonline\/wp-content\/uploads\/2020\/08\/logo-eurotech.png","contentUrl":"https:\/\/eurotech-iasi.ro\/magazinonline\/wp-content\/uploads\/2020\/08\/logo-eurotech.png","width":290,"height":70,"caption":"Eurotech Iasi"},"image":{"@id":"https:\/\/eurotech-iasi.ro\/magazinonline\/#\/schema\/logo\/image\/"},"sameAs":["https:\/\/www.facebook.com\/EurotechIasi\/"]}]}},"_links":{"self":[{"href":"https:\/\/eurotech-iasi.ro\/magazinonline\/wp-json\/wp\/v2\/product\/115081","targetHints":{"allow":["GET"]}}],"collection":[{"href":"https:\/\/eurotech-iasi.ro\/magazinonline\/wp-json\/wp\/v2\/product"}],"about":[{"href":"https:\/\/eurotech-iasi.ro\/magazinonline\/wp-json\/wp\/v2\/types\/product"}],"replies":[{"embeddable":true,"href":"https:\/\/eurotech-iasi.ro\/magazinonline\/wp-json\/wp\/v2\/comments?post=115081"}],"wp:featuredmedia":[{"embeddable":true,"href":"https:\/\/eurotech-iasi.ro\/magazinonline\/wp-json\/wp\/v2\/media\/115082"}],"wp:attachment":[{"href":"https:\/\/eurotech-iasi.ro\/magazinonline\/wp-json\/wp\/v2\/media?parent=115081"}],"wp:term":[{"taxonomy":"product_cat","embeddable":true,"href":"https:\/\/eurotech-iasi.ro\/magazinonline\/wp-json\/wp\/v2\/product_cat?post=115081"},{"taxonomy":"product_tag","embeddable":true,"href":"https:\/\/eurotech-iasi.ro\/magazinonline\/wp-json\/wp\/v2\/product_tag?post=115081"},{"taxonomy":"woo-feed-brand","embeddable":true,"href":"https:\/\/eurotech-iasi.ro\/magazinonline\/wp-json\/wp\/v2\/woo-feed-brand?post=115081"}],"curies":[{"name":"wp","href":"https:\/\/api.w.org\/{rel}","templated":true}]}}