{"id":115087,"date":"2026-03-26T12:56:11","date_gmt":"2026-03-26T10:56:11","guid":{"rendered":"https:\/\/eurotech-iasi.ro\/magazinonline\/?post_type=product&#038;p=115087"},"modified":"2026-04-08T10:08:42","modified_gmt":"2026-04-08T07:08:42","slug":"masina-de-presat-tevi-romax-nano-bacuri-th-15-22-28mm","status":"publish","type":"product","link":"https:\/\/eurotech-iasi.ro\/magazinonline\/produs\/masina-de-presat-tevi-romax-nano-bacuri-th-15-22-28mm\/","title":{"rendered":"Masina de presat tevi Romax Nano bacuri TH 15, 22, 28mm"},"content":{"rendered":"<h2>Masina de presat tevi Romax Nano bacuri TH 15, 22, 28mm<\/h2>\n<div class=\"font-bold \">\n<div class=\"font-bold \">Datorit\u0103 tehnologiei eRotationDrive \u0219i sistemului 2-\u00een-1 pentru prinderea f\u0103lcilor, compatibil at\u00e2t cu f\u0103lci NANO iJAW, c\u00e2t \u0219i cu f\u0103lci standard, ROMAX NANO CAS ofer\u0103 un interval de lucru cuprins \u00eentre 0 \u0219i 108 mm.<\/div>\n<div class=\"font-bold \"><\/div>\n<div class=\"prose max-w-none\">\n<div class=\"mt-2\">\n<ul>\n<li>Prima ma\u0219in\u0103 de presare hibrid\u0103 de pe pia\u021b\u0103 (NANO iJAW sau bacuri de presare standard cu 32 kN)<\/li>\n<li>Cea mai mic\u0103 \u0219i mai u\u0219oar\u0103 ma\u0219in\u0103 de 32 kN (doar 2,3 kg)<\/li>\n<li>ROMAX NANO este optimizat\u0103 pentru iJAW<\/li>\n<li>Interoperabilitate cu bacuri standard (numai \u00een modul 32 kN)<\/li>\n<li>Inteligent\u0103 \u0219i conectat\u0103<\/li>\n<\/ul>\n<\/div>\n<\/div>\n<\/div>\n<div class=\"prose max-w-none\">\n<div class=\"mt-2\">\n<p>Setul ROMAX NANO iJAW SV 15-22-28 EU CAS include bacuri de presare SV contour \u00een dimensiuni de 15-22-28 mm \u0219i este, prin urmare, ideal pentru presarea conform\u0103 cu sistemul a fitingurilor pentru sisteme de \u021bevi metalice. ROMAX NANO CAS este prima ma\u0219in\u0103 de presare hibrid\u0103 care combin\u0103 dou\u0103 categorii de for\u021b\u0103 de presare (NANO iJAW sau bacuri de presare standard cu 32 kN) \u00eentr-o singur\u0103 ma\u0219in\u0103. Prin utilizarea unui sistem de ac\u021bionare electromecanic, ROMAX NANO a fost optimizat \u00een ceea ce prive\u0219te dimensiunea (cea mai mic\u0103 ma\u0219in\u0103 de 32 kN) \u0219i greutatea (aproximativ 2,3 kg) pentru a asigura accesibilitatea \u00een toate condi\u021biile de instalare. ROMAX NANO este, de asemenea, echipat\u0103 cu un concept sofisticat de conectivitate inteligent\u0103, const\u00e2nd \u00een tehnologie RFID, afi\u0219aj LED \u0219i aplica\u021bie, care spore\u0219te at\u00e2t u\u0219urin\u021ba de utilizare a ma\u0219inii, c\u00e2t \u0219i eficien\u021ba muncii utilizatorului direct pe \u0219antier. Aceast\u0103 ma\u0219in\u0103 de presare inteligent\u0103 permite o lucrare precis\u0103 \u00een intervalul de lucru de 0-108 mm. Datorit\u0103 tehnologiei eDirectDrive \u0219i suportului pentru f\u0103lci 2-\u00een-1, care este potrivit at\u00e2t pentru NANO iJAW, c\u00e2t \u0219i pentru bacurile de presare standard, pot fi utilizate iJAWS \u0219i bacurile de presare standard.<\/p>\n<p>Set de livrare:<\/p>\n<ul>\n<li>ROMAX NANO<\/li>\n<li>Bac de presare iJAW, SV, 15 mm<\/li>\n<li>Bac de presare iJAW, SV, 22 mm<\/li>\n<li>Bac de presare iJAW, SV, 28 mm<\/li>\n<li>baterie 18 V \/ 2 Ah<\/li>\n<li>\u00cenc\u0103rc\u0103tor UE<\/li>\n<li>Adaptor ROMAX NANO 32 kN<\/li>\n<li>Instruc\u021biuni de utilizare<\/li>\n<li>ROCASE 6414<\/li>\n<\/ul>\n<p>Date tehnicie<br \/>\nCele mai importante lucruri din punct de vedere al utiliz\u0103rii<br \/>\nTensiune (min-max) 18 C<br \/>\nDiametrul zonei de lucru mm (min-max) 0 &#8211; 110 mm<br \/>\nTemperatura zonei de lucru (min-max) -10 \u2013 60 \u2103<br \/>\nNum\u0103r baterie 1 Bucat\u0103<br \/>\nSistem baterie Li-Ion \/ Li-Po baterie (re\u00eenc\u0103rcabil\u0103)<br \/>\nSistem f\u0103lci de presare iJAW<br \/>\nSistem baterie CAS<br \/>\nTip baterie Li-Ion<br \/>\nFor\u021b\u0103 piston 32 &#8211; 34 kN<br \/>\nTimp ciclu de presare cu unitate de m\u0103sur\u0103<br \/>\nCapacitate baterie cu unitate de m\u0103sur\u0103 2 Ah<br \/>\nInforma\u021bii generale<br \/>\nNum\u0103r articol 1000005046<br \/>\nEAN\/GTIN 4004625574638<br \/>\nGreutate net\u0103 cu unitate de m\u0103sur\u0103 9.387 Kg<br \/>\nGreutate brut\u0103 cu unitate de m\u0103sur\u0103 9.887 Kg<br \/>\nGreutate de transport cu unitate de m\u0103sur\u0103 9.887 Kg<br \/>\nSKU 1000005046<\/p>\n<\/div>\n<\/div>\n","protected":false},"excerpt":{"rendered":"<p>Masina de presat tevi Romax Nano bacuri TH 15, 22, 28mm este ideala pentru presarea conforma cu sistemul a fitingurilor pentru sisteme de tevi din plastic.<\/p>\n<p><strong><em>Cod produs: 1000005046<br \/>\n<\/em><\/strong><\/p>\n","protected":false},"featured_media":115082,"comment_status":"open","ping_status":"closed","template":"","meta":{"_acf_changed":false},"product_cat":[4997],"product_tag":[],"woo-feed-brand":[],"class_list":{"0":"post-115087","1":"product","2":"type-product","3":"status-publish","4":"has-post-thumbnail","6":"product_brand-rothenberger","7":"product_cat-instalatii","8":"pa_brand-rothenberger","9":"pa_tensiune-18-v","11":"first","12":"instock","13":"shipping-taxable","14":"purchasable","15":"product-type-simple"},"acf":[],"yoast_head":"<!-- This site is optimized with the Yoast SEO plugin v27.5 - https:\/\/yoast.com\/product\/yoast-seo-wordpress\/ -->\n<title>Masina de presat tevi Romax Nano bacuri TH 15, 22, 28mm - Eurotech Iasi<\/title>\n<meta name=\"description\" content=\"Masina de presat tevi Romax Nano bacuri TH 15, 22, 28mm este ideala pentru presarea conforma a fitingurilor pentru sisteme de tevi din plastic.\" \/>\n<meta name=\"robots\" content=\"index, follow, max-snippet:-1, max-image-preview:large, max-video-preview:-1\" \/>\n<link rel=\"canonical\" href=\"https:\/\/eurotech-iasi.ro\/magazinonline\/produs\/masina-de-presat-tevi-romax-nano-bacuri-th-15-22-28mm\/\" \/>\n<meta property=\"og:locale\" content=\"ro_RO\" \/>\n<meta property=\"og:type\" content=\"article\" \/>\n<meta property=\"og:title\" content=\"Masina de presat tevi Romax Nano bacuri TH 15, 22, 28mm - Eurotech Iasi\" \/>\n<meta property=\"og:description\" content=\"Masina de presat tevi Romax Nano bacuri TH 15, 22, 28mm este ideala pentru presarea conforma a fitingurilor pentru sisteme de tevi din plastic.\" \/>\n<meta property=\"og:url\" content=\"https:\/\/eurotech-iasi.ro\/magazinonline\/produs\/masina-de-presat-tevi-romax-nano-bacuri-th-15-22-28mm\/\" \/>\n<meta property=\"og:site_name\" content=\"Eurotech Iasi\" \/>\n<meta property=\"article:publisher\" content=\"https:\/\/www.facebook.com\/EurotechIasi\/\" \/>\n<meta property=\"article:modified_time\" content=\"2026-04-08T07:08:42+00:00\" \/>\n<meta property=\"og:image\" content=\"https:\/\/eurotech-iasi.ro\/magazinonline\/wp-content\/uploads\/2026\/03\/Masina-de-presat-tevi-Romax-Nano-bacuri-TH-16-20-26-mm-1.png\" \/>\n\t<meta property=\"og:image:width\" content=\"750\" \/>\n\t<meta property=\"og:image:height\" content=\"750\" \/>\n\t<meta property=\"og:image:type\" content=\"image\/png\" \/>\n<meta name=\"twitter:label1\" content=\"Timp estimat pentru citire\" \/>\n\t<meta name=\"twitter:data1\" content=\"3 minute\" \/>\n<script type=\"application\/ld+json\" class=\"yoast-schema-graph\">{\"@context\":\"https:\\\/\\\/schema.org\",\"@graph\":[{\"@type\":\"WebPage\",\"@id\":\"https:\\\/\\\/eurotech-iasi.ro\\\/magazinonline\\\/produs\\\/masina-de-presat-tevi-romax-nano-bacuri-th-15-22-28mm\\\/\",\"url\":\"https:\\\/\\\/eurotech-iasi.ro\\\/magazinonline\\\/produs\\\/masina-de-presat-tevi-romax-nano-bacuri-th-15-22-28mm\\\/\",\"name\":\"Masina de presat tevi Romax Nano bacuri TH 15, 22, 28mm - Eurotech Iasi\",\"isPartOf\":{\"@id\":\"https:\\\/\\\/eurotech-iasi.ro\\\/magazinonline\\\/#website\"},\"primaryImageOfPage\":{\"@id\":\"https:\\\/\\\/eurotech-iasi.ro\\\/magazinonline\\\/produs\\\/masina-de-presat-tevi-romax-nano-bacuri-th-15-22-28mm\\\/#primaryimage\"},\"image\":{\"@id\":\"https:\\\/\\\/eurotech-iasi.ro\\\/magazinonline\\\/produs\\\/masina-de-presat-tevi-romax-nano-bacuri-th-15-22-28mm\\\/#primaryimage\"},\"thumbnailUrl\":\"https:\\\/\\\/eurotech-iasi.ro\\\/magazinonline\\\/wp-content\\\/uploads\\\/2026\\\/03\\\/Masina-de-presat-tevi-Romax-Nano-bacuri-TH-16-20-26-mm-1.png\",\"datePublished\":\"2026-03-26T10:56:11+00:00\",\"dateModified\":\"2026-04-08T07:08:42+00:00\",\"description\":\"Masina de presat tevi Romax Nano bacuri TH 15, 22, 28mm este ideala pentru presarea conforma a fitingurilor pentru sisteme de tevi din plastic.\",\"breadcrumb\":{\"@id\":\"https:\\\/\\\/eurotech-iasi.ro\\\/magazinonline\\\/produs\\\/masina-de-presat-tevi-romax-nano-bacuri-th-15-22-28mm\\\/#breadcrumb\"},\"inLanguage\":\"ro-RO\",\"potentialAction\":[{\"@type\":\"ReadAction\",\"target\":[\"https:\\\/\\\/eurotech-iasi.ro\\\/magazinonline\\\/produs\\\/masina-de-presat-tevi-romax-nano-bacuri-th-15-22-28mm\\\/\"]}]},{\"@type\":\"ImageObject\",\"inLanguage\":\"ro-RO\",\"@id\":\"https:\\\/\\\/eurotech-iasi.ro\\\/magazinonline\\\/produs\\\/masina-de-presat-tevi-romax-nano-bacuri-th-15-22-28mm\\\/#primaryimage\",\"url\":\"https:\\\/\\\/eurotech-iasi.ro\\\/magazinonline\\\/wp-content\\\/uploads\\\/2026\\\/03\\\/Masina-de-presat-tevi-Romax-Nano-bacuri-TH-16-20-26-mm-1.png\",\"contentUrl\":\"https:\\\/\\\/eurotech-iasi.ro\\\/magazinonline\\\/wp-content\\\/uploads\\\/2026\\\/03\\\/Masina-de-presat-tevi-Romax-Nano-bacuri-TH-16-20-26-mm-1.png\",\"width\":750,\"height\":750,\"caption\":\"Masina de presat tevi Romax Nano bacuri TH 16, 20, 26 mm\"},{\"@type\":\"BreadcrumbList\",\"@id\":\"https:\\\/\\\/eurotech-iasi.ro\\\/magazinonline\\\/produs\\\/masina-de-presat-tevi-romax-nano-bacuri-th-15-22-28mm\\\/#breadcrumb\",\"itemListElement\":[{\"@type\":\"ListItem\",\"position\":1,\"name\":\"Prima pagin\u0103\",\"item\":\"https:\\\/\\\/eurotech-iasi.ro\\\/magazinonline\\\/\"},{\"@type\":\"ListItem\",\"position\":2,\"name\":\"Shop\",\"item\":\"https:\\\/\\\/eurotech-iasi.ro\\\/magazinonline\\\/shop\\\/\"},{\"@type\":\"ListItem\",\"position\":3,\"name\":\"Masina de presat tevi Romax Nano bacuri TH 15, 22, 28mm\"}]},{\"@type\":\"WebSite\",\"@id\":\"https:\\\/\\\/eurotech-iasi.ro\\\/magazinonline\\\/#website\",\"url\":\"https:\\\/\\\/eurotech-iasi.ro\\\/magazinonline\\\/\",\"name\":\"Eurotech Iasi\",\"description\":\"Cu oameni seriosi\",\"publisher\":{\"@id\":\"https:\\\/\\\/eurotech-iasi.ro\\\/magazinonline\\\/#organization\"},\"potentialAction\":[{\"@type\":\"SearchAction\",\"target\":{\"@type\":\"EntryPoint\",\"urlTemplate\":\"https:\\\/\\\/eurotech-iasi.ro\\\/magazinonline\\\/?s={search_term_string}\"},\"query-input\":{\"@type\":\"PropertyValueSpecification\",\"valueRequired\":true,\"valueName\":\"search_term_string\"}}],\"inLanguage\":\"ro-RO\"},{\"@type\":\"Organization\",\"@id\":\"https:\\\/\\\/eurotech-iasi.ro\\\/magazinonline\\\/#organization\",\"name\":\"Eurotech Iasi\",\"url\":\"https:\\\/\\\/eurotech-iasi.ro\\\/magazinonline\\\/\",\"logo\":{\"@type\":\"ImageObject\",\"inLanguage\":\"ro-RO\",\"@id\":\"https:\\\/\\\/eurotech-iasi.ro\\\/magazinonline\\\/#\\\/schema\\\/logo\\\/image\\\/\",\"url\":\"https:\\\/\\\/eurotech-iasi.ro\\\/magazinonline\\\/wp-content\\\/uploads\\\/2020\\\/08\\\/logo-eurotech.png\",\"contentUrl\":\"https:\\\/\\\/eurotech-iasi.ro\\\/magazinonline\\\/wp-content\\\/uploads\\\/2020\\\/08\\\/logo-eurotech.png\",\"width\":290,\"height\":70,\"caption\":\"Eurotech Iasi\"},\"image\":{\"@id\":\"https:\\\/\\\/eurotech-iasi.ro\\\/magazinonline\\\/#\\\/schema\\\/logo\\\/image\\\/\"},\"sameAs\":[\"https:\\\/\\\/www.facebook.com\\\/EurotechIasi\\\/\"]}]}<\/script>\n<!-- \/ Yoast SEO plugin. -->","yoast_head_json":{"title":"Masina de presat tevi Romax Nano bacuri TH 15, 22, 28mm - Eurotech Iasi","description":"Masina de presat tevi Romax Nano bacuri TH 15, 22, 28mm este ideala pentru presarea conforma a fitingurilor pentru sisteme de tevi din plastic.","robots":{"index":"index","follow":"follow","max-snippet":"max-snippet:-1","max-image-preview":"max-image-preview:large","max-video-preview":"max-video-preview:-1"},"canonical":"https:\/\/eurotech-iasi.ro\/magazinonline\/produs\/masina-de-presat-tevi-romax-nano-bacuri-th-15-22-28mm\/","og_locale":"ro_RO","og_type":"article","og_title":"Masina de presat tevi Romax Nano bacuri TH 15, 22, 28mm - Eurotech Iasi","og_description":"Masina de presat tevi Romax Nano bacuri TH 15, 22, 28mm este ideala pentru presarea conforma a fitingurilor pentru sisteme de tevi din plastic.","og_url":"https:\/\/eurotech-iasi.ro\/magazinonline\/produs\/masina-de-presat-tevi-romax-nano-bacuri-th-15-22-28mm\/","og_site_name":"Eurotech Iasi","article_publisher":"https:\/\/www.facebook.com\/EurotechIasi\/","article_modified_time":"2026-04-08T07:08:42+00:00","og_image":[{"width":750,"height":750,"url":"https:\/\/eurotech-iasi.ro\/magazinonline\/wp-content\/uploads\/2026\/03\/Masina-de-presat-tevi-Romax-Nano-bacuri-TH-16-20-26-mm-1.png","type":"image\/png"}],"twitter_misc":{"Timp estimat pentru citire":"3 minute"},"schema":{"@context":"https:\/\/schema.org","@graph":[{"@type":"WebPage","@id":"https:\/\/eurotech-iasi.ro\/magazinonline\/produs\/masina-de-presat-tevi-romax-nano-bacuri-th-15-22-28mm\/","url":"https:\/\/eurotech-iasi.ro\/magazinonline\/produs\/masina-de-presat-tevi-romax-nano-bacuri-th-15-22-28mm\/","name":"Masina de presat tevi Romax Nano bacuri TH 15, 22, 28mm - Eurotech Iasi","isPartOf":{"@id":"https:\/\/eurotech-iasi.ro\/magazinonline\/#website"},"primaryImageOfPage":{"@id":"https:\/\/eurotech-iasi.ro\/magazinonline\/produs\/masina-de-presat-tevi-romax-nano-bacuri-th-15-22-28mm\/#primaryimage"},"image":{"@id":"https:\/\/eurotech-iasi.ro\/magazinonline\/produs\/masina-de-presat-tevi-romax-nano-bacuri-th-15-22-28mm\/#primaryimage"},"thumbnailUrl":"https:\/\/eurotech-iasi.ro\/magazinonline\/wp-content\/uploads\/2026\/03\/Masina-de-presat-tevi-Romax-Nano-bacuri-TH-16-20-26-mm-1.png","datePublished":"2026-03-26T10:56:11+00:00","dateModified":"2026-04-08T07:08:42+00:00","description":"Masina de presat tevi Romax Nano bacuri TH 15, 22, 28mm este ideala pentru presarea conforma a fitingurilor pentru sisteme de tevi din plastic.","breadcrumb":{"@id":"https:\/\/eurotech-iasi.ro\/magazinonline\/produs\/masina-de-presat-tevi-romax-nano-bacuri-th-15-22-28mm\/#breadcrumb"},"inLanguage":"ro-RO","potentialAction":[{"@type":"ReadAction","target":["https:\/\/eurotech-iasi.ro\/magazinonline\/produs\/masina-de-presat-tevi-romax-nano-bacuri-th-15-22-28mm\/"]}]},{"@type":"ImageObject","inLanguage":"ro-RO","@id":"https:\/\/eurotech-iasi.ro\/magazinonline\/produs\/masina-de-presat-tevi-romax-nano-bacuri-th-15-22-28mm\/#primaryimage","url":"https:\/\/eurotech-iasi.ro\/magazinonline\/wp-content\/uploads\/2026\/03\/Masina-de-presat-tevi-Romax-Nano-bacuri-TH-16-20-26-mm-1.png","contentUrl":"https:\/\/eurotech-iasi.ro\/magazinonline\/wp-content\/uploads\/2026\/03\/Masina-de-presat-tevi-Romax-Nano-bacuri-TH-16-20-26-mm-1.png","width":750,"height":750,"caption":"Masina de presat tevi Romax Nano bacuri TH 16, 20, 26 mm"},{"@type":"BreadcrumbList","@id":"https:\/\/eurotech-iasi.ro\/magazinonline\/produs\/masina-de-presat-tevi-romax-nano-bacuri-th-15-22-28mm\/#breadcrumb","itemListElement":[{"@type":"ListItem","position":1,"name":"Prima pagin\u0103","item":"https:\/\/eurotech-iasi.ro\/magazinonline\/"},{"@type":"ListItem","position":2,"name":"Shop","item":"https:\/\/eurotech-iasi.ro\/magazinonline\/shop\/"},{"@type":"ListItem","position":3,"name":"Masina de presat tevi Romax Nano bacuri TH 15, 22, 28mm"}]},{"@type":"WebSite","@id":"https:\/\/eurotech-iasi.ro\/magazinonline\/#website","url":"https:\/\/eurotech-iasi.ro\/magazinonline\/","name":"Eurotech Iasi","description":"Cu oameni seriosi","publisher":{"@id":"https:\/\/eurotech-iasi.ro\/magazinonline\/#organization"},"potentialAction":[{"@type":"SearchAction","target":{"@type":"EntryPoint","urlTemplate":"https:\/\/eurotech-iasi.ro\/magazinonline\/?s={search_term_string}"},"query-input":{"@type":"PropertyValueSpecification","valueRequired":true,"valueName":"search_term_string"}}],"inLanguage":"ro-RO"},{"@type":"Organization","@id":"https:\/\/eurotech-iasi.ro\/magazinonline\/#organization","name":"Eurotech Iasi","url":"https:\/\/eurotech-iasi.ro\/magazinonline\/","logo":{"@type":"ImageObject","inLanguage":"ro-RO","@id":"https:\/\/eurotech-iasi.ro\/magazinonline\/#\/schema\/logo\/image\/","url":"https:\/\/eurotech-iasi.ro\/magazinonline\/wp-content\/uploads\/2020\/08\/logo-eurotech.png","contentUrl":"https:\/\/eurotech-iasi.ro\/magazinonline\/wp-content\/uploads\/2020\/08\/logo-eurotech.png","width":290,"height":70,"caption":"Eurotech Iasi"},"image":{"@id":"https:\/\/eurotech-iasi.ro\/magazinonline\/#\/schema\/logo\/image\/"},"sameAs":["https:\/\/www.facebook.com\/EurotechIasi\/"]}]}},"_links":{"self":[{"href":"https:\/\/eurotech-iasi.ro\/magazinonline\/wp-json\/wp\/v2\/product\/115087","targetHints":{"allow":["GET"]}}],"collection":[{"href":"https:\/\/eurotech-iasi.ro\/magazinonline\/wp-json\/wp\/v2\/product"}],"about":[{"href":"https:\/\/eurotech-iasi.ro\/magazinonline\/wp-json\/wp\/v2\/types\/product"}],"replies":[{"embeddable":true,"href":"https:\/\/eurotech-iasi.ro\/magazinonline\/wp-json\/wp\/v2\/comments?post=115087"}],"wp:featuredmedia":[{"embeddable":true,"href":"https:\/\/eurotech-iasi.ro\/magazinonline\/wp-json\/wp\/v2\/media\/115082"}],"wp:attachment":[{"href":"https:\/\/eurotech-iasi.ro\/magazinonline\/wp-json\/wp\/v2\/media?parent=115087"}],"wp:term":[{"taxonomy":"product_cat","embeddable":true,"href":"https:\/\/eurotech-iasi.ro\/magazinonline\/wp-json\/wp\/v2\/product_cat?post=115087"},{"taxonomy":"product_tag","embeddable":true,"href":"https:\/\/eurotech-iasi.ro\/magazinonline\/wp-json\/wp\/v2\/product_tag?post=115087"},{"taxonomy":"woo-feed-brand","embeddable":true,"href":"https:\/\/eurotech-iasi.ro\/magazinonline\/wp-json\/wp\/v2\/woo-feed-brand?post=115087"}],"curies":[{"name":"wp","href":"https:\/\/api.w.org\/{rel}","templated":true}]}}