{"id":11536,"date":"2018-06-14T09:50:35","date_gmt":"2018-06-14T06:50:35","guid":{"rendered":"https:\/\/eurotech-iasi.ro\/?post_type=product&#038;p=11536"},"modified":"2025-04-02T16:05:15","modified_gmt":"2025-04-02T13:05:15","slug":"ciocan-rotopercutor-cu-acumulatori-sds-plus-makita-dhr243z-4700-percutii-min-950-rot-min-3-ah-18-v","status":"publish","type":"product","link":"https:\/\/eurotech-iasi.ro\/magazinonline\/produs\/ciocan-rotopercutor-cu-acumulatori-sds-plus-makita-dhr243z-4700-percutii-min-950-rot-min-3-ah-18-v\/","title":{"rendered":"Ciocan rotopercutor MAKITA DHR243Z"},"content":{"rendered":"<p><strong>Ciocan rotopercutor MAKITA DHR243Z<\/strong>, fara acumulatori si incarcator, are 3 moduri de operare: <strong>rotatie<\/strong>, <strong>rotatie cu percutie<\/strong> si <strong>percutie<\/strong>. Mandrina rapida permite schimbarea usoara a accesoriilor. Motor fara perii pentru productivitate si randament ridicat precum si dimensiuni compacte. Controlul electronic al tura\u021biei permite selectarea vitezei optime de lucru. Limitatorul de cuplu va opri functionarea masinii in momentul in care se intalneste armatura. Maner cauciucat moale pentru o prindere sigura si confort ridicat in utilizare.<\/p>\n<p><strong>Set de livrare<\/strong>:<br \/>\n&#8211; Mandrina rapida HR2450T\/HR2630T<br \/>\n&#8211; Mandrina rapida SDS PT. HR2450T<\/p>\n","protected":false},"excerpt":{"rendered":"<p><strong><em><span style=\"color: red;\">Setul de livrare nu include acumulator si incarcator!<\/span><\/em><\/strong><\/p>\n<p><strong>Ciocan rotopercutor MAKITA DHR243Z<\/strong> destinat activitatilor cu intensitate medie sau mica.<\/p>\n<p>Cod produs: DHR243Z<\/p>\n","protected":false},"featured_media":70910,"comment_status":"open","ping_status":"closed","template":"","meta":{"_acf_changed":false},"product_cat":[4442],"product_tag":[3289,3290,3576,3577,3575],"woo-feed-brand":[],"class_list":{"0":"post-11536","1":"product","2":"type-product","3":"status-publish","4":"has-post-thumbnail","6":"product_brand-makita","7":"product_cat-ciocane-rotopercutoare-si-demolatoare","8":"product_tag-18-v","9":"product_tag-3-ah","10":"product_tag-4700-percutii-min","11":"product_tag-950-rot-min","12":"product_tag-ciocan-rotopercutor-cu-acumulatori-sds-plus-makita-dhr243z","13":"pa_brand-makita","14":"pa_energie-de-impact-2-j","15":"pa_greutate-34-kg","16":"pa_nivel-vibratii-13-m-s2","17":"pa_nivel-zgomot-100-db","18":"pa_turatie-de-mers-in-gol-950-rpm","20":"first","21":"outofstock","22":"purchasable","23":"product-type-simple"},"acf":[],"yoast_head":"<!-- This site is optimized with the Yoast SEO plugin v27.5 - https:\/\/yoast.com\/product\/yoast-seo-wordpress\/ -->\n<title>Ciocan rotopercutor MAKITA DHR243Z - Eurotech Iasi<\/title>\n<meta name=\"description\" content=\"Ciocan rotopercutor MAKITA DHR243Z, f\u0103r\u0103 acumulatori \u0219i \u00eenc\u0103rc\u0103tor, este destinat activit\u0103\u021bilor cu intensitate medie sau mic\u0103.\" \/>\n<meta name=\"robots\" content=\"index, follow, max-snippet:-1, max-image-preview:large, max-video-preview:-1\" \/>\n<link rel=\"canonical\" href=\"https:\/\/eurotech-iasi.ro\/magazinonline\/produs\/ciocan-rotopercutor-cu-acumulatori-sds-plus-makita-dhr243z-4700-percutii-min-950-rot-min-3-ah-18-v\/\" \/>\n<meta property=\"og:locale\" content=\"ro_RO\" \/>\n<meta property=\"og:type\" content=\"article\" \/>\n<meta property=\"og:title\" content=\"Ciocan rotopercutor MAKITA DHR243Z - Eurotech Iasi\" \/>\n<meta property=\"og:description\" content=\"Ciocan rotopercutor MAKITA DHR243Z, f\u0103r\u0103 acumulatori \u0219i \u00eenc\u0103rc\u0103tor, este destinat activit\u0103\u021bilor cu intensitate medie sau mic\u0103.\" \/>\n<meta property=\"og:url\" content=\"https:\/\/eurotech-iasi.ro\/magazinonline\/produs\/ciocan-rotopercutor-cu-acumulatori-sds-plus-makita-dhr243z-4700-percutii-min-950-rot-min-3-ah-18-v\/\" \/>\n<meta property=\"og:site_name\" content=\"Eurotech Iasi\" \/>\n<meta property=\"article:publisher\" content=\"https:\/\/www.facebook.com\/EurotechIasi\/\" \/>\n<meta property=\"article:modified_time\" content=\"2025-04-02T13:05:15+00:00\" \/>\n<meta property=\"og:image\" content=\"https:\/\/eurotech-iasi.ro\/magazinonline\/wp-content\/uploads\/2018\/06\/Ciocan-rotopercutor-MAKITA-DHR243Z.png\" \/>\n\t<meta property=\"og:image:width\" content=\"710\" \/>\n\t<meta property=\"og:image:height\" content=\"710\" \/>\n\t<meta property=\"og:image:type\" content=\"image\/png\" \/>\n<script type=\"application\/ld+json\" class=\"yoast-schema-graph\">{\"@context\":\"https:\\\/\\\/schema.org\",\"@graph\":[{\"@type\":\"WebPage\",\"@id\":\"https:\\\/\\\/eurotech-iasi.ro\\\/magazinonline\\\/produs\\\/ciocan-rotopercutor-cu-acumulatori-sds-plus-makita-dhr243z-4700-percutii-min-950-rot-min-3-ah-18-v\\\/\",\"url\":\"https:\\\/\\\/eurotech-iasi.ro\\\/magazinonline\\\/produs\\\/ciocan-rotopercutor-cu-acumulatori-sds-plus-makita-dhr243z-4700-percutii-min-950-rot-min-3-ah-18-v\\\/\",\"name\":\"Ciocan rotopercutor MAKITA DHR243Z - Eurotech Iasi\",\"isPartOf\":{\"@id\":\"https:\\\/\\\/eurotech-iasi.ro\\\/magazinonline\\\/#website\"},\"primaryImageOfPage\":{\"@id\":\"https:\\\/\\\/eurotech-iasi.ro\\\/magazinonline\\\/produs\\\/ciocan-rotopercutor-cu-acumulatori-sds-plus-makita-dhr243z-4700-percutii-min-950-rot-min-3-ah-18-v\\\/#primaryimage\"},\"image\":{\"@id\":\"https:\\\/\\\/eurotech-iasi.ro\\\/magazinonline\\\/produs\\\/ciocan-rotopercutor-cu-acumulatori-sds-plus-makita-dhr243z-4700-percutii-min-950-rot-min-3-ah-18-v\\\/#primaryimage\"},\"thumbnailUrl\":\"https:\\\/\\\/eurotech-iasi.ro\\\/magazinonline\\\/wp-content\\\/uploads\\\/2018\\\/06\\\/Ciocan-rotopercutor-MAKITA-DHR243Z.png\",\"datePublished\":\"2018-06-14T06:50:35+00:00\",\"dateModified\":\"2025-04-02T13:05:15+00:00\",\"description\":\"Ciocan rotopercutor MAKITA DHR243Z, f\u0103r\u0103 acumulatori \u0219i \u00eenc\u0103rc\u0103tor, este destinat activit\u0103\u021bilor cu intensitate medie sau mic\u0103.\",\"breadcrumb\":{\"@id\":\"https:\\\/\\\/eurotech-iasi.ro\\\/magazinonline\\\/produs\\\/ciocan-rotopercutor-cu-acumulatori-sds-plus-makita-dhr243z-4700-percutii-min-950-rot-min-3-ah-18-v\\\/#breadcrumb\"},\"inLanguage\":\"ro-RO\",\"potentialAction\":[{\"@type\":\"ReadAction\",\"target\":[\"https:\\\/\\\/eurotech-iasi.ro\\\/magazinonline\\\/produs\\\/ciocan-rotopercutor-cu-acumulatori-sds-plus-makita-dhr243z-4700-percutii-min-950-rot-min-3-ah-18-v\\\/\"]}]},{\"@type\":\"ImageObject\",\"inLanguage\":\"ro-RO\",\"@id\":\"https:\\\/\\\/eurotech-iasi.ro\\\/magazinonline\\\/produs\\\/ciocan-rotopercutor-cu-acumulatori-sds-plus-makita-dhr243z-4700-percutii-min-950-rot-min-3-ah-18-v\\\/#primaryimage\",\"url\":\"https:\\\/\\\/eurotech-iasi.ro\\\/magazinonline\\\/wp-content\\\/uploads\\\/2018\\\/06\\\/Ciocan-rotopercutor-MAKITA-DHR243Z.png\",\"contentUrl\":\"https:\\\/\\\/eurotech-iasi.ro\\\/magazinonline\\\/wp-content\\\/uploads\\\/2018\\\/06\\\/Ciocan-rotopercutor-MAKITA-DHR243Z.png\",\"width\":710,\"height\":710},{\"@type\":\"BreadcrumbList\",\"@id\":\"https:\\\/\\\/eurotech-iasi.ro\\\/magazinonline\\\/produs\\\/ciocan-rotopercutor-cu-acumulatori-sds-plus-makita-dhr243z-4700-percutii-min-950-rot-min-3-ah-18-v\\\/#breadcrumb\",\"itemListElement\":[{\"@type\":\"ListItem\",\"position\":1,\"name\":\"Prima pagin\u0103\",\"item\":\"https:\\\/\\\/eurotech-iasi.ro\\\/magazinonline\\\/\"},{\"@type\":\"ListItem\",\"position\":2,\"name\":\"Shop\",\"item\":\"https:\\\/\\\/eurotech-iasi.ro\\\/magazinonline\\\/shop\\\/\"},{\"@type\":\"ListItem\",\"position\":3,\"name\":\"Ciocan rotopercutor MAKITA DHR243Z\"}]},{\"@type\":\"WebSite\",\"@id\":\"https:\\\/\\\/eurotech-iasi.ro\\\/magazinonline\\\/#website\",\"url\":\"https:\\\/\\\/eurotech-iasi.ro\\\/magazinonline\\\/\",\"name\":\"Eurotech Iasi\",\"description\":\"Cu oameni seriosi\",\"publisher\":{\"@id\":\"https:\\\/\\\/eurotech-iasi.ro\\\/magazinonline\\\/#organization\"},\"potentialAction\":[{\"@type\":\"SearchAction\",\"target\":{\"@type\":\"EntryPoint\",\"urlTemplate\":\"https:\\\/\\\/eurotech-iasi.ro\\\/magazinonline\\\/?s={search_term_string}\"},\"query-input\":{\"@type\":\"PropertyValueSpecification\",\"valueRequired\":true,\"valueName\":\"search_term_string\"}}],\"inLanguage\":\"ro-RO\"},{\"@type\":\"Organization\",\"@id\":\"https:\\\/\\\/eurotech-iasi.ro\\\/magazinonline\\\/#organization\",\"name\":\"Eurotech Iasi\",\"url\":\"https:\\\/\\\/eurotech-iasi.ro\\\/magazinonline\\\/\",\"logo\":{\"@type\":\"ImageObject\",\"inLanguage\":\"ro-RO\",\"@id\":\"https:\\\/\\\/eurotech-iasi.ro\\\/magazinonline\\\/#\\\/schema\\\/logo\\\/image\\\/\",\"url\":\"https:\\\/\\\/eurotech-iasi.ro\\\/magazinonline\\\/wp-content\\\/uploads\\\/2020\\\/08\\\/logo-eurotech.png\",\"contentUrl\":\"https:\\\/\\\/eurotech-iasi.ro\\\/magazinonline\\\/wp-content\\\/uploads\\\/2020\\\/08\\\/logo-eurotech.png\",\"width\":290,\"height\":70,\"caption\":\"Eurotech Iasi\"},\"image\":{\"@id\":\"https:\\\/\\\/eurotech-iasi.ro\\\/magazinonline\\\/#\\\/schema\\\/logo\\\/image\\\/\"},\"sameAs\":[\"https:\\\/\\\/www.facebook.com\\\/EurotechIasi\\\/\"]}]}<\/script>\n<!-- \/ Yoast SEO plugin. -->","yoast_head_json":{"title":"Ciocan rotopercutor MAKITA DHR243Z - Eurotech Iasi","description":"Ciocan rotopercutor MAKITA DHR243Z, f\u0103r\u0103 acumulatori \u0219i \u00eenc\u0103rc\u0103tor, este destinat activit\u0103\u021bilor cu intensitate medie sau mic\u0103.","robots":{"index":"index","follow":"follow","max-snippet":"max-snippet:-1","max-image-preview":"max-image-preview:large","max-video-preview":"max-video-preview:-1"},"canonical":"https:\/\/eurotech-iasi.ro\/magazinonline\/produs\/ciocan-rotopercutor-cu-acumulatori-sds-plus-makita-dhr243z-4700-percutii-min-950-rot-min-3-ah-18-v\/","og_locale":"ro_RO","og_type":"article","og_title":"Ciocan rotopercutor MAKITA DHR243Z - Eurotech Iasi","og_description":"Ciocan rotopercutor MAKITA DHR243Z, f\u0103r\u0103 acumulatori \u0219i \u00eenc\u0103rc\u0103tor, este destinat activit\u0103\u021bilor cu intensitate medie sau mic\u0103.","og_url":"https:\/\/eurotech-iasi.ro\/magazinonline\/produs\/ciocan-rotopercutor-cu-acumulatori-sds-plus-makita-dhr243z-4700-percutii-min-950-rot-min-3-ah-18-v\/","og_site_name":"Eurotech Iasi","article_publisher":"https:\/\/www.facebook.com\/EurotechIasi\/","article_modified_time":"2025-04-02T13:05:15+00:00","og_image":[{"width":710,"height":710,"url":"https:\/\/eurotech-iasi.ro\/magazinonline\/wp-content\/uploads\/2018\/06\/Ciocan-rotopercutor-MAKITA-DHR243Z.png","type":"image\/png"}],"schema":{"@context":"https:\/\/schema.org","@graph":[{"@type":"WebPage","@id":"https:\/\/eurotech-iasi.ro\/magazinonline\/produs\/ciocan-rotopercutor-cu-acumulatori-sds-plus-makita-dhr243z-4700-percutii-min-950-rot-min-3-ah-18-v\/","url":"https:\/\/eurotech-iasi.ro\/magazinonline\/produs\/ciocan-rotopercutor-cu-acumulatori-sds-plus-makita-dhr243z-4700-percutii-min-950-rot-min-3-ah-18-v\/","name":"Ciocan rotopercutor MAKITA DHR243Z - Eurotech Iasi","isPartOf":{"@id":"https:\/\/eurotech-iasi.ro\/magazinonline\/#website"},"primaryImageOfPage":{"@id":"https:\/\/eurotech-iasi.ro\/magazinonline\/produs\/ciocan-rotopercutor-cu-acumulatori-sds-plus-makita-dhr243z-4700-percutii-min-950-rot-min-3-ah-18-v\/#primaryimage"},"image":{"@id":"https:\/\/eurotech-iasi.ro\/magazinonline\/produs\/ciocan-rotopercutor-cu-acumulatori-sds-plus-makita-dhr243z-4700-percutii-min-950-rot-min-3-ah-18-v\/#primaryimage"},"thumbnailUrl":"https:\/\/eurotech-iasi.ro\/magazinonline\/wp-content\/uploads\/2018\/06\/Ciocan-rotopercutor-MAKITA-DHR243Z.png","datePublished":"2018-06-14T06:50:35+00:00","dateModified":"2025-04-02T13:05:15+00:00","description":"Ciocan rotopercutor MAKITA DHR243Z, f\u0103r\u0103 acumulatori \u0219i \u00eenc\u0103rc\u0103tor, este destinat activit\u0103\u021bilor cu intensitate medie sau mic\u0103.","breadcrumb":{"@id":"https:\/\/eurotech-iasi.ro\/magazinonline\/produs\/ciocan-rotopercutor-cu-acumulatori-sds-plus-makita-dhr243z-4700-percutii-min-950-rot-min-3-ah-18-v\/#breadcrumb"},"inLanguage":"ro-RO","potentialAction":[{"@type":"ReadAction","target":["https:\/\/eurotech-iasi.ro\/magazinonline\/produs\/ciocan-rotopercutor-cu-acumulatori-sds-plus-makita-dhr243z-4700-percutii-min-950-rot-min-3-ah-18-v\/"]}]},{"@type":"ImageObject","inLanguage":"ro-RO","@id":"https:\/\/eurotech-iasi.ro\/magazinonline\/produs\/ciocan-rotopercutor-cu-acumulatori-sds-plus-makita-dhr243z-4700-percutii-min-950-rot-min-3-ah-18-v\/#primaryimage","url":"https:\/\/eurotech-iasi.ro\/magazinonline\/wp-content\/uploads\/2018\/06\/Ciocan-rotopercutor-MAKITA-DHR243Z.png","contentUrl":"https:\/\/eurotech-iasi.ro\/magazinonline\/wp-content\/uploads\/2018\/06\/Ciocan-rotopercutor-MAKITA-DHR243Z.png","width":710,"height":710},{"@type":"BreadcrumbList","@id":"https:\/\/eurotech-iasi.ro\/magazinonline\/produs\/ciocan-rotopercutor-cu-acumulatori-sds-plus-makita-dhr243z-4700-percutii-min-950-rot-min-3-ah-18-v\/#breadcrumb","itemListElement":[{"@type":"ListItem","position":1,"name":"Prima pagin\u0103","item":"https:\/\/eurotech-iasi.ro\/magazinonline\/"},{"@type":"ListItem","position":2,"name":"Shop","item":"https:\/\/eurotech-iasi.ro\/magazinonline\/shop\/"},{"@type":"ListItem","position":3,"name":"Ciocan rotopercutor MAKITA DHR243Z"}]},{"@type":"WebSite","@id":"https:\/\/eurotech-iasi.ro\/magazinonline\/#website","url":"https:\/\/eurotech-iasi.ro\/magazinonline\/","name":"Eurotech Iasi","description":"Cu oameni seriosi","publisher":{"@id":"https:\/\/eurotech-iasi.ro\/magazinonline\/#organization"},"potentialAction":[{"@type":"SearchAction","target":{"@type":"EntryPoint","urlTemplate":"https:\/\/eurotech-iasi.ro\/magazinonline\/?s={search_term_string}"},"query-input":{"@type":"PropertyValueSpecification","valueRequired":true,"valueName":"search_term_string"}}],"inLanguage":"ro-RO"},{"@type":"Organization","@id":"https:\/\/eurotech-iasi.ro\/magazinonline\/#organization","name":"Eurotech Iasi","url":"https:\/\/eurotech-iasi.ro\/magazinonline\/","logo":{"@type":"ImageObject","inLanguage":"ro-RO","@id":"https:\/\/eurotech-iasi.ro\/magazinonline\/#\/schema\/logo\/image\/","url":"https:\/\/eurotech-iasi.ro\/magazinonline\/wp-content\/uploads\/2020\/08\/logo-eurotech.png","contentUrl":"https:\/\/eurotech-iasi.ro\/magazinonline\/wp-content\/uploads\/2020\/08\/logo-eurotech.png","width":290,"height":70,"caption":"Eurotech Iasi"},"image":{"@id":"https:\/\/eurotech-iasi.ro\/magazinonline\/#\/schema\/logo\/image\/"},"sameAs":["https:\/\/www.facebook.com\/EurotechIasi\/"]}]}},"_links":{"self":[{"href":"https:\/\/eurotech-iasi.ro\/magazinonline\/wp-json\/wp\/v2\/product\/11536","targetHints":{"allow":["GET"]}}],"collection":[{"href":"https:\/\/eurotech-iasi.ro\/magazinonline\/wp-json\/wp\/v2\/product"}],"about":[{"href":"https:\/\/eurotech-iasi.ro\/magazinonline\/wp-json\/wp\/v2\/types\/product"}],"replies":[{"embeddable":true,"href":"https:\/\/eurotech-iasi.ro\/magazinonline\/wp-json\/wp\/v2\/comments?post=11536"}],"wp:featuredmedia":[{"embeddable":true,"href":"https:\/\/eurotech-iasi.ro\/magazinonline\/wp-json\/wp\/v2\/media\/70910"}],"wp:attachment":[{"href":"https:\/\/eurotech-iasi.ro\/magazinonline\/wp-json\/wp\/v2\/media?parent=11536"}],"wp:term":[{"taxonomy":"product_cat","embeddable":true,"href":"https:\/\/eurotech-iasi.ro\/magazinonline\/wp-json\/wp\/v2\/product_cat?post=11536"},{"taxonomy":"product_tag","embeddable":true,"href":"https:\/\/eurotech-iasi.ro\/magazinonline\/wp-json\/wp\/v2\/product_tag?post=11536"},{"taxonomy":"woo-feed-brand","embeddable":true,"href":"https:\/\/eurotech-iasi.ro\/magazinonline\/wp-json\/wp\/v2\/woo-feed-brand?post=11536"}],"curies":[{"name":"wp","href":"https:\/\/api.w.org\/{rel}","templated":true}]}}