{"id":115365,"date":"2026-05-12T18:01:36","date_gmt":"2026-05-12T15:01:36","guid":{"rendered":"https:\/\/eurotech-iasi.ro\/magazinonline\/?post_type=product&#038;p=115365"},"modified":"2026-05-12T18:12:23","modified_gmt":"2026-05-12T15:12:23","slug":"masina-manuala-pentru-taiere-gresie-faianta-montolit-masterpiuma-131p5-1310-mm","status":"publish","type":"product","link":"https:\/\/eurotech-iasi.ro\/magazinonline\/produs\/masina-manuala-pentru-taiere-gresie-faianta-montolit-masterpiuma-131p5-1310-mm\/","title":{"rendered":"Masina manuala pentru taiere gresie faianta Montolit MasterPiuma 131P5 1310 mm"},"content":{"rendered":"<h4>Masina manuala pentru taiere gresie faianta Montolit MasterPiuma 131P5 1310 mm se bazeaz\u0103 pe avantajul fundamental al pachetului complet \u201eAll in One\u201d \u0219i este \u00eentotdeauna gata de ac\u021biune!<\/h4>\n<div>\u201dAll in One\u201d include caracteristicile distinctive care au f\u0103cut din \u201eMasterpiuma\u201d lider mondial \u00een domeniul dispozitivelor de t\u0103iat profesionale pentru gresie \u0219i faian\u021b\u0103.<\/div>\n<div>Conceptul a fost reproiectat pentru a aborda cu succes cele mai recente \u0219i inovatoare materiale ceramice. MasterPiuma P5 sunt dispozitive dedicate noilor formate de por\u021belan din ce \u00een ce mai dur, dar \u0219i pl\u0103cilor vitrificate extrem de delicate, cu scopul de a oferi o performan\u021b\u0103 general\u0103 \u00eembun\u0103t\u0103\u021bit\u0103, precizie \u0219i vitez\u0103 de lucru!<\/div>\n<div>Cele 5 \u201ecaracteristici dinamice\u201d importante sunt:<\/div>\n<div>1 \u2013 CADRU MODULAR STRUCTURAT<\/div>\n<div>2 \u2013 ECHERUL MULTIFUNC\u021aIONAL<\/div>\n<div>3 \u2013 INDICATORI DE FOR\u021a\u0102<\/div>\n<div>4 \u2013 SUPORTURI LATERALE<\/div>\n<div>5 \u2013 PENTRU PROIECTE DE MARI DIMENSIUNI<\/div>\n<div><\/div>\n<div>Toate componentele sunt 100% reciclabile, iar ma\u0219inile sunt 100% Made in Italy.<\/div>\n<div>\n<h4>Caracteristici<\/h4>\n<div class=\"cara-tabel\">\n<ul>\n<li>Lungime maxima de taiere &#8211; 1310 mm<\/li>\n<li>Taiere placa in diagonala &#8211; 920 x 920 mm<\/li>\n<li>Grosime taiere0 &#8211; 20 mm<\/li>\n<li>Greutate echipament &#8211; 25 kg<\/li>\n<\/ul>\n<\/div>\n<\/div>\n<p><iframe loading=\"lazy\" title=\"YouTube video player\" src=\"https:\/\/www.youtube.com\/embed\/LqkLGy5v4os?si=ZMjg1dED0mdGjNOl\" width=\"560\" height=\"315\" frameborder=\"0\" allowfullscreen=\"allowfullscreen\"><\/iframe><\/p>\n","protected":false},"excerpt":{"rendered":"<h4>Masina manuala pentru taiere gresie faianta Montolit MasterPiuma 131P5 1310 mm se bazeaz\u0103 pe avantajul fundamental al pachetului complet \u201eAll in One\u201d \u0219i este \u00eentotdeauna gata de ac\u021biune, fiind ideala pentru debitarea placilor de gresie si faianta si este recomandata pentru profesionisti.<\/h4>\n<p><em><strong>Cod produs: 8023743028607<\/strong><\/em><\/p>\n","protected":false},"featured_media":115367,"comment_status":"open","ping_status":"closed","template":"","meta":{"_acf_changed":false},"product_cat":[6413,14567,10699,14553,4345],"product_tag":[],"woo-feed-brand":[],"class_list":{"0":"post-115365","1":"product","2":"type-product","3":"status-publish","4":"has-post-thumbnail","6":"product_brand-montolit","7":"product_cat-extra-reduceri","8":"product_cat-extra-reduceri-its","9":"product_cat-masini-de-taiat-gresie-si-faianta","10":"product_cat-oferta-lunii-its","11":"product_cat-utilaje-de-constructii","12":"pa_brand-montolit","13":"pa_greutate-25-kg-2","14":"pa_grosime-taiere-0-20-mm","15":"pa_lungime-de-taiere-1310-mm","17":"first","18":"instock","19":"sale","20":"purchasable","21":"product-type-simple"},"acf":[],"yoast_head":"<!-- This site is optimized with the Yoast SEO plugin v27.5 - https:\/\/yoast.com\/product\/yoast-seo-wordpress\/ -->\n<title>Masina manuala pentru taiere gresie faianta Montolit MasterPiuma 131P5 1310 mm - Eurotech Iasi<\/title>\n<meta name=\"description\" content=\"Masina manuala pentru taiere gresie faianta Montolit MasterPiuma 131P5 1310 mmi este ideala pentru debitarea placilor gresie \u0219i faian\u021b\u0103 pentru profesioni\u0219ti.\" \/>\n<meta name=\"robots\" content=\"index, follow, max-snippet:-1, max-image-preview:large, max-video-preview:-1\" \/>\n<link rel=\"canonical\" href=\"https:\/\/eurotech-iasi.ro\/magazinonline\/produs\/masina-manuala-pentru-taiere-gresie-faianta-montolit-masterpiuma-131p5-1310-mm\/\" \/>\n<meta property=\"og:locale\" content=\"ro_RO\" \/>\n<meta property=\"og:type\" content=\"article\" \/>\n<meta property=\"og:title\" content=\"Masina manuala pentru taiere gresie faianta Montolit MasterPiuma 131P5 1310 mm - Eurotech Iasi\" \/>\n<meta property=\"og:description\" content=\"Masina manuala pentru taiere gresie faianta Montolit MasterPiuma 131P5 1310 mmi este ideala pentru debitarea placilor gresie \u0219i faian\u021b\u0103 pentru profesioni\u0219ti.\" \/>\n<meta property=\"og:url\" content=\"https:\/\/eurotech-iasi.ro\/magazinonline\/produs\/masina-manuala-pentru-taiere-gresie-faianta-montolit-masterpiuma-131p5-1310-mm\/\" \/>\n<meta property=\"og:site_name\" content=\"Eurotech Iasi\" \/>\n<meta property=\"article:publisher\" content=\"https:\/\/www.facebook.com\/EurotechIasi\/\" \/>\n<meta property=\"article:modified_time\" content=\"2026-05-12T15:12:23+00:00\" \/>\n<meta property=\"og:image\" content=\"https:\/\/eurotech-iasi.ro\/magazinonline\/wp-content\/uploads\/2026\/05\/Masina-manuala-pentru-taiere-gresie-faianta-Montolit-MasterPiuma-131P5-1310-mm-2.png\" \/>\n\t<meta property=\"og:image:width\" content=\"750\" \/>\n\t<meta property=\"og:image:height\" content=\"750\" \/>\n\t<meta property=\"og:image:type\" content=\"image\/png\" \/>\n<meta name=\"twitter:label1\" content=\"Timp estimat pentru citire\" \/>\n\t<meta name=\"twitter:data1\" content=\"2 minute\" \/>\n<script type=\"application\/ld+json\" class=\"yoast-schema-graph\">{\"@context\":\"https:\\\/\\\/schema.org\",\"@graph\":[{\"@type\":\"WebPage\",\"@id\":\"https:\\\/\\\/eurotech-iasi.ro\\\/magazinonline\\\/produs\\\/masina-manuala-pentru-taiere-gresie-faianta-montolit-masterpiuma-131p5-1310-mm\\\/\",\"url\":\"https:\\\/\\\/eurotech-iasi.ro\\\/magazinonline\\\/produs\\\/masina-manuala-pentru-taiere-gresie-faianta-montolit-masterpiuma-131p5-1310-mm\\\/\",\"name\":\"Masina manuala pentru taiere gresie faianta Montolit MasterPiuma 131P5 1310 mm - Eurotech Iasi\",\"isPartOf\":{\"@id\":\"https:\\\/\\\/eurotech-iasi.ro\\\/magazinonline\\\/#website\"},\"primaryImageOfPage\":{\"@id\":\"https:\\\/\\\/eurotech-iasi.ro\\\/magazinonline\\\/produs\\\/masina-manuala-pentru-taiere-gresie-faianta-montolit-masterpiuma-131p5-1310-mm\\\/#primaryimage\"},\"image\":{\"@id\":\"https:\\\/\\\/eurotech-iasi.ro\\\/magazinonline\\\/produs\\\/masina-manuala-pentru-taiere-gresie-faianta-montolit-masterpiuma-131p5-1310-mm\\\/#primaryimage\"},\"thumbnailUrl\":\"https:\\\/\\\/eurotech-iasi.ro\\\/magazinonline\\\/wp-content\\\/uploads\\\/2026\\\/05\\\/Masina-manuala-pentru-taiere-gresie-faianta-Montolit-MasterPiuma-131P5-1310-mm-2.png\",\"datePublished\":\"2026-05-12T15:01:36+00:00\",\"dateModified\":\"2026-05-12T15:12:23+00:00\",\"description\":\"Masina manuala pentru taiere gresie faianta Montolit MasterPiuma 131P5 1310 mmi este ideala pentru debitarea placilor gresie \u0219i faian\u021b\u0103 pentru profesioni\u0219ti.\",\"breadcrumb\":{\"@id\":\"https:\\\/\\\/eurotech-iasi.ro\\\/magazinonline\\\/produs\\\/masina-manuala-pentru-taiere-gresie-faianta-montolit-masterpiuma-131p5-1310-mm\\\/#breadcrumb\"},\"inLanguage\":\"ro-RO\",\"potentialAction\":[{\"@type\":\"ReadAction\",\"target\":[\"https:\\\/\\\/eurotech-iasi.ro\\\/magazinonline\\\/produs\\\/masina-manuala-pentru-taiere-gresie-faianta-montolit-masterpiuma-131p5-1310-mm\\\/\"]}]},{\"@type\":\"ImageObject\",\"inLanguage\":\"ro-RO\",\"@id\":\"https:\\\/\\\/eurotech-iasi.ro\\\/magazinonline\\\/produs\\\/masina-manuala-pentru-taiere-gresie-faianta-montolit-masterpiuma-131p5-1310-mm\\\/#primaryimage\",\"url\":\"https:\\\/\\\/eurotech-iasi.ro\\\/magazinonline\\\/wp-content\\\/uploads\\\/2026\\\/05\\\/Masina-manuala-pentru-taiere-gresie-faianta-Montolit-MasterPiuma-131P5-1310-mm-2.png\",\"contentUrl\":\"https:\\\/\\\/eurotech-iasi.ro\\\/magazinonline\\\/wp-content\\\/uploads\\\/2026\\\/05\\\/Masina-manuala-pentru-taiere-gresie-faianta-Montolit-MasterPiuma-131P5-1310-mm-2.png\",\"width\":750,\"height\":750,\"caption\":\"Masina manuala pentru taiere gresie faianta Montolit MasterPiuma 131P5 1310 mm\"},{\"@type\":\"BreadcrumbList\",\"@id\":\"https:\\\/\\\/eurotech-iasi.ro\\\/magazinonline\\\/produs\\\/masina-manuala-pentru-taiere-gresie-faianta-montolit-masterpiuma-131p5-1310-mm\\\/#breadcrumb\",\"itemListElement\":[{\"@type\":\"ListItem\",\"position\":1,\"name\":\"Prima pagin\u0103\",\"item\":\"https:\\\/\\\/eurotech-iasi.ro\\\/magazinonline\\\/\"},{\"@type\":\"ListItem\",\"position\":2,\"name\":\"Shop\",\"item\":\"https:\\\/\\\/eurotech-iasi.ro\\\/magazinonline\\\/shop\\\/\"},{\"@type\":\"ListItem\",\"position\":3,\"name\":\"Masina manuala pentru taiere gresie faianta Montolit MasterPiuma 131P5 1310 mm\"}]},{\"@type\":\"WebSite\",\"@id\":\"https:\\\/\\\/eurotech-iasi.ro\\\/magazinonline\\\/#website\",\"url\":\"https:\\\/\\\/eurotech-iasi.ro\\\/magazinonline\\\/\",\"name\":\"Eurotech Iasi\",\"description\":\"Cu oameni seriosi\",\"publisher\":{\"@id\":\"https:\\\/\\\/eurotech-iasi.ro\\\/magazinonline\\\/#organization\"},\"potentialAction\":[{\"@type\":\"SearchAction\",\"target\":{\"@type\":\"EntryPoint\",\"urlTemplate\":\"https:\\\/\\\/eurotech-iasi.ro\\\/magazinonline\\\/?s={search_term_string}\"},\"query-input\":{\"@type\":\"PropertyValueSpecification\",\"valueRequired\":true,\"valueName\":\"search_term_string\"}}],\"inLanguage\":\"ro-RO\"},{\"@type\":\"Organization\",\"@id\":\"https:\\\/\\\/eurotech-iasi.ro\\\/magazinonline\\\/#organization\",\"name\":\"Eurotech Iasi\",\"url\":\"https:\\\/\\\/eurotech-iasi.ro\\\/magazinonline\\\/\",\"logo\":{\"@type\":\"ImageObject\",\"inLanguage\":\"ro-RO\",\"@id\":\"https:\\\/\\\/eurotech-iasi.ro\\\/magazinonline\\\/#\\\/schema\\\/logo\\\/image\\\/\",\"url\":\"https:\\\/\\\/eurotech-iasi.ro\\\/magazinonline\\\/wp-content\\\/uploads\\\/2020\\\/08\\\/logo-eurotech.png\",\"contentUrl\":\"https:\\\/\\\/eurotech-iasi.ro\\\/magazinonline\\\/wp-content\\\/uploads\\\/2020\\\/08\\\/logo-eurotech.png\",\"width\":290,\"height\":70,\"caption\":\"Eurotech Iasi\"},\"image\":{\"@id\":\"https:\\\/\\\/eurotech-iasi.ro\\\/magazinonline\\\/#\\\/schema\\\/logo\\\/image\\\/\"},\"sameAs\":[\"https:\\\/\\\/www.facebook.com\\\/EurotechIasi\\\/\"]}]}<\/script>\n<!-- \/ Yoast SEO plugin. -->","yoast_head_json":{"title":"Masina manuala pentru taiere gresie faianta Montolit MasterPiuma 131P5 1310 mm - Eurotech Iasi","description":"Masina manuala pentru taiere gresie faianta Montolit MasterPiuma 131P5 1310 mmi este ideala pentru debitarea placilor gresie \u0219i faian\u021b\u0103 pentru profesioni\u0219ti.","robots":{"index":"index","follow":"follow","max-snippet":"max-snippet:-1","max-image-preview":"max-image-preview:large","max-video-preview":"max-video-preview:-1"},"canonical":"https:\/\/eurotech-iasi.ro\/magazinonline\/produs\/masina-manuala-pentru-taiere-gresie-faianta-montolit-masterpiuma-131p5-1310-mm\/","og_locale":"ro_RO","og_type":"article","og_title":"Masina manuala pentru taiere gresie faianta Montolit MasterPiuma 131P5 1310 mm - Eurotech Iasi","og_description":"Masina manuala pentru taiere gresie faianta Montolit MasterPiuma 131P5 1310 mmi este ideala pentru debitarea placilor gresie \u0219i faian\u021b\u0103 pentru profesioni\u0219ti.","og_url":"https:\/\/eurotech-iasi.ro\/magazinonline\/produs\/masina-manuala-pentru-taiere-gresie-faianta-montolit-masterpiuma-131p5-1310-mm\/","og_site_name":"Eurotech Iasi","article_publisher":"https:\/\/www.facebook.com\/EurotechIasi\/","article_modified_time":"2026-05-12T15:12:23+00:00","og_image":[{"width":750,"height":750,"url":"https:\/\/eurotech-iasi.ro\/magazinonline\/wp-content\/uploads\/2026\/05\/Masina-manuala-pentru-taiere-gresie-faianta-Montolit-MasterPiuma-131P5-1310-mm-2.png","type":"image\/png"}],"twitter_misc":{"Timp estimat pentru citire":"2 minute"},"schema":{"@context":"https:\/\/schema.org","@graph":[{"@type":"WebPage","@id":"https:\/\/eurotech-iasi.ro\/magazinonline\/produs\/masina-manuala-pentru-taiere-gresie-faianta-montolit-masterpiuma-131p5-1310-mm\/","url":"https:\/\/eurotech-iasi.ro\/magazinonline\/produs\/masina-manuala-pentru-taiere-gresie-faianta-montolit-masterpiuma-131p5-1310-mm\/","name":"Masina manuala pentru taiere gresie faianta Montolit MasterPiuma 131P5 1310 mm - Eurotech Iasi","isPartOf":{"@id":"https:\/\/eurotech-iasi.ro\/magazinonline\/#website"},"primaryImageOfPage":{"@id":"https:\/\/eurotech-iasi.ro\/magazinonline\/produs\/masina-manuala-pentru-taiere-gresie-faianta-montolit-masterpiuma-131p5-1310-mm\/#primaryimage"},"image":{"@id":"https:\/\/eurotech-iasi.ro\/magazinonline\/produs\/masina-manuala-pentru-taiere-gresie-faianta-montolit-masterpiuma-131p5-1310-mm\/#primaryimage"},"thumbnailUrl":"https:\/\/eurotech-iasi.ro\/magazinonline\/wp-content\/uploads\/2026\/05\/Masina-manuala-pentru-taiere-gresie-faianta-Montolit-MasterPiuma-131P5-1310-mm-2.png","datePublished":"2026-05-12T15:01:36+00:00","dateModified":"2026-05-12T15:12:23+00:00","description":"Masina manuala pentru taiere gresie faianta Montolit MasterPiuma 131P5 1310 mmi este ideala pentru debitarea placilor gresie \u0219i faian\u021b\u0103 pentru profesioni\u0219ti.","breadcrumb":{"@id":"https:\/\/eurotech-iasi.ro\/magazinonline\/produs\/masina-manuala-pentru-taiere-gresie-faianta-montolit-masterpiuma-131p5-1310-mm\/#breadcrumb"},"inLanguage":"ro-RO","potentialAction":[{"@type":"ReadAction","target":["https:\/\/eurotech-iasi.ro\/magazinonline\/produs\/masina-manuala-pentru-taiere-gresie-faianta-montolit-masterpiuma-131p5-1310-mm\/"]}]},{"@type":"ImageObject","inLanguage":"ro-RO","@id":"https:\/\/eurotech-iasi.ro\/magazinonline\/produs\/masina-manuala-pentru-taiere-gresie-faianta-montolit-masterpiuma-131p5-1310-mm\/#primaryimage","url":"https:\/\/eurotech-iasi.ro\/magazinonline\/wp-content\/uploads\/2026\/05\/Masina-manuala-pentru-taiere-gresie-faianta-Montolit-MasterPiuma-131P5-1310-mm-2.png","contentUrl":"https:\/\/eurotech-iasi.ro\/magazinonline\/wp-content\/uploads\/2026\/05\/Masina-manuala-pentru-taiere-gresie-faianta-Montolit-MasterPiuma-131P5-1310-mm-2.png","width":750,"height":750,"caption":"Masina manuala pentru taiere gresie faianta Montolit MasterPiuma 131P5 1310 mm"},{"@type":"BreadcrumbList","@id":"https:\/\/eurotech-iasi.ro\/magazinonline\/produs\/masina-manuala-pentru-taiere-gresie-faianta-montolit-masterpiuma-131p5-1310-mm\/#breadcrumb","itemListElement":[{"@type":"ListItem","position":1,"name":"Prima pagin\u0103","item":"https:\/\/eurotech-iasi.ro\/magazinonline\/"},{"@type":"ListItem","position":2,"name":"Shop","item":"https:\/\/eurotech-iasi.ro\/magazinonline\/shop\/"},{"@type":"ListItem","position":3,"name":"Masina manuala pentru taiere gresie faianta Montolit MasterPiuma 131P5 1310 mm"}]},{"@type":"WebSite","@id":"https:\/\/eurotech-iasi.ro\/magazinonline\/#website","url":"https:\/\/eurotech-iasi.ro\/magazinonline\/","name":"Eurotech Iasi","description":"Cu oameni seriosi","publisher":{"@id":"https:\/\/eurotech-iasi.ro\/magazinonline\/#organization"},"potentialAction":[{"@type":"SearchAction","target":{"@type":"EntryPoint","urlTemplate":"https:\/\/eurotech-iasi.ro\/magazinonline\/?s={search_term_string}"},"query-input":{"@type":"PropertyValueSpecification","valueRequired":true,"valueName":"search_term_string"}}],"inLanguage":"ro-RO"},{"@type":"Organization","@id":"https:\/\/eurotech-iasi.ro\/magazinonline\/#organization","name":"Eurotech Iasi","url":"https:\/\/eurotech-iasi.ro\/magazinonline\/","logo":{"@type":"ImageObject","inLanguage":"ro-RO","@id":"https:\/\/eurotech-iasi.ro\/magazinonline\/#\/schema\/logo\/image\/","url":"https:\/\/eurotech-iasi.ro\/magazinonline\/wp-content\/uploads\/2020\/08\/logo-eurotech.png","contentUrl":"https:\/\/eurotech-iasi.ro\/magazinonline\/wp-content\/uploads\/2020\/08\/logo-eurotech.png","width":290,"height":70,"caption":"Eurotech Iasi"},"image":{"@id":"https:\/\/eurotech-iasi.ro\/magazinonline\/#\/schema\/logo\/image\/"},"sameAs":["https:\/\/www.facebook.com\/EurotechIasi\/"]}]}},"_links":{"self":[{"href":"https:\/\/eurotech-iasi.ro\/magazinonline\/wp-json\/wp\/v2\/product\/115365","targetHints":{"allow":["GET"]}}],"collection":[{"href":"https:\/\/eurotech-iasi.ro\/magazinonline\/wp-json\/wp\/v2\/product"}],"about":[{"href":"https:\/\/eurotech-iasi.ro\/magazinonline\/wp-json\/wp\/v2\/types\/product"}],"replies":[{"embeddable":true,"href":"https:\/\/eurotech-iasi.ro\/magazinonline\/wp-json\/wp\/v2\/comments?post=115365"}],"wp:featuredmedia":[{"embeddable":true,"href":"https:\/\/eurotech-iasi.ro\/magazinonline\/wp-json\/wp\/v2\/media\/115367"}],"wp:attachment":[{"href":"https:\/\/eurotech-iasi.ro\/magazinonline\/wp-json\/wp\/v2\/media?parent=115365"}],"wp:term":[{"taxonomy":"product_cat","embeddable":true,"href":"https:\/\/eurotech-iasi.ro\/magazinonline\/wp-json\/wp\/v2\/product_cat?post=115365"},{"taxonomy":"product_tag","embeddable":true,"href":"https:\/\/eurotech-iasi.ro\/magazinonline\/wp-json\/wp\/v2\/product_tag?post=115365"},{"taxonomy":"woo-feed-brand","embeddable":true,"href":"https:\/\/eurotech-iasi.ro\/magazinonline\/wp-json\/wp\/v2\/woo-feed-brand?post=115365"}],"curies":[{"name":"wp","href":"https:\/\/api.w.org\/{rel}","templated":true}]}}