{"id":11584,"date":"2018-06-15T11:16:47","date_gmt":"2018-06-15T08:16:47","guid":{"rendered":"https:\/\/eurotech-iasi.ro\/?post_type=product&#038;p=11584"},"modified":"2025-04-02T15:18:19","modified_gmt":"2025-04-02T12:18:19","slug":"ciocan-rotopercutor-sds-plus-makita-dhr264z-2-x-18-v-2-5-j-1200-rpm-4800-batai-min","status":"publish","type":"product","link":"https:\/\/eurotech-iasi.ro\/magazinonline\/produs\/ciocan-rotopercutor-sds-plus-makita-dhr264z-2-x-18-v-2-5-j-1200-rpm-4800-batai-min\/","title":{"rendered":"Ciocan rotopercutor MAKITA DHR264Z"},"content":{"rendered":"<p><strong>Ciocan rotopercutor MAKITA DHR264Z<\/strong>, fara acumulatori si incarcator, cu <em><strong>3 moduri de operare<\/strong><\/em> &#8211; rotatie si rotatie cu percutie si perctie. <em><strong>Mandrina rapida<\/strong><\/em> permite schimbarea usoara a accesoriilor. <em><strong>Controlul electronic al turatiei<\/strong><\/em> permite selectarea vitezei optime de lucru. <em><strong>Limitatorul de cuplu<\/strong><\/em> opreste functionarea masinii in momentul in care se intalneste armatura. Prevazut cu LED pentru iluminarea zonei de lucru.<\/p>\n<p><strong>Set de livrare<\/strong>:<br \/>\n&#8211; Mandrina rapida HR2450T\/HR2630T<br \/>\n&#8211; Mandrina rapida SDS PT. HR2450T<\/p>\n","protected":false},"excerpt":{"rendered":"<p><strong><em><span style=\"color: red;\">Setul de livrare nu include acumulator si incarcator!<\/span><\/em><\/strong><\/p>\n<p><strong>Ciocan rotopercutor MAKITA DHR264Z<\/strong>, fara acumulator si incarcator, destinat atat activitatilor interioare cat si celor exterioare.<\/p>\n<p>Cod produs:\u00a0DHR264Z<\/p>\n","protected":false},"featured_media":11594,"comment_status":"open","ping_status":"closed","template":"","meta":{"_acf_changed":false},"product_cat":[4347,4335],"product_tag":[2386,3611,3612,3613,3610],"woo-feed-brand":[],"class_list":{"0":"post-11584","1":"product","2":"type-product","3":"status-publish","4":"has-post-thumbnail","6":"product_brand-makita","7":"product_cat-ciocane-rotopercutoare-cu-acumulator","8":"product_cat-scule-electrice-cu-acumulatori","9":"product_tag-1200-rpm","10":"product_tag-2-x-18-v","11":"product_tag-2-5-j","12":"product_tag-4800-batai-min","13":"product_tag-ciocan-rotopercutor-sds-plus-makita-dhr264z","14":"pa_brand-makita","15":"pa_dimensiuni-374x116x232-mm","16":"pa_energie-de-impact-25-j","17":"pa_greutate-37-kg","18":"pa_nivel-vibratii-155-m-s2","19":"pa_nivel-zgomot-105-db","20":"pa_turatie-de-mers-in-gol-1-250-rpm","22":"first","23":"instock","24":"purchasable","25":"product-type-simple"},"acf":[],"yoast_head":"<!-- This site is optimized with the Yoast SEO plugin v27.3 - https:\/\/yoast.com\/product\/yoast-seo-wordpress\/ -->\n<title>Ciocan rotopercutor MAKITA DHR264Z - Eurotech Iasi<\/title>\n<meta name=\"description\" content=\"Ciocan rotopercutor MAKITA DHR264Z, f\u0103r\u0103 acumulator \u0219i \u00eenc\u0103rc\u0103tor, are 3 moduri de operare fiind destinat at\u00e2t activit\u0103\u021bilor interioare c\u00e2t \u0219i celor exterioare.\" \/>\n<meta name=\"robots\" content=\"index, follow, max-snippet:-1, max-image-preview:large, max-video-preview:-1\" \/>\n<link rel=\"canonical\" href=\"https:\/\/eurotech-iasi.ro\/magazinonline\/produs\/ciocan-rotopercutor-sds-plus-makita-dhr264z-2-x-18-v-2-5-j-1200-rpm-4800-batai-min\/\" \/>\n<meta property=\"og:locale\" content=\"ro_RO\" \/>\n<meta property=\"og:type\" content=\"article\" \/>\n<meta property=\"og:title\" content=\"Ciocan rotopercutor MAKITA DHR264Z - Eurotech Iasi\" \/>\n<meta property=\"og:description\" content=\"Ciocan rotopercutor MAKITA DHR264Z, f\u0103r\u0103 acumulator \u0219i \u00eenc\u0103rc\u0103tor, are 3 moduri de operare fiind destinat at\u00e2t activit\u0103\u021bilor interioare c\u00e2t \u0219i celor exterioare.\" \/>\n<meta property=\"og:url\" content=\"https:\/\/eurotech-iasi.ro\/magazinonline\/produs\/ciocan-rotopercutor-sds-plus-makita-dhr264z-2-x-18-v-2-5-j-1200-rpm-4800-batai-min\/\" \/>\n<meta property=\"og:site_name\" content=\"Eurotech Iasi\" \/>\n<meta property=\"article:publisher\" content=\"https:\/\/www.facebook.com\/EurotechIasi\/\" \/>\n<meta property=\"article:modified_time\" content=\"2025-04-02T12:18:19+00:00\" \/>\n<meta property=\"og:image\" content=\"https:\/\/eurotech-iasi.ro\/magazinonline\/wp-content\/uploads\/2018\/06\/Ciocan-rotopercutor-SDS-PLUS-Makita-DHR264Z-2-x-18-V-2.5-J-1200-rpm-4800-batai-min.jpg\" \/>\n\t<meta property=\"og:image:width\" content=\"710\" \/>\n\t<meta property=\"og:image:height\" content=\"710\" \/>\n\t<meta property=\"og:image:type\" content=\"image\/jpeg\" \/>\n<script type=\"application\/ld+json\" class=\"yoast-schema-graph\">{\"@context\":\"https:\\\/\\\/schema.org\",\"@graph\":[{\"@type\":\"WebPage\",\"@id\":\"https:\\\/\\\/eurotech-iasi.ro\\\/magazinonline\\\/produs\\\/ciocan-rotopercutor-sds-plus-makita-dhr264z-2-x-18-v-2-5-j-1200-rpm-4800-batai-min\\\/\",\"url\":\"https:\\\/\\\/eurotech-iasi.ro\\\/magazinonline\\\/produs\\\/ciocan-rotopercutor-sds-plus-makita-dhr264z-2-x-18-v-2-5-j-1200-rpm-4800-batai-min\\\/\",\"name\":\"Ciocan rotopercutor MAKITA DHR264Z - Eurotech Iasi\",\"isPartOf\":{\"@id\":\"https:\\\/\\\/eurotech-iasi.ro\\\/magazinonline\\\/#website\"},\"primaryImageOfPage\":{\"@id\":\"https:\\\/\\\/eurotech-iasi.ro\\\/magazinonline\\\/produs\\\/ciocan-rotopercutor-sds-plus-makita-dhr264z-2-x-18-v-2-5-j-1200-rpm-4800-batai-min\\\/#primaryimage\"},\"image\":{\"@id\":\"https:\\\/\\\/eurotech-iasi.ro\\\/magazinonline\\\/produs\\\/ciocan-rotopercutor-sds-plus-makita-dhr264z-2-x-18-v-2-5-j-1200-rpm-4800-batai-min\\\/#primaryimage\"},\"thumbnailUrl\":\"https:\\\/\\\/eurotech-iasi.ro\\\/magazinonline\\\/wp-content\\\/uploads\\\/2018\\\/06\\\/Ciocan-rotopercutor-SDS-PLUS-Makita-DHR264Z-2-x-18-V-2.5-J-1200-rpm-4800-batai-min.jpg\",\"datePublished\":\"2018-06-15T08:16:47+00:00\",\"dateModified\":\"2025-04-02T12:18:19+00:00\",\"description\":\"Ciocan rotopercutor MAKITA DHR264Z, f\u0103r\u0103 acumulator \u0219i \u00eenc\u0103rc\u0103tor, are 3 moduri de operare fiind destinat at\u00e2t activit\u0103\u021bilor interioare c\u00e2t \u0219i celor exterioare.\",\"breadcrumb\":{\"@id\":\"https:\\\/\\\/eurotech-iasi.ro\\\/magazinonline\\\/produs\\\/ciocan-rotopercutor-sds-plus-makita-dhr264z-2-x-18-v-2-5-j-1200-rpm-4800-batai-min\\\/#breadcrumb\"},\"inLanguage\":\"ro-RO\",\"potentialAction\":[{\"@type\":\"ReadAction\",\"target\":[\"https:\\\/\\\/eurotech-iasi.ro\\\/magazinonline\\\/produs\\\/ciocan-rotopercutor-sds-plus-makita-dhr264z-2-x-18-v-2-5-j-1200-rpm-4800-batai-min\\\/\"]}]},{\"@type\":\"ImageObject\",\"inLanguage\":\"ro-RO\",\"@id\":\"https:\\\/\\\/eurotech-iasi.ro\\\/magazinonline\\\/produs\\\/ciocan-rotopercutor-sds-plus-makita-dhr264z-2-x-18-v-2-5-j-1200-rpm-4800-batai-min\\\/#primaryimage\",\"url\":\"https:\\\/\\\/eurotech-iasi.ro\\\/magazinonline\\\/wp-content\\\/uploads\\\/2018\\\/06\\\/Ciocan-rotopercutor-SDS-PLUS-Makita-DHR264Z-2-x-18-V-2.5-J-1200-rpm-4800-batai-min.jpg\",\"contentUrl\":\"https:\\\/\\\/eurotech-iasi.ro\\\/magazinonline\\\/wp-content\\\/uploads\\\/2018\\\/06\\\/Ciocan-rotopercutor-SDS-PLUS-Makita-DHR264Z-2-x-18-V-2.5-J-1200-rpm-4800-batai-min.jpg\",\"width\":710,\"height\":710},{\"@type\":\"BreadcrumbList\",\"@id\":\"https:\\\/\\\/eurotech-iasi.ro\\\/magazinonline\\\/produs\\\/ciocan-rotopercutor-sds-plus-makita-dhr264z-2-x-18-v-2-5-j-1200-rpm-4800-batai-min\\\/#breadcrumb\",\"itemListElement\":[{\"@type\":\"ListItem\",\"position\":1,\"name\":\"Prima pagin\u0103\",\"item\":\"https:\\\/\\\/eurotech-iasi.ro\\\/magazinonline\\\/\"},{\"@type\":\"ListItem\",\"position\":2,\"name\":\"Shop\",\"item\":\"https:\\\/\\\/eurotech-iasi.ro\\\/magazinonline\\\/shop\\\/\"},{\"@type\":\"ListItem\",\"position\":3,\"name\":\"Ciocan rotopercutor MAKITA DHR264Z\"}]},{\"@type\":\"WebSite\",\"@id\":\"https:\\\/\\\/eurotech-iasi.ro\\\/magazinonline\\\/#website\",\"url\":\"https:\\\/\\\/eurotech-iasi.ro\\\/magazinonline\\\/\",\"name\":\"Eurotech Iasi\",\"description\":\"Cu oameni seriosi\",\"publisher\":{\"@id\":\"https:\\\/\\\/eurotech-iasi.ro\\\/magazinonline\\\/#organization\"},\"potentialAction\":[{\"@type\":\"SearchAction\",\"target\":{\"@type\":\"EntryPoint\",\"urlTemplate\":\"https:\\\/\\\/eurotech-iasi.ro\\\/magazinonline\\\/?s={search_term_string}\"},\"query-input\":{\"@type\":\"PropertyValueSpecification\",\"valueRequired\":true,\"valueName\":\"search_term_string\"}}],\"inLanguage\":\"ro-RO\"},{\"@type\":\"Organization\",\"@id\":\"https:\\\/\\\/eurotech-iasi.ro\\\/magazinonline\\\/#organization\",\"name\":\"Eurotech Iasi\",\"url\":\"https:\\\/\\\/eurotech-iasi.ro\\\/magazinonline\\\/\",\"logo\":{\"@type\":\"ImageObject\",\"inLanguage\":\"ro-RO\",\"@id\":\"https:\\\/\\\/eurotech-iasi.ro\\\/magazinonline\\\/#\\\/schema\\\/logo\\\/image\\\/\",\"url\":\"https:\\\/\\\/eurotech-iasi.ro\\\/magazinonline\\\/wp-content\\\/uploads\\\/2020\\\/08\\\/logo-eurotech.png\",\"contentUrl\":\"https:\\\/\\\/eurotech-iasi.ro\\\/magazinonline\\\/wp-content\\\/uploads\\\/2020\\\/08\\\/logo-eurotech.png\",\"width\":290,\"height\":70,\"caption\":\"Eurotech Iasi\"},\"image\":{\"@id\":\"https:\\\/\\\/eurotech-iasi.ro\\\/magazinonline\\\/#\\\/schema\\\/logo\\\/image\\\/\"},\"sameAs\":[\"https:\\\/\\\/www.facebook.com\\\/EurotechIasi\\\/\"]}]}<\/script>\n<!-- \/ Yoast SEO plugin. -->","yoast_head_json":{"title":"Ciocan rotopercutor MAKITA DHR264Z - Eurotech Iasi","description":"Ciocan rotopercutor MAKITA DHR264Z, f\u0103r\u0103 acumulator \u0219i \u00eenc\u0103rc\u0103tor, are 3 moduri de operare fiind destinat at\u00e2t activit\u0103\u021bilor interioare c\u00e2t \u0219i celor exterioare.","robots":{"index":"index","follow":"follow","max-snippet":"max-snippet:-1","max-image-preview":"max-image-preview:large","max-video-preview":"max-video-preview:-1"},"canonical":"https:\/\/eurotech-iasi.ro\/magazinonline\/produs\/ciocan-rotopercutor-sds-plus-makita-dhr264z-2-x-18-v-2-5-j-1200-rpm-4800-batai-min\/","og_locale":"ro_RO","og_type":"article","og_title":"Ciocan rotopercutor MAKITA DHR264Z - Eurotech Iasi","og_description":"Ciocan rotopercutor MAKITA DHR264Z, f\u0103r\u0103 acumulator \u0219i \u00eenc\u0103rc\u0103tor, are 3 moduri de operare fiind destinat at\u00e2t activit\u0103\u021bilor interioare c\u00e2t \u0219i celor exterioare.","og_url":"https:\/\/eurotech-iasi.ro\/magazinonline\/produs\/ciocan-rotopercutor-sds-plus-makita-dhr264z-2-x-18-v-2-5-j-1200-rpm-4800-batai-min\/","og_site_name":"Eurotech Iasi","article_publisher":"https:\/\/www.facebook.com\/EurotechIasi\/","article_modified_time":"2025-04-02T12:18:19+00:00","og_image":[{"width":710,"height":710,"url":"https:\/\/eurotech-iasi.ro\/magazinonline\/wp-content\/uploads\/2018\/06\/Ciocan-rotopercutor-SDS-PLUS-Makita-DHR264Z-2-x-18-V-2.5-J-1200-rpm-4800-batai-min.jpg","type":"image\/jpeg"}],"schema":{"@context":"https:\/\/schema.org","@graph":[{"@type":"WebPage","@id":"https:\/\/eurotech-iasi.ro\/magazinonline\/produs\/ciocan-rotopercutor-sds-plus-makita-dhr264z-2-x-18-v-2-5-j-1200-rpm-4800-batai-min\/","url":"https:\/\/eurotech-iasi.ro\/magazinonline\/produs\/ciocan-rotopercutor-sds-plus-makita-dhr264z-2-x-18-v-2-5-j-1200-rpm-4800-batai-min\/","name":"Ciocan rotopercutor MAKITA DHR264Z - Eurotech Iasi","isPartOf":{"@id":"https:\/\/eurotech-iasi.ro\/magazinonline\/#website"},"primaryImageOfPage":{"@id":"https:\/\/eurotech-iasi.ro\/magazinonline\/produs\/ciocan-rotopercutor-sds-plus-makita-dhr264z-2-x-18-v-2-5-j-1200-rpm-4800-batai-min\/#primaryimage"},"image":{"@id":"https:\/\/eurotech-iasi.ro\/magazinonline\/produs\/ciocan-rotopercutor-sds-plus-makita-dhr264z-2-x-18-v-2-5-j-1200-rpm-4800-batai-min\/#primaryimage"},"thumbnailUrl":"https:\/\/eurotech-iasi.ro\/magazinonline\/wp-content\/uploads\/2018\/06\/Ciocan-rotopercutor-SDS-PLUS-Makita-DHR264Z-2-x-18-V-2.5-J-1200-rpm-4800-batai-min.jpg","datePublished":"2018-06-15T08:16:47+00:00","dateModified":"2025-04-02T12:18:19+00:00","description":"Ciocan rotopercutor MAKITA DHR264Z, f\u0103r\u0103 acumulator \u0219i \u00eenc\u0103rc\u0103tor, are 3 moduri de operare fiind destinat at\u00e2t activit\u0103\u021bilor interioare c\u00e2t \u0219i celor exterioare.","breadcrumb":{"@id":"https:\/\/eurotech-iasi.ro\/magazinonline\/produs\/ciocan-rotopercutor-sds-plus-makita-dhr264z-2-x-18-v-2-5-j-1200-rpm-4800-batai-min\/#breadcrumb"},"inLanguage":"ro-RO","potentialAction":[{"@type":"ReadAction","target":["https:\/\/eurotech-iasi.ro\/magazinonline\/produs\/ciocan-rotopercutor-sds-plus-makita-dhr264z-2-x-18-v-2-5-j-1200-rpm-4800-batai-min\/"]}]},{"@type":"ImageObject","inLanguage":"ro-RO","@id":"https:\/\/eurotech-iasi.ro\/magazinonline\/produs\/ciocan-rotopercutor-sds-plus-makita-dhr264z-2-x-18-v-2-5-j-1200-rpm-4800-batai-min\/#primaryimage","url":"https:\/\/eurotech-iasi.ro\/magazinonline\/wp-content\/uploads\/2018\/06\/Ciocan-rotopercutor-SDS-PLUS-Makita-DHR264Z-2-x-18-V-2.5-J-1200-rpm-4800-batai-min.jpg","contentUrl":"https:\/\/eurotech-iasi.ro\/magazinonline\/wp-content\/uploads\/2018\/06\/Ciocan-rotopercutor-SDS-PLUS-Makita-DHR264Z-2-x-18-V-2.5-J-1200-rpm-4800-batai-min.jpg","width":710,"height":710},{"@type":"BreadcrumbList","@id":"https:\/\/eurotech-iasi.ro\/magazinonline\/produs\/ciocan-rotopercutor-sds-plus-makita-dhr264z-2-x-18-v-2-5-j-1200-rpm-4800-batai-min\/#breadcrumb","itemListElement":[{"@type":"ListItem","position":1,"name":"Prima pagin\u0103","item":"https:\/\/eurotech-iasi.ro\/magazinonline\/"},{"@type":"ListItem","position":2,"name":"Shop","item":"https:\/\/eurotech-iasi.ro\/magazinonline\/shop\/"},{"@type":"ListItem","position":3,"name":"Ciocan rotopercutor MAKITA DHR264Z"}]},{"@type":"WebSite","@id":"https:\/\/eurotech-iasi.ro\/magazinonline\/#website","url":"https:\/\/eurotech-iasi.ro\/magazinonline\/","name":"Eurotech Iasi","description":"Cu oameni seriosi","publisher":{"@id":"https:\/\/eurotech-iasi.ro\/magazinonline\/#organization"},"potentialAction":[{"@type":"SearchAction","target":{"@type":"EntryPoint","urlTemplate":"https:\/\/eurotech-iasi.ro\/magazinonline\/?s={search_term_string}"},"query-input":{"@type":"PropertyValueSpecification","valueRequired":true,"valueName":"search_term_string"}}],"inLanguage":"ro-RO"},{"@type":"Organization","@id":"https:\/\/eurotech-iasi.ro\/magazinonline\/#organization","name":"Eurotech Iasi","url":"https:\/\/eurotech-iasi.ro\/magazinonline\/","logo":{"@type":"ImageObject","inLanguage":"ro-RO","@id":"https:\/\/eurotech-iasi.ro\/magazinonline\/#\/schema\/logo\/image\/","url":"https:\/\/eurotech-iasi.ro\/magazinonline\/wp-content\/uploads\/2020\/08\/logo-eurotech.png","contentUrl":"https:\/\/eurotech-iasi.ro\/magazinonline\/wp-content\/uploads\/2020\/08\/logo-eurotech.png","width":290,"height":70,"caption":"Eurotech Iasi"},"image":{"@id":"https:\/\/eurotech-iasi.ro\/magazinonline\/#\/schema\/logo\/image\/"},"sameAs":["https:\/\/www.facebook.com\/EurotechIasi\/"]}]}},"_links":{"self":[{"href":"https:\/\/eurotech-iasi.ro\/magazinonline\/wp-json\/wp\/v2\/product\/11584","targetHints":{"allow":["GET"]}}],"collection":[{"href":"https:\/\/eurotech-iasi.ro\/magazinonline\/wp-json\/wp\/v2\/product"}],"about":[{"href":"https:\/\/eurotech-iasi.ro\/magazinonline\/wp-json\/wp\/v2\/types\/product"}],"replies":[{"embeddable":true,"href":"https:\/\/eurotech-iasi.ro\/magazinonline\/wp-json\/wp\/v2\/comments?post=11584"}],"wp:featuredmedia":[{"embeddable":true,"href":"https:\/\/eurotech-iasi.ro\/magazinonline\/wp-json\/wp\/v2\/media\/11594"}],"wp:attachment":[{"href":"https:\/\/eurotech-iasi.ro\/magazinonline\/wp-json\/wp\/v2\/media?parent=11584"}],"wp:term":[{"taxonomy":"product_cat","embeddable":true,"href":"https:\/\/eurotech-iasi.ro\/magazinonline\/wp-json\/wp\/v2\/product_cat?post=11584"},{"taxonomy":"product_tag","embeddable":true,"href":"https:\/\/eurotech-iasi.ro\/magazinonline\/wp-json\/wp\/v2\/product_tag?post=11584"},{"taxonomy":"woo-feed-brand","embeddable":true,"href":"https:\/\/eurotech-iasi.ro\/magazinonline\/wp-json\/wp\/v2\/woo-feed-brand?post=11584"}],"curies":[{"name":"wp","href":"https:\/\/api.w.org\/{rel}","templated":true}]}}