{"id":11602,"date":"2018-06-15T12:46:24","date_gmt":"2018-06-15T09:46:24","guid":{"rendered":"https:\/\/eurotech-iasi.ro\/?post_type=product&#038;p=11602"},"modified":"2025-04-02T15:16:53","modified_gmt":"2025-04-02T12:16:53","slug":"masina-de-slefuit-cu-banda-makita-9911-650-w-75-270-m-min-duza-pentru-aspirare","status":"publish","type":"product","link":"https:\/\/eurotech-iasi.ro\/magazinonline\/produs\/masina-de-slefuit-cu-banda-makita-9911-650-w-75-270-m-min-duza-pentru-aspirare\/","title":{"rendered":"Masina de slefuit cu banda MAKITA 9911"},"content":{"rendered":"<p><strong>Masina de slefuit cu banda MAKITA 9911<\/strong>, dotata cu un motor de <strong>650 W<\/strong>, este compacta si usoara. Duza pentru conectarea unei instalatii de aspiratie pentru praf. Controlul electronic al turatiei permite selectarea vitezei optime de lucru. Nivel de zgomot redus. Sistem de pozi\u021bionare automata, banda abraziva sta in pozitia corecta de slefuire si nu trebuie ajustata.<\/p>\n<p><strong>Set de livrare<\/strong>:<br \/>\n&#8211; Sac colector pentru praf<br \/>\n&#8211; Bana pentru slefuit gr. 80<\/p>\n","protected":false},"excerpt":{"rendered":"<p><strong>Masina de slefuit cu banda MAKITA 9911 <\/strong>este usoara si compacta potrivindu-se in mainile oricarei persoane.<\/p>\n<p>Cod produs: 9911<\/p>\n","protected":false},"featured_media":11606,"comment_status":"open","ping_status":"closed","template":"","meta":{"_acf_changed":false},"product_cat":[4306,4317,4331],"product_tag":[3617,3618,3619,3616],"woo-feed-brand":[],"class_list":{"0":"post-11602","1":"product","2":"type-product","3":"status-publish","4":"has-post-thumbnail","6":"product_brand-makita","7":"product_cat-scule-electrice","8":"product_cat-slefuitoare","9":"product_cat-slefuitoare-cu-banda","10":"product_tag-650-w","11":"product_tag-75-270-m-min","12":"product_tag-duza-pentru-aspirare","13":"product_tag-masina-de-slefuit-cu-banda-makita-9911","14":"pa_brand-makita","15":"pa_greutate-26-kg","16":"pa_nivel-vibratii-25-m-s2","17":"pa_nivel-zgomot-94-db","18":"pa_putere-motor-650-w","20":"first","21":"instock","22":"purchasable","23":"product-type-simple"},"acf":[],"yoast_head":"<!-- This site is optimized with the Yoast SEO plugin v27.5 - https:\/\/yoast.com\/product\/yoast-seo-wordpress\/ -->\n<title>Masina de slefuit cu banda MAKITA 9911 - Eurotech Iasi<\/title>\n<meta name=\"description\" content=\"Ma\u0219in\u0103 de \u0219lefuit cu band\u0103 MAKITA 9911, dotat\u0103 cu motor de 650 W, este u\u0219oar\u0103 \u0219i compact\u0103 potrivindu-se \u00een m\u00e2inile oric\u0103rei persoane.\" \/>\n<meta name=\"robots\" content=\"index, follow, max-snippet:-1, max-image-preview:large, max-video-preview:-1\" \/>\n<link rel=\"canonical\" href=\"https:\/\/eurotech-iasi.ro\/magazinonline\/produs\/masina-de-slefuit-cu-banda-makita-9911-650-w-75-270-m-min-duza-pentru-aspirare\/\" \/>\n<meta property=\"og:locale\" content=\"ro_RO\" \/>\n<meta property=\"og:type\" content=\"article\" \/>\n<meta property=\"og:title\" content=\"Masina de slefuit cu banda MAKITA 9911 - Eurotech Iasi\" \/>\n<meta property=\"og:description\" content=\"Ma\u0219in\u0103 de \u0219lefuit cu band\u0103 MAKITA 9911, dotat\u0103 cu motor de 650 W, este u\u0219oar\u0103 \u0219i compact\u0103 potrivindu-se \u00een m\u00e2inile oric\u0103rei persoane.\" \/>\n<meta property=\"og:url\" content=\"https:\/\/eurotech-iasi.ro\/magazinonline\/produs\/masina-de-slefuit-cu-banda-makita-9911-650-w-75-270-m-min-duza-pentru-aspirare\/\" \/>\n<meta property=\"og:site_name\" content=\"Eurotech Iasi\" \/>\n<meta property=\"article:publisher\" content=\"https:\/\/www.facebook.com\/EurotechIasi\/\" \/>\n<meta property=\"article:modified_time\" content=\"2025-04-02T12:16:53+00:00\" \/>\n<meta property=\"og:image\" content=\"https:\/\/eurotech-iasi.ro\/magazinonline\/wp-content\/uploads\/2018\/06\/Masina-de-slefuit-cu-banda-Makita-9911-650-W-75-270-m-min-duza-pentru-aspirare.jpg\" \/>\n\t<meta property=\"og:image:width\" content=\"710\" \/>\n\t<meta property=\"og:image:height\" content=\"710\" \/>\n\t<meta property=\"og:image:type\" content=\"image\/jpeg\" \/>\n<script type=\"application\/ld+json\" class=\"yoast-schema-graph\">{\"@context\":\"https:\\\/\\\/schema.org\",\"@graph\":[{\"@type\":\"WebPage\",\"@id\":\"https:\\\/\\\/eurotech-iasi.ro\\\/magazinonline\\\/produs\\\/masina-de-slefuit-cu-banda-makita-9911-650-w-75-270-m-min-duza-pentru-aspirare\\\/\",\"url\":\"https:\\\/\\\/eurotech-iasi.ro\\\/magazinonline\\\/produs\\\/masina-de-slefuit-cu-banda-makita-9911-650-w-75-270-m-min-duza-pentru-aspirare\\\/\",\"name\":\"Masina de slefuit cu banda MAKITA 9911 - Eurotech Iasi\",\"isPartOf\":{\"@id\":\"https:\\\/\\\/eurotech-iasi.ro\\\/magazinonline\\\/#website\"},\"primaryImageOfPage\":{\"@id\":\"https:\\\/\\\/eurotech-iasi.ro\\\/magazinonline\\\/produs\\\/masina-de-slefuit-cu-banda-makita-9911-650-w-75-270-m-min-duza-pentru-aspirare\\\/#primaryimage\"},\"image\":{\"@id\":\"https:\\\/\\\/eurotech-iasi.ro\\\/magazinonline\\\/produs\\\/masina-de-slefuit-cu-banda-makita-9911-650-w-75-270-m-min-duza-pentru-aspirare\\\/#primaryimage\"},\"thumbnailUrl\":\"https:\\\/\\\/eurotech-iasi.ro\\\/magazinonline\\\/wp-content\\\/uploads\\\/2018\\\/06\\\/Masina-de-slefuit-cu-banda-Makita-9911-650-W-75-270-m-min-duza-pentru-aspirare.jpg\",\"datePublished\":\"2018-06-15T09:46:24+00:00\",\"dateModified\":\"2025-04-02T12:16:53+00:00\",\"description\":\"Ma\u0219in\u0103 de \u0219lefuit cu band\u0103 MAKITA 9911, dotat\u0103 cu motor de 650 W, este u\u0219oar\u0103 \u0219i compact\u0103 potrivindu-se \u00een m\u00e2inile oric\u0103rei persoane.\",\"breadcrumb\":{\"@id\":\"https:\\\/\\\/eurotech-iasi.ro\\\/magazinonline\\\/produs\\\/masina-de-slefuit-cu-banda-makita-9911-650-w-75-270-m-min-duza-pentru-aspirare\\\/#breadcrumb\"},\"inLanguage\":\"ro-RO\",\"potentialAction\":[{\"@type\":\"ReadAction\",\"target\":[\"https:\\\/\\\/eurotech-iasi.ro\\\/magazinonline\\\/produs\\\/masina-de-slefuit-cu-banda-makita-9911-650-w-75-270-m-min-duza-pentru-aspirare\\\/\"]}]},{\"@type\":\"ImageObject\",\"inLanguage\":\"ro-RO\",\"@id\":\"https:\\\/\\\/eurotech-iasi.ro\\\/magazinonline\\\/produs\\\/masina-de-slefuit-cu-banda-makita-9911-650-w-75-270-m-min-duza-pentru-aspirare\\\/#primaryimage\",\"url\":\"https:\\\/\\\/eurotech-iasi.ro\\\/magazinonline\\\/wp-content\\\/uploads\\\/2018\\\/06\\\/Masina-de-slefuit-cu-banda-Makita-9911-650-W-75-270-m-min-duza-pentru-aspirare.jpg\",\"contentUrl\":\"https:\\\/\\\/eurotech-iasi.ro\\\/magazinonline\\\/wp-content\\\/uploads\\\/2018\\\/06\\\/Masina-de-slefuit-cu-banda-Makita-9911-650-W-75-270-m-min-duza-pentru-aspirare.jpg\",\"width\":710,\"height\":710},{\"@type\":\"BreadcrumbList\",\"@id\":\"https:\\\/\\\/eurotech-iasi.ro\\\/magazinonline\\\/produs\\\/masina-de-slefuit-cu-banda-makita-9911-650-w-75-270-m-min-duza-pentru-aspirare\\\/#breadcrumb\",\"itemListElement\":[{\"@type\":\"ListItem\",\"position\":1,\"name\":\"Prima pagin\u0103\",\"item\":\"https:\\\/\\\/eurotech-iasi.ro\\\/magazinonline\\\/\"},{\"@type\":\"ListItem\",\"position\":2,\"name\":\"Shop\",\"item\":\"https:\\\/\\\/eurotech-iasi.ro\\\/magazinonline\\\/shop\\\/\"},{\"@type\":\"ListItem\",\"position\":3,\"name\":\"Masina de slefuit cu banda MAKITA 9911\"}]},{\"@type\":\"WebSite\",\"@id\":\"https:\\\/\\\/eurotech-iasi.ro\\\/magazinonline\\\/#website\",\"url\":\"https:\\\/\\\/eurotech-iasi.ro\\\/magazinonline\\\/\",\"name\":\"Eurotech Iasi\",\"description\":\"Cu oameni seriosi\",\"publisher\":{\"@id\":\"https:\\\/\\\/eurotech-iasi.ro\\\/magazinonline\\\/#organization\"},\"potentialAction\":[{\"@type\":\"SearchAction\",\"target\":{\"@type\":\"EntryPoint\",\"urlTemplate\":\"https:\\\/\\\/eurotech-iasi.ro\\\/magazinonline\\\/?s={search_term_string}\"},\"query-input\":{\"@type\":\"PropertyValueSpecification\",\"valueRequired\":true,\"valueName\":\"search_term_string\"}}],\"inLanguage\":\"ro-RO\"},{\"@type\":\"Organization\",\"@id\":\"https:\\\/\\\/eurotech-iasi.ro\\\/magazinonline\\\/#organization\",\"name\":\"Eurotech Iasi\",\"url\":\"https:\\\/\\\/eurotech-iasi.ro\\\/magazinonline\\\/\",\"logo\":{\"@type\":\"ImageObject\",\"inLanguage\":\"ro-RO\",\"@id\":\"https:\\\/\\\/eurotech-iasi.ro\\\/magazinonline\\\/#\\\/schema\\\/logo\\\/image\\\/\",\"url\":\"https:\\\/\\\/eurotech-iasi.ro\\\/magazinonline\\\/wp-content\\\/uploads\\\/2020\\\/08\\\/logo-eurotech.png\",\"contentUrl\":\"https:\\\/\\\/eurotech-iasi.ro\\\/magazinonline\\\/wp-content\\\/uploads\\\/2020\\\/08\\\/logo-eurotech.png\",\"width\":290,\"height\":70,\"caption\":\"Eurotech Iasi\"},\"image\":{\"@id\":\"https:\\\/\\\/eurotech-iasi.ro\\\/magazinonline\\\/#\\\/schema\\\/logo\\\/image\\\/\"},\"sameAs\":[\"https:\\\/\\\/www.facebook.com\\\/EurotechIasi\\\/\"]}]}<\/script>\n<!-- \/ Yoast SEO plugin. -->","yoast_head_json":{"title":"Masina de slefuit cu banda MAKITA 9911 - Eurotech Iasi","description":"Ma\u0219in\u0103 de \u0219lefuit cu band\u0103 MAKITA 9911, dotat\u0103 cu motor de 650 W, este u\u0219oar\u0103 \u0219i compact\u0103 potrivindu-se \u00een m\u00e2inile oric\u0103rei persoane.","robots":{"index":"index","follow":"follow","max-snippet":"max-snippet:-1","max-image-preview":"max-image-preview:large","max-video-preview":"max-video-preview:-1"},"canonical":"https:\/\/eurotech-iasi.ro\/magazinonline\/produs\/masina-de-slefuit-cu-banda-makita-9911-650-w-75-270-m-min-duza-pentru-aspirare\/","og_locale":"ro_RO","og_type":"article","og_title":"Masina de slefuit cu banda MAKITA 9911 - Eurotech Iasi","og_description":"Ma\u0219in\u0103 de \u0219lefuit cu band\u0103 MAKITA 9911, dotat\u0103 cu motor de 650 W, este u\u0219oar\u0103 \u0219i compact\u0103 potrivindu-se \u00een m\u00e2inile oric\u0103rei persoane.","og_url":"https:\/\/eurotech-iasi.ro\/magazinonline\/produs\/masina-de-slefuit-cu-banda-makita-9911-650-w-75-270-m-min-duza-pentru-aspirare\/","og_site_name":"Eurotech Iasi","article_publisher":"https:\/\/www.facebook.com\/EurotechIasi\/","article_modified_time":"2025-04-02T12:16:53+00:00","og_image":[{"width":710,"height":710,"url":"https:\/\/eurotech-iasi.ro\/magazinonline\/wp-content\/uploads\/2018\/06\/Masina-de-slefuit-cu-banda-Makita-9911-650-W-75-270-m-min-duza-pentru-aspirare.jpg","type":"image\/jpeg"}],"schema":{"@context":"https:\/\/schema.org","@graph":[{"@type":"WebPage","@id":"https:\/\/eurotech-iasi.ro\/magazinonline\/produs\/masina-de-slefuit-cu-banda-makita-9911-650-w-75-270-m-min-duza-pentru-aspirare\/","url":"https:\/\/eurotech-iasi.ro\/magazinonline\/produs\/masina-de-slefuit-cu-banda-makita-9911-650-w-75-270-m-min-duza-pentru-aspirare\/","name":"Masina de slefuit cu banda MAKITA 9911 - Eurotech Iasi","isPartOf":{"@id":"https:\/\/eurotech-iasi.ro\/magazinonline\/#website"},"primaryImageOfPage":{"@id":"https:\/\/eurotech-iasi.ro\/magazinonline\/produs\/masina-de-slefuit-cu-banda-makita-9911-650-w-75-270-m-min-duza-pentru-aspirare\/#primaryimage"},"image":{"@id":"https:\/\/eurotech-iasi.ro\/magazinonline\/produs\/masina-de-slefuit-cu-banda-makita-9911-650-w-75-270-m-min-duza-pentru-aspirare\/#primaryimage"},"thumbnailUrl":"https:\/\/eurotech-iasi.ro\/magazinonline\/wp-content\/uploads\/2018\/06\/Masina-de-slefuit-cu-banda-Makita-9911-650-W-75-270-m-min-duza-pentru-aspirare.jpg","datePublished":"2018-06-15T09:46:24+00:00","dateModified":"2025-04-02T12:16:53+00:00","description":"Ma\u0219in\u0103 de \u0219lefuit cu band\u0103 MAKITA 9911, dotat\u0103 cu motor de 650 W, este u\u0219oar\u0103 \u0219i compact\u0103 potrivindu-se \u00een m\u00e2inile oric\u0103rei persoane.","breadcrumb":{"@id":"https:\/\/eurotech-iasi.ro\/magazinonline\/produs\/masina-de-slefuit-cu-banda-makita-9911-650-w-75-270-m-min-duza-pentru-aspirare\/#breadcrumb"},"inLanguage":"ro-RO","potentialAction":[{"@type":"ReadAction","target":["https:\/\/eurotech-iasi.ro\/magazinonline\/produs\/masina-de-slefuit-cu-banda-makita-9911-650-w-75-270-m-min-duza-pentru-aspirare\/"]}]},{"@type":"ImageObject","inLanguage":"ro-RO","@id":"https:\/\/eurotech-iasi.ro\/magazinonline\/produs\/masina-de-slefuit-cu-banda-makita-9911-650-w-75-270-m-min-duza-pentru-aspirare\/#primaryimage","url":"https:\/\/eurotech-iasi.ro\/magazinonline\/wp-content\/uploads\/2018\/06\/Masina-de-slefuit-cu-banda-Makita-9911-650-W-75-270-m-min-duza-pentru-aspirare.jpg","contentUrl":"https:\/\/eurotech-iasi.ro\/magazinonline\/wp-content\/uploads\/2018\/06\/Masina-de-slefuit-cu-banda-Makita-9911-650-W-75-270-m-min-duza-pentru-aspirare.jpg","width":710,"height":710},{"@type":"BreadcrumbList","@id":"https:\/\/eurotech-iasi.ro\/magazinonline\/produs\/masina-de-slefuit-cu-banda-makita-9911-650-w-75-270-m-min-duza-pentru-aspirare\/#breadcrumb","itemListElement":[{"@type":"ListItem","position":1,"name":"Prima pagin\u0103","item":"https:\/\/eurotech-iasi.ro\/magazinonline\/"},{"@type":"ListItem","position":2,"name":"Shop","item":"https:\/\/eurotech-iasi.ro\/magazinonline\/shop\/"},{"@type":"ListItem","position":3,"name":"Masina de slefuit cu banda MAKITA 9911"}]},{"@type":"WebSite","@id":"https:\/\/eurotech-iasi.ro\/magazinonline\/#website","url":"https:\/\/eurotech-iasi.ro\/magazinonline\/","name":"Eurotech Iasi","description":"Cu oameni seriosi","publisher":{"@id":"https:\/\/eurotech-iasi.ro\/magazinonline\/#organization"},"potentialAction":[{"@type":"SearchAction","target":{"@type":"EntryPoint","urlTemplate":"https:\/\/eurotech-iasi.ro\/magazinonline\/?s={search_term_string}"},"query-input":{"@type":"PropertyValueSpecification","valueRequired":true,"valueName":"search_term_string"}}],"inLanguage":"ro-RO"},{"@type":"Organization","@id":"https:\/\/eurotech-iasi.ro\/magazinonline\/#organization","name":"Eurotech Iasi","url":"https:\/\/eurotech-iasi.ro\/magazinonline\/","logo":{"@type":"ImageObject","inLanguage":"ro-RO","@id":"https:\/\/eurotech-iasi.ro\/magazinonline\/#\/schema\/logo\/image\/","url":"https:\/\/eurotech-iasi.ro\/magazinonline\/wp-content\/uploads\/2020\/08\/logo-eurotech.png","contentUrl":"https:\/\/eurotech-iasi.ro\/magazinonline\/wp-content\/uploads\/2020\/08\/logo-eurotech.png","width":290,"height":70,"caption":"Eurotech Iasi"},"image":{"@id":"https:\/\/eurotech-iasi.ro\/magazinonline\/#\/schema\/logo\/image\/"},"sameAs":["https:\/\/www.facebook.com\/EurotechIasi\/"]}]}},"_links":{"self":[{"href":"https:\/\/eurotech-iasi.ro\/magazinonline\/wp-json\/wp\/v2\/product\/11602","targetHints":{"allow":["GET"]}}],"collection":[{"href":"https:\/\/eurotech-iasi.ro\/magazinonline\/wp-json\/wp\/v2\/product"}],"about":[{"href":"https:\/\/eurotech-iasi.ro\/magazinonline\/wp-json\/wp\/v2\/types\/product"}],"replies":[{"embeddable":true,"href":"https:\/\/eurotech-iasi.ro\/magazinonline\/wp-json\/wp\/v2\/comments?post=11602"}],"wp:featuredmedia":[{"embeddable":true,"href":"https:\/\/eurotech-iasi.ro\/magazinonline\/wp-json\/wp\/v2\/media\/11606"}],"wp:attachment":[{"href":"https:\/\/eurotech-iasi.ro\/magazinonline\/wp-json\/wp\/v2\/media?parent=11602"}],"wp:term":[{"taxonomy":"product_cat","embeddable":true,"href":"https:\/\/eurotech-iasi.ro\/magazinonline\/wp-json\/wp\/v2\/product_cat?post=11602"},{"taxonomy":"product_tag","embeddable":true,"href":"https:\/\/eurotech-iasi.ro\/magazinonline\/wp-json\/wp\/v2\/product_tag?post=11602"},{"taxonomy":"woo-feed-brand","embeddable":true,"href":"https:\/\/eurotech-iasi.ro\/magazinonline\/wp-json\/wp\/v2\/woo-feed-brand?post=11602"}],"curies":[{"name":"wp","href":"https:\/\/api.w.org\/{rel}","templated":true}]}}