{"id":11742,"date":"2018-06-25T15:09:37","date_gmt":"2018-06-25T12:09:37","guid":{"rendered":"https:\/\/eurotech-iasi.ro\/?post_type=product&#038;p=11742"},"modified":"2024-04-10T10:38:19","modified_gmt":"2024-04-10T07:38:19","slug":"fierastrau-vertical-cu-acumulatori-makita-jv101dwae-2900-rpm-10-8-v-18-mm-lungimea-cursei-verticale","status":"publish","type":"product","link":"https:\/\/eurotech-iasi.ro\/magazinonline\/produs\/fierastrau-vertical-cu-acumulatori-makita-jv101dwae-2900-rpm-10-8-v-18-mm-lungimea-cursei-verticale\/","title":{"rendered":"Fierastrau vertical MAKITA JV101DWAE"},"content":{"rendered":"<p><strong>Fierastrau vertical MAKITA JV101DWAE<\/strong>, cu doi acumulatori, maner ergonomic pentru control si confort sporit. Grosimea lamei care poate fi folosita &#8211; 1,7 mm. Capac protectie care previne imprastierea aschiilor. Unghiul de taiere intre 0-45 grade, stanga-dreapta. Zgomot si vibratii reduse.<\/p>\n<p><strong>Set de livrare<\/strong>:<br \/>\n&#8211; 2 acumulatori 2 Ah BL1020B<br \/>\n&#8211; Cheie tubulara 3<br \/>\n&#8211; Ans. ghidaj<\/p>\n","protected":false},"excerpt":{"rendered":"<p><strong>Fierastrau vertical MAKITA JV101DWAE<\/strong>, destinat pasionatilor ce doresc sa prelucreze lemn.<\/p>\n<p>Cod produs: JV101DWAE<\/p>\n<p><span style=\"color: #ff0000;\"><strong>*Scos din productie!<\/strong><\/span><\/p>\n","protected":false},"featured_media":11743,"comment_status":"open","ping_status":"closed","template":"","meta":{"_acf_changed":false},"product_cat":[9847,4335],"product_tag":[3277,3678,3677,3676],"woo-feed-brand":[],"class_list":{"0":"post-11742","1":"product","2":"type-product","3":"status-publish","4":"has-post-thumbnail","6":"product_brand-makita","7":"product_cat-debitare-si-taiere","8":"product_cat-scule-electrice-cu-acumulatori","9":"product_tag-10-8-v","10":"product_tag-18-mm-lungimea-cursei-verticale","11":"product_tag-2900-rpm","12":"product_tag-fierastrau-vertical-cu-acumulatori-makita-jv101dwae","13":"pa_brand-makita","14":"pa_greutate-19-kg","15":"pa_nivel-vibratii-7-m-s","16":"pa_nivel-zgomot-91-db","17":"pa_tensiune-acumulatori-108-v","18":"pa_tip-acumulatori-li-ion","19":"pa_turatie-de-mers-in-gol-2-900-rpm","21":"first","22":"outofstock","23":"purchasable","24":"product-type-simple"},"acf":[],"yoast_head":"<!-- This site is optimized with the Yoast SEO plugin v27.5 - https:\/\/yoast.com\/product\/yoast-seo-wordpress\/ -->\n<title>Fierastrau vertical MAKITA JV101DWAE - Eurotech Iasi<\/title>\n<meta name=\"description\" content=\"Fier\u0103str\u0103u vertical MAKITA JV101DWAE, dotat cu doi acumulatori \u0219i \u00eenc\u0103rc\u0103tor, este destinat pasiona\u021bilor ce doresc s\u0103 prelucreze lemn.\" \/>\n<meta name=\"robots\" content=\"index, follow, max-snippet:-1, max-image-preview:large, max-video-preview:-1\" \/>\n<link rel=\"canonical\" href=\"https:\/\/eurotech-iasi.ro\/magazinonline\/produs\/fierastrau-vertical-cu-acumulatori-makita-jv101dwae-2900-rpm-10-8-v-18-mm-lungimea-cursei-verticale\/\" \/>\n<meta property=\"og:locale\" content=\"ro_RO\" \/>\n<meta property=\"og:type\" content=\"article\" \/>\n<meta property=\"og:title\" content=\"Fierastrau vertical MAKITA JV101DWAE - Eurotech Iasi\" \/>\n<meta property=\"og:description\" content=\"Fier\u0103str\u0103u vertical MAKITA JV101DWAE, dotat cu doi acumulatori \u0219i \u00eenc\u0103rc\u0103tor, este destinat pasiona\u021bilor ce doresc s\u0103 prelucreze lemn.\" \/>\n<meta property=\"og:url\" content=\"https:\/\/eurotech-iasi.ro\/magazinonline\/produs\/fierastrau-vertical-cu-acumulatori-makita-jv101dwae-2900-rpm-10-8-v-18-mm-lungimea-cursei-verticale\/\" \/>\n<meta property=\"og:site_name\" content=\"Eurotech Iasi\" \/>\n<meta property=\"article:publisher\" content=\"https:\/\/www.facebook.com\/EurotechIasi\/\" \/>\n<meta property=\"article:modified_time\" content=\"2024-04-10T07:38:19+00:00\" \/>\n<meta property=\"og:image\" content=\"https:\/\/eurotech-iasi.ro\/magazinonline\/wp-content\/uploads\/2018\/06\/Fierastrau-vertical-cu-acumulatori-Makita-JV101DWAE-2900-rpm-10.8-V-18-mm-lungimea-cursei-verticale.jpg\" \/>\n\t<meta property=\"og:image:width\" content=\"710\" \/>\n\t<meta property=\"og:image:height\" content=\"710\" \/>\n\t<meta property=\"og:image:type\" content=\"image\/jpeg\" \/>\n<script type=\"application\/ld+json\" class=\"yoast-schema-graph\">{\"@context\":\"https:\\\/\\\/schema.org\",\"@graph\":[{\"@type\":\"WebPage\",\"@id\":\"https:\\\/\\\/eurotech-iasi.ro\\\/magazinonline\\\/produs\\\/fierastrau-vertical-cu-acumulatori-makita-jv101dwae-2900-rpm-10-8-v-18-mm-lungimea-cursei-verticale\\\/\",\"url\":\"https:\\\/\\\/eurotech-iasi.ro\\\/magazinonline\\\/produs\\\/fierastrau-vertical-cu-acumulatori-makita-jv101dwae-2900-rpm-10-8-v-18-mm-lungimea-cursei-verticale\\\/\",\"name\":\"Fierastrau vertical MAKITA JV101DWAE - Eurotech Iasi\",\"isPartOf\":{\"@id\":\"https:\\\/\\\/eurotech-iasi.ro\\\/magazinonline\\\/#website\"},\"primaryImageOfPage\":{\"@id\":\"https:\\\/\\\/eurotech-iasi.ro\\\/magazinonline\\\/produs\\\/fierastrau-vertical-cu-acumulatori-makita-jv101dwae-2900-rpm-10-8-v-18-mm-lungimea-cursei-verticale\\\/#primaryimage\"},\"image\":{\"@id\":\"https:\\\/\\\/eurotech-iasi.ro\\\/magazinonline\\\/produs\\\/fierastrau-vertical-cu-acumulatori-makita-jv101dwae-2900-rpm-10-8-v-18-mm-lungimea-cursei-verticale\\\/#primaryimage\"},\"thumbnailUrl\":\"https:\\\/\\\/eurotech-iasi.ro\\\/magazinonline\\\/wp-content\\\/uploads\\\/2018\\\/06\\\/Fierastrau-vertical-cu-acumulatori-Makita-JV101DWAE-2900-rpm-10.8-V-18-mm-lungimea-cursei-verticale.jpg\",\"datePublished\":\"2018-06-25T12:09:37+00:00\",\"dateModified\":\"2024-04-10T07:38:19+00:00\",\"description\":\"Fier\u0103str\u0103u vertical MAKITA JV101DWAE, dotat cu doi acumulatori \u0219i \u00eenc\u0103rc\u0103tor, este destinat pasiona\u021bilor ce doresc s\u0103 prelucreze lemn.\",\"breadcrumb\":{\"@id\":\"https:\\\/\\\/eurotech-iasi.ro\\\/magazinonline\\\/produs\\\/fierastrau-vertical-cu-acumulatori-makita-jv101dwae-2900-rpm-10-8-v-18-mm-lungimea-cursei-verticale\\\/#breadcrumb\"},\"inLanguage\":\"ro-RO\",\"potentialAction\":[{\"@type\":\"ReadAction\",\"target\":[\"https:\\\/\\\/eurotech-iasi.ro\\\/magazinonline\\\/produs\\\/fierastrau-vertical-cu-acumulatori-makita-jv101dwae-2900-rpm-10-8-v-18-mm-lungimea-cursei-verticale\\\/\"]}]},{\"@type\":\"ImageObject\",\"inLanguage\":\"ro-RO\",\"@id\":\"https:\\\/\\\/eurotech-iasi.ro\\\/magazinonline\\\/produs\\\/fierastrau-vertical-cu-acumulatori-makita-jv101dwae-2900-rpm-10-8-v-18-mm-lungimea-cursei-verticale\\\/#primaryimage\",\"url\":\"https:\\\/\\\/eurotech-iasi.ro\\\/magazinonline\\\/wp-content\\\/uploads\\\/2018\\\/06\\\/Fierastrau-vertical-cu-acumulatori-Makita-JV101DWAE-2900-rpm-10.8-V-18-mm-lungimea-cursei-verticale.jpg\",\"contentUrl\":\"https:\\\/\\\/eurotech-iasi.ro\\\/magazinonline\\\/wp-content\\\/uploads\\\/2018\\\/06\\\/Fierastrau-vertical-cu-acumulatori-Makita-JV101DWAE-2900-rpm-10.8-V-18-mm-lungimea-cursei-verticale.jpg\",\"width\":710,\"height\":710},{\"@type\":\"BreadcrumbList\",\"@id\":\"https:\\\/\\\/eurotech-iasi.ro\\\/magazinonline\\\/produs\\\/fierastrau-vertical-cu-acumulatori-makita-jv101dwae-2900-rpm-10-8-v-18-mm-lungimea-cursei-verticale\\\/#breadcrumb\",\"itemListElement\":[{\"@type\":\"ListItem\",\"position\":1,\"name\":\"Prima pagin\u0103\",\"item\":\"https:\\\/\\\/eurotech-iasi.ro\\\/magazinonline\\\/\"},{\"@type\":\"ListItem\",\"position\":2,\"name\":\"Shop\",\"item\":\"https:\\\/\\\/eurotech-iasi.ro\\\/magazinonline\\\/shop\\\/\"},{\"@type\":\"ListItem\",\"position\":3,\"name\":\"Fierastrau vertical MAKITA JV101DWAE\"}]},{\"@type\":\"WebSite\",\"@id\":\"https:\\\/\\\/eurotech-iasi.ro\\\/magazinonline\\\/#website\",\"url\":\"https:\\\/\\\/eurotech-iasi.ro\\\/magazinonline\\\/\",\"name\":\"Eurotech Iasi\",\"description\":\"Cu oameni seriosi\",\"publisher\":{\"@id\":\"https:\\\/\\\/eurotech-iasi.ro\\\/magazinonline\\\/#organization\"},\"potentialAction\":[{\"@type\":\"SearchAction\",\"target\":{\"@type\":\"EntryPoint\",\"urlTemplate\":\"https:\\\/\\\/eurotech-iasi.ro\\\/magazinonline\\\/?s={search_term_string}\"},\"query-input\":{\"@type\":\"PropertyValueSpecification\",\"valueRequired\":true,\"valueName\":\"search_term_string\"}}],\"inLanguage\":\"ro-RO\"},{\"@type\":\"Organization\",\"@id\":\"https:\\\/\\\/eurotech-iasi.ro\\\/magazinonline\\\/#organization\",\"name\":\"Eurotech Iasi\",\"url\":\"https:\\\/\\\/eurotech-iasi.ro\\\/magazinonline\\\/\",\"logo\":{\"@type\":\"ImageObject\",\"inLanguage\":\"ro-RO\",\"@id\":\"https:\\\/\\\/eurotech-iasi.ro\\\/magazinonline\\\/#\\\/schema\\\/logo\\\/image\\\/\",\"url\":\"https:\\\/\\\/eurotech-iasi.ro\\\/magazinonline\\\/wp-content\\\/uploads\\\/2020\\\/08\\\/logo-eurotech.png\",\"contentUrl\":\"https:\\\/\\\/eurotech-iasi.ro\\\/magazinonline\\\/wp-content\\\/uploads\\\/2020\\\/08\\\/logo-eurotech.png\",\"width\":290,\"height\":70,\"caption\":\"Eurotech Iasi\"},\"image\":{\"@id\":\"https:\\\/\\\/eurotech-iasi.ro\\\/magazinonline\\\/#\\\/schema\\\/logo\\\/image\\\/\"},\"sameAs\":[\"https:\\\/\\\/www.facebook.com\\\/EurotechIasi\\\/\"]}]}<\/script>\n<!-- \/ Yoast SEO plugin. -->","yoast_head_json":{"title":"Fierastrau vertical MAKITA JV101DWAE - Eurotech Iasi","description":"Fier\u0103str\u0103u vertical MAKITA JV101DWAE, dotat cu doi acumulatori \u0219i \u00eenc\u0103rc\u0103tor, este destinat pasiona\u021bilor ce doresc s\u0103 prelucreze lemn.","robots":{"index":"index","follow":"follow","max-snippet":"max-snippet:-1","max-image-preview":"max-image-preview:large","max-video-preview":"max-video-preview:-1"},"canonical":"https:\/\/eurotech-iasi.ro\/magazinonline\/produs\/fierastrau-vertical-cu-acumulatori-makita-jv101dwae-2900-rpm-10-8-v-18-mm-lungimea-cursei-verticale\/","og_locale":"ro_RO","og_type":"article","og_title":"Fierastrau vertical MAKITA JV101DWAE - Eurotech Iasi","og_description":"Fier\u0103str\u0103u vertical MAKITA JV101DWAE, dotat cu doi acumulatori \u0219i \u00eenc\u0103rc\u0103tor, este destinat pasiona\u021bilor ce doresc s\u0103 prelucreze lemn.","og_url":"https:\/\/eurotech-iasi.ro\/magazinonline\/produs\/fierastrau-vertical-cu-acumulatori-makita-jv101dwae-2900-rpm-10-8-v-18-mm-lungimea-cursei-verticale\/","og_site_name":"Eurotech Iasi","article_publisher":"https:\/\/www.facebook.com\/EurotechIasi\/","article_modified_time":"2024-04-10T07:38:19+00:00","og_image":[{"width":710,"height":710,"url":"https:\/\/eurotech-iasi.ro\/magazinonline\/wp-content\/uploads\/2018\/06\/Fierastrau-vertical-cu-acumulatori-Makita-JV101DWAE-2900-rpm-10.8-V-18-mm-lungimea-cursei-verticale.jpg","type":"image\/jpeg"}],"schema":{"@context":"https:\/\/schema.org","@graph":[{"@type":"WebPage","@id":"https:\/\/eurotech-iasi.ro\/magazinonline\/produs\/fierastrau-vertical-cu-acumulatori-makita-jv101dwae-2900-rpm-10-8-v-18-mm-lungimea-cursei-verticale\/","url":"https:\/\/eurotech-iasi.ro\/magazinonline\/produs\/fierastrau-vertical-cu-acumulatori-makita-jv101dwae-2900-rpm-10-8-v-18-mm-lungimea-cursei-verticale\/","name":"Fierastrau vertical MAKITA JV101DWAE - Eurotech Iasi","isPartOf":{"@id":"https:\/\/eurotech-iasi.ro\/magazinonline\/#website"},"primaryImageOfPage":{"@id":"https:\/\/eurotech-iasi.ro\/magazinonline\/produs\/fierastrau-vertical-cu-acumulatori-makita-jv101dwae-2900-rpm-10-8-v-18-mm-lungimea-cursei-verticale\/#primaryimage"},"image":{"@id":"https:\/\/eurotech-iasi.ro\/magazinonline\/produs\/fierastrau-vertical-cu-acumulatori-makita-jv101dwae-2900-rpm-10-8-v-18-mm-lungimea-cursei-verticale\/#primaryimage"},"thumbnailUrl":"https:\/\/eurotech-iasi.ro\/magazinonline\/wp-content\/uploads\/2018\/06\/Fierastrau-vertical-cu-acumulatori-Makita-JV101DWAE-2900-rpm-10.8-V-18-mm-lungimea-cursei-verticale.jpg","datePublished":"2018-06-25T12:09:37+00:00","dateModified":"2024-04-10T07:38:19+00:00","description":"Fier\u0103str\u0103u vertical MAKITA JV101DWAE, dotat cu doi acumulatori \u0219i \u00eenc\u0103rc\u0103tor, este destinat pasiona\u021bilor ce doresc s\u0103 prelucreze lemn.","breadcrumb":{"@id":"https:\/\/eurotech-iasi.ro\/magazinonline\/produs\/fierastrau-vertical-cu-acumulatori-makita-jv101dwae-2900-rpm-10-8-v-18-mm-lungimea-cursei-verticale\/#breadcrumb"},"inLanguage":"ro-RO","potentialAction":[{"@type":"ReadAction","target":["https:\/\/eurotech-iasi.ro\/magazinonline\/produs\/fierastrau-vertical-cu-acumulatori-makita-jv101dwae-2900-rpm-10-8-v-18-mm-lungimea-cursei-verticale\/"]}]},{"@type":"ImageObject","inLanguage":"ro-RO","@id":"https:\/\/eurotech-iasi.ro\/magazinonline\/produs\/fierastrau-vertical-cu-acumulatori-makita-jv101dwae-2900-rpm-10-8-v-18-mm-lungimea-cursei-verticale\/#primaryimage","url":"https:\/\/eurotech-iasi.ro\/magazinonline\/wp-content\/uploads\/2018\/06\/Fierastrau-vertical-cu-acumulatori-Makita-JV101DWAE-2900-rpm-10.8-V-18-mm-lungimea-cursei-verticale.jpg","contentUrl":"https:\/\/eurotech-iasi.ro\/magazinonline\/wp-content\/uploads\/2018\/06\/Fierastrau-vertical-cu-acumulatori-Makita-JV101DWAE-2900-rpm-10.8-V-18-mm-lungimea-cursei-verticale.jpg","width":710,"height":710},{"@type":"BreadcrumbList","@id":"https:\/\/eurotech-iasi.ro\/magazinonline\/produs\/fierastrau-vertical-cu-acumulatori-makita-jv101dwae-2900-rpm-10-8-v-18-mm-lungimea-cursei-verticale\/#breadcrumb","itemListElement":[{"@type":"ListItem","position":1,"name":"Prima pagin\u0103","item":"https:\/\/eurotech-iasi.ro\/magazinonline\/"},{"@type":"ListItem","position":2,"name":"Shop","item":"https:\/\/eurotech-iasi.ro\/magazinonline\/shop\/"},{"@type":"ListItem","position":3,"name":"Fierastrau vertical MAKITA JV101DWAE"}]},{"@type":"WebSite","@id":"https:\/\/eurotech-iasi.ro\/magazinonline\/#website","url":"https:\/\/eurotech-iasi.ro\/magazinonline\/","name":"Eurotech Iasi","description":"Cu oameni seriosi","publisher":{"@id":"https:\/\/eurotech-iasi.ro\/magazinonline\/#organization"},"potentialAction":[{"@type":"SearchAction","target":{"@type":"EntryPoint","urlTemplate":"https:\/\/eurotech-iasi.ro\/magazinonline\/?s={search_term_string}"},"query-input":{"@type":"PropertyValueSpecification","valueRequired":true,"valueName":"search_term_string"}}],"inLanguage":"ro-RO"},{"@type":"Organization","@id":"https:\/\/eurotech-iasi.ro\/magazinonline\/#organization","name":"Eurotech Iasi","url":"https:\/\/eurotech-iasi.ro\/magazinonline\/","logo":{"@type":"ImageObject","inLanguage":"ro-RO","@id":"https:\/\/eurotech-iasi.ro\/magazinonline\/#\/schema\/logo\/image\/","url":"https:\/\/eurotech-iasi.ro\/magazinonline\/wp-content\/uploads\/2020\/08\/logo-eurotech.png","contentUrl":"https:\/\/eurotech-iasi.ro\/magazinonline\/wp-content\/uploads\/2020\/08\/logo-eurotech.png","width":290,"height":70,"caption":"Eurotech Iasi"},"image":{"@id":"https:\/\/eurotech-iasi.ro\/magazinonline\/#\/schema\/logo\/image\/"},"sameAs":["https:\/\/www.facebook.com\/EurotechIasi\/"]}]}},"_links":{"self":[{"href":"https:\/\/eurotech-iasi.ro\/magazinonline\/wp-json\/wp\/v2\/product\/11742","targetHints":{"allow":["GET"]}}],"collection":[{"href":"https:\/\/eurotech-iasi.ro\/magazinonline\/wp-json\/wp\/v2\/product"}],"about":[{"href":"https:\/\/eurotech-iasi.ro\/magazinonline\/wp-json\/wp\/v2\/types\/product"}],"replies":[{"embeddable":true,"href":"https:\/\/eurotech-iasi.ro\/magazinonline\/wp-json\/wp\/v2\/comments?post=11742"}],"wp:featuredmedia":[{"embeddable":true,"href":"https:\/\/eurotech-iasi.ro\/magazinonline\/wp-json\/wp\/v2\/media\/11743"}],"wp:attachment":[{"href":"https:\/\/eurotech-iasi.ro\/magazinonline\/wp-json\/wp\/v2\/media?parent=11742"}],"wp:term":[{"taxonomy":"product_cat","embeddable":true,"href":"https:\/\/eurotech-iasi.ro\/magazinonline\/wp-json\/wp\/v2\/product_cat?post=11742"},{"taxonomy":"product_tag","embeddable":true,"href":"https:\/\/eurotech-iasi.ro\/magazinonline\/wp-json\/wp\/v2\/product_tag?post=11742"},{"taxonomy":"woo-feed-brand","embeddable":true,"href":"https:\/\/eurotech-iasi.ro\/magazinonline\/wp-json\/wp\/v2\/woo-feed-brand?post=11742"}],"curies":[{"name":"wp","href":"https:\/\/api.w.org\/{rel}","templated":true}]}}