{"id":11769,"date":"2018-06-26T08:37:02","date_gmt":"2018-06-26T05:37:02","guid":{"rendered":"https:\/\/eurotech-iasi.ro\/?post_type=product&#038;p=11769"},"modified":"2025-04-02T15:14:13","modified_gmt":"2025-04-02T12:14:13","slug":"cheie-de-strans-cu-impact-cu-acumulatori-makita-tw140dsme-2600-rot-min-140-nm-moment-de-torsiune-maxim-3200-bpm-frecventa-batailor","status":"publish","type":"product","link":"https:\/\/eurotech-iasi.ro\/magazinonline\/produs\/cheie-de-strans-cu-impact-cu-acumulatori-makita-tw140dsme-2600-rot-min-140-nm-moment-de-torsiune-maxim-3200-bpm-frecventa-batailor\/","title":{"rendered":"Cheie de strans cu impact MAKITA TW140DSME"},"content":{"rendered":"<p><strong>Cheie de strans cu impact MAKITA TW140DSME <\/strong>este un model cu acumulator, usor si compact. Echipata cu maner cauciucat moale pentru o prindere sigura si confort ridicat in utilizare. <strong>Makita TW140DSME<\/strong>\u00a0este un produs care poate fi utilizat la intensitate medie pentru operatiuni de strangere metal sau lemn.<\/p>\n<p><strong>Set de livrare:<\/strong><br \/>\n2 acumulatori, Li-Ion, 10.8 V, 4 Ah<br \/>\nIncarcator rapid DC10SA<br \/>\nProtectie acumulator<br \/>\nAgatatoare de curea<br \/>\nValiza de transport si depozitare<\/p>\n","protected":false},"excerpt":{"rendered":"<p><strong>Cheie de strans cu impact MAKITA TW140DSME, <\/strong>ideala pentru activitatile de uz casnic si nu numai.<\/p>\n<p>Cod produs: TW140DSME<\/p>\n","protected":false},"featured_media":68768,"comment_status":"open","ping_status":"closed","template":"","meta":{"_acf_changed":false},"product_cat":[4346,4335],"product_tag":[3691,3690,3692,3689],"woo-feed-brand":[],"class_list":{"0":"post-11769","1":"product","2":"type-product","3":"status-publish","4":"has-post-thumbnail","6":"product_brand-makita","7":"product_cat-masini-de-gaurit-si-insurubat-cu-acumulator","8":"product_cat-scule-electrice-cu-acumulatori","9":"product_tag-140-nm-moment-de-torsiune-maxim","10":"product_tag-2600-rot-min","11":"product_tag-3200-bpm-frecventa-batailor","12":"product_tag-cheie-de-strans-cu-impact-cu-acumulatori-makita-tw140dsme","13":"pa_brand-makita","14":"pa_dimensiuni-161x66x224-mm","15":"pa_greutate-1-kg","16":"pa_nivel-vibratii-8-m-s2","17":"pa_nivel-zgomot-99-db","18":"pa_tensiune-acumulatori-108-v","19":"pa_tip-acumulatori-li-ion","20":"pa_turatie-de-mers-in-gol-2-600-rpm","22":"first","23":"instock","24":"purchasable","25":"product-type-simple"},"acf":[],"yoast_head":"<!-- This site is optimized with the Yoast SEO plugin v27.5 - https:\/\/yoast.com\/product\/yoast-seo-wordpress\/ -->\n<title>Cheie de strans cu impact MAKITA TW140DSME - Eurotech Iasi<\/title>\n<meta name=\"description\" content=\"Cheie de str\u00e2ns cu impact MAKITA TW140DSME, dotat cu 2 acumualtori \u0219i un \u00eenc\u0103rc\u0103tor este ideal pentru activit\u0103\u021bile de uz casnic \u0219i nu numai.\" \/>\n<meta name=\"robots\" content=\"index, follow, max-snippet:-1, max-image-preview:large, max-video-preview:-1\" \/>\n<link rel=\"canonical\" href=\"https:\/\/eurotech-iasi.ro\/magazinonline\/produs\/cheie-de-strans-cu-impact-cu-acumulatori-makita-tw140dsme-2600-rot-min-140-nm-moment-de-torsiune-maxim-3200-bpm-frecventa-batailor\/\" \/>\n<meta property=\"og:locale\" content=\"ro_RO\" \/>\n<meta property=\"og:type\" content=\"article\" \/>\n<meta property=\"og:title\" content=\"Cheie de strans cu impact MAKITA TW140DSME - Eurotech Iasi\" \/>\n<meta property=\"og:description\" content=\"Cheie de str\u00e2ns cu impact MAKITA TW140DSME, dotat cu 2 acumualtori \u0219i un \u00eenc\u0103rc\u0103tor este ideal pentru activit\u0103\u021bile de uz casnic \u0219i nu numai.\" \/>\n<meta property=\"og:url\" content=\"https:\/\/eurotech-iasi.ro\/magazinonline\/produs\/cheie-de-strans-cu-impact-cu-acumulatori-makita-tw140dsme-2600-rot-min-140-nm-moment-de-torsiune-maxim-3200-bpm-frecventa-batailor\/\" \/>\n<meta property=\"og:site_name\" content=\"Eurotech Iasi\" \/>\n<meta property=\"article:publisher\" content=\"https:\/\/www.facebook.com\/EurotechIasi\/\" \/>\n<meta property=\"article:modified_time\" content=\"2025-04-02T12:14:13+00:00\" \/>\n<meta property=\"og:image\" content=\"https:\/\/eurotech-iasi.ro\/magazinonline\/wp-content\/uploads\/2018\/06\/TW140DSME-1.jpg\" \/>\n\t<meta property=\"og:image:width\" content=\"600\" \/>\n\t<meta property=\"og:image:height\" content=\"600\" \/>\n\t<meta property=\"og:image:type\" content=\"image\/jpeg\" \/>\n<script type=\"application\/ld+json\" class=\"yoast-schema-graph\">{\"@context\":\"https:\\\/\\\/schema.org\",\"@graph\":[{\"@type\":\"WebPage\",\"@id\":\"https:\\\/\\\/eurotech-iasi.ro\\\/magazinonline\\\/produs\\\/cheie-de-strans-cu-impact-cu-acumulatori-makita-tw140dsme-2600-rot-min-140-nm-moment-de-torsiune-maxim-3200-bpm-frecventa-batailor\\\/\",\"url\":\"https:\\\/\\\/eurotech-iasi.ro\\\/magazinonline\\\/produs\\\/cheie-de-strans-cu-impact-cu-acumulatori-makita-tw140dsme-2600-rot-min-140-nm-moment-de-torsiune-maxim-3200-bpm-frecventa-batailor\\\/\",\"name\":\"Cheie de strans cu impact MAKITA TW140DSME - Eurotech Iasi\",\"isPartOf\":{\"@id\":\"https:\\\/\\\/eurotech-iasi.ro\\\/magazinonline\\\/#website\"},\"primaryImageOfPage\":{\"@id\":\"https:\\\/\\\/eurotech-iasi.ro\\\/magazinonline\\\/produs\\\/cheie-de-strans-cu-impact-cu-acumulatori-makita-tw140dsme-2600-rot-min-140-nm-moment-de-torsiune-maxim-3200-bpm-frecventa-batailor\\\/#primaryimage\"},\"image\":{\"@id\":\"https:\\\/\\\/eurotech-iasi.ro\\\/magazinonline\\\/produs\\\/cheie-de-strans-cu-impact-cu-acumulatori-makita-tw140dsme-2600-rot-min-140-nm-moment-de-torsiune-maxim-3200-bpm-frecventa-batailor\\\/#primaryimage\"},\"thumbnailUrl\":\"https:\\\/\\\/eurotech-iasi.ro\\\/magazinonline\\\/wp-content\\\/uploads\\\/2018\\\/06\\\/TW140DSME-1.jpg\",\"datePublished\":\"2018-06-26T05:37:02+00:00\",\"dateModified\":\"2025-04-02T12:14:13+00:00\",\"description\":\"Cheie de str\u00e2ns cu impact MAKITA TW140DSME, dotat cu 2 acumualtori \u0219i un \u00eenc\u0103rc\u0103tor este ideal pentru activit\u0103\u021bile de uz casnic \u0219i nu numai.\",\"breadcrumb\":{\"@id\":\"https:\\\/\\\/eurotech-iasi.ro\\\/magazinonline\\\/produs\\\/cheie-de-strans-cu-impact-cu-acumulatori-makita-tw140dsme-2600-rot-min-140-nm-moment-de-torsiune-maxim-3200-bpm-frecventa-batailor\\\/#breadcrumb\"},\"inLanguage\":\"ro-RO\",\"potentialAction\":[{\"@type\":\"ReadAction\",\"target\":[\"https:\\\/\\\/eurotech-iasi.ro\\\/magazinonline\\\/produs\\\/cheie-de-strans-cu-impact-cu-acumulatori-makita-tw140dsme-2600-rot-min-140-nm-moment-de-torsiune-maxim-3200-bpm-frecventa-batailor\\\/\"]}]},{\"@type\":\"ImageObject\",\"inLanguage\":\"ro-RO\",\"@id\":\"https:\\\/\\\/eurotech-iasi.ro\\\/magazinonline\\\/produs\\\/cheie-de-strans-cu-impact-cu-acumulatori-makita-tw140dsme-2600-rot-min-140-nm-moment-de-torsiune-maxim-3200-bpm-frecventa-batailor\\\/#primaryimage\",\"url\":\"https:\\\/\\\/eurotech-iasi.ro\\\/magazinonline\\\/wp-content\\\/uploads\\\/2018\\\/06\\\/TW140DSME-1.jpg\",\"contentUrl\":\"https:\\\/\\\/eurotech-iasi.ro\\\/magazinonline\\\/wp-content\\\/uploads\\\/2018\\\/06\\\/TW140DSME-1.jpg\",\"width\":600,\"height\":600},{\"@type\":\"BreadcrumbList\",\"@id\":\"https:\\\/\\\/eurotech-iasi.ro\\\/magazinonline\\\/produs\\\/cheie-de-strans-cu-impact-cu-acumulatori-makita-tw140dsme-2600-rot-min-140-nm-moment-de-torsiune-maxim-3200-bpm-frecventa-batailor\\\/#breadcrumb\",\"itemListElement\":[{\"@type\":\"ListItem\",\"position\":1,\"name\":\"Prima pagin\u0103\",\"item\":\"https:\\\/\\\/eurotech-iasi.ro\\\/magazinonline\\\/\"},{\"@type\":\"ListItem\",\"position\":2,\"name\":\"Shop\",\"item\":\"https:\\\/\\\/eurotech-iasi.ro\\\/magazinonline\\\/shop\\\/\"},{\"@type\":\"ListItem\",\"position\":3,\"name\":\"Cheie de strans cu impact MAKITA TW140DSME\"}]},{\"@type\":\"WebSite\",\"@id\":\"https:\\\/\\\/eurotech-iasi.ro\\\/magazinonline\\\/#website\",\"url\":\"https:\\\/\\\/eurotech-iasi.ro\\\/magazinonline\\\/\",\"name\":\"Eurotech Iasi\",\"description\":\"Cu oameni seriosi\",\"publisher\":{\"@id\":\"https:\\\/\\\/eurotech-iasi.ro\\\/magazinonline\\\/#organization\"},\"potentialAction\":[{\"@type\":\"SearchAction\",\"target\":{\"@type\":\"EntryPoint\",\"urlTemplate\":\"https:\\\/\\\/eurotech-iasi.ro\\\/magazinonline\\\/?s={search_term_string}\"},\"query-input\":{\"@type\":\"PropertyValueSpecification\",\"valueRequired\":true,\"valueName\":\"search_term_string\"}}],\"inLanguage\":\"ro-RO\"},{\"@type\":\"Organization\",\"@id\":\"https:\\\/\\\/eurotech-iasi.ro\\\/magazinonline\\\/#organization\",\"name\":\"Eurotech Iasi\",\"url\":\"https:\\\/\\\/eurotech-iasi.ro\\\/magazinonline\\\/\",\"logo\":{\"@type\":\"ImageObject\",\"inLanguage\":\"ro-RO\",\"@id\":\"https:\\\/\\\/eurotech-iasi.ro\\\/magazinonline\\\/#\\\/schema\\\/logo\\\/image\\\/\",\"url\":\"https:\\\/\\\/eurotech-iasi.ro\\\/magazinonline\\\/wp-content\\\/uploads\\\/2020\\\/08\\\/logo-eurotech.png\",\"contentUrl\":\"https:\\\/\\\/eurotech-iasi.ro\\\/magazinonline\\\/wp-content\\\/uploads\\\/2020\\\/08\\\/logo-eurotech.png\",\"width\":290,\"height\":70,\"caption\":\"Eurotech Iasi\"},\"image\":{\"@id\":\"https:\\\/\\\/eurotech-iasi.ro\\\/magazinonline\\\/#\\\/schema\\\/logo\\\/image\\\/\"},\"sameAs\":[\"https:\\\/\\\/www.facebook.com\\\/EurotechIasi\\\/\"]}]}<\/script>\n<!-- \/ Yoast SEO plugin. -->","yoast_head_json":{"title":"Cheie de strans cu impact MAKITA TW140DSME - Eurotech Iasi","description":"Cheie de str\u00e2ns cu impact MAKITA TW140DSME, dotat cu 2 acumualtori \u0219i un \u00eenc\u0103rc\u0103tor este ideal pentru activit\u0103\u021bile de uz casnic \u0219i nu numai.","robots":{"index":"index","follow":"follow","max-snippet":"max-snippet:-1","max-image-preview":"max-image-preview:large","max-video-preview":"max-video-preview:-1"},"canonical":"https:\/\/eurotech-iasi.ro\/magazinonline\/produs\/cheie-de-strans-cu-impact-cu-acumulatori-makita-tw140dsme-2600-rot-min-140-nm-moment-de-torsiune-maxim-3200-bpm-frecventa-batailor\/","og_locale":"ro_RO","og_type":"article","og_title":"Cheie de strans cu impact MAKITA TW140DSME - Eurotech Iasi","og_description":"Cheie de str\u00e2ns cu impact MAKITA TW140DSME, dotat cu 2 acumualtori \u0219i un \u00eenc\u0103rc\u0103tor este ideal pentru activit\u0103\u021bile de uz casnic \u0219i nu numai.","og_url":"https:\/\/eurotech-iasi.ro\/magazinonline\/produs\/cheie-de-strans-cu-impact-cu-acumulatori-makita-tw140dsme-2600-rot-min-140-nm-moment-de-torsiune-maxim-3200-bpm-frecventa-batailor\/","og_site_name":"Eurotech Iasi","article_publisher":"https:\/\/www.facebook.com\/EurotechIasi\/","article_modified_time":"2025-04-02T12:14:13+00:00","og_image":[{"width":600,"height":600,"url":"https:\/\/eurotech-iasi.ro\/magazinonline\/wp-content\/uploads\/2018\/06\/TW140DSME-1.jpg","type":"image\/jpeg"}],"schema":{"@context":"https:\/\/schema.org","@graph":[{"@type":"WebPage","@id":"https:\/\/eurotech-iasi.ro\/magazinonline\/produs\/cheie-de-strans-cu-impact-cu-acumulatori-makita-tw140dsme-2600-rot-min-140-nm-moment-de-torsiune-maxim-3200-bpm-frecventa-batailor\/","url":"https:\/\/eurotech-iasi.ro\/magazinonline\/produs\/cheie-de-strans-cu-impact-cu-acumulatori-makita-tw140dsme-2600-rot-min-140-nm-moment-de-torsiune-maxim-3200-bpm-frecventa-batailor\/","name":"Cheie de strans cu impact MAKITA TW140DSME - Eurotech Iasi","isPartOf":{"@id":"https:\/\/eurotech-iasi.ro\/magazinonline\/#website"},"primaryImageOfPage":{"@id":"https:\/\/eurotech-iasi.ro\/magazinonline\/produs\/cheie-de-strans-cu-impact-cu-acumulatori-makita-tw140dsme-2600-rot-min-140-nm-moment-de-torsiune-maxim-3200-bpm-frecventa-batailor\/#primaryimage"},"image":{"@id":"https:\/\/eurotech-iasi.ro\/magazinonline\/produs\/cheie-de-strans-cu-impact-cu-acumulatori-makita-tw140dsme-2600-rot-min-140-nm-moment-de-torsiune-maxim-3200-bpm-frecventa-batailor\/#primaryimage"},"thumbnailUrl":"https:\/\/eurotech-iasi.ro\/magazinonline\/wp-content\/uploads\/2018\/06\/TW140DSME-1.jpg","datePublished":"2018-06-26T05:37:02+00:00","dateModified":"2025-04-02T12:14:13+00:00","description":"Cheie de str\u00e2ns cu impact MAKITA TW140DSME, dotat cu 2 acumualtori \u0219i un \u00eenc\u0103rc\u0103tor este ideal pentru activit\u0103\u021bile de uz casnic \u0219i nu numai.","breadcrumb":{"@id":"https:\/\/eurotech-iasi.ro\/magazinonline\/produs\/cheie-de-strans-cu-impact-cu-acumulatori-makita-tw140dsme-2600-rot-min-140-nm-moment-de-torsiune-maxim-3200-bpm-frecventa-batailor\/#breadcrumb"},"inLanguage":"ro-RO","potentialAction":[{"@type":"ReadAction","target":["https:\/\/eurotech-iasi.ro\/magazinonline\/produs\/cheie-de-strans-cu-impact-cu-acumulatori-makita-tw140dsme-2600-rot-min-140-nm-moment-de-torsiune-maxim-3200-bpm-frecventa-batailor\/"]}]},{"@type":"ImageObject","inLanguage":"ro-RO","@id":"https:\/\/eurotech-iasi.ro\/magazinonline\/produs\/cheie-de-strans-cu-impact-cu-acumulatori-makita-tw140dsme-2600-rot-min-140-nm-moment-de-torsiune-maxim-3200-bpm-frecventa-batailor\/#primaryimage","url":"https:\/\/eurotech-iasi.ro\/magazinonline\/wp-content\/uploads\/2018\/06\/TW140DSME-1.jpg","contentUrl":"https:\/\/eurotech-iasi.ro\/magazinonline\/wp-content\/uploads\/2018\/06\/TW140DSME-1.jpg","width":600,"height":600},{"@type":"BreadcrumbList","@id":"https:\/\/eurotech-iasi.ro\/magazinonline\/produs\/cheie-de-strans-cu-impact-cu-acumulatori-makita-tw140dsme-2600-rot-min-140-nm-moment-de-torsiune-maxim-3200-bpm-frecventa-batailor\/#breadcrumb","itemListElement":[{"@type":"ListItem","position":1,"name":"Prima pagin\u0103","item":"https:\/\/eurotech-iasi.ro\/magazinonline\/"},{"@type":"ListItem","position":2,"name":"Shop","item":"https:\/\/eurotech-iasi.ro\/magazinonline\/shop\/"},{"@type":"ListItem","position":3,"name":"Cheie de strans cu impact MAKITA TW140DSME"}]},{"@type":"WebSite","@id":"https:\/\/eurotech-iasi.ro\/magazinonline\/#website","url":"https:\/\/eurotech-iasi.ro\/magazinonline\/","name":"Eurotech Iasi","description":"Cu oameni seriosi","publisher":{"@id":"https:\/\/eurotech-iasi.ro\/magazinonline\/#organization"},"potentialAction":[{"@type":"SearchAction","target":{"@type":"EntryPoint","urlTemplate":"https:\/\/eurotech-iasi.ro\/magazinonline\/?s={search_term_string}"},"query-input":{"@type":"PropertyValueSpecification","valueRequired":true,"valueName":"search_term_string"}}],"inLanguage":"ro-RO"},{"@type":"Organization","@id":"https:\/\/eurotech-iasi.ro\/magazinonline\/#organization","name":"Eurotech Iasi","url":"https:\/\/eurotech-iasi.ro\/magazinonline\/","logo":{"@type":"ImageObject","inLanguage":"ro-RO","@id":"https:\/\/eurotech-iasi.ro\/magazinonline\/#\/schema\/logo\/image\/","url":"https:\/\/eurotech-iasi.ro\/magazinonline\/wp-content\/uploads\/2020\/08\/logo-eurotech.png","contentUrl":"https:\/\/eurotech-iasi.ro\/magazinonline\/wp-content\/uploads\/2020\/08\/logo-eurotech.png","width":290,"height":70,"caption":"Eurotech Iasi"},"image":{"@id":"https:\/\/eurotech-iasi.ro\/magazinonline\/#\/schema\/logo\/image\/"},"sameAs":["https:\/\/www.facebook.com\/EurotechIasi\/"]}]}},"_links":{"self":[{"href":"https:\/\/eurotech-iasi.ro\/magazinonline\/wp-json\/wp\/v2\/product\/11769","targetHints":{"allow":["GET"]}}],"collection":[{"href":"https:\/\/eurotech-iasi.ro\/magazinonline\/wp-json\/wp\/v2\/product"}],"about":[{"href":"https:\/\/eurotech-iasi.ro\/magazinonline\/wp-json\/wp\/v2\/types\/product"}],"replies":[{"embeddable":true,"href":"https:\/\/eurotech-iasi.ro\/magazinonline\/wp-json\/wp\/v2\/comments?post=11769"}],"wp:featuredmedia":[{"embeddable":true,"href":"https:\/\/eurotech-iasi.ro\/magazinonline\/wp-json\/wp\/v2\/media\/68768"}],"wp:attachment":[{"href":"https:\/\/eurotech-iasi.ro\/magazinonline\/wp-json\/wp\/v2\/media?parent=11769"}],"wp:term":[{"taxonomy":"product_cat","embeddable":true,"href":"https:\/\/eurotech-iasi.ro\/magazinonline\/wp-json\/wp\/v2\/product_cat?post=11769"},{"taxonomy":"product_tag","embeddable":true,"href":"https:\/\/eurotech-iasi.ro\/magazinonline\/wp-json\/wp\/v2\/product_tag?post=11769"},{"taxonomy":"woo-feed-brand","embeddable":true,"href":"https:\/\/eurotech-iasi.ro\/magazinonline\/wp-json\/wp\/v2\/woo-feed-brand?post=11769"}],"curies":[{"name":"wp","href":"https:\/\/api.w.org\/{rel}","templated":true}]}}