{"id":11783,"date":"2018-06-26T09:39:21","date_gmt":"2018-06-26T06:39:21","guid":{"rendered":"https:\/\/eurotech-iasi.ro\/?post_type=product&#038;p=11783"},"modified":"2025-04-02T15:13:26","modified_gmt":"2025-04-02T12:13:26","slug":"fierastrau-pendular-makita-jv183dwe-2900-rpm-18-mm-lungimea-cursei-verticale","status":"publish","type":"product","link":"https:\/\/eurotech-iasi.ro\/magazinonline\/produs\/fierastrau-pendular-makita-jv183dwe-2900-rpm-18-mm-lungimea-cursei-verticale\/","title":{"rendered":"Fierastrau pendular MAKITA JV183DWE"},"content":{"rendered":"<p><strong>Fierastrau pendular MAKITA JV183DWE<\/strong>, dotat cu doi acumulatori si incarcator, cu reglare a unghiului de incidenta pentru taieri fine si rapide. Talpa robusta din aluminiu. Turatie variabila. Constructie compacta si usoara.<\/p>\n<p><strong>Set de livrare<\/strong>:<br \/>\n&#8211; Cheie tubulara 3<br \/>\n&#8211; Lama fierastrau B10\/ set 5 buc 76 mm, lemn<\/p>\n","protected":false},"excerpt":{"rendered":"<p><strong>Fierastrau pendular MAKITA JV183DWE<\/strong>, excelent pentru activitatile casnice de intensitate usoara sau medie.<\/p>\n<p>Cod produs: JV183DWE<\/p>\n","protected":false},"featured_media":11786,"comment_status":"open","ping_status":"closed","template":"","meta":{"_acf_changed":false},"product_cat":[9847,4335],"product_tag":[3678,3677,3695],"woo-feed-brand":[],"class_list":{"0":"post-11783","1":"product","2":"type-product","3":"status-publish","4":"has-post-thumbnail","6":"product_brand-makita","7":"product_cat-debitare-si-taiere","8":"product_cat-scule-electrice-cu-acumulatori","9":"product_tag-18-mm-lungimea-cursei-verticale","10":"product_tag-2900-rpm","11":"product_tag-fierastrau-pendular-makita-jv183dwe","12":"pa_brand-makita","13":"pa_greutate-2-kg","14":"pa_nivel-vibratii-7-m-s","15":"pa_nivel-zgomot-93-db","16":"pa_tensiune-acumulatori-18-v","17":"pa_tip-acumulatori-li-ion","18":"pa_turatie-de-mers-in-gol-2-900-rpm","20":"first","21":"instock","22":"purchasable","23":"product-type-simple"},"acf":[],"yoast_head":"<!-- This site is optimized with the Yoast SEO plugin v27.3 - https:\/\/yoast.com\/product\/yoast-seo-wordpress\/ -->\n<title>Fierastrau pendular MAKITA JV183DWE - Eurotech Iasi<\/title>\n<meta name=\"description\" content=\"Fier\u0103str\u0103u pendular MAKITA JV183DWE, dotat cu doi acumulatori \u0219i \u00eenc\u0103rc\u0103tor, este excelent pentru activit\u0103\u021bile casnice de intensitate u\u0219oar\u0103\/medie.\" \/>\n<meta name=\"robots\" content=\"index, follow, max-snippet:-1, max-image-preview:large, max-video-preview:-1\" \/>\n<link rel=\"canonical\" href=\"https:\/\/eurotech-iasi.ro\/magazinonline\/produs\/fierastrau-pendular-makita-jv183dwe-2900-rpm-18-mm-lungimea-cursei-verticale\/\" \/>\n<meta property=\"og:locale\" content=\"ro_RO\" \/>\n<meta property=\"og:type\" content=\"article\" \/>\n<meta property=\"og:title\" content=\"Fierastrau pendular MAKITA JV183DWE - Eurotech Iasi\" \/>\n<meta property=\"og:description\" content=\"Fier\u0103str\u0103u pendular MAKITA JV183DWE, dotat cu doi acumulatori \u0219i \u00eenc\u0103rc\u0103tor, este excelent pentru activit\u0103\u021bile casnice de intensitate u\u0219oar\u0103\/medie.\" \/>\n<meta property=\"og:url\" content=\"https:\/\/eurotech-iasi.ro\/magazinonline\/produs\/fierastrau-pendular-makita-jv183dwe-2900-rpm-18-mm-lungimea-cursei-verticale\/\" \/>\n<meta property=\"og:site_name\" content=\"Eurotech Iasi\" \/>\n<meta property=\"article:publisher\" content=\"https:\/\/www.facebook.com\/EurotechIasi\/\" \/>\n<meta property=\"article:modified_time\" content=\"2025-04-02T12:13:26+00:00\" \/>\n<meta property=\"og:image\" content=\"https:\/\/eurotech-iasi.ro\/magazinonline\/wp-content\/uploads\/2018\/06\/Fierastrau-pendular-Makita-JV183DWE-2900-rpm-18-mm-lungimea-cursei-verticale.jpg\" \/>\n\t<meta property=\"og:image:width\" content=\"710\" \/>\n\t<meta property=\"og:image:height\" content=\"710\" \/>\n\t<meta property=\"og:image:type\" content=\"image\/jpeg\" \/>\n<script type=\"application\/ld+json\" class=\"yoast-schema-graph\">{\"@context\":\"https:\\\/\\\/schema.org\",\"@graph\":[{\"@type\":\"WebPage\",\"@id\":\"https:\\\/\\\/eurotech-iasi.ro\\\/magazinonline\\\/produs\\\/fierastrau-pendular-makita-jv183dwe-2900-rpm-18-mm-lungimea-cursei-verticale\\\/\",\"url\":\"https:\\\/\\\/eurotech-iasi.ro\\\/magazinonline\\\/produs\\\/fierastrau-pendular-makita-jv183dwe-2900-rpm-18-mm-lungimea-cursei-verticale\\\/\",\"name\":\"Fierastrau pendular MAKITA JV183DWE - Eurotech Iasi\",\"isPartOf\":{\"@id\":\"https:\\\/\\\/eurotech-iasi.ro\\\/magazinonline\\\/#website\"},\"primaryImageOfPage\":{\"@id\":\"https:\\\/\\\/eurotech-iasi.ro\\\/magazinonline\\\/produs\\\/fierastrau-pendular-makita-jv183dwe-2900-rpm-18-mm-lungimea-cursei-verticale\\\/#primaryimage\"},\"image\":{\"@id\":\"https:\\\/\\\/eurotech-iasi.ro\\\/magazinonline\\\/produs\\\/fierastrau-pendular-makita-jv183dwe-2900-rpm-18-mm-lungimea-cursei-verticale\\\/#primaryimage\"},\"thumbnailUrl\":\"https:\\\/\\\/eurotech-iasi.ro\\\/magazinonline\\\/wp-content\\\/uploads\\\/2018\\\/06\\\/Fierastrau-pendular-Makita-JV183DWE-2900-rpm-18-mm-lungimea-cursei-verticale.jpg\",\"datePublished\":\"2018-06-26T06:39:21+00:00\",\"dateModified\":\"2025-04-02T12:13:26+00:00\",\"description\":\"Fier\u0103str\u0103u pendular MAKITA JV183DWE, dotat cu doi acumulatori \u0219i \u00eenc\u0103rc\u0103tor, este excelent pentru activit\u0103\u021bile casnice de intensitate u\u0219oar\u0103\\\/medie.\",\"breadcrumb\":{\"@id\":\"https:\\\/\\\/eurotech-iasi.ro\\\/magazinonline\\\/produs\\\/fierastrau-pendular-makita-jv183dwe-2900-rpm-18-mm-lungimea-cursei-verticale\\\/#breadcrumb\"},\"inLanguage\":\"ro-RO\",\"potentialAction\":[{\"@type\":\"ReadAction\",\"target\":[\"https:\\\/\\\/eurotech-iasi.ro\\\/magazinonline\\\/produs\\\/fierastrau-pendular-makita-jv183dwe-2900-rpm-18-mm-lungimea-cursei-verticale\\\/\"]}]},{\"@type\":\"ImageObject\",\"inLanguage\":\"ro-RO\",\"@id\":\"https:\\\/\\\/eurotech-iasi.ro\\\/magazinonline\\\/produs\\\/fierastrau-pendular-makita-jv183dwe-2900-rpm-18-mm-lungimea-cursei-verticale\\\/#primaryimage\",\"url\":\"https:\\\/\\\/eurotech-iasi.ro\\\/magazinonline\\\/wp-content\\\/uploads\\\/2018\\\/06\\\/Fierastrau-pendular-Makita-JV183DWE-2900-rpm-18-mm-lungimea-cursei-verticale.jpg\",\"contentUrl\":\"https:\\\/\\\/eurotech-iasi.ro\\\/magazinonline\\\/wp-content\\\/uploads\\\/2018\\\/06\\\/Fierastrau-pendular-Makita-JV183DWE-2900-rpm-18-mm-lungimea-cursei-verticale.jpg\",\"width\":710,\"height\":710},{\"@type\":\"BreadcrumbList\",\"@id\":\"https:\\\/\\\/eurotech-iasi.ro\\\/magazinonline\\\/produs\\\/fierastrau-pendular-makita-jv183dwe-2900-rpm-18-mm-lungimea-cursei-verticale\\\/#breadcrumb\",\"itemListElement\":[{\"@type\":\"ListItem\",\"position\":1,\"name\":\"Prima pagin\u0103\",\"item\":\"https:\\\/\\\/eurotech-iasi.ro\\\/magazinonline\\\/\"},{\"@type\":\"ListItem\",\"position\":2,\"name\":\"Shop\",\"item\":\"https:\\\/\\\/eurotech-iasi.ro\\\/magazinonline\\\/shop\\\/\"},{\"@type\":\"ListItem\",\"position\":3,\"name\":\"Fierastrau pendular MAKITA JV183DWE\"}]},{\"@type\":\"WebSite\",\"@id\":\"https:\\\/\\\/eurotech-iasi.ro\\\/magazinonline\\\/#website\",\"url\":\"https:\\\/\\\/eurotech-iasi.ro\\\/magazinonline\\\/\",\"name\":\"Eurotech Iasi\",\"description\":\"Cu oameni seriosi\",\"publisher\":{\"@id\":\"https:\\\/\\\/eurotech-iasi.ro\\\/magazinonline\\\/#organization\"},\"potentialAction\":[{\"@type\":\"SearchAction\",\"target\":{\"@type\":\"EntryPoint\",\"urlTemplate\":\"https:\\\/\\\/eurotech-iasi.ro\\\/magazinonline\\\/?s={search_term_string}\"},\"query-input\":{\"@type\":\"PropertyValueSpecification\",\"valueRequired\":true,\"valueName\":\"search_term_string\"}}],\"inLanguage\":\"ro-RO\"},{\"@type\":\"Organization\",\"@id\":\"https:\\\/\\\/eurotech-iasi.ro\\\/magazinonline\\\/#organization\",\"name\":\"Eurotech Iasi\",\"url\":\"https:\\\/\\\/eurotech-iasi.ro\\\/magazinonline\\\/\",\"logo\":{\"@type\":\"ImageObject\",\"inLanguage\":\"ro-RO\",\"@id\":\"https:\\\/\\\/eurotech-iasi.ro\\\/magazinonline\\\/#\\\/schema\\\/logo\\\/image\\\/\",\"url\":\"https:\\\/\\\/eurotech-iasi.ro\\\/magazinonline\\\/wp-content\\\/uploads\\\/2020\\\/08\\\/logo-eurotech.png\",\"contentUrl\":\"https:\\\/\\\/eurotech-iasi.ro\\\/magazinonline\\\/wp-content\\\/uploads\\\/2020\\\/08\\\/logo-eurotech.png\",\"width\":290,\"height\":70,\"caption\":\"Eurotech Iasi\"},\"image\":{\"@id\":\"https:\\\/\\\/eurotech-iasi.ro\\\/magazinonline\\\/#\\\/schema\\\/logo\\\/image\\\/\"},\"sameAs\":[\"https:\\\/\\\/www.facebook.com\\\/EurotechIasi\\\/\"]}]}<\/script>\n<!-- \/ Yoast SEO plugin. -->","yoast_head_json":{"title":"Fierastrau pendular MAKITA JV183DWE - Eurotech Iasi","description":"Fier\u0103str\u0103u pendular MAKITA JV183DWE, dotat cu doi acumulatori \u0219i \u00eenc\u0103rc\u0103tor, este excelent pentru activit\u0103\u021bile casnice de intensitate u\u0219oar\u0103\/medie.","robots":{"index":"index","follow":"follow","max-snippet":"max-snippet:-1","max-image-preview":"max-image-preview:large","max-video-preview":"max-video-preview:-1"},"canonical":"https:\/\/eurotech-iasi.ro\/magazinonline\/produs\/fierastrau-pendular-makita-jv183dwe-2900-rpm-18-mm-lungimea-cursei-verticale\/","og_locale":"ro_RO","og_type":"article","og_title":"Fierastrau pendular MAKITA JV183DWE - Eurotech Iasi","og_description":"Fier\u0103str\u0103u pendular MAKITA JV183DWE, dotat cu doi acumulatori \u0219i \u00eenc\u0103rc\u0103tor, este excelent pentru activit\u0103\u021bile casnice de intensitate u\u0219oar\u0103\/medie.","og_url":"https:\/\/eurotech-iasi.ro\/magazinonline\/produs\/fierastrau-pendular-makita-jv183dwe-2900-rpm-18-mm-lungimea-cursei-verticale\/","og_site_name":"Eurotech Iasi","article_publisher":"https:\/\/www.facebook.com\/EurotechIasi\/","article_modified_time":"2025-04-02T12:13:26+00:00","og_image":[{"width":710,"height":710,"url":"https:\/\/eurotech-iasi.ro\/magazinonline\/wp-content\/uploads\/2018\/06\/Fierastrau-pendular-Makita-JV183DWE-2900-rpm-18-mm-lungimea-cursei-verticale.jpg","type":"image\/jpeg"}],"schema":{"@context":"https:\/\/schema.org","@graph":[{"@type":"WebPage","@id":"https:\/\/eurotech-iasi.ro\/magazinonline\/produs\/fierastrau-pendular-makita-jv183dwe-2900-rpm-18-mm-lungimea-cursei-verticale\/","url":"https:\/\/eurotech-iasi.ro\/magazinonline\/produs\/fierastrau-pendular-makita-jv183dwe-2900-rpm-18-mm-lungimea-cursei-verticale\/","name":"Fierastrau pendular MAKITA JV183DWE - Eurotech Iasi","isPartOf":{"@id":"https:\/\/eurotech-iasi.ro\/magazinonline\/#website"},"primaryImageOfPage":{"@id":"https:\/\/eurotech-iasi.ro\/magazinonline\/produs\/fierastrau-pendular-makita-jv183dwe-2900-rpm-18-mm-lungimea-cursei-verticale\/#primaryimage"},"image":{"@id":"https:\/\/eurotech-iasi.ro\/magazinonline\/produs\/fierastrau-pendular-makita-jv183dwe-2900-rpm-18-mm-lungimea-cursei-verticale\/#primaryimage"},"thumbnailUrl":"https:\/\/eurotech-iasi.ro\/magazinonline\/wp-content\/uploads\/2018\/06\/Fierastrau-pendular-Makita-JV183DWE-2900-rpm-18-mm-lungimea-cursei-verticale.jpg","datePublished":"2018-06-26T06:39:21+00:00","dateModified":"2025-04-02T12:13:26+00:00","description":"Fier\u0103str\u0103u pendular MAKITA JV183DWE, dotat cu doi acumulatori \u0219i \u00eenc\u0103rc\u0103tor, este excelent pentru activit\u0103\u021bile casnice de intensitate u\u0219oar\u0103\/medie.","breadcrumb":{"@id":"https:\/\/eurotech-iasi.ro\/magazinonline\/produs\/fierastrau-pendular-makita-jv183dwe-2900-rpm-18-mm-lungimea-cursei-verticale\/#breadcrumb"},"inLanguage":"ro-RO","potentialAction":[{"@type":"ReadAction","target":["https:\/\/eurotech-iasi.ro\/magazinonline\/produs\/fierastrau-pendular-makita-jv183dwe-2900-rpm-18-mm-lungimea-cursei-verticale\/"]}]},{"@type":"ImageObject","inLanguage":"ro-RO","@id":"https:\/\/eurotech-iasi.ro\/magazinonline\/produs\/fierastrau-pendular-makita-jv183dwe-2900-rpm-18-mm-lungimea-cursei-verticale\/#primaryimage","url":"https:\/\/eurotech-iasi.ro\/magazinonline\/wp-content\/uploads\/2018\/06\/Fierastrau-pendular-Makita-JV183DWE-2900-rpm-18-mm-lungimea-cursei-verticale.jpg","contentUrl":"https:\/\/eurotech-iasi.ro\/magazinonline\/wp-content\/uploads\/2018\/06\/Fierastrau-pendular-Makita-JV183DWE-2900-rpm-18-mm-lungimea-cursei-verticale.jpg","width":710,"height":710},{"@type":"BreadcrumbList","@id":"https:\/\/eurotech-iasi.ro\/magazinonline\/produs\/fierastrau-pendular-makita-jv183dwe-2900-rpm-18-mm-lungimea-cursei-verticale\/#breadcrumb","itemListElement":[{"@type":"ListItem","position":1,"name":"Prima pagin\u0103","item":"https:\/\/eurotech-iasi.ro\/magazinonline\/"},{"@type":"ListItem","position":2,"name":"Shop","item":"https:\/\/eurotech-iasi.ro\/magazinonline\/shop\/"},{"@type":"ListItem","position":3,"name":"Fierastrau pendular MAKITA JV183DWE"}]},{"@type":"WebSite","@id":"https:\/\/eurotech-iasi.ro\/magazinonline\/#website","url":"https:\/\/eurotech-iasi.ro\/magazinonline\/","name":"Eurotech Iasi","description":"Cu oameni seriosi","publisher":{"@id":"https:\/\/eurotech-iasi.ro\/magazinonline\/#organization"},"potentialAction":[{"@type":"SearchAction","target":{"@type":"EntryPoint","urlTemplate":"https:\/\/eurotech-iasi.ro\/magazinonline\/?s={search_term_string}"},"query-input":{"@type":"PropertyValueSpecification","valueRequired":true,"valueName":"search_term_string"}}],"inLanguage":"ro-RO"},{"@type":"Organization","@id":"https:\/\/eurotech-iasi.ro\/magazinonline\/#organization","name":"Eurotech Iasi","url":"https:\/\/eurotech-iasi.ro\/magazinonline\/","logo":{"@type":"ImageObject","inLanguage":"ro-RO","@id":"https:\/\/eurotech-iasi.ro\/magazinonline\/#\/schema\/logo\/image\/","url":"https:\/\/eurotech-iasi.ro\/magazinonline\/wp-content\/uploads\/2020\/08\/logo-eurotech.png","contentUrl":"https:\/\/eurotech-iasi.ro\/magazinonline\/wp-content\/uploads\/2020\/08\/logo-eurotech.png","width":290,"height":70,"caption":"Eurotech Iasi"},"image":{"@id":"https:\/\/eurotech-iasi.ro\/magazinonline\/#\/schema\/logo\/image\/"},"sameAs":["https:\/\/www.facebook.com\/EurotechIasi\/"]}]}},"_links":{"self":[{"href":"https:\/\/eurotech-iasi.ro\/magazinonline\/wp-json\/wp\/v2\/product\/11783","targetHints":{"allow":["GET"]}}],"collection":[{"href":"https:\/\/eurotech-iasi.ro\/magazinonline\/wp-json\/wp\/v2\/product"}],"about":[{"href":"https:\/\/eurotech-iasi.ro\/magazinonline\/wp-json\/wp\/v2\/types\/product"}],"replies":[{"embeddable":true,"href":"https:\/\/eurotech-iasi.ro\/magazinonline\/wp-json\/wp\/v2\/comments?post=11783"}],"wp:featuredmedia":[{"embeddable":true,"href":"https:\/\/eurotech-iasi.ro\/magazinonline\/wp-json\/wp\/v2\/media\/11786"}],"wp:attachment":[{"href":"https:\/\/eurotech-iasi.ro\/magazinonline\/wp-json\/wp\/v2\/media?parent=11783"}],"wp:term":[{"taxonomy":"product_cat","embeddable":true,"href":"https:\/\/eurotech-iasi.ro\/magazinonline\/wp-json\/wp\/v2\/product_cat?post=11783"},{"taxonomy":"product_tag","embeddable":true,"href":"https:\/\/eurotech-iasi.ro\/magazinonline\/wp-json\/wp\/v2\/product_tag?post=11783"},{"taxonomy":"woo-feed-brand","embeddable":true,"href":"https:\/\/eurotech-iasi.ro\/magazinonline\/wp-json\/wp\/v2\/woo-feed-brand?post=11783"}],"curies":[{"name":"wp","href":"https:\/\/api.w.org\/{rel}","templated":true}]}}