{"id":11823,"date":"2018-06-26T13:31:41","date_gmt":"2018-06-26T10:31:41","guid":{"rendered":"https:\/\/eurotech-iasi.ro\/?post_type=product&#038;p=11823"},"modified":"2025-04-02T13:22:27","modified_gmt":"2025-04-02T10:22:27","slug":"aspirator-cu-acumulatori-makita-cl107fdz-84-m3-h-debit-maxim-de-aer-50-mbar-putere-de-aspirare-5-l-volumul-rezervorului","status":"publish","type":"product","link":"https:\/\/eurotech-iasi.ro\/magazinonline\/produs\/aspirator-cu-acumulatori-makita-cl107fdz-84-m3-h-debit-maxim-de-aer-50-mbar-putere-de-aspirare-5-l-volumul-rezervorului\/","title":{"rendered":"Aspirator MAKITA CL107FDZ"},"content":{"rendered":"<p><strong>Aspirator MAKITA CL107FDZ <\/strong>este ideal pentru curatenia casnica. Are maner ergonomic cu intrerupator situat ideal.<br \/>\nCapul pivotant de aspirare mentine peria cat mai aproape de suprafata de aspirare. Acumularea prafului in jurul rolelor de ghidare este redusa datorita distantei mari intre dispozitivele de stergere si fiecare rola.<\/p>\n<h2>Specificatii tehnice &#8211; Aspirator MAKITA CL107FDZ:<\/h2>\n<ul>\n<li>Debit maxim de aer1,4 m\u00b3\/min<\/li>\n<li>Functionare continua &#8211; cu acumulator BL1840 (18V 4.0Ah)<\/li>\n<li>Maxim\/Inalt\/Normal20 \/ 24 \/ 50 min<\/li>\n<li>Putere de aspirare Maxim\/Inalt\/Normal 32 \/ 20 \/ 5 W<\/li>\n<li>Putere de absorbtie 5 kPa<\/li>\n<li>Capacitate rezervor: sac textil 5 l<\/li>\n<li>Capacitate rezervor: sac hartie 3,3 l<\/li>\n<li>Greutate (EPTA)1,1 kg<\/li>\n<li><strong><em><span style=\"color: red;\">Setul de livrare nu include acumulator si incarcator!<\/span><\/em><\/strong><\/li>\n<\/ul>\n","protected":false},"excerpt":{"rendered":"<p><strong><em><span style=\"color: red;\">Setul de livrare nu include acumulator si incarcator!<\/span><\/em><\/strong><\/p>\n<p><strong>Aspirator MAKITA CL107FDZ<\/strong>, ideal pentru curatarea spatiilor inguste din casa sau suprafetele de mici dimensiuni.<\/p>\n<p><em><strong>Cod produs: CL107FDZ<\/strong><\/em><\/p>\n","protected":false},"featured_media":11826,"comment_status":"open","ping_status":"closed","template":"","meta":{"_acf_changed":false},"product_cat":[4388,4339],"product_tag":[3709,3708,3707,3706],"woo-feed-brand":[],"class_list":{"0":"post-11823","1":"product","2":"type-product","3":"status-publish","4":"has-post-thumbnail","6":"product_brand-makita","7":"product_cat-aspiratoare-uscate","8":"product_cat-echipamente-pentru-curatenie","9":"product_tag-5-l-volumul-rezervorului","10":"product_tag-50-mbar-putere-de-aspirare","11":"product_tag-84-m3-h-debit-maxim-de-aer","12":"product_tag-aspirator-cu-acumulatori-makita-cl107fdz","13":"pa_brand-makita","14":"pa_dimensiuni-960x112x150-mm","15":"pa_greutate-11-kg","17":"first","18":"instock","19":"purchasable","20":"product-type-simple"},"acf":[],"yoast_head":"<!-- This site is optimized with the Yoast SEO plugin v27.5 - https:\/\/yoast.com\/product\/yoast-seo-wordpress\/ -->\n<title>Aspirator MAKITA CL107FDZ - Eurotech Iasi<\/title>\n<meta name=\"description\" content=\"Aspirator MAKITA CL107FDZ, f\u0103r\u0103 \u00eenc\u0103rc\u0103tor \u0219i acumulatori, este ideal pentru cur\u0103\u021barea spa\u021biilor \u00eenguste din cas\u0103 sau suprafe\u021bele de mici dimensiuni.\" \/>\n<meta name=\"robots\" content=\"index, follow, max-snippet:-1, max-image-preview:large, max-video-preview:-1\" \/>\n<link rel=\"canonical\" href=\"https:\/\/eurotech-iasi.ro\/magazinonline\/produs\/aspirator-cu-acumulatori-makita-cl107fdz-84-m3-h-debit-maxim-de-aer-50-mbar-putere-de-aspirare-5-l-volumul-rezervorului\/\" \/>\n<meta property=\"og:locale\" content=\"ro_RO\" \/>\n<meta property=\"og:type\" content=\"article\" \/>\n<meta property=\"og:title\" content=\"Aspirator MAKITA CL107FDZ - Eurotech Iasi\" \/>\n<meta property=\"og:description\" content=\"Aspirator MAKITA CL107FDZ, f\u0103r\u0103 \u00eenc\u0103rc\u0103tor \u0219i acumulatori, este ideal pentru cur\u0103\u021barea spa\u021biilor \u00eenguste din cas\u0103 sau suprafe\u021bele de mici dimensiuni.\" \/>\n<meta property=\"og:url\" content=\"https:\/\/eurotech-iasi.ro\/magazinonline\/produs\/aspirator-cu-acumulatori-makita-cl107fdz-84-m3-h-debit-maxim-de-aer-50-mbar-putere-de-aspirare-5-l-volumul-rezervorului\/\" \/>\n<meta property=\"og:site_name\" content=\"Eurotech Iasi\" \/>\n<meta property=\"article:publisher\" content=\"https:\/\/www.facebook.com\/EurotechIasi\/\" \/>\n<meta property=\"article:modified_time\" content=\"2025-04-02T10:22:27+00:00\" \/>\n<meta property=\"og:image\" content=\"https:\/\/eurotech-iasi.ro\/magazinonline\/wp-content\/uploads\/2018\/06\/Aspirator-cu-acumulatori-Makita-CL107FDZ-84-m3-h-debit-maxim-de-aer-50-mbar-putere-de-aspirare-5-l-volumul-rezervorului.jpg\" \/>\n\t<meta property=\"og:image:width\" content=\"600\" \/>\n\t<meta property=\"og:image:height\" content=\"600\" \/>\n\t<meta property=\"og:image:type\" content=\"image\/jpeg\" \/>\n<meta name=\"twitter:label1\" content=\"Timp estimat pentru citire\" \/>\n\t<meta name=\"twitter:data1\" content=\"1 minut\" \/>\n<script type=\"application\/ld+json\" class=\"yoast-schema-graph\">{\"@context\":\"https:\\\/\\\/schema.org\",\"@graph\":[{\"@type\":\"WebPage\",\"@id\":\"https:\\\/\\\/eurotech-iasi.ro\\\/magazinonline\\\/produs\\\/aspirator-cu-acumulatori-makita-cl107fdz-84-m3-h-debit-maxim-de-aer-50-mbar-putere-de-aspirare-5-l-volumul-rezervorului\\\/\",\"url\":\"https:\\\/\\\/eurotech-iasi.ro\\\/magazinonline\\\/produs\\\/aspirator-cu-acumulatori-makita-cl107fdz-84-m3-h-debit-maxim-de-aer-50-mbar-putere-de-aspirare-5-l-volumul-rezervorului\\\/\",\"name\":\"Aspirator MAKITA CL107FDZ - Eurotech Iasi\",\"isPartOf\":{\"@id\":\"https:\\\/\\\/eurotech-iasi.ro\\\/magazinonline\\\/#website\"},\"primaryImageOfPage\":{\"@id\":\"https:\\\/\\\/eurotech-iasi.ro\\\/magazinonline\\\/produs\\\/aspirator-cu-acumulatori-makita-cl107fdz-84-m3-h-debit-maxim-de-aer-50-mbar-putere-de-aspirare-5-l-volumul-rezervorului\\\/#primaryimage\"},\"image\":{\"@id\":\"https:\\\/\\\/eurotech-iasi.ro\\\/magazinonline\\\/produs\\\/aspirator-cu-acumulatori-makita-cl107fdz-84-m3-h-debit-maxim-de-aer-50-mbar-putere-de-aspirare-5-l-volumul-rezervorului\\\/#primaryimage\"},\"thumbnailUrl\":\"https:\\\/\\\/eurotech-iasi.ro\\\/magazinonline\\\/wp-content\\\/uploads\\\/2018\\\/06\\\/Aspirator-cu-acumulatori-Makita-CL107FDZ-84-m3-h-debit-maxim-de-aer-50-mbar-putere-de-aspirare-5-l-volumul-rezervorului.jpg\",\"datePublished\":\"2018-06-26T10:31:41+00:00\",\"dateModified\":\"2025-04-02T10:22:27+00:00\",\"description\":\"Aspirator MAKITA CL107FDZ, f\u0103r\u0103 \u00eenc\u0103rc\u0103tor \u0219i acumulatori, este ideal pentru cur\u0103\u021barea spa\u021biilor \u00eenguste din cas\u0103 sau suprafe\u021bele de mici dimensiuni.\",\"breadcrumb\":{\"@id\":\"https:\\\/\\\/eurotech-iasi.ro\\\/magazinonline\\\/produs\\\/aspirator-cu-acumulatori-makita-cl107fdz-84-m3-h-debit-maxim-de-aer-50-mbar-putere-de-aspirare-5-l-volumul-rezervorului\\\/#breadcrumb\"},\"inLanguage\":\"ro-RO\",\"potentialAction\":[{\"@type\":\"ReadAction\",\"target\":[\"https:\\\/\\\/eurotech-iasi.ro\\\/magazinonline\\\/produs\\\/aspirator-cu-acumulatori-makita-cl107fdz-84-m3-h-debit-maxim-de-aer-50-mbar-putere-de-aspirare-5-l-volumul-rezervorului\\\/\"]}]},{\"@type\":\"ImageObject\",\"inLanguage\":\"ro-RO\",\"@id\":\"https:\\\/\\\/eurotech-iasi.ro\\\/magazinonline\\\/produs\\\/aspirator-cu-acumulatori-makita-cl107fdz-84-m3-h-debit-maxim-de-aer-50-mbar-putere-de-aspirare-5-l-volumul-rezervorului\\\/#primaryimage\",\"url\":\"https:\\\/\\\/eurotech-iasi.ro\\\/magazinonline\\\/wp-content\\\/uploads\\\/2018\\\/06\\\/Aspirator-cu-acumulatori-Makita-CL107FDZ-84-m3-h-debit-maxim-de-aer-50-mbar-putere-de-aspirare-5-l-volumul-rezervorului.jpg\",\"contentUrl\":\"https:\\\/\\\/eurotech-iasi.ro\\\/magazinonline\\\/wp-content\\\/uploads\\\/2018\\\/06\\\/Aspirator-cu-acumulatori-Makita-CL107FDZ-84-m3-h-debit-maxim-de-aer-50-mbar-putere-de-aspirare-5-l-volumul-rezervorului.jpg\",\"width\":600,\"height\":600},{\"@type\":\"BreadcrumbList\",\"@id\":\"https:\\\/\\\/eurotech-iasi.ro\\\/magazinonline\\\/produs\\\/aspirator-cu-acumulatori-makita-cl107fdz-84-m3-h-debit-maxim-de-aer-50-mbar-putere-de-aspirare-5-l-volumul-rezervorului\\\/#breadcrumb\",\"itemListElement\":[{\"@type\":\"ListItem\",\"position\":1,\"name\":\"Prima pagin\u0103\",\"item\":\"https:\\\/\\\/eurotech-iasi.ro\\\/magazinonline\\\/\"},{\"@type\":\"ListItem\",\"position\":2,\"name\":\"Shop\",\"item\":\"https:\\\/\\\/eurotech-iasi.ro\\\/magazinonline\\\/shop\\\/\"},{\"@type\":\"ListItem\",\"position\":3,\"name\":\"Aspirator MAKITA CL107FDZ\"}]},{\"@type\":\"WebSite\",\"@id\":\"https:\\\/\\\/eurotech-iasi.ro\\\/magazinonline\\\/#website\",\"url\":\"https:\\\/\\\/eurotech-iasi.ro\\\/magazinonline\\\/\",\"name\":\"Eurotech Iasi\",\"description\":\"Cu oameni seriosi\",\"publisher\":{\"@id\":\"https:\\\/\\\/eurotech-iasi.ro\\\/magazinonline\\\/#organization\"},\"potentialAction\":[{\"@type\":\"SearchAction\",\"target\":{\"@type\":\"EntryPoint\",\"urlTemplate\":\"https:\\\/\\\/eurotech-iasi.ro\\\/magazinonline\\\/?s={search_term_string}\"},\"query-input\":{\"@type\":\"PropertyValueSpecification\",\"valueRequired\":true,\"valueName\":\"search_term_string\"}}],\"inLanguage\":\"ro-RO\"},{\"@type\":\"Organization\",\"@id\":\"https:\\\/\\\/eurotech-iasi.ro\\\/magazinonline\\\/#organization\",\"name\":\"Eurotech Iasi\",\"url\":\"https:\\\/\\\/eurotech-iasi.ro\\\/magazinonline\\\/\",\"logo\":{\"@type\":\"ImageObject\",\"inLanguage\":\"ro-RO\",\"@id\":\"https:\\\/\\\/eurotech-iasi.ro\\\/magazinonline\\\/#\\\/schema\\\/logo\\\/image\\\/\",\"url\":\"https:\\\/\\\/eurotech-iasi.ro\\\/magazinonline\\\/wp-content\\\/uploads\\\/2020\\\/08\\\/logo-eurotech.png\",\"contentUrl\":\"https:\\\/\\\/eurotech-iasi.ro\\\/magazinonline\\\/wp-content\\\/uploads\\\/2020\\\/08\\\/logo-eurotech.png\",\"width\":290,\"height\":70,\"caption\":\"Eurotech Iasi\"},\"image\":{\"@id\":\"https:\\\/\\\/eurotech-iasi.ro\\\/magazinonline\\\/#\\\/schema\\\/logo\\\/image\\\/\"},\"sameAs\":[\"https:\\\/\\\/www.facebook.com\\\/EurotechIasi\\\/\"]}]}<\/script>\n<!-- \/ Yoast SEO plugin. -->","yoast_head_json":{"title":"Aspirator MAKITA CL107FDZ - Eurotech Iasi","description":"Aspirator MAKITA CL107FDZ, f\u0103r\u0103 \u00eenc\u0103rc\u0103tor \u0219i acumulatori, este ideal pentru cur\u0103\u021barea spa\u021biilor \u00eenguste din cas\u0103 sau suprafe\u021bele de mici dimensiuni.","robots":{"index":"index","follow":"follow","max-snippet":"max-snippet:-1","max-image-preview":"max-image-preview:large","max-video-preview":"max-video-preview:-1"},"canonical":"https:\/\/eurotech-iasi.ro\/magazinonline\/produs\/aspirator-cu-acumulatori-makita-cl107fdz-84-m3-h-debit-maxim-de-aer-50-mbar-putere-de-aspirare-5-l-volumul-rezervorului\/","og_locale":"ro_RO","og_type":"article","og_title":"Aspirator MAKITA CL107FDZ - Eurotech Iasi","og_description":"Aspirator MAKITA CL107FDZ, f\u0103r\u0103 \u00eenc\u0103rc\u0103tor \u0219i acumulatori, este ideal pentru cur\u0103\u021barea spa\u021biilor \u00eenguste din cas\u0103 sau suprafe\u021bele de mici dimensiuni.","og_url":"https:\/\/eurotech-iasi.ro\/magazinonline\/produs\/aspirator-cu-acumulatori-makita-cl107fdz-84-m3-h-debit-maxim-de-aer-50-mbar-putere-de-aspirare-5-l-volumul-rezervorului\/","og_site_name":"Eurotech Iasi","article_publisher":"https:\/\/www.facebook.com\/EurotechIasi\/","article_modified_time":"2025-04-02T10:22:27+00:00","og_image":[{"width":600,"height":600,"url":"https:\/\/eurotech-iasi.ro\/magazinonline\/wp-content\/uploads\/2018\/06\/Aspirator-cu-acumulatori-Makita-CL107FDZ-84-m3-h-debit-maxim-de-aer-50-mbar-putere-de-aspirare-5-l-volumul-rezervorului.jpg","type":"image\/jpeg"}],"twitter_misc":{"Timp estimat pentru citire":"1 minut"},"schema":{"@context":"https:\/\/schema.org","@graph":[{"@type":"WebPage","@id":"https:\/\/eurotech-iasi.ro\/magazinonline\/produs\/aspirator-cu-acumulatori-makita-cl107fdz-84-m3-h-debit-maxim-de-aer-50-mbar-putere-de-aspirare-5-l-volumul-rezervorului\/","url":"https:\/\/eurotech-iasi.ro\/magazinonline\/produs\/aspirator-cu-acumulatori-makita-cl107fdz-84-m3-h-debit-maxim-de-aer-50-mbar-putere-de-aspirare-5-l-volumul-rezervorului\/","name":"Aspirator MAKITA CL107FDZ - Eurotech Iasi","isPartOf":{"@id":"https:\/\/eurotech-iasi.ro\/magazinonline\/#website"},"primaryImageOfPage":{"@id":"https:\/\/eurotech-iasi.ro\/magazinonline\/produs\/aspirator-cu-acumulatori-makita-cl107fdz-84-m3-h-debit-maxim-de-aer-50-mbar-putere-de-aspirare-5-l-volumul-rezervorului\/#primaryimage"},"image":{"@id":"https:\/\/eurotech-iasi.ro\/magazinonline\/produs\/aspirator-cu-acumulatori-makita-cl107fdz-84-m3-h-debit-maxim-de-aer-50-mbar-putere-de-aspirare-5-l-volumul-rezervorului\/#primaryimage"},"thumbnailUrl":"https:\/\/eurotech-iasi.ro\/magazinonline\/wp-content\/uploads\/2018\/06\/Aspirator-cu-acumulatori-Makita-CL107FDZ-84-m3-h-debit-maxim-de-aer-50-mbar-putere-de-aspirare-5-l-volumul-rezervorului.jpg","datePublished":"2018-06-26T10:31:41+00:00","dateModified":"2025-04-02T10:22:27+00:00","description":"Aspirator MAKITA CL107FDZ, f\u0103r\u0103 \u00eenc\u0103rc\u0103tor \u0219i acumulatori, este ideal pentru cur\u0103\u021barea spa\u021biilor \u00eenguste din cas\u0103 sau suprafe\u021bele de mici dimensiuni.","breadcrumb":{"@id":"https:\/\/eurotech-iasi.ro\/magazinonline\/produs\/aspirator-cu-acumulatori-makita-cl107fdz-84-m3-h-debit-maxim-de-aer-50-mbar-putere-de-aspirare-5-l-volumul-rezervorului\/#breadcrumb"},"inLanguage":"ro-RO","potentialAction":[{"@type":"ReadAction","target":["https:\/\/eurotech-iasi.ro\/magazinonline\/produs\/aspirator-cu-acumulatori-makita-cl107fdz-84-m3-h-debit-maxim-de-aer-50-mbar-putere-de-aspirare-5-l-volumul-rezervorului\/"]}]},{"@type":"ImageObject","inLanguage":"ro-RO","@id":"https:\/\/eurotech-iasi.ro\/magazinonline\/produs\/aspirator-cu-acumulatori-makita-cl107fdz-84-m3-h-debit-maxim-de-aer-50-mbar-putere-de-aspirare-5-l-volumul-rezervorului\/#primaryimage","url":"https:\/\/eurotech-iasi.ro\/magazinonline\/wp-content\/uploads\/2018\/06\/Aspirator-cu-acumulatori-Makita-CL107FDZ-84-m3-h-debit-maxim-de-aer-50-mbar-putere-de-aspirare-5-l-volumul-rezervorului.jpg","contentUrl":"https:\/\/eurotech-iasi.ro\/magazinonline\/wp-content\/uploads\/2018\/06\/Aspirator-cu-acumulatori-Makita-CL107FDZ-84-m3-h-debit-maxim-de-aer-50-mbar-putere-de-aspirare-5-l-volumul-rezervorului.jpg","width":600,"height":600},{"@type":"BreadcrumbList","@id":"https:\/\/eurotech-iasi.ro\/magazinonline\/produs\/aspirator-cu-acumulatori-makita-cl107fdz-84-m3-h-debit-maxim-de-aer-50-mbar-putere-de-aspirare-5-l-volumul-rezervorului\/#breadcrumb","itemListElement":[{"@type":"ListItem","position":1,"name":"Prima pagin\u0103","item":"https:\/\/eurotech-iasi.ro\/magazinonline\/"},{"@type":"ListItem","position":2,"name":"Shop","item":"https:\/\/eurotech-iasi.ro\/magazinonline\/shop\/"},{"@type":"ListItem","position":3,"name":"Aspirator MAKITA CL107FDZ"}]},{"@type":"WebSite","@id":"https:\/\/eurotech-iasi.ro\/magazinonline\/#website","url":"https:\/\/eurotech-iasi.ro\/magazinonline\/","name":"Eurotech Iasi","description":"Cu oameni seriosi","publisher":{"@id":"https:\/\/eurotech-iasi.ro\/magazinonline\/#organization"},"potentialAction":[{"@type":"SearchAction","target":{"@type":"EntryPoint","urlTemplate":"https:\/\/eurotech-iasi.ro\/magazinonline\/?s={search_term_string}"},"query-input":{"@type":"PropertyValueSpecification","valueRequired":true,"valueName":"search_term_string"}}],"inLanguage":"ro-RO"},{"@type":"Organization","@id":"https:\/\/eurotech-iasi.ro\/magazinonline\/#organization","name":"Eurotech Iasi","url":"https:\/\/eurotech-iasi.ro\/magazinonline\/","logo":{"@type":"ImageObject","inLanguage":"ro-RO","@id":"https:\/\/eurotech-iasi.ro\/magazinonline\/#\/schema\/logo\/image\/","url":"https:\/\/eurotech-iasi.ro\/magazinonline\/wp-content\/uploads\/2020\/08\/logo-eurotech.png","contentUrl":"https:\/\/eurotech-iasi.ro\/magazinonline\/wp-content\/uploads\/2020\/08\/logo-eurotech.png","width":290,"height":70,"caption":"Eurotech Iasi"},"image":{"@id":"https:\/\/eurotech-iasi.ro\/magazinonline\/#\/schema\/logo\/image\/"},"sameAs":["https:\/\/www.facebook.com\/EurotechIasi\/"]}]}},"_links":{"self":[{"href":"https:\/\/eurotech-iasi.ro\/magazinonline\/wp-json\/wp\/v2\/product\/11823","targetHints":{"allow":["GET"]}}],"collection":[{"href":"https:\/\/eurotech-iasi.ro\/magazinonline\/wp-json\/wp\/v2\/product"}],"about":[{"href":"https:\/\/eurotech-iasi.ro\/magazinonline\/wp-json\/wp\/v2\/types\/product"}],"replies":[{"embeddable":true,"href":"https:\/\/eurotech-iasi.ro\/magazinonline\/wp-json\/wp\/v2\/comments?post=11823"}],"wp:featuredmedia":[{"embeddable":true,"href":"https:\/\/eurotech-iasi.ro\/magazinonline\/wp-json\/wp\/v2\/media\/11826"}],"wp:attachment":[{"href":"https:\/\/eurotech-iasi.ro\/magazinonline\/wp-json\/wp\/v2\/media?parent=11823"}],"wp:term":[{"taxonomy":"product_cat","embeddable":true,"href":"https:\/\/eurotech-iasi.ro\/magazinonline\/wp-json\/wp\/v2\/product_cat?post=11823"},{"taxonomy":"product_tag","embeddable":true,"href":"https:\/\/eurotech-iasi.ro\/magazinonline\/wp-json\/wp\/v2\/product_tag?post=11823"},{"taxonomy":"woo-feed-brand","embeddable":true,"href":"https:\/\/eurotech-iasi.ro\/magazinonline\/wp-json\/wp\/v2\/woo-feed-brand?post=11823"}],"curies":[{"name":"wp","href":"https:\/\/api.w.org\/{rel}","templated":true}]}}