{"id":11827,"date":"2018-06-26T13:44:45","date_gmt":"2018-06-26T10:44:45","guid":{"rendered":"https:\/\/eurotech-iasi.ro\/?post_type=product&#038;p=11827"},"modified":"2025-04-02T13:20:46","modified_gmt":"2025-04-02T10:20:46","slug":"aspirator-cu-acumulatori-makita-cl183dz-1-2-m3-h-debit-maxim-de-aer-22-mbar-putere-de-aspirare-6-l-volumul-rezervorului","status":"publish","type":"product","link":"https:\/\/eurotech-iasi.ro\/magazinonline\/produs\/aspirator-cu-acumulatori-makita-cl183dz-1-2-m3-h-debit-maxim-de-aer-22-mbar-putere-de-aspirare-6-l-volumul-rezervorului\/","title":{"rendered":"Aspirator MAKITA CL183DZ"},"content":{"rendered":"<p><strong>Aspirator MAKITA CL183DZ<\/strong>, fara acumulatori si incarcator, este destinat curateniei casnice. Sistemul de filtrare permite schimbarea prin desfacerea a jumatate din carcasa superioara. Prefiltrul este pravazut cu doua sisteme de blocare pentru prevenirea caderii acestuia chiar daca operatorul are desfacuta carcasa superioara si tine aspiratorul cu partea filtranta in jos. Ideal pentru aspirarea in liniste in zone rezidentiale.<\/p>\n<p><span style=\"color: #ff0000;\"><strong>Compatibil numai cu acumulator Li-Ion 18V tip G!!!<\/strong><\/span><\/p>\n","protected":false},"excerpt":{"rendered":"<p><strong><em><span style=\"color: red;\">Setul de livrare nu include acumulator si incarcator!<\/span><\/em><\/strong><\/p>\n<p><strong>Aspirator MAKITA CL183DZ<\/strong>, ideal pentru activitatile casnice pliindu-se in oricare dintre colturile ale casei.<\/p>\n<p>Cod produs: CL183DZ<\/p>\n","protected":false},"featured_media":11828,"comment_status":"open","ping_status":"closed","template":"","meta":{"_acf_changed":false},"product_cat":[4388,4339],"product_tag":[3711,3712,3713,3710],"woo-feed-brand":[],"class_list":{"0":"post-11827","1":"product","2":"type-product","3":"status-publish","4":"has-post-thumbnail","6":"product_brand-makita","7":"product_cat-aspiratoare-uscate","8":"product_cat-echipamente-pentru-curatenie","9":"product_tag-1-2-m3-h-debit-maxim-de-aer","10":"product_tag-22-mbar-putere-de-aspirare","11":"product_tag-6-l-volumul-rezervorului","12":"product_tag-aspirator-cu-acumulatori-makita-cl183dz","13":"pa_brand-makita","14":"pa_greutate-11-kg","16":"first","17":"instock","18":"purchasable","19":"product-type-simple"},"acf":[],"yoast_head":"<!-- This site is optimized with the Yoast SEO plugin v27.5 - https:\/\/yoast.com\/product\/yoast-seo-wordpress\/ -->\n<title>Aspirator MAKITA CL183DZ - Eurotech Iasi<\/title>\n<meta name=\"description\" content=\"Aspirator MAKITA CL183DZ, f\u0103r\u0103 \u00eenc\u0103rc\u0103tor \u0219i acumulatori, este ideal pentru activit\u0103\u021bile casnice pliindu-se \u00een orice col\u021buri ale casei.\" \/>\n<meta name=\"robots\" content=\"index, follow, max-snippet:-1, max-image-preview:large, max-video-preview:-1\" \/>\n<link rel=\"canonical\" href=\"https:\/\/eurotech-iasi.ro\/magazinonline\/produs\/aspirator-cu-acumulatori-makita-cl183dz-1-2-m3-h-debit-maxim-de-aer-22-mbar-putere-de-aspirare-6-l-volumul-rezervorului\/\" \/>\n<meta property=\"og:locale\" content=\"ro_RO\" \/>\n<meta property=\"og:type\" content=\"article\" \/>\n<meta property=\"og:title\" content=\"Aspirator MAKITA CL183DZ - Eurotech Iasi\" \/>\n<meta property=\"og:description\" content=\"Aspirator MAKITA CL183DZ, f\u0103r\u0103 \u00eenc\u0103rc\u0103tor \u0219i acumulatori, este ideal pentru activit\u0103\u021bile casnice pliindu-se \u00een orice col\u021buri ale casei.\" \/>\n<meta property=\"og:url\" content=\"https:\/\/eurotech-iasi.ro\/magazinonline\/produs\/aspirator-cu-acumulatori-makita-cl183dz-1-2-m3-h-debit-maxim-de-aer-22-mbar-putere-de-aspirare-6-l-volumul-rezervorului\/\" \/>\n<meta property=\"og:site_name\" content=\"Eurotech Iasi\" \/>\n<meta property=\"article:publisher\" content=\"https:\/\/www.facebook.com\/EurotechIasi\/\" \/>\n<meta property=\"article:modified_time\" content=\"2025-04-02T10:20:46+00:00\" \/>\n<meta property=\"og:image\" content=\"https:\/\/eurotech-iasi.ro\/magazinonline\/wp-content\/uploads\/2018\/06\/Aspirator-cu-acumulatori-Makita-CL183DZ-1.2-m3-h-debit-maxim-de-aer-22-mbar-putere-de-aspirare-6-l-volumul-rezervorului.jpg\" \/>\n\t<meta property=\"og:image:width\" content=\"600\" \/>\n\t<meta property=\"og:image:height\" content=\"587\" \/>\n\t<meta property=\"og:image:type\" content=\"image\/jpeg\" \/>\n<script type=\"application\/ld+json\" class=\"yoast-schema-graph\">{\"@context\":\"https:\\\/\\\/schema.org\",\"@graph\":[{\"@type\":\"WebPage\",\"@id\":\"https:\\\/\\\/eurotech-iasi.ro\\\/magazinonline\\\/produs\\\/aspirator-cu-acumulatori-makita-cl183dz-1-2-m3-h-debit-maxim-de-aer-22-mbar-putere-de-aspirare-6-l-volumul-rezervorului\\\/\",\"url\":\"https:\\\/\\\/eurotech-iasi.ro\\\/magazinonline\\\/produs\\\/aspirator-cu-acumulatori-makita-cl183dz-1-2-m3-h-debit-maxim-de-aer-22-mbar-putere-de-aspirare-6-l-volumul-rezervorului\\\/\",\"name\":\"Aspirator MAKITA CL183DZ - Eurotech Iasi\",\"isPartOf\":{\"@id\":\"https:\\\/\\\/eurotech-iasi.ro\\\/magazinonline\\\/#website\"},\"primaryImageOfPage\":{\"@id\":\"https:\\\/\\\/eurotech-iasi.ro\\\/magazinonline\\\/produs\\\/aspirator-cu-acumulatori-makita-cl183dz-1-2-m3-h-debit-maxim-de-aer-22-mbar-putere-de-aspirare-6-l-volumul-rezervorului\\\/#primaryimage\"},\"image\":{\"@id\":\"https:\\\/\\\/eurotech-iasi.ro\\\/magazinonline\\\/produs\\\/aspirator-cu-acumulatori-makita-cl183dz-1-2-m3-h-debit-maxim-de-aer-22-mbar-putere-de-aspirare-6-l-volumul-rezervorului\\\/#primaryimage\"},\"thumbnailUrl\":\"https:\\\/\\\/eurotech-iasi.ro\\\/magazinonline\\\/wp-content\\\/uploads\\\/2018\\\/06\\\/Aspirator-cu-acumulatori-Makita-CL183DZ-1.2-m3-h-debit-maxim-de-aer-22-mbar-putere-de-aspirare-6-l-volumul-rezervorului.jpg\",\"datePublished\":\"2018-06-26T10:44:45+00:00\",\"dateModified\":\"2025-04-02T10:20:46+00:00\",\"description\":\"Aspirator MAKITA CL183DZ, f\u0103r\u0103 \u00eenc\u0103rc\u0103tor \u0219i acumulatori, este ideal pentru activit\u0103\u021bile casnice pliindu-se \u00een orice col\u021buri ale casei.\",\"breadcrumb\":{\"@id\":\"https:\\\/\\\/eurotech-iasi.ro\\\/magazinonline\\\/produs\\\/aspirator-cu-acumulatori-makita-cl183dz-1-2-m3-h-debit-maxim-de-aer-22-mbar-putere-de-aspirare-6-l-volumul-rezervorului\\\/#breadcrumb\"},\"inLanguage\":\"ro-RO\",\"potentialAction\":[{\"@type\":\"ReadAction\",\"target\":[\"https:\\\/\\\/eurotech-iasi.ro\\\/magazinonline\\\/produs\\\/aspirator-cu-acumulatori-makita-cl183dz-1-2-m3-h-debit-maxim-de-aer-22-mbar-putere-de-aspirare-6-l-volumul-rezervorului\\\/\"]}]},{\"@type\":\"ImageObject\",\"inLanguage\":\"ro-RO\",\"@id\":\"https:\\\/\\\/eurotech-iasi.ro\\\/magazinonline\\\/produs\\\/aspirator-cu-acumulatori-makita-cl183dz-1-2-m3-h-debit-maxim-de-aer-22-mbar-putere-de-aspirare-6-l-volumul-rezervorului\\\/#primaryimage\",\"url\":\"https:\\\/\\\/eurotech-iasi.ro\\\/magazinonline\\\/wp-content\\\/uploads\\\/2018\\\/06\\\/Aspirator-cu-acumulatori-Makita-CL183DZ-1.2-m3-h-debit-maxim-de-aer-22-mbar-putere-de-aspirare-6-l-volumul-rezervorului.jpg\",\"contentUrl\":\"https:\\\/\\\/eurotech-iasi.ro\\\/magazinonline\\\/wp-content\\\/uploads\\\/2018\\\/06\\\/Aspirator-cu-acumulatori-Makita-CL183DZ-1.2-m3-h-debit-maxim-de-aer-22-mbar-putere-de-aspirare-6-l-volumul-rezervorului.jpg\",\"width\":600,\"height\":587},{\"@type\":\"BreadcrumbList\",\"@id\":\"https:\\\/\\\/eurotech-iasi.ro\\\/magazinonline\\\/produs\\\/aspirator-cu-acumulatori-makita-cl183dz-1-2-m3-h-debit-maxim-de-aer-22-mbar-putere-de-aspirare-6-l-volumul-rezervorului\\\/#breadcrumb\",\"itemListElement\":[{\"@type\":\"ListItem\",\"position\":1,\"name\":\"Prima pagin\u0103\",\"item\":\"https:\\\/\\\/eurotech-iasi.ro\\\/magazinonline\\\/\"},{\"@type\":\"ListItem\",\"position\":2,\"name\":\"Shop\",\"item\":\"https:\\\/\\\/eurotech-iasi.ro\\\/magazinonline\\\/shop\\\/\"},{\"@type\":\"ListItem\",\"position\":3,\"name\":\"Aspirator MAKITA CL183DZ\"}]},{\"@type\":\"WebSite\",\"@id\":\"https:\\\/\\\/eurotech-iasi.ro\\\/magazinonline\\\/#website\",\"url\":\"https:\\\/\\\/eurotech-iasi.ro\\\/magazinonline\\\/\",\"name\":\"Eurotech Iasi\",\"description\":\"Cu oameni seriosi\",\"publisher\":{\"@id\":\"https:\\\/\\\/eurotech-iasi.ro\\\/magazinonline\\\/#organization\"},\"potentialAction\":[{\"@type\":\"SearchAction\",\"target\":{\"@type\":\"EntryPoint\",\"urlTemplate\":\"https:\\\/\\\/eurotech-iasi.ro\\\/magazinonline\\\/?s={search_term_string}\"},\"query-input\":{\"@type\":\"PropertyValueSpecification\",\"valueRequired\":true,\"valueName\":\"search_term_string\"}}],\"inLanguage\":\"ro-RO\"},{\"@type\":\"Organization\",\"@id\":\"https:\\\/\\\/eurotech-iasi.ro\\\/magazinonline\\\/#organization\",\"name\":\"Eurotech Iasi\",\"url\":\"https:\\\/\\\/eurotech-iasi.ro\\\/magazinonline\\\/\",\"logo\":{\"@type\":\"ImageObject\",\"inLanguage\":\"ro-RO\",\"@id\":\"https:\\\/\\\/eurotech-iasi.ro\\\/magazinonline\\\/#\\\/schema\\\/logo\\\/image\\\/\",\"url\":\"https:\\\/\\\/eurotech-iasi.ro\\\/magazinonline\\\/wp-content\\\/uploads\\\/2020\\\/08\\\/logo-eurotech.png\",\"contentUrl\":\"https:\\\/\\\/eurotech-iasi.ro\\\/magazinonline\\\/wp-content\\\/uploads\\\/2020\\\/08\\\/logo-eurotech.png\",\"width\":290,\"height\":70,\"caption\":\"Eurotech Iasi\"},\"image\":{\"@id\":\"https:\\\/\\\/eurotech-iasi.ro\\\/magazinonline\\\/#\\\/schema\\\/logo\\\/image\\\/\"},\"sameAs\":[\"https:\\\/\\\/www.facebook.com\\\/EurotechIasi\\\/\"]}]}<\/script>\n<!-- \/ Yoast SEO plugin. -->","yoast_head_json":{"title":"Aspirator MAKITA CL183DZ - Eurotech Iasi","description":"Aspirator MAKITA CL183DZ, f\u0103r\u0103 \u00eenc\u0103rc\u0103tor \u0219i acumulatori, este ideal pentru activit\u0103\u021bile casnice pliindu-se \u00een orice col\u021buri ale casei.","robots":{"index":"index","follow":"follow","max-snippet":"max-snippet:-1","max-image-preview":"max-image-preview:large","max-video-preview":"max-video-preview:-1"},"canonical":"https:\/\/eurotech-iasi.ro\/magazinonline\/produs\/aspirator-cu-acumulatori-makita-cl183dz-1-2-m3-h-debit-maxim-de-aer-22-mbar-putere-de-aspirare-6-l-volumul-rezervorului\/","og_locale":"ro_RO","og_type":"article","og_title":"Aspirator MAKITA CL183DZ - Eurotech Iasi","og_description":"Aspirator MAKITA CL183DZ, f\u0103r\u0103 \u00eenc\u0103rc\u0103tor \u0219i acumulatori, este ideal pentru activit\u0103\u021bile casnice pliindu-se \u00een orice col\u021buri ale casei.","og_url":"https:\/\/eurotech-iasi.ro\/magazinonline\/produs\/aspirator-cu-acumulatori-makita-cl183dz-1-2-m3-h-debit-maxim-de-aer-22-mbar-putere-de-aspirare-6-l-volumul-rezervorului\/","og_site_name":"Eurotech Iasi","article_publisher":"https:\/\/www.facebook.com\/EurotechIasi\/","article_modified_time":"2025-04-02T10:20:46+00:00","og_image":[{"width":600,"height":587,"url":"https:\/\/eurotech-iasi.ro\/magazinonline\/wp-content\/uploads\/2018\/06\/Aspirator-cu-acumulatori-Makita-CL183DZ-1.2-m3-h-debit-maxim-de-aer-22-mbar-putere-de-aspirare-6-l-volumul-rezervorului.jpg","type":"image\/jpeg"}],"schema":{"@context":"https:\/\/schema.org","@graph":[{"@type":"WebPage","@id":"https:\/\/eurotech-iasi.ro\/magazinonline\/produs\/aspirator-cu-acumulatori-makita-cl183dz-1-2-m3-h-debit-maxim-de-aer-22-mbar-putere-de-aspirare-6-l-volumul-rezervorului\/","url":"https:\/\/eurotech-iasi.ro\/magazinonline\/produs\/aspirator-cu-acumulatori-makita-cl183dz-1-2-m3-h-debit-maxim-de-aer-22-mbar-putere-de-aspirare-6-l-volumul-rezervorului\/","name":"Aspirator MAKITA CL183DZ - Eurotech Iasi","isPartOf":{"@id":"https:\/\/eurotech-iasi.ro\/magazinonline\/#website"},"primaryImageOfPage":{"@id":"https:\/\/eurotech-iasi.ro\/magazinonline\/produs\/aspirator-cu-acumulatori-makita-cl183dz-1-2-m3-h-debit-maxim-de-aer-22-mbar-putere-de-aspirare-6-l-volumul-rezervorului\/#primaryimage"},"image":{"@id":"https:\/\/eurotech-iasi.ro\/magazinonline\/produs\/aspirator-cu-acumulatori-makita-cl183dz-1-2-m3-h-debit-maxim-de-aer-22-mbar-putere-de-aspirare-6-l-volumul-rezervorului\/#primaryimage"},"thumbnailUrl":"https:\/\/eurotech-iasi.ro\/magazinonline\/wp-content\/uploads\/2018\/06\/Aspirator-cu-acumulatori-Makita-CL183DZ-1.2-m3-h-debit-maxim-de-aer-22-mbar-putere-de-aspirare-6-l-volumul-rezervorului.jpg","datePublished":"2018-06-26T10:44:45+00:00","dateModified":"2025-04-02T10:20:46+00:00","description":"Aspirator MAKITA CL183DZ, f\u0103r\u0103 \u00eenc\u0103rc\u0103tor \u0219i acumulatori, este ideal pentru activit\u0103\u021bile casnice pliindu-se \u00een orice col\u021buri ale casei.","breadcrumb":{"@id":"https:\/\/eurotech-iasi.ro\/magazinonline\/produs\/aspirator-cu-acumulatori-makita-cl183dz-1-2-m3-h-debit-maxim-de-aer-22-mbar-putere-de-aspirare-6-l-volumul-rezervorului\/#breadcrumb"},"inLanguage":"ro-RO","potentialAction":[{"@type":"ReadAction","target":["https:\/\/eurotech-iasi.ro\/magazinonline\/produs\/aspirator-cu-acumulatori-makita-cl183dz-1-2-m3-h-debit-maxim-de-aer-22-mbar-putere-de-aspirare-6-l-volumul-rezervorului\/"]}]},{"@type":"ImageObject","inLanguage":"ro-RO","@id":"https:\/\/eurotech-iasi.ro\/magazinonline\/produs\/aspirator-cu-acumulatori-makita-cl183dz-1-2-m3-h-debit-maxim-de-aer-22-mbar-putere-de-aspirare-6-l-volumul-rezervorului\/#primaryimage","url":"https:\/\/eurotech-iasi.ro\/magazinonline\/wp-content\/uploads\/2018\/06\/Aspirator-cu-acumulatori-Makita-CL183DZ-1.2-m3-h-debit-maxim-de-aer-22-mbar-putere-de-aspirare-6-l-volumul-rezervorului.jpg","contentUrl":"https:\/\/eurotech-iasi.ro\/magazinonline\/wp-content\/uploads\/2018\/06\/Aspirator-cu-acumulatori-Makita-CL183DZ-1.2-m3-h-debit-maxim-de-aer-22-mbar-putere-de-aspirare-6-l-volumul-rezervorului.jpg","width":600,"height":587},{"@type":"BreadcrumbList","@id":"https:\/\/eurotech-iasi.ro\/magazinonline\/produs\/aspirator-cu-acumulatori-makita-cl183dz-1-2-m3-h-debit-maxim-de-aer-22-mbar-putere-de-aspirare-6-l-volumul-rezervorului\/#breadcrumb","itemListElement":[{"@type":"ListItem","position":1,"name":"Prima pagin\u0103","item":"https:\/\/eurotech-iasi.ro\/magazinonline\/"},{"@type":"ListItem","position":2,"name":"Shop","item":"https:\/\/eurotech-iasi.ro\/magazinonline\/shop\/"},{"@type":"ListItem","position":3,"name":"Aspirator MAKITA CL183DZ"}]},{"@type":"WebSite","@id":"https:\/\/eurotech-iasi.ro\/magazinonline\/#website","url":"https:\/\/eurotech-iasi.ro\/magazinonline\/","name":"Eurotech Iasi","description":"Cu oameni seriosi","publisher":{"@id":"https:\/\/eurotech-iasi.ro\/magazinonline\/#organization"},"potentialAction":[{"@type":"SearchAction","target":{"@type":"EntryPoint","urlTemplate":"https:\/\/eurotech-iasi.ro\/magazinonline\/?s={search_term_string}"},"query-input":{"@type":"PropertyValueSpecification","valueRequired":true,"valueName":"search_term_string"}}],"inLanguage":"ro-RO"},{"@type":"Organization","@id":"https:\/\/eurotech-iasi.ro\/magazinonline\/#organization","name":"Eurotech Iasi","url":"https:\/\/eurotech-iasi.ro\/magazinonline\/","logo":{"@type":"ImageObject","inLanguage":"ro-RO","@id":"https:\/\/eurotech-iasi.ro\/magazinonline\/#\/schema\/logo\/image\/","url":"https:\/\/eurotech-iasi.ro\/magazinonline\/wp-content\/uploads\/2020\/08\/logo-eurotech.png","contentUrl":"https:\/\/eurotech-iasi.ro\/magazinonline\/wp-content\/uploads\/2020\/08\/logo-eurotech.png","width":290,"height":70,"caption":"Eurotech Iasi"},"image":{"@id":"https:\/\/eurotech-iasi.ro\/magazinonline\/#\/schema\/logo\/image\/"},"sameAs":["https:\/\/www.facebook.com\/EurotechIasi\/"]}]}},"_links":{"self":[{"href":"https:\/\/eurotech-iasi.ro\/magazinonline\/wp-json\/wp\/v2\/product\/11827","targetHints":{"allow":["GET"]}}],"collection":[{"href":"https:\/\/eurotech-iasi.ro\/magazinonline\/wp-json\/wp\/v2\/product"}],"about":[{"href":"https:\/\/eurotech-iasi.ro\/magazinonline\/wp-json\/wp\/v2\/types\/product"}],"replies":[{"embeddable":true,"href":"https:\/\/eurotech-iasi.ro\/magazinonline\/wp-json\/wp\/v2\/comments?post=11827"}],"wp:featuredmedia":[{"embeddable":true,"href":"https:\/\/eurotech-iasi.ro\/magazinonline\/wp-json\/wp\/v2\/media\/11828"}],"wp:attachment":[{"href":"https:\/\/eurotech-iasi.ro\/magazinonline\/wp-json\/wp\/v2\/media?parent=11827"}],"wp:term":[{"taxonomy":"product_cat","embeddable":true,"href":"https:\/\/eurotech-iasi.ro\/magazinonline\/wp-json\/wp\/v2\/product_cat?post=11827"},{"taxonomy":"product_tag","embeddable":true,"href":"https:\/\/eurotech-iasi.ro\/magazinonline\/wp-json\/wp\/v2\/product_tag?post=11827"},{"taxonomy":"woo-feed-brand","embeddable":true,"href":"https:\/\/eurotech-iasi.ro\/magazinonline\/wp-json\/wp\/v2\/woo-feed-brand?post=11827"}],"curies":[{"name":"wp","href":"https:\/\/api.w.org\/{rel}","templated":true}]}}