{"id":11904,"date":"2018-06-27T10:54:46","date_gmt":"2018-06-27T07:54:46","guid":{"rendered":"https:\/\/eurotech-iasi.ro\/?post_type=product&#038;p=11904"},"modified":"2025-04-02T13:13:52","modified_gmt":"2025-04-02T10:13:52","slug":"pachet-4-acumulatori-6-ah-si-incarcator-makita-bl1860b-si-dc18rd","status":"publish","type":"product","link":"https:\/\/eurotech-iasi.ro\/magazinonline\/produs\/pachet-4-acumulatori-6-ah-si-incarcator-makita-bl1860b-si-dc18rd\/","title":{"rendered":"Pachet 4 acumulatori 6 Ah si incarcator Makita BL1860B si DC18RD"},"content":{"rendered":"<h4 class=\"h1 hidden-sm-down\">Pachet 4 acumulatori 6 Ah si incarcator Makita BL1860B si DC18RD, are in dotare 4 acumulatori si un incarcator.<\/h4>\n<p>Pachetul de acumulatori si incarcator BL1860B si DC18RD face parte din gama de accesorii pentru scule electrice cu acumulator Makita. Acumulatorii pot fi utilizati la orice scula electrica compatibila cu acumulator de 18V de la Makita.<\/p>\n<h4>Alte caracteristici ale pachetului de acumulatori si incarcator Makita:<\/h4>\n<ul>\n<li>Capacitatea mare de 6.0 Ah ii asigura o durata de functionare indelungata;<\/li>\n<li>Statia poate incarca 2 acumulatori in acelas timp;<\/li>\n<li>Impreuna, acumulatorii si incarcatorul formeaza un pachet de forta redutabil.<\/li>\n<\/ul>\n<h4>Detalii tehnice:<\/h4>\n<ul>\n<li>Tensiune acumulator: 18 V;<\/li>\n<li>Capacitate acumulator: 6.0 Ah;<\/li>\n<\/ul>\n<h4>Continut Pachet:<\/h4>\n<ul>\n<li>Valiza de transport Makpac;<\/li>\n<li>4 buc acumulatori BL1860B;<\/li>\n<li>1 incarcator DC18RD.<\/li>\n<\/ul>\n<p>&nbsp;<\/p>\n","protected":false},"excerpt":{"rendered":"<h4 class=\"h1 hidden-sm-down\">Pachet 4 acumulatori 6 Ah si incarcator Makita BL1860B si DC18RD , are in dotare 4 acumulatori si un incarcator.<\/h4>\n<p>Cod produs: 197626-8<\/p>\n","protected":false},"featured_media":11905,"comment_status":"open","ping_status":"closed","template":"","meta":{"_acf_changed":false},"product_cat":[4336,5043,4306],"product_tag":[3742],"woo-feed-brand":[],"class_list":{"0":"post-11904","1":"product","2":"type-product","3":"status-publish","4":"has-post-thumbnail","6":"product_brand-makita","7":"product_cat-accesorii-scule-electrice","8":"product_cat-incarcatoare-acumulatori-si-acumulatori","9":"product_cat-scule-electrice","10":"product_tag-kit-de-incarcare-li-ion-18-v-5-ah-x-4-makita-197626-8","11":"pa_brand-makita","12":"pa_greutate-2-kg","13":"pa_tensiune-acumulatori-18-v","14":"pa_tip-acumulatori-li-ion-lxt","16":"first","17":"outofstock","18":"purchasable","19":"product-type-simple"},"acf":[],"yoast_head":"<!-- This site is optimized with the Yoast SEO plugin v27.5 - https:\/\/yoast.com\/product\/yoast-seo-wordpress\/ -->\n<title>Pachet 4 acumulatori 6 Ah si incarcator Makita BL1860B si DC18RD - Eurotech Iasi<\/title>\n<meta name=\"description\" content=\"Kit de \u00eenc\u0103rcare Li-ION 18 V\/5 Ah MAKITA 197626-8, are \u00een dotare 4 acumulatori \u0219i un \u00eenc\u0103rc\u0103tor dual pentru alimentarea sculelor electrice.\" \/>\n<meta name=\"robots\" content=\"index, follow, max-snippet:-1, max-image-preview:large, max-video-preview:-1\" \/>\n<link rel=\"canonical\" href=\"https:\/\/eurotech-iasi.ro\/magazinonline\/produs\/pachet-4-acumulatori-6-ah-si-incarcator-makita-bl1860b-si-dc18rd\/\" \/>\n<meta property=\"og:locale\" content=\"ro_RO\" \/>\n<meta property=\"og:type\" content=\"article\" \/>\n<meta property=\"og:title\" content=\"Pachet 4 acumulatori 6 Ah si incarcator Makita BL1860B si DC18RD - Eurotech Iasi\" \/>\n<meta property=\"og:description\" content=\"Kit de \u00eenc\u0103rcare Li-ION 18 V\/5 Ah MAKITA 197626-8, are \u00een dotare 4 acumulatori \u0219i un \u00eenc\u0103rc\u0103tor dual pentru alimentarea sculelor electrice.\" \/>\n<meta property=\"og:url\" content=\"https:\/\/eurotech-iasi.ro\/magazinonline\/produs\/pachet-4-acumulatori-6-ah-si-incarcator-makita-bl1860b-si-dc18rd\/\" \/>\n<meta property=\"og:site_name\" content=\"Eurotech Iasi\" \/>\n<meta property=\"article:publisher\" content=\"https:\/\/www.facebook.com\/EurotechIasi\/\" \/>\n<meta property=\"article:modified_time\" content=\"2025-04-02T10:13:52+00:00\" \/>\n<meta property=\"og:image\" content=\"https:\/\/eurotech-iasi.ro\/magazinonline\/wp-content\/uploads\/2018\/06\/Kit-de-incarcare-Li-ION-18-V-5-Ah-x-4-Makita-197626-8.jpg\" \/>\n\t<meta property=\"og:image:width\" content=\"710\" \/>\n\t<meta property=\"og:image:height\" content=\"710\" \/>\n\t<meta property=\"og:image:type\" content=\"image\/jpeg\" \/>\n<meta name=\"twitter:label1\" content=\"Timp estimat pentru citire\" \/>\n\t<meta name=\"twitter:data1\" content=\"1 minut\" \/>\n<script type=\"application\/ld+json\" class=\"yoast-schema-graph\">{\"@context\":\"https:\\\/\\\/schema.org\",\"@graph\":[{\"@type\":\"WebPage\",\"@id\":\"https:\\\/\\\/eurotech-iasi.ro\\\/magazinonline\\\/produs\\\/pachet-4-acumulatori-6-ah-si-incarcator-makita-bl1860b-si-dc18rd\\\/\",\"url\":\"https:\\\/\\\/eurotech-iasi.ro\\\/magazinonline\\\/produs\\\/pachet-4-acumulatori-6-ah-si-incarcator-makita-bl1860b-si-dc18rd\\\/\",\"name\":\"Pachet 4 acumulatori 6 Ah si incarcator Makita BL1860B si DC18RD - Eurotech Iasi\",\"isPartOf\":{\"@id\":\"https:\\\/\\\/eurotech-iasi.ro\\\/magazinonline\\\/#website\"},\"primaryImageOfPage\":{\"@id\":\"https:\\\/\\\/eurotech-iasi.ro\\\/magazinonline\\\/produs\\\/pachet-4-acumulatori-6-ah-si-incarcator-makita-bl1860b-si-dc18rd\\\/#primaryimage\"},\"image\":{\"@id\":\"https:\\\/\\\/eurotech-iasi.ro\\\/magazinonline\\\/produs\\\/pachet-4-acumulatori-6-ah-si-incarcator-makita-bl1860b-si-dc18rd\\\/#primaryimage\"},\"thumbnailUrl\":\"https:\\\/\\\/eurotech-iasi.ro\\\/magazinonline\\\/wp-content\\\/uploads\\\/2018\\\/06\\\/Kit-de-incarcare-Li-ION-18-V-5-Ah-x-4-Makita-197626-8.jpg\",\"datePublished\":\"2018-06-27T07:54:46+00:00\",\"dateModified\":\"2025-04-02T10:13:52+00:00\",\"description\":\"Kit de \u00eenc\u0103rcare Li-ION 18 V\\\/5 Ah MAKITA 197626-8, are \u00een dotare 4 acumulatori \u0219i un \u00eenc\u0103rc\u0103tor dual pentru alimentarea sculelor electrice.\",\"breadcrumb\":{\"@id\":\"https:\\\/\\\/eurotech-iasi.ro\\\/magazinonline\\\/produs\\\/pachet-4-acumulatori-6-ah-si-incarcator-makita-bl1860b-si-dc18rd\\\/#breadcrumb\"},\"inLanguage\":\"ro-RO\",\"potentialAction\":[{\"@type\":\"ReadAction\",\"target\":[\"https:\\\/\\\/eurotech-iasi.ro\\\/magazinonline\\\/produs\\\/pachet-4-acumulatori-6-ah-si-incarcator-makita-bl1860b-si-dc18rd\\\/\"]}]},{\"@type\":\"ImageObject\",\"inLanguage\":\"ro-RO\",\"@id\":\"https:\\\/\\\/eurotech-iasi.ro\\\/magazinonline\\\/produs\\\/pachet-4-acumulatori-6-ah-si-incarcator-makita-bl1860b-si-dc18rd\\\/#primaryimage\",\"url\":\"https:\\\/\\\/eurotech-iasi.ro\\\/magazinonline\\\/wp-content\\\/uploads\\\/2018\\\/06\\\/Kit-de-incarcare-Li-ION-18-V-5-Ah-x-4-Makita-197626-8.jpg\",\"contentUrl\":\"https:\\\/\\\/eurotech-iasi.ro\\\/magazinonline\\\/wp-content\\\/uploads\\\/2018\\\/06\\\/Kit-de-incarcare-Li-ION-18-V-5-Ah-x-4-Makita-197626-8.jpg\",\"width\":710,\"height\":710,\"caption\":\"Pachet 4 acumulatori 6 Ah si incarcator Makita BL1860B si DC18RD\"},{\"@type\":\"BreadcrumbList\",\"@id\":\"https:\\\/\\\/eurotech-iasi.ro\\\/magazinonline\\\/produs\\\/pachet-4-acumulatori-6-ah-si-incarcator-makita-bl1860b-si-dc18rd\\\/#breadcrumb\",\"itemListElement\":[{\"@type\":\"ListItem\",\"position\":1,\"name\":\"Prima pagin\u0103\",\"item\":\"https:\\\/\\\/eurotech-iasi.ro\\\/magazinonline\\\/\"},{\"@type\":\"ListItem\",\"position\":2,\"name\":\"Shop\",\"item\":\"https:\\\/\\\/eurotech-iasi.ro\\\/magazinonline\\\/shop\\\/\"},{\"@type\":\"ListItem\",\"position\":3,\"name\":\"Pachet 4 acumulatori 6 Ah si incarcator Makita BL1860B si DC18RD\"}]},{\"@type\":\"WebSite\",\"@id\":\"https:\\\/\\\/eurotech-iasi.ro\\\/magazinonline\\\/#website\",\"url\":\"https:\\\/\\\/eurotech-iasi.ro\\\/magazinonline\\\/\",\"name\":\"Eurotech Iasi\",\"description\":\"Cu oameni seriosi\",\"publisher\":{\"@id\":\"https:\\\/\\\/eurotech-iasi.ro\\\/magazinonline\\\/#organization\"},\"potentialAction\":[{\"@type\":\"SearchAction\",\"target\":{\"@type\":\"EntryPoint\",\"urlTemplate\":\"https:\\\/\\\/eurotech-iasi.ro\\\/magazinonline\\\/?s={search_term_string}\"},\"query-input\":{\"@type\":\"PropertyValueSpecification\",\"valueRequired\":true,\"valueName\":\"search_term_string\"}}],\"inLanguage\":\"ro-RO\"},{\"@type\":\"Organization\",\"@id\":\"https:\\\/\\\/eurotech-iasi.ro\\\/magazinonline\\\/#organization\",\"name\":\"Eurotech Iasi\",\"url\":\"https:\\\/\\\/eurotech-iasi.ro\\\/magazinonline\\\/\",\"logo\":{\"@type\":\"ImageObject\",\"inLanguage\":\"ro-RO\",\"@id\":\"https:\\\/\\\/eurotech-iasi.ro\\\/magazinonline\\\/#\\\/schema\\\/logo\\\/image\\\/\",\"url\":\"https:\\\/\\\/eurotech-iasi.ro\\\/magazinonline\\\/wp-content\\\/uploads\\\/2020\\\/08\\\/logo-eurotech.png\",\"contentUrl\":\"https:\\\/\\\/eurotech-iasi.ro\\\/magazinonline\\\/wp-content\\\/uploads\\\/2020\\\/08\\\/logo-eurotech.png\",\"width\":290,\"height\":70,\"caption\":\"Eurotech Iasi\"},\"image\":{\"@id\":\"https:\\\/\\\/eurotech-iasi.ro\\\/magazinonline\\\/#\\\/schema\\\/logo\\\/image\\\/\"},\"sameAs\":[\"https:\\\/\\\/www.facebook.com\\\/EurotechIasi\\\/\"]}]}<\/script>\n<!-- \/ Yoast SEO plugin. -->","yoast_head_json":{"title":"Pachet 4 acumulatori 6 Ah si incarcator Makita BL1860B si DC18RD - Eurotech Iasi","description":"Kit de \u00eenc\u0103rcare Li-ION 18 V\/5 Ah MAKITA 197626-8, are \u00een dotare 4 acumulatori \u0219i un \u00eenc\u0103rc\u0103tor dual pentru alimentarea sculelor electrice.","robots":{"index":"index","follow":"follow","max-snippet":"max-snippet:-1","max-image-preview":"max-image-preview:large","max-video-preview":"max-video-preview:-1"},"canonical":"https:\/\/eurotech-iasi.ro\/magazinonline\/produs\/pachet-4-acumulatori-6-ah-si-incarcator-makita-bl1860b-si-dc18rd\/","og_locale":"ro_RO","og_type":"article","og_title":"Pachet 4 acumulatori 6 Ah si incarcator Makita BL1860B si DC18RD - Eurotech Iasi","og_description":"Kit de \u00eenc\u0103rcare Li-ION 18 V\/5 Ah MAKITA 197626-8, are \u00een dotare 4 acumulatori \u0219i un \u00eenc\u0103rc\u0103tor dual pentru alimentarea sculelor electrice.","og_url":"https:\/\/eurotech-iasi.ro\/magazinonline\/produs\/pachet-4-acumulatori-6-ah-si-incarcator-makita-bl1860b-si-dc18rd\/","og_site_name":"Eurotech Iasi","article_publisher":"https:\/\/www.facebook.com\/EurotechIasi\/","article_modified_time":"2025-04-02T10:13:52+00:00","og_image":[{"width":710,"height":710,"url":"https:\/\/eurotech-iasi.ro\/magazinonline\/wp-content\/uploads\/2018\/06\/Kit-de-incarcare-Li-ION-18-V-5-Ah-x-4-Makita-197626-8.jpg","type":"image\/jpeg"}],"twitter_misc":{"Timp estimat pentru citire":"1 minut"},"schema":{"@context":"https:\/\/schema.org","@graph":[{"@type":"WebPage","@id":"https:\/\/eurotech-iasi.ro\/magazinonline\/produs\/pachet-4-acumulatori-6-ah-si-incarcator-makita-bl1860b-si-dc18rd\/","url":"https:\/\/eurotech-iasi.ro\/magazinonline\/produs\/pachet-4-acumulatori-6-ah-si-incarcator-makita-bl1860b-si-dc18rd\/","name":"Pachet 4 acumulatori 6 Ah si incarcator Makita BL1860B si DC18RD - Eurotech Iasi","isPartOf":{"@id":"https:\/\/eurotech-iasi.ro\/magazinonline\/#website"},"primaryImageOfPage":{"@id":"https:\/\/eurotech-iasi.ro\/magazinonline\/produs\/pachet-4-acumulatori-6-ah-si-incarcator-makita-bl1860b-si-dc18rd\/#primaryimage"},"image":{"@id":"https:\/\/eurotech-iasi.ro\/magazinonline\/produs\/pachet-4-acumulatori-6-ah-si-incarcator-makita-bl1860b-si-dc18rd\/#primaryimage"},"thumbnailUrl":"https:\/\/eurotech-iasi.ro\/magazinonline\/wp-content\/uploads\/2018\/06\/Kit-de-incarcare-Li-ION-18-V-5-Ah-x-4-Makita-197626-8.jpg","datePublished":"2018-06-27T07:54:46+00:00","dateModified":"2025-04-02T10:13:52+00:00","description":"Kit de \u00eenc\u0103rcare Li-ION 18 V\/5 Ah MAKITA 197626-8, are \u00een dotare 4 acumulatori \u0219i un \u00eenc\u0103rc\u0103tor dual pentru alimentarea sculelor electrice.","breadcrumb":{"@id":"https:\/\/eurotech-iasi.ro\/magazinonline\/produs\/pachet-4-acumulatori-6-ah-si-incarcator-makita-bl1860b-si-dc18rd\/#breadcrumb"},"inLanguage":"ro-RO","potentialAction":[{"@type":"ReadAction","target":["https:\/\/eurotech-iasi.ro\/magazinonline\/produs\/pachet-4-acumulatori-6-ah-si-incarcator-makita-bl1860b-si-dc18rd\/"]}]},{"@type":"ImageObject","inLanguage":"ro-RO","@id":"https:\/\/eurotech-iasi.ro\/magazinonline\/produs\/pachet-4-acumulatori-6-ah-si-incarcator-makita-bl1860b-si-dc18rd\/#primaryimage","url":"https:\/\/eurotech-iasi.ro\/magazinonline\/wp-content\/uploads\/2018\/06\/Kit-de-incarcare-Li-ION-18-V-5-Ah-x-4-Makita-197626-8.jpg","contentUrl":"https:\/\/eurotech-iasi.ro\/magazinonline\/wp-content\/uploads\/2018\/06\/Kit-de-incarcare-Li-ION-18-V-5-Ah-x-4-Makita-197626-8.jpg","width":710,"height":710,"caption":"Pachet 4 acumulatori 6 Ah si incarcator Makita BL1860B si DC18RD"},{"@type":"BreadcrumbList","@id":"https:\/\/eurotech-iasi.ro\/magazinonline\/produs\/pachet-4-acumulatori-6-ah-si-incarcator-makita-bl1860b-si-dc18rd\/#breadcrumb","itemListElement":[{"@type":"ListItem","position":1,"name":"Prima pagin\u0103","item":"https:\/\/eurotech-iasi.ro\/magazinonline\/"},{"@type":"ListItem","position":2,"name":"Shop","item":"https:\/\/eurotech-iasi.ro\/magazinonline\/shop\/"},{"@type":"ListItem","position":3,"name":"Pachet 4 acumulatori 6 Ah si incarcator Makita BL1860B si DC18RD"}]},{"@type":"WebSite","@id":"https:\/\/eurotech-iasi.ro\/magazinonline\/#website","url":"https:\/\/eurotech-iasi.ro\/magazinonline\/","name":"Eurotech Iasi","description":"Cu oameni seriosi","publisher":{"@id":"https:\/\/eurotech-iasi.ro\/magazinonline\/#organization"},"potentialAction":[{"@type":"SearchAction","target":{"@type":"EntryPoint","urlTemplate":"https:\/\/eurotech-iasi.ro\/magazinonline\/?s={search_term_string}"},"query-input":{"@type":"PropertyValueSpecification","valueRequired":true,"valueName":"search_term_string"}}],"inLanguage":"ro-RO"},{"@type":"Organization","@id":"https:\/\/eurotech-iasi.ro\/magazinonline\/#organization","name":"Eurotech Iasi","url":"https:\/\/eurotech-iasi.ro\/magazinonline\/","logo":{"@type":"ImageObject","inLanguage":"ro-RO","@id":"https:\/\/eurotech-iasi.ro\/magazinonline\/#\/schema\/logo\/image\/","url":"https:\/\/eurotech-iasi.ro\/magazinonline\/wp-content\/uploads\/2020\/08\/logo-eurotech.png","contentUrl":"https:\/\/eurotech-iasi.ro\/magazinonline\/wp-content\/uploads\/2020\/08\/logo-eurotech.png","width":290,"height":70,"caption":"Eurotech Iasi"},"image":{"@id":"https:\/\/eurotech-iasi.ro\/magazinonline\/#\/schema\/logo\/image\/"},"sameAs":["https:\/\/www.facebook.com\/EurotechIasi\/"]}]}},"_links":{"self":[{"href":"https:\/\/eurotech-iasi.ro\/magazinonline\/wp-json\/wp\/v2\/product\/11904","targetHints":{"allow":["GET"]}}],"collection":[{"href":"https:\/\/eurotech-iasi.ro\/magazinonline\/wp-json\/wp\/v2\/product"}],"about":[{"href":"https:\/\/eurotech-iasi.ro\/magazinonline\/wp-json\/wp\/v2\/types\/product"}],"replies":[{"embeddable":true,"href":"https:\/\/eurotech-iasi.ro\/magazinonline\/wp-json\/wp\/v2\/comments?post=11904"}],"wp:featuredmedia":[{"embeddable":true,"href":"https:\/\/eurotech-iasi.ro\/magazinonline\/wp-json\/wp\/v2\/media\/11905"}],"wp:attachment":[{"href":"https:\/\/eurotech-iasi.ro\/magazinonline\/wp-json\/wp\/v2\/media?parent=11904"}],"wp:term":[{"taxonomy":"product_cat","embeddable":true,"href":"https:\/\/eurotech-iasi.ro\/magazinonline\/wp-json\/wp\/v2\/product_cat?post=11904"},{"taxonomy":"product_tag","embeddable":true,"href":"https:\/\/eurotech-iasi.ro\/magazinonline\/wp-json\/wp\/v2\/product_tag?post=11904"},{"taxonomy":"woo-feed-brand","embeddable":true,"href":"https:\/\/eurotech-iasi.ro\/magazinonline\/wp-json\/wp\/v2\/woo-feed-brand?post=11904"}],"curies":[{"name":"wp","href":"https:\/\/api.w.org\/{rel}","templated":true}]}}