{"id":11928,"date":"2018-06-27T12:06:30","date_gmt":"2018-06-27T09:06:30","guid":{"rendered":"https:\/\/eurotech-iasi.ro\/?post_type=product&#038;p=11928"},"modified":"2024-04-10T10:33:34","modified_gmt":"2024-04-10T07:33:34","slug":"aspirator-portabil-compatibil-cu-acumulatori-li-ion-lxt-18-v-makita-dvc350z-18-v-55-mbar-puterea-de-aspirare-3-l-volumul-rezervorului","status":"publish","type":"product","link":"https:\/\/eurotech-iasi.ro\/magazinonline\/produs\/aspirator-portabil-compatibil-cu-acumulatori-li-ion-lxt-18-v-makita-dvc350z-18-v-55-mbar-puterea-de-aspirare-3-l-volumul-rezervorului\/","title":{"rendered":"Aspirator portabil MAKITA DVC350Z"},"content":{"rendered":"<p><strong>Aspirator portabil MAKITA DVC350Z<\/strong>, ideal pentru conectarea la masinile cu acumulator. Poate fi folosit ca suflanta pentru curatarea suprafetelor de lucru. Capacitate mare de colectare. Prevazuta cu ham pentru umar pentru o portabilitate mai mare.<\/p>\n<div><strong>\u00a0 Caracteristici:<\/strong><\/div>\n<ul>\n<li>Model usor si compact ideal pentru conectarea la masinile cu acumulator<\/li>\n<li>Poate fi folosit ca suflanta pentru curatarea suprafetelor de lucru<\/li>\n<li>Capacitate mare de colectare<\/li>\n<li>Ham pentru umar pentru o portabilitate mai mare<\/li>\n<li>Setul de livrare NU include incarcator si acumulator<\/li>\n<\/ul>\n<div><strong>\u00a0 \u00a0 \u00a0Date tehnice:<\/strong><\/div>\n<ul>\n<li>Putere de absorbtie: 5 kPa<\/li>\n<li>Debit de aer: 3.4 m\u00b3\/min<\/li>\n<li>Capacitate rezervor: 3 Litri<\/li>\n<li>Greutate (EPTA): 2.4 Kg<\/li>\n<\/ul>\n<div><strong>\u00a0 \u00a0 \u00a0Setul de livrare include:<\/strong><\/div>\n<ul>\n<li>Teava suflanta de cauciuc (132025-7)<\/li>\n<li>Furtun flexibil 28 mm 1,5 m (A-34235)<\/li>\n<li>Sac textil reutilizabil (122918-6)<\/li>\n<li>Ham de umar (166124-3)<\/li>\n<\/ul>\n<p><strong><em><span style=\"color: red;\">Setul de livrare nu include acumulator si incarcator!<\/span><\/em><\/strong><\/p>\n<h3><span style=\"text-decoration: underline;\"><em><strong>Documentatie tehnica:<\/strong><\/em><\/span><\/h3>\n<p><a href=\"https:\/\/eurotech-iasi.ro\/magazinonline\/wp-content\/uploads\/2022\/10\/MANUAL-DVC350.pdf\"><strong><em><u>\ud83d\udce5 Manual de utilizare<\/u><\/em><\/strong><\/a><\/p>\n","protected":false},"excerpt":{"rendered":"<p><strong>Aspirator portabil MAKITA DVC350Z<\/strong>, ideal pentru <strong>activitatile<\/strong> <strong>casnice<\/strong>, precum <strong>curatarea<\/strong> <strong>masinii<\/strong> sau a <strong>casei<\/strong>.<\/p>\n<p>Cod produs: DVC350Z<\/p>\n<p><span style=\"color: #ff0000;\"><strong>*Scos din productie!<\/strong><\/span><\/p>\n","protected":false},"featured_media":11930,"comment_status":"open","ping_status":"closed","template":"","meta":{"_acf_changed":false},"product_cat":[4388,4339],"product_tag":[3289,3753,3752,3751],"woo-feed-brand":[],"class_list":{"0":"post-11928","1":"product","2":"type-product","3":"status-publish","4":"has-post-thumbnail","6":"product_brand-makita","7":"product_cat-aspiratoare-uscate","8":"product_cat-echipamente-pentru-curatenie","9":"product_tag-18-v","10":"product_tag-3-l-volumul-rezervorului","11":"product_tag-55-mbar-puterea-de-aspirare","12":"product_tag-aspirator-portabil-compatibil-cu-acumulatori-li-ion-lxt-18-v-makita-dvc350z","13":"pa_brand-makita","14":"pa_greutate-22-kg","16":"first","17":"outofstock","18":"purchasable","19":"product-type-simple"},"acf":[],"yoast_head":"<!-- This site is optimized with the Yoast SEO plugin v27.3 - https:\/\/yoast.com\/product\/yoast-seo-wordpress\/ -->\n<title>Aspirator portabil MAKITA DVC350Z - Eurotech Iasi<\/title>\n<meta name=\"description\" content=\"Aspirator portabil MAKITA DVC350Z, f\u0103r\u0103 acumulatori \u0219i \u00eenc\u0103rc\u0103tor, este ideal pentru activit\u0103\u021bile casnice, precum cur\u0103\u021barea ma\u0219inii sau a casei.\" \/>\n<meta name=\"robots\" content=\"index, follow, max-snippet:-1, max-image-preview:large, max-video-preview:-1\" \/>\n<link rel=\"canonical\" href=\"https:\/\/eurotech-iasi.ro\/magazinonline\/produs\/aspirator-portabil-compatibil-cu-acumulatori-li-ion-lxt-18-v-makita-dvc350z-18-v-55-mbar-puterea-de-aspirare-3-l-volumul-rezervorului\/\" \/>\n<meta property=\"og:locale\" content=\"ro_RO\" \/>\n<meta property=\"og:type\" content=\"article\" \/>\n<meta property=\"og:title\" content=\"Aspirator portabil MAKITA DVC350Z - Eurotech Iasi\" \/>\n<meta property=\"og:description\" content=\"Aspirator portabil MAKITA DVC350Z, f\u0103r\u0103 acumulatori \u0219i \u00eenc\u0103rc\u0103tor, este ideal pentru activit\u0103\u021bile casnice, precum cur\u0103\u021barea ma\u0219inii sau a casei.\" \/>\n<meta property=\"og:url\" content=\"https:\/\/eurotech-iasi.ro\/magazinonline\/produs\/aspirator-portabil-compatibil-cu-acumulatori-li-ion-lxt-18-v-makita-dvc350z-18-v-55-mbar-puterea-de-aspirare-3-l-volumul-rezervorului\/\" \/>\n<meta property=\"og:site_name\" content=\"Eurotech Iasi\" \/>\n<meta property=\"article:publisher\" content=\"https:\/\/www.facebook.com\/EurotechIasi\/\" \/>\n<meta property=\"article:modified_time\" content=\"2024-04-10T07:33:34+00:00\" \/>\n<meta property=\"og:image\" content=\"https:\/\/eurotech-iasi.ro\/magazinonline\/wp-content\/uploads\/2018\/06\/Aspirator-portabil-Makita-DVC350Z-18-V-55-mbar-puterea-de-aspirare-3-l-volumul-rezervorului.png\" \/>\n\t<meta property=\"og:image:width\" content=\"710\" \/>\n\t<meta property=\"og:image:height\" content=\"710\" \/>\n\t<meta property=\"og:image:type\" content=\"image\/png\" \/>\n<meta name=\"twitter:label1\" content=\"Timp estimat pentru citire\" \/>\n\t<meta name=\"twitter:data1\" content=\"1 minut\" \/>\n<script type=\"application\/ld+json\" class=\"yoast-schema-graph\">{\"@context\":\"https:\\\/\\\/schema.org\",\"@graph\":[{\"@type\":\"WebPage\",\"@id\":\"https:\\\/\\\/eurotech-iasi.ro\\\/magazinonline\\\/produs\\\/aspirator-portabil-compatibil-cu-acumulatori-li-ion-lxt-18-v-makita-dvc350z-18-v-55-mbar-puterea-de-aspirare-3-l-volumul-rezervorului\\\/\",\"url\":\"https:\\\/\\\/eurotech-iasi.ro\\\/magazinonline\\\/produs\\\/aspirator-portabil-compatibil-cu-acumulatori-li-ion-lxt-18-v-makita-dvc350z-18-v-55-mbar-puterea-de-aspirare-3-l-volumul-rezervorului\\\/\",\"name\":\"Aspirator portabil MAKITA DVC350Z - Eurotech Iasi\",\"isPartOf\":{\"@id\":\"https:\\\/\\\/eurotech-iasi.ro\\\/magazinonline\\\/#website\"},\"primaryImageOfPage\":{\"@id\":\"https:\\\/\\\/eurotech-iasi.ro\\\/magazinonline\\\/produs\\\/aspirator-portabil-compatibil-cu-acumulatori-li-ion-lxt-18-v-makita-dvc350z-18-v-55-mbar-puterea-de-aspirare-3-l-volumul-rezervorului\\\/#primaryimage\"},\"image\":{\"@id\":\"https:\\\/\\\/eurotech-iasi.ro\\\/magazinonline\\\/produs\\\/aspirator-portabil-compatibil-cu-acumulatori-li-ion-lxt-18-v-makita-dvc350z-18-v-55-mbar-puterea-de-aspirare-3-l-volumul-rezervorului\\\/#primaryimage\"},\"thumbnailUrl\":\"https:\\\/\\\/eurotech-iasi.ro\\\/magazinonline\\\/wp-content\\\/uploads\\\/2018\\\/06\\\/Aspirator-portabil-Makita-DVC350Z-18-V-55-mbar-puterea-de-aspirare-3-l-volumul-rezervorului.png\",\"datePublished\":\"2018-06-27T09:06:30+00:00\",\"dateModified\":\"2024-04-10T07:33:34+00:00\",\"description\":\"Aspirator portabil MAKITA DVC350Z, f\u0103r\u0103 acumulatori \u0219i \u00eenc\u0103rc\u0103tor, este ideal pentru activit\u0103\u021bile casnice, precum cur\u0103\u021barea ma\u0219inii sau a casei.\",\"breadcrumb\":{\"@id\":\"https:\\\/\\\/eurotech-iasi.ro\\\/magazinonline\\\/produs\\\/aspirator-portabil-compatibil-cu-acumulatori-li-ion-lxt-18-v-makita-dvc350z-18-v-55-mbar-puterea-de-aspirare-3-l-volumul-rezervorului\\\/#breadcrumb\"},\"inLanguage\":\"ro-RO\",\"potentialAction\":[{\"@type\":\"ReadAction\",\"target\":[\"https:\\\/\\\/eurotech-iasi.ro\\\/magazinonline\\\/produs\\\/aspirator-portabil-compatibil-cu-acumulatori-li-ion-lxt-18-v-makita-dvc350z-18-v-55-mbar-puterea-de-aspirare-3-l-volumul-rezervorului\\\/\"]}]},{\"@type\":\"ImageObject\",\"inLanguage\":\"ro-RO\",\"@id\":\"https:\\\/\\\/eurotech-iasi.ro\\\/magazinonline\\\/produs\\\/aspirator-portabil-compatibil-cu-acumulatori-li-ion-lxt-18-v-makita-dvc350z-18-v-55-mbar-puterea-de-aspirare-3-l-volumul-rezervorului\\\/#primaryimage\",\"url\":\"https:\\\/\\\/eurotech-iasi.ro\\\/magazinonline\\\/wp-content\\\/uploads\\\/2018\\\/06\\\/Aspirator-portabil-Makita-DVC350Z-18-V-55-mbar-puterea-de-aspirare-3-l-volumul-rezervorului.png\",\"contentUrl\":\"https:\\\/\\\/eurotech-iasi.ro\\\/magazinonline\\\/wp-content\\\/uploads\\\/2018\\\/06\\\/Aspirator-portabil-Makita-DVC350Z-18-V-55-mbar-puterea-de-aspirare-3-l-volumul-rezervorului.png\",\"width\":710,\"height\":710},{\"@type\":\"BreadcrumbList\",\"@id\":\"https:\\\/\\\/eurotech-iasi.ro\\\/magazinonline\\\/produs\\\/aspirator-portabil-compatibil-cu-acumulatori-li-ion-lxt-18-v-makita-dvc350z-18-v-55-mbar-puterea-de-aspirare-3-l-volumul-rezervorului\\\/#breadcrumb\",\"itemListElement\":[{\"@type\":\"ListItem\",\"position\":1,\"name\":\"Prima pagin\u0103\",\"item\":\"https:\\\/\\\/eurotech-iasi.ro\\\/magazinonline\\\/\"},{\"@type\":\"ListItem\",\"position\":2,\"name\":\"Shop\",\"item\":\"https:\\\/\\\/eurotech-iasi.ro\\\/magazinonline\\\/shop\\\/\"},{\"@type\":\"ListItem\",\"position\":3,\"name\":\"Aspirator portabil MAKITA DVC350Z\"}]},{\"@type\":\"WebSite\",\"@id\":\"https:\\\/\\\/eurotech-iasi.ro\\\/magazinonline\\\/#website\",\"url\":\"https:\\\/\\\/eurotech-iasi.ro\\\/magazinonline\\\/\",\"name\":\"Eurotech Iasi\",\"description\":\"Cu oameni seriosi\",\"publisher\":{\"@id\":\"https:\\\/\\\/eurotech-iasi.ro\\\/magazinonline\\\/#organization\"},\"potentialAction\":[{\"@type\":\"SearchAction\",\"target\":{\"@type\":\"EntryPoint\",\"urlTemplate\":\"https:\\\/\\\/eurotech-iasi.ro\\\/magazinonline\\\/?s={search_term_string}\"},\"query-input\":{\"@type\":\"PropertyValueSpecification\",\"valueRequired\":true,\"valueName\":\"search_term_string\"}}],\"inLanguage\":\"ro-RO\"},{\"@type\":\"Organization\",\"@id\":\"https:\\\/\\\/eurotech-iasi.ro\\\/magazinonline\\\/#organization\",\"name\":\"Eurotech Iasi\",\"url\":\"https:\\\/\\\/eurotech-iasi.ro\\\/magazinonline\\\/\",\"logo\":{\"@type\":\"ImageObject\",\"inLanguage\":\"ro-RO\",\"@id\":\"https:\\\/\\\/eurotech-iasi.ro\\\/magazinonline\\\/#\\\/schema\\\/logo\\\/image\\\/\",\"url\":\"https:\\\/\\\/eurotech-iasi.ro\\\/magazinonline\\\/wp-content\\\/uploads\\\/2020\\\/08\\\/logo-eurotech.png\",\"contentUrl\":\"https:\\\/\\\/eurotech-iasi.ro\\\/magazinonline\\\/wp-content\\\/uploads\\\/2020\\\/08\\\/logo-eurotech.png\",\"width\":290,\"height\":70,\"caption\":\"Eurotech Iasi\"},\"image\":{\"@id\":\"https:\\\/\\\/eurotech-iasi.ro\\\/magazinonline\\\/#\\\/schema\\\/logo\\\/image\\\/\"},\"sameAs\":[\"https:\\\/\\\/www.facebook.com\\\/EurotechIasi\\\/\"]}]}<\/script>\n<!-- \/ Yoast SEO plugin. -->","yoast_head_json":{"title":"Aspirator portabil MAKITA DVC350Z - Eurotech Iasi","description":"Aspirator portabil MAKITA DVC350Z, f\u0103r\u0103 acumulatori \u0219i \u00eenc\u0103rc\u0103tor, este ideal pentru activit\u0103\u021bile casnice, precum cur\u0103\u021barea ma\u0219inii sau a casei.","robots":{"index":"index","follow":"follow","max-snippet":"max-snippet:-1","max-image-preview":"max-image-preview:large","max-video-preview":"max-video-preview:-1"},"canonical":"https:\/\/eurotech-iasi.ro\/magazinonline\/produs\/aspirator-portabil-compatibil-cu-acumulatori-li-ion-lxt-18-v-makita-dvc350z-18-v-55-mbar-puterea-de-aspirare-3-l-volumul-rezervorului\/","og_locale":"ro_RO","og_type":"article","og_title":"Aspirator portabil MAKITA DVC350Z - Eurotech Iasi","og_description":"Aspirator portabil MAKITA DVC350Z, f\u0103r\u0103 acumulatori \u0219i \u00eenc\u0103rc\u0103tor, este ideal pentru activit\u0103\u021bile casnice, precum cur\u0103\u021barea ma\u0219inii sau a casei.","og_url":"https:\/\/eurotech-iasi.ro\/magazinonline\/produs\/aspirator-portabil-compatibil-cu-acumulatori-li-ion-lxt-18-v-makita-dvc350z-18-v-55-mbar-puterea-de-aspirare-3-l-volumul-rezervorului\/","og_site_name":"Eurotech Iasi","article_publisher":"https:\/\/www.facebook.com\/EurotechIasi\/","article_modified_time":"2024-04-10T07:33:34+00:00","og_image":[{"width":710,"height":710,"url":"https:\/\/eurotech-iasi.ro\/magazinonline\/wp-content\/uploads\/2018\/06\/Aspirator-portabil-Makita-DVC350Z-18-V-55-mbar-puterea-de-aspirare-3-l-volumul-rezervorului.png","type":"image\/png"}],"twitter_misc":{"Timp estimat pentru citire":"1 minut"},"schema":{"@context":"https:\/\/schema.org","@graph":[{"@type":"WebPage","@id":"https:\/\/eurotech-iasi.ro\/magazinonline\/produs\/aspirator-portabil-compatibil-cu-acumulatori-li-ion-lxt-18-v-makita-dvc350z-18-v-55-mbar-puterea-de-aspirare-3-l-volumul-rezervorului\/","url":"https:\/\/eurotech-iasi.ro\/magazinonline\/produs\/aspirator-portabil-compatibil-cu-acumulatori-li-ion-lxt-18-v-makita-dvc350z-18-v-55-mbar-puterea-de-aspirare-3-l-volumul-rezervorului\/","name":"Aspirator portabil MAKITA DVC350Z - Eurotech Iasi","isPartOf":{"@id":"https:\/\/eurotech-iasi.ro\/magazinonline\/#website"},"primaryImageOfPage":{"@id":"https:\/\/eurotech-iasi.ro\/magazinonline\/produs\/aspirator-portabil-compatibil-cu-acumulatori-li-ion-lxt-18-v-makita-dvc350z-18-v-55-mbar-puterea-de-aspirare-3-l-volumul-rezervorului\/#primaryimage"},"image":{"@id":"https:\/\/eurotech-iasi.ro\/magazinonline\/produs\/aspirator-portabil-compatibil-cu-acumulatori-li-ion-lxt-18-v-makita-dvc350z-18-v-55-mbar-puterea-de-aspirare-3-l-volumul-rezervorului\/#primaryimage"},"thumbnailUrl":"https:\/\/eurotech-iasi.ro\/magazinonline\/wp-content\/uploads\/2018\/06\/Aspirator-portabil-Makita-DVC350Z-18-V-55-mbar-puterea-de-aspirare-3-l-volumul-rezervorului.png","datePublished":"2018-06-27T09:06:30+00:00","dateModified":"2024-04-10T07:33:34+00:00","description":"Aspirator portabil MAKITA DVC350Z, f\u0103r\u0103 acumulatori \u0219i \u00eenc\u0103rc\u0103tor, este ideal pentru activit\u0103\u021bile casnice, precum cur\u0103\u021barea ma\u0219inii sau a casei.","breadcrumb":{"@id":"https:\/\/eurotech-iasi.ro\/magazinonline\/produs\/aspirator-portabil-compatibil-cu-acumulatori-li-ion-lxt-18-v-makita-dvc350z-18-v-55-mbar-puterea-de-aspirare-3-l-volumul-rezervorului\/#breadcrumb"},"inLanguage":"ro-RO","potentialAction":[{"@type":"ReadAction","target":["https:\/\/eurotech-iasi.ro\/magazinonline\/produs\/aspirator-portabil-compatibil-cu-acumulatori-li-ion-lxt-18-v-makita-dvc350z-18-v-55-mbar-puterea-de-aspirare-3-l-volumul-rezervorului\/"]}]},{"@type":"ImageObject","inLanguage":"ro-RO","@id":"https:\/\/eurotech-iasi.ro\/magazinonline\/produs\/aspirator-portabil-compatibil-cu-acumulatori-li-ion-lxt-18-v-makita-dvc350z-18-v-55-mbar-puterea-de-aspirare-3-l-volumul-rezervorului\/#primaryimage","url":"https:\/\/eurotech-iasi.ro\/magazinonline\/wp-content\/uploads\/2018\/06\/Aspirator-portabil-Makita-DVC350Z-18-V-55-mbar-puterea-de-aspirare-3-l-volumul-rezervorului.png","contentUrl":"https:\/\/eurotech-iasi.ro\/magazinonline\/wp-content\/uploads\/2018\/06\/Aspirator-portabil-Makita-DVC350Z-18-V-55-mbar-puterea-de-aspirare-3-l-volumul-rezervorului.png","width":710,"height":710},{"@type":"BreadcrumbList","@id":"https:\/\/eurotech-iasi.ro\/magazinonline\/produs\/aspirator-portabil-compatibil-cu-acumulatori-li-ion-lxt-18-v-makita-dvc350z-18-v-55-mbar-puterea-de-aspirare-3-l-volumul-rezervorului\/#breadcrumb","itemListElement":[{"@type":"ListItem","position":1,"name":"Prima pagin\u0103","item":"https:\/\/eurotech-iasi.ro\/magazinonline\/"},{"@type":"ListItem","position":2,"name":"Shop","item":"https:\/\/eurotech-iasi.ro\/magazinonline\/shop\/"},{"@type":"ListItem","position":3,"name":"Aspirator portabil MAKITA DVC350Z"}]},{"@type":"WebSite","@id":"https:\/\/eurotech-iasi.ro\/magazinonline\/#website","url":"https:\/\/eurotech-iasi.ro\/magazinonline\/","name":"Eurotech Iasi","description":"Cu oameni seriosi","publisher":{"@id":"https:\/\/eurotech-iasi.ro\/magazinonline\/#organization"},"potentialAction":[{"@type":"SearchAction","target":{"@type":"EntryPoint","urlTemplate":"https:\/\/eurotech-iasi.ro\/magazinonline\/?s={search_term_string}"},"query-input":{"@type":"PropertyValueSpecification","valueRequired":true,"valueName":"search_term_string"}}],"inLanguage":"ro-RO"},{"@type":"Organization","@id":"https:\/\/eurotech-iasi.ro\/magazinonline\/#organization","name":"Eurotech Iasi","url":"https:\/\/eurotech-iasi.ro\/magazinonline\/","logo":{"@type":"ImageObject","inLanguage":"ro-RO","@id":"https:\/\/eurotech-iasi.ro\/magazinonline\/#\/schema\/logo\/image\/","url":"https:\/\/eurotech-iasi.ro\/magazinonline\/wp-content\/uploads\/2020\/08\/logo-eurotech.png","contentUrl":"https:\/\/eurotech-iasi.ro\/magazinonline\/wp-content\/uploads\/2020\/08\/logo-eurotech.png","width":290,"height":70,"caption":"Eurotech Iasi"},"image":{"@id":"https:\/\/eurotech-iasi.ro\/magazinonline\/#\/schema\/logo\/image\/"},"sameAs":["https:\/\/www.facebook.com\/EurotechIasi\/"]}]}},"_links":{"self":[{"href":"https:\/\/eurotech-iasi.ro\/magazinonline\/wp-json\/wp\/v2\/product\/11928","targetHints":{"allow":["GET"]}}],"collection":[{"href":"https:\/\/eurotech-iasi.ro\/magazinonline\/wp-json\/wp\/v2\/product"}],"about":[{"href":"https:\/\/eurotech-iasi.ro\/magazinonline\/wp-json\/wp\/v2\/types\/product"}],"replies":[{"embeddable":true,"href":"https:\/\/eurotech-iasi.ro\/magazinonline\/wp-json\/wp\/v2\/comments?post=11928"}],"wp:featuredmedia":[{"embeddable":true,"href":"https:\/\/eurotech-iasi.ro\/magazinonline\/wp-json\/wp\/v2\/media\/11930"}],"wp:attachment":[{"href":"https:\/\/eurotech-iasi.ro\/magazinonline\/wp-json\/wp\/v2\/media?parent=11928"}],"wp:term":[{"taxonomy":"product_cat","embeddable":true,"href":"https:\/\/eurotech-iasi.ro\/magazinonline\/wp-json\/wp\/v2\/product_cat?post=11928"},{"taxonomy":"product_tag","embeddable":true,"href":"https:\/\/eurotech-iasi.ro\/magazinonline\/wp-json\/wp\/v2\/product_tag?post=11928"},{"taxonomy":"woo-feed-brand","embeddable":true,"href":"https:\/\/eurotech-iasi.ro\/magazinonline\/wp-json\/wp\/v2\/woo-feed-brand?post=11928"}],"curies":[{"name":"wp","href":"https:\/\/api.w.org\/{rel}","templated":true}]}}