{"id":13464,"date":"2019-02-12T11:48:06","date_gmt":"2019-02-12T09:48:06","guid":{"rendered":"https:\/\/eurotech-iasi.ro\/magazinonline\/produs\/import-placeholder-for-3540\/"},"modified":"2026-01-05T13:36:09","modified_gmt":"2026-01-05T11:36:09","slug":"ciocan-demolator-bosch-gsh-11-vc","status":"publish","type":"product","link":"https:\/\/eurotech-iasi.ro\/magazinonline\/produs\/ciocan-demolator-bosch-gsh-11-vc\/","title":{"rendered":"Ciocan demolator BOSCH GSH 11 VC"},"content":{"rendered":"<p><strong>Ciocan demolator BOSCH GSH 11 VC<\/strong> dezvolta o <strong>putere de 23 J<\/strong> cu ajutorul unui <strong>motor de 1.700 W<\/strong>. <strong>Manerele SoftGrip<\/strong> asigura o utilizare indelungata a utilajului. Datorita greutatii de doar<strong> 11 Kg<\/strong> si a<strong> sistemului SoftGrip<\/strong> acesta te ajuta sa <strong>cresti productivitatea<\/strong>. <strong>Ciocanul demolator GSH 11 VC<\/strong> reprezinta o investitie sigura si profitabila din toate punctele de vedere. Designul acestuia asigura posibilitatea de a lucra si pe plan vertical.<\/p>\n<p><strong>Set de livrare<\/strong>:<br \/>\n&#8211; 1 dalta ascutita, SDS-max, RTec Speed, 400 mm<br \/>\n&#8211; Laveta pentru masina<br \/>\n&#8211; Maner auxiliar<br \/>\n&#8211; Tub de vaselina<br \/>\n&#8211; Valiza de transport<\/p>\n","protected":false},"excerpt":{"rendered":"<p><strong>Ciocan demolator BOSCH GSH 11 VC<\/strong> este o <strong>unealta profesionista<\/strong> special creata pentru <strong>lucrarile din plan vertical<\/strong>, utilizarea acesteia necreand neplaceri.<\/p>\n<p><em><strong>Cod produs: 0611336000<\/strong><\/em><\/p>\n","protected":false},"featured_media":13563,"comment_status":"closed","ping_status":"closed","template":"","meta":{"_acf_changed":false},"product_cat":[4442],"product_tag":[2387,2706,2705,2692,2694,2693,2707],"woo-feed-brand":[],"class_list":{"0":"post-13464","1":"product","2":"type-product","3":"status-publish","4":"has-post-thumbnail","6":"product_brand-bosch","7":"product_cat-ciocane-rotopercutoare-si-demolatoare","8":"product_tag-ciocan-demolator","9":"product_tag-ciocan-demolator-cu-sds-max-bosch","10":"product_tag-ciocan-demolator-cu-sds-max-bosch-gsh-11-vc","11":"product_tag-ciocan-demolator-eurotech","12":"product_tag-ciocan-demolator-eurotech-iasi","13":"product_tag-ciocan-demolator-iasi","14":"product_tag-sds-max-bosch-gsh-11-vc","15":"pa_brand-bosch","16":"pa_energie-de-percutie-23-j-2","17":"pa_greutate-114-kg","18":"pa_nivel-vibratii-8-m-s2","19":"pa_nivel-zgomot-103-db","20":"pa_numar-percutii-17-000-bpm","21":"pa_putere-nominala-1-700-w","22":"pa_suport-pentru-biti-sds-max","24":"first","25":"instock","26":"purchasable","27":"product-type-simple"},"acf":[],"yoast_head":"<!-- This site is optimized with the Yoast SEO plugin v27.3 - https:\/\/yoast.com\/product\/yoast-seo-wordpress\/ -->\n<title>Ciocan demolator BOSCH GSH 11 VC - Eurotech Iasi<\/title>\n<meta name=\"description\" content=\"Ciocan demolator BOSCH GSH 11 VC este o unealt\u0103 profesionist\u0103 special creat\u0103 pentru lucr\u0103rile din plan vertical, utilizarea acesteia necre\u00e2nd nepl\u0103ceri.\" \/>\n<meta name=\"robots\" content=\"index, follow, max-snippet:-1, max-image-preview:large, max-video-preview:-1\" \/>\n<link rel=\"canonical\" href=\"https:\/\/eurotech-iasi.ro\/magazinonline\/produs\/ciocan-demolator-bosch-gsh-11-vc\/\" \/>\n<meta property=\"og:locale\" content=\"ro_RO\" \/>\n<meta property=\"og:type\" content=\"article\" \/>\n<meta property=\"og:title\" content=\"Ciocan demolator BOSCH GSH 11 VC - Eurotech Iasi\" \/>\n<meta property=\"og:description\" content=\"Ciocan demolator BOSCH GSH 11 VC este o unealt\u0103 profesionist\u0103 special creat\u0103 pentru lucr\u0103rile din plan vertical, utilizarea acesteia necre\u00e2nd nepl\u0103ceri.\" \/>\n<meta property=\"og:url\" content=\"https:\/\/eurotech-iasi.ro\/magazinonline\/produs\/ciocan-demolator-bosch-gsh-11-vc\/\" \/>\n<meta property=\"og:site_name\" content=\"Eurotech Iasi\" \/>\n<meta property=\"article:publisher\" content=\"https:\/\/www.facebook.com\/EurotechIasi\/\" \/>\n<meta property=\"article:modified_time\" content=\"2026-01-05T11:36:09+00:00\" \/>\n<meta property=\"og:image\" content=\"https:\/\/eurotech-iasi.ro\/magazinonline\/wp-content\/uploads\/2019\/02\/Ciocan-demolator-BOSCH-GSH11VC.jpg\" \/>\n\t<meta property=\"og:image:width\" content=\"710\" \/>\n\t<meta property=\"og:image:height\" content=\"710\" \/>\n\t<meta property=\"og:image:type\" content=\"image\/jpeg\" \/>\n<script type=\"application\/ld+json\" class=\"yoast-schema-graph\">{\"@context\":\"https:\\\/\\\/schema.org\",\"@graph\":[{\"@type\":\"WebPage\",\"@id\":\"https:\\\/\\\/eurotech-iasi.ro\\\/magazinonline\\\/produs\\\/ciocan-demolator-bosch-gsh-11-vc\\\/\",\"url\":\"https:\\\/\\\/eurotech-iasi.ro\\\/magazinonline\\\/produs\\\/ciocan-demolator-bosch-gsh-11-vc\\\/\",\"name\":\"Ciocan demolator BOSCH GSH 11 VC - Eurotech Iasi\",\"isPartOf\":{\"@id\":\"https:\\\/\\\/eurotech-iasi.ro\\\/magazinonline\\\/#website\"},\"primaryImageOfPage\":{\"@id\":\"https:\\\/\\\/eurotech-iasi.ro\\\/magazinonline\\\/produs\\\/ciocan-demolator-bosch-gsh-11-vc\\\/#primaryimage\"},\"image\":{\"@id\":\"https:\\\/\\\/eurotech-iasi.ro\\\/magazinonline\\\/produs\\\/ciocan-demolator-bosch-gsh-11-vc\\\/#primaryimage\"},\"thumbnailUrl\":\"https:\\\/\\\/eurotech-iasi.ro\\\/magazinonline\\\/wp-content\\\/uploads\\\/2019\\\/02\\\/Ciocan-demolator-BOSCH-GSH11VC.jpg\",\"datePublished\":\"2019-02-12T09:48:06+00:00\",\"dateModified\":\"2026-01-05T11:36:09+00:00\",\"description\":\"Ciocan demolator BOSCH GSH 11 VC este o unealt\u0103 profesionist\u0103 special creat\u0103 pentru lucr\u0103rile din plan vertical, utilizarea acesteia necre\u00e2nd nepl\u0103ceri.\",\"breadcrumb\":{\"@id\":\"https:\\\/\\\/eurotech-iasi.ro\\\/magazinonline\\\/produs\\\/ciocan-demolator-bosch-gsh-11-vc\\\/#breadcrumb\"},\"inLanguage\":\"ro-RO\",\"potentialAction\":[{\"@type\":\"ReadAction\",\"target\":[\"https:\\\/\\\/eurotech-iasi.ro\\\/magazinonline\\\/produs\\\/ciocan-demolator-bosch-gsh-11-vc\\\/\"]}]},{\"@type\":\"ImageObject\",\"inLanguage\":\"ro-RO\",\"@id\":\"https:\\\/\\\/eurotech-iasi.ro\\\/magazinonline\\\/produs\\\/ciocan-demolator-bosch-gsh-11-vc\\\/#primaryimage\",\"url\":\"https:\\\/\\\/eurotech-iasi.ro\\\/magazinonline\\\/wp-content\\\/uploads\\\/2019\\\/02\\\/Ciocan-demolator-BOSCH-GSH11VC.jpg\",\"contentUrl\":\"https:\\\/\\\/eurotech-iasi.ro\\\/magazinonline\\\/wp-content\\\/uploads\\\/2019\\\/02\\\/Ciocan-demolator-BOSCH-GSH11VC.jpg\",\"width\":710,\"height\":710},{\"@type\":\"BreadcrumbList\",\"@id\":\"https:\\\/\\\/eurotech-iasi.ro\\\/magazinonline\\\/produs\\\/ciocan-demolator-bosch-gsh-11-vc\\\/#breadcrumb\",\"itemListElement\":[{\"@type\":\"ListItem\",\"position\":1,\"name\":\"Prima pagin\u0103\",\"item\":\"https:\\\/\\\/eurotech-iasi.ro\\\/magazinonline\\\/\"},{\"@type\":\"ListItem\",\"position\":2,\"name\":\"Shop\",\"item\":\"https:\\\/\\\/eurotech-iasi.ro\\\/magazinonline\\\/shop\\\/\"},{\"@type\":\"ListItem\",\"position\":3,\"name\":\"Ciocan demolator BOSCH GSH 11 VC\"}]},{\"@type\":\"WebSite\",\"@id\":\"https:\\\/\\\/eurotech-iasi.ro\\\/magazinonline\\\/#website\",\"url\":\"https:\\\/\\\/eurotech-iasi.ro\\\/magazinonline\\\/\",\"name\":\"Eurotech Iasi\",\"description\":\"Cu oameni seriosi\",\"publisher\":{\"@id\":\"https:\\\/\\\/eurotech-iasi.ro\\\/magazinonline\\\/#organization\"},\"potentialAction\":[{\"@type\":\"SearchAction\",\"target\":{\"@type\":\"EntryPoint\",\"urlTemplate\":\"https:\\\/\\\/eurotech-iasi.ro\\\/magazinonline\\\/?s={search_term_string}\"},\"query-input\":{\"@type\":\"PropertyValueSpecification\",\"valueRequired\":true,\"valueName\":\"search_term_string\"}}],\"inLanguage\":\"ro-RO\"},{\"@type\":\"Organization\",\"@id\":\"https:\\\/\\\/eurotech-iasi.ro\\\/magazinonline\\\/#organization\",\"name\":\"Eurotech Iasi\",\"url\":\"https:\\\/\\\/eurotech-iasi.ro\\\/magazinonline\\\/\",\"logo\":{\"@type\":\"ImageObject\",\"inLanguage\":\"ro-RO\",\"@id\":\"https:\\\/\\\/eurotech-iasi.ro\\\/magazinonline\\\/#\\\/schema\\\/logo\\\/image\\\/\",\"url\":\"https:\\\/\\\/eurotech-iasi.ro\\\/magazinonline\\\/wp-content\\\/uploads\\\/2020\\\/08\\\/logo-eurotech.png\",\"contentUrl\":\"https:\\\/\\\/eurotech-iasi.ro\\\/magazinonline\\\/wp-content\\\/uploads\\\/2020\\\/08\\\/logo-eurotech.png\",\"width\":290,\"height\":70,\"caption\":\"Eurotech Iasi\"},\"image\":{\"@id\":\"https:\\\/\\\/eurotech-iasi.ro\\\/magazinonline\\\/#\\\/schema\\\/logo\\\/image\\\/\"},\"sameAs\":[\"https:\\\/\\\/www.facebook.com\\\/EurotechIasi\\\/\"]}]}<\/script>\n<!-- \/ Yoast SEO plugin. -->","yoast_head_json":{"title":"Ciocan demolator BOSCH GSH 11 VC - Eurotech Iasi","description":"Ciocan demolator BOSCH GSH 11 VC este o unealt\u0103 profesionist\u0103 special creat\u0103 pentru lucr\u0103rile din plan vertical, utilizarea acesteia necre\u00e2nd nepl\u0103ceri.","robots":{"index":"index","follow":"follow","max-snippet":"max-snippet:-1","max-image-preview":"max-image-preview:large","max-video-preview":"max-video-preview:-1"},"canonical":"https:\/\/eurotech-iasi.ro\/magazinonline\/produs\/ciocan-demolator-bosch-gsh-11-vc\/","og_locale":"ro_RO","og_type":"article","og_title":"Ciocan demolator BOSCH GSH 11 VC - Eurotech Iasi","og_description":"Ciocan demolator BOSCH GSH 11 VC este o unealt\u0103 profesionist\u0103 special creat\u0103 pentru lucr\u0103rile din plan vertical, utilizarea acesteia necre\u00e2nd nepl\u0103ceri.","og_url":"https:\/\/eurotech-iasi.ro\/magazinonline\/produs\/ciocan-demolator-bosch-gsh-11-vc\/","og_site_name":"Eurotech Iasi","article_publisher":"https:\/\/www.facebook.com\/EurotechIasi\/","article_modified_time":"2026-01-05T11:36:09+00:00","og_image":[{"width":710,"height":710,"url":"https:\/\/eurotech-iasi.ro\/magazinonline\/wp-content\/uploads\/2019\/02\/Ciocan-demolator-BOSCH-GSH11VC.jpg","type":"image\/jpeg"}],"schema":{"@context":"https:\/\/schema.org","@graph":[{"@type":"WebPage","@id":"https:\/\/eurotech-iasi.ro\/magazinonline\/produs\/ciocan-demolator-bosch-gsh-11-vc\/","url":"https:\/\/eurotech-iasi.ro\/magazinonline\/produs\/ciocan-demolator-bosch-gsh-11-vc\/","name":"Ciocan demolator BOSCH GSH 11 VC - Eurotech Iasi","isPartOf":{"@id":"https:\/\/eurotech-iasi.ro\/magazinonline\/#website"},"primaryImageOfPage":{"@id":"https:\/\/eurotech-iasi.ro\/magazinonline\/produs\/ciocan-demolator-bosch-gsh-11-vc\/#primaryimage"},"image":{"@id":"https:\/\/eurotech-iasi.ro\/magazinonline\/produs\/ciocan-demolator-bosch-gsh-11-vc\/#primaryimage"},"thumbnailUrl":"https:\/\/eurotech-iasi.ro\/magazinonline\/wp-content\/uploads\/2019\/02\/Ciocan-demolator-BOSCH-GSH11VC.jpg","datePublished":"2019-02-12T09:48:06+00:00","dateModified":"2026-01-05T11:36:09+00:00","description":"Ciocan demolator BOSCH GSH 11 VC este o unealt\u0103 profesionist\u0103 special creat\u0103 pentru lucr\u0103rile din plan vertical, utilizarea acesteia necre\u00e2nd nepl\u0103ceri.","breadcrumb":{"@id":"https:\/\/eurotech-iasi.ro\/magazinonline\/produs\/ciocan-demolator-bosch-gsh-11-vc\/#breadcrumb"},"inLanguage":"ro-RO","potentialAction":[{"@type":"ReadAction","target":["https:\/\/eurotech-iasi.ro\/magazinonline\/produs\/ciocan-demolator-bosch-gsh-11-vc\/"]}]},{"@type":"ImageObject","inLanguage":"ro-RO","@id":"https:\/\/eurotech-iasi.ro\/magazinonline\/produs\/ciocan-demolator-bosch-gsh-11-vc\/#primaryimage","url":"https:\/\/eurotech-iasi.ro\/magazinonline\/wp-content\/uploads\/2019\/02\/Ciocan-demolator-BOSCH-GSH11VC.jpg","contentUrl":"https:\/\/eurotech-iasi.ro\/magazinonline\/wp-content\/uploads\/2019\/02\/Ciocan-demolator-BOSCH-GSH11VC.jpg","width":710,"height":710},{"@type":"BreadcrumbList","@id":"https:\/\/eurotech-iasi.ro\/magazinonline\/produs\/ciocan-demolator-bosch-gsh-11-vc\/#breadcrumb","itemListElement":[{"@type":"ListItem","position":1,"name":"Prima pagin\u0103","item":"https:\/\/eurotech-iasi.ro\/magazinonline\/"},{"@type":"ListItem","position":2,"name":"Shop","item":"https:\/\/eurotech-iasi.ro\/magazinonline\/shop\/"},{"@type":"ListItem","position":3,"name":"Ciocan demolator BOSCH GSH 11 VC"}]},{"@type":"WebSite","@id":"https:\/\/eurotech-iasi.ro\/magazinonline\/#website","url":"https:\/\/eurotech-iasi.ro\/magazinonline\/","name":"Eurotech Iasi","description":"Cu oameni seriosi","publisher":{"@id":"https:\/\/eurotech-iasi.ro\/magazinonline\/#organization"},"potentialAction":[{"@type":"SearchAction","target":{"@type":"EntryPoint","urlTemplate":"https:\/\/eurotech-iasi.ro\/magazinonline\/?s={search_term_string}"},"query-input":{"@type":"PropertyValueSpecification","valueRequired":true,"valueName":"search_term_string"}}],"inLanguage":"ro-RO"},{"@type":"Organization","@id":"https:\/\/eurotech-iasi.ro\/magazinonline\/#organization","name":"Eurotech Iasi","url":"https:\/\/eurotech-iasi.ro\/magazinonline\/","logo":{"@type":"ImageObject","inLanguage":"ro-RO","@id":"https:\/\/eurotech-iasi.ro\/magazinonline\/#\/schema\/logo\/image\/","url":"https:\/\/eurotech-iasi.ro\/magazinonline\/wp-content\/uploads\/2020\/08\/logo-eurotech.png","contentUrl":"https:\/\/eurotech-iasi.ro\/magazinonline\/wp-content\/uploads\/2020\/08\/logo-eurotech.png","width":290,"height":70,"caption":"Eurotech Iasi"},"image":{"@id":"https:\/\/eurotech-iasi.ro\/magazinonline\/#\/schema\/logo\/image\/"},"sameAs":["https:\/\/www.facebook.com\/EurotechIasi\/"]}]}},"_links":{"self":[{"href":"https:\/\/eurotech-iasi.ro\/magazinonline\/wp-json\/wp\/v2\/product\/13464","targetHints":{"allow":["GET"]}}],"collection":[{"href":"https:\/\/eurotech-iasi.ro\/magazinonline\/wp-json\/wp\/v2\/product"}],"about":[{"href":"https:\/\/eurotech-iasi.ro\/magazinonline\/wp-json\/wp\/v2\/types\/product"}],"replies":[{"embeddable":true,"href":"https:\/\/eurotech-iasi.ro\/magazinonline\/wp-json\/wp\/v2\/comments?post=13464"}],"wp:featuredmedia":[{"embeddable":true,"href":"https:\/\/eurotech-iasi.ro\/magazinonline\/wp-json\/wp\/v2\/media\/13563"}],"wp:attachment":[{"href":"https:\/\/eurotech-iasi.ro\/magazinonline\/wp-json\/wp\/v2\/media?parent=13464"}],"wp:term":[{"taxonomy":"product_cat","embeddable":true,"href":"https:\/\/eurotech-iasi.ro\/magazinonline\/wp-json\/wp\/v2\/product_cat?post=13464"},{"taxonomy":"product_tag","embeddable":true,"href":"https:\/\/eurotech-iasi.ro\/magazinonline\/wp-json\/wp\/v2\/product_tag?post=13464"},{"taxonomy":"woo-feed-brand","embeddable":true,"href":"https:\/\/eurotech-iasi.ro\/magazinonline\/wp-json\/wp\/v2\/woo-feed-brand?post=13464"}],"curies":[{"name":"wp","href":"https:\/\/api.w.org\/{rel}","templated":true}]}}