{"id":13503,"date":"2019-02-12T11:48:38","date_gmt":"2019-02-12T09:48:38","guid":{"rendered":"https:\/\/eurotech-iasi.ro\/magazinonline\/produs\/import-placeholder-for-3636\/"},"modified":"2023-03-24T16:37:09","modified_gmt":"2023-03-24T14:37:09","slug":"polizor-unghiular-bosch-gws-22-230-lvi","status":"publish","type":"product","link":"https:\/\/eurotech-iasi.ro\/magazinonline\/produs\/polizor-unghiular-bosch-gws-22-230-lvi\/","title":{"rendered":"Polizor unghiular BOSCH GWS 22-230 LVI"},"content":{"rendered":"<p><strong>Polizorul unghiular BOSCH GWS 22-230 LVI<\/strong> este un polizor puternic ce dezvolta o <strong>putere de 2.200 W<\/strong>. Manerul principal este special creat pentru o utilizare usoara a polizorului. De asemenea, acesta reduce cu pana la 50% nivelul vibratiilor. <strong>Polizorul unghiular BOSCH GWS 22-230 LVI<\/strong> mai are in dotare: <strong>frana de siguranta<\/strong>, <strong>protectie la repornire<\/strong>, <strong>pornire lenta<\/strong>, <strong>aparatoare de protectie<\/strong> rezistenta la torsiune.<\/p>\n<p><strong>Set de livrare<\/strong>:<br \/>\n&#8211; Flansa de prindere<br \/>\n&#8211; Piulita de strangere<br \/>\n&#8211; Cheie pentru splinturi<br \/>\n&#8211; Maner suplimentar cu amortizor de vibratii Vibration Control<br \/>\n&#8211; Aparatoare de protectie cu reglare rapida<br \/>\n&#8211; Comutator Tricontrol<\/p>\n","protected":false},"excerpt":{"rendered":"<p><strong>Polizorul unghiular BOSCH GWS22-230LVI<\/strong> este un polizor usor, puternic acesta adresandu-se atat <strong>industriilor<\/strong> <strong>grele<\/strong> cat si <strong>lucrarilor mai putin solicitante<\/strong>.<\/p>\n<p>Cod produs: 0 601 891 D00<\/p>\n","protected":false},"featured_media":13642,"comment_status":"closed","ping_status":"closed","template":"","meta":{"_acf_changed":false},"product_cat":[4310,4306],"product_tag":[2775,2713,2714,2716,2715,2719,2774],"woo-feed-brand":[],"class_list":{"0":"post-13503","1":"product","2":"type-product","3":"status-publish","4":"has-post-thumbnail","6":"product_brand-bosch","7":"product_cat-polizoare-unghiulare","8":"product_cat-scule-electrice","9":"product_tag-bosch-gws-22-230-lvi","10":"product_tag-polizoare-unghiulare","11":"product_tag-polizoare-unghiulare-eurotech","12":"product_tag-polizoare-unghiulare-eurotech-iasi","13":"product_tag-polizoare-unghiulare-iasi","14":"product_tag-polizor-unghiular-bosch","15":"product_tag-polizor-unghiular-bosch-gws-22-230-lvi","16":"pa_brand-bosch","17":"pa_diam-discuri-230-mm","18":"pa_greutate-54-kg-2","19":"pa_nivel-vibratii-55-m-s2","20":"pa_nivel-zgomot-103-db","21":"pa_putere-2-200-w","23":"first","24":"outofstock","25":"purchasable","26":"product-type-simple"},"acf":[],"yoast_head":"<!-- This site is optimized with the Yoast SEO plugin v27.3 - https:\/\/yoast.com\/product\/yoast-seo-wordpress\/ -->\n<title>Polizor unghiular BOSCH GWS 22-230 LVI - Eurotech Iasi<\/title>\n<meta name=\"description\" content=\"Polizorul unghiular BOSCH GWS 22-230 LVI este un polizor u\u0219or, puternic acesta adres\u00e2ndu-se at\u00e2t industriilor grele c\u00e2t \u0219i lucr\u0103rilor mai pu\u021bin solicitante.\" \/>\n<meta name=\"robots\" content=\"index, follow, max-snippet:-1, max-image-preview:large, max-video-preview:-1\" \/>\n<link rel=\"canonical\" href=\"https:\/\/eurotech-iasi.ro\/magazinonline\/produs\/polizor-unghiular-bosch-gws-22-230-lvi\/\" \/>\n<meta property=\"og:locale\" content=\"ro_RO\" \/>\n<meta property=\"og:type\" content=\"article\" \/>\n<meta property=\"og:title\" content=\"Polizor unghiular BOSCH GWS 22-230 LVI - Eurotech Iasi\" \/>\n<meta property=\"og:description\" content=\"Polizorul unghiular BOSCH GWS 22-230 LVI este un polizor u\u0219or, puternic acesta adres\u00e2ndu-se at\u00e2t industriilor grele c\u00e2t \u0219i lucr\u0103rilor mai pu\u021bin solicitante.\" \/>\n<meta property=\"og:url\" content=\"https:\/\/eurotech-iasi.ro\/magazinonline\/produs\/polizor-unghiular-bosch-gws-22-230-lvi\/\" \/>\n<meta property=\"og:site_name\" content=\"Eurotech Iasi\" \/>\n<meta property=\"article:publisher\" content=\"https:\/\/www.facebook.com\/EurotechIasi\/\" \/>\n<meta property=\"article:modified_time\" content=\"2023-03-24T14:37:09+00:00\" \/>\n<meta property=\"og:image\" content=\"https:\/\/eurotech-iasi.ro\/magazinonline\/wp-content\/uploads\/2019\/02\/Polizor-unghiular-BOSCH-GWS22-230LVI.jpg\" \/>\n\t<meta property=\"og:image:width\" content=\"710\" \/>\n\t<meta property=\"og:image:height\" content=\"710\" \/>\n\t<meta property=\"og:image:type\" content=\"image\/jpeg\" \/>\n<script type=\"application\/ld+json\" class=\"yoast-schema-graph\">{\"@context\":\"https:\\\/\\\/schema.org\",\"@graph\":[{\"@type\":\"WebPage\",\"@id\":\"https:\\\/\\\/eurotech-iasi.ro\\\/magazinonline\\\/produs\\\/polizor-unghiular-bosch-gws-22-230-lvi\\\/\",\"url\":\"https:\\\/\\\/eurotech-iasi.ro\\\/magazinonline\\\/produs\\\/polizor-unghiular-bosch-gws-22-230-lvi\\\/\",\"name\":\"Polizor unghiular BOSCH GWS 22-230 LVI - Eurotech Iasi\",\"isPartOf\":{\"@id\":\"https:\\\/\\\/eurotech-iasi.ro\\\/magazinonline\\\/#website\"},\"primaryImageOfPage\":{\"@id\":\"https:\\\/\\\/eurotech-iasi.ro\\\/magazinonline\\\/produs\\\/polizor-unghiular-bosch-gws-22-230-lvi\\\/#primaryimage\"},\"image\":{\"@id\":\"https:\\\/\\\/eurotech-iasi.ro\\\/magazinonline\\\/produs\\\/polizor-unghiular-bosch-gws-22-230-lvi\\\/#primaryimage\"},\"thumbnailUrl\":\"https:\\\/\\\/eurotech-iasi.ro\\\/magazinonline\\\/wp-content\\\/uploads\\\/2019\\\/02\\\/Polizor-unghiular-BOSCH-GWS22-230LVI.jpg\",\"datePublished\":\"2019-02-12T09:48:38+00:00\",\"dateModified\":\"2023-03-24T14:37:09+00:00\",\"description\":\"Polizorul unghiular BOSCH GWS 22-230 LVI este un polizor u\u0219or, puternic acesta adres\u00e2ndu-se at\u00e2t industriilor grele c\u00e2t \u0219i lucr\u0103rilor mai pu\u021bin solicitante.\",\"breadcrumb\":{\"@id\":\"https:\\\/\\\/eurotech-iasi.ro\\\/magazinonline\\\/produs\\\/polizor-unghiular-bosch-gws-22-230-lvi\\\/#breadcrumb\"},\"inLanguage\":\"ro-RO\",\"potentialAction\":[{\"@type\":\"ReadAction\",\"target\":[\"https:\\\/\\\/eurotech-iasi.ro\\\/magazinonline\\\/produs\\\/polizor-unghiular-bosch-gws-22-230-lvi\\\/\"]}]},{\"@type\":\"ImageObject\",\"inLanguage\":\"ro-RO\",\"@id\":\"https:\\\/\\\/eurotech-iasi.ro\\\/magazinonline\\\/produs\\\/polizor-unghiular-bosch-gws-22-230-lvi\\\/#primaryimage\",\"url\":\"https:\\\/\\\/eurotech-iasi.ro\\\/magazinonline\\\/wp-content\\\/uploads\\\/2019\\\/02\\\/Polizor-unghiular-BOSCH-GWS22-230LVI.jpg\",\"contentUrl\":\"https:\\\/\\\/eurotech-iasi.ro\\\/magazinonline\\\/wp-content\\\/uploads\\\/2019\\\/02\\\/Polizor-unghiular-BOSCH-GWS22-230LVI.jpg\",\"width\":710,\"height\":710},{\"@type\":\"BreadcrumbList\",\"@id\":\"https:\\\/\\\/eurotech-iasi.ro\\\/magazinonline\\\/produs\\\/polizor-unghiular-bosch-gws-22-230-lvi\\\/#breadcrumb\",\"itemListElement\":[{\"@type\":\"ListItem\",\"position\":1,\"name\":\"Prima pagin\u0103\",\"item\":\"https:\\\/\\\/eurotech-iasi.ro\\\/magazinonline\\\/\"},{\"@type\":\"ListItem\",\"position\":2,\"name\":\"Shop\",\"item\":\"https:\\\/\\\/eurotech-iasi.ro\\\/magazinonline\\\/shop\\\/\"},{\"@type\":\"ListItem\",\"position\":3,\"name\":\"Polizor unghiular BOSCH GWS 22-230 LVI\"}]},{\"@type\":\"WebSite\",\"@id\":\"https:\\\/\\\/eurotech-iasi.ro\\\/magazinonline\\\/#website\",\"url\":\"https:\\\/\\\/eurotech-iasi.ro\\\/magazinonline\\\/\",\"name\":\"Eurotech Iasi\",\"description\":\"Cu oameni seriosi\",\"publisher\":{\"@id\":\"https:\\\/\\\/eurotech-iasi.ro\\\/magazinonline\\\/#organization\"},\"potentialAction\":[{\"@type\":\"SearchAction\",\"target\":{\"@type\":\"EntryPoint\",\"urlTemplate\":\"https:\\\/\\\/eurotech-iasi.ro\\\/magazinonline\\\/?s={search_term_string}\"},\"query-input\":{\"@type\":\"PropertyValueSpecification\",\"valueRequired\":true,\"valueName\":\"search_term_string\"}}],\"inLanguage\":\"ro-RO\"},{\"@type\":\"Organization\",\"@id\":\"https:\\\/\\\/eurotech-iasi.ro\\\/magazinonline\\\/#organization\",\"name\":\"Eurotech Iasi\",\"url\":\"https:\\\/\\\/eurotech-iasi.ro\\\/magazinonline\\\/\",\"logo\":{\"@type\":\"ImageObject\",\"inLanguage\":\"ro-RO\",\"@id\":\"https:\\\/\\\/eurotech-iasi.ro\\\/magazinonline\\\/#\\\/schema\\\/logo\\\/image\\\/\",\"url\":\"https:\\\/\\\/eurotech-iasi.ro\\\/magazinonline\\\/wp-content\\\/uploads\\\/2020\\\/08\\\/logo-eurotech.png\",\"contentUrl\":\"https:\\\/\\\/eurotech-iasi.ro\\\/magazinonline\\\/wp-content\\\/uploads\\\/2020\\\/08\\\/logo-eurotech.png\",\"width\":290,\"height\":70,\"caption\":\"Eurotech Iasi\"},\"image\":{\"@id\":\"https:\\\/\\\/eurotech-iasi.ro\\\/magazinonline\\\/#\\\/schema\\\/logo\\\/image\\\/\"},\"sameAs\":[\"https:\\\/\\\/www.facebook.com\\\/EurotechIasi\\\/\"]}]}<\/script>\n<!-- \/ Yoast SEO plugin. -->","yoast_head_json":{"title":"Polizor unghiular BOSCH GWS 22-230 LVI - Eurotech Iasi","description":"Polizorul unghiular BOSCH GWS 22-230 LVI este un polizor u\u0219or, puternic acesta adres\u00e2ndu-se at\u00e2t industriilor grele c\u00e2t \u0219i lucr\u0103rilor mai pu\u021bin solicitante.","robots":{"index":"index","follow":"follow","max-snippet":"max-snippet:-1","max-image-preview":"max-image-preview:large","max-video-preview":"max-video-preview:-1"},"canonical":"https:\/\/eurotech-iasi.ro\/magazinonline\/produs\/polizor-unghiular-bosch-gws-22-230-lvi\/","og_locale":"ro_RO","og_type":"article","og_title":"Polizor unghiular BOSCH GWS 22-230 LVI - Eurotech Iasi","og_description":"Polizorul unghiular BOSCH GWS 22-230 LVI este un polizor u\u0219or, puternic acesta adres\u00e2ndu-se at\u00e2t industriilor grele c\u00e2t \u0219i lucr\u0103rilor mai pu\u021bin solicitante.","og_url":"https:\/\/eurotech-iasi.ro\/magazinonline\/produs\/polizor-unghiular-bosch-gws-22-230-lvi\/","og_site_name":"Eurotech Iasi","article_publisher":"https:\/\/www.facebook.com\/EurotechIasi\/","article_modified_time":"2023-03-24T14:37:09+00:00","og_image":[{"width":710,"height":710,"url":"https:\/\/eurotech-iasi.ro\/magazinonline\/wp-content\/uploads\/2019\/02\/Polizor-unghiular-BOSCH-GWS22-230LVI.jpg","type":"image\/jpeg"}],"schema":{"@context":"https:\/\/schema.org","@graph":[{"@type":"WebPage","@id":"https:\/\/eurotech-iasi.ro\/magazinonline\/produs\/polizor-unghiular-bosch-gws-22-230-lvi\/","url":"https:\/\/eurotech-iasi.ro\/magazinonline\/produs\/polizor-unghiular-bosch-gws-22-230-lvi\/","name":"Polizor unghiular BOSCH GWS 22-230 LVI - Eurotech Iasi","isPartOf":{"@id":"https:\/\/eurotech-iasi.ro\/magazinonline\/#website"},"primaryImageOfPage":{"@id":"https:\/\/eurotech-iasi.ro\/magazinonline\/produs\/polizor-unghiular-bosch-gws-22-230-lvi\/#primaryimage"},"image":{"@id":"https:\/\/eurotech-iasi.ro\/magazinonline\/produs\/polizor-unghiular-bosch-gws-22-230-lvi\/#primaryimage"},"thumbnailUrl":"https:\/\/eurotech-iasi.ro\/magazinonline\/wp-content\/uploads\/2019\/02\/Polizor-unghiular-BOSCH-GWS22-230LVI.jpg","datePublished":"2019-02-12T09:48:38+00:00","dateModified":"2023-03-24T14:37:09+00:00","description":"Polizorul unghiular BOSCH GWS 22-230 LVI este un polizor u\u0219or, puternic acesta adres\u00e2ndu-se at\u00e2t industriilor grele c\u00e2t \u0219i lucr\u0103rilor mai pu\u021bin solicitante.","breadcrumb":{"@id":"https:\/\/eurotech-iasi.ro\/magazinonline\/produs\/polizor-unghiular-bosch-gws-22-230-lvi\/#breadcrumb"},"inLanguage":"ro-RO","potentialAction":[{"@type":"ReadAction","target":["https:\/\/eurotech-iasi.ro\/magazinonline\/produs\/polizor-unghiular-bosch-gws-22-230-lvi\/"]}]},{"@type":"ImageObject","inLanguage":"ro-RO","@id":"https:\/\/eurotech-iasi.ro\/magazinonline\/produs\/polizor-unghiular-bosch-gws-22-230-lvi\/#primaryimage","url":"https:\/\/eurotech-iasi.ro\/magazinonline\/wp-content\/uploads\/2019\/02\/Polizor-unghiular-BOSCH-GWS22-230LVI.jpg","contentUrl":"https:\/\/eurotech-iasi.ro\/magazinonline\/wp-content\/uploads\/2019\/02\/Polizor-unghiular-BOSCH-GWS22-230LVI.jpg","width":710,"height":710},{"@type":"BreadcrumbList","@id":"https:\/\/eurotech-iasi.ro\/magazinonline\/produs\/polizor-unghiular-bosch-gws-22-230-lvi\/#breadcrumb","itemListElement":[{"@type":"ListItem","position":1,"name":"Prima pagin\u0103","item":"https:\/\/eurotech-iasi.ro\/magazinonline\/"},{"@type":"ListItem","position":2,"name":"Shop","item":"https:\/\/eurotech-iasi.ro\/magazinonline\/shop\/"},{"@type":"ListItem","position":3,"name":"Polizor unghiular BOSCH GWS 22-230 LVI"}]},{"@type":"WebSite","@id":"https:\/\/eurotech-iasi.ro\/magazinonline\/#website","url":"https:\/\/eurotech-iasi.ro\/magazinonline\/","name":"Eurotech Iasi","description":"Cu oameni seriosi","publisher":{"@id":"https:\/\/eurotech-iasi.ro\/magazinonline\/#organization"},"potentialAction":[{"@type":"SearchAction","target":{"@type":"EntryPoint","urlTemplate":"https:\/\/eurotech-iasi.ro\/magazinonline\/?s={search_term_string}"},"query-input":{"@type":"PropertyValueSpecification","valueRequired":true,"valueName":"search_term_string"}}],"inLanguage":"ro-RO"},{"@type":"Organization","@id":"https:\/\/eurotech-iasi.ro\/magazinonline\/#organization","name":"Eurotech Iasi","url":"https:\/\/eurotech-iasi.ro\/magazinonline\/","logo":{"@type":"ImageObject","inLanguage":"ro-RO","@id":"https:\/\/eurotech-iasi.ro\/magazinonline\/#\/schema\/logo\/image\/","url":"https:\/\/eurotech-iasi.ro\/magazinonline\/wp-content\/uploads\/2020\/08\/logo-eurotech.png","contentUrl":"https:\/\/eurotech-iasi.ro\/magazinonline\/wp-content\/uploads\/2020\/08\/logo-eurotech.png","width":290,"height":70,"caption":"Eurotech Iasi"},"image":{"@id":"https:\/\/eurotech-iasi.ro\/magazinonline\/#\/schema\/logo\/image\/"},"sameAs":["https:\/\/www.facebook.com\/EurotechIasi\/"]}]}},"_links":{"self":[{"href":"https:\/\/eurotech-iasi.ro\/magazinonline\/wp-json\/wp\/v2\/product\/13503","targetHints":{"allow":["GET"]}}],"collection":[{"href":"https:\/\/eurotech-iasi.ro\/magazinonline\/wp-json\/wp\/v2\/product"}],"about":[{"href":"https:\/\/eurotech-iasi.ro\/magazinonline\/wp-json\/wp\/v2\/types\/product"}],"replies":[{"embeddable":true,"href":"https:\/\/eurotech-iasi.ro\/magazinonline\/wp-json\/wp\/v2\/comments?post=13503"}],"wp:featuredmedia":[{"embeddable":true,"href":"https:\/\/eurotech-iasi.ro\/magazinonline\/wp-json\/wp\/v2\/media\/13642"}],"wp:attachment":[{"href":"https:\/\/eurotech-iasi.ro\/magazinonline\/wp-json\/wp\/v2\/media?parent=13503"}],"wp:term":[{"taxonomy":"product_cat","embeddable":true,"href":"https:\/\/eurotech-iasi.ro\/magazinonline\/wp-json\/wp\/v2\/product_cat?post=13503"},{"taxonomy":"product_tag","embeddable":true,"href":"https:\/\/eurotech-iasi.ro\/magazinonline\/wp-json\/wp\/v2\/product_tag?post=13503"},{"taxonomy":"woo-feed-brand","embeddable":true,"href":"https:\/\/eurotech-iasi.ro\/magazinonline\/wp-json\/wp\/v2\/woo-feed-brand?post=13503"}],"curies":[{"name":"wp","href":"https:\/\/api.w.org\/{rel}","templated":true}]}}