{"id":14183,"date":"2019-02-28T12:53:07","date_gmt":"2019-02-28T10:53:07","guid":{"rendered":"https:\/\/eurotech-iasi.ro\/magazinonline\/?post_type=product&#038;p=14183"},"modified":"2023-08-11T09:01:28","modified_gmt":"2023-08-11T06:01:28","slug":"masina-de-gaurit-cu-percutie-bosch-gsb-1600-re","status":"publish","type":"product","link":"https:\/\/eurotech-iasi.ro\/magazinonline\/produs\/masina-de-gaurit-cu-percutie-bosch-gsb-1600-re\/","title":{"rendered":"Masina de gaurit cu percutie BOSCH GSB 1600 RE"},"content":{"rendered":"<p><strong>Masina de gaurit cu percutie BOSCH GSB 1600 RE<\/strong>, dezvolta o putere de 701 W. Preselectia turatiei cu roata de ajustare. Prevazuta cu Softgrip pentru aderenta sporita la lucru. Mandrina rapida de 13 mm din metal. Turatie reglabila pentru executarea cu precizie a gaurilor in diverse tipuri de material. Recomandata pentru gaurirea metalelor, a lemnului si a materialelor plastice dar si pentru gaurirea cu percutie a pietrei, zidariei sau betonului.<\/p>\n<p><strong>Set de livrare<\/strong>:<br \/>\n&#8211; Limitator de reglare a adancimii 210 mm<br \/>\n&#8211; Mandrina rapida 13 mm<\/p>\n","protected":false},"excerpt":{"rendered":"<p><strong>Masina de gaurit cu percutie BOSCH GSB 1600 RE<\/strong> este o unealta profesionala destinata activitatilor de intensitate medie sau scazuta.<\/p>\n<p><em><strong>Cod produs:\u00a00601218121<\/strong><\/em><\/p>\n","protected":false},"featured_media":14186,"comment_status":"open","ping_status":"closed","template":"","meta":{"_acf_changed":false},"product_cat":[4307,4320,4306],"product_tag":[4708],"woo-feed-brand":[],"class_list":{"0":"post-14183","1":"product","2":"type-product","3":"status-publish","4":"has-post-thumbnail","6":"product_brand-bosch","7":"product_cat-masini-de-gaurit","8":"product_cat-masini-de-gaurit-cu-percutie","9":"product_cat-scule-electrice","10":"product_tag-masina-de-gaurit-cu-percutie-bosch-gsb-1600-re","11":"pa_brand-bosch","12":"pa_greutate-19-kg","13":"pa_nivel-vibratii-25-m-s2","14":"pa_nivel-zgomot-109-db","15":"pa_putere-motor-701-w","16":"pa_turatie-de-mers-in-gol-3-000-rpm","18":"first","19":"outofstock","20":"purchasable","21":"product-type-simple"},"acf":[],"yoast_head":"<!-- This site is optimized with the Yoast SEO plugin v27.5 - https:\/\/yoast.com\/product\/yoast-seo-wordpress\/ -->\n<title>Masina de gaurit cu percutie BOSCH GSB 1600 RE - Eurotech Iasi<\/title>\n<meta name=\"description\" content=\"Ma\u0219in\u0103 de g\u0103urit cu percu\u021bie BOSCH GSB 1600 RE, cu motor de 701 W, este o unealt\u0103 profesional\u0103 destinat\u0103 activit\u0103\u021bilor de intensitate medie\/sc\u0103zut\u0103.\" \/>\n<meta name=\"robots\" content=\"index, follow, max-snippet:-1, max-image-preview:large, max-video-preview:-1\" \/>\n<link rel=\"canonical\" href=\"https:\/\/eurotech-iasi.ro\/magazinonline\/produs\/masina-de-gaurit-cu-percutie-bosch-gsb-1600-re\/\" \/>\n<meta property=\"og:locale\" content=\"ro_RO\" \/>\n<meta property=\"og:type\" content=\"article\" \/>\n<meta property=\"og:title\" content=\"Masina de gaurit cu percutie BOSCH GSB 1600 RE - Eurotech Iasi\" \/>\n<meta property=\"og:description\" content=\"Ma\u0219in\u0103 de g\u0103urit cu percu\u021bie BOSCH GSB 1600 RE, cu motor de 701 W, este o unealt\u0103 profesional\u0103 destinat\u0103 activit\u0103\u021bilor de intensitate medie\/sc\u0103zut\u0103.\" \/>\n<meta property=\"og:url\" content=\"https:\/\/eurotech-iasi.ro\/magazinonline\/produs\/masina-de-gaurit-cu-percutie-bosch-gsb-1600-re\/\" \/>\n<meta property=\"og:site_name\" content=\"Eurotech Iasi\" \/>\n<meta property=\"article:publisher\" content=\"https:\/\/www.facebook.com\/EurotechIasi\/\" \/>\n<meta property=\"article:modified_time\" content=\"2023-08-11T06:01:28+00:00\" \/>\n<meta property=\"og:image\" content=\"https:\/\/eurotech-iasi.ro\/magazinonline\/wp-content\/uploads\/2019\/02\/Ma\u0219in\u0103-de-g\u0103urit-cu-percu\u021bie-BOSCH-GSB-1600-RE.jpg\" \/>\n\t<meta property=\"og:image:width\" content=\"710\" \/>\n\t<meta property=\"og:image:height\" content=\"710\" \/>\n\t<meta property=\"og:image:type\" content=\"image\/jpeg\" \/>\n<script type=\"application\/ld+json\" class=\"yoast-schema-graph\">{\"@context\":\"https:\\\/\\\/schema.org\",\"@graph\":[{\"@type\":\"WebPage\",\"@id\":\"https:\\\/\\\/eurotech-iasi.ro\\\/magazinonline\\\/produs\\\/masina-de-gaurit-cu-percutie-bosch-gsb-1600-re\\\/\",\"url\":\"https:\\\/\\\/eurotech-iasi.ro\\\/magazinonline\\\/produs\\\/masina-de-gaurit-cu-percutie-bosch-gsb-1600-re\\\/\",\"name\":\"Masina de gaurit cu percutie BOSCH GSB 1600 RE - Eurotech Iasi\",\"isPartOf\":{\"@id\":\"https:\\\/\\\/eurotech-iasi.ro\\\/magazinonline\\\/#website\"},\"primaryImageOfPage\":{\"@id\":\"https:\\\/\\\/eurotech-iasi.ro\\\/magazinonline\\\/produs\\\/masina-de-gaurit-cu-percutie-bosch-gsb-1600-re\\\/#primaryimage\"},\"image\":{\"@id\":\"https:\\\/\\\/eurotech-iasi.ro\\\/magazinonline\\\/produs\\\/masina-de-gaurit-cu-percutie-bosch-gsb-1600-re\\\/#primaryimage\"},\"thumbnailUrl\":\"https:\\\/\\\/eurotech-iasi.ro\\\/magazinonline\\\/wp-content\\\/uploads\\\/2019\\\/02\\\/Ma\u0219in\u0103-de-g\u0103urit-cu-percu\u021bie-BOSCH-GSB-1600-RE.jpg\",\"datePublished\":\"2019-02-28T10:53:07+00:00\",\"dateModified\":\"2023-08-11T06:01:28+00:00\",\"description\":\"Ma\u0219in\u0103 de g\u0103urit cu percu\u021bie BOSCH GSB 1600 RE, cu motor de 701 W, este o unealt\u0103 profesional\u0103 destinat\u0103 activit\u0103\u021bilor de intensitate medie\\\/sc\u0103zut\u0103.\",\"breadcrumb\":{\"@id\":\"https:\\\/\\\/eurotech-iasi.ro\\\/magazinonline\\\/produs\\\/masina-de-gaurit-cu-percutie-bosch-gsb-1600-re\\\/#breadcrumb\"},\"inLanguage\":\"ro-RO\",\"potentialAction\":[{\"@type\":\"ReadAction\",\"target\":[\"https:\\\/\\\/eurotech-iasi.ro\\\/magazinonline\\\/produs\\\/masina-de-gaurit-cu-percutie-bosch-gsb-1600-re\\\/\"]}]},{\"@type\":\"ImageObject\",\"inLanguage\":\"ro-RO\",\"@id\":\"https:\\\/\\\/eurotech-iasi.ro\\\/magazinonline\\\/produs\\\/masina-de-gaurit-cu-percutie-bosch-gsb-1600-re\\\/#primaryimage\",\"url\":\"https:\\\/\\\/eurotech-iasi.ro\\\/magazinonline\\\/wp-content\\\/uploads\\\/2019\\\/02\\\/Ma\u0219in\u0103-de-g\u0103urit-cu-percu\u021bie-BOSCH-GSB-1600-RE.jpg\",\"contentUrl\":\"https:\\\/\\\/eurotech-iasi.ro\\\/magazinonline\\\/wp-content\\\/uploads\\\/2019\\\/02\\\/Ma\u0219in\u0103-de-g\u0103urit-cu-percu\u021bie-BOSCH-GSB-1600-RE.jpg\",\"width\":710,\"height\":710},{\"@type\":\"BreadcrumbList\",\"@id\":\"https:\\\/\\\/eurotech-iasi.ro\\\/magazinonline\\\/produs\\\/masina-de-gaurit-cu-percutie-bosch-gsb-1600-re\\\/#breadcrumb\",\"itemListElement\":[{\"@type\":\"ListItem\",\"position\":1,\"name\":\"Prima pagin\u0103\",\"item\":\"https:\\\/\\\/eurotech-iasi.ro\\\/magazinonline\\\/\"},{\"@type\":\"ListItem\",\"position\":2,\"name\":\"Shop\",\"item\":\"https:\\\/\\\/eurotech-iasi.ro\\\/magazinonline\\\/shop\\\/\"},{\"@type\":\"ListItem\",\"position\":3,\"name\":\"Masina de gaurit cu percutie BOSCH GSB 1600 RE\"}]},{\"@type\":\"WebSite\",\"@id\":\"https:\\\/\\\/eurotech-iasi.ro\\\/magazinonline\\\/#website\",\"url\":\"https:\\\/\\\/eurotech-iasi.ro\\\/magazinonline\\\/\",\"name\":\"Eurotech Iasi\",\"description\":\"Cu oameni seriosi\",\"publisher\":{\"@id\":\"https:\\\/\\\/eurotech-iasi.ro\\\/magazinonline\\\/#organization\"},\"potentialAction\":[{\"@type\":\"SearchAction\",\"target\":{\"@type\":\"EntryPoint\",\"urlTemplate\":\"https:\\\/\\\/eurotech-iasi.ro\\\/magazinonline\\\/?s={search_term_string}\"},\"query-input\":{\"@type\":\"PropertyValueSpecification\",\"valueRequired\":true,\"valueName\":\"search_term_string\"}}],\"inLanguage\":\"ro-RO\"},{\"@type\":\"Organization\",\"@id\":\"https:\\\/\\\/eurotech-iasi.ro\\\/magazinonline\\\/#organization\",\"name\":\"Eurotech Iasi\",\"url\":\"https:\\\/\\\/eurotech-iasi.ro\\\/magazinonline\\\/\",\"logo\":{\"@type\":\"ImageObject\",\"inLanguage\":\"ro-RO\",\"@id\":\"https:\\\/\\\/eurotech-iasi.ro\\\/magazinonline\\\/#\\\/schema\\\/logo\\\/image\\\/\",\"url\":\"https:\\\/\\\/eurotech-iasi.ro\\\/magazinonline\\\/wp-content\\\/uploads\\\/2020\\\/08\\\/logo-eurotech.png\",\"contentUrl\":\"https:\\\/\\\/eurotech-iasi.ro\\\/magazinonline\\\/wp-content\\\/uploads\\\/2020\\\/08\\\/logo-eurotech.png\",\"width\":290,\"height\":70,\"caption\":\"Eurotech Iasi\"},\"image\":{\"@id\":\"https:\\\/\\\/eurotech-iasi.ro\\\/magazinonline\\\/#\\\/schema\\\/logo\\\/image\\\/\"},\"sameAs\":[\"https:\\\/\\\/www.facebook.com\\\/EurotechIasi\\\/\"]}]}<\/script>\n<!-- \/ Yoast SEO plugin. -->","yoast_head_json":{"title":"Masina de gaurit cu percutie BOSCH GSB 1600 RE - Eurotech Iasi","description":"Ma\u0219in\u0103 de g\u0103urit cu percu\u021bie BOSCH GSB 1600 RE, cu motor de 701 W, este o unealt\u0103 profesional\u0103 destinat\u0103 activit\u0103\u021bilor de intensitate medie\/sc\u0103zut\u0103.","robots":{"index":"index","follow":"follow","max-snippet":"max-snippet:-1","max-image-preview":"max-image-preview:large","max-video-preview":"max-video-preview:-1"},"canonical":"https:\/\/eurotech-iasi.ro\/magazinonline\/produs\/masina-de-gaurit-cu-percutie-bosch-gsb-1600-re\/","og_locale":"ro_RO","og_type":"article","og_title":"Masina de gaurit cu percutie BOSCH GSB 1600 RE - Eurotech Iasi","og_description":"Ma\u0219in\u0103 de g\u0103urit cu percu\u021bie BOSCH GSB 1600 RE, cu motor de 701 W, este o unealt\u0103 profesional\u0103 destinat\u0103 activit\u0103\u021bilor de intensitate medie\/sc\u0103zut\u0103.","og_url":"https:\/\/eurotech-iasi.ro\/magazinonline\/produs\/masina-de-gaurit-cu-percutie-bosch-gsb-1600-re\/","og_site_name":"Eurotech Iasi","article_publisher":"https:\/\/www.facebook.com\/EurotechIasi\/","article_modified_time":"2023-08-11T06:01:28+00:00","og_image":[{"width":710,"height":710,"url":"https:\/\/eurotech-iasi.ro\/magazinonline\/wp-content\/uploads\/2019\/02\/Ma\u0219in\u0103-de-g\u0103urit-cu-percu\u021bie-BOSCH-GSB-1600-RE.jpg","type":"image\/jpeg"}],"schema":{"@context":"https:\/\/schema.org","@graph":[{"@type":"WebPage","@id":"https:\/\/eurotech-iasi.ro\/magazinonline\/produs\/masina-de-gaurit-cu-percutie-bosch-gsb-1600-re\/","url":"https:\/\/eurotech-iasi.ro\/magazinonline\/produs\/masina-de-gaurit-cu-percutie-bosch-gsb-1600-re\/","name":"Masina de gaurit cu percutie BOSCH GSB 1600 RE - Eurotech Iasi","isPartOf":{"@id":"https:\/\/eurotech-iasi.ro\/magazinonline\/#website"},"primaryImageOfPage":{"@id":"https:\/\/eurotech-iasi.ro\/magazinonline\/produs\/masina-de-gaurit-cu-percutie-bosch-gsb-1600-re\/#primaryimage"},"image":{"@id":"https:\/\/eurotech-iasi.ro\/magazinonline\/produs\/masina-de-gaurit-cu-percutie-bosch-gsb-1600-re\/#primaryimage"},"thumbnailUrl":"https:\/\/eurotech-iasi.ro\/magazinonline\/wp-content\/uploads\/2019\/02\/Ma\u0219in\u0103-de-g\u0103urit-cu-percu\u021bie-BOSCH-GSB-1600-RE.jpg","datePublished":"2019-02-28T10:53:07+00:00","dateModified":"2023-08-11T06:01:28+00:00","description":"Ma\u0219in\u0103 de g\u0103urit cu percu\u021bie BOSCH GSB 1600 RE, cu motor de 701 W, este o unealt\u0103 profesional\u0103 destinat\u0103 activit\u0103\u021bilor de intensitate medie\/sc\u0103zut\u0103.","breadcrumb":{"@id":"https:\/\/eurotech-iasi.ro\/magazinonline\/produs\/masina-de-gaurit-cu-percutie-bosch-gsb-1600-re\/#breadcrumb"},"inLanguage":"ro-RO","potentialAction":[{"@type":"ReadAction","target":["https:\/\/eurotech-iasi.ro\/magazinonline\/produs\/masina-de-gaurit-cu-percutie-bosch-gsb-1600-re\/"]}]},{"@type":"ImageObject","inLanguage":"ro-RO","@id":"https:\/\/eurotech-iasi.ro\/magazinonline\/produs\/masina-de-gaurit-cu-percutie-bosch-gsb-1600-re\/#primaryimage","url":"https:\/\/eurotech-iasi.ro\/magazinonline\/wp-content\/uploads\/2019\/02\/Ma\u0219in\u0103-de-g\u0103urit-cu-percu\u021bie-BOSCH-GSB-1600-RE.jpg","contentUrl":"https:\/\/eurotech-iasi.ro\/magazinonline\/wp-content\/uploads\/2019\/02\/Ma\u0219in\u0103-de-g\u0103urit-cu-percu\u021bie-BOSCH-GSB-1600-RE.jpg","width":710,"height":710},{"@type":"BreadcrumbList","@id":"https:\/\/eurotech-iasi.ro\/magazinonline\/produs\/masina-de-gaurit-cu-percutie-bosch-gsb-1600-re\/#breadcrumb","itemListElement":[{"@type":"ListItem","position":1,"name":"Prima pagin\u0103","item":"https:\/\/eurotech-iasi.ro\/magazinonline\/"},{"@type":"ListItem","position":2,"name":"Shop","item":"https:\/\/eurotech-iasi.ro\/magazinonline\/shop\/"},{"@type":"ListItem","position":3,"name":"Masina de gaurit cu percutie BOSCH GSB 1600 RE"}]},{"@type":"WebSite","@id":"https:\/\/eurotech-iasi.ro\/magazinonline\/#website","url":"https:\/\/eurotech-iasi.ro\/magazinonline\/","name":"Eurotech Iasi","description":"Cu oameni seriosi","publisher":{"@id":"https:\/\/eurotech-iasi.ro\/magazinonline\/#organization"},"potentialAction":[{"@type":"SearchAction","target":{"@type":"EntryPoint","urlTemplate":"https:\/\/eurotech-iasi.ro\/magazinonline\/?s={search_term_string}"},"query-input":{"@type":"PropertyValueSpecification","valueRequired":true,"valueName":"search_term_string"}}],"inLanguage":"ro-RO"},{"@type":"Organization","@id":"https:\/\/eurotech-iasi.ro\/magazinonline\/#organization","name":"Eurotech Iasi","url":"https:\/\/eurotech-iasi.ro\/magazinonline\/","logo":{"@type":"ImageObject","inLanguage":"ro-RO","@id":"https:\/\/eurotech-iasi.ro\/magazinonline\/#\/schema\/logo\/image\/","url":"https:\/\/eurotech-iasi.ro\/magazinonline\/wp-content\/uploads\/2020\/08\/logo-eurotech.png","contentUrl":"https:\/\/eurotech-iasi.ro\/magazinonline\/wp-content\/uploads\/2020\/08\/logo-eurotech.png","width":290,"height":70,"caption":"Eurotech Iasi"},"image":{"@id":"https:\/\/eurotech-iasi.ro\/magazinonline\/#\/schema\/logo\/image\/"},"sameAs":["https:\/\/www.facebook.com\/EurotechIasi\/"]}]}},"_links":{"self":[{"href":"https:\/\/eurotech-iasi.ro\/magazinonline\/wp-json\/wp\/v2\/product\/14183","targetHints":{"allow":["GET"]}}],"collection":[{"href":"https:\/\/eurotech-iasi.ro\/magazinonline\/wp-json\/wp\/v2\/product"}],"about":[{"href":"https:\/\/eurotech-iasi.ro\/magazinonline\/wp-json\/wp\/v2\/types\/product"}],"replies":[{"embeddable":true,"href":"https:\/\/eurotech-iasi.ro\/magazinonline\/wp-json\/wp\/v2\/comments?post=14183"}],"wp:featuredmedia":[{"embeddable":true,"href":"https:\/\/eurotech-iasi.ro\/magazinonline\/wp-json\/wp\/v2\/media\/14186"}],"wp:attachment":[{"href":"https:\/\/eurotech-iasi.ro\/magazinonline\/wp-json\/wp\/v2\/media?parent=14183"}],"wp:term":[{"taxonomy":"product_cat","embeddable":true,"href":"https:\/\/eurotech-iasi.ro\/magazinonline\/wp-json\/wp\/v2\/product_cat?post=14183"},{"taxonomy":"product_tag","embeddable":true,"href":"https:\/\/eurotech-iasi.ro\/magazinonline\/wp-json\/wp\/v2\/product_tag?post=14183"},{"taxonomy":"woo-feed-brand","embeddable":true,"href":"https:\/\/eurotech-iasi.ro\/magazinonline\/wp-json\/wp\/v2\/woo-feed-brand?post=14183"}],"curies":[{"name":"wp","href":"https:\/\/api.w.org\/{rel}","templated":true}]}}