{"id":14387,"date":"2019-03-08T10:46:34","date_gmt":"2019-03-08T08:46:34","guid":{"rendered":"https:\/\/eurotech-iasi.ro\/magazinonline\/?post_type=product&#038;p=14387"},"modified":"2025-02-05T12:11:19","modified_gmt":"2025-02-05T10:11:19","slug":"motosapa-medialine-ms-6580-4-basic","status":"publish","type":"product","link":"https:\/\/eurotech-iasi.ro\/magazinonline\/produs\/motosapa-medialine-ms-6580-4-basic\/","title":{"rendered":"Motosapa MediaLine MS 6580\/5 basic"},"content":{"rendered":"<p><strong>Motosapa MEDIALINE MS 6580\/5<\/strong>\u00a0este utilizata pentru <strong>maruntirea pamantului<\/strong> dar si <strong>pentru a ara terenul moale<\/strong>. Este ideala pentru<strong> suprafetele de pana in 1000 mp.<\/strong><\/p>\n<p>Acest model de motosapa este prevazut cu:<\/p>\n<p>-maneta de acceleratie cu sistem de oprire a motorului<br \/>\n-ghidon reglabil in inaltime<br \/>\n-filtru de aer in baie de ulei<br \/>\n-motor puternic de 7 CP<br \/>\n-transmisie pe lant si 2 curele<br \/>\n-roata frontala pentru transport, cu sistem de rabatare<br \/>\n-maneta de transmisie cu protectie impotriva pornirii accidentale conform normei EN 709<br \/>\n-toba de esapament cu protectie sulimentara conform normei EN709<br \/>\n-cutie cu viteze in 3 trepte cu zona neutra intre cele doua sensuri de mers conform normei EN 709<br \/>\n-aparatori de grosimea tablei de 2 mm conform normei EN 709.<br \/>\n-24 cutite si 2 discuri laterale durabile cu o latime de lucru reglabila pana la 80 cm<\/p>\n<p>Putere motor: 7,0 CP<br \/>\nCombustibil: Benzin\u0103 f\u0103r\u0103 plumb<br \/>\nCapacitate rezervor: 3,6 l<br \/>\nPornire: Demaror mecanic<br \/>\nCutia de viteze: 3 viteze (2 inainte + 1 inapoi)<br \/>\nTransmisie: cu lan\u0163 \u0219i curea<br \/>\nGhidonul: reglabil \u00een \u00een\u0103l\u0163ime<br \/>\nFrez\u0103: reglabil\u0103 80 cm, 24 cu\u0163ite<br \/>\nMas\u0103: 73 kg<\/p>\n<p><strong>Dotare standard:<\/strong><br \/>\n&#8211; sistem de reglare a ad\u00e2ncimii de lucru<br \/>\n&#8211; discuri laterale de protec\u0163ie<br \/>\n&#8211; roat\u0103 frontal\u0103 pentru transport<br \/>\n&#8211; set ro\u0163i cauciucate 400 mm<br \/>\n&#8211; accesoriu deschis rigole<\/p>\n<p>&nbsp;<\/p>\n","protected":false},"excerpt":{"rendered":"<p><strong>Motosapa MEDIALINE MS 6580\/5<\/strong>\u00a0este utilizata pentru <strong>maruntirea pamantului<\/strong> dar si <strong>pentru a ara terenul moale<\/strong>. Este ideala pentru<strong> suprafetele de pana in 0,5 ha<\/strong>.<\/p>\n<p>Cod produs:MS6580\/4BAS<\/p>\n<p><span style=\"color: #ff0000;\"><em><strong>*Costul transportului va fi calculat\u00a0 si se va transmite la comanda ferma!<\/strong><\/em><\/span><\/p>\n","protected":false},"featured_media":14389,"comment_status":"open","ping_status":"closed","template":"","meta":{"_acf_changed":false},"product_cat":[4337,4370],"product_tag":[],"woo-feed-brand":[],"class_list":{"0":"post-14387","1":"product","2":"type-product","3":"status-publish","4":"has-post-thumbnail","6":"product_brand-medialine","7":"product_cat-gradinarit-agricultura","8":"product_cat-motosape","9":"pa_brand-medialine","10":"pa_capacitate-rezervor-29-l","11":"pa_combustibil-benzina-fara-plumb-2","12":"pa_cutie-de-viteze-3-viteze-2-inainte-1-inapoi","13":"pa_dimensiuni-1380x750x970","14":"pa_greutate-73-kg","15":"pa_putere-motor-7-cp","17":"first","18":"outofstock","19":"purchasable","20":"product-type-simple"},"acf":[],"yoast_head":"<!-- This site is optimized with the Yoast SEO plugin v27.3 - https:\/\/yoast.com\/product\/yoast-seo-wordpress\/ -->\n<title>Motosapa MediaLine MS 6580\/5 basic - Eurotech Iasi<\/title>\n<meta name=\"robots\" content=\"index, follow, max-snippet:-1, max-image-preview:large, max-video-preview:-1\" \/>\n<link rel=\"canonical\" href=\"https:\/\/eurotech-iasi.ro\/magazinonline\/produs\/motosapa-medialine-ms-6580-4-basic\/\" \/>\n<meta property=\"og:locale\" content=\"ro_RO\" \/>\n<meta property=\"og:type\" content=\"article\" \/>\n<meta property=\"og:title\" content=\"Motosapa MediaLine MS 6580\/5 basic - Eurotech Iasi\" \/>\n<meta property=\"og:description\" content=\"Motosapa MEDIALINE MS 6580\/5\u00a0este utilizata pentru maruntirea pamantului dar si pentru a ara terenul moale. Este ideala pentru suprafetele de pana in 0,5 ha.  Cod produs:MS6580\/4BAS  *Costul transportului va fi calculat\u00a0 si se va transmite la comanda ferma!\" \/>\n<meta property=\"og:url\" content=\"https:\/\/eurotech-iasi.ro\/magazinonline\/produs\/motosapa-medialine-ms-6580-4-basic\/\" \/>\n<meta property=\"og:site_name\" content=\"Eurotech Iasi\" \/>\n<meta property=\"article:publisher\" content=\"https:\/\/www.facebook.com\/EurotechIasi\/\" \/>\n<meta property=\"article:modified_time\" content=\"2025-02-05T10:11:19+00:00\" \/>\n<meta property=\"og:image\" content=\"https:\/\/eurotech-iasi.ro\/magazinonline\/wp-content\/uploads\/2019\/03\/Motosapa-MEDIALINE-MS-6580-4-7-HP-2.9-l-3-viteze-2-inainte-1-inapoi-Basic.jpg\" \/>\n\t<meta property=\"og:image:width\" content=\"710\" \/>\n\t<meta property=\"og:image:height\" content=\"710\" \/>\n\t<meta property=\"og:image:type\" content=\"image\/jpeg\" \/>\n<meta name=\"twitter:label1\" content=\"Timp estimat pentru citire\" \/>\n\t<meta name=\"twitter:data1\" content=\"1 minut\" \/>\n<script type=\"application\/ld+json\" class=\"yoast-schema-graph\">{\"@context\":\"https:\\\/\\\/schema.org\",\"@graph\":[{\"@type\":\"WebPage\",\"@id\":\"https:\\\/\\\/eurotech-iasi.ro\\\/magazinonline\\\/produs\\\/motosapa-medialine-ms-6580-4-basic\\\/\",\"url\":\"https:\\\/\\\/eurotech-iasi.ro\\\/magazinonline\\\/produs\\\/motosapa-medialine-ms-6580-4-basic\\\/\",\"name\":\"Motosapa MediaLine MS 6580\\\/5 basic - Eurotech Iasi\",\"isPartOf\":{\"@id\":\"https:\\\/\\\/eurotech-iasi.ro\\\/magazinonline\\\/#website\"},\"primaryImageOfPage\":{\"@id\":\"https:\\\/\\\/eurotech-iasi.ro\\\/magazinonline\\\/produs\\\/motosapa-medialine-ms-6580-4-basic\\\/#primaryimage\"},\"image\":{\"@id\":\"https:\\\/\\\/eurotech-iasi.ro\\\/magazinonline\\\/produs\\\/motosapa-medialine-ms-6580-4-basic\\\/#primaryimage\"},\"thumbnailUrl\":\"https:\\\/\\\/eurotech-iasi.ro\\\/magazinonline\\\/wp-content\\\/uploads\\\/2019\\\/03\\\/Motosapa-MEDIALINE-MS-6580-4-7-HP-2.9-l-3-viteze-2-inainte-1-inapoi-Basic.jpg\",\"datePublished\":\"2019-03-08T08:46:34+00:00\",\"dateModified\":\"2025-02-05T10:11:19+00:00\",\"breadcrumb\":{\"@id\":\"https:\\\/\\\/eurotech-iasi.ro\\\/magazinonline\\\/produs\\\/motosapa-medialine-ms-6580-4-basic\\\/#breadcrumb\"},\"inLanguage\":\"ro-RO\",\"potentialAction\":[{\"@type\":\"ReadAction\",\"target\":[\"https:\\\/\\\/eurotech-iasi.ro\\\/magazinonline\\\/produs\\\/motosapa-medialine-ms-6580-4-basic\\\/\"]}]},{\"@type\":\"ImageObject\",\"inLanguage\":\"ro-RO\",\"@id\":\"https:\\\/\\\/eurotech-iasi.ro\\\/magazinonline\\\/produs\\\/motosapa-medialine-ms-6580-4-basic\\\/#primaryimage\",\"url\":\"https:\\\/\\\/eurotech-iasi.ro\\\/magazinonline\\\/wp-content\\\/uploads\\\/2019\\\/03\\\/Motosapa-MEDIALINE-MS-6580-4-7-HP-2.9-l-3-viteze-2-inainte-1-inapoi-Basic.jpg\",\"contentUrl\":\"https:\\\/\\\/eurotech-iasi.ro\\\/magazinonline\\\/wp-content\\\/uploads\\\/2019\\\/03\\\/Motosapa-MEDIALINE-MS-6580-4-7-HP-2.9-l-3-viteze-2-inainte-1-inapoi-Basic.jpg\",\"width\":710,\"height\":710,\"caption\":\"Motosapa MediaLine MS 6580\\\/5 basic\"},{\"@type\":\"BreadcrumbList\",\"@id\":\"https:\\\/\\\/eurotech-iasi.ro\\\/magazinonline\\\/produs\\\/motosapa-medialine-ms-6580-4-basic\\\/#breadcrumb\",\"itemListElement\":[{\"@type\":\"ListItem\",\"position\":1,\"name\":\"Prima pagin\u0103\",\"item\":\"https:\\\/\\\/eurotech-iasi.ro\\\/magazinonline\\\/\"},{\"@type\":\"ListItem\",\"position\":2,\"name\":\"Shop\",\"item\":\"https:\\\/\\\/eurotech-iasi.ro\\\/magazinonline\\\/shop\\\/\"},{\"@type\":\"ListItem\",\"position\":3,\"name\":\"Motosapa MediaLine MS 6580\\\/5 basic\"}]},{\"@type\":\"WebSite\",\"@id\":\"https:\\\/\\\/eurotech-iasi.ro\\\/magazinonline\\\/#website\",\"url\":\"https:\\\/\\\/eurotech-iasi.ro\\\/magazinonline\\\/\",\"name\":\"Eurotech Iasi\",\"description\":\"Cu oameni seriosi\",\"publisher\":{\"@id\":\"https:\\\/\\\/eurotech-iasi.ro\\\/magazinonline\\\/#organization\"},\"potentialAction\":[{\"@type\":\"SearchAction\",\"target\":{\"@type\":\"EntryPoint\",\"urlTemplate\":\"https:\\\/\\\/eurotech-iasi.ro\\\/magazinonline\\\/?s={search_term_string}\"},\"query-input\":{\"@type\":\"PropertyValueSpecification\",\"valueRequired\":true,\"valueName\":\"search_term_string\"}}],\"inLanguage\":\"ro-RO\"},{\"@type\":\"Organization\",\"@id\":\"https:\\\/\\\/eurotech-iasi.ro\\\/magazinonline\\\/#organization\",\"name\":\"Eurotech Iasi\",\"url\":\"https:\\\/\\\/eurotech-iasi.ro\\\/magazinonline\\\/\",\"logo\":{\"@type\":\"ImageObject\",\"inLanguage\":\"ro-RO\",\"@id\":\"https:\\\/\\\/eurotech-iasi.ro\\\/magazinonline\\\/#\\\/schema\\\/logo\\\/image\\\/\",\"url\":\"https:\\\/\\\/eurotech-iasi.ro\\\/magazinonline\\\/wp-content\\\/uploads\\\/2020\\\/08\\\/logo-eurotech.png\",\"contentUrl\":\"https:\\\/\\\/eurotech-iasi.ro\\\/magazinonline\\\/wp-content\\\/uploads\\\/2020\\\/08\\\/logo-eurotech.png\",\"width\":290,\"height\":70,\"caption\":\"Eurotech Iasi\"},\"image\":{\"@id\":\"https:\\\/\\\/eurotech-iasi.ro\\\/magazinonline\\\/#\\\/schema\\\/logo\\\/image\\\/\"},\"sameAs\":[\"https:\\\/\\\/www.facebook.com\\\/EurotechIasi\\\/\"]}]}<\/script>\n<!-- \/ Yoast SEO plugin. -->","yoast_head_json":{"title":"Motosapa MediaLine MS 6580\/5 basic - Eurotech Iasi","robots":{"index":"index","follow":"follow","max-snippet":"max-snippet:-1","max-image-preview":"max-image-preview:large","max-video-preview":"max-video-preview:-1"},"canonical":"https:\/\/eurotech-iasi.ro\/magazinonline\/produs\/motosapa-medialine-ms-6580-4-basic\/","og_locale":"ro_RO","og_type":"article","og_title":"Motosapa MediaLine MS 6580\/5 basic - Eurotech Iasi","og_description":"Motosapa MEDIALINE MS 6580\/5\u00a0este utilizata pentru maruntirea pamantului dar si pentru a ara terenul moale. Este ideala pentru suprafetele de pana in 0,5 ha.  Cod produs:MS6580\/4BAS  *Costul transportului va fi calculat\u00a0 si se va transmite la comanda ferma!","og_url":"https:\/\/eurotech-iasi.ro\/magazinonline\/produs\/motosapa-medialine-ms-6580-4-basic\/","og_site_name":"Eurotech Iasi","article_publisher":"https:\/\/www.facebook.com\/EurotechIasi\/","article_modified_time":"2025-02-05T10:11:19+00:00","og_image":[{"width":710,"height":710,"url":"https:\/\/eurotech-iasi.ro\/magazinonline\/wp-content\/uploads\/2019\/03\/Motosapa-MEDIALINE-MS-6580-4-7-HP-2.9-l-3-viteze-2-inainte-1-inapoi-Basic.jpg","type":"image\/jpeg"}],"twitter_misc":{"Timp estimat pentru citire":"1 minut"},"schema":{"@context":"https:\/\/schema.org","@graph":[{"@type":"WebPage","@id":"https:\/\/eurotech-iasi.ro\/magazinonline\/produs\/motosapa-medialine-ms-6580-4-basic\/","url":"https:\/\/eurotech-iasi.ro\/magazinonline\/produs\/motosapa-medialine-ms-6580-4-basic\/","name":"Motosapa MediaLine MS 6580\/5 basic - Eurotech Iasi","isPartOf":{"@id":"https:\/\/eurotech-iasi.ro\/magazinonline\/#website"},"primaryImageOfPage":{"@id":"https:\/\/eurotech-iasi.ro\/magazinonline\/produs\/motosapa-medialine-ms-6580-4-basic\/#primaryimage"},"image":{"@id":"https:\/\/eurotech-iasi.ro\/magazinonline\/produs\/motosapa-medialine-ms-6580-4-basic\/#primaryimage"},"thumbnailUrl":"https:\/\/eurotech-iasi.ro\/magazinonline\/wp-content\/uploads\/2019\/03\/Motosapa-MEDIALINE-MS-6580-4-7-HP-2.9-l-3-viteze-2-inainte-1-inapoi-Basic.jpg","datePublished":"2019-03-08T08:46:34+00:00","dateModified":"2025-02-05T10:11:19+00:00","breadcrumb":{"@id":"https:\/\/eurotech-iasi.ro\/magazinonline\/produs\/motosapa-medialine-ms-6580-4-basic\/#breadcrumb"},"inLanguage":"ro-RO","potentialAction":[{"@type":"ReadAction","target":["https:\/\/eurotech-iasi.ro\/magazinonline\/produs\/motosapa-medialine-ms-6580-4-basic\/"]}]},{"@type":"ImageObject","inLanguage":"ro-RO","@id":"https:\/\/eurotech-iasi.ro\/magazinonline\/produs\/motosapa-medialine-ms-6580-4-basic\/#primaryimage","url":"https:\/\/eurotech-iasi.ro\/magazinonline\/wp-content\/uploads\/2019\/03\/Motosapa-MEDIALINE-MS-6580-4-7-HP-2.9-l-3-viteze-2-inainte-1-inapoi-Basic.jpg","contentUrl":"https:\/\/eurotech-iasi.ro\/magazinonline\/wp-content\/uploads\/2019\/03\/Motosapa-MEDIALINE-MS-6580-4-7-HP-2.9-l-3-viteze-2-inainte-1-inapoi-Basic.jpg","width":710,"height":710,"caption":"Motosapa MediaLine MS 6580\/5 basic"},{"@type":"BreadcrumbList","@id":"https:\/\/eurotech-iasi.ro\/magazinonline\/produs\/motosapa-medialine-ms-6580-4-basic\/#breadcrumb","itemListElement":[{"@type":"ListItem","position":1,"name":"Prima pagin\u0103","item":"https:\/\/eurotech-iasi.ro\/magazinonline\/"},{"@type":"ListItem","position":2,"name":"Shop","item":"https:\/\/eurotech-iasi.ro\/magazinonline\/shop\/"},{"@type":"ListItem","position":3,"name":"Motosapa MediaLine MS 6580\/5 basic"}]},{"@type":"WebSite","@id":"https:\/\/eurotech-iasi.ro\/magazinonline\/#website","url":"https:\/\/eurotech-iasi.ro\/magazinonline\/","name":"Eurotech Iasi","description":"Cu oameni seriosi","publisher":{"@id":"https:\/\/eurotech-iasi.ro\/magazinonline\/#organization"},"potentialAction":[{"@type":"SearchAction","target":{"@type":"EntryPoint","urlTemplate":"https:\/\/eurotech-iasi.ro\/magazinonline\/?s={search_term_string}"},"query-input":{"@type":"PropertyValueSpecification","valueRequired":true,"valueName":"search_term_string"}}],"inLanguage":"ro-RO"},{"@type":"Organization","@id":"https:\/\/eurotech-iasi.ro\/magazinonline\/#organization","name":"Eurotech Iasi","url":"https:\/\/eurotech-iasi.ro\/magazinonline\/","logo":{"@type":"ImageObject","inLanguage":"ro-RO","@id":"https:\/\/eurotech-iasi.ro\/magazinonline\/#\/schema\/logo\/image\/","url":"https:\/\/eurotech-iasi.ro\/magazinonline\/wp-content\/uploads\/2020\/08\/logo-eurotech.png","contentUrl":"https:\/\/eurotech-iasi.ro\/magazinonline\/wp-content\/uploads\/2020\/08\/logo-eurotech.png","width":290,"height":70,"caption":"Eurotech Iasi"},"image":{"@id":"https:\/\/eurotech-iasi.ro\/magazinonline\/#\/schema\/logo\/image\/"},"sameAs":["https:\/\/www.facebook.com\/EurotechIasi\/"]}]}},"_links":{"self":[{"href":"https:\/\/eurotech-iasi.ro\/magazinonline\/wp-json\/wp\/v2\/product\/14387","targetHints":{"allow":["GET"]}}],"collection":[{"href":"https:\/\/eurotech-iasi.ro\/magazinonline\/wp-json\/wp\/v2\/product"}],"about":[{"href":"https:\/\/eurotech-iasi.ro\/magazinonline\/wp-json\/wp\/v2\/types\/product"}],"replies":[{"embeddable":true,"href":"https:\/\/eurotech-iasi.ro\/magazinonline\/wp-json\/wp\/v2\/comments?post=14387"}],"wp:featuredmedia":[{"embeddable":true,"href":"https:\/\/eurotech-iasi.ro\/magazinonline\/wp-json\/wp\/v2\/media\/14389"}],"wp:attachment":[{"href":"https:\/\/eurotech-iasi.ro\/magazinonline\/wp-json\/wp\/v2\/media?parent=14387"}],"wp:term":[{"taxonomy":"product_cat","embeddable":true,"href":"https:\/\/eurotech-iasi.ro\/magazinonline\/wp-json\/wp\/v2\/product_cat?post=14387"},{"taxonomy":"product_tag","embeddable":true,"href":"https:\/\/eurotech-iasi.ro\/magazinonline\/wp-json\/wp\/v2\/product_tag?post=14387"},{"taxonomy":"woo-feed-brand","embeddable":true,"href":"https:\/\/eurotech-iasi.ro\/magazinonline\/wp-json\/wp\/v2\/woo-feed-brand?post=14387"}],"curies":[{"name":"wp","href":"https:\/\/api.w.org\/{rel}","templated":true}]}}