{"id":14548,"date":"2019-03-12T13:40:14","date_gmt":"2019-03-12T11:40:14","guid":{"rendered":"https:\/\/eurotech-iasi.ro\/magazinonline\/?post_type=product&#038;p=14548"},"modified":"2026-04-08T15:01:19","modified_gmt":"2026-04-08T12:01:19","slug":"arzator-rothenberger-us1-tol-rofire-global","status":"publish","type":"product","link":"https:\/\/eurotech-iasi.ro\/magazinonline\/produs\/arzator-rothenberger-us1-tol-rofire-global\/","title":{"rendered":"Arzator Rothenberger US1 tol Rofire Global"},"content":{"rendered":"<p><strong>Arzator Rothenberger US1 tol Rofire Global<\/strong> este un arzator cu prindere ideal pentru lipiri moi sau tari ce poate fi folosit cu rezultate deosebite si pentru lucrari de incalzire, topire, indepartare vopsea, etc.<\/p>\n<p><strong>Avantaje:<\/strong><\/p>\n<ul>\n<li>Incalzire rapida, consum mai mic!<\/li>\n<li>Ajustare precisa a flacarii Imbunatatire mecanism de reglare fina pentru operare cu o singura mana<\/li>\n<li>Aprindere Piezoelectrica (pana la 30.000 de aprinderi)<\/li>\n<li>Maner mai lung pentru o pozitionare mai stabila a cartusului<\/li>\n<li>Func\u021bioneaza pe gaz MAPP US cu filet de 1&#8243;.<\/li>\n<li>buton de reglare exact\u0103 a fl\u0103c\u0103rii;<\/li>\n<li>conexiune\u00a0 US 1&#8221;<\/li>\n<\/ul>\n<p><strong>SPECIFICATII<\/strong><br \/>\nTip &#8211; Arzator<br \/>\nCapacitate &#8211; 15-22<br \/>\nActionare &#8211; Manuala<\/p>\n","protected":false},"excerpt":{"rendered":"<p><strong>Arzator Rothenberger US1 tol Rofire Global<\/strong> este un arzator cu prindere ideal pentru lipiri moi sau tari; poate fi folosit cu rezultate deosebite si pentru lucrari de incalzire, topire, indepartare vopsea, etc. Func\u021bioneaza pe gaz MAPP US.<\/p>\n<p><em><strong>Cod produs: 1500002196<\/strong><\/em><\/p>\n<p><a href=\"https:\/\/eurotech-iasi.ro\/magazinonline\/wp-content\/uploads\/2019\/03\/produs-cadou.png\"><img loading=\"lazy\" decoding=\"async\" class=\"alignnone size-medium wp-image-113640\" src=\"https:\/\/eurotech-iasi.ro\/magazinonline\/wp-content\/uploads\/2019\/03\/produs-cadou-300x161.png\" alt=\"\" width=\"300\" height=\"161\" srcset=\"https:\/\/eurotech-iasi.ro\/magazinonline\/wp-content\/uploads\/2019\/03\/produs-cadou-300x161.png 300w, https:\/\/eurotech-iasi.ro\/magazinonline\/wp-content\/uploads\/2019\/03\/produs-cadou-1024x551.png 1024w, https:\/\/eurotech-iasi.ro\/magazinonline\/wp-content\/uploads\/2019\/03\/produs-cadou-768x413.png 768w, https:\/\/eurotech-iasi.ro\/magazinonline\/wp-content\/uploads\/2019\/03\/produs-cadou-1536x826.png 1536w, https:\/\/eurotech-iasi.ro\/magazinonline\/wp-content\/uploads\/2019\/03\/produs-cadou-600x323.png 600w, https:\/\/eurotech-iasi.ro\/magazinonline\/wp-content\/uploads\/2019\/03\/produs-cadou-220x118.png 220w, https:\/\/eurotech-iasi.ro\/magazinonline\/wp-content\/uploads\/2019\/03\/produs-cadou.png 2000w\" sizes=\"auto, (max-width: 300px) 100vw, 300px\" \/><\/a><\/p>\n","protected":false},"featured_media":97303,"comment_status":"open","ping_status":"closed","template":"","meta":{"_acf_changed":false},"product_cat":[6413,4997,11903,5000],"product_tag":[],"woo-feed-brand":[],"class_list":{"0":"post-14548","1":"product","2":"type-product","3":"status-publish","4":"has-post-thumbnail","6":"product_brand-rothenberger","7":"product_cat-extra-reduceri","8":"product_cat-instalatii","9":"product_cat-promotie-rothenberger","10":"product_cat-tehnica-pentru-lipire-si-sudare","11":"pa_brand-rothenberger","12":"pa_brazare-pana-la-28-mm","13":"pa_lipire-pana-la-35-mm","14":"pa_prindere-us-1","16":"first","17":"instock","18":"sale","19":"purchasable","20":"product-type-simple"},"acf":[],"yoast_head":"<!-- This site is optimized with the Yoast SEO plugin v27.5 - https:\/\/yoast.com\/product\/yoast-seo-wordpress\/ -->\n<title>Arzator Rothenberger US1 tol Rofire Global - Eurotech Iasi<\/title>\n<meta name=\"description\" content=\"Arzator cu prindere US 1\u201d Rofire Global Rothenberger, functioneaza la 360 grade, aprindere piezo-electrica, pana la 30.000 de actionari.\" \/>\n<meta name=\"robots\" content=\"index, follow, max-snippet:-1, max-image-preview:large, max-video-preview:-1\" \/>\n<link rel=\"canonical\" href=\"https:\/\/eurotech-iasi.ro\/magazinonline\/produs\/arzator-rothenberger-us1-tol-rofire-global\/\" \/>\n<meta property=\"og:locale\" content=\"ro_RO\" \/>\n<meta property=\"og:type\" content=\"article\" \/>\n<meta property=\"og:title\" content=\"Arzator Rothenberger US1 tol Rofire Global - Eurotech Iasi\" \/>\n<meta property=\"og:description\" content=\"Arzator cu prindere US 1\u201d Rofire Global Rothenberger, functioneaza la 360 grade, aprindere piezo-electrica, pana la 30.000 de actionari.\" \/>\n<meta property=\"og:url\" content=\"https:\/\/eurotech-iasi.ro\/magazinonline\/produs\/arzator-rothenberger-us1-tol-rofire-global\/\" \/>\n<meta property=\"og:site_name\" content=\"Eurotech Iasi\" \/>\n<meta property=\"article:publisher\" content=\"https:\/\/www.facebook.com\/EurotechIasi\/\" \/>\n<meta property=\"article:modified_time\" content=\"2026-04-08T12:01:19+00:00\" \/>\n<meta property=\"og:image\" content=\"https:\/\/eurotech-iasi.ro\/magazinonline\/wp-content\/uploads\/2019\/03\/1500002196-rothenberger.1633675529.png\" \/>\n\t<meta property=\"og:image:width\" content=\"1024\" \/>\n\t<meta property=\"og:image:height\" content=\"768\" \/>\n\t<meta property=\"og:image:type\" content=\"image\/png\" \/>\n<meta name=\"twitter:label1\" content=\"Timp estimat pentru citire\" \/>\n\t<meta name=\"twitter:data1\" content=\"1 minut\" \/>\n<script type=\"application\/ld+json\" class=\"yoast-schema-graph\">{\"@context\":\"https:\\\/\\\/schema.org\",\"@graph\":[{\"@type\":\"WebPage\",\"@id\":\"https:\\\/\\\/eurotech-iasi.ro\\\/magazinonline\\\/produs\\\/arzator-rothenberger-us1-tol-rofire-global\\\/\",\"url\":\"https:\\\/\\\/eurotech-iasi.ro\\\/magazinonline\\\/produs\\\/arzator-rothenberger-us1-tol-rofire-global\\\/\",\"name\":\"Arzator Rothenberger US1 tol Rofire Global - Eurotech Iasi\",\"isPartOf\":{\"@id\":\"https:\\\/\\\/eurotech-iasi.ro\\\/magazinonline\\\/#website\"},\"primaryImageOfPage\":{\"@id\":\"https:\\\/\\\/eurotech-iasi.ro\\\/magazinonline\\\/produs\\\/arzator-rothenberger-us1-tol-rofire-global\\\/#primaryimage\"},\"image\":{\"@id\":\"https:\\\/\\\/eurotech-iasi.ro\\\/magazinonline\\\/produs\\\/arzator-rothenberger-us1-tol-rofire-global\\\/#primaryimage\"},\"thumbnailUrl\":\"https:\\\/\\\/eurotech-iasi.ro\\\/magazinonline\\\/wp-content\\\/uploads\\\/2019\\\/03\\\/1500002196-rothenberger.1633675529.png\",\"datePublished\":\"2019-03-12T11:40:14+00:00\",\"dateModified\":\"2026-04-08T12:01:19+00:00\",\"description\":\"Arzator cu prindere US 1\u201d Rofire Global Rothenberger, functioneaza la 360 grade, aprindere piezo-electrica, pana la 30.000 de actionari.\",\"breadcrumb\":{\"@id\":\"https:\\\/\\\/eurotech-iasi.ro\\\/magazinonline\\\/produs\\\/arzator-rothenberger-us1-tol-rofire-global\\\/#breadcrumb\"},\"inLanguage\":\"ro-RO\",\"potentialAction\":[{\"@type\":\"ReadAction\",\"target\":[\"https:\\\/\\\/eurotech-iasi.ro\\\/magazinonline\\\/produs\\\/arzator-rothenberger-us1-tol-rofire-global\\\/\"]}]},{\"@type\":\"ImageObject\",\"inLanguage\":\"ro-RO\",\"@id\":\"https:\\\/\\\/eurotech-iasi.ro\\\/magazinonline\\\/produs\\\/arzator-rothenberger-us1-tol-rofire-global\\\/#primaryimage\",\"url\":\"https:\\\/\\\/eurotech-iasi.ro\\\/magazinonline\\\/wp-content\\\/uploads\\\/2019\\\/03\\\/1500002196-rothenberger.1633675529.png\",\"contentUrl\":\"https:\\\/\\\/eurotech-iasi.ro\\\/magazinonline\\\/wp-content\\\/uploads\\\/2019\\\/03\\\/1500002196-rothenberger.1633675529.png\",\"width\":1024,\"height\":768,\"caption\":\"Arzator Rothenberger US1 tol Rofire Global\"},{\"@type\":\"BreadcrumbList\",\"@id\":\"https:\\\/\\\/eurotech-iasi.ro\\\/magazinonline\\\/produs\\\/arzator-rothenberger-us1-tol-rofire-global\\\/#breadcrumb\",\"itemListElement\":[{\"@type\":\"ListItem\",\"position\":1,\"name\":\"Prima pagin\u0103\",\"item\":\"https:\\\/\\\/eurotech-iasi.ro\\\/magazinonline\\\/\"},{\"@type\":\"ListItem\",\"position\":2,\"name\":\"Shop\",\"item\":\"https:\\\/\\\/eurotech-iasi.ro\\\/magazinonline\\\/shop\\\/\"},{\"@type\":\"ListItem\",\"position\":3,\"name\":\"Arzator Rothenberger US1 tol Rofire Global\"}]},{\"@type\":\"WebSite\",\"@id\":\"https:\\\/\\\/eurotech-iasi.ro\\\/magazinonline\\\/#website\",\"url\":\"https:\\\/\\\/eurotech-iasi.ro\\\/magazinonline\\\/\",\"name\":\"Eurotech Iasi\",\"description\":\"Cu oameni seriosi\",\"publisher\":{\"@id\":\"https:\\\/\\\/eurotech-iasi.ro\\\/magazinonline\\\/#organization\"},\"potentialAction\":[{\"@type\":\"SearchAction\",\"target\":{\"@type\":\"EntryPoint\",\"urlTemplate\":\"https:\\\/\\\/eurotech-iasi.ro\\\/magazinonline\\\/?s={search_term_string}\"},\"query-input\":{\"@type\":\"PropertyValueSpecification\",\"valueRequired\":true,\"valueName\":\"search_term_string\"}}],\"inLanguage\":\"ro-RO\"},{\"@type\":\"Organization\",\"@id\":\"https:\\\/\\\/eurotech-iasi.ro\\\/magazinonline\\\/#organization\",\"name\":\"Eurotech Iasi\",\"url\":\"https:\\\/\\\/eurotech-iasi.ro\\\/magazinonline\\\/\",\"logo\":{\"@type\":\"ImageObject\",\"inLanguage\":\"ro-RO\",\"@id\":\"https:\\\/\\\/eurotech-iasi.ro\\\/magazinonline\\\/#\\\/schema\\\/logo\\\/image\\\/\",\"url\":\"https:\\\/\\\/eurotech-iasi.ro\\\/magazinonline\\\/wp-content\\\/uploads\\\/2020\\\/08\\\/logo-eurotech.png\",\"contentUrl\":\"https:\\\/\\\/eurotech-iasi.ro\\\/magazinonline\\\/wp-content\\\/uploads\\\/2020\\\/08\\\/logo-eurotech.png\",\"width\":290,\"height\":70,\"caption\":\"Eurotech Iasi\"},\"image\":{\"@id\":\"https:\\\/\\\/eurotech-iasi.ro\\\/magazinonline\\\/#\\\/schema\\\/logo\\\/image\\\/\"},\"sameAs\":[\"https:\\\/\\\/www.facebook.com\\\/EurotechIasi\\\/\"]}]}<\/script>\n<!-- \/ Yoast SEO plugin. -->","yoast_head_json":{"title":"Arzator Rothenberger US1 tol Rofire Global - Eurotech Iasi","description":"Arzator cu prindere US 1\u201d Rofire Global Rothenberger, functioneaza la 360 grade, aprindere piezo-electrica, pana la 30.000 de actionari.","robots":{"index":"index","follow":"follow","max-snippet":"max-snippet:-1","max-image-preview":"max-image-preview:large","max-video-preview":"max-video-preview:-1"},"canonical":"https:\/\/eurotech-iasi.ro\/magazinonline\/produs\/arzator-rothenberger-us1-tol-rofire-global\/","og_locale":"ro_RO","og_type":"article","og_title":"Arzator Rothenberger US1 tol Rofire Global - Eurotech Iasi","og_description":"Arzator cu prindere US 1\u201d Rofire Global Rothenberger, functioneaza la 360 grade, aprindere piezo-electrica, pana la 30.000 de actionari.","og_url":"https:\/\/eurotech-iasi.ro\/magazinonline\/produs\/arzator-rothenberger-us1-tol-rofire-global\/","og_site_name":"Eurotech Iasi","article_publisher":"https:\/\/www.facebook.com\/EurotechIasi\/","article_modified_time":"2026-04-08T12:01:19+00:00","og_image":[{"width":1024,"height":768,"url":"https:\/\/eurotech-iasi.ro\/magazinonline\/wp-content\/uploads\/2019\/03\/1500002196-rothenberger.1633675529.png","type":"image\/png"}],"twitter_misc":{"Timp estimat pentru citire":"1 minut"},"schema":{"@context":"https:\/\/schema.org","@graph":[{"@type":"WebPage","@id":"https:\/\/eurotech-iasi.ro\/magazinonline\/produs\/arzator-rothenberger-us1-tol-rofire-global\/","url":"https:\/\/eurotech-iasi.ro\/magazinonline\/produs\/arzator-rothenberger-us1-tol-rofire-global\/","name":"Arzator Rothenberger US1 tol Rofire Global - Eurotech Iasi","isPartOf":{"@id":"https:\/\/eurotech-iasi.ro\/magazinonline\/#website"},"primaryImageOfPage":{"@id":"https:\/\/eurotech-iasi.ro\/magazinonline\/produs\/arzator-rothenberger-us1-tol-rofire-global\/#primaryimage"},"image":{"@id":"https:\/\/eurotech-iasi.ro\/magazinonline\/produs\/arzator-rothenberger-us1-tol-rofire-global\/#primaryimage"},"thumbnailUrl":"https:\/\/eurotech-iasi.ro\/magazinonline\/wp-content\/uploads\/2019\/03\/1500002196-rothenberger.1633675529.png","datePublished":"2019-03-12T11:40:14+00:00","dateModified":"2026-04-08T12:01:19+00:00","description":"Arzator cu prindere US 1\u201d Rofire Global Rothenberger, functioneaza la 360 grade, aprindere piezo-electrica, pana la 30.000 de actionari.","breadcrumb":{"@id":"https:\/\/eurotech-iasi.ro\/magazinonline\/produs\/arzator-rothenberger-us1-tol-rofire-global\/#breadcrumb"},"inLanguage":"ro-RO","potentialAction":[{"@type":"ReadAction","target":["https:\/\/eurotech-iasi.ro\/magazinonline\/produs\/arzator-rothenberger-us1-tol-rofire-global\/"]}]},{"@type":"ImageObject","inLanguage":"ro-RO","@id":"https:\/\/eurotech-iasi.ro\/magazinonline\/produs\/arzator-rothenberger-us1-tol-rofire-global\/#primaryimage","url":"https:\/\/eurotech-iasi.ro\/magazinonline\/wp-content\/uploads\/2019\/03\/1500002196-rothenberger.1633675529.png","contentUrl":"https:\/\/eurotech-iasi.ro\/magazinonline\/wp-content\/uploads\/2019\/03\/1500002196-rothenberger.1633675529.png","width":1024,"height":768,"caption":"Arzator Rothenberger US1 tol Rofire Global"},{"@type":"BreadcrumbList","@id":"https:\/\/eurotech-iasi.ro\/magazinonline\/produs\/arzator-rothenberger-us1-tol-rofire-global\/#breadcrumb","itemListElement":[{"@type":"ListItem","position":1,"name":"Prima pagin\u0103","item":"https:\/\/eurotech-iasi.ro\/magazinonline\/"},{"@type":"ListItem","position":2,"name":"Shop","item":"https:\/\/eurotech-iasi.ro\/magazinonline\/shop\/"},{"@type":"ListItem","position":3,"name":"Arzator Rothenberger US1 tol Rofire Global"}]},{"@type":"WebSite","@id":"https:\/\/eurotech-iasi.ro\/magazinonline\/#website","url":"https:\/\/eurotech-iasi.ro\/magazinonline\/","name":"Eurotech Iasi","description":"Cu oameni seriosi","publisher":{"@id":"https:\/\/eurotech-iasi.ro\/magazinonline\/#organization"},"potentialAction":[{"@type":"SearchAction","target":{"@type":"EntryPoint","urlTemplate":"https:\/\/eurotech-iasi.ro\/magazinonline\/?s={search_term_string}"},"query-input":{"@type":"PropertyValueSpecification","valueRequired":true,"valueName":"search_term_string"}}],"inLanguage":"ro-RO"},{"@type":"Organization","@id":"https:\/\/eurotech-iasi.ro\/magazinonline\/#organization","name":"Eurotech Iasi","url":"https:\/\/eurotech-iasi.ro\/magazinonline\/","logo":{"@type":"ImageObject","inLanguage":"ro-RO","@id":"https:\/\/eurotech-iasi.ro\/magazinonline\/#\/schema\/logo\/image\/","url":"https:\/\/eurotech-iasi.ro\/magazinonline\/wp-content\/uploads\/2020\/08\/logo-eurotech.png","contentUrl":"https:\/\/eurotech-iasi.ro\/magazinonline\/wp-content\/uploads\/2020\/08\/logo-eurotech.png","width":290,"height":70,"caption":"Eurotech Iasi"},"image":{"@id":"https:\/\/eurotech-iasi.ro\/magazinonline\/#\/schema\/logo\/image\/"},"sameAs":["https:\/\/www.facebook.com\/EurotechIasi\/"]}]}},"_links":{"self":[{"href":"https:\/\/eurotech-iasi.ro\/magazinonline\/wp-json\/wp\/v2\/product\/14548","targetHints":{"allow":["GET"]}}],"collection":[{"href":"https:\/\/eurotech-iasi.ro\/magazinonline\/wp-json\/wp\/v2\/product"}],"about":[{"href":"https:\/\/eurotech-iasi.ro\/magazinonline\/wp-json\/wp\/v2\/types\/product"}],"replies":[{"embeddable":true,"href":"https:\/\/eurotech-iasi.ro\/magazinonline\/wp-json\/wp\/v2\/comments?post=14548"}],"wp:featuredmedia":[{"embeddable":true,"href":"https:\/\/eurotech-iasi.ro\/magazinonline\/wp-json\/wp\/v2\/media\/97303"}],"wp:attachment":[{"href":"https:\/\/eurotech-iasi.ro\/magazinonline\/wp-json\/wp\/v2\/media?parent=14548"}],"wp:term":[{"taxonomy":"product_cat","embeddable":true,"href":"https:\/\/eurotech-iasi.ro\/magazinonline\/wp-json\/wp\/v2\/product_cat?post=14548"},{"taxonomy":"product_tag","embeddable":true,"href":"https:\/\/eurotech-iasi.ro\/magazinonline\/wp-json\/wp\/v2\/product_tag?post=14548"},{"taxonomy":"woo-feed-brand","embeddable":true,"href":"https:\/\/eurotech-iasi.ro\/magazinonline\/wp-json\/wp\/v2\/woo-feed-brand?post=14548"}],"curies":[{"name":"wp","href":"https:\/\/api.w.org\/{rel}","templated":true}]}}