{"id":14980,"date":"2019-03-26T16:02:53","date_gmt":"2019-03-26T14:02:53","guid":{"rendered":"https:\/\/eurotech-iasi.ro\/magazinonline\/?post_type=product&#038;p=14980"},"modified":"2025-02-04T13:48:47","modified_gmt":"2025-02-04T11:48:47","slug":"motocoasa-electrica-stihl-fse-31","status":"publish","type":"product","link":"https:\/\/eurotech-iasi.ro\/magazinonline\/produs\/motocoasa-electrica-stihl-fse-31\/","title":{"rendered":"Motocoasa electrica STIHL FSE 31"},"content":{"rendered":"<p><strong>Motocoasa electrica Stihl FSE 31<\/strong> este <strong><em>silentioasa<\/em><\/strong> si <em><strong>usor de manevrat<\/strong><\/em>. Prevazuta cu motor electric, inovator, functioneaza aproape fara uzura si asigura o <em><strong>eficienta energetica ridicata<\/strong><\/em>. <strong>FSE 31<\/strong> este dotata cu dispozitiv de taiere cu fir nylon. Este o motocoasa foarte usor de manevrat si foarte<em><strong> silentioasa, <\/strong><\/em>cu o capacitate ridicata de <em><strong>cosire<\/strong><\/em> a firului taietor. Motocoasa electrica <strong>STIHL FSE 31<\/strong> mai este dotata si cu dispozitiv de taiere cu fir nylon si ochelari de protectie.<\/p>\n<p><span id=\"UTGWFP4\"><strong>Motocoasa electrica FSE 31<\/strong>\u00a0 de la <strong>Stihl<\/strong> u\u0219oara \u0219i silen\u021bioasa impresioneaz\u0103 prin lucr\u0103rile de tundere \u0219i cur\u0103\u021bare \u00een zonele apropiate casei . Trimmerul de 2,2 kg isi indeplineste sarcinile in gradina linistit si eficient. Protec\u021bia auditiv\u0103 nu este necesar\u0103. Aceasta \u00eenseamn\u0103 c\u0103 pute\u021bi t\u0103ia marginile gazonului sau tunde\u021bi zone mai mici de iarb\u0103 chiar \u0219i \u00een zone sensibile la zgomot .<\/span><\/p>\n<p>Datorit\u0103 m\u00e2nerului cu arc reglabil, pute\u021bi ajusta \u00een orice moment trimmerul STIHL FSE 31 la dimensiunea corpului dumneavoastr\u0103 . Acest lucru v\u0103 permite s\u0103 lucra\u021bi \u00een mod deosebit ergonomic. M\u00e2nerul arcului v\u0103 ajut\u0103 \u0219i la t\u0103ierea \u0219i tunderea precis\u0103. Pute\u021bi regla m\u00e2nerul arcului f\u0103r\u0103 unelte. Datorit\u0103 capului de cosit pivotant, pute\u021bi ajunge \u0219i \u00een locuri greu accesibile pe sc\u0103ri sau poteci \u0219i \u00een jurul tufi\u0219urilor. Dispozitivul de detensionare al cablului asigur\u0103 c\u0103 mufa nu este separat\u0103 atunci c\u00e2nd str\u00e2nge\u021bi cablul.<\/p>\n<ul>\n<li><strong>Ma\u0219in\u0103 de tuns electric STIHL u\u0219oar\u0103 pentru utilizare \u00een cas\u0103 \u0219i \u00een gr\u0103din\u0103<\/strong><\/li>\n<li><strong>Greutatea dispozitivului de numai 2,2 kg<\/strong><\/li>\n<li><strong>Capul de cosit pivotant ajunge si in locuri greu accesibile<\/strong><\/li>\n<li><strong>M\u00e2ner cu arc reglabil pentru a se adapta la dimensiunea corpului<\/strong><\/li>\n<\/ul>\n<h2>DETALII TEHNICE &#8211; Motocoasa electrica Stihl FSE 31:<\/h2>\n<ul>\n<li>Tensiune nominal\u0103 &#8211; 230V<\/li>\n<li>Consumul de energie &#8211; 0,2 kW<\/li>\n<li>Greutate &#8211; 2,2 kg<\/li>\n<li>Nivelul de presiune al sunetului &#8211; 82 dB(A)<\/li>\n<li>Nivel de putere sonor\u0103 &#8211; 92 dB(A) 2 )<\/li>\n<li>Valoarea vibra\u021biei st\u00e2nga\/dreapta &#8211; 1,2\/1,8 m\/s\u00b2<\/li>\n<li>Lungime total\u0103 &#8211; 110 cm4<\/li>\n<li>Diametrul cercului de t\u0103iere &#8211; 245 mm<\/li>\n<li>Instrument de t\u0103iere standard &#8211; Bobin\u0103 de fir AutoCut cu 1,6 mm<\/li>\n<\/ul>\n<p>INSTRUCTIUNI DE UTILIZARE \u2013\u00a0<a href=\"https:\/\/static.stihl.com\/api\/BaOnline\/Download\/ZBA0458-280-9821-B%20%20%20%20%20%20%20%20%20%2001ZBA\/0458-280-9821-B_ZBA_01_02.pdf\">Descarca de aici instructiuni generale privind siguranta de utilizare<\/a><\/p>\n","protected":false},"excerpt":{"rendered":"<p><strong>Motocoasa electrica Stihl FSE 31 este un trimmer <\/strong>u\u0219or pentru utilizare \u00een gr\u0103din\u0103 \u0219i \u00een spa\u021biile exterioare <span id=\"UTGWFP4\">ideala pentru taierea marginilor de gazon si pentru lucrarile de cosmetizare din jurul pomilor, drumurilor si scarilor din gradinile private.<\/span><\/p>\n<p><em><strong>Cod produs: 48150114103<\/strong><\/em><\/p>\n<p><span style=\"color: #ff0000;\"><em><a href=\"https:\/\/eurotech-iasi.ro\/magazinonline\/?attachment_id=87685\" rel=\"attachment wp-att-87685\"><img loading=\"lazy\" decoding=\"async\" class=\"wp-image-87685 aligncenter\" src=\"https:\/\/eurotech-iasi.ro\/magazinonline\/wp-content\/uploads\/2019\/06\/2-1-150x150.png\" alt=\"\" width=\"72\" height=\"72\" srcset=\"https:\/\/eurotech-iasi.ro\/magazinonline\/wp-content\/uploads\/2019\/06\/2-1-150x150.png 150w, https:\/\/eurotech-iasi.ro\/magazinonline\/wp-content\/uploads\/2019\/06\/2-1-100x100.png 100w, https:\/\/eurotech-iasi.ro\/magazinonline\/wp-content\/uploads\/2019\/06\/2-1.png 200w\" sizes=\"auto, (max-width: 72px) 100vw, 72px\" \/><\/a><\/em><\/span><\/p>\n<h5><span style=\"color: #eb782b;\"><em><strong>\u00a0<a href=\"https:\/\/eurotech-iasi.ro\/magazinonline\/termeni-si-conditii\/\">*Garan\u021bie 2 ani<\/a> + 6 luni Extra Garan\u021bie. <\/strong><\/em><\/span><\/h5>\n<h5><span style=\"color: #eb782b;\"><em><strong>\u00cenregistreaz\u0103\u00a0 produsul achizi\u021bionat de la noi, \u00een termen de <\/strong><\/em><\/span><span style=\"color: #003366;\"><em><strong>30 de zile de la cump\u0103rare<\/strong><\/em><\/span><span style=\"color: #eb782b;\"><em><strong>, pe site-ul oficial STIHL la adresa<a href=\"https:\/\/preg.stihl.com\/product?lang=RO_ro&amp;country=RO\">\u00a0preg.stihl.com<\/a> \u0219i profit\u0103 de prelungirea gratuit\u0103 a garan\u021biei cu 6 luni !<\/strong><\/em><\/span><\/h5>\n<p>&nbsp;<\/p>\n<h5><\/h5>\n","protected":false},"featured_media":108362,"comment_status":"open","ping_status":"closed","template":"","meta":{"_acf_changed":false},"product_cat":[4337,4367],"product_tag":[6651,6652,6653],"woo-feed-brand":[],"class_list":{"0":"post-14980","1":"product","2":"type-product","3":"status-publish","4":"has-post-thumbnail","6":"product_brand-stihl","7":"product_cat-gradinarit-agricultura","8":"product_cat-trimmere-de-gazon","9":"product_tag-coasa-electrica","10":"product_tag-coasa-electrica-stihl","11":"product_tag-trimmer-electric-stihl","12":"pa_brand-stihl","13":"pa_frecventa-50-hz","14":"pa_greutate-22-kg","15":"pa_putere-245-w","16":"pa_tensiune-alimentare-230-v","18":"first","19":"instock","20":"purchasable","21":"product-type-simple"},"acf":[],"yoast_head":"<!-- This site is optimized with the Yoast SEO plugin v27.5 - https:\/\/yoast.com\/product\/yoast-seo-wordpress\/ -->\n<title>Motocoasa electrica STIHL FSE 31 - Eurotech Iasi<\/title>\n<meta name=\"description\" content=\"Motocoasa electrica STIHL FSE 31, tensiune alimentare 230 V, putere 245,0 W, dispozitiv de taiere cu fir nylon, ochelari de protectie, greutate 2,2 Kg,\" \/>\n<meta name=\"robots\" content=\"index, follow, max-snippet:-1, max-image-preview:large, max-video-preview:-1\" \/>\n<link rel=\"canonical\" href=\"https:\/\/eurotech-iasi.ro\/magazinonline\/produs\/motocoasa-electrica-stihl-fse-31\/\" \/>\n<meta property=\"og:locale\" content=\"ro_RO\" \/>\n<meta property=\"og:type\" content=\"article\" \/>\n<meta property=\"og:title\" content=\"Motocoasa electrica STIHL FSE 31 - Eurotech Iasi\" \/>\n<meta property=\"og:description\" content=\"Motocoasa electrica STIHL FSE 31, tensiune alimentare 230 V, putere 245,0 W, dispozitiv de taiere cu fir nylon, ochelari de protectie, greutate 2,2 Kg,\" \/>\n<meta property=\"og:url\" content=\"https:\/\/eurotech-iasi.ro\/magazinonline\/produs\/motocoasa-electrica-stihl-fse-31\/\" \/>\n<meta property=\"og:site_name\" content=\"Eurotech Iasi\" \/>\n<meta property=\"article:publisher\" content=\"https:\/\/www.facebook.com\/EurotechIasi\/\" \/>\n<meta property=\"article:modified_time\" content=\"2025-02-04T11:48:47+00:00\" \/>\n<meta property=\"og:image\" content=\"https:\/\/eurotech-iasi.ro\/magazinonline\/wp-content\/uploads\/2019\/03\/Motocoasa-electrica-STIHL-FSE-31-2-2.png\" \/>\n\t<meta property=\"og:image:width\" content=\"750\" \/>\n\t<meta property=\"og:image:height\" content=\"750\" \/>\n\t<meta property=\"og:image:type\" content=\"image\/png\" \/>\n<meta name=\"twitter:label1\" content=\"Timp estimat pentru citire\" \/>\n\t<meta name=\"twitter:data1\" content=\"2 minute\" \/>\n<script type=\"application\/ld+json\" class=\"yoast-schema-graph\">{\"@context\":\"https:\\\/\\\/schema.org\",\"@graph\":[{\"@type\":\"WebPage\",\"@id\":\"https:\\\/\\\/eurotech-iasi.ro\\\/magazinonline\\\/produs\\\/motocoasa-electrica-stihl-fse-31\\\/\",\"url\":\"https:\\\/\\\/eurotech-iasi.ro\\\/magazinonline\\\/produs\\\/motocoasa-electrica-stihl-fse-31\\\/\",\"name\":\"Motocoasa electrica STIHL FSE 31 - Eurotech Iasi\",\"isPartOf\":{\"@id\":\"https:\\\/\\\/eurotech-iasi.ro\\\/magazinonline\\\/#website\"},\"primaryImageOfPage\":{\"@id\":\"https:\\\/\\\/eurotech-iasi.ro\\\/magazinonline\\\/produs\\\/motocoasa-electrica-stihl-fse-31\\\/#primaryimage\"},\"image\":{\"@id\":\"https:\\\/\\\/eurotech-iasi.ro\\\/magazinonline\\\/produs\\\/motocoasa-electrica-stihl-fse-31\\\/#primaryimage\"},\"thumbnailUrl\":\"https:\\\/\\\/eurotech-iasi.ro\\\/magazinonline\\\/wp-content\\\/uploads\\\/2019\\\/03\\\/Motocoasa-electrica-STIHL-FSE-31-2-2.png\",\"datePublished\":\"2019-03-26T14:02:53+00:00\",\"dateModified\":\"2025-02-04T11:48:47+00:00\",\"description\":\"Motocoasa electrica STIHL FSE 31, tensiune alimentare 230 V, putere 245,0 W, dispozitiv de taiere cu fir nylon, ochelari de protectie, greutate 2,2 Kg,\",\"breadcrumb\":{\"@id\":\"https:\\\/\\\/eurotech-iasi.ro\\\/magazinonline\\\/produs\\\/motocoasa-electrica-stihl-fse-31\\\/#breadcrumb\"},\"inLanguage\":\"ro-RO\",\"potentialAction\":[{\"@type\":\"ReadAction\",\"target\":[\"https:\\\/\\\/eurotech-iasi.ro\\\/magazinonline\\\/produs\\\/motocoasa-electrica-stihl-fse-31\\\/\"]}]},{\"@type\":\"ImageObject\",\"inLanguage\":\"ro-RO\",\"@id\":\"https:\\\/\\\/eurotech-iasi.ro\\\/magazinonline\\\/produs\\\/motocoasa-electrica-stihl-fse-31\\\/#primaryimage\",\"url\":\"https:\\\/\\\/eurotech-iasi.ro\\\/magazinonline\\\/wp-content\\\/uploads\\\/2019\\\/03\\\/Motocoasa-electrica-STIHL-FSE-31-2-2.png\",\"contentUrl\":\"https:\\\/\\\/eurotech-iasi.ro\\\/magazinonline\\\/wp-content\\\/uploads\\\/2019\\\/03\\\/Motocoasa-electrica-STIHL-FSE-31-2-2.png\",\"width\":750,\"height\":750,\"caption\":\"Motocoasa electrica STIHL FSE 31\"},{\"@type\":\"BreadcrumbList\",\"@id\":\"https:\\\/\\\/eurotech-iasi.ro\\\/magazinonline\\\/produs\\\/motocoasa-electrica-stihl-fse-31\\\/#breadcrumb\",\"itemListElement\":[{\"@type\":\"ListItem\",\"position\":1,\"name\":\"Prima pagin\u0103\",\"item\":\"https:\\\/\\\/eurotech-iasi.ro\\\/magazinonline\\\/\"},{\"@type\":\"ListItem\",\"position\":2,\"name\":\"Shop\",\"item\":\"https:\\\/\\\/eurotech-iasi.ro\\\/magazinonline\\\/shop\\\/\"},{\"@type\":\"ListItem\",\"position\":3,\"name\":\"Motocoasa electrica STIHL FSE 31\"}]},{\"@type\":\"WebSite\",\"@id\":\"https:\\\/\\\/eurotech-iasi.ro\\\/magazinonline\\\/#website\",\"url\":\"https:\\\/\\\/eurotech-iasi.ro\\\/magazinonline\\\/\",\"name\":\"Eurotech Iasi\",\"description\":\"Cu oameni seriosi\",\"publisher\":{\"@id\":\"https:\\\/\\\/eurotech-iasi.ro\\\/magazinonline\\\/#organization\"},\"potentialAction\":[{\"@type\":\"SearchAction\",\"target\":{\"@type\":\"EntryPoint\",\"urlTemplate\":\"https:\\\/\\\/eurotech-iasi.ro\\\/magazinonline\\\/?s={search_term_string}\"},\"query-input\":{\"@type\":\"PropertyValueSpecification\",\"valueRequired\":true,\"valueName\":\"search_term_string\"}}],\"inLanguage\":\"ro-RO\"},{\"@type\":\"Organization\",\"@id\":\"https:\\\/\\\/eurotech-iasi.ro\\\/magazinonline\\\/#organization\",\"name\":\"Eurotech Iasi\",\"url\":\"https:\\\/\\\/eurotech-iasi.ro\\\/magazinonline\\\/\",\"logo\":{\"@type\":\"ImageObject\",\"inLanguage\":\"ro-RO\",\"@id\":\"https:\\\/\\\/eurotech-iasi.ro\\\/magazinonline\\\/#\\\/schema\\\/logo\\\/image\\\/\",\"url\":\"https:\\\/\\\/eurotech-iasi.ro\\\/magazinonline\\\/wp-content\\\/uploads\\\/2020\\\/08\\\/logo-eurotech.png\",\"contentUrl\":\"https:\\\/\\\/eurotech-iasi.ro\\\/magazinonline\\\/wp-content\\\/uploads\\\/2020\\\/08\\\/logo-eurotech.png\",\"width\":290,\"height\":70,\"caption\":\"Eurotech Iasi\"},\"image\":{\"@id\":\"https:\\\/\\\/eurotech-iasi.ro\\\/magazinonline\\\/#\\\/schema\\\/logo\\\/image\\\/\"},\"sameAs\":[\"https:\\\/\\\/www.facebook.com\\\/EurotechIasi\\\/\"]}]}<\/script>\n<!-- \/ Yoast SEO plugin. -->","yoast_head_json":{"title":"Motocoasa electrica STIHL FSE 31 - Eurotech Iasi","description":"Motocoasa electrica STIHL FSE 31, tensiune alimentare 230 V, putere 245,0 W, dispozitiv de taiere cu fir nylon, ochelari de protectie, greutate 2,2 Kg,","robots":{"index":"index","follow":"follow","max-snippet":"max-snippet:-1","max-image-preview":"max-image-preview:large","max-video-preview":"max-video-preview:-1"},"canonical":"https:\/\/eurotech-iasi.ro\/magazinonline\/produs\/motocoasa-electrica-stihl-fse-31\/","og_locale":"ro_RO","og_type":"article","og_title":"Motocoasa electrica STIHL FSE 31 - Eurotech Iasi","og_description":"Motocoasa electrica STIHL FSE 31, tensiune alimentare 230 V, putere 245,0 W, dispozitiv de taiere cu fir nylon, ochelari de protectie, greutate 2,2 Kg,","og_url":"https:\/\/eurotech-iasi.ro\/magazinonline\/produs\/motocoasa-electrica-stihl-fse-31\/","og_site_name":"Eurotech Iasi","article_publisher":"https:\/\/www.facebook.com\/EurotechIasi\/","article_modified_time":"2025-02-04T11:48:47+00:00","og_image":[{"width":750,"height":750,"url":"https:\/\/eurotech-iasi.ro\/magazinonline\/wp-content\/uploads\/2019\/03\/Motocoasa-electrica-STIHL-FSE-31-2-2.png","type":"image\/png"}],"twitter_misc":{"Timp estimat pentru citire":"2 minute"},"schema":{"@context":"https:\/\/schema.org","@graph":[{"@type":"WebPage","@id":"https:\/\/eurotech-iasi.ro\/magazinonline\/produs\/motocoasa-electrica-stihl-fse-31\/","url":"https:\/\/eurotech-iasi.ro\/magazinonline\/produs\/motocoasa-electrica-stihl-fse-31\/","name":"Motocoasa electrica STIHL FSE 31 - Eurotech Iasi","isPartOf":{"@id":"https:\/\/eurotech-iasi.ro\/magazinonline\/#website"},"primaryImageOfPage":{"@id":"https:\/\/eurotech-iasi.ro\/magazinonline\/produs\/motocoasa-electrica-stihl-fse-31\/#primaryimage"},"image":{"@id":"https:\/\/eurotech-iasi.ro\/magazinonline\/produs\/motocoasa-electrica-stihl-fse-31\/#primaryimage"},"thumbnailUrl":"https:\/\/eurotech-iasi.ro\/magazinonline\/wp-content\/uploads\/2019\/03\/Motocoasa-electrica-STIHL-FSE-31-2-2.png","datePublished":"2019-03-26T14:02:53+00:00","dateModified":"2025-02-04T11:48:47+00:00","description":"Motocoasa electrica STIHL FSE 31, tensiune alimentare 230 V, putere 245,0 W, dispozitiv de taiere cu fir nylon, ochelari de protectie, greutate 2,2 Kg,","breadcrumb":{"@id":"https:\/\/eurotech-iasi.ro\/magazinonline\/produs\/motocoasa-electrica-stihl-fse-31\/#breadcrumb"},"inLanguage":"ro-RO","potentialAction":[{"@type":"ReadAction","target":["https:\/\/eurotech-iasi.ro\/magazinonline\/produs\/motocoasa-electrica-stihl-fse-31\/"]}]},{"@type":"ImageObject","inLanguage":"ro-RO","@id":"https:\/\/eurotech-iasi.ro\/magazinonline\/produs\/motocoasa-electrica-stihl-fse-31\/#primaryimage","url":"https:\/\/eurotech-iasi.ro\/magazinonline\/wp-content\/uploads\/2019\/03\/Motocoasa-electrica-STIHL-FSE-31-2-2.png","contentUrl":"https:\/\/eurotech-iasi.ro\/magazinonline\/wp-content\/uploads\/2019\/03\/Motocoasa-electrica-STIHL-FSE-31-2-2.png","width":750,"height":750,"caption":"Motocoasa electrica STIHL FSE 31"},{"@type":"BreadcrumbList","@id":"https:\/\/eurotech-iasi.ro\/magazinonline\/produs\/motocoasa-electrica-stihl-fse-31\/#breadcrumb","itemListElement":[{"@type":"ListItem","position":1,"name":"Prima pagin\u0103","item":"https:\/\/eurotech-iasi.ro\/magazinonline\/"},{"@type":"ListItem","position":2,"name":"Shop","item":"https:\/\/eurotech-iasi.ro\/magazinonline\/shop\/"},{"@type":"ListItem","position":3,"name":"Motocoasa electrica STIHL FSE 31"}]},{"@type":"WebSite","@id":"https:\/\/eurotech-iasi.ro\/magazinonline\/#website","url":"https:\/\/eurotech-iasi.ro\/magazinonline\/","name":"Eurotech Iasi","description":"Cu oameni seriosi","publisher":{"@id":"https:\/\/eurotech-iasi.ro\/magazinonline\/#organization"},"potentialAction":[{"@type":"SearchAction","target":{"@type":"EntryPoint","urlTemplate":"https:\/\/eurotech-iasi.ro\/magazinonline\/?s={search_term_string}"},"query-input":{"@type":"PropertyValueSpecification","valueRequired":true,"valueName":"search_term_string"}}],"inLanguage":"ro-RO"},{"@type":"Organization","@id":"https:\/\/eurotech-iasi.ro\/magazinonline\/#organization","name":"Eurotech Iasi","url":"https:\/\/eurotech-iasi.ro\/magazinonline\/","logo":{"@type":"ImageObject","inLanguage":"ro-RO","@id":"https:\/\/eurotech-iasi.ro\/magazinonline\/#\/schema\/logo\/image\/","url":"https:\/\/eurotech-iasi.ro\/magazinonline\/wp-content\/uploads\/2020\/08\/logo-eurotech.png","contentUrl":"https:\/\/eurotech-iasi.ro\/magazinonline\/wp-content\/uploads\/2020\/08\/logo-eurotech.png","width":290,"height":70,"caption":"Eurotech Iasi"},"image":{"@id":"https:\/\/eurotech-iasi.ro\/magazinonline\/#\/schema\/logo\/image\/"},"sameAs":["https:\/\/www.facebook.com\/EurotechIasi\/"]}]}},"_links":{"self":[{"href":"https:\/\/eurotech-iasi.ro\/magazinonline\/wp-json\/wp\/v2\/product\/14980","targetHints":{"allow":["GET"]}}],"collection":[{"href":"https:\/\/eurotech-iasi.ro\/magazinonline\/wp-json\/wp\/v2\/product"}],"about":[{"href":"https:\/\/eurotech-iasi.ro\/magazinonline\/wp-json\/wp\/v2\/types\/product"}],"replies":[{"embeddable":true,"href":"https:\/\/eurotech-iasi.ro\/magazinonline\/wp-json\/wp\/v2\/comments?post=14980"}],"wp:featuredmedia":[{"embeddable":true,"href":"https:\/\/eurotech-iasi.ro\/magazinonline\/wp-json\/wp\/v2\/media\/108362"}],"wp:attachment":[{"href":"https:\/\/eurotech-iasi.ro\/magazinonline\/wp-json\/wp\/v2\/media?parent=14980"}],"wp:term":[{"taxonomy":"product_cat","embeddable":true,"href":"https:\/\/eurotech-iasi.ro\/magazinonline\/wp-json\/wp\/v2\/product_cat?post=14980"},{"taxonomy":"product_tag","embeddable":true,"href":"https:\/\/eurotech-iasi.ro\/magazinonline\/wp-json\/wp\/v2\/product_tag?post=14980"},{"taxonomy":"woo-feed-brand","embeddable":true,"href":"https:\/\/eurotech-iasi.ro\/magazinonline\/wp-json\/wp\/v2\/woo-feed-brand?post=14980"}],"curies":[{"name":"wp","href":"https:\/\/api.w.org\/{rel}","templated":true}]}}