{"id":15577,"date":"2019-04-11T15:10:15","date_gmt":"2019-04-11T12:10:15","guid":{"rendered":"https:\/\/eurotech-iasi.ro\/magazinonline\/?post_type=product&#038;p=15577"},"modified":"2026-02-23T09:13:45","modified_gmt":"2026-02-23T07:13:45","slug":"generator-de-curent-monofazat-stager-fd6500e-cu-avr","status":"publish","type":"product","link":"https:\/\/eurotech-iasi.ro\/magazinonline\/produs\/generator-de-curent-monofazat-stager-fd6500e-cu-avr\/","title":{"rendered":"Generator de curent monofazat benzina STAGER FD 6500E, 5 kW, pornire electrica"},"content":{"rendered":"<div>Acest <strong>generator de curent monofazat benzina STAGER FD 6500E, 5 kW, pornire electrica<\/strong>\u00a0reprezinta o surs\u0103 alternativ\u0103 de electricitate \u00een momentele \u00een care avem nevoie de aceasta. Poate fi folosit \u00een situatii \u00een care fie s-a produs un scurt-circuit la reteaua electric\u0103, fie avem nevoie de electricitate \u00eentr-un loc greu accesibil, ca echipamente de rezerv\u0103 pentru locuinte sau sedii \u00een cazul unor pene de curent.<\/div>\n<div>\n<p>La acest <strong>generator de curent monofazat benzina STAGER FD 6500E, 5 kW, pornire electrica<\/strong>\u00a0nivelul de zgomot este redus. Echipamentul poate fi manevrat usor datorita unui set de roti standard. De asemenea, asigura siguranta termica si protectie impotriva fluctuatiilor de curent. Modelul <strong>FD6500E <\/strong>detine un contor pentru frecventa, tensiune si orele de functionare. Intalnim la acest generator monofata un led de avertizare pentru presiunea uleiului.<\/p>\n<div><strong>Specificatii tehnice:<\/strong><\/div>\n<div><\/div>\n<div>Putere nominala &#8211; 5.0kW<\/div>\n<div>Putere maxima &#8211; 5.5 kW<\/div>\n<div>Tensiune nominala -230 V<\/div>\n<div>Frecventa nominala &#8211; 50 Hz<\/div>\n<div>Curent nominal &#8211; 21.74 A<\/div>\n<div>Factor de putere &#8211; 1.0<\/div>\n<div>Model motor &#8211; YH188F(E)<\/div>\n<div>Tip motor &#8211; Motor benzina, 4-timpi, 1 cilindru, OHV, racire cu aer<\/div>\n<div>Putere nominala motor &#8211; 13 CP<\/div>\n<div>Turatie nominala &#8211; 3000 rpm<\/div>\n<div>Capacitate cilindrica &#8211; 389 cmc<\/div>\n<div>Capacitate baie de ulei &#8211; 1.1 L<\/div>\n<div>Tip ulei &#8211; SAE10W-40, 15W-40<\/div>\n<div>Combustibil &#8211; Benzina fara plumb<\/div>\n<div>Capacitate rezervor combustibil &#8211; 22 L<\/div>\n<div>Mod reglare tensiune &#8211; AVR<\/div>\n<div>Sistem aprindere &#8211; CDI<\/div>\n<div>Bobinaj &#8211; 100% cupru<\/div>\n<div>Dimensiuni &#8211; 720x540x595 mm<\/div>\n<div>Nivel zgomot LwA &#8211; 96 dB(A)<\/div>\n<div>Sistem de pornire &#8211; la sfoara \/ electric<\/div>\n<div>Autonomie &#8211; 8 h<\/div>\n<div>Greutate neta\/bruta &#8211; 86\/90 kg<\/div>\n<div><strong>Consum combustibil:<\/strong><\/div>\n<div>@ 100% sarcina: 3.42 L\/h<\/div>\n<div>@ 75% sarcina: 3.08 L\/h<\/div>\n<div>@ 50% sarcina: 2.35 L\/h<\/div>\n<div><\/div>\n<div><strong>Dotari:<\/strong><\/div>\n<ul>\n<li>2 prize monofazate 16A cu grad protectie IP44<\/li>\n<li>contor frecventa, tensiune si ore functionare<\/li>\n<li>led avertizare ulei<\/li>\n<li>siguranta termica<\/li>\n<li>iesire curent continu 12V\/8A<\/li>\n<li>sistem pornire la sfoara si electrica cu buton ON\/OFF\/START<\/li>\n<\/ul>\n<div><\/div>\n<div><strong>Set livrare:<\/strong><\/div>\n<ul>\n<li>baterie 12 V, cadru de protectie, maner si roti<\/li>\n<li>port chei cu cheie bujie, surubelnita stea, cheie 10-12<\/li>\n<li>2 stechere monofazate<\/li>\n<li>manual in limba romana<\/li>\n<\/ul>\n<\/div>\n","protected":false},"excerpt":{"rendered":"<p><strong>Generator de curent monofazat benzina STAGER FD 6500E, 5 kW, pornire electrica. <\/strong>Acest generator este de tip open-frame, avand o putere maxima de 5,5 kW, asigurand o tensiune de 230V. Este dotat cu <strong>regulator automat de tensiune (AVR)<\/strong> care limiteaza fluctuatiile tensiunii produse de alternator, cu <strong>panou de control<\/strong> intuitiv si usor de utilizat ce inglobeaza majoritatea functiilor si comenzilor generatorului: display digital 3 in 1 cu afisaj pentru: tensiune, frecventa si ore de functionare<\/p>\n<p><em><strong>Cod produs: 5160006500<\/strong><\/em><\/p>\n<p><em><strong><span style=\"color: #ff0000;\">*In vederea unei achizitii profitabile care sa corespunda pe deplin aplicatiei dvs. de lucru pentru acest produs, va rugam, sa solicitati o oferta personalizata. Costurile de transport vor fi specificate in oferta finala.<\/span><\/strong><\/em><\/p>\n","protected":false},"featured_media":15583,"comment_status":"open","ping_status":"closed","template":"","meta":{"_acf_changed":false},"product_cat":[4340,4395],"product_tag":[],"woo-feed-brand":[],"class_list":{"0":"post-15577","1":"product","2":"type-product","3":"status-publish","4":"has-post-thumbnail","6":"product_brand-stager","7":"product_cat-generatoare-de-curent","8":"product_cat-generatoare-monofazate","9":"pa_brand-stager","10":"pa_capacitate-rezervor-25-l","11":"pa_combustibil-benzina-2","12":"pa_greutate-86-kg","13":"pa_motor-yh188fe","14":"pa_putere-maxima-230v-55-kw","15":"pa_putere-motor-13-cp","16":"pa_putere-nominala-5-kw","17":"pa_sistem-de-pornire-electric","18":"pa_tensiune-230-v-50-hz","19":"pa_tip-motor-ohv-un-cilindru-4-timpi-racire-cu-aer","20":"pa_turatie-3000-rpm","22":"first","23":"outofstock","24":"purchasable","25":"product-type-simple"},"acf":[],"yoast_head":"<!-- This site is optimized with the Yoast SEO plugin v27.3 - https:\/\/yoast.com\/product\/yoast-seo-wordpress\/ -->\n<title>Generator de curent monofazat benzina STAGER FD 6500E, 5 kW, pornire electrica - Eurotech Iasi<\/title>\n<meta name=\"description\" content=\"Generator de curent monofazat STAGER FD 6500E. Acest generator este de tip open-frame, avand o putere maxima de 5,5 kW, asigurand o tensiune de 230V.\" \/>\n<meta name=\"robots\" content=\"index, follow, max-snippet:-1, max-image-preview:large, max-video-preview:-1\" \/>\n<link rel=\"canonical\" href=\"https:\/\/eurotech-iasi.ro\/magazinonline\/produs\/generator-de-curent-monofazat-stager-fd6500e-cu-avr\/\" \/>\n<meta property=\"og:locale\" content=\"ro_RO\" \/>\n<meta property=\"og:type\" content=\"article\" \/>\n<meta property=\"og:title\" content=\"Generator de curent monofazat benzina STAGER FD 6500E, 5 kW, pornire electrica - Eurotech Iasi\" \/>\n<meta property=\"og:description\" content=\"Generator de curent monofazat STAGER FD 6500E. Acest generator este de tip open-frame, avand o putere maxima de 5,5 kW, asigurand o tensiune de 230V.\" \/>\n<meta property=\"og:url\" content=\"https:\/\/eurotech-iasi.ro\/magazinonline\/produs\/generator-de-curent-monofazat-stager-fd6500e-cu-avr\/\" \/>\n<meta property=\"og:site_name\" content=\"Eurotech Iasi\" \/>\n<meta property=\"article:publisher\" content=\"https:\/\/www.facebook.com\/EurotechIasi\/\" \/>\n<meta property=\"article:modified_time\" content=\"2026-02-23T07:13:45+00:00\" \/>\n<meta property=\"og:image\" content=\"https:\/\/eurotech-iasi.ro\/magazinonline\/wp-content\/uploads\/2019\/04\/Generator-de-curent-monofazat-STAGER-FD6500E-cu-AVR.jpg\" \/>\n\t<meta property=\"og:image:width\" content=\"710\" \/>\n\t<meta property=\"og:image:height\" content=\"710\" \/>\n\t<meta property=\"og:image:type\" content=\"image\/jpeg\" \/>\n<meta name=\"twitter:label1\" content=\"Timp estimat pentru citire\" \/>\n\t<meta name=\"twitter:data1\" content=\"2 minute\" \/>\n<script type=\"application\/ld+json\" class=\"yoast-schema-graph\">{\"@context\":\"https:\\\/\\\/schema.org\",\"@graph\":[{\"@type\":\"WebPage\",\"@id\":\"https:\\\/\\\/eurotech-iasi.ro\\\/magazinonline\\\/produs\\\/generator-de-curent-monofazat-stager-fd6500e-cu-avr\\\/\",\"url\":\"https:\\\/\\\/eurotech-iasi.ro\\\/magazinonline\\\/produs\\\/generator-de-curent-monofazat-stager-fd6500e-cu-avr\\\/\",\"name\":\"Generator de curent monofazat benzina STAGER FD 6500E, 5 kW, pornire electrica - Eurotech Iasi\",\"isPartOf\":{\"@id\":\"https:\\\/\\\/eurotech-iasi.ro\\\/magazinonline\\\/#website\"},\"primaryImageOfPage\":{\"@id\":\"https:\\\/\\\/eurotech-iasi.ro\\\/magazinonline\\\/produs\\\/generator-de-curent-monofazat-stager-fd6500e-cu-avr\\\/#primaryimage\"},\"image\":{\"@id\":\"https:\\\/\\\/eurotech-iasi.ro\\\/magazinonline\\\/produs\\\/generator-de-curent-monofazat-stager-fd6500e-cu-avr\\\/#primaryimage\"},\"thumbnailUrl\":\"https:\\\/\\\/eurotech-iasi.ro\\\/magazinonline\\\/wp-content\\\/uploads\\\/2019\\\/04\\\/Generator-de-curent-monofazat-STAGER-FD6500E-cu-AVR.jpg\",\"datePublished\":\"2019-04-11T12:10:15+00:00\",\"dateModified\":\"2026-02-23T07:13:45+00:00\",\"description\":\"Generator de curent monofazat STAGER FD 6500E. Acest generator este de tip open-frame, avand o putere maxima de 5,5 kW, asigurand o tensiune de 230V.\",\"breadcrumb\":{\"@id\":\"https:\\\/\\\/eurotech-iasi.ro\\\/magazinonline\\\/produs\\\/generator-de-curent-monofazat-stager-fd6500e-cu-avr\\\/#breadcrumb\"},\"inLanguage\":\"ro-RO\",\"potentialAction\":[{\"@type\":\"ReadAction\",\"target\":[\"https:\\\/\\\/eurotech-iasi.ro\\\/magazinonline\\\/produs\\\/generator-de-curent-monofazat-stager-fd6500e-cu-avr\\\/\"]}]},{\"@type\":\"ImageObject\",\"inLanguage\":\"ro-RO\",\"@id\":\"https:\\\/\\\/eurotech-iasi.ro\\\/magazinonline\\\/produs\\\/generator-de-curent-monofazat-stager-fd6500e-cu-avr\\\/#primaryimage\",\"url\":\"https:\\\/\\\/eurotech-iasi.ro\\\/magazinonline\\\/wp-content\\\/uploads\\\/2019\\\/04\\\/Generator-de-curent-monofazat-STAGER-FD6500E-cu-AVR.jpg\",\"contentUrl\":\"https:\\\/\\\/eurotech-iasi.ro\\\/magazinonline\\\/wp-content\\\/uploads\\\/2019\\\/04\\\/Generator-de-curent-monofazat-STAGER-FD6500E-cu-AVR.jpg\",\"width\":710,\"height\":710,\"caption\":\"Generator-de-curent-monofazat-STAGER-FD6500E\"},{\"@type\":\"BreadcrumbList\",\"@id\":\"https:\\\/\\\/eurotech-iasi.ro\\\/magazinonline\\\/produs\\\/generator-de-curent-monofazat-stager-fd6500e-cu-avr\\\/#breadcrumb\",\"itemListElement\":[{\"@type\":\"ListItem\",\"position\":1,\"name\":\"Prima pagin\u0103\",\"item\":\"https:\\\/\\\/eurotech-iasi.ro\\\/magazinonline\\\/\"},{\"@type\":\"ListItem\",\"position\":2,\"name\":\"Shop\",\"item\":\"https:\\\/\\\/eurotech-iasi.ro\\\/magazinonline\\\/shop\\\/\"},{\"@type\":\"ListItem\",\"position\":3,\"name\":\"Generator de curent monofazat benzina STAGER FD 6500E, 5 kW, pornire electrica\"}]},{\"@type\":\"WebSite\",\"@id\":\"https:\\\/\\\/eurotech-iasi.ro\\\/magazinonline\\\/#website\",\"url\":\"https:\\\/\\\/eurotech-iasi.ro\\\/magazinonline\\\/\",\"name\":\"Eurotech Iasi\",\"description\":\"Cu oameni seriosi\",\"publisher\":{\"@id\":\"https:\\\/\\\/eurotech-iasi.ro\\\/magazinonline\\\/#organization\"},\"potentialAction\":[{\"@type\":\"SearchAction\",\"target\":{\"@type\":\"EntryPoint\",\"urlTemplate\":\"https:\\\/\\\/eurotech-iasi.ro\\\/magazinonline\\\/?s={search_term_string}\"},\"query-input\":{\"@type\":\"PropertyValueSpecification\",\"valueRequired\":true,\"valueName\":\"search_term_string\"}}],\"inLanguage\":\"ro-RO\"},{\"@type\":\"Organization\",\"@id\":\"https:\\\/\\\/eurotech-iasi.ro\\\/magazinonline\\\/#organization\",\"name\":\"Eurotech Iasi\",\"url\":\"https:\\\/\\\/eurotech-iasi.ro\\\/magazinonline\\\/\",\"logo\":{\"@type\":\"ImageObject\",\"inLanguage\":\"ro-RO\",\"@id\":\"https:\\\/\\\/eurotech-iasi.ro\\\/magazinonline\\\/#\\\/schema\\\/logo\\\/image\\\/\",\"url\":\"https:\\\/\\\/eurotech-iasi.ro\\\/magazinonline\\\/wp-content\\\/uploads\\\/2020\\\/08\\\/logo-eurotech.png\",\"contentUrl\":\"https:\\\/\\\/eurotech-iasi.ro\\\/magazinonline\\\/wp-content\\\/uploads\\\/2020\\\/08\\\/logo-eurotech.png\",\"width\":290,\"height\":70,\"caption\":\"Eurotech Iasi\"},\"image\":{\"@id\":\"https:\\\/\\\/eurotech-iasi.ro\\\/magazinonline\\\/#\\\/schema\\\/logo\\\/image\\\/\"},\"sameAs\":[\"https:\\\/\\\/www.facebook.com\\\/EurotechIasi\\\/\"]}]}<\/script>\n<!-- \/ Yoast SEO plugin. -->","yoast_head_json":{"title":"Generator de curent monofazat benzina STAGER FD 6500E, 5 kW, pornire electrica - Eurotech Iasi","description":"Generator de curent monofazat STAGER FD 6500E. Acest generator este de tip open-frame, avand o putere maxima de 5,5 kW, asigurand o tensiune de 230V.","robots":{"index":"index","follow":"follow","max-snippet":"max-snippet:-1","max-image-preview":"max-image-preview:large","max-video-preview":"max-video-preview:-1"},"canonical":"https:\/\/eurotech-iasi.ro\/magazinonline\/produs\/generator-de-curent-monofazat-stager-fd6500e-cu-avr\/","og_locale":"ro_RO","og_type":"article","og_title":"Generator de curent monofazat benzina STAGER FD 6500E, 5 kW, pornire electrica - Eurotech Iasi","og_description":"Generator de curent monofazat STAGER FD 6500E. Acest generator este de tip open-frame, avand o putere maxima de 5,5 kW, asigurand o tensiune de 230V.","og_url":"https:\/\/eurotech-iasi.ro\/magazinonline\/produs\/generator-de-curent-monofazat-stager-fd6500e-cu-avr\/","og_site_name":"Eurotech Iasi","article_publisher":"https:\/\/www.facebook.com\/EurotechIasi\/","article_modified_time":"2026-02-23T07:13:45+00:00","og_image":[{"width":710,"height":710,"url":"https:\/\/eurotech-iasi.ro\/magazinonline\/wp-content\/uploads\/2019\/04\/Generator-de-curent-monofazat-STAGER-FD6500E-cu-AVR.jpg","type":"image\/jpeg"}],"twitter_misc":{"Timp estimat pentru citire":"2 minute"},"schema":{"@context":"https:\/\/schema.org","@graph":[{"@type":"WebPage","@id":"https:\/\/eurotech-iasi.ro\/magazinonline\/produs\/generator-de-curent-monofazat-stager-fd6500e-cu-avr\/","url":"https:\/\/eurotech-iasi.ro\/magazinonline\/produs\/generator-de-curent-monofazat-stager-fd6500e-cu-avr\/","name":"Generator de curent monofazat benzina STAGER FD 6500E, 5 kW, pornire electrica - Eurotech Iasi","isPartOf":{"@id":"https:\/\/eurotech-iasi.ro\/magazinonline\/#website"},"primaryImageOfPage":{"@id":"https:\/\/eurotech-iasi.ro\/magazinonline\/produs\/generator-de-curent-monofazat-stager-fd6500e-cu-avr\/#primaryimage"},"image":{"@id":"https:\/\/eurotech-iasi.ro\/magazinonline\/produs\/generator-de-curent-monofazat-stager-fd6500e-cu-avr\/#primaryimage"},"thumbnailUrl":"https:\/\/eurotech-iasi.ro\/magazinonline\/wp-content\/uploads\/2019\/04\/Generator-de-curent-monofazat-STAGER-FD6500E-cu-AVR.jpg","datePublished":"2019-04-11T12:10:15+00:00","dateModified":"2026-02-23T07:13:45+00:00","description":"Generator de curent monofazat STAGER FD 6500E. Acest generator este de tip open-frame, avand o putere maxima de 5,5 kW, asigurand o tensiune de 230V.","breadcrumb":{"@id":"https:\/\/eurotech-iasi.ro\/magazinonline\/produs\/generator-de-curent-monofazat-stager-fd6500e-cu-avr\/#breadcrumb"},"inLanguage":"ro-RO","potentialAction":[{"@type":"ReadAction","target":["https:\/\/eurotech-iasi.ro\/magazinonline\/produs\/generator-de-curent-monofazat-stager-fd6500e-cu-avr\/"]}]},{"@type":"ImageObject","inLanguage":"ro-RO","@id":"https:\/\/eurotech-iasi.ro\/magazinonline\/produs\/generator-de-curent-monofazat-stager-fd6500e-cu-avr\/#primaryimage","url":"https:\/\/eurotech-iasi.ro\/magazinonline\/wp-content\/uploads\/2019\/04\/Generator-de-curent-monofazat-STAGER-FD6500E-cu-AVR.jpg","contentUrl":"https:\/\/eurotech-iasi.ro\/magazinonline\/wp-content\/uploads\/2019\/04\/Generator-de-curent-monofazat-STAGER-FD6500E-cu-AVR.jpg","width":710,"height":710,"caption":"Generator-de-curent-monofazat-STAGER-FD6500E"},{"@type":"BreadcrumbList","@id":"https:\/\/eurotech-iasi.ro\/magazinonline\/produs\/generator-de-curent-monofazat-stager-fd6500e-cu-avr\/#breadcrumb","itemListElement":[{"@type":"ListItem","position":1,"name":"Prima pagin\u0103","item":"https:\/\/eurotech-iasi.ro\/magazinonline\/"},{"@type":"ListItem","position":2,"name":"Shop","item":"https:\/\/eurotech-iasi.ro\/magazinonline\/shop\/"},{"@type":"ListItem","position":3,"name":"Generator de curent monofazat benzina STAGER FD 6500E, 5 kW, pornire electrica"}]},{"@type":"WebSite","@id":"https:\/\/eurotech-iasi.ro\/magazinonline\/#website","url":"https:\/\/eurotech-iasi.ro\/magazinonline\/","name":"Eurotech Iasi","description":"Cu oameni seriosi","publisher":{"@id":"https:\/\/eurotech-iasi.ro\/magazinonline\/#organization"},"potentialAction":[{"@type":"SearchAction","target":{"@type":"EntryPoint","urlTemplate":"https:\/\/eurotech-iasi.ro\/magazinonline\/?s={search_term_string}"},"query-input":{"@type":"PropertyValueSpecification","valueRequired":true,"valueName":"search_term_string"}}],"inLanguage":"ro-RO"},{"@type":"Organization","@id":"https:\/\/eurotech-iasi.ro\/magazinonline\/#organization","name":"Eurotech Iasi","url":"https:\/\/eurotech-iasi.ro\/magazinonline\/","logo":{"@type":"ImageObject","inLanguage":"ro-RO","@id":"https:\/\/eurotech-iasi.ro\/magazinonline\/#\/schema\/logo\/image\/","url":"https:\/\/eurotech-iasi.ro\/magazinonline\/wp-content\/uploads\/2020\/08\/logo-eurotech.png","contentUrl":"https:\/\/eurotech-iasi.ro\/magazinonline\/wp-content\/uploads\/2020\/08\/logo-eurotech.png","width":290,"height":70,"caption":"Eurotech Iasi"},"image":{"@id":"https:\/\/eurotech-iasi.ro\/magazinonline\/#\/schema\/logo\/image\/"},"sameAs":["https:\/\/www.facebook.com\/EurotechIasi\/"]}]}},"_links":{"self":[{"href":"https:\/\/eurotech-iasi.ro\/magazinonline\/wp-json\/wp\/v2\/product\/15577","targetHints":{"allow":["GET"]}}],"collection":[{"href":"https:\/\/eurotech-iasi.ro\/magazinonline\/wp-json\/wp\/v2\/product"}],"about":[{"href":"https:\/\/eurotech-iasi.ro\/magazinonline\/wp-json\/wp\/v2\/types\/product"}],"replies":[{"embeddable":true,"href":"https:\/\/eurotech-iasi.ro\/magazinonline\/wp-json\/wp\/v2\/comments?post=15577"}],"wp:featuredmedia":[{"embeddable":true,"href":"https:\/\/eurotech-iasi.ro\/magazinonline\/wp-json\/wp\/v2\/media\/15583"}],"wp:attachment":[{"href":"https:\/\/eurotech-iasi.ro\/magazinonline\/wp-json\/wp\/v2\/media?parent=15577"}],"wp:term":[{"taxonomy":"product_cat","embeddable":true,"href":"https:\/\/eurotech-iasi.ro\/magazinonline\/wp-json\/wp\/v2\/product_cat?post=15577"},{"taxonomy":"product_tag","embeddable":true,"href":"https:\/\/eurotech-iasi.ro\/magazinonline\/wp-json\/wp\/v2\/product_tag?post=15577"},{"taxonomy":"woo-feed-brand","embeddable":true,"href":"https:\/\/eurotech-iasi.ro\/magazinonline\/wp-json\/wp\/v2\/woo-feed-brand?post=15577"}],"curies":[{"name":"wp","href":"https:\/\/api.w.org\/{rel}","templated":true}]}}