{"id":15705,"date":"2019-04-15T13:40:47","date_gmt":"2019-04-15T10:40:47","guid":{"rendered":"https:\/\/eurotech-iasi.ro\/magazinonline\/?post_type=product&#038;p=15705"},"modified":"2025-06-12T10:46:27","modified_gmt":"2025-06-12T07:46:27","slug":"motocultor-grillo-g110df-honda-gx390","status":"publish","type":"product","link":"https:\/\/eurotech-iasi.ro\/magazinonline\/produs\/motocultor-grillo-g110df-honda-gx390\/","title":{"rendered":"Motocultor Grillo G110DF Honda GX390"},"content":{"rendered":"<p><strong>Motocultor Grillo G110DF Honda GX390 ROTI 5-12 REG FREZA 70CM <\/strong>este echipat cu ambreiaj conic usor de folosit datorita controlului manual, inversat. Cutie de viteze in baie de ulei dispune de 6 viteze &#8211; 3 viteze inainte + 3 viteze inapoi. Are sistem de franare independent\u00a0pe fiecare roata cu\u00a0maneta separata de control\u00a0si\u00a0dispozitiv de blocare pentru sta\u0163ionare.<br \/>\nGrillo G110DF\u00a0este prevazut cu\u00a0dispozitive de siguranta,\u00a0o\u00a0maneta de ambreiaj\u00a0cu dubla actionare si debreiere in cazul pierderii controlului asupra masinii (fara oprirea motorului).\u00a0Maneta suplimentara de ambreiaj\u00a0cu care este echipat motocultorul permite o pornire\/oprire lenta.<br \/>\nPriza de putere este independenta de cutia de viteze si are un sistem de cuplare rapida.<\/p>\n<h2>Avantaje &#8211; Motocultor Grillo G110DF Honda GX390:<\/h2>\n<ul>\n<li><strong>Ambreiaj<\/strong>: conic cu control inversat<\/li>\n<li><strong>Cutie de viteze<\/strong>: in baie de ulei, 6 viteze (3 inainte + 3 inapoi)Viteze1\u00b0: 1,3km\/h -2\u00b0: 2,4km\/h -3\u00b0: 5km\/h1\u00b0R: 0.7-2\u00b0R: 1.5-3\u00b0R: 3,2<\/li>\n<li><strong>Diferential<\/strong>: cu dispozitiv de blocare \u015fi manet\u0103 de control<\/li>\n<li><strong>Sistem de franare<\/strong>: independent pe fiecare roata, cu maneta separata de control si dispozitiv de blocare pentru stationare.<\/li>\n<li><strong>Freza<\/strong>: 70cmreglabilala 55 cm, 24 cutite(optional kit extensii freza la 85 cm), cu sistem de control a ad\u00e2ncimii de lucru<\/li>\n<li><strong>Dispozitive de siguranta<\/strong>:-maneta de ambreiaj cu dubla actionare si debreiere in cazul pierderii controlului asupra masini (fara oprirea motorului);-decuplarea automata a frezei in cazul cuplarii marsarierului-decelerare automata pentru mersul inapoi<\/li>\n<li><strong>Priza de putere<\/strong>: independenta de cutia de viteze, 965 rpm cu motorul la 3600 rpm<\/li>\n<li><strong>Ghidonul<\/strong>: reglabil \u00een \u00een\u0103l\u0163ime \u015fi \u00een lateral, rotire la 180\u00b0, sistem antivibra\u0163ii<\/li>\n<li><strong>Roti motoare<\/strong>: Pneumatice 5.00\u201d \u201312\u201d, ecartament reglabil<\/li>\n<\/ul>\n<h3>Specificatii tehnice &#8211; Motocultor Grillo G110DF Honda GX390:<\/h3>\n<p>Putere motor ( CP )13<br \/>\nTip motor GX390<br \/>\nMotor Honda GX<br \/>\nCutia de viteze 6 viteze (3 inainte + 3 inapoi)<br \/>\nAmbreiaj cu discuri de frictiune<br \/>\nPriza de forta independenta de cutia de viteze. 965 rpm cu motorul la 3600 rpm<br \/>\nDispozitiv de siguranta Manet\u0103 de ambreiaj cu dubl\u0103 ac\u0163ionare \u015fi debreiere \u00een cazul pierderii controlului<br \/>\nGhidon Reglabil in inaltime<br \/>\nLatime de lucru ( cm ) 70<br \/>\nCombustibil Benzina fara plumb<br \/>\nSistem de pornire Demaror cu sfoara<br \/>\nRoti motoarepneumatice 5 \u2013 12\u201d, ecartament reglabil<br \/>\nGreutate ( Kg ) 138<\/p>\n","protected":false},"excerpt":{"rendered":"<p><strong>Motocultor Grillo G110DF Honda GX390 ROTI 5-12 REG FREZA 70CM <\/strong>este echipat cu ambreiaj conic usor de folosit datorita controlului manual, inversat.<\/p>\n<p><em><strong>Cod produs: PFASG110DFGX390<\/strong><\/em><\/p>\n<p><em><strong><span style=\"color: #ff0000;\">*Din cauza greutatii acest tip de echipament nu poate fi expediat prin intermediul serviciului de curierat rapid. Dupa plasarea comenzii va vom confirma pe e-mail sau veti fi contactat\/a telefonic pentru a vi se comunica costul de transport, ce va fi calculat in functie de locatia dvs..\u00a0<\/span><\/strong><\/em><\/p>\n","protected":false},"featured_media":98304,"comment_status":"open","ping_status":"closed","template":"","meta":{"_acf_changed":false},"product_cat":[4337,4371],"product_tag":[],"woo-feed-brand":[],"class_list":{"0":"post-15705","1":"product","2":"type-product","3":"status-publish","4":"has-post-thumbnail","6":"product_brand-grillo","7":"product_cat-gradinarit-agricultura","8":"product_cat-motocultoare","9":"pa_brand-grillo","10":"pa_capacitate-cilindrica-338-cm3","11":"pa_capacitate-rezervor-61-l","12":"pa_combustibil-benzina-2","13":"pa_greutate-138-kg-3","14":"pa_motor-honda-gx340","15":"pa_putere-11-cp","16":"pa_sistem-de-pornire-demaror-mecanic","17":"pa_tip-motor-ohv-un-cilindru-4-timpi-racire-cu-aer","19":"first","20":"instock","21":"purchasable","22":"product-type-simple"},"acf":[],"yoast_head":"<!-- This site is optimized with the Yoast SEO plugin v27.3 - https:\/\/yoast.com\/product\/yoast-seo-wordpress\/ -->\n<title>Motocultor Grillo G110DF Honda GX390 - Eurotech Iasi<\/title>\n<meta name=\"description\" content=\"Motocultor Grillo G110DF Honda GX390, freza: 68 cm, 20 cutite, reglabila la 37-47-68 cm, sistem de control a ad\u00e2ncimii de lucru, 6 viteze.\" \/>\n<meta name=\"robots\" content=\"index, follow, max-snippet:-1, max-image-preview:large, max-video-preview:-1\" \/>\n<link rel=\"canonical\" href=\"https:\/\/eurotech-iasi.ro\/magazinonline\/produs\/motocultor-grillo-g110df-honda-gx390\/\" \/>\n<meta property=\"og:locale\" content=\"ro_RO\" \/>\n<meta property=\"og:type\" content=\"article\" \/>\n<meta property=\"og:title\" content=\"Motocultor Grillo G110DF Honda GX390 - Eurotech Iasi\" \/>\n<meta property=\"og:description\" content=\"Motocultor Grillo G110DF Honda GX390, freza: 68 cm, 20 cutite, reglabila la 37-47-68 cm, sistem de control a ad\u00e2ncimii de lucru, 6 viteze.\" \/>\n<meta property=\"og:url\" content=\"https:\/\/eurotech-iasi.ro\/magazinonline\/produs\/motocultor-grillo-g110df-honda-gx390\/\" \/>\n<meta property=\"og:site_name\" content=\"Eurotech Iasi\" \/>\n<meta property=\"article:publisher\" content=\"https:\/\/www.facebook.com\/EurotechIasi\/\" \/>\n<meta property=\"article:modified_time\" content=\"2025-06-12T07:46:27+00:00\" \/>\n<meta property=\"og:image\" content=\"https:\/\/eurotech-iasi.ro\/magazinonline\/wp-content\/uploads\/2019\/04\/Motocultor-Grillo-G110DF-Honda-GX390-1.png\" \/>\n\t<meta property=\"og:image:width\" content=\"750\" \/>\n\t<meta property=\"og:image:height\" content=\"750\" \/>\n\t<meta property=\"og:image:type\" content=\"image\/png\" \/>\n<meta name=\"twitter:label1\" content=\"Timp estimat pentru citire\" \/>\n\t<meta name=\"twitter:data1\" content=\"2 minute\" \/>\n<script type=\"application\/ld+json\" class=\"yoast-schema-graph\">{\"@context\":\"https:\\\/\\\/schema.org\",\"@graph\":[{\"@type\":\"WebPage\",\"@id\":\"https:\\\/\\\/eurotech-iasi.ro\\\/magazinonline\\\/produs\\\/motocultor-grillo-g110df-honda-gx390\\\/\",\"url\":\"https:\\\/\\\/eurotech-iasi.ro\\\/magazinonline\\\/produs\\\/motocultor-grillo-g110df-honda-gx390\\\/\",\"name\":\"Motocultor Grillo G110DF Honda GX390 - Eurotech Iasi\",\"isPartOf\":{\"@id\":\"https:\\\/\\\/eurotech-iasi.ro\\\/magazinonline\\\/#website\"},\"primaryImageOfPage\":{\"@id\":\"https:\\\/\\\/eurotech-iasi.ro\\\/magazinonline\\\/produs\\\/motocultor-grillo-g110df-honda-gx390\\\/#primaryimage\"},\"image\":{\"@id\":\"https:\\\/\\\/eurotech-iasi.ro\\\/magazinonline\\\/produs\\\/motocultor-grillo-g110df-honda-gx390\\\/#primaryimage\"},\"thumbnailUrl\":\"https:\\\/\\\/eurotech-iasi.ro\\\/magazinonline\\\/wp-content\\\/uploads\\\/2019\\\/04\\\/Motocultor-Grillo-G110DF-Honda-GX390-1.png\",\"datePublished\":\"2019-04-15T10:40:47+00:00\",\"dateModified\":\"2025-06-12T07:46:27+00:00\",\"description\":\"Motocultor Grillo G110DF Honda GX390, freza: 68 cm, 20 cutite, reglabila la 37-47-68 cm, sistem de control a ad\u00e2ncimii de lucru, 6 viteze.\",\"breadcrumb\":{\"@id\":\"https:\\\/\\\/eurotech-iasi.ro\\\/magazinonline\\\/produs\\\/motocultor-grillo-g110df-honda-gx390\\\/#breadcrumb\"},\"inLanguage\":\"ro-RO\",\"potentialAction\":[{\"@type\":\"ReadAction\",\"target\":[\"https:\\\/\\\/eurotech-iasi.ro\\\/magazinonline\\\/produs\\\/motocultor-grillo-g110df-honda-gx390\\\/\"]}]},{\"@type\":\"ImageObject\",\"inLanguage\":\"ro-RO\",\"@id\":\"https:\\\/\\\/eurotech-iasi.ro\\\/magazinonline\\\/produs\\\/motocultor-grillo-g110df-honda-gx390\\\/#primaryimage\",\"url\":\"https:\\\/\\\/eurotech-iasi.ro\\\/magazinonline\\\/wp-content\\\/uploads\\\/2019\\\/04\\\/Motocultor-Grillo-G110DF-Honda-GX390-1.png\",\"contentUrl\":\"https:\\\/\\\/eurotech-iasi.ro\\\/magazinonline\\\/wp-content\\\/uploads\\\/2019\\\/04\\\/Motocultor-Grillo-G110DF-Honda-GX390-1.png\",\"width\":750,\"height\":750,\"caption\":\"Motocultor Grillo G110DF Honda GX390\"},{\"@type\":\"BreadcrumbList\",\"@id\":\"https:\\\/\\\/eurotech-iasi.ro\\\/magazinonline\\\/produs\\\/motocultor-grillo-g110df-honda-gx390\\\/#breadcrumb\",\"itemListElement\":[{\"@type\":\"ListItem\",\"position\":1,\"name\":\"Prima pagin\u0103\",\"item\":\"https:\\\/\\\/eurotech-iasi.ro\\\/magazinonline\\\/\"},{\"@type\":\"ListItem\",\"position\":2,\"name\":\"Shop\",\"item\":\"https:\\\/\\\/eurotech-iasi.ro\\\/magazinonline\\\/shop\\\/\"},{\"@type\":\"ListItem\",\"position\":3,\"name\":\"Motocultor Grillo G110DF Honda GX390\"}]},{\"@type\":\"WebSite\",\"@id\":\"https:\\\/\\\/eurotech-iasi.ro\\\/magazinonline\\\/#website\",\"url\":\"https:\\\/\\\/eurotech-iasi.ro\\\/magazinonline\\\/\",\"name\":\"Eurotech Iasi\",\"description\":\"Cu oameni seriosi\",\"publisher\":{\"@id\":\"https:\\\/\\\/eurotech-iasi.ro\\\/magazinonline\\\/#organization\"},\"potentialAction\":[{\"@type\":\"SearchAction\",\"target\":{\"@type\":\"EntryPoint\",\"urlTemplate\":\"https:\\\/\\\/eurotech-iasi.ro\\\/magazinonline\\\/?s={search_term_string}\"},\"query-input\":{\"@type\":\"PropertyValueSpecification\",\"valueRequired\":true,\"valueName\":\"search_term_string\"}}],\"inLanguage\":\"ro-RO\"},{\"@type\":\"Organization\",\"@id\":\"https:\\\/\\\/eurotech-iasi.ro\\\/magazinonline\\\/#organization\",\"name\":\"Eurotech Iasi\",\"url\":\"https:\\\/\\\/eurotech-iasi.ro\\\/magazinonline\\\/\",\"logo\":{\"@type\":\"ImageObject\",\"inLanguage\":\"ro-RO\",\"@id\":\"https:\\\/\\\/eurotech-iasi.ro\\\/magazinonline\\\/#\\\/schema\\\/logo\\\/image\\\/\",\"url\":\"https:\\\/\\\/eurotech-iasi.ro\\\/magazinonline\\\/wp-content\\\/uploads\\\/2020\\\/08\\\/logo-eurotech.png\",\"contentUrl\":\"https:\\\/\\\/eurotech-iasi.ro\\\/magazinonline\\\/wp-content\\\/uploads\\\/2020\\\/08\\\/logo-eurotech.png\",\"width\":290,\"height\":70,\"caption\":\"Eurotech Iasi\"},\"image\":{\"@id\":\"https:\\\/\\\/eurotech-iasi.ro\\\/magazinonline\\\/#\\\/schema\\\/logo\\\/image\\\/\"},\"sameAs\":[\"https:\\\/\\\/www.facebook.com\\\/EurotechIasi\\\/\"]}]}<\/script>\n<!-- \/ Yoast SEO plugin. -->","yoast_head_json":{"title":"Motocultor Grillo G110DF Honda GX390 - Eurotech Iasi","description":"Motocultor Grillo G110DF Honda GX390, freza: 68 cm, 20 cutite, reglabila la 37-47-68 cm, sistem de control a ad\u00e2ncimii de lucru, 6 viteze.","robots":{"index":"index","follow":"follow","max-snippet":"max-snippet:-1","max-image-preview":"max-image-preview:large","max-video-preview":"max-video-preview:-1"},"canonical":"https:\/\/eurotech-iasi.ro\/magazinonline\/produs\/motocultor-grillo-g110df-honda-gx390\/","og_locale":"ro_RO","og_type":"article","og_title":"Motocultor Grillo G110DF Honda GX390 - Eurotech Iasi","og_description":"Motocultor Grillo G110DF Honda GX390, freza: 68 cm, 20 cutite, reglabila la 37-47-68 cm, sistem de control a ad\u00e2ncimii de lucru, 6 viteze.","og_url":"https:\/\/eurotech-iasi.ro\/magazinonline\/produs\/motocultor-grillo-g110df-honda-gx390\/","og_site_name":"Eurotech Iasi","article_publisher":"https:\/\/www.facebook.com\/EurotechIasi\/","article_modified_time":"2025-06-12T07:46:27+00:00","og_image":[{"width":750,"height":750,"url":"https:\/\/eurotech-iasi.ro\/magazinonline\/wp-content\/uploads\/2019\/04\/Motocultor-Grillo-G110DF-Honda-GX390-1.png","type":"image\/png"}],"twitter_misc":{"Timp estimat pentru citire":"2 minute"},"schema":{"@context":"https:\/\/schema.org","@graph":[{"@type":"WebPage","@id":"https:\/\/eurotech-iasi.ro\/magazinonline\/produs\/motocultor-grillo-g110df-honda-gx390\/","url":"https:\/\/eurotech-iasi.ro\/magazinonline\/produs\/motocultor-grillo-g110df-honda-gx390\/","name":"Motocultor Grillo G110DF Honda GX390 - Eurotech Iasi","isPartOf":{"@id":"https:\/\/eurotech-iasi.ro\/magazinonline\/#website"},"primaryImageOfPage":{"@id":"https:\/\/eurotech-iasi.ro\/magazinonline\/produs\/motocultor-grillo-g110df-honda-gx390\/#primaryimage"},"image":{"@id":"https:\/\/eurotech-iasi.ro\/magazinonline\/produs\/motocultor-grillo-g110df-honda-gx390\/#primaryimage"},"thumbnailUrl":"https:\/\/eurotech-iasi.ro\/magazinonline\/wp-content\/uploads\/2019\/04\/Motocultor-Grillo-G110DF-Honda-GX390-1.png","datePublished":"2019-04-15T10:40:47+00:00","dateModified":"2025-06-12T07:46:27+00:00","description":"Motocultor Grillo G110DF Honda GX390, freza: 68 cm, 20 cutite, reglabila la 37-47-68 cm, sistem de control a ad\u00e2ncimii de lucru, 6 viteze.","breadcrumb":{"@id":"https:\/\/eurotech-iasi.ro\/magazinonline\/produs\/motocultor-grillo-g110df-honda-gx390\/#breadcrumb"},"inLanguage":"ro-RO","potentialAction":[{"@type":"ReadAction","target":["https:\/\/eurotech-iasi.ro\/magazinonline\/produs\/motocultor-grillo-g110df-honda-gx390\/"]}]},{"@type":"ImageObject","inLanguage":"ro-RO","@id":"https:\/\/eurotech-iasi.ro\/magazinonline\/produs\/motocultor-grillo-g110df-honda-gx390\/#primaryimage","url":"https:\/\/eurotech-iasi.ro\/magazinonline\/wp-content\/uploads\/2019\/04\/Motocultor-Grillo-G110DF-Honda-GX390-1.png","contentUrl":"https:\/\/eurotech-iasi.ro\/magazinonline\/wp-content\/uploads\/2019\/04\/Motocultor-Grillo-G110DF-Honda-GX390-1.png","width":750,"height":750,"caption":"Motocultor Grillo G110DF Honda GX390"},{"@type":"BreadcrumbList","@id":"https:\/\/eurotech-iasi.ro\/magazinonline\/produs\/motocultor-grillo-g110df-honda-gx390\/#breadcrumb","itemListElement":[{"@type":"ListItem","position":1,"name":"Prima pagin\u0103","item":"https:\/\/eurotech-iasi.ro\/magazinonline\/"},{"@type":"ListItem","position":2,"name":"Shop","item":"https:\/\/eurotech-iasi.ro\/magazinonline\/shop\/"},{"@type":"ListItem","position":3,"name":"Motocultor Grillo G110DF Honda GX390"}]},{"@type":"WebSite","@id":"https:\/\/eurotech-iasi.ro\/magazinonline\/#website","url":"https:\/\/eurotech-iasi.ro\/magazinonline\/","name":"Eurotech Iasi","description":"Cu oameni seriosi","publisher":{"@id":"https:\/\/eurotech-iasi.ro\/magazinonline\/#organization"},"potentialAction":[{"@type":"SearchAction","target":{"@type":"EntryPoint","urlTemplate":"https:\/\/eurotech-iasi.ro\/magazinonline\/?s={search_term_string}"},"query-input":{"@type":"PropertyValueSpecification","valueRequired":true,"valueName":"search_term_string"}}],"inLanguage":"ro-RO"},{"@type":"Organization","@id":"https:\/\/eurotech-iasi.ro\/magazinonline\/#organization","name":"Eurotech Iasi","url":"https:\/\/eurotech-iasi.ro\/magazinonline\/","logo":{"@type":"ImageObject","inLanguage":"ro-RO","@id":"https:\/\/eurotech-iasi.ro\/magazinonline\/#\/schema\/logo\/image\/","url":"https:\/\/eurotech-iasi.ro\/magazinonline\/wp-content\/uploads\/2020\/08\/logo-eurotech.png","contentUrl":"https:\/\/eurotech-iasi.ro\/magazinonline\/wp-content\/uploads\/2020\/08\/logo-eurotech.png","width":290,"height":70,"caption":"Eurotech Iasi"},"image":{"@id":"https:\/\/eurotech-iasi.ro\/magazinonline\/#\/schema\/logo\/image\/"},"sameAs":["https:\/\/www.facebook.com\/EurotechIasi\/"]}]}},"_links":{"self":[{"href":"https:\/\/eurotech-iasi.ro\/magazinonline\/wp-json\/wp\/v2\/product\/15705","targetHints":{"allow":["GET"]}}],"collection":[{"href":"https:\/\/eurotech-iasi.ro\/magazinonline\/wp-json\/wp\/v2\/product"}],"about":[{"href":"https:\/\/eurotech-iasi.ro\/magazinonline\/wp-json\/wp\/v2\/types\/product"}],"replies":[{"embeddable":true,"href":"https:\/\/eurotech-iasi.ro\/magazinonline\/wp-json\/wp\/v2\/comments?post=15705"}],"wp:featuredmedia":[{"embeddable":true,"href":"https:\/\/eurotech-iasi.ro\/magazinonline\/wp-json\/wp\/v2\/media\/98304"}],"wp:attachment":[{"href":"https:\/\/eurotech-iasi.ro\/magazinonline\/wp-json\/wp\/v2\/media?parent=15705"}],"wp:term":[{"taxonomy":"product_cat","embeddable":true,"href":"https:\/\/eurotech-iasi.ro\/magazinonline\/wp-json\/wp\/v2\/product_cat?post=15705"},{"taxonomy":"product_tag","embeddable":true,"href":"https:\/\/eurotech-iasi.ro\/magazinonline\/wp-json\/wp\/v2\/product_tag?post=15705"},{"taxonomy":"woo-feed-brand","embeddable":true,"href":"https:\/\/eurotech-iasi.ro\/magazinonline\/wp-json\/wp\/v2\/woo-feed-brand?post=15705"}],"curies":[{"name":"wp","href":"https:\/\/api.w.org\/{rel}","templated":true}]}}