{"id":15807,"date":"2019-04-17T14:02:32","date_gmt":"2019-04-17T11:02:32","guid":{"rendered":"https:\/\/eurotech-iasi.ro\/magazinonline\/?post_type=product&#038;p=15807"},"modified":"2026-01-05T13:30:46","modified_gmt":"2026-01-05T11:30:46","slug":"slefuitor-cu-vibratii-bosch-gss-160-multi","status":"publish","type":"product","link":"https:\/\/eurotech-iasi.ro\/magazinonline\/produs\/slefuitor-cu-vibratii-bosch-gss-160-multi\/","title":{"rendered":"Slefuitor cu vibratii BOSCH GSS 160 Multi"},"content":{"rendered":"<p><strong>Slefuitorul cu vibratii GSS 160 Multi<\/strong> de la <strong>BOSCH<\/strong> este un slefuitor cu vibratii, <em><strong>robust<\/strong><\/em> si <em><strong>compact<\/strong><\/em>. Este un utilaj foarte usor de folosit,<em><strong> manevrabil cu o singura mana<\/strong><\/em>. Schimbarea placii de slefuire (140, 160 \u0219i Delta) ofera flexibilitate maxima utilizatorului. <strong>GSS 160 Multi<\/strong> este un slefuitor fin ce se potriveste in orice colt, cu o <em><strong>forma constructiva ergonomica<\/strong><\/em> cu doua suprafete <em><strong>Softgrip<\/strong><\/em> pentru doua pozitii de prindere. Are o durata lunga de viata datorita rulmentilor etansati si constructiei robuste. Fixarea hartiei se face usor, fara fluturare si rupere. <strong>Slefuitor cu vibratii BOSCH GSS 160 Multi<\/strong> este prevazut cu <em><strong>sistem de microfiltrare Bosch<\/strong><\/em> pentru aspirarea eficienta a prafului.<\/p>\n<p><strong>Continutul pachetului:<\/strong><\/p>\n<ul>\n<li>L-BOXX<\/li>\n<li>Insertie L-BOXX<\/li>\n<li>Perforator<\/li>\n<li>Surubelnita<\/li>\n<li>Cutie colectoare de praf inclusiv Microfiltru<\/li>\n<li>1 foaie abraziva C470, Best for Wood + Paint, 120 (disponibila separat ca set de 10)<\/li>\n<li>1 foaie abraziva C470, Best for Wood + Paint, 120 (disponibila separat ca set de 10)<\/li>\n<li>1 foaie abraziva C470, Best for Wood + Paint, 120 (disponibil\u0103 separat ca set de 10)<\/li>\n<li>Placa de baza Delta, 100 x 150 mm cu placa de slefuire<\/li>\n<li>Placa de baza, 113 x 101 mm cu placa de slefuire<\/li>\n<li>Placa de baza, 80 x 130 mm cu placa de slefuire<\/li>\n<\/ul>\n","protected":false},"excerpt":{"rendered":"<p><strong>Slefuitorul cu vibratii GSS 160 Multi<\/strong> de la <strong>BOSCH<\/strong> este un slefuitor cu vibratii, <em><strong>robust<\/strong><\/em> si <em><strong>compact<\/strong><\/em>. Este un utilaj foarte usor de folosit,<em><strong> manevrabil cu o singura mana<\/strong><\/em>.<\/p>\n<p><em><strong>Cod produs: 06012A2300<\/strong><\/em><\/p>\n","protected":false},"featured_media":15811,"comment_status":"open","ping_status":"closed","template":"","meta":{"_acf_changed":false},"product_cat":[4306,4317],"product_tag":[],"woo-feed-brand":[],"class_list":{"0":"post-15807","1":"product","2":"type-product","3":"status-publish","4":"has-post-thumbnail","6":"product_brand-bosch","7":"product_cat-scule-electrice","8":"product_cat-slefuitoare","9":"pa_brand-bosch","10":"pa_greutate-12-kg","11":"pa_latime-banda-slefuit-100-mm","12":"pa_lungime-banda-slefuire-150-mm","13":"pa_putere-nominala-180-w","14":"pa_turatie-de-mers-in-gol-12-000-rot-min","16":"first","17":"instock","18":"purchasable","19":"product-type-simple"},"acf":[],"yoast_head":"<!-- This site is optimized with the Yoast SEO plugin v27.3 - https:\/\/yoast.com\/product\/yoast-seo-wordpress\/ -->\n<title>Slefuitor cu vibratii BOSCH GSS 160 Multi - Eurotech Iasi<\/title>\n<meta name=\"description\" content=\"Slefuitor cu vibratii BOSCH GSS 160 Multi, plac\u0103 de \u015flefuit, l\u0103\u0163ime 100 mm, plac\u0103 de \u015flefuit, lungime 150 mm, suprafa\u0163a de \u015flefuit 150 qcm.\" \/>\n<meta name=\"robots\" content=\"index, follow, max-snippet:-1, max-image-preview:large, max-video-preview:-1\" \/>\n<link rel=\"canonical\" href=\"https:\/\/eurotech-iasi.ro\/magazinonline\/produs\/slefuitor-cu-vibratii-bosch-gss-160-multi\/\" \/>\n<meta property=\"og:locale\" content=\"ro_RO\" \/>\n<meta property=\"og:type\" content=\"article\" \/>\n<meta property=\"og:title\" content=\"Slefuitor cu vibratii BOSCH GSS 160 Multi - Eurotech Iasi\" \/>\n<meta property=\"og:description\" content=\"Slefuitor cu vibratii BOSCH GSS 160 Multi, plac\u0103 de \u015flefuit, l\u0103\u0163ime 100 mm, plac\u0103 de \u015flefuit, lungime 150 mm, suprafa\u0163a de \u015flefuit 150 qcm.\" \/>\n<meta property=\"og:url\" content=\"https:\/\/eurotech-iasi.ro\/magazinonline\/produs\/slefuitor-cu-vibratii-bosch-gss-160-multi\/\" \/>\n<meta property=\"og:site_name\" content=\"Eurotech Iasi\" \/>\n<meta property=\"article:publisher\" content=\"https:\/\/www.facebook.com\/EurotechIasi\/\" \/>\n<meta property=\"article:modified_time\" content=\"2026-01-05T11:30:46+00:00\" \/>\n<meta property=\"og:image\" content=\"https:\/\/eurotech-iasi.ro\/magazinonline\/wp-content\/uploads\/2019\/04\/slefuitor-cu-vibratii-bosch-gss-160multi-eurotech-iasi-1-scaled.jpg\" \/>\n\t<meta property=\"og:image:width\" content=\"2560\" \/>\n\t<meta property=\"og:image:height\" content=\"2560\" \/>\n\t<meta property=\"og:image:type\" content=\"image\/jpeg\" \/>\n<meta name=\"twitter:label1\" content=\"Timp estimat pentru citire\" \/>\n\t<meta name=\"twitter:data1\" content=\"1 minut\" \/>\n<script type=\"application\/ld+json\" class=\"yoast-schema-graph\">{\"@context\":\"https:\\\/\\\/schema.org\",\"@graph\":[{\"@type\":\"WebPage\",\"@id\":\"https:\\\/\\\/eurotech-iasi.ro\\\/magazinonline\\\/produs\\\/slefuitor-cu-vibratii-bosch-gss-160-multi\\\/\",\"url\":\"https:\\\/\\\/eurotech-iasi.ro\\\/magazinonline\\\/produs\\\/slefuitor-cu-vibratii-bosch-gss-160-multi\\\/\",\"name\":\"Slefuitor cu vibratii BOSCH GSS 160 Multi - Eurotech Iasi\",\"isPartOf\":{\"@id\":\"https:\\\/\\\/eurotech-iasi.ro\\\/magazinonline\\\/#website\"},\"primaryImageOfPage\":{\"@id\":\"https:\\\/\\\/eurotech-iasi.ro\\\/magazinonline\\\/produs\\\/slefuitor-cu-vibratii-bosch-gss-160-multi\\\/#primaryimage\"},\"image\":{\"@id\":\"https:\\\/\\\/eurotech-iasi.ro\\\/magazinonline\\\/produs\\\/slefuitor-cu-vibratii-bosch-gss-160-multi\\\/#primaryimage\"},\"thumbnailUrl\":\"https:\\\/\\\/eurotech-iasi.ro\\\/magazinonline\\\/wp-content\\\/uploads\\\/2019\\\/04\\\/slefuitor-cu-vibratii-bosch-gss-160multi-eurotech-iasi-1-scaled.jpg\",\"datePublished\":\"2019-04-17T11:02:32+00:00\",\"dateModified\":\"2026-01-05T11:30:46+00:00\",\"description\":\"Slefuitor cu vibratii BOSCH GSS 160 Multi, plac\u0103 de \u015flefuit, l\u0103\u0163ime 100 mm, plac\u0103 de \u015flefuit, lungime 150 mm, suprafa\u0163a de \u015flefuit 150 qcm.\",\"breadcrumb\":{\"@id\":\"https:\\\/\\\/eurotech-iasi.ro\\\/magazinonline\\\/produs\\\/slefuitor-cu-vibratii-bosch-gss-160-multi\\\/#breadcrumb\"},\"inLanguage\":\"ro-RO\",\"potentialAction\":[{\"@type\":\"ReadAction\",\"target\":[\"https:\\\/\\\/eurotech-iasi.ro\\\/magazinonline\\\/produs\\\/slefuitor-cu-vibratii-bosch-gss-160-multi\\\/\"]}]},{\"@type\":\"ImageObject\",\"inLanguage\":\"ro-RO\",\"@id\":\"https:\\\/\\\/eurotech-iasi.ro\\\/magazinonline\\\/produs\\\/slefuitor-cu-vibratii-bosch-gss-160-multi\\\/#primaryimage\",\"url\":\"https:\\\/\\\/eurotech-iasi.ro\\\/magazinonline\\\/wp-content\\\/uploads\\\/2019\\\/04\\\/slefuitor-cu-vibratii-bosch-gss-160multi-eurotech-iasi-1-scaled.jpg\",\"contentUrl\":\"https:\\\/\\\/eurotech-iasi.ro\\\/magazinonline\\\/wp-content\\\/uploads\\\/2019\\\/04\\\/slefuitor-cu-vibratii-bosch-gss-160multi-eurotech-iasi-1-scaled.jpg\",\"width\":2560,\"height\":2560},{\"@type\":\"BreadcrumbList\",\"@id\":\"https:\\\/\\\/eurotech-iasi.ro\\\/magazinonline\\\/produs\\\/slefuitor-cu-vibratii-bosch-gss-160-multi\\\/#breadcrumb\",\"itemListElement\":[{\"@type\":\"ListItem\",\"position\":1,\"name\":\"Prima pagin\u0103\",\"item\":\"https:\\\/\\\/eurotech-iasi.ro\\\/magazinonline\\\/\"},{\"@type\":\"ListItem\",\"position\":2,\"name\":\"Shop\",\"item\":\"https:\\\/\\\/eurotech-iasi.ro\\\/magazinonline\\\/shop\\\/\"},{\"@type\":\"ListItem\",\"position\":3,\"name\":\"Slefuitor cu vibratii BOSCH GSS 160 Multi\"}]},{\"@type\":\"WebSite\",\"@id\":\"https:\\\/\\\/eurotech-iasi.ro\\\/magazinonline\\\/#website\",\"url\":\"https:\\\/\\\/eurotech-iasi.ro\\\/magazinonline\\\/\",\"name\":\"Eurotech Iasi\",\"description\":\"Cu oameni seriosi\",\"publisher\":{\"@id\":\"https:\\\/\\\/eurotech-iasi.ro\\\/magazinonline\\\/#organization\"},\"potentialAction\":[{\"@type\":\"SearchAction\",\"target\":{\"@type\":\"EntryPoint\",\"urlTemplate\":\"https:\\\/\\\/eurotech-iasi.ro\\\/magazinonline\\\/?s={search_term_string}\"},\"query-input\":{\"@type\":\"PropertyValueSpecification\",\"valueRequired\":true,\"valueName\":\"search_term_string\"}}],\"inLanguage\":\"ro-RO\"},{\"@type\":\"Organization\",\"@id\":\"https:\\\/\\\/eurotech-iasi.ro\\\/magazinonline\\\/#organization\",\"name\":\"Eurotech Iasi\",\"url\":\"https:\\\/\\\/eurotech-iasi.ro\\\/magazinonline\\\/\",\"logo\":{\"@type\":\"ImageObject\",\"inLanguage\":\"ro-RO\",\"@id\":\"https:\\\/\\\/eurotech-iasi.ro\\\/magazinonline\\\/#\\\/schema\\\/logo\\\/image\\\/\",\"url\":\"https:\\\/\\\/eurotech-iasi.ro\\\/magazinonline\\\/wp-content\\\/uploads\\\/2020\\\/08\\\/logo-eurotech.png\",\"contentUrl\":\"https:\\\/\\\/eurotech-iasi.ro\\\/magazinonline\\\/wp-content\\\/uploads\\\/2020\\\/08\\\/logo-eurotech.png\",\"width\":290,\"height\":70,\"caption\":\"Eurotech Iasi\"},\"image\":{\"@id\":\"https:\\\/\\\/eurotech-iasi.ro\\\/magazinonline\\\/#\\\/schema\\\/logo\\\/image\\\/\"},\"sameAs\":[\"https:\\\/\\\/www.facebook.com\\\/EurotechIasi\\\/\"]}]}<\/script>\n<!-- \/ Yoast SEO plugin. -->","yoast_head_json":{"title":"Slefuitor cu vibratii BOSCH GSS 160 Multi - Eurotech Iasi","description":"Slefuitor cu vibratii BOSCH GSS 160 Multi, plac\u0103 de \u015flefuit, l\u0103\u0163ime 100 mm, plac\u0103 de \u015flefuit, lungime 150 mm, suprafa\u0163a de \u015flefuit 150 qcm.","robots":{"index":"index","follow":"follow","max-snippet":"max-snippet:-1","max-image-preview":"max-image-preview:large","max-video-preview":"max-video-preview:-1"},"canonical":"https:\/\/eurotech-iasi.ro\/magazinonline\/produs\/slefuitor-cu-vibratii-bosch-gss-160-multi\/","og_locale":"ro_RO","og_type":"article","og_title":"Slefuitor cu vibratii BOSCH GSS 160 Multi - Eurotech Iasi","og_description":"Slefuitor cu vibratii BOSCH GSS 160 Multi, plac\u0103 de \u015flefuit, l\u0103\u0163ime 100 mm, plac\u0103 de \u015flefuit, lungime 150 mm, suprafa\u0163a de \u015flefuit 150 qcm.","og_url":"https:\/\/eurotech-iasi.ro\/magazinonline\/produs\/slefuitor-cu-vibratii-bosch-gss-160-multi\/","og_site_name":"Eurotech Iasi","article_publisher":"https:\/\/www.facebook.com\/EurotechIasi\/","article_modified_time":"2026-01-05T11:30:46+00:00","og_image":[{"width":2560,"height":2560,"url":"https:\/\/eurotech-iasi.ro\/magazinonline\/wp-content\/uploads\/2019\/04\/slefuitor-cu-vibratii-bosch-gss-160multi-eurotech-iasi-1-scaled.jpg","type":"image\/jpeg"}],"twitter_misc":{"Timp estimat pentru citire":"1 minut"},"schema":{"@context":"https:\/\/schema.org","@graph":[{"@type":"WebPage","@id":"https:\/\/eurotech-iasi.ro\/magazinonline\/produs\/slefuitor-cu-vibratii-bosch-gss-160-multi\/","url":"https:\/\/eurotech-iasi.ro\/magazinonline\/produs\/slefuitor-cu-vibratii-bosch-gss-160-multi\/","name":"Slefuitor cu vibratii BOSCH GSS 160 Multi - Eurotech Iasi","isPartOf":{"@id":"https:\/\/eurotech-iasi.ro\/magazinonline\/#website"},"primaryImageOfPage":{"@id":"https:\/\/eurotech-iasi.ro\/magazinonline\/produs\/slefuitor-cu-vibratii-bosch-gss-160-multi\/#primaryimage"},"image":{"@id":"https:\/\/eurotech-iasi.ro\/magazinonline\/produs\/slefuitor-cu-vibratii-bosch-gss-160-multi\/#primaryimage"},"thumbnailUrl":"https:\/\/eurotech-iasi.ro\/magazinonline\/wp-content\/uploads\/2019\/04\/slefuitor-cu-vibratii-bosch-gss-160multi-eurotech-iasi-1-scaled.jpg","datePublished":"2019-04-17T11:02:32+00:00","dateModified":"2026-01-05T11:30:46+00:00","description":"Slefuitor cu vibratii BOSCH GSS 160 Multi, plac\u0103 de \u015flefuit, l\u0103\u0163ime 100 mm, plac\u0103 de \u015flefuit, lungime 150 mm, suprafa\u0163a de \u015flefuit 150 qcm.","breadcrumb":{"@id":"https:\/\/eurotech-iasi.ro\/magazinonline\/produs\/slefuitor-cu-vibratii-bosch-gss-160-multi\/#breadcrumb"},"inLanguage":"ro-RO","potentialAction":[{"@type":"ReadAction","target":["https:\/\/eurotech-iasi.ro\/magazinonline\/produs\/slefuitor-cu-vibratii-bosch-gss-160-multi\/"]}]},{"@type":"ImageObject","inLanguage":"ro-RO","@id":"https:\/\/eurotech-iasi.ro\/magazinonline\/produs\/slefuitor-cu-vibratii-bosch-gss-160-multi\/#primaryimage","url":"https:\/\/eurotech-iasi.ro\/magazinonline\/wp-content\/uploads\/2019\/04\/slefuitor-cu-vibratii-bosch-gss-160multi-eurotech-iasi-1-scaled.jpg","contentUrl":"https:\/\/eurotech-iasi.ro\/magazinonline\/wp-content\/uploads\/2019\/04\/slefuitor-cu-vibratii-bosch-gss-160multi-eurotech-iasi-1-scaled.jpg","width":2560,"height":2560},{"@type":"BreadcrumbList","@id":"https:\/\/eurotech-iasi.ro\/magazinonline\/produs\/slefuitor-cu-vibratii-bosch-gss-160-multi\/#breadcrumb","itemListElement":[{"@type":"ListItem","position":1,"name":"Prima pagin\u0103","item":"https:\/\/eurotech-iasi.ro\/magazinonline\/"},{"@type":"ListItem","position":2,"name":"Shop","item":"https:\/\/eurotech-iasi.ro\/magazinonline\/shop\/"},{"@type":"ListItem","position":3,"name":"Slefuitor cu vibratii BOSCH GSS 160 Multi"}]},{"@type":"WebSite","@id":"https:\/\/eurotech-iasi.ro\/magazinonline\/#website","url":"https:\/\/eurotech-iasi.ro\/magazinonline\/","name":"Eurotech Iasi","description":"Cu oameni seriosi","publisher":{"@id":"https:\/\/eurotech-iasi.ro\/magazinonline\/#organization"},"potentialAction":[{"@type":"SearchAction","target":{"@type":"EntryPoint","urlTemplate":"https:\/\/eurotech-iasi.ro\/magazinonline\/?s={search_term_string}"},"query-input":{"@type":"PropertyValueSpecification","valueRequired":true,"valueName":"search_term_string"}}],"inLanguage":"ro-RO"},{"@type":"Organization","@id":"https:\/\/eurotech-iasi.ro\/magazinonline\/#organization","name":"Eurotech Iasi","url":"https:\/\/eurotech-iasi.ro\/magazinonline\/","logo":{"@type":"ImageObject","inLanguage":"ro-RO","@id":"https:\/\/eurotech-iasi.ro\/magazinonline\/#\/schema\/logo\/image\/","url":"https:\/\/eurotech-iasi.ro\/magazinonline\/wp-content\/uploads\/2020\/08\/logo-eurotech.png","contentUrl":"https:\/\/eurotech-iasi.ro\/magazinonline\/wp-content\/uploads\/2020\/08\/logo-eurotech.png","width":290,"height":70,"caption":"Eurotech Iasi"},"image":{"@id":"https:\/\/eurotech-iasi.ro\/magazinonline\/#\/schema\/logo\/image\/"},"sameAs":["https:\/\/www.facebook.com\/EurotechIasi\/"]}]}},"_links":{"self":[{"href":"https:\/\/eurotech-iasi.ro\/magazinonline\/wp-json\/wp\/v2\/product\/15807","targetHints":{"allow":["GET"]}}],"collection":[{"href":"https:\/\/eurotech-iasi.ro\/magazinonline\/wp-json\/wp\/v2\/product"}],"about":[{"href":"https:\/\/eurotech-iasi.ro\/magazinonline\/wp-json\/wp\/v2\/types\/product"}],"replies":[{"embeddable":true,"href":"https:\/\/eurotech-iasi.ro\/magazinonline\/wp-json\/wp\/v2\/comments?post=15807"}],"wp:featuredmedia":[{"embeddable":true,"href":"https:\/\/eurotech-iasi.ro\/magazinonline\/wp-json\/wp\/v2\/media\/15811"}],"wp:attachment":[{"href":"https:\/\/eurotech-iasi.ro\/magazinonline\/wp-json\/wp\/v2\/media?parent=15807"}],"wp:term":[{"taxonomy":"product_cat","embeddable":true,"href":"https:\/\/eurotech-iasi.ro\/magazinonline\/wp-json\/wp\/v2\/product_cat?post=15807"},{"taxonomy":"product_tag","embeddable":true,"href":"https:\/\/eurotech-iasi.ro\/magazinonline\/wp-json\/wp\/v2\/product_tag?post=15807"},{"taxonomy":"woo-feed-brand","embeddable":true,"href":"https:\/\/eurotech-iasi.ro\/magazinonline\/wp-json\/wp\/v2\/woo-feed-brand?post=15807"}],"curies":[{"name":"wp","href":"https:\/\/api.w.org\/{rel}","templated":true}]}}