{"id":16018,"date":"2019-04-22T09:13:59","date_gmt":"2019-04-22T06:13:59","guid":{"rendered":"https:\/\/eurotech-iasi.ro\/magazinonline\/?post_type=product&#038;p=16018"},"modified":"2026-01-05T13:25:31","modified_gmt":"2026-01-05T11:25:31","slug":"nivela-optica-bosch-gol-32-g","status":"publish","type":"product","link":"https:\/\/eurotech-iasi.ro\/magazinonline\/produs\/nivela-optica-bosch-gol-32-g\/","title":{"rendered":"Nivela optica BOSCH GOL 32 G"},"content":{"rendered":"<p><strong>Nivela optica GOL 32 G<\/strong> de la <strong>BOSCH<\/strong> prevazuta cu un obiectiv puternic pentru o imagine clara a tintei prezinta un <em><strong>nivel ridicat de precizie<\/strong><\/em> pe o raza mare de actiune. <em><strong>Fiabila si robusta<\/strong><\/em>, nivela GOL 32 G este ideala in masuratorile de precizie pentru experti precum cei in cartografie sau inginerii de topografie. Datorita designului, <strong>nivela GOL 32 G<\/strong> este potrivita pentru aplicatiile dificile precum: <em><strong>nivelarea fundatiilor, excavarea sau nivelarea canalelor<\/strong><\/em>. Cu echipamentul potrivit de la BOSCH lucrarile profesionale de nivelare se fac rapid, usor si fara sa fie nevoie de o echipa numeroasa. Transport sigur datorit\u0103 \u00eenchiz\u0103toarei duble pentru compensator.<\/p>\n<p><strong>Specificatii tehnice:<\/strong><\/p>\n<p><strong>Unitate de masura &#8211;<\/strong> 400 goni<br \/>\n<strong>Factor de marire<\/strong>\u00a0 &#8211; 32 x<br \/>\n<strong>Precizie de nivelare de la &#8211;\u00a0<\/strong> \u00b1 1 mm la 30 m<br \/>\n<strong>Domeniu de lucru, &#8211;<\/strong> valoare 120 m<br \/>\n<strong>Domeniu de lucru &#8211;<\/strong> 120 m<br \/>\n<strong>Protectie impotriva prafului si a stropilor de apa &#8211;<\/strong> IP 54<br \/>\n<strong>Filet stativ &#8211;<\/strong> 5\/8&#8243;<br \/>\n<strong>Temperatura de functionare &#8211;<\/strong> -10 \u2013 50 \u00b0C<br \/>\n<strong>Temperatura de depozitare &#8211;<\/strong> -20 \u2013 70 \u00b0C<br \/>\n<strong>Greutate, aprox. &#8211;<\/strong> 1.5 kg<\/p>\n<p><strong>Set de livrare:<\/strong><\/p>\n<ul>\n<li>Protectie lentila<\/li>\n<li>Fir cu plumb<\/li>\n<li>Cheie de reglare<\/li>\n<li>Cheie hexagonala (imbus)<\/li>\n<li>Valiza de transport<\/li>\n<\/ul>\n<p><iframe loading=\"lazy\" title=\"YouTube video player\" src=\"https:\/\/www.youtube.com\/embed\/8saLB2FKnaM\" width=\"560\" height=\"315\" frameborder=\"0\" allowfullscreen=\"allowfullscreen\"><\/iframe><\/p>\n","protected":false},"excerpt":{"rendered":"<p><strong>Nivela optica GOL 32 G<\/strong> de la <strong>BOSCH<\/strong> special conceputa pentru <em><strong>rezultate de precizie<\/strong> <\/em>in mediul exterior datorita obiectivului puternic pentru o imagine clar\u0103 a \u0163intei, are un design robust si este prevazuta cu protectie impotriva prafului si a stropilor de apa.<\/p>\n<p><em><strong>Cod produs: 0 601 068 501<\/strong><\/em><\/p>\n<p>&nbsp;<\/p>\n","protected":false},"featured_media":76145,"comment_status":"open","ping_status":"closed","template":"","meta":{"_acf_changed":false},"product_cat":[4338,4381],"product_tag":[],"woo-feed-brand":[],"class_list":{"0":"post-16018","1":"product","2":"type-product","3":"status-publish","4":"has-post-thumbnail","6":"product_brand-bosch","7":"product_cat-instrumente-de-masura-si-control","8":"product_cat-nivele-optice","9":"pa_brand-bosch","10":"pa_domeniu-de-lucru-120-m","11":"pa_greutate-15-kg","13":"first","14":"instock","15":"purchasable","16":"product-type-simple"},"acf":[],"yoast_head":"<!-- This site is optimized with the Yoast SEO plugin v27.5 - https:\/\/yoast.com\/product\/yoast-seo-wordpress\/ -->\n<title>Nivela optica BOSCH GOL 32 G - Eurotech Iasi<\/title>\n<meta name=\"description\" content=\"Nivela optica BOSCH GOL 32 G, cu obiectiv puternic pentru o imagine clara a tintei prezinta un nivel ridicat de precizie pe o raza mare de actiune.\" \/>\n<meta name=\"robots\" content=\"index, follow, max-snippet:-1, max-image-preview:large, max-video-preview:-1\" \/>\n<link rel=\"canonical\" href=\"https:\/\/eurotech-iasi.ro\/magazinonline\/produs\/nivela-optica-bosch-gol-32-g\/\" \/>\n<meta property=\"og:locale\" content=\"ro_RO\" \/>\n<meta property=\"og:type\" content=\"article\" \/>\n<meta property=\"og:title\" content=\"Nivela optica BOSCH GOL 32 G - Eurotech Iasi\" \/>\n<meta property=\"og:description\" content=\"Nivela optica BOSCH GOL 32 G, cu obiectiv puternic pentru o imagine clara a tintei prezinta un nivel ridicat de precizie pe o raza mare de actiune.\" \/>\n<meta property=\"og:url\" content=\"https:\/\/eurotech-iasi.ro\/magazinonline\/produs\/nivela-optica-bosch-gol-32-g\/\" \/>\n<meta property=\"og:site_name\" content=\"Eurotech Iasi\" \/>\n<meta property=\"article:publisher\" content=\"https:\/\/www.facebook.com\/EurotechIasi\/\" \/>\n<meta property=\"article:modified_time\" content=\"2026-01-05T11:25:31+00:00\" \/>\n<meta property=\"og:image\" content=\"https:\/\/eurotech-iasi.ro\/magazinonline\/wp-content\/uploads\/2019\/04\/1.jpg\" \/>\n\t<meta property=\"og:image:width\" content=\"750\" \/>\n\t<meta property=\"og:image:height\" content=\"750\" \/>\n\t<meta property=\"og:image:type\" content=\"image\/jpeg\" \/>\n<meta name=\"twitter:label1\" content=\"Timp estimat pentru citire\" \/>\n\t<meta name=\"twitter:data1\" content=\"1 minut\" \/>\n<script type=\"application\/ld+json\" class=\"yoast-schema-graph\">{\"@context\":\"https:\\\/\\\/schema.org\",\"@graph\":[{\"@type\":\"WebPage\",\"@id\":\"https:\\\/\\\/eurotech-iasi.ro\\\/magazinonline\\\/produs\\\/nivela-optica-bosch-gol-32-g\\\/\",\"url\":\"https:\\\/\\\/eurotech-iasi.ro\\\/magazinonline\\\/produs\\\/nivela-optica-bosch-gol-32-g\\\/\",\"name\":\"Nivela optica BOSCH GOL 32 G - Eurotech Iasi\",\"isPartOf\":{\"@id\":\"https:\\\/\\\/eurotech-iasi.ro\\\/magazinonline\\\/#website\"},\"primaryImageOfPage\":{\"@id\":\"https:\\\/\\\/eurotech-iasi.ro\\\/magazinonline\\\/produs\\\/nivela-optica-bosch-gol-32-g\\\/#primaryimage\"},\"image\":{\"@id\":\"https:\\\/\\\/eurotech-iasi.ro\\\/magazinonline\\\/produs\\\/nivela-optica-bosch-gol-32-g\\\/#primaryimage\"},\"thumbnailUrl\":\"https:\\\/\\\/eurotech-iasi.ro\\\/magazinonline\\\/wp-content\\\/uploads\\\/2019\\\/04\\\/1.jpg\",\"datePublished\":\"2019-04-22T06:13:59+00:00\",\"dateModified\":\"2026-01-05T11:25:31+00:00\",\"description\":\"Nivela optica BOSCH GOL 32 G, cu obiectiv puternic pentru o imagine clara a tintei prezinta un nivel ridicat de precizie pe o raza mare de actiune.\",\"breadcrumb\":{\"@id\":\"https:\\\/\\\/eurotech-iasi.ro\\\/magazinonline\\\/produs\\\/nivela-optica-bosch-gol-32-g\\\/#breadcrumb\"},\"inLanguage\":\"ro-RO\",\"potentialAction\":[{\"@type\":\"ReadAction\",\"target\":[\"https:\\\/\\\/eurotech-iasi.ro\\\/magazinonline\\\/produs\\\/nivela-optica-bosch-gol-32-g\\\/\"]}]},{\"@type\":\"ImageObject\",\"inLanguage\":\"ro-RO\",\"@id\":\"https:\\\/\\\/eurotech-iasi.ro\\\/magazinonline\\\/produs\\\/nivela-optica-bosch-gol-32-g\\\/#primaryimage\",\"url\":\"https:\\\/\\\/eurotech-iasi.ro\\\/magazinonline\\\/wp-content\\\/uploads\\\/2019\\\/04\\\/1.jpg\",\"contentUrl\":\"https:\\\/\\\/eurotech-iasi.ro\\\/magazinonline\\\/wp-content\\\/uploads\\\/2019\\\/04\\\/1.jpg\",\"width\":750,\"height\":750},{\"@type\":\"BreadcrumbList\",\"@id\":\"https:\\\/\\\/eurotech-iasi.ro\\\/magazinonline\\\/produs\\\/nivela-optica-bosch-gol-32-g\\\/#breadcrumb\",\"itemListElement\":[{\"@type\":\"ListItem\",\"position\":1,\"name\":\"Prima pagin\u0103\",\"item\":\"https:\\\/\\\/eurotech-iasi.ro\\\/magazinonline\\\/\"},{\"@type\":\"ListItem\",\"position\":2,\"name\":\"Shop\",\"item\":\"https:\\\/\\\/eurotech-iasi.ro\\\/magazinonline\\\/shop\\\/\"},{\"@type\":\"ListItem\",\"position\":3,\"name\":\"Nivela optica BOSCH GOL 32 G\"}]},{\"@type\":\"WebSite\",\"@id\":\"https:\\\/\\\/eurotech-iasi.ro\\\/magazinonline\\\/#website\",\"url\":\"https:\\\/\\\/eurotech-iasi.ro\\\/magazinonline\\\/\",\"name\":\"Eurotech Iasi\",\"description\":\"Cu oameni seriosi\",\"publisher\":{\"@id\":\"https:\\\/\\\/eurotech-iasi.ro\\\/magazinonline\\\/#organization\"},\"potentialAction\":[{\"@type\":\"SearchAction\",\"target\":{\"@type\":\"EntryPoint\",\"urlTemplate\":\"https:\\\/\\\/eurotech-iasi.ro\\\/magazinonline\\\/?s={search_term_string}\"},\"query-input\":{\"@type\":\"PropertyValueSpecification\",\"valueRequired\":true,\"valueName\":\"search_term_string\"}}],\"inLanguage\":\"ro-RO\"},{\"@type\":\"Organization\",\"@id\":\"https:\\\/\\\/eurotech-iasi.ro\\\/magazinonline\\\/#organization\",\"name\":\"Eurotech Iasi\",\"url\":\"https:\\\/\\\/eurotech-iasi.ro\\\/magazinonline\\\/\",\"logo\":{\"@type\":\"ImageObject\",\"inLanguage\":\"ro-RO\",\"@id\":\"https:\\\/\\\/eurotech-iasi.ro\\\/magazinonline\\\/#\\\/schema\\\/logo\\\/image\\\/\",\"url\":\"https:\\\/\\\/eurotech-iasi.ro\\\/magazinonline\\\/wp-content\\\/uploads\\\/2020\\\/08\\\/logo-eurotech.png\",\"contentUrl\":\"https:\\\/\\\/eurotech-iasi.ro\\\/magazinonline\\\/wp-content\\\/uploads\\\/2020\\\/08\\\/logo-eurotech.png\",\"width\":290,\"height\":70,\"caption\":\"Eurotech Iasi\"},\"image\":{\"@id\":\"https:\\\/\\\/eurotech-iasi.ro\\\/magazinonline\\\/#\\\/schema\\\/logo\\\/image\\\/\"},\"sameAs\":[\"https:\\\/\\\/www.facebook.com\\\/EurotechIasi\\\/\"]}]}<\/script>\n<!-- \/ Yoast SEO plugin. -->","yoast_head_json":{"title":"Nivela optica BOSCH GOL 32 G - Eurotech Iasi","description":"Nivela optica BOSCH GOL 32 G, cu obiectiv puternic pentru o imagine clara a tintei prezinta un nivel ridicat de precizie pe o raza mare de actiune.","robots":{"index":"index","follow":"follow","max-snippet":"max-snippet:-1","max-image-preview":"max-image-preview:large","max-video-preview":"max-video-preview:-1"},"canonical":"https:\/\/eurotech-iasi.ro\/magazinonline\/produs\/nivela-optica-bosch-gol-32-g\/","og_locale":"ro_RO","og_type":"article","og_title":"Nivela optica BOSCH GOL 32 G - Eurotech Iasi","og_description":"Nivela optica BOSCH GOL 32 G, cu obiectiv puternic pentru o imagine clara a tintei prezinta un nivel ridicat de precizie pe o raza mare de actiune.","og_url":"https:\/\/eurotech-iasi.ro\/magazinonline\/produs\/nivela-optica-bosch-gol-32-g\/","og_site_name":"Eurotech Iasi","article_publisher":"https:\/\/www.facebook.com\/EurotechIasi\/","article_modified_time":"2026-01-05T11:25:31+00:00","og_image":[{"width":750,"height":750,"url":"https:\/\/eurotech-iasi.ro\/magazinonline\/wp-content\/uploads\/2019\/04\/1.jpg","type":"image\/jpeg"}],"twitter_misc":{"Timp estimat pentru citire":"1 minut"},"schema":{"@context":"https:\/\/schema.org","@graph":[{"@type":"WebPage","@id":"https:\/\/eurotech-iasi.ro\/magazinonline\/produs\/nivela-optica-bosch-gol-32-g\/","url":"https:\/\/eurotech-iasi.ro\/magazinonline\/produs\/nivela-optica-bosch-gol-32-g\/","name":"Nivela optica BOSCH GOL 32 G - Eurotech Iasi","isPartOf":{"@id":"https:\/\/eurotech-iasi.ro\/magazinonline\/#website"},"primaryImageOfPage":{"@id":"https:\/\/eurotech-iasi.ro\/magazinonline\/produs\/nivela-optica-bosch-gol-32-g\/#primaryimage"},"image":{"@id":"https:\/\/eurotech-iasi.ro\/magazinonline\/produs\/nivela-optica-bosch-gol-32-g\/#primaryimage"},"thumbnailUrl":"https:\/\/eurotech-iasi.ro\/magazinonline\/wp-content\/uploads\/2019\/04\/1.jpg","datePublished":"2019-04-22T06:13:59+00:00","dateModified":"2026-01-05T11:25:31+00:00","description":"Nivela optica BOSCH GOL 32 G, cu obiectiv puternic pentru o imagine clara a tintei prezinta un nivel ridicat de precizie pe o raza mare de actiune.","breadcrumb":{"@id":"https:\/\/eurotech-iasi.ro\/magazinonline\/produs\/nivela-optica-bosch-gol-32-g\/#breadcrumb"},"inLanguage":"ro-RO","potentialAction":[{"@type":"ReadAction","target":["https:\/\/eurotech-iasi.ro\/magazinonline\/produs\/nivela-optica-bosch-gol-32-g\/"]}]},{"@type":"ImageObject","inLanguage":"ro-RO","@id":"https:\/\/eurotech-iasi.ro\/magazinonline\/produs\/nivela-optica-bosch-gol-32-g\/#primaryimage","url":"https:\/\/eurotech-iasi.ro\/magazinonline\/wp-content\/uploads\/2019\/04\/1.jpg","contentUrl":"https:\/\/eurotech-iasi.ro\/magazinonline\/wp-content\/uploads\/2019\/04\/1.jpg","width":750,"height":750},{"@type":"BreadcrumbList","@id":"https:\/\/eurotech-iasi.ro\/magazinonline\/produs\/nivela-optica-bosch-gol-32-g\/#breadcrumb","itemListElement":[{"@type":"ListItem","position":1,"name":"Prima pagin\u0103","item":"https:\/\/eurotech-iasi.ro\/magazinonline\/"},{"@type":"ListItem","position":2,"name":"Shop","item":"https:\/\/eurotech-iasi.ro\/magazinonline\/shop\/"},{"@type":"ListItem","position":3,"name":"Nivela optica BOSCH GOL 32 G"}]},{"@type":"WebSite","@id":"https:\/\/eurotech-iasi.ro\/magazinonline\/#website","url":"https:\/\/eurotech-iasi.ro\/magazinonline\/","name":"Eurotech Iasi","description":"Cu oameni seriosi","publisher":{"@id":"https:\/\/eurotech-iasi.ro\/magazinonline\/#organization"},"potentialAction":[{"@type":"SearchAction","target":{"@type":"EntryPoint","urlTemplate":"https:\/\/eurotech-iasi.ro\/magazinonline\/?s={search_term_string}"},"query-input":{"@type":"PropertyValueSpecification","valueRequired":true,"valueName":"search_term_string"}}],"inLanguage":"ro-RO"},{"@type":"Organization","@id":"https:\/\/eurotech-iasi.ro\/magazinonline\/#organization","name":"Eurotech Iasi","url":"https:\/\/eurotech-iasi.ro\/magazinonline\/","logo":{"@type":"ImageObject","inLanguage":"ro-RO","@id":"https:\/\/eurotech-iasi.ro\/magazinonline\/#\/schema\/logo\/image\/","url":"https:\/\/eurotech-iasi.ro\/magazinonline\/wp-content\/uploads\/2020\/08\/logo-eurotech.png","contentUrl":"https:\/\/eurotech-iasi.ro\/magazinonline\/wp-content\/uploads\/2020\/08\/logo-eurotech.png","width":290,"height":70,"caption":"Eurotech Iasi"},"image":{"@id":"https:\/\/eurotech-iasi.ro\/magazinonline\/#\/schema\/logo\/image\/"},"sameAs":["https:\/\/www.facebook.com\/EurotechIasi\/"]}]}},"_links":{"self":[{"href":"https:\/\/eurotech-iasi.ro\/magazinonline\/wp-json\/wp\/v2\/product\/16018","targetHints":{"allow":["GET"]}}],"collection":[{"href":"https:\/\/eurotech-iasi.ro\/magazinonline\/wp-json\/wp\/v2\/product"}],"about":[{"href":"https:\/\/eurotech-iasi.ro\/magazinonline\/wp-json\/wp\/v2\/types\/product"}],"replies":[{"embeddable":true,"href":"https:\/\/eurotech-iasi.ro\/magazinonline\/wp-json\/wp\/v2\/comments?post=16018"}],"wp:featuredmedia":[{"embeddable":true,"href":"https:\/\/eurotech-iasi.ro\/magazinonline\/wp-json\/wp\/v2\/media\/76145"}],"wp:attachment":[{"href":"https:\/\/eurotech-iasi.ro\/magazinonline\/wp-json\/wp\/v2\/media?parent=16018"}],"wp:term":[{"taxonomy":"product_cat","embeddable":true,"href":"https:\/\/eurotech-iasi.ro\/magazinonline\/wp-json\/wp\/v2\/product_cat?post=16018"},{"taxonomy":"product_tag","embeddable":true,"href":"https:\/\/eurotech-iasi.ro\/magazinonline\/wp-json\/wp\/v2\/product_tag?post=16018"},{"taxonomy":"woo-feed-brand","embeddable":true,"href":"https:\/\/eurotech-iasi.ro\/magazinonline\/wp-json\/wp\/v2\/woo-feed-brand?post=16018"}],"curies":[{"name":"wp","href":"https:\/\/api.w.org\/{rel}","templated":true}]}}