{"id":16022,"date":"2019-04-22T09:40:44","date_gmt":"2019-04-22T06:40:44","guid":{"rendered":"https:\/\/eurotech-iasi.ro\/magazinonline\/?post_type=product&#038;p=16022"},"modified":"2026-01-05T13:25:09","modified_gmt":"2026-01-05T11:25:09","slug":"nivela-laser-multifunctionala-bosch-gcl-2-15-2","status":"publish","type":"product","link":"https:\/\/eurotech-iasi.ro\/magazinonline\/produs\/nivela-laser-multifunctionala-bosch-gcl-2-15-2\/","title":{"rendered":"Nivela laser multifunctionala Bosch GCL 2-15"},"content":{"rendered":"<p><strong>Nivela laser multifunctionala GCL 2-15<\/strong> de la <strong>Bosch<\/strong> este o masina <em><strong>compacta<\/strong><\/em> si <em><strong>versatila<\/strong><\/em> pentru toate lucrarile de nivelare pe distante scurte. Cu o <em><strong>vizibilitate optima, <\/strong><\/em><strong>GCL 2-15<\/strong> este prevazuta cu linii laser orizontale si verticale, precum si doua puncte de verticala centrate. Pozitionarea liniilor laser este posibila in jurul punctelor de verticala centrate. <strong>Nivela laser multifunctionala Bosch GCL 2-15<\/strong> <em><strong>flexibila<\/strong><\/em> in utilizare cu suport multifunctional rotativ RM 1 Professional, pentru alinierea liniilor laser si cu <em><strong>posibilitati versatile de fixare.<\/strong><\/em><\/p>\n<p><strong>Specificatii tehnice:<\/strong><\/p>\n<p><strong>Culoare linie laser &#8211; <\/strong>Rosu<br \/>\n<strong>Domeniu de lucru f\u0103r\u0103 receptor &#8211; <\/strong>15 m<br \/>\n<strong>Domeniu de autonivelare &#8211; <\/strong>\u00b1 4\u00b0<br \/>\n<strong>Diod\u0103 laser &#8211; <\/strong>630 \u2013 650 nm, &lt; 1mW<br \/>\n<strong>Clasa laser &#8211; <\/strong>2<br \/>\n<strong>Clasa de protectie &#8211; <\/strong>IP54<br \/>\n<strong>Alimentare &#8211; <\/strong>3 x 1.5 V LR6 (AA)<br \/>\n<strong>Durat\u0103 de func\u0163ionare, maxim\u0103 &#8211; <\/strong>22 h in regim punct<br \/>\n<strong>Filet stativ &#8211; <\/strong>1\/4&#8243; si 5\/8&#8243;<br \/>\n<strong>Temperatura de lucru &#8211; <\/strong>de la -10 \u00b0C pana la +50 \u00b0C<br \/>\n<strong>Temperatura depozitare &#8211; <\/strong>de la -20\u00b0C pana la +70\u00b0C<br \/>\n<strong>Proiectie raza laser &#8211; <\/strong>2 linii, 2 puncte<br \/>\n<strong>Precizie &#8211; <\/strong>\u00b1 0.3 mm\/m<br \/>\n<strong>Greutate &#8211; <\/strong>0.49 kg<\/p>\n<p><strong>Set de livrare:<\/strong><\/p>\n<ul>\n<li>1\/2 insertie L-BOXX pentru scula<\/li>\n<li>Panou de vizare pentru raza laser<\/li>\n<li>Geanta de protectie<\/li>\n<li>Suport rotativ RM 1 Professional<\/li>\n<li>3 baterii 1,5 V LR6 (AA)<\/li>\n<\/ul>\n","protected":false},"excerpt":{"rendered":"<p><strong>Nivela laser multifunctionala GCL 2-15<\/strong> de la <strong>Bosch<\/strong> <em><strong>compacta<\/strong><\/em> si <em><strong>versatila,<\/strong><\/em> ideala pentru toate lucrarile de <em><strong>nivelare pe distante scurte<\/strong><\/em>.<\/p>\n<p><em><strong>Cod produs: 0 601 066 E00<\/strong><\/em><\/p>\n","protected":false},"featured_media":76154,"comment_status":"open","ping_status":"closed","template":"","meta":{"_acf_changed":false},"product_cat":[4338,4380],"product_tag":[],"woo-feed-brand":[],"class_list":{"0":"post-16022","1":"product","2":"type-product","3":"status-publish","4":"has-post-thumbnail","6":"product_brand-bosch","7":"product_cat-instrumente-de-masura-si-control","8":"product_cat-nivele-laser","9":"pa_brand-bosch","10":"pa_dioda-laser-630-650-nm-1mw","11":"pa_domeniu-de-autonivelare-6087","12":"pa_domeniu-de-lucru-15-m","13":"pa_greutate-049-kg","14":"pa_precizie--03-mm-m","15":"pa_protectie-praf-apa-ip-54","17":"first","18":"instock","19":"purchasable","20":"product-type-simple"},"acf":[],"yoast_head":"<!-- This site is optimized with the Yoast SEO plugin v27.5 - https:\/\/yoast.com\/product\/yoast-seo-wordpress\/ -->\n<title>Nivela laser multifunctionala Bosch GCL 2-15 - Eurotech Iasi<\/title>\n<meta name=\"description\" content=\"Nivela laser multifunctionala Bosch GCL 2-15, 1\/2 insertie L-BOXX pentru scula, suport rotativ RM 1 Professional, 3 baterii 1,5 V LR6 (AA).\" \/>\n<meta name=\"robots\" content=\"index, follow, max-snippet:-1, max-image-preview:large, max-video-preview:-1\" \/>\n<link rel=\"canonical\" href=\"https:\/\/eurotech-iasi.ro\/magazinonline\/produs\/nivela-laser-multifunctionala-bosch-gcl-2-15-2\/\" \/>\n<meta property=\"og:locale\" content=\"ro_RO\" \/>\n<meta property=\"og:type\" content=\"article\" \/>\n<meta property=\"og:title\" content=\"Nivela laser multifunctionala Bosch GCL 2-15 - Eurotech Iasi\" \/>\n<meta property=\"og:description\" content=\"Nivela laser multifunctionala Bosch GCL 2-15, 1\/2 insertie L-BOXX pentru scula, suport rotativ RM 1 Professional, 3 baterii 1,5 V LR6 (AA).\" \/>\n<meta property=\"og:url\" content=\"https:\/\/eurotech-iasi.ro\/magazinonline\/produs\/nivela-laser-multifunctionala-bosch-gcl-2-15-2\/\" \/>\n<meta property=\"og:site_name\" content=\"Eurotech Iasi\" \/>\n<meta property=\"article:publisher\" content=\"https:\/\/www.facebook.com\/EurotechIasi\/\" \/>\n<meta property=\"article:modified_time\" content=\"2026-01-05T11:25:09+00:00\" \/>\n<meta property=\"og:image\" content=\"https:\/\/eurotech-iasi.ro\/magazinonline\/wp-content\/uploads\/2019\/04\/GCL-2_15-1-1.jpg\" \/>\n\t<meta property=\"og:image:width\" content=\"750\" \/>\n\t<meta property=\"og:image:height\" content=\"750\" \/>\n\t<meta property=\"og:image:type\" content=\"image\/jpeg\" \/>\n<meta name=\"twitter:label1\" content=\"Timp estimat pentru citire\" \/>\n\t<meta name=\"twitter:data1\" content=\"1 minut\" \/>\n<script type=\"application\/ld+json\" class=\"yoast-schema-graph\">{\"@context\":\"https:\\\/\\\/schema.org\",\"@graph\":[{\"@type\":\"WebPage\",\"@id\":\"https:\\\/\\\/eurotech-iasi.ro\\\/magazinonline\\\/produs\\\/nivela-laser-multifunctionala-bosch-gcl-2-15-2\\\/\",\"url\":\"https:\\\/\\\/eurotech-iasi.ro\\\/magazinonline\\\/produs\\\/nivela-laser-multifunctionala-bosch-gcl-2-15-2\\\/\",\"name\":\"Nivela laser multifunctionala Bosch GCL 2-15 - Eurotech Iasi\",\"isPartOf\":{\"@id\":\"https:\\\/\\\/eurotech-iasi.ro\\\/magazinonline\\\/#website\"},\"primaryImageOfPage\":{\"@id\":\"https:\\\/\\\/eurotech-iasi.ro\\\/magazinonline\\\/produs\\\/nivela-laser-multifunctionala-bosch-gcl-2-15-2\\\/#primaryimage\"},\"image\":{\"@id\":\"https:\\\/\\\/eurotech-iasi.ro\\\/magazinonline\\\/produs\\\/nivela-laser-multifunctionala-bosch-gcl-2-15-2\\\/#primaryimage\"},\"thumbnailUrl\":\"https:\\\/\\\/eurotech-iasi.ro\\\/magazinonline\\\/wp-content\\\/uploads\\\/2019\\\/04\\\/GCL-2_15-1-1.jpg\",\"datePublished\":\"2019-04-22T06:40:44+00:00\",\"dateModified\":\"2026-01-05T11:25:09+00:00\",\"description\":\"Nivela laser multifunctionala Bosch GCL 2-15, 1\\\/2 insertie L-BOXX pentru scula, suport rotativ RM 1 Professional, 3 baterii 1,5 V LR6 (AA).\",\"breadcrumb\":{\"@id\":\"https:\\\/\\\/eurotech-iasi.ro\\\/magazinonline\\\/produs\\\/nivela-laser-multifunctionala-bosch-gcl-2-15-2\\\/#breadcrumb\"},\"inLanguage\":\"ro-RO\",\"potentialAction\":[{\"@type\":\"ReadAction\",\"target\":[\"https:\\\/\\\/eurotech-iasi.ro\\\/magazinonline\\\/produs\\\/nivela-laser-multifunctionala-bosch-gcl-2-15-2\\\/\"]}]},{\"@type\":\"ImageObject\",\"inLanguage\":\"ro-RO\",\"@id\":\"https:\\\/\\\/eurotech-iasi.ro\\\/magazinonline\\\/produs\\\/nivela-laser-multifunctionala-bosch-gcl-2-15-2\\\/#primaryimage\",\"url\":\"https:\\\/\\\/eurotech-iasi.ro\\\/magazinonline\\\/wp-content\\\/uploads\\\/2019\\\/04\\\/GCL-2_15-1-1.jpg\",\"contentUrl\":\"https:\\\/\\\/eurotech-iasi.ro\\\/magazinonline\\\/wp-content\\\/uploads\\\/2019\\\/04\\\/GCL-2_15-1-1.jpg\",\"width\":750,\"height\":750},{\"@type\":\"BreadcrumbList\",\"@id\":\"https:\\\/\\\/eurotech-iasi.ro\\\/magazinonline\\\/produs\\\/nivela-laser-multifunctionala-bosch-gcl-2-15-2\\\/#breadcrumb\",\"itemListElement\":[{\"@type\":\"ListItem\",\"position\":1,\"name\":\"Prima pagin\u0103\",\"item\":\"https:\\\/\\\/eurotech-iasi.ro\\\/magazinonline\\\/\"},{\"@type\":\"ListItem\",\"position\":2,\"name\":\"Shop\",\"item\":\"https:\\\/\\\/eurotech-iasi.ro\\\/magazinonline\\\/shop\\\/\"},{\"@type\":\"ListItem\",\"position\":3,\"name\":\"Nivela laser multifunctionala Bosch GCL 2-15\"}]},{\"@type\":\"WebSite\",\"@id\":\"https:\\\/\\\/eurotech-iasi.ro\\\/magazinonline\\\/#website\",\"url\":\"https:\\\/\\\/eurotech-iasi.ro\\\/magazinonline\\\/\",\"name\":\"Eurotech Iasi\",\"description\":\"Cu oameni seriosi\",\"publisher\":{\"@id\":\"https:\\\/\\\/eurotech-iasi.ro\\\/magazinonline\\\/#organization\"},\"potentialAction\":[{\"@type\":\"SearchAction\",\"target\":{\"@type\":\"EntryPoint\",\"urlTemplate\":\"https:\\\/\\\/eurotech-iasi.ro\\\/magazinonline\\\/?s={search_term_string}\"},\"query-input\":{\"@type\":\"PropertyValueSpecification\",\"valueRequired\":true,\"valueName\":\"search_term_string\"}}],\"inLanguage\":\"ro-RO\"},{\"@type\":\"Organization\",\"@id\":\"https:\\\/\\\/eurotech-iasi.ro\\\/magazinonline\\\/#organization\",\"name\":\"Eurotech Iasi\",\"url\":\"https:\\\/\\\/eurotech-iasi.ro\\\/magazinonline\\\/\",\"logo\":{\"@type\":\"ImageObject\",\"inLanguage\":\"ro-RO\",\"@id\":\"https:\\\/\\\/eurotech-iasi.ro\\\/magazinonline\\\/#\\\/schema\\\/logo\\\/image\\\/\",\"url\":\"https:\\\/\\\/eurotech-iasi.ro\\\/magazinonline\\\/wp-content\\\/uploads\\\/2020\\\/08\\\/logo-eurotech.png\",\"contentUrl\":\"https:\\\/\\\/eurotech-iasi.ro\\\/magazinonline\\\/wp-content\\\/uploads\\\/2020\\\/08\\\/logo-eurotech.png\",\"width\":290,\"height\":70,\"caption\":\"Eurotech Iasi\"},\"image\":{\"@id\":\"https:\\\/\\\/eurotech-iasi.ro\\\/magazinonline\\\/#\\\/schema\\\/logo\\\/image\\\/\"},\"sameAs\":[\"https:\\\/\\\/www.facebook.com\\\/EurotechIasi\\\/\"]}]}<\/script>\n<!-- \/ Yoast SEO plugin. -->","yoast_head_json":{"title":"Nivela laser multifunctionala Bosch GCL 2-15 - Eurotech Iasi","description":"Nivela laser multifunctionala Bosch GCL 2-15, 1\/2 insertie L-BOXX pentru scula, suport rotativ RM 1 Professional, 3 baterii 1,5 V LR6 (AA).","robots":{"index":"index","follow":"follow","max-snippet":"max-snippet:-1","max-image-preview":"max-image-preview:large","max-video-preview":"max-video-preview:-1"},"canonical":"https:\/\/eurotech-iasi.ro\/magazinonline\/produs\/nivela-laser-multifunctionala-bosch-gcl-2-15-2\/","og_locale":"ro_RO","og_type":"article","og_title":"Nivela laser multifunctionala Bosch GCL 2-15 - Eurotech Iasi","og_description":"Nivela laser multifunctionala Bosch GCL 2-15, 1\/2 insertie L-BOXX pentru scula, suport rotativ RM 1 Professional, 3 baterii 1,5 V LR6 (AA).","og_url":"https:\/\/eurotech-iasi.ro\/magazinonline\/produs\/nivela-laser-multifunctionala-bosch-gcl-2-15-2\/","og_site_name":"Eurotech Iasi","article_publisher":"https:\/\/www.facebook.com\/EurotechIasi\/","article_modified_time":"2026-01-05T11:25:09+00:00","og_image":[{"width":750,"height":750,"url":"https:\/\/eurotech-iasi.ro\/magazinonline\/wp-content\/uploads\/2019\/04\/GCL-2_15-1-1.jpg","type":"image\/jpeg"}],"twitter_misc":{"Timp estimat pentru citire":"1 minut"},"schema":{"@context":"https:\/\/schema.org","@graph":[{"@type":"WebPage","@id":"https:\/\/eurotech-iasi.ro\/magazinonline\/produs\/nivela-laser-multifunctionala-bosch-gcl-2-15-2\/","url":"https:\/\/eurotech-iasi.ro\/magazinonline\/produs\/nivela-laser-multifunctionala-bosch-gcl-2-15-2\/","name":"Nivela laser multifunctionala Bosch GCL 2-15 - Eurotech Iasi","isPartOf":{"@id":"https:\/\/eurotech-iasi.ro\/magazinonline\/#website"},"primaryImageOfPage":{"@id":"https:\/\/eurotech-iasi.ro\/magazinonline\/produs\/nivela-laser-multifunctionala-bosch-gcl-2-15-2\/#primaryimage"},"image":{"@id":"https:\/\/eurotech-iasi.ro\/magazinonline\/produs\/nivela-laser-multifunctionala-bosch-gcl-2-15-2\/#primaryimage"},"thumbnailUrl":"https:\/\/eurotech-iasi.ro\/magazinonline\/wp-content\/uploads\/2019\/04\/GCL-2_15-1-1.jpg","datePublished":"2019-04-22T06:40:44+00:00","dateModified":"2026-01-05T11:25:09+00:00","description":"Nivela laser multifunctionala Bosch GCL 2-15, 1\/2 insertie L-BOXX pentru scula, suport rotativ RM 1 Professional, 3 baterii 1,5 V LR6 (AA).","breadcrumb":{"@id":"https:\/\/eurotech-iasi.ro\/magazinonline\/produs\/nivela-laser-multifunctionala-bosch-gcl-2-15-2\/#breadcrumb"},"inLanguage":"ro-RO","potentialAction":[{"@type":"ReadAction","target":["https:\/\/eurotech-iasi.ro\/magazinonline\/produs\/nivela-laser-multifunctionala-bosch-gcl-2-15-2\/"]}]},{"@type":"ImageObject","inLanguage":"ro-RO","@id":"https:\/\/eurotech-iasi.ro\/magazinonline\/produs\/nivela-laser-multifunctionala-bosch-gcl-2-15-2\/#primaryimage","url":"https:\/\/eurotech-iasi.ro\/magazinonline\/wp-content\/uploads\/2019\/04\/GCL-2_15-1-1.jpg","contentUrl":"https:\/\/eurotech-iasi.ro\/magazinonline\/wp-content\/uploads\/2019\/04\/GCL-2_15-1-1.jpg","width":750,"height":750},{"@type":"BreadcrumbList","@id":"https:\/\/eurotech-iasi.ro\/magazinonline\/produs\/nivela-laser-multifunctionala-bosch-gcl-2-15-2\/#breadcrumb","itemListElement":[{"@type":"ListItem","position":1,"name":"Prima pagin\u0103","item":"https:\/\/eurotech-iasi.ro\/magazinonline\/"},{"@type":"ListItem","position":2,"name":"Shop","item":"https:\/\/eurotech-iasi.ro\/magazinonline\/shop\/"},{"@type":"ListItem","position":3,"name":"Nivela laser multifunctionala Bosch GCL 2-15"}]},{"@type":"WebSite","@id":"https:\/\/eurotech-iasi.ro\/magazinonline\/#website","url":"https:\/\/eurotech-iasi.ro\/magazinonline\/","name":"Eurotech Iasi","description":"Cu oameni seriosi","publisher":{"@id":"https:\/\/eurotech-iasi.ro\/magazinonline\/#organization"},"potentialAction":[{"@type":"SearchAction","target":{"@type":"EntryPoint","urlTemplate":"https:\/\/eurotech-iasi.ro\/magazinonline\/?s={search_term_string}"},"query-input":{"@type":"PropertyValueSpecification","valueRequired":true,"valueName":"search_term_string"}}],"inLanguage":"ro-RO"},{"@type":"Organization","@id":"https:\/\/eurotech-iasi.ro\/magazinonline\/#organization","name":"Eurotech Iasi","url":"https:\/\/eurotech-iasi.ro\/magazinonline\/","logo":{"@type":"ImageObject","inLanguage":"ro-RO","@id":"https:\/\/eurotech-iasi.ro\/magazinonline\/#\/schema\/logo\/image\/","url":"https:\/\/eurotech-iasi.ro\/magazinonline\/wp-content\/uploads\/2020\/08\/logo-eurotech.png","contentUrl":"https:\/\/eurotech-iasi.ro\/magazinonline\/wp-content\/uploads\/2020\/08\/logo-eurotech.png","width":290,"height":70,"caption":"Eurotech Iasi"},"image":{"@id":"https:\/\/eurotech-iasi.ro\/magazinonline\/#\/schema\/logo\/image\/"},"sameAs":["https:\/\/www.facebook.com\/EurotechIasi\/"]}]}},"_links":{"self":[{"href":"https:\/\/eurotech-iasi.ro\/magazinonline\/wp-json\/wp\/v2\/product\/16022","targetHints":{"allow":["GET"]}}],"collection":[{"href":"https:\/\/eurotech-iasi.ro\/magazinonline\/wp-json\/wp\/v2\/product"}],"about":[{"href":"https:\/\/eurotech-iasi.ro\/magazinonline\/wp-json\/wp\/v2\/types\/product"}],"replies":[{"embeddable":true,"href":"https:\/\/eurotech-iasi.ro\/magazinonline\/wp-json\/wp\/v2\/comments?post=16022"}],"wp:featuredmedia":[{"embeddable":true,"href":"https:\/\/eurotech-iasi.ro\/magazinonline\/wp-json\/wp\/v2\/media\/76154"}],"wp:attachment":[{"href":"https:\/\/eurotech-iasi.ro\/magazinonline\/wp-json\/wp\/v2\/media?parent=16022"}],"wp:term":[{"taxonomy":"product_cat","embeddable":true,"href":"https:\/\/eurotech-iasi.ro\/magazinonline\/wp-json\/wp\/v2\/product_cat?post=16022"},{"taxonomy":"product_tag","embeddable":true,"href":"https:\/\/eurotech-iasi.ro\/magazinonline\/wp-json\/wp\/v2\/product_tag?post=16022"},{"taxonomy":"woo-feed-brand","embeddable":true,"href":"https:\/\/eurotech-iasi.ro\/magazinonline\/wp-json\/wp\/v2\/woo-feed-brand?post=16022"}],"curies":[{"name":"wp","href":"https:\/\/api.w.org\/{rel}","templated":true}]}}