{"id":16028,"date":"2019-04-22T10:13:45","date_gmt":"2019-04-22T07:13:45","guid":{"rendered":"https:\/\/eurotech-iasi.ro\/magazinonline\/?post_type=product&#038;p=16028"},"modified":"2026-01-05T13:24:21","modified_gmt":"2026-01-05T11:24:21","slug":"nivela-laser-multifunctionala-bosch-gcl-2-50-cg","status":"publish","type":"product","link":"https:\/\/eurotech-iasi.ro\/magazinonline\/produs\/nivela-laser-multifunctionala-bosch-gcl-2-50-cg\/","title":{"rendered":"Nivela laser multifunctionala Bosch GCL2-50CG+RM2+BM3+1 acumulator 12 V 2Ah inLboxx 136"},"content":{"rendered":"<p><strong>Nivela laser multifunctionala Bosch GCL2-50CG+RM2+BM3+1 acumulator 12 V 2Ah inLboxx 136<\/strong> asigura o <em><strong>vizibilitate perfecta<\/strong><\/em> prin conectare la functii inteligente. Cu <strong>Bosch GCL 2-50 CG<\/strong> este posibil<em><strong> lucru de la distanta<\/strong><\/em> prin intermediul smartphone-ului. Combinatia de <em><strong>conexiune Bluetooth<\/strong><\/em> si <em><strong>aplicatie Levelling Remote<\/strong><\/em> permite reglarea de la distanta a sculei. Liniile laser orizontale si verticale de culoare verde deschis si cele doua puncte de verticala centrate asigura o <em><strong>vizibilitate optima<\/strong><\/em>. Prevazuta cu <em><strong>Dual Power Source<\/strong><\/em> este posibila atat utilizarea unui acumulator litiu-ion de 12 V, cat si a bateriilor alcaline standard.<\/p>\n<p><strong>Specificatii tehnice:<\/strong><\/p>\n<p><strong>Tensiunea acumulatorului<\/strong>\u00a0 -12<br \/>\n<strong>Dioda laser<\/strong> &#8211; 500 \u2013 540 nm, &lt; 10 mW; 630 \u2013 650 nm, &lt; 1mW<br \/>\n<strong>Temperatura de functionare<\/strong> &#8211; -10 \u2013 50 \u00b0C<br \/>\n<strong>Temperatura de depozitare<\/strong> &#8211; -20 \u2013 70 \u00b0C<br \/>\n<strong>Clasa laser<\/strong> &#8211; 2<br \/>\n<strong>Domeniu de lucru, valoare<\/strong> &#8211; 20 m<br \/>\n<strong>Domeniu de lucru<\/strong> &#8211; 20 m<br \/>\n<strong>Domeniu de lucru cu receptor, semn<\/strong>\u00a0 &#8211; 50 m<br \/>\n<strong>Domeniu de lucru cu receptor<\/strong> &#8211; 50 m<br \/>\n<strong>Precizie de nivelare<\/strong> &#8211; \u00b1 0,3 mm\/m* (*plus deviere in functie de utilizare)<br \/>\n<strong>Domeniu de lucru puncte laser, max<\/strong>.\u00a0 &#8211; 10 m (sus); 10 m (jos)<br \/>\n<strong>Domeniu de autonivelare<\/strong> &#8211; \u00b1 4\u00b0<br \/>\n<strong>Protectie impotriva prafului si a stropilor de apa<\/strong> &#8211; IP 54 *** (***cu exceptia acumulatorului litiu-ion si adaptorului de acumulator AA1)<br \/>\n<strong>Durata de functionare, maxima<\/strong> &#8211; 10 h (litiu-ion) si 4 h (4 x AA) in regim cu linii in cruce si puncte; 13 h (litiu-ion) si 6 h (4 x AA) in regim cu linii in cruce ; 15 h (litiu-ion) si 12 h (4 x AA) in regim cu linii; 60 h (litiu-ion) si 32 h (4 x AA) in regim cu puncte<br \/>\n<strong>Filet prindere pe stativ<\/strong> &#8211; 1\/4&#8243;<br \/>\n<strong>Greutate, aprox.<\/strong> &#8211; 0.6 kg<br \/>\n<strong>Culoare linie laser <\/strong>&#8211; verde<br \/>\n<strong>Culoare puncte lipire<\/strong> &#8211; rosu<br \/>\n<strong>Proiectie laser<\/strong> &#8211; 2 linii \/ 2 puncte<br \/>\n<strong>Precizie punct pe directia normalei<\/strong> &#8211; \u00b1 0,7 mm\/m* (*plus deviere in functie de utilizare)<br \/>\n<strong>Receptoare laser compatibile<\/strong> &#8211; LR 7<\/p>\n<p><strong>Set de livrare:<\/strong><\/p>\n<ul>\n<li>1 x acumulator GBA 12V 2.0Ah<\/li>\n<li>Clema pentru tavan<\/li>\n<li>Geanta de protectie<\/li>\n<li>Insertie GCL 2-50 C\/CG 1<\/li>\n<li>Insertie GCL 2-50 C\/CG 2<\/li>\n<li>L-BOXX 136<\/li>\n<li>Panou de vizare pentru raza laser<\/li>\n<li>Suport rotativ RM 2 Professional<\/li>\n<li>Incarcator rapid GAL 1230 CV<\/li>\n<\/ul>\n<p><iframe loading=\"lazy\" title=\"YouTube video player\" src=\"https:\/\/www.youtube.com\/embed\/T_7rTVf0lg0\" width=\"560\" height=\"315\" frameborder=\"0\" allowfullscreen=\"allowfullscreen\"><\/iframe><\/p>\n","protected":false},"excerpt":{"rendered":"<p><strong>Nivela laser multifunctionala Bosch GCL2-50CG+RM2+BM3+1 acumulator 12 V 2Ah inLboxx 136 <\/strong>asigura o <em><strong>vizibilitate perfecta<\/strong><\/em> prin conectare la functii inteligente prin combina\u0163ia de conexiune <strong>Bluetooth<\/strong> \u015fi aplica\u0163ie <strong>Levelling Remote<\/strong> ce permite reglarea de la distan\u0163\u0103 a sculei, prin intermediul smartphone-ului. Datorita<strong> suportului rotativ RM 2 Professional alinierea liniilor laser <\/strong>este fina \u015fi cu posibilit\u0103\u0163i versatile de<strong> fixare <\/strong>ale sculei chiar si pe tava datorita<strong> suportului universal BM3.<\/strong><\/p>\n<p><em><strong>Cod produs: 0 601 066 H00<\/strong><\/em><\/p>\n<h3><strong><em><span style=\"color: #ff0000;\">ATENTIE:<\/span> <\/em><em><span style=\"color: red;\">Livrare se face in aproximativ 15-30 zile lucratoare.<\/span><\/em><\/strong><\/h3>\n","protected":false},"featured_media":76159,"comment_status":"open","ping_status":"closed","template":"","meta":{"_acf_changed":false},"product_cat":[4338,4380,4335],"product_tag":[],"woo-feed-brand":[],"class_list":{"0":"post-16028","1":"product","2":"type-product","3":"status-publish","4":"has-post-thumbnail","6":"product_brand-bosch","7":"product_cat-instrumente-de-masura-si-control","8":"product_cat-nivele-laser","9":"product_cat-scule-electrice-cu-acumulatori","10":"pa_brand-bosch","11":"pa_clasa-laser-6086","12":"pa_dioda-laser-500-540-nm-10-mw-630-650-nm-1mw","13":"pa_domeniu-de-autonivelare-6087","14":"pa_domeniu-de-lucru-20-m","15":"pa_greutate-06-kg","16":"pa_precizie--03-mm-m","17":"pa_protectie-praf-apa-ip-54","19":"first","20":"instock","21":"purchasable","22":"product-type-simple"},"acf":[],"yoast_head":"<!-- This site is optimized with the Yoast SEO plugin v27.5 - https:\/\/yoast.com\/product\/yoast-seo-wordpress\/ -->\n<title>Nivela laser multifunctionala Bosch GCL2-50CG+RM2+BM3+1 acumulator 12 V 2Ah inLboxx 136 - Eurotech Iasi<\/title>\n<meta name=\"description\" content=\"Nivela laser multifunctionala Bosch GCL 2-50 CG asigura o vizibilitate perfecta prin conectare la functii inteligente, este posibil lucru de la distanta.\" \/>\n<meta name=\"robots\" content=\"index, follow, max-snippet:-1, max-image-preview:large, max-video-preview:-1\" \/>\n<link rel=\"canonical\" href=\"https:\/\/eurotech-iasi.ro\/magazinonline\/produs\/nivela-laser-multifunctionala-bosch-gcl-2-50-cg\/\" \/>\n<meta property=\"og:locale\" content=\"ro_RO\" \/>\n<meta property=\"og:type\" content=\"article\" \/>\n<meta property=\"og:title\" content=\"Nivela laser multifunctionala Bosch GCL2-50CG+RM2+BM3+1 acumulator 12 V 2Ah inLboxx 136 - Eurotech Iasi\" \/>\n<meta property=\"og:description\" content=\"Nivela laser multifunctionala Bosch GCL 2-50 CG asigura o vizibilitate perfecta prin conectare la functii inteligente, este posibil lucru de la distanta.\" \/>\n<meta property=\"og:url\" content=\"https:\/\/eurotech-iasi.ro\/magazinonline\/produs\/nivela-laser-multifunctionala-bosch-gcl-2-50-cg\/\" \/>\n<meta property=\"og:site_name\" content=\"Eurotech Iasi\" \/>\n<meta property=\"article:publisher\" content=\"https:\/\/www.facebook.com\/EurotechIasi\/\" \/>\n<meta property=\"article:modified_time\" content=\"2026-01-05T11:24:21+00:00\" \/>\n<meta property=\"og:image\" content=\"https:\/\/eurotech-iasi.ro\/magazinonline\/wp-content\/uploads\/2019\/04\/GCL2-50CGRM2BM312-V-2Ah-inLboxx-136-2.jpg\" \/>\n\t<meta property=\"og:image:width\" content=\"750\" \/>\n\t<meta property=\"og:image:height\" content=\"750\" \/>\n\t<meta property=\"og:image:type\" content=\"image\/jpeg\" \/>\n<meta name=\"twitter:label1\" content=\"Timp estimat pentru citire\" \/>\n\t<meta name=\"twitter:data1\" content=\"2 minute\" \/>\n<script type=\"application\/ld+json\" class=\"yoast-schema-graph\">{\"@context\":\"https:\\\/\\\/schema.org\",\"@graph\":[{\"@type\":\"WebPage\",\"@id\":\"https:\\\/\\\/eurotech-iasi.ro\\\/magazinonline\\\/produs\\\/nivela-laser-multifunctionala-bosch-gcl-2-50-cg\\\/\",\"url\":\"https:\\\/\\\/eurotech-iasi.ro\\\/magazinonline\\\/produs\\\/nivela-laser-multifunctionala-bosch-gcl-2-50-cg\\\/\",\"name\":\"Nivela laser multifunctionala Bosch GCL2-50CG+RM2+BM3+1 acumulator 12 V 2Ah inLboxx 136 - Eurotech Iasi\",\"isPartOf\":{\"@id\":\"https:\\\/\\\/eurotech-iasi.ro\\\/magazinonline\\\/#website\"},\"primaryImageOfPage\":{\"@id\":\"https:\\\/\\\/eurotech-iasi.ro\\\/magazinonline\\\/produs\\\/nivela-laser-multifunctionala-bosch-gcl-2-50-cg\\\/#primaryimage\"},\"image\":{\"@id\":\"https:\\\/\\\/eurotech-iasi.ro\\\/magazinonline\\\/produs\\\/nivela-laser-multifunctionala-bosch-gcl-2-50-cg\\\/#primaryimage\"},\"thumbnailUrl\":\"https:\\\/\\\/eurotech-iasi.ro\\\/magazinonline\\\/wp-content\\\/uploads\\\/2019\\\/04\\\/GCL2-50CGRM2BM312-V-2Ah-inLboxx-136-2.jpg\",\"datePublished\":\"2019-04-22T07:13:45+00:00\",\"dateModified\":\"2026-01-05T11:24:21+00:00\",\"description\":\"Nivela laser multifunctionala Bosch GCL 2-50 CG asigura o vizibilitate perfecta prin conectare la functii inteligente, este posibil lucru de la distanta.\",\"breadcrumb\":{\"@id\":\"https:\\\/\\\/eurotech-iasi.ro\\\/magazinonline\\\/produs\\\/nivela-laser-multifunctionala-bosch-gcl-2-50-cg\\\/#breadcrumb\"},\"inLanguage\":\"ro-RO\",\"potentialAction\":[{\"@type\":\"ReadAction\",\"target\":[\"https:\\\/\\\/eurotech-iasi.ro\\\/magazinonline\\\/produs\\\/nivela-laser-multifunctionala-bosch-gcl-2-50-cg\\\/\"]}]},{\"@type\":\"ImageObject\",\"inLanguage\":\"ro-RO\",\"@id\":\"https:\\\/\\\/eurotech-iasi.ro\\\/magazinonline\\\/produs\\\/nivela-laser-multifunctionala-bosch-gcl-2-50-cg\\\/#primaryimage\",\"url\":\"https:\\\/\\\/eurotech-iasi.ro\\\/magazinonline\\\/wp-content\\\/uploads\\\/2019\\\/04\\\/GCL2-50CGRM2BM312-V-2Ah-inLboxx-136-2.jpg\",\"contentUrl\":\"https:\\\/\\\/eurotech-iasi.ro\\\/magazinonline\\\/wp-content\\\/uploads\\\/2019\\\/04\\\/GCL2-50CGRM2BM312-V-2Ah-inLboxx-136-2.jpg\",\"width\":750,\"height\":750},{\"@type\":\"BreadcrumbList\",\"@id\":\"https:\\\/\\\/eurotech-iasi.ro\\\/magazinonline\\\/produs\\\/nivela-laser-multifunctionala-bosch-gcl-2-50-cg\\\/#breadcrumb\",\"itemListElement\":[{\"@type\":\"ListItem\",\"position\":1,\"name\":\"Prima pagin\u0103\",\"item\":\"https:\\\/\\\/eurotech-iasi.ro\\\/magazinonline\\\/\"},{\"@type\":\"ListItem\",\"position\":2,\"name\":\"Shop\",\"item\":\"https:\\\/\\\/eurotech-iasi.ro\\\/magazinonline\\\/shop\\\/\"},{\"@type\":\"ListItem\",\"position\":3,\"name\":\"Nivela laser multifunctionala Bosch GCL2-50CG+RM2+BM3+1 acumulator 12 V 2Ah inLboxx 136\"}]},{\"@type\":\"WebSite\",\"@id\":\"https:\\\/\\\/eurotech-iasi.ro\\\/magazinonline\\\/#website\",\"url\":\"https:\\\/\\\/eurotech-iasi.ro\\\/magazinonline\\\/\",\"name\":\"Eurotech Iasi\",\"description\":\"Cu oameni seriosi\",\"publisher\":{\"@id\":\"https:\\\/\\\/eurotech-iasi.ro\\\/magazinonline\\\/#organization\"},\"potentialAction\":[{\"@type\":\"SearchAction\",\"target\":{\"@type\":\"EntryPoint\",\"urlTemplate\":\"https:\\\/\\\/eurotech-iasi.ro\\\/magazinonline\\\/?s={search_term_string}\"},\"query-input\":{\"@type\":\"PropertyValueSpecification\",\"valueRequired\":true,\"valueName\":\"search_term_string\"}}],\"inLanguage\":\"ro-RO\"},{\"@type\":\"Organization\",\"@id\":\"https:\\\/\\\/eurotech-iasi.ro\\\/magazinonline\\\/#organization\",\"name\":\"Eurotech Iasi\",\"url\":\"https:\\\/\\\/eurotech-iasi.ro\\\/magazinonline\\\/\",\"logo\":{\"@type\":\"ImageObject\",\"inLanguage\":\"ro-RO\",\"@id\":\"https:\\\/\\\/eurotech-iasi.ro\\\/magazinonline\\\/#\\\/schema\\\/logo\\\/image\\\/\",\"url\":\"https:\\\/\\\/eurotech-iasi.ro\\\/magazinonline\\\/wp-content\\\/uploads\\\/2020\\\/08\\\/logo-eurotech.png\",\"contentUrl\":\"https:\\\/\\\/eurotech-iasi.ro\\\/magazinonline\\\/wp-content\\\/uploads\\\/2020\\\/08\\\/logo-eurotech.png\",\"width\":290,\"height\":70,\"caption\":\"Eurotech Iasi\"},\"image\":{\"@id\":\"https:\\\/\\\/eurotech-iasi.ro\\\/magazinonline\\\/#\\\/schema\\\/logo\\\/image\\\/\"},\"sameAs\":[\"https:\\\/\\\/www.facebook.com\\\/EurotechIasi\\\/\"]}]}<\/script>\n<!-- \/ Yoast SEO plugin. -->","yoast_head_json":{"title":"Nivela laser multifunctionala Bosch GCL2-50CG+RM2+BM3+1 acumulator 12 V 2Ah inLboxx 136 - Eurotech Iasi","description":"Nivela laser multifunctionala Bosch GCL 2-50 CG asigura o vizibilitate perfecta prin conectare la functii inteligente, este posibil lucru de la distanta.","robots":{"index":"index","follow":"follow","max-snippet":"max-snippet:-1","max-image-preview":"max-image-preview:large","max-video-preview":"max-video-preview:-1"},"canonical":"https:\/\/eurotech-iasi.ro\/magazinonline\/produs\/nivela-laser-multifunctionala-bosch-gcl-2-50-cg\/","og_locale":"ro_RO","og_type":"article","og_title":"Nivela laser multifunctionala Bosch GCL2-50CG+RM2+BM3+1 acumulator 12 V 2Ah inLboxx 136 - Eurotech Iasi","og_description":"Nivela laser multifunctionala Bosch GCL 2-50 CG asigura o vizibilitate perfecta prin conectare la functii inteligente, este posibil lucru de la distanta.","og_url":"https:\/\/eurotech-iasi.ro\/magazinonline\/produs\/nivela-laser-multifunctionala-bosch-gcl-2-50-cg\/","og_site_name":"Eurotech Iasi","article_publisher":"https:\/\/www.facebook.com\/EurotechIasi\/","article_modified_time":"2026-01-05T11:24:21+00:00","og_image":[{"width":750,"height":750,"url":"https:\/\/eurotech-iasi.ro\/magazinonline\/wp-content\/uploads\/2019\/04\/GCL2-50CGRM2BM312-V-2Ah-inLboxx-136-2.jpg","type":"image\/jpeg"}],"twitter_misc":{"Timp estimat pentru citire":"2 minute"},"schema":{"@context":"https:\/\/schema.org","@graph":[{"@type":"WebPage","@id":"https:\/\/eurotech-iasi.ro\/magazinonline\/produs\/nivela-laser-multifunctionala-bosch-gcl-2-50-cg\/","url":"https:\/\/eurotech-iasi.ro\/magazinonline\/produs\/nivela-laser-multifunctionala-bosch-gcl-2-50-cg\/","name":"Nivela laser multifunctionala Bosch GCL2-50CG+RM2+BM3+1 acumulator 12 V 2Ah inLboxx 136 - Eurotech Iasi","isPartOf":{"@id":"https:\/\/eurotech-iasi.ro\/magazinonline\/#website"},"primaryImageOfPage":{"@id":"https:\/\/eurotech-iasi.ro\/magazinonline\/produs\/nivela-laser-multifunctionala-bosch-gcl-2-50-cg\/#primaryimage"},"image":{"@id":"https:\/\/eurotech-iasi.ro\/magazinonline\/produs\/nivela-laser-multifunctionala-bosch-gcl-2-50-cg\/#primaryimage"},"thumbnailUrl":"https:\/\/eurotech-iasi.ro\/magazinonline\/wp-content\/uploads\/2019\/04\/GCL2-50CGRM2BM312-V-2Ah-inLboxx-136-2.jpg","datePublished":"2019-04-22T07:13:45+00:00","dateModified":"2026-01-05T11:24:21+00:00","description":"Nivela laser multifunctionala Bosch GCL 2-50 CG asigura o vizibilitate perfecta prin conectare la functii inteligente, este posibil lucru de la distanta.","breadcrumb":{"@id":"https:\/\/eurotech-iasi.ro\/magazinonline\/produs\/nivela-laser-multifunctionala-bosch-gcl-2-50-cg\/#breadcrumb"},"inLanguage":"ro-RO","potentialAction":[{"@type":"ReadAction","target":["https:\/\/eurotech-iasi.ro\/magazinonline\/produs\/nivela-laser-multifunctionala-bosch-gcl-2-50-cg\/"]}]},{"@type":"ImageObject","inLanguage":"ro-RO","@id":"https:\/\/eurotech-iasi.ro\/magazinonline\/produs\/nivela-laser-multifunctionala-bosch-gcl-2-50-cg\/#primaryimage","url":"https:\/\/eurotech-iasi.ro\/magazinonline\/wp-content\/uploads\/2019\/04\/GCL2-50CGRM2BM312-V-2Ah-inLboxx-136-2.jpg","contentUrl":"https:\/\/eurotech-iasi.ro\/magazinonline\/wp-content\/uploads\/2019\/04\/GCL2-50CGRM2BM312-V-2Ah-inLboxx-136-2.jpg","width":750,"height":750},{"@type":"BreadcrumbList","@id":"https:\/\/eurotech-iasi.ro\/magazinonline\/produs\/nivela-laser-multifunctionala-bosch-gcl-2-50-cg\/#breadcrumb","itemListElement":[{"@type":"ListItem","position":1,"name":"Prima pagin\u0103","item":"https:\/\/eurotech-iasi.ro\/magazinonline\/"},{"@type":"ListItem","position":2,"name":"Shop","item":"https:\/\/eurotech-iasi.ro\/magazinonline\/shop\/"},{"@type":"ListItem","position":3,"name":"Nivela laser multifunctionala Bosch GCL2-50CG+RM2+BM3+1 acumulator 12 V 2Ah inLboxx 136"}]},{"@type":"WebSite","@id":"https:\/\/eurotech-iasi.ro\/magazinonline\/#website","url":"https:\/\/eurotech-iasi.ro\/magazinonline\/","name":"Eurotech Iasi","description":"Cu oameni seriosi","publisher":{"@id":"https:\/\/eurotech-iasi.ro\/magazinonline\/#organization"},"potentialAction":[{"@type":"SearchAction","target":{"@type":"EntryPoint","urlTemplate":"https:\/\/eurotech-iasi.ro\/magazinonline\/?s={search_term_string}"},"query-input":{"@type":"PropertyValueSpecification","valueRequired":true,"valueName":"search_term_string"}}],"inLanguage":"ro-RO"},{"@type":"Organization","@id":"https:\/\/eurotech-iasi.ro\/magazinonline\/#organization","name":"Eurotech Iasi","url":"https:\/\/eurotech-iasi.ro\/magazinonline\/","logo":{"@type":"ImageObject","inLanguage":"ro-RO","@id":"https:\/\/eurotech-iasi.ro\/magazinonline\/#\/schema\/logo\/image\/","url":"https:\/\/eurotech-iasi.ro\/magazinonline\/wp-content\/uploads\/2020\/08\/logo-eurotech.png","contentUrl":"https:\/\/eurotech-iasi.ro\/magazinonline\/wp-content\/uploads\/2020\/08\/logo-eurotech.png","width":290,"height":70,"caption":"Eurotech Iasi"},"image":{"@id":"https:\/\/eurotech-iasi.ro\/magazinonline\/#\/schema\/logo\/image\/"},"sameAs":["https:\/\/www.facebook.com\/EurotechIasi\/"]}]}},"_links":{"self":[{"href":"https:\/\/eurotech-iasi.ro\/magazinonline\/wp-json\/wp\/v2\/product\/16028","targetHints":{"allow":["GET"]}}],"collection":[{"href":"https:\/\/eurotech-iasi.ro\/magazinonline\/wp-json\/wp\/v2\/product"}],"about":[{"href":"https:\/\/eurotech-iasi.ro\/magazinonline\/wp-json\/wp\/v2\/types\/product"}],"replies":[{"embeddable":true,"href":"https:\/\/eurotech-iasi.ro\/magazinonline\/wp-json\/wp\/v2\/comments?post=16028"}],"wp:featuredmedia":[{"embeddable":true,"href":"https:\/\/eurotech-iasi.ro\/magazinonline\/wp-json\/wp\/v2\/media\/76159"}],"wp:attachment":[{"href":"https:\/\/eurotech-iasi.ro\/magazinonline\/wp-json\/wp\/v2\/media?parent=16028"}],"wp:term":[{"taxonomy":"product_cat","embeddable":true,"href":"https:\/\/eurotech-iasi.ro\/magazinonline\/wp-json\/wp\/v2\/product_cat?post=16028"},{"taxonomy":"product_tag","embeddable":true,"href":"https:\/\/eurotech-iasi.ro\/magazinonline\/wp-json\/wp\/v2\/product_tag?post=16028"},{"taxonomy":"woo-feed-brand","embeddable":true,"href":"https:\/\/eurotech-iasi.ro\/magazinonline\/wp-json\/wp\/v2\/woo-feed-brand?post=16028"}],"curies":[{"name":"wp","href":"https:\/\/api.w.org\/{rel}","templated":true}]}}