{"id":18821,"date":"2019-07-01T10:57:18","date_gmt":"2019-07-01T07:57:18","guid":{"rendered":"https:\/\/eurotech-iasi.ro\/magazinonline\/?post_type=product&#038;p=18821"},"modified":"2026-02-13T09:16:10","modified_gmt":"2026-02-13T07:16:10","slug":"masina-de-tuns-iarba-stihl-rm-248-t","status":"publish","type":"product","link":"https:\/\/eurotech-iasi.ro\/magazinonline\/produs\/masina-de-tuns-iarba-stihl-rm-248-t\/","title":{"rendered":"Masina de tuns iarba STIHL RM 248.3 T"},"content":{"rendered":"<h4><strong>Masina de tuns iarba STIHL RM 248.3 T <\/strong>este modelul lansat in 2024 cu 4 moduri de operare (<b>Cut &amp; collect, Cut &amp; drop, Side discharge\u00a0<\/b>si\u00a0<b>Mulching<\/b>), auto-propulsie, carcasa rezistenta din foaie de otel vopsita imn camp electrostatic si latime de taiere 46 cm cu un design nou optimizat pentru un confort sporit al utilizatorului.<\/h4>\n<p><strong>Masina de tuns iarba STIHL RM 248.3 T <\/strong>pe benzin\u0103 RM 248.3 T te ajuta sa tunzi gazonul de dimensiuni medii eficient. Ve\u021bi aprecia \u00een mod deosebit trac\u021biunea cu 1 vitez\u0103 pe gazonul cu pante sau pentru tunderea zonelor verzi mai mari. Ma\u0219ina de tuns iarba pe benzin\u0103 RM 248.3 T marcheaz\u0103, de asemenea, puncte cu ro\u021bile sale lin\u0103. Aceasta \u00eenseamn\u0103 c\u0103 \u00eel pute\u021bi muta pe teren \u00eentr-un mod deosebit de f\u0103r\u0103 efort. Datorit\u0103 func\u021biei de pornire u\u0219oar\u0103, ave\u021bi nevoie doar de un efort minim pentru a porni motorul. Cu o l\u0103\u021bime de t\u0103iere de 46 cm, pute\u021bi tunde rapid \u0219i u\u0219or p\u00e2n\u0103 la 1.200 m 2 de gazon.<\/p>\n<p>Ghidonul de confort reglabil pe inaltime asigura o manevrare placuta si ergonomica. Reglarea \u00een\u0103l\u021bimii de t\u0103iere \u00een 7 trepte, situat\u0103 central, este u\u0219or de utilizat \u0219i permite \u00een\u0103l\u021bimi de t\u0103iere de la 20 mm la 100 mm.<\/p>\n<p>Datorit\u0103 echipamentului standard cu lame multiple, pan\u0103 de mulcire \u0219i desc\u0103rcare lateral\u0103, aceast\u0103 ma\u0219in\u0103 de tuns iarba este potrivit\u0103 at\u00e2t pentru tuns, c\u00e2t \u0219i pentru mulcire. Pute\u021bi fie s\u0103 prinde\u021bi t\u0103ieturile direct, fie s\u0103 le distribui\u021bi pe gazon folosind desc\u0103rcarea lateral\u0103. Ma\u0219ina de tuns iarba STIHL RM 248 T pe benzin\u0103 are un co\u0219 de prindere pentru iarb\u0103 de 52 l. Un indicator de nivel v\u0103 informeaz\u0103 despre momentul potrivit pentru golire.<\/p>\n<ul>\n<li>Ma\u0219in\u0103 de tuns iarba pe benzin\u0103 manevrabil\u0103 cu l\u0103\u021bime de t\u0103iere de 46 cm \u0219i trac\u021biune cu 1 vitez\u0103<\/li>\n<li>Pentru prelucrarea eficient\u0103 a gazonului de dimensiuni medii<\/li>\n<li>Manevrare confortabil\u0103 datorit\u0103 ghidonului confortabil reglabil pe \u00een\u0103l\u021bime<\/li>\n<li>Cos de colectare a ierbii rabatabil realizat din polimr si cu sistem de deschidere larg ce are indicator al nivelului de umplere.<\/li>\n<\/ul>\n<p><strong>Masina de tuns iarba STIHL RM 248.3 T<\/strong> se remarca printr-un design nou, optimizat pentru un confort sporit al utilizatorului. Noul model va ofera posibilitatea alegerii din 4 tipuri diferite de operare :<\/p>\n<ul>\n<li>Modul clasic<b>\u00a0Cut &amp; collect<\/b>\u00a0pentru a colecta in cos iarba taiata<\/li>\n<li>Modul<b>\u00a0Cut &amp; drop<\/b>\u00a0pentru a lasa iarba taiata pe sol se realizeaza prin indepartarea cosului de colectare<\/li>\n<li>Modul<b>\u00a0Side discharge<\/b>\u00a0cu descarcare laterala se realizeaza prin ridicarea clapetei cu care este prevazuta carcasa<\/li>\n<li>Modul<b>\u00a0Mulching<\/b>\u00a0cu ajutorul sistemului de taiere multi-blade si a accesoriului special de mulcire.<\/li>\n<\/ul>\n<p>Carcasa din foaie de otel, sistemul de auto-propulsie, latimea de taiere de 46 cm, cosul de colectare a ierbii generos (52 litri) precum si posibilitatea reglarii inaltimii de taiere intre 20-100 mm fac din\u00a0<strong>STIHL RM 248.3 T<\/strong>\u00a0un partener de incredere la intretinerea gazonului din curtea privata.<\/p>\n<h2>Specificatii tehnice &#8211; Masina de tuns iarba STIHL RM 248.3 T<strong>:<\/strong><\/h2>\n<ul>\n<li>Inaltime de taiere\u00a0 &#8211; 20 \u2013 100 mm<\/li>\n<li>Suprafete de gazon de pana la &#8211; 1200 mp<\/li>\n<li>Reglare inaltime de taiere\u00a0 \u00a0&#8211; 20 &#8211; 100 mm (7 trepte cu reglare centralizata)<\/li>\n<li>Latime de taiere &#8211; 46 cm<\/li>\n<li>Volumul cosului colector &#8211; 52 l<\/li>\n<li>Posibilitate mulcire (maruntire)-\u00a0 DA<\/li>\n<li>Actionare &#8211; T\/3,5 km\/h<\/li>\n<li>Putere nominala &#8211; 1,8\/ 2,4 kW\/CP<\/li>\n<li>Evacuare in lateral\u00a0 &#8211; DA<\/li>\n<li>Tip motor\u00a0 &#8211; EVC 205.0<\/li>\n<li>Capacitate cilindrica &#8211; 127 cm\u00b3<\/li>\n<li>Greutate &#8211; 32 kg<\/li>\n<li>Pornire &#8211; Demaror cu sfoara<\/li>\n<li>Auto-propulsie DA \u2013 1 viteza<\/li>\n<\/ul>\n<p><strong>Garantie: <\/strong><strong>persoana fizica: 2 ani\/<\/strong><strong>persoana juridica: 1 an.<\/strong><\/p>\n<p>&nbsp;<\/p>\n","protected":false},"excerpt":{"rendered":"<p><strong>Masina de tuns iarba STIHL RM 248.3 T <\/strong>este modelul lansat in 2024 cu 4 moduri de operare (<b>Cut &amp; collect, Cut &amp; drop, Side discharge\u00a0<\/b>si\u00a0<b>Mulching<\/b>), auto-propulsie, carcasa rezistenta din foaie de otel si latime de taiere 46 cm cu un design nou optimizat pentru un confort sporit al utilizatorului.<\/p>\n<p><em><strong>Cod produs: WB21-011-3410<br \/>\n<\/strong><\/em><\/p>\n<p><span style=\"color: #ff0000;\"><em><a href=\"https:\/\/eurotech-iasi.ro\/magazinonline\/?attachment_id=87685\" rel=\"attachment wp-att-87685\"><img loading=\"lazy\" decoding=\"async\" class=\"wp-image-87685 aligncenter\" src=\"https:\/\/eurotech-iasi.ro\/magazinonline\/wp-content\/uploads\/2019\/06\/2-1-150x150.png\" alt=\"\" width=\"72\" height=\"72\" srcset=\"https:\/\/eurotech-iasi.ro\/magazinonline\/wp-content\/uploads\/2019\/06\/2-1-150x150.png 150w, https:\/\/eurotech-iasi.ro\/magazinonline\/wp-content\/uploads\/2019\/06\/2-1-100x100.png 100w, https:\/\/eurotech-iasi.ro\/magazinonline\/wp-content\/uploads\/2019\/06\/2-1.png 200w\" sizes=\"auto, (max-width: 72px) 100vw, 72px\" \/><\/a><\/em><\/span><\/p>\n<h5><span style=\"color: #eb782b;\"><em><strong>\u00a0<a href=\"https:\/\/eurotech-iasi.ro\/magazinonline\/termeni-si-conditii\/\">*Garan\u021bie 2 ani<\/a> + 6 luni Extra Garan\u021bie. <\/strong><\/em><\/span><\/h5>\n<h5><span style=\"color: #eb782b;\"><em><strong>\u00cenregistreaz\u0103\u00a0 produsul achizi\u021bionat de la noi, \u00een termen de <\/strong><\/em><\/span><span style=\"color: #003366;\"><em><strong>30 de zile de la cump\u0103rare<\/strong><\/em><\/span><span style=\"color: #eb782b;\"><em><strong>, pe site-ul oficial STIHL la adresa<a href=\"https:\/\/preg.stihl.com\/?lang=RO_ro&amp;country=RO\">\u00a0preg.stihl.com<\/a> \u0219i profit\u0103 de prelungirea gratuit\u0103 a garan\u021biei cu 6 luni !<\/strong><\/em><\/span><\/h5>\n<p>&nbsp;<\/p>\n","protected":false},"featured_media":103629,"comment_status":"open","ping_status":"closed","template":"","meta":{"_acf_changed":false},"product_cat":[4337,4368],"product_tag":[],"woo-feed-brand":[],"class_list":{"0":"post-18821","1":"product","2":"type-product","3":"status-publish","4":"has-post-thumbnail","6":"product_brand-stihl","7":"product_cat-gradinarit-agricultura","8":"product_cat-masini-de-tuns-gazonul","9":"pa_brand-stihl","10":"pa_greutate-30-kg","11":"pa_inaltime-de-taiere-20-100-mm","12":"pa_putere-2-4-cp","13":"pa_suprafata-max-lucru-1200-mp","15":"first","16":"instock","17":"purchasable","18":"product-type-simple"},"acf":[],"yoast_head":"<!-- This site is optimized with the Yoast SEO plugin v27.5 - https:\/\/yoast.com\/product\/yoast-seo-wordpress\/ -->\n<title>Masina de tuns iarba STIHL RM 248.3 T - Eurotech Iasi<\/title>\n<meta name=\"robots\" content=\"index, follow, max-snippet:-1, max-image-preview:large, max-video-preview:-1\" \/>\n<link rel=\"canonical\" href=\"https:\/\/eurotech-iasi.ro\/magazinonline\/produs\/masina-de-tuns-iarba-stihl-rm-248-t\/\" \/>\n<meta property=\"og:locale\" content=\"ro_RO\" \/>\n<meta property=\"og:type\" content=\"article\" \/>\n<meta property=\"og:title\" content=\"Masina de tuns iarba STIHL RM 248.3 T - Eurotech Iasi\" \/>\n<meta property=\"og:description\" content=\"Masina de tuns iarba STIHL RM 248.3 T este modelul lansat in 2024 cu 4 moduri de operare (Cut &amp; collect, Cut &amp; drop, Side discharge\u00a0si\u00a0Mulching), auto-propulsie, carcasa rezistenta din foaie de otel si latime de taiere 46 cm cu un design nou optimizat pentru un confort sporit al utilizatorului.  Cod produs: WB21-011-3410    \u00a0*Garan\u021bie 2 ani + 6 luni Extra Garan\u021bie.  \u00cenregistreaz\u0103\u00a0 produsul achizi\u021bionat de la noi, \u00een termen de 30 de zile de la cump\u0103rare, pe site-ul oficial STIHL la adresa\u00a0preg.stihl.com \u0219i profit\u0103 de prelungirea gratuit\u0103 a garan\u021biei cu 6 luni ! &nbsp;\" \/>\n<meta property=\"og:url\" content=\"https:\/\/eurotech-iasi.ro\/magazinonline\/produs\/masina-de-tuns-iarba-stihl-rm-248-t\/\" \/>\n<meta property=\"og:site_name\" content=\"Eurotech Iasi\" \/>\n<meta property=\"article:publisher\" content=\"https:\/\/www.facebook.com\/EurotechIasi\/\" \/>\n<meta property=\"article:modified_time\" content=\"2026-02-13T07:16:10+00:00\" \/>\n<meta property=\"og:image\" content=\"https:\/\/eurotech-iasi.ro\/magazinonline\/wp-content\/uploads\/2019\/07\/Masina-de-tuns-iarba-STIHL-RM-248.3-T.png\" \/>\n\t<meta property=\"og:image:width\" content=\"750\" \/>\n\t<meta property=\"og:image:height\" content=\"750\" \/>\n\t<meta property=\"og:image:type\" content=\"image\/png\" \/>\n<meta name=\"twitter:label1\" content=\"Timp estimat pentru citire\" \/>\n\t<meta name=\"twitter:data1\" content=\"4 minute\" \/>\n<script type=\"application\/ld+json\" class=\"yoast-schema-graph\">{\"@context\":\"https:\\\/\\\/schema.org\",\"@graph\":[{\"@type\":\"WebPage\",\"@id\":\"https:\\\/\\\/eurotech-iasi.ro\\\/magazinonline\\\/produs\\\/masina-de-tuns-iarba-stihl-rm-248-t\\\/\",\"url\":\"https:\\\/\\\/eurotech-iasi.ro\\\/magazinonline\\\/produs\\\/masina-de-tuns-iarba-stihl-rm-248-t\\\/\",\"name\":\"Masina de tuns iarba STIHL RM 248.3 T - Eurotech Iasi\",\"isPartOf\":{\"@id\":\"https:\\\/\\\/eurotech-iasi.ro\\\/magazinonline\\\/#website\"},\"primaryImageOfPage\":{\"@id\":\"https:\\\/\\\/eurotech-iasi.ro\\\/magazinonline\\\/produs\\\/masina-de-tuns-iarba-stihl-rm-248-t\\\/#primaryimage\"},\"image\":{\"@id\":\"https:\\\/\\\/eurotech-iasi.ro\\\/magazinonline\\\/produs\\\/masina-de-tuns-iarba-stihl-rm-248-t\\\/#primaryimage\"},\"thumbnailUrl\":\"https:\\\/\\\/eurotech-iasi.ro\\\/magazinonline\\\/wp-content\\\/uploads\\\/2019\\\/07\\\/Masina-de-tuns-iarba-STIHL-RM-248.3-T.png\",\"datePublished\":\"2019-07-01T07:57:18+00:00\",\"dateModified\":\"2026-02-13T07:16:10+00:00\",\"breadcrumb\":{\"@id\":\"https:\\\/\\\/eurotech-iasi.ro\\\/magazinonline\\\/produs\\\/masina-de-tuns-iarba-stihl-rm-248-t\\\/#breadcrumb\"},\"inLanguage\":\"ro-RO\",\"potentialAction\":[{\"@type\":\"ReadAction\",\"target\":[\"https:\\\/\\\/eurotech-iasi.ro\\\/magazinonline\\\/produs\\\/masina-de-tuns-iarba-stihl-rm-248-t\\\/\"]}]},{\"@type\":\"ImageObject\",\"inLanguage\":\"ro-RO\",\"@id\":\"https:\\\/\\\/eurotech-iasi.ro\\\/magazinonline\\\/produs\\\/masina-de-tuns-iarba-stihl-rm-248-t\\\/#primaryimage\",\"url\":\"https:\\\/\\\/eurotech-iasi.ro\\\/magazinonline\\\/wp-content\\\/uploads\\\/2019\\\/07\\\/Masina-de-tuns-iarba-STIHL-RM-248.3-T.png\",\"contentUrl\":\"https:\\\/\\\/eurotech-iasi.ro\\\/magazinonline\\\/wp-content\\\/uploads\\\/2019\\\/07\\\/Masina-de-tuns-iarba-STIHL-RM-248.3-T.png\",\"width\":750,\"height\":750,\"caption\":\"Masina de tuns iarba STIHL RM 248.3 T\"},{\"@type\":\"BreadcrumbList\",\"@id\":\"https:\\\/\\\/eurotech-iasi.ro\\\/magazinonline\\\/produs\\\/masina-de-tuns-iarba-stihl-rm-248-t\\\/#breadcrumb\",\"itemListElement\":[{\"@type\":\"ListItem\",\"position\":1,\"name\":\"Prima pagin\u0103\",\"item\":\"https:\\\/\\\/eurotech-iasi.ro\\\/magazinonline\\\/\"},{\"@type\":\"ListItem\",\"position\":2,\"name\":\"Shop\",\"item\":\"https:\\\/\\\/eurotech-iasi.ro\\\/magazinonline\\\/shop\\\/\"},{\"@type\":\"ListItem\",\"position\":3,\"name\":\"Masina de tuns iarba STIHL RM 248.3 T\"}]},{\"@type\":\"WebSite\",\"@id\":\"https:\\\/\\\/eurotech-iasi.ro\\\/magazinonline\\\/#website\",\"url\":\"https:\\\/\\\/eurotech-iasi.ro\\\/magazinonline\\\/\",\"name\":\"Eurotech Iasi\",\"description\":\"Cu oameni seriosi\",\"publisher\":{\"@id\":\"https:\\\/\\\/eurotech-iasi.ro\\\/magazinonline\\\/#organization\"},\"potentialAction\":[{\"@type\":\"SearchAction\",\"target\":{\"@type\":\"EntryPoint\",\"urlTemplate\":\"https:\\\/\\\/eurotech-iasi.ro\\\/magazinonline\\\/?s={search_term_string}\"},\"query-input\":{\"@type\":\"PropertyValueSpecification\",\"valueRequired\":true,\"valueName\":\"search_term_string\"}}],\"inLanguage\":\"ro-RO\"},{\"@type\":\"Organization\",\"@id\":\"https:\\\/\\\/eurotech-iasi.ro\\\/magazinonline\\\/#organization\",\"name\":\"Eurotech Iasi\",\"url\":\"https:\\\/\\\/eurotech-iasi.ro\\\/magazinonline\\\/\",\"logo\":{\"@type\":\"ImageObject\",\"inLanguage\":\"ro-RO\",\"@id\":\"https:\\\/\\\/eurotech-iasi.ro\\\/magazinonline\\\/#\\\/schema\\\/logo\\\/image\\\/\",\"url\":\"https:\\\/\\\/eurotech-iasi.ro\\\/magazinonline\\\/wp-content\\\/uploads\\\/2020\\\/08\\\/logo-eurotech.png\",\"contentUrl\":\"https:\\\/\\\/eurotech-iasi.ro\\\/magazinonline\\\/wp-content\\\/uploads\\\/2020\\\/08\\\/logo-eurotech.png\",\"width\":290,\"height\":70,\"caption\":\"Eurotech Iasi\"},\"image\":{\"@id\":\"https:\\\/\\\/eurotech-iasi.ro\\\/magazinonline\\\/#\\\/schema\\\/logo\\\/image\\\/\"},\"sameAs\":[\"https:\\\/\\\/www.facebook.com\\\/EurotechIasi\\\/\"]}]}<\/script>\n<!-- \/ Yoast SEO plugin. -->","yoast_head_json":{"title":"Masina de tuns iarba STIHL RM 248.3 T - Eurotech Iasi","robots":{"index":"index","follow":"follow","max-snippet":"max-snippet:-1","max-image-preview":"max-image-preview:large","max-video-preview":"max-video-preview:-1"},"canonical":"https:\/\/eurotech-iasi.ro\/magazinonline\/produs\/masina-de-tuns-iarba-stihl-rm-248-t\/","og_locale":"ro_RO","og_type":"article","og_title":"Masina de tuns iarba STIHL RM 248.3 T - Eurotech Iasi","og_description":"Masina de tuns iarba STIHL RM 248.3 T este modelul lansat in 2024 cu 4 moduri de operare (Cut &amp; collect, Cut &amp; drop, Side discharge\u00a0si\u00a0Mulching), auto-propulsie, carcasa rezistenta din foaie de otel si latime de taiere 46 cm cu un design nou optimizat pentru un confort sporit al utilizatorului.  Cod produs: WB21-011-3410    \u00a0*Garan\u021bie 2 ani + 6 luni Extra Garan\u021bie.  \u00cenregistreaz\u0103\u00a0 produsul achizi\u021bionat de la noi, \u00een termen de 30 de zile de la cump\u0103rare, pe site-ul oficial STIHL la adresa\u00a0preg.stihl.com \u0219i profit\u0103 de prelungirea gratuit\u0103 a garan\u021biei cu 6 luni ! &nbsp;","og_url":"https:\/\/eurotech-iasi.ro\/magazinonline\/produs\/masina-de-tuns-iarba-stihl-rm-248-t\/","og_site_name":"Eurotech Iasi","article_publisher":"https:\/\/www.facebook.com\/EurotechIasi\/","article_modified_time":"2026-02-13T07:16:10+00:00","og_image":[{"width":750,"height":750,"url":"https:\/\/eurotech-iasi.ro\/magazinonline\/wp-content\/uploads\/2019\/07\/Masina-de-tuns-iarba-STIHL-RM-248.3-T.png","type":"image\/png"}],"twitter_misc":{"Timp estimat pentru citire":"4 minute"},"schema":{"@context":"https:\/\/schema.org","@graph":[{"@type":"WebPage","@id":"https:\/\/eurotech-iasi.ro\/magazinonline\/produs\/masina-de-tuns-iarba-stihl-rm-248-t\/","url":"https:\/\/eurotech-iasi.ro\/magazinonline\/produs\/masina-de-tuns-iarba-stihl-rm-248-t\/","name":"Masina de tuns iarba STIHL RM 248.3 T - Eurotech Iasi","isPartOf":{"@id":"https:\/\/eurotech-iasi.ro\/magazinonline\/#website"},"primaryImageOfPage":{"@id":"https:\/\/eurotech-iasi.ro\/magazinonline\/produs\/masina-de-tuns-iarba-stihl-rm-248-t\/#primaryimage"},"image":{"@id":"https:\/\/eurotech-iasi.ro\/magazinonline\/produs\/masina-de-tuns-iarba-stihl-rm-248-t\/#primaryimage"},"thumbnailUrl":"https:\/\/eurotech-iasi.ro\/magazinonline\/wp-content\/uploads\/2019\/07\/Masina-de-tuns-iarba-STIHL-RM-248.3-T.png","datePublished":"2019-07-01T07:57:18+00:00","dateModified":"2026-02-13T07:16:10+00:00","breadcrumb":{"@id":"https:\/\/eurotech-iasi.ro\/magazinonline\/produs\/masina-de-tuns-iarba-stihl-rm-248-t\/#breadcrumb"},"inLanguage":"ro-RO","potentialAction":[{"@type":"ReadAction","target":["https:\/\/eurotech-iasi.ro\/magazinonline\/produs\/masina-de-tuns-iarba-stihl-rm-248-t\/"]}]},{"@type":"ImageObject","inLanguage":"ro-RO","@id":"https:\/\/eurotech-iasi.ro\/magazinonline\/produs\/masina-de-tuns-iarba-stihl-rm-248-t\/#primaryimage","url":"https:\/\/eurotech-iasi.ro\/magazinonline\/wp-content\/uploads\/2019\/07\/Masina-de-tuns-iarba-STIHL-RM-248.3-T.png","contentUrl":"https:\/\/eurotech-iasi.ro\/magazinonline\/wp-content\/uploads\/2019\/07\/Masina-de-tuns-iarba-STIHL-RM-248.3-T.png","width":750,"height":750,"caption":"Masina de tuns iarba STIHL RM 248.3 T"},{"@type":"BreadcrumbList","@id":"https:\/\/eurotech-iasi.ro\/magazinonline\/produs\/masina-de-tuns-iarba-stihl-rm-248-t\/#breadcrumb","itemListElement":[{"@type":"ListItem","position":1,"name":"Prima pagin\u0103","item":"https:\/\/eurotech-iasi.ro\/magazinonline\/"},{"@type":"ListItem","position":2,"name":"Shop","item":"https:\/\/eurotech-iasi.ro\/magazinonline\/shop\/"},{"@type":"ListItem","position":3,"name":"Masina de tuns iarba STIHL RM 248.3 T"}]},{"@type":"WebSite","@id":"https:\/\/eurotech-iasi.ro\/magazinonline\/#website","url":"https:\/\/eurotech-iasi.ro\/magazinonline\/","name":"Eurotech Iasi","description":"Cu oameni seriosi","publisher":{"@id":"https:\/\/eurotech-iasi.ro\/magazinonline\/#organization"},"potentialAction":[{"@type":"SearchAction","target":{"@type":"EntryPoint","urlTemplate":"https:\/\/eurotech-iasi.ro\/magazinonline\/?s={search_term_string}"},"query-input":{"@type":"PropertyValueSpecification","valueRequired":true,"valueName":"search_term_string"}}],"inLanguage":"ro-RO"},{"@type":"Organization","@id":"https:\/\/eurotech-iasi.ro\/magazinonline\/#organization","name":"Eurotech Iasi","url":"https:\/\/eurotech-iasi.ro\/magazinonline\/","logo":{"@type":"ImageObject","inLanguage":"ro-RO","@id":"https:\/\/eurotech-iasi.ro\/magazinonline\/#\/schema\/logo\/image\/","url":"https:\/\/eurotech-iasi.ro\/magazinonline\/wp-content\/uploads\/2020\/08\/logo-eurotech.png","contentUrl":"https:\/\/eurotech-iasi.ro\/magazinonline\/wp-content\/uploads\/2020\/08\/logo-eurotech.png","width":290,"height":70,"caption":"Eurotech Iasi"},"image":{"@id":"https:\/\/eurotech-iasi.ro\/magazinonline\/#\/schema\/logo\/image\/"},"sameAs":["https:\/\/www.facebook.com\/EurotechIasi\/"]}]}},"_links":{"self":[{"href":"https:\/\/eurotech-iasi.ro\/magazinonline\/wp-json\/wp\/v2\/product\/18821","targetHints":{"allow":["GET"]}}],"collection":[{"href":"https:\/\/eurotech-iasi.ro\/magazinonline\/wp-json\/wp\/v2\/product"}],"about":[{"href":"https:\/\/eurotech-iasi.ro\/magazinonline\/wp-json\/wp\/v2\/types\/product"}],"replies":[{"embeddable":true,"href":"https:\/\/eurotech-iasi.ro\/magazinonline\/wp-json\/wp\/v2\/comments?post=18821"}],"wp:featuredmedia":[{"embeddable":true,"href":"https:\/\/eurotech-iasi.ro\/magazinonline\/wp-json\/wp\/v2\/media\/103629"}],"wp:attachment":[{"href":"https:\/\/eurotech-iasi.ro\/magazinonline\/wp-json\/wp\/v2\/media?parent=18821"}],"wp:term":[{"taxonomy":"product_cat","embeddable":true,"href":"https:\/\/eurotech-iasi.ro\/magazinonline\/wp-json\/wp\/v2\/product_cat?post=18821"},{"taxonomy":"product_tag","embeddable":true,"href":"https:\/\/eurotech-iasi.ro\/magazinonline\/wp-json\/wp\/v2\/product_tag?post=18821"},{"taxonomy":"woo-feed-brand","embeddable":true,"href":"https:\/\/eurotech-iasi.ro\/magazinonline\/wp-json\/wp\/v2\/woo-feed-brand?post=18821"}],"curies":[{"name":"wp","href":"https:\/\/api.w.org\/{rel}","templated":true}]}}