{"id":19000,"date":"2019-07-02T12:17:21","date_gmt":"2019-07-02T09:17:21","guid":{"rendered":"https:\/\/eurotech-iasi.ro\/magazinonline\/?post_type=product&#038;p=19000"},"modified":"2026-01-05T16:47:05","modified_gmt":"2026-01-05T14:47:05","slug":"masina-pentru-rindeluit-si-degrosat-bernardo-pt-200-ed","status":"publish","type":"product","link":"https:\/\/eurotech-iasi.ro\/magazinonline\/produs\/masina-pentru-rindeluit-si-degrosat-bernardo-pt-200-ed\/","title":{"rendered":"Masina pentru rindeluit si degrosat Bernardo PT 200 ED"},"content":{"rendered":"<p><a title=\"Masina de rindeluit si grosime prelucrare lemn PT 200 ED\" href=\"https:\/\/eurotech-iasi.ro\/magazinonline\/produs\/masina-pentru-rindeluit-si-degrosat-pt-200-ed-bernardo\/\" rel=\"nofollow\"><strong>Masina pentru rindeluit si degrosat Bernardo PT 200 ED<\/strong><\/a> este o masina special conceputa pentru prelucrarea lemnului, ideala pentru utilizare in montaje de tip hobby.<\/p>\n<h4>Masina de rindeluit si grosime prelucrare lemn PT 200 ED &#8211; avantaje:<\/h4>\n<ul class=\"list_description_products\">\n<li>Inaltimea maxima de rindeluire este de 210 mm<\/li>\n<li>Exhaustorul pentru praf si rumegus este incorporat.<\/li>\n<li>Puterea motorului este de 1,5 kW \/ 2,0 CP<\/li>\n<li>Datorita constructiei sale compacte acest model\u00a0este ideal pentru utilizatorii amatori<\/li>\n<li><span class=\"text_color_list\">Constructia compacta asigura un transport facil<\/span><\/li>\n<li><span class=\"text_color_list\">Reglare rapida si usoara a adancimii de rindeluire<\/span><\/li>\n<li><span class=\"text_color_list\">Masina dotata standard cu hota de aspiratie integrata si sac colector a rumegusului<\/span><\/li>\n<li><span class=\"text_color_list\">Ajustare u\u015foar\u0103 \u015fi rapid\u0103 a adancimii de rindeluire si degrosare<\/span><\/li>\n<li><span class=\"text_color_list\">Rigla paralela stabila, inclinabila de la 90\u00b0 &#8211; 45\u00b0<\/span><\/li>\n<li><span class=\"text_color_list\">Masa pentru rindeluire din aluminiu pentru rezultate exacte<\/span><\/li>\n<li><span class=\"text_color_list\">Intrerupator ON &#8211; OFF conform IP 54 cu declansare la tensiune joasa<\/span><\/li>\n<li><span class=\"text_color_list\">Bloc taietor cu rulmenti de precizie si cutite HSS<\/span><\/li>\n<li><span class=\"text_color_list\">Masina conceputa pentru amatori si utilizatori casnici<\/span><\/li>\n<li><span class=\"text_color_list\">Echipata standard cu hota de aspiratie<\/span><\/li>\n<\/ul>\n<h2>Specificatii tehnice &#8211; Masina de rindeluit si grosime prelucrare lemn PT 200 ED:<\/h2>\n<p><strong>Latime rindeluire\u00a0 &#8211; <\/strong>205 mm<br \/>\n<strong>Lungimea mesei de rindeluire &#8211; <\/strong>740 mm<br \/>\n<strong>Turatie tambur <\/strong>&#8211; 8500 rot\/min<br \/>\n<strong>Numar cutite &#8211; <\/strong>2 buc<br \/>\n<strong>Diametru tambur &#8211; <\/strong>50 mm<br \/>\n<strong>Rigla ghidaj &#8211; <\/strong>540 x 105 mm<br \/>\n<strong>Inclinarea riglei de ghidare &#8211; <\/strong>90\u00b0 &#8211; 45\u00b0<br \/>\n<strong>Adancime max. rindeluire &#8211; <\/strong>2 mm<br \/>\n<strong>Latime degrosare &#8211;<\/strong> 200 mm<br \/>\n<strong>Adancime max. degrosare &#8211; <\/strong>2 mm<br \/>\n<strong>Puterea de lucru &#8211; <\/strong>7 m\/min<br \/>\n<strong>Iesire hota exhaustare &#8211; <\/strong>60 mm<br \/>\n<strong>Tensiune &#8211; <\/strong>230 V<br \/>\n<strong>Spatiu necesar (L x I x I) &#8211; <\/strong>790 x 480 x 550 mm<br \/>\n<strong>Greutate aproximativa &#8211; <\/strong>31 Kg<br \/>\n<strong>Putere motor S1 100% &#8211; <\/strong>1,5 kW (2,0 CP)<br \/>\n<strong>Inaltime degrosare minim\/maxim &#8211; <\/strong>5 &#8211; 210 mm<\/p>\n<p><strong>Accesorii standard:<\/strong><\/p>\n<ul class=\"ul1\">\n<li class=\"li1\"><span class=\"s2\">Cutit rindea de calitate HSS<\/span><\/li>\n<li class=\"li1\"><span class=\"s2\">Aspirare integrata<\/span><\/li>\n<li class=\"li1\"><span class=\"s2\">Capota de aspirare<\/span><\/li>\n<li class=\"li1\"><span class=\"s2\">Lera de reglare cutit rindea<\/span><\/li>\n<li class=\"li1\"><span class=\"s2\">Sac de span<\/span><\/li>\n<li class=\"li1\"><span class=\"s2\">Tija impingatoare<\/span><\/li>\n<\/ul>\n","protected":false},"excerpt":{"rendered":"<p><strong> Masina pentru rindeluit si degrosat Bernardo PT 200 ED special conceputa pentru prelucrarea lemnului, ideala pentru utilizare in montaje.<\/strong><\/p>\n<p><em><strong>Cod produs: 08-1006<\/strong><\/em><\/p>\n<p><span style=\"color: #ff0000;\"><em><strong>*Pretul produsului include taxa de TIMBRU VERDE in valoare de 35 RON fara TVA.<\/strong><\/em><\/span><\/p>\n","protected":false},"featured_media":78448,"comment_status":"open","ping_status":"closed","template":"","meta":{"_acf_changed":false},"product_cat":[4316,4306,11965],"product_tag":[],"woo-feed-brand":[],"class_list":{"0":"post-19000","1":"product","2":"type-product","3":"status-publish","4":"has-post-thumbnail","6":"product_brand-bernardo","7":"product_cat-rindele-electrice","8":"product_cat-scule-electrice","9":"product_cat-utilaje-prelucrare-lemn","10":"pa_brand-bernardo","12":"first","13":"instock","14":"purchasable","15":"product-type-simple"},"acf":[],"yoast_head":"<!-- This site is optimized with the Yoast SEO plugin v27.5 - https:\/\/yoast.com\/product\/yoast-seo-wordpress\/ -->\n<title>Masina pentru rindeluit si degrosat Bernardo PT 200 ED - Eurotech Iasi<\/title>\n<meta name=\"description\" content=\"Masina pentru rindeluit si degrosat PT 200 ED Bernardo, special conceputa pentru prelucrarea lemnului, ideala pentru utilizare in montaje.\" \/>\n<meta name=\"robots\" content=\"index, follow, max-snippet:-1, max-image-preview:large, max-video-preview:-1\" \/>\n<link rel=\"canonical\" href=\"https:\/\/eurotech-iasi.ro\/magazinonline\/produs\/masina-pentru-rindeluit-si-degrosat-bernardo-pt-200-ed\/\" \/>\n<meta property=\"og:locale\" content=\"ro_RO\" \/>\n<meta property=\"og:type\" content=\"article\" \/>\n<meta property=\"og:title\" content=\"Masina pentru rindeluit si degrosat Bernardo PT 200 ED - Eurotech Iasi\" \/>\n<meta property=\"og:description\" content=\"Masina pentru rindeluit si degrosat PT 200 ED Bernardo, special conceputa pentru prelucrarea lemnului, ideala pentru utilizare in montaje.\" \/>\n<meta property=\"og:url\" content=\"https:\/\/eurotech-iasi.ro\/magazinonline\/produs\/masina-pentru-rindeluit-si-degrosat-bernardo-pt-200-ed\/\" \/>\n<meta property=\"og:site_name\" content=\"Eurotech Iasi\" \/>\n<meta property=\"article:publisher\" content=\"https:\/\/www.facebook.com\/EurotechIasi\/\" \/>\n<meta property=\"article:modified_time\" content=\"2026-01-05T14:47:05+00:00\" \/>\n<meta property=\"og:image\" content=\"https:\/\/eurotech-iasi.ro\/magazinonline\/wp-content\/uploads\/2019\/07\/Masina-pentru-rindeluit-si-degrosat-Bernardo-PT-200-ED-1.jpg\" \/>\n\t<meta property=\"og:image:width\" content=\"750\" \/>\n\t<meta property=\"og:image:height\" content=\"750\" \/>\n\t<meta property=\"og:image:type\" content=\"image\/jpeg\" \/>\n<meta name=\"twitter:label1\" content=\"Timp estimat pentru citire\" \/>\n\t<meta name=\"twitter:data1\" content=\"1 minut\" \/>\n<script type=\"application\/ld+json\" class=\"yoast-schema-graph\">{\"@context\":\"https:\\\/\\\/schema.org\",\"@graph\":[{\"@type\":\"WebPage\",\"@id\":\"https:\\\/\\\/eurotech-iasi.ro\\\/magazinonline\\\/produs\\\/masina-pentru-rindeluit-si-degrosat-bernardo-pt-200-ed\\\/\",\"url\":\"https:\\\/\\\/eurotech-iasi.ro\\\/magazinonline\\\/produs\\\/masina-pentru-rindeluit-si-degrosat-bernardo-pt-200-ed\\\/\",\"name\":\"Masina pentru rindeluit si degrosat Bernardo PT 200 ED - Eurotech Iasi\",\"isPartOf\":{\"@id\":\"https:\\\/\\\/eurotech-iasi.ro\\\/magazinonline\\\/#website\"},\"primaryImageOfPage\":{\"@id\":\"https:\\\/\\\/eurotech-iasi.ro\\\/magazinonline\\\/produs\\\/masina-pentru-rindeluit-si-degrosat-bernardo-pt-200-ed\\\/#primaryimage\"},\"image\":{\"@id\":\"https:\\\/\\\/eurotech-iasi.ro\\\/magazinonline\\\/produs\\\/masina-pentru-rindeluit-si-degrosat-bernardo-pt-200-ed\\\/#primaryimage\"},\"thumbnailUrl\":\"https:\\\/\\\/eurotech-iasi.ro\\\/magazinonline\\\/wp-content\\\/uploads\\\/2019\\\/07\\\/Masina-pentru-rindeluit-si-degrosat-Bernardo-PT-200-ED-1.jpg\",\"datePublished\":\"2019-07-02T09:17:21+00:00\",\"dateModified\":\"2026-01-05T14:47:05+00:00\",\"description\":\"Masina pentru rindeluit si degrosat PT 200 ED Bernardo, special conceputa pentru prelucrarea lemnului, ideala pentru utilizare in montaje.\",\"breadcrumb\":{\"@id\":\"https:\\\/\\\/eurotech-iasi.ro\\\/magazinonline\\\/produs\\\/masina-pentru-rindeluit-si-degrosat-bernardo-pt-200-ed\\\/#breadcrumb\"},\"inLanguage\":\"ro-RO\",\"potentialAction\":[{\"@type\":\"ReadAction\",\"target\":[\"https:\\\/\\\/eurotech-iasi.ro\\\/magazinonline\\\/produs\\\/masina-pentru-rindeluit-si-degrosat-bernardo-pt-200-ed\\\/\"]}]},{\"@type\":\"ImageObject\",\"inLanguage\":\"ro-RO\",\"@id\":\"https:\\\/\\\/eurotech-iasi.ro\\\/magazinonline\\\/produs\\\/masina-pentru-rindeluit-si-degrosat-bernardo-pt-200-ed\\\/#primaryimage\",\"url\":\"https:\\\/\\\/eurotech-iasi.ro\\\/magazinonline\\\/wp-content\\\/uploads\\\/2019\\\/07\\\/Masina-pentru-rindeluit-si-degrosat-Bernardo-PT-200-ED-1.jpg\",\"contentUrl\":\"https:\\\/\\\/eurotech-iasi.ro\\\/magazinonline\\\/wp-content\\\/uploads\\\/2019\\\/07\\\/Masina-pentru-rindeluit-si-degrosat-Bernardo-PT-200-ED-1.jpg\",\"width\":750,\"height\":750,\"caption\":\"Masina pentru rindeluit si degrosat Bernardo PT 200 ED\"},{\"@type\":\"BreadcrumbList\",\"@id\":\"https:\\\/\\\/eurotech-iasi.ro\\\/magazinonline\\\/produs\\\/masina-pentru-rindeluit-si-degrosat-bernardo-pt-200-ed\\\/#breadcrumb\",\"itemListElement\":[{\"@type\":\"ListItem\",\"position\":1,\"name\":\"Prima pagin\u0103\",\"item\":\"https:\\\/\\\/eurotech-iasi.ro\\\/magazinonline\\\/\"},{\"@type\":\"ListItem\",\"position\":2,\"name\":\"Shop\",\"item\":\"https:\\\/\\\/eurotech-iasi.ro\\\/magazinonline\\\/shop\\\/\"},{\"@type\":\"ListItem\",\"position\":3,\"name\":\"Masina pentru rindeluit si degrosat Bernardo PT 200 ED\"}]},{\"@type\":\"WebSite\",\"@id\":\"https:\\\/\\\/eurotech-iasi.ro\\\/magazinonline\\\/#website\",\"url\":\"https:\\\/\\\/eurotech-iasi.ro\\\/magazinonline\\\/\",\"name\":\"Eurotech Iasi\",\"description\":\"Cu oameni seriosi\",\"publisher\":{\"@id\":\"https:\\\/\\\/eurotech-iasi.ro\\\/magazinonline\\\/#organization\"},\"potentialAction\":[{\"@type\":\"SearchAction\",\"target\":{\"@type\":\"EntryPoint\",\"urlTemplate\":\"https:\\\/\\\/eurotech-iasi.ro\\\/magazinonline\\\/?s={search_term_string}\"},\"query-input\":{\"@type\":\"PropertyValueSpecification\",\"valueRequired\":true,\"valueName\":\"search_term_string\"}}],\"inLanguage\":\"ro-RO\"},{\"@type\":\"Organization\",\"@id\":\"https:\\\/\\\/eurotech-iasi.ro\\\/magazinonline\\\/#organization\",\"name\":\"Eurotech Iasi\",\"url\":\"https:\\\/\\\/eurotech-iasi.ro\\\/magazinonline\\\/\",\"logo\":{\"@type\":\"ImageObject\",\"inLanguage\":\"ro-RO\",\"@id\":\"https:\\\/\\\/eurotech-iasi.ro\\\/magazinonline\\\/#\\\/schema\\\/logo\\\/image\\\/\",\"url\":\"https:\\\/\\\/eurotech-iasi.ro\\\/magazinonline\\\/wp-content\\\/uploads\\\/2020\\\/08\\\/logo-eurotech.png\",\"contentUrl\":\"https:\\\/\\\/eurotech-iasi.ro\\\/magazinonline\\\/wp-content\\\/uploads\\\/2020\\\/08\\\/logo-eurotech.png\",\"width\":290,\"height\":70,\"caption\":\"Eurotech Iasi\"},\"image\":{\"@id\":\"https:\\\/\\\/eurotech-iasi.ro\\\/magazinonline\\\/#\\\/schema\\\/logo\\\/image\\\/\"},\"sameAs\":[\"https:\\\/\\\/www.facebook.com\\\/EurotechIasi\\\/\"]}]}<\/script>\n<!-- \/ Yoast SEO plugin. -->","yoast_head_json":{"title":"Masina pentru rindeluit si degrosat Bernardo PT 200 ED - Eurotech Iasi","description":"Masina pentru rindeluit si degrosat PT 200 ED Bernardo, special conceputa pentru prelucrarea lemnului, ideala pentru utilizare in montaje.","robots":{"index":"index","follow":"follow","max-snippet":"max-snippet:-1","max-image-preview":"max-image-preview:large","max-video-preview":"max-video-preview:-1"},"canonical":"https:\/\/eurotech-iasi.ro\/magazinonline\/produs\/masina-pentru-rindeluit-si-degrosat-bernardo-pt-200-ed\/","og_locale":"ro_RO","og_type":"article","og_title":"Masina pentru rindeluit si degrosat Bernardo PT 200 ED - Eurotech Iasi","og_description":"Masina pentru rindeluit si degrosat PT 200 ED Bernardo, special conceputa pentru prelucrarea lemnului, ideala pentru utilizare in montaje.","og_url":"https:\/\/eurotech-iasi.ro\/magazinonline\/produs\/masina-pentru-rindeluit-si-degrosat-bernardo-pt-200-ed\/","og_site_name":"Eurotech Iasi","article_publisher":"https:\/\/www.facebook.com\/EurotechIasi\/","article_modified_time":"2026-01-05T14:47:05+00:00","og_image":[{"width":750,"height":750,"url":"https:\/\/eurotech-iasi.ro\/magazinonline\/wp-content\/uploads\/2019\/07\/Masina-pentru-rindeluit-si-degrosat-Bernardo-PT-200-ED-1.jpg","type":"image\/jpeg"}],"twitter_misc":{"Timp estimat pentru citire":"1 minut"},"schema":{"@context":"https:\/\/schema.org","@graph":[{"@type":"WebPage","@id":"https:\/\/eurotech-iasi.ro\/magazinonline\/produs\/masina-pentru-rindeluit-si-degrosat-bernardo-pt-200-ed\/","url":"https:\/\/eurotech-iasi.ro\/magazinonline\/produs\/masina-pentru-rindeluit-si-degrosat-bernardo-pt-200-ed\/","name":"Masina pentru rindeluit si degrosat Bernardo PT 200 ED - Eurotech Iasi","isPartOf":{"@id":"https:\/\/eurotech-iasi.ro\/magazinonline\/#website"},"primaryImageOfPage":{"@id":"https:\/\/eurotech-iasi.ro\/magazinonline\/produs\/masina-pentru-rindeluit-si-degrosat-bernardo-pt-200-ed\/#primaryimage"},"image":{"@id":"https:\/\/eurotech-iasi.ro\/magazinonline\/produs\/masina-pentru-rindeluit-si-degrosat-bernardo-pt-200-ed\/#primaryimage"},"thumbnailUrl":"https:\/\/eurotech-iasi.ro\/magazinonline\/wp-content\/uploads\/2019\/07\/Masina-pentru-rindeluit-si-degrosat-Bernardo-PT-200-ED-1.jpg","datePublished":"2019-07-02T09:17:21+00:00","dateModified":"2026-01-05T14:47:05+00:00","description":"Masina pentru rindeluit si degrosat PT 200 ED Bernardo, special conceputa pentru prelucrarea lemnului, ideala pentru utilizare in montaje.","breadcrumb":{"@id":"https:\/\/eurotech-iasi.ro\/magazinonline\/produs\/masina-pentru-rindeluit-si-degrosat-bernardo-pt-200-ed\/#breadcrumb"},"inLanguage":"ro-RO","potentialAction":[{"@type":"ReadAction","target":["https:\/\/eurotech-iasi.ro\/magazinonline\/produs\/masina-pentru-rindeluit-si-degrosat-bernardo-pt-200-ed\/"]}]},{"@type":"ImageObject","inLanguage":"ro-RO","@id":"https:\/\/eurotech-iasi.ro\/magazinonline\/produs\/masina-pentru-rindeluit-si-degrosat-bernardo-pt-200-ed\/#primaryimage","url":"https:\/\/eurotech-iasi.ro\/magazinonline\/wp-content\/uploads\/2019\/07\/Masina-pentru-rindeluit-si-degrosat-Bernardo-PT-200-ED-1.jpg","contentUrl":"https:\/\/eurotech-iasi.ro\/magazinonline\/wp-content\/uploads\/2019\/07\/Masina-pentru-rindeluit-si-degrosat-Bernardo-PT-200-ED-1.jpg","width":750,"height":750,"caption":"Masina pentru rindeluit si degrosat Bernardo PT 200 ED"},{"@type":"BreadcrumbList","@id":"https:\/\/eurotech-iasi.ro\/magazinonline\/produs\/masina-pentru-rindeluit-si-degrosat-bernardo-pt-200-ed\/#breadcrumb","itemListElement":[{"@type":"ListItem","position":1,"name":"Prima pagin\u0103","item":"https:\/\/eurotech-iasi.ro\/magazinonline\/"},{"@type":"ListItem","position":2,"name":"Shop","item":"https:\/\/eurotech-iasi.ro\/magazinonline\/shop\/"},{"@type":"ListItem","position":3,"name":"Masina pentru rindeluit si degrosat Bernardo PT 200 ED"}]},{"@type":"WebSite","@id":"https:\/\/eurotech-iasi.ro\/magazinonline\/#website","url":"https:\/\/eurotech-iasi.ro\/magazinonline\/","name":"Eurotech Iasi","description":"Cu oameni seriosi","publisher":{"@id":"https:\/\/eurotech-iasi.ro\/magazinonline\/#organization"},"potentialAction":[{"@type":"SearchAction","target":{"@type":"EntryPoint","urlTemplate":"https:\/\/eurotech-iasi.ro\/magazinonline\/?s={search_term_string}"},"query-input":{"@type":"PropertyValueSpecification","valueRequired":true,"valueName":"search_term_string"}}],"inLanguage":"ro-RO"},{"@type":"Organization","@id":"https:\/\/eurotech-iasi.ro\/magazinonline\/#organization","name":"Eurotech Iasi","url":"https:\/\/eurotech-iasi.ro\/magazinonline\/","logo":{"@type":"ImageObject","inLanguage":"ro-RO","@id":"https:\/\/eurotech-iasi.ro\/magazinonline\/#\/schema\/logo\/image\/","url":"https:\/\/eurotech-iasi.ro\/magazinonline\/wp-content\/uploads\/2020\/08\/logo-eurotech.png","contentUrl":"https:\/\/eurotech-iasi.ro\/magazinonline\/wp-content\/uploads\/2020\/08\/logo-eurotech.png","width":290,"height":70,"caption":"Eurotech Iasi"},"image":{"@id":"https:\/\/eurotech-iasi.ro\/magazinonline\/#\/schema\/logo\/image\/"},"sameAs":["https:\/\/www.facebook.com\/EurotechIasi\/"]}]}},"_links":{"self":[{"href":"https:\/\/eurotech-iasi.ro\/magazinonline\/wp-json\/wp\/v2\/product\/19000","targetHints":{"allow":["GET"]}}],"collection":[{"href":"https:\/\/eurotech-iasi.ro\/magazinonline\/wp-json\/wp\/v2\/product"}],"about":[{"href":"https:\/\/eurotech-iasi.ro\/magazinonline\/wp-json\/wp\/v2\/types\/product"}],"replies":[{"embeddable":true,"href":"https:\/\/eurotech-iasi.ro\/magazinonline\/wp-json\/wp\/v2\/comments?post=19000"}],"wp:featuredmedia":[{"embeddable":true,"href":"https:\/\/eurotech-iasi.ro\/magazinonline\/wp-json\/wp\/v2\/media\/78448"}],"wp:attachment":[{"href":"https:\/\/eurotech-iasi.ro\/magazinonline\/wp-json\/wp\/v2\/media?parent=19000"}],"wp:term":[{"taxonomy":"product_cat","embeddable":true,"href":"https:\/\/eurotech-iasi.ro\/magazinonline\/wp-json\/wp\/v2\/product_cat?post=19000"},{"taxonomy":"product_tag","embeddable":true,"href":"https:\/\/eurotech-iasi.ro\/magazinonline\/wp-json\/wp\/v2\/product_tag?post=19000"},{"taxonomy":"woo-feed-brand","embeddable":true,"href":"https:\/\/eurotech-iasi.ro\/magazinonline\/wp-json\/wp\/v2\/woo-feed-brand?post=19000"}],"curies":[{"name":"wp","href":"https:\/\/api.w.org\/{rel}","templated":true}]}}