{"id":19555,"date":"2019-07-05T15:50:55","date_gmt":"2019-07-05T12:50:55","guid":{"rendered":"https:\/\/eurotech-iasi.ro\/magazinonline\/?post_type=product&#038;p=19555"},"modified":"2026-02-12T17:15:48","modified_gmt":"2026-02-12T15:15:48","slug":"motoferastrau-stihl-mse-141-c-q","status":"publish","type":"product","link":"https:\/\/eurotech-iasi.ro\/magazinonline\/produs\/motoferastrau-stihl-mse-141-c-q\/","title":{"rendered":"Motoferastrau STIHL MSE 141 C-Q"},"content":{"rendered":"<p><strong>Motoferastrau STIHL MSE 141 C-Q<\/strong> este un motofierastrau maniabil si usor cu randament bun. Pornirea si oprirea acestui utilaj se face de la o singura maneta \u2013 <em><strong>comanda monobloc<\/strong><\/em>. Asta face comanda deosebit de confortabila si sigura, deoarece mana dreapta poate ramane in permanenta pe maner. Este echipat cu un sistem de reglare din carburator denumit\u00a0<em><strong>compensator<\/strong><\/em>. Acesta are grija ca puterea motorului, calitatea gazelor de evacuare si consumul de combustibil sa ramana aproape constante. Astfel sunt posibile intervale de lucru foarte mari fara intretinere.<\/p>\n<p><em><strong>Sistemul anti-vibratii<\/strong><\/em>\u00a0cu care este echipat\u00a0<strong>MS 141 C-Q<\/strong>\u00a0reduce vibratiile puternice din locurile de prindere, astfel, reduce riscul aparitiei tulburarilor de irigatie sangvina la nivelul mainilor si a bratelor. Cu ajutorul\u00a0<em><strong>sistemul Ematic<\/strong><\/em>\u00a0pentru ungerea lantului, consumul de ulei poate fi redus astfel cu pana la 50%. Acesta este compus din sina de ghidaj Ematic, lant de ferastrau Oilomatic si pompa de ulei cu reglaj de cantitate. Constructia speciala a sinei si a lantului face ca orice picatura de ulei sa ajunga acolo unde este nevoie pentru lubrifiere. Datorita\u00a0<em><strong>dispozitivului pentru intindere a lantului<\/strong>\u00a0<\/em>se impiedica contactul mainii cu lantul de ferastrau ascutit si cu varfurile opritorului cu gheare. Rezervorul este prevazut cu\u00a0<em><strong>capace speciale brevetate<\/strong><\/em> care pot fi deschise si inchise rapid, fara unelte speciale. Utilajul mai este prevazut cu<em><strong> ventil de decompresie<\/strong><\/em> ce reduce forta de tractiune necesara de la cablul demaror.<\/p>\n<ul>\n<li>Motofer\u0103str\u0103u electric, u\u0219or de utilizat, pentru \u00eencep\u0103tori<\/li>\n<li>Motor puternic cu performan\u021be de t\u0103iere remarcabile<\/li>\n<li>Ergonomia bun\u0103 garanteaz\u0103 o munc\u0103 f\u0103r\u0103 efort<\/li>\n<\/ul>\n<p>INSTRUCTIUNI DE UTILIZARE &#8211; <a href=\"https:\/\/eurotech-iasi.ro\/magazinonline\/wp-content\/uploads\/2020\/04\/STIHL-MSE-141-C.pdf\">Descarca de aici Instructiuni generale privind siguranta de utilizare<\/a><\/p>\n<p>&nbsp;<\/p>\n<p><iframe loading=\"lazy\" src=\"https:\/\/www.youtube.com\/embed\/lVkz8r2xfYU\" width=\"560\" height=\"315\" frameborder=\"0\" allowfullscreen=\"allowfullscreen\"><\/iframe><\/p>\n","protected":false},"excerpt":{"rendered":"<h4>Motoferastrau STIHL MSE 141 C-Q este un motoferastrau usor de utilizat ideal pentru incepatori, cu motor puternic cu performante de taiere remarcabile si o ergonomie buna ce garanteaza munca fara efort.<\/h4>\n<p><em><strong>Cod produs: 12082000304<\/strong><\/em><\/p>\n<p><span style=\"color: #ff0000;\"><em><a href=\"https:\/\/eurotech-iasi.ro\/magazinonline\/?attachment_id=87685\" rel=\"attachment wp-att-87685\"><img loading=\"lazy\" decoding=\"async\" class=\"wp-image-87685 aligncenter\" src=\"https:\/\/eurotech-iasi.ro\/magazinonline\/wp-content\/uploads\/2019\/06\/2-1-150x150.png\" alt=\"\" width=\"72\" height=\"72\" srcset=\"https:\/\/eurotech-iasi.ro\/magazinonline\/wp-content\/uploads\/2019\/06\/2-1-150x150.png 150w, https:\/\/eurotech-iasi.ro\/magazinonline\/wp-content\/uploads\/2019\/06\/2-1-100x100.png 100w, https:\/\/eurotech-iasi.ro\/magazinonline\/wp-content\/uploads\/2019\/06\/2-1.png 200w\" sizes=\"auto, (max-width: 72px) 100vw, 72px\" \/><\/a><\/em><\/span><\/p>\n<h5><span style=\"color: #eb782b;\"><em><strong>\u00a0<a href=\"https:\/\/eurotech-iasi.ro\/magazinonline\/termeni-si-conditii\/\">*Garan\u021bie 2 ani<\/a> + 6 luni Extra Garan\u021bie. <\/strong><\/em><\/span><\/h5>\n<h5><span style=\"color: #eb782b;\"><em><strong>\u00cenregistreaz\u0103 acum produsul achizi\u021bionat de la noi pe site-ul oficial STIHL la adresa<a href=\"https:\/\/preg.stihl.com\/?lang=RO_ro&amp;country=RO\">\u00a0preg.stihl.com<\/a> \u0219i beneficia\u021bi de 6 luni garan\u021bie extins\u0103 !<\/strong><\/em><\/span><\/h5>\n","protected":false},"featured_media":19556,"comment_status":"open","ping_status":"closed","template":"","meta":{"_acf_changed":false},"product_cat":[4365,4337,4364],"product_tag":[],"woo-feed-brand":[],"class_list":{"0":"post-19555","1":"product","2":"type-product","3":"status-publish","4":"has-post-thumbnail","6":"product_brand-stihl","7":"product_cat-fierastraie-electrice-cu-lant","8":"product_cat-gradinarit-agricultura","9":"product_cat-motofierastraie","10":"pa_brand-stihl","11":"pa_frecventa-50-hz","12":"pa_greutate-41-kg-2","13":"pa_lungime-cablu-0-4-m","14":"pa_lungime-de-taiere-30-cm","15":"pa_nivel-vibratii-3-3-4-2-m-s","16":"pa_nivel-zgomot-90-db","17":"pa_pas-lant-3-8p","18":"pa_tensiune-230-v","19":"pa_tensiune-alimentare-230-v","21":"first","22":"instock","23":"purchasable","24":"product-type-simple"},"acf":[],"yoast_head":"<!-- This site is optimized with the Yoast SEO plugin v27.5 - https:\/\/yoast.com\/product\/yoast-seo-wordpress\/ -->\n<title>Motoferastrau STIHL MSE 141 C-Q - Eurotech Iasi<\/title>\n<meta name=\"description\" content=\"Motofierastrau STIHL MSE 141 C-Q, este un motoferastrau maniabil si usor cu randament bun, ergonomie buna pentru lucrari fara efort.\" \/>\n<meta name=\"robots\" content=\"index, follow, max-snippet:-1, max-image-preview:large, max-video-preview:-1\" \/>\n<link rel=\"canonical\" href=\"https:\/\/eurotech-iasi.ro\/magazinonline\/produs\/motoferastrau-stihl-mse-141-c-q\/\" \/>\n<meta property=\"og:locale\" content=\"ro_RO\" \/>\n<meta property=\"og:type\" content=\"article\" \/>\n<meta property=\"og:title\" content=\"Motoferastrau STIHL MSE 141 C-Q - Eurotech Iasi\" \/>\n<meta property=\"og:description\" content=\"Motofierastrau STIHL MSE 141 C-Q, este un motoferastrau maniabil si usor cu randament bun, ergonomie buna pentru lucrari fara efort.\" \/>\n<meta property=\"og:url\" content=\"https:\/\/eurotech-iasi.ro\/magazinonline\/produs\/motoferastrau-stihl-mse-141-c-q\/\" \/>\n<meta property=\"og:site_name\" content=\"Eurotech Iasi\" \/>\n<meta property=\"article:publisher\" content=\"https:\/\/www.facebook.com\/EurotechIasi\/\" \/>\n<meta property=\"article:modified_time\" content=\"2026-02-12T15:15:48+00:00\" \/>\n<meta property=\"og:image\" content=\"https:\/\/eurotech-iasi.ro\/magazinonline\/wp-content\/uploads\/2019\/07\/motoferastrau-stihl-ms-141-c-q-eurotech-iasi.jpg\" \/>\n\t<meta property=\"og:image:width\" content=\"710\" \/>\n\t<meta property=\"og:image:height\" content=\"710\" \/>\n\t<meta property=\"og:image:type\" content=\"image\/jpeg\" \/>\n<meta name=\"twitter:label1\" content=\"Timp estimat pentru citire\" \/>\n\t<meta name=\"twitter:data1\" content=\"1 minut\" \/>\n<script type=\"application\/ld+json\" class=\"yoast-schema-graph\">{\"@context\":\"https:\\\/\\\/schema.org\",\"@graph\":[{\"@type\":\"WebPage\",\"@id\":\"https:\\\/\\\/eurotech-iasi.ro\\\/magazinonline\\\/produs\\\/motoferastrau-stihl-mse-141-c-q\\\/\",\"url\":\"https:\\\/\\\/eurotech-iasi.ro\\\/magazinonline\\\/produs\\\/motoferastrau-stihl-mse-141-c-q\\\/\",\"name\":\"Motoferastrau STIHL MSE 141 C-Q - Eurotech Iasi\",\"isPartOf\":{\"@id\":\"https:\\\/\\\/eurotech-iasi.ro\\\/magazinonline\\\/#website\"},\"primaryImageOfPage\":{\"@id\":\"https:\\\/\\\/eurotech-iasi.ro\\\/magazinonline\\\/produs\\\/motoferastrau-stihl-mse-141-c-q\\\/#primaryimage\"},\"image\":{\"@id\":\"https:\\\/\\\/eurotech-iasi.ro\\\/magazinonline\\\/produs\\\/motoferastrau-stihl-mse-141-c-q\\\/#primaryimage\"},\"thumbnailUrl\":\"https:\\\/\\\/eurotech-iasi.ro\\\/magazinonline\\\/wp-content\\\/uploads\\\/2019\\\/07\\\/motoferastrau-stihl-ms-141-c-q-eurotech-iasi.jpg\",\"datePublished\":\"2019-07-05T12:50:55+00:00\",\"dateModified\":\"2026-02-12T15:15:48+00:00\",\"description\":\"Motofierastrau STIHL MSE 141 C-Q, este un motoferastrau maniabil si usor cu randament bun, ergonomie buna pentru lucrari fara efort.\",\"breadcrumb\":{\"@id\":\"https:\\\/\\\/eurotech-iasi.ro\\\/magazinonline\\\/produs\\\/motoferastrau-stihl-mse-141-c-q\\\/#breadcrumb\"},\"inLanguage\":\"ro-RO\",\"potentialAction\":[{\"@type\":\"ReadAction\",\"target\":[\"https:\\\/\\\/eurotech-iasi.ro\\\/magazinonline\\\/produs\\\/motoferastrau-stihl-mse-141-c-q\\\/\"]}]},{\"@type\":\"ImageObject\",\"inLanguage\":\"ro-RO\",\"@id\":\"https:\\\/\\\/eurotech-iasi.ro\\\/magazinonline\\\/produs\\\/motoferastrau-stihl-mse-141-c-q\\\/#primaryimage\",\"url\":\"https:\\\/\\\/eurotech-iasi.ro\\\/magazinonline\\\/wp-content\\\/uploads\\\/2019\\\/07\\\/motoferastrau-stihl-ms-141-c-q-eurotech-iasi.jpg\",\"contentUrl\":\"https:\\\/\\\/eurotech-iasi.ro\\\/magazinonline\\\/wp-content\\\/uploads\\\/2019\\\/07\\\/motoferastrau-stihl-ms-141-c-q-eurotech-iasi.jpg\",\"width\":710,\"height\":710},{\"@type\":\"BreadcrumbList\",\"@id\":\"https:\\\/\\\/eurotech-iasi.ro\\\/magazinonline\\\/produs\\\/motoferastrau-stihl-mse-141-c-q\\\/#breadcrumb\",\"itemListElement\":[{\"@type\":\"ListItem\",\"position\":1,\"name\":\"Prima pagin\u0103\",\"item\":\"https:\\\/\\\/eurotech-iasi.ro\\\/magazinonline\\\/\"},{\"@type\":\"ListItem\",\"position\":2,\"name\":\"Shop\",\"item\":\"https:\\\/\\\/eurotech-iasi.ro\\\/magazinonline\\\/shop\\\/\"},{\"@type\":\"ListItem\",\"position\":3,\"name\":\"Motoferastrau STIHL MSE 141 C-Q\"}]},{\"@type\":\"WebSite\",\"@id\":\"https:\\\/\\\/eurotech-iasi.ro\\\/magazinonline\\\/#website\",\"url\":\"https:\\\/\\\/eurotech-iasi.ro\\\/magazinonline\\\/\",\"name\":\"Eurotech Iasi\",\"description\":\"Cu oameni seriosi\",\"publisher\":{\"@id\":\"https:\\\/\\\/eurotech-iasi.ro\\\/magazinonline\\\/#organization\"},\"potentialAction\":[{\"@type\":\"SearchAction\",\"target\":{\"@type\":\"EntryPoint\",\"urlTemplate\":\"https:\\\/\\\/eurotech-iasi.ro\\\/magazinonline\\\/?s={search_term_string}\"},\"query-input\":{\"@type\":\"PropertyValueSpecification\",\"valueRequired\":true,\"valueName\":\"search_term_string\"}}],\"inLanguage\":\"ro-RO\"},{\"@type\":\"Organization\",\"@id\":\"https:\\\/\\\/eurotech-iasi.ro\\\/magazinonline\\\/#organization\",\"name\":\"Eurotech Iasi\",\"url\":\"https:\\\/\\\/eurotech-iasi.ro\\\/magazinonline\\\/\",\"logo\":{\"@type\":\"ImageObject\",\"inLanguage\":\"ro-RO\",\"@id\":\"https:\\\/\\\/eurotech-iasi.ro\\\/magazinonline\\\/#\\\/schema\\\/logo\\\/image\\\/\",\"url\":\"https:\\\/\\\/eurotech-iasi.ro\\\/magazinonline\\\/wp-content\\\/uploads\\\/2020\\\/08\\\/logo-eurotech.png\",\"contentUrl\":\"https:\\\/\\\/eurotech-iasi.ro\\\/magazinonline\\\/wp-content\\\/uploads\\\/2020\\\/08\\\/logo-eurotech.png\",\"width\":290,\"height\":70,\"caption\":\"Eurotech Iasi\"},\"image\":{\"@id\":\"https:\\\/\\\/eurotech-iasi.ro\\\/magazinonline\\\/#\\\/schema\\\/logo\\\/image\\\/\"},\"sameAs\":[\"https:\\\/\\\/www.facebook.com\\\/EurotechIasi\\\/\"]}]}<\/script>\n<!-- \/ Yoast SEO plugin. -->","yoast_head_json":{"title":"Motoferastrau STIHL MSE 141 C-Q - Eurotech Iasi","description":"Motofierastrau STIHL MSE 141 C-Q, este un motoferastrau maniabil si usor cu randament bun, ergonomie buna pentru lucrari fara efort.","robots":{"index":"index","follow":"follow","max-snippet":"max-snippet:-1","max-image-preview":"max-image-preview:large","max-video-preview":"max-video-preview:-1"},"canonical":"https:\/\/eurotech-iasi.ro\/magazinonline\/produs\/motoferastrau-stihl-mse-141-c-q\/","og_locale":"ro_RO","og_type":"article","og_title":"Motoferastrau STIHL MSE 141 C-Q - Eurotech Iasi","og_description":"Motofierastrau STIHL MSE 141 C-Q, este un motoferastrau maniabil si usor cu randament bun, ergonomie buna pentru lucrari fara efort.","og_url":"https:\/\/eurotech-iasi.ro\/magazinonline\/produs\/motoferastrau-stihl-mse-141-c-q\/","og_site_name":"Eurotech Iasi","article_publisher":"https:\/\/www.facebook.com\/EurotechIasi\/","article_modified_time":"2026-02-12T15:15:48+00:00","og_image":[{"width":710,"height":710,"url":"https:\/\/eurotech-iasi.ro\/magazinonline\/wp-content\/uploads\/2019\/07\/motoferastrau-stihl-ms-141-c-q-eurotech-iasi.jpg","type":"image\/jpeg"}],"twitter_misc":{"Timp estimat pentru citire":"1 minut"},"schema":{"@context":"https:\/\/schema.org","@graph":[{"@type":"WebPage","@id":"https:\/\/eurotech-iasi.ro\/magazinonline\/produs\/motoferastrau-stihl-mse-141-c-q\/","url":"https:\/\/eurotech-iasi.ro\/magazinonline\/produs\/motoferastrau-stihl-mse-141-c-q\/","name":"Motoferastrau STIHL MSE 141 C-Q - Eurotech Iasi","isPartOf":{"@id":"https:\/\/eurotech-iasi.ro\/magazinonline\/#website"},"primaryImageOfPage":{"@id":"https:\/\/eurotech-iasi.ro\/magazinonline\/produs\/motoferastrau-stihl-mse-141-c-q\/#primaryimage"},"image":{"@id":"https:\/\/eurotech-iasi.ro\/magazinonline\/produs\/motoferastrau-stihl-mse-141-c-q\/#primaryimage"},"thumbnailUrl":"https:\/\/eurotech-iasi.ro\/magazinonline\/wp-content\/uploads\/2019\/07\/motoferastrau-stihl-ms-141-c-q-eurotech-iasi.jpg","datePublished":"2019-07-05T12:50:55+00:00","dateModified":"2026-02-12T15:15:48+00:00","description":"Motofierastrau STIHL MSE 141 C-Q, este un motoferastrau maniabil si usor cu randament bun, ergonomie buna pentru lucrari fara efort.","breadcrumb":{"@id":"https:\/\/eurotech-iasi.ro\/magazinonline\/produs\/motoferastrau-stihl-mse-141-c-q\/#breadcrumb"},"inLanguage":"ro-RO","potentialAction":[{"@type":"ReadAction","target":["https:\/\/eurotech-iasi.ro\/magazinonline\/produs\/motoferastrau-stihl-mse-141-c-q\/"]}]},{"@type":"ImageObject","inLanguage":"ro-RO","@id":"https:\/\/eurotech-iasi.ro\/magazinonline\/produs\/motoferastrau-stihl-mse-141-c-q\/#primaryimage","url":"https:\/\/eurotech-iasi.ro\/magazinonline\/wp-content\/uploads\/2019\/07\/motoferastrau-stihl-ms-141-c-q-eurotech-iasi.jpg","contentUrl":"https:\/\/eurotech-iasi.ro\/magazinonline\/wp-content\/uploads\/2019\/07\/motoferastrau-stihl-ms-141-c-q-eurotech-iasi.jpg","width":710,"height":710},{"@type":"BreadcrumbList","@id":"https:\/\/eurotech-iasi.ro\/magazinonline\/produs\/motoferastrau-stihl-mse-141-c-q\/#breadcrumb","itemListElement":[{"@type":"ListItem","position":1,"name":"Prima pagin\u0103","item":"https:\/\/eurotech-iasi.ro\/magazinonline\/"},{"@type":"ListItem","position":2,"name":"Shop","item":"https:\/\/eurotech-iasi.ro\/magazinonline\/shop\/"},{"@type":"ListItem","position":3,"name":"Motoferastrau STIHL MSE 141 C-Q"}]},{"@type":"WebSite","@id":"https:\/\/eurotech-iasi.ro\/magazinonline\/#website","url":"https:\/\/eurotech-iasi.ro\/magazinonline\/","name":"Eurotech Iasi","description":"Cu oameni seriosi","publisher":{"@id":"https:\/\/eurotech-iasi.ro\/magazinonline\/#organization"},"potentialAction":[{"@type":"SearchAction","target":{"@type":"EntryPoint","urlTemplate":"https:\/\/eurotech-iasi.ro\/magazinonline\/?s={search_term_string}"},"query-input":{"@type":"PropertyValueSpecification","valueRequired":true,"valueName":"search_term_string"}}],"inLanguage":"ro-RO"},{"@type":"Organization","@id":"https:\/\/eurotech-iasi.ro\/magazinonline\/#organization","name":"Eurotech Iasi","url":"https:\/\/eurotech-iasi.ro\/magazinonline\/","logo":{"@type":"ImageObject","inLanguage":"ro-RO","@id":"https:\/\/eurotech-iasi.ro\/magazinonline\/#\/schema\/logo\/image\/","url":"https:\/\/eurotech-iasi.ro\/magazinonline\/wp-content\/uploads\/2020\/08\/logo-eurotech.png","contentUrl":"https:\/\/eurotech-iasi.ro\/magazinonline\/wp-content\/uploads\/2020\/08\/logo-eurotech.png","width":290,"height":70,"caption":"Eurotech Iasi"},"image":{"@id":"https:\/\/eurotech-iasi.ro\/magazinonline\/#\/schema\/logo\/image\/"},"sameAs":["https:\/\/www.facebook.com\/EurotechIasi\/"]}]}},"_links":{"self":[{"href":"https:\/\/eurotech-iasi.ro\/magazinonline\/wp-json\/wp\/v2\/product\/19555","targetHints":{"allow":["GET"]}}],"collection":[{"href":"https:\/\/eurotech-iasi.ro\/magazinonline\/wp-json\/wp\/v2\/product"}],"about":[{"href":"https:\/\/eurotech-iasi.ro\/magazinonline\/wp-json\/wp\/v2\/types\/product"}],"replies":[{"embeddable":true,"href":"https:\/\/eurotech-iasi.ro\/magazinonline\/wp-json\/wp\/v2\/comments?post=19555"}],"wp:featuredmedia":[{"embeddable":true,"href":"https:\/\/eurotech-iasi.ro\/magazinonline\/wp-json\/wp\/v2\/media\/19556"}],"wp:attachment":[{"href":"https:\/\/eurotech-iasi.ro\/magazinonline\/wp-json\/wp\/v2\/media?parent=19555"}],"wp:term":[{"taxonomy":"product_cat","embeddable":true,"href":"https:\/\/eurotech-iasi.ro\/magazinonline\/wp-json\/wp\/v2\/product_cat?post=19555"},{"taxonomy":"product_tag","embeddable":true,"href":"https:\/\/eurotech-iasi.ro\/magazinonline\/wp-json\/wp\/v2\/product_tag?post=19555"},{"taxonomy":"woo-feed-brand","embeddable":true,"href":"https:\/\/eurotech-iasi.ro\/magazinonline\/wp-json\/wp\/v2\/woo-feed-brand?post=19555"}],"curies":[{"name":"wp","href":"https:\/\/api.w.org\/{rel}","templated":true}]}}