{"id":24528,"date":"2019-08-19T15:23:50","date_gmt":"2019-08-19T12:23:50","guid":{"rendered":"https:\/\/eurotech-iasi.ro\/magazinonline\/?post_type=product&#038;p=24528"},"modified":"2025-12-16T16:08:54","modified_gmt":"2025-12-16T14:08:54","slug":"motocultor-bertolini-413s-honda-gx340-2","status":"publish","type":"product","link":"https:\/\/eurotech-iasi.ro\/magazinonline\/produs\/motocultor-bertolini-413s-honda-gx340-2\/","title":{"rendered":"Motocultor Bertolini 413S Honda GX340"},"content":{"rendered":"<p><strong>Motocultor Bertolini 413S Honda GX340<\/strong> este recomandat pentru utilizarea sa in horticultura, gradinarit, pomicultura si viticultura. Poate fi condus de un singur om care merge pe jos.<br \/>\nMasina este echipata cu ambreiaj multidisc cu control manual, intersectat. Cutia de viteze\u00a0 este una in baie de ulei cu 6 viteze. Trei dintre ele sunt pentru mersul inainte si 3 pentru mersul inapoi. La aceasta masina diferentialul este unul cu dispozitiv de blocare si cu maneta de control.<\/p>\n<h2><strong>Avantaje &#8211; Motocultor Bertolini 413S Honda GX340:<\/strong><\/h2>\n<ul>\n<li>Ambreiaj: \u2013 multi disc cu control manual, inversat;<\/li>\n<li>Cutia de viteze: \u2013 in baie de ulei, 6 viteze (3 viteze inainte + 3 viteze inapoi);<\/li>\n<li>Diferen\u0163ial: \u2013 cu dispozitiv de blocare \u015fi maneta de control;<\/li>\n<li>Sistem de franare: \u2013 independent pe fiecare roata cu maneta separata de control \u015fi dispozitiv de blocare pentru sta\u0163ionare;<\/li>\n<li>Dispozitive de siguran\u0163a: \u2013 maneta de ambreiaj cu dubla ac\u0163ionare \u015fi debreiere in cazul pierderii controlului asupra ma\u015finii (fara oprirea motorului);<br \/>\n\u2013 dispozitiv pentru impiedicarea schimbarii sensului de mers cand priza de for\u0163a func\u0163ioneaza;<br \/>\n\u2013 maneta suplimentara de ambreiaj pentru pornire\/oprire lenta;<\/li>\n<li>Priza de putere: \u2013 independenta, cu sistem de cuplare rapida;<\/li>\n<li>Ghidonul: \u2013 reglabil in inal\u0163ime \u015fi in lateral, rotire la 180\u00b0<\/li>\n<li>sistem antivibra\u0163ii;<\/li>\n<li>Freza: \u2013 70 cm, 20 de cu\u0163ite, sistem de control a adancimii de lucru, roata de transport;<\/li>\n<li>Ro\u0163i motoare: \u2013 pneumatice 5 \u2013 10\u201d, ecartament reglabil.<\/li>\n<\/ul>\n<h3>Specificatii tehnice &#8211; Motocultor Bertolini 413S Honda GX340:<\/h3>\n<p>Putere motor ( CP )11<br \/>\nTip motorGX 340<br \/>\nMotorHonda GX<br \/>\nCutia de viteze6 viteze (3 viteze inainte + 3 viteze inapoi)<br \/>\nAmbreiajMulti disc cu control manual, inversat<br \/>\nPriza de fortaindependenta de cutia de viteze. 965 rpm cu motorul la 3600 rpm<br \/>\nCapacitate rezervor ( l )6.1<br \/>\nCapacitate cilindrica ( cmc )340<br \/>\nDispozitiv de sigurantaManeta de ambreiaj cu dubla actionare \u015fi debreiere in cazul pierderii controlului<br \/>\nCombustibilBenzina fara plumb<br \/>\nLatime de lucru ( cm )70<br \/>\nSistem de pornireDemaror cu sfoara<br \/>\nRoti motoarepneumatice 5 \u2013 10\u201d, ecartament reglabil<br \/>\nGreutate ( Kg )165<\/p>\n","protected":false},"excerpt":{"rendered":"<p><strong>Motocultor Bertolini 413 S Honda GX 340<\/strong>, utilaj agricol cu motor ideal pentru prelucrarea terenului pentru efectuare de diverse procedee agricole.<\/p>\n<p><em><strong>Cod produs: PFAS413GX340<\/strong><\/em><\/p>\n<p><em><strong><span style=\"color: #ff0000;\">*In vederea unei achizitii profitabile care sa corespunda pe deplin aplicatiei dvs. de lucru pentru acest produs, va rugam, sa solicitati o oferta personalizata.\u00a0<\/span><\/strong><\/em><\/p>\n","protected":false},"featured_media":103996,"comment_status":"open","ping_status":"closed","template":"","meta":{"_acf_changed":false},"product_cat":[4337,4371],"product_tag":[],"woo-feed-brand":[],"class_list":{"0":"post-24528","1":"product","2":"type-product","3":"status-publish","4":"has-post-thumbnail","6":"product_brand-bertolini","7":"product_cat-gradinarit-agricultura","8":"product_cat-motocultoare","9":"pa_brand-bertolini","10":"pa_capacitate-cilindrica-389-cm","11":"pa_capacitate-rezervor-61-l","12":"pa_combustibil-benzina-fara-plumb-2","13":"pa_motor-honda-gx340","14":"pa_putere-11-cp","15":"pa_sistem-de-pornire-demaror-mecanic","16":"pa_tip-motor-1-cilindru-4-timpi-ohv-racire-cu-aer","18":"first","19":"instock","20":"purchasable","21":"product-type-simple"},"acf":[],"yoast_head":"<!-- This site is optimized with the Yoast SEO plugin v27.3 - https:\/\/yoast.com\/product\/yoast-seo-wordpress\/ -->\n<title>Motocultor Bertolini 413S Honda GX340 - Eurotech Iasi<\/title>\n<meta name=\"description\" content=\"Motocultor Bertolini 413 S Honda GX 390,utilaj agricol cu motor ideal pentru prelucrarea terenului pentru efectuare de diverse procedee agricole.\" \/>\n<meta name=\"robots\" content=\"index, follow, max-snippet:-1, max-image-preview:large, max-video-preview:-1\" \/>\n<link rel=\"canonical\" href=\"https:\/\/eurotech-iasi.ro\/magazinonline\/produs\/motocultor-bertolini-413s-honda-gx340-2\/\" \/>\n<meta property=\"og:locale\" content=\"ro_RO\" \/>\n<meta property=\"og:type\" content=\"article\" \/>\n<meta property=\"og:title\" content=\"Motocultor Bertolini 413S Honda GX340 - Eurotech Iasi\" \/>\n<meta property=\"og:description\" content=\"Motocultor Bertolini 413 S Honda GX 390,utilaj agricol cu motor ideal pentru prelucrarea terenului pentru efectuare de diverse procedee agricole.\" \/>\n<meta property=\"og:url\" content=\"https:\/\/eurotech-iasi.ro\/magazinonline\/produs\/motocultor-bertolini-413s-honda-gx340-2\/\" \/>\n<meta property=\"og:site_name\" content=\"Eurotech Iasi\" \/>\n<meta property=\"article:publisher\" content=\"https:\/\/www.facebook.com\/EurotechIasi\/\" \/>\n<meta property=\"article:modified_time\" content=\"2025-12-16T14:08:54+00:00\" \/>\n<meta property=\"og:image\" content=\"https:\/\/eurotech-iasi.ro\/magazinonline\/wp-content\/uploads\/2019\/08\/Motocultor-Bertolini-413-S-Honda-GX-340-2.png\" \/>\n\t<meta property=\"og:image:width\" content=\"750\" \/>\n\t<meta property=\"og:image:height\" content=\"750\" \/>\n\t<meta property=\"og:image:type\" content=\"image\/png\" \/>\n<meta name=\"twitter:label1\" content=\"Timp estimat pentru citire\" \/>\n\t<meta name=\"twitter:data1\" content=\"1 minut\" \/>\n<script type=\"application\/ld+json\" class=\"yoast-schema-graph\">{\"@context\":\"https:\\\/\\\/schema.org\",\"@graph\":[{\"@type\":\"WebPage\",\"@id\":\"https:\\\/\\\/eurotech-iasi.ro\\\/magazinonline\\\/produs\\\/motocultor-bertolini-413s-honda-gx340-2\\\/\",\"url\":\"https:\\\/\\\/eurotech-iasi.ro\\\/magazinonline\\\/produs\\\/motocultor-bertolini-413s-honda-gx340-2\\\/\",\"name\":\"Motocultor Bertolini 413S Honda GX340 - Eurotech Iasi\",\"isPartOf\":{\"@id\":\"https:\\\/\\\/eurotech-iasi.ro\\\/magazinonline\\\/#website\"},\"primaryImageOfPage\":{\"@id\":\"https:\\\/\\\/eurotech-iasi.ro\\\/magazinonline\\\/produs\\\/motocultor-bertolini-413s-honda-gx340-2\\\/#primaryimage\"},\"image\":{\"@id\":\"https:\\\/\\\/eurotech-iasi.ro\\\/magazinonline\\\/produs\\\/motocultor-bertolini-413s-honda-gx340-2\\\/#primaryimage\"},\"thumbnailUrl\":\"https:\\\/\\\/eurotech-iasi.ro\\\/magazinonline\\\/wp-content\\\/uploads\\\/2019\\\/08\\\/Motocultor-Bertolini-413-S-Honda-GX-340-2.png\",\"datePublished\":\"2019-08-19T12:23:50+00:00\",\"dateModified\":\"2025-12-16T14:08:54+00:00\",\"description\":\"Motocultor Bertolini 413 S Honda GX 390,utilaj agricol cu motor ideal pentru prelucrarea terenului pentru efectuare de diverse procedee agricole.\",\"breadcrumb\":{\"@id\":\"https:\\\/\\\/eurotech-iasi.ro\\\/magazinonline\\\/produs\\\/motocultor-bertolini-413s-honda-gx340-2\\\/#breadcrumb\"},\"inLanguage\":\"ro-RO\",\"potentialAction\":[{\"@type\":\"ReadAction\",\"target\":[\"https:\\\/\\\/eurotech-iasi.ro\\\/magazinonline\\\/produs\\\/motocultor-bertolini-413s-honda-gx340-2\\\/\"]}]},{\"@type\":\"ImageObject\",\"inLanguage\":\"ro-RO\",\"@id\":\"https:\\\/\\\/eurotech-iasi.ro\\\/magazinonline\\\/produs\\\/motocultor-bertolini-413s-honda-gx340-2\\\/#primaryimage\",\"url\":\"https:\\\/\\\/eurotech-iasi.ro\\\/magazinonline\\\/wp-content\\\/uploads\\\/2019\\\/08\\\/Motocultor-Bertolini-413-S-Honda-GX-340-2.png\",\"contentUrl\":\"https:\\\/\\\/eurotech-iasi.ro\\\/magazinonline\\\/wp-content\\\/uploads\\\/2019\\\/08\\\/Motocultor-Bertolini-413-S-Honda-GX-340-2.png\",\"width\":750,\"height\":750,\"caption\":\"Motocultor Bertolini 413 S Honda GX 340\"},{\"@type\":\"BreadcrumbList\",\"@id\":\"https:\\\/\\\/eurotech-iasi.ro\\\/magazinonline\\\/produs\\\/motocultor-bertolini-413s-honda-gx340-2\\\/#breadcrumb\",\"itemListElement\":[{\"@type\":\"ListItem\",\"position\":1,\"name\":\"Prima pagin\u0103\",\"item\":\"https:\\\/\\\/eurotech-iasi.ro\\\/magazinonline\\\/\"},{\"@type\":\"ListItem\",\"position\":2,\"name\":\"Shop\",\"item\":\"https:\\\/\\\/eurotech-iasi.ro\\\/magazinonline\\\/shop\\\/\"},{\"@type\":\"ListItem\",\"position\":3,\"name\":\"Motocultor Bertolini 413S Honda GX340\"}]},{\"@type\":\"WebSite\",\"@id\":\"https:\\\/\\\/eurotech-iasi.ro\\\/magazinonline\\\/#website\",\"url\":\"https:\\\/\\\/eurotech-iasi.ro\\\/magazinonline\\\/\",\"name\":\"Eurotech Iasi\",\"description\":\"Cu oameni seriosi\",\"publisher\":{\"@id\":\"https:\\\/\\\/eurotech-iasi.ro\\\/magazinonline\\\/#organization\"},\"potentialAction\":[{\"@type\":\"SearchAction\",\"target\":{\"@type\":\"EntryPoint\",\"urlTemplate\":\"https:\\\/\\\/eurotech-iasi.ro\\\/magazinonline\\\/?s={search_term_string}\"},\"query-input\":{\"@type\":\"PropertyValueSpecification\",\"valueRequired\":true,\"valueName\":\"search_term_string\"}}],\"inLanguage\":\"ro-RO\"},{\"@type\":\"Organization\",\"@id\":\"https:\\\/\\\/eurotech-iasi.ro\\\/magazinonline\\\/#organization\",\"name\":\"Eurotech Iasi\",\"url\":\"https:\\\/\\\/eurotech-iasi.ro\\\/magazinonline\\\/\",\"logo\":{\"@type\":\"ImageObject\",\"inLanguage\":\"ro-RO\",\"@id\":\"https:\\\/\\\/eurotech-iasi.ro\\\/magazinonline\\\/#\\\/schema\\\/logo\\\/image\\\/\",\"url\":\"https:\\\/\\\/eurotech-iasi.ro\\\/magazinonline\\\/wp-content\\\/uploads\\\/2020\\\/08\\\/logo-eurotech.png\",\"contentUrl\":\"https:\\\/\\\/eurotech-iasi.ro\\\/magazinonline\\\/wp-content\\\/uploads\\\/2020\\\/08\\\/logo-eurotech.png\",\"width\":290,\"height\":70,\"caption\":\"Eurotech Iasi\"},\"image\":{\"@id\":\"https:\\\/\\\/eurotech-iasi.ro\\\/magazinonline\\\/#\\\/schema\\\/logo\\\/image\\\/\"},\"sameAs\":[\"https:\\\/\\\/www.facebook.com\\\/EurotechIasi\\\/\"]}]}<\/script>\n<!-- \/ Yoast SEO plugin. -->","yoast_head_json":{"title":"Motocultor Bertolini 413S Honda GX340 - Eurotech Iasi","description":"Motocultor Bertolini 413 S Honda GX 390,utilaj agricol cu motor ideal pentru prelucrarea terenului pentru efectuare de diverse procedee agricole.","robots":{"index":"index","follow":"follow","max-snippet":"max-snippet:-1","max-image-preview":"max-image-preview:large","max-video-preview":"max-video-preview:-1"},"canonical":"https:\/\/eurotech-iasi.ro\/magazinonline\/produs\/motocultor-bertolini-413s-honda-gx340-2\/","og_locale":"ro_RO","og_type":"article","og_title":"Motocultor Bertolini 413S Honda GX340 - Eurotech Iasi","og_description":"Motocultor Bertolini 413 S Honda GX 390,utilaj agricol cu motor ideal pentru prelucrarea terenului pentru efectuare de diverse procedee agricole.","og_url":"https:\/\/eurotech-iasi.ro\/magazinonline\/produs\/motocultor-bertolini-413s-honda-gx340-2\/","og_site_name":"Eurotech Iasi","article_publisher":"https:\/\/www.facebook.com\/EurotechIasi\/","article_modified_time":"2025-12-16T14:08:54+00:00","og_image":[{"width":750,"height":750,"url":"https:\/\/eurotech-iasi.ro\/magazinonline\/wp-content\/uploads\/2019\/08\/Motocultor-Bertolini-413-S-Honda-GX-340-2.png","type":"image\/png"}],"twitter_misc":{"Timp estimat pentru citire":"1 minut"},"schema":{"@context":"https:\/\/schema.org","@graph":[{"@type":"WebPage","@id":"https:\/\/eurotech-iasi.ro\/magazinonline\/produs\/motocultor-bertolini-413s-honda-gx340-2\/","url":"https:\/\/eurotech-iasi.ro\/magazinonline\/produs\/motocultor-bertolini-413s-honda-gx340-2\/","name":"Motocultor Bertolini 413S Honda GX340 - Eurotech Iasi","isPartOf":{"@id":"https:\/\/eurotech-iasi.ro\/magazinonline\/#website"},"primaryImageOfPage":{"@id":"https:\/\/eurotech-iasi.ro\/magazinonline\/produs\/motocultor-bertolini-413s-honda-gx340-2\/#primaryimage"},"image":{"@id":"https:\/\/eurotech-iasi.ro\/magazinonline\/produs\/motocultor-bertolini-413s-honda-gx340-2\/#primaryimage"},"thumbnailUrl":"https:\/\/eurotech-iasi.ro\/magazinonline\/wp-content\/uploads\/2019\/08\/Motocultor-Bertolini-413-S-Honda-GX-340-2.png","datePublished":"2019-08-19T12:23:50+00:00","dateModified":"2025-12-16T14:08:54+00:00","description":"Motocultor Bertolini 413 S Honda GX 390,utilaj agricol cu motor ideal pentru prelucrarea terenului pentru efectuare de diverse procedee agricole.","breadcrumb":{"@id":"https:\/\/eurotech-iasi.ro\/magazinonline\/produs\/motocultor-bertolini-413s-honda-gx340-2\/#breadcrumb"},"inLanguage":"ro-RO","potentialAction":[{"@type":"ReadAction","target":["https:\/\/eurotech-iasi.ro\/magazinonline\/produs\/motocultor-bertolini-413s-honda-gx340-2\/"]}]},{"@type":"ImageObject","inLanguage":"ro-RO","@id":"https:\/\/eurotech-iasi.ro\/magazinonline\/produs\/motocultor-bertolini-413s-honda-gx340-2\/#primaryimage","url":"https:\/\/eurotech-iasi.ro\/magazinonline\/wp-content\/uploads\/2019\/08\/Motocultor-Bertolini-413-S-Honda-GX-340-2.png","contentUrl":"https:\/\/eurotech-iasi.ro\/magazinonline\/wp-content\/uploads\/2019\/08\/Motocultor-Bertolini-413-S-Honda-GX-340-2.png","width":750,"height":750,"caption":"Motocultor Bertolini 413 S Honda GX 340"},{"@type":"BreadcrumbList","@id":"https:\/\/eurotech-iasi.ro\/magazinonline\/produs\/motocultor-bertolini-413s-honda-gx340-2\/#breadcrumb","itemListElement":[{"@type":"ListItem","position":1,"name":"Prima pagin\u0103","item":"https:\/\/eurotech-iasi.ro\/magazinonline\/"},{"@type":"ListItem","position":2,"name":"Shop","item":"https:\/\/eurotech-iasi.ro\/magazinonline\/shop\/"},{"@type":"ListItem","position":3,"name":"Motocultor Bertolini 413S Honda GX340"}]},{"@type":"WebSite","@id":"https:\/\/eurotech-iasi.ro\/magazinonline\/#website","url":"https:\/\/eurotech-iasi.ro\/magazinonline\/","name":"Eurotech Iasi","description":"Cu oameni seriosi","publisher":{"@id":"https:\/\/eurotech-iasi.ro\/magazinonline\/#organization"},"potentialAction":[{"@type":"SearchAction","target":{"@type":"EntryPoint","urlTemplate":"https:\/\/eurotech-iasi.ro\/magazinonline\/?s={search_term_string}"},"query-input":{"@type":"PropertyValueSpecification","valueRequired":true,"valueName":"search_term_string"}}],"inLanguage":"ro-RO"},{"@type":"Organization","@id":"https:\/\/eurotech-iasi.ro\/magazinonline\/#organization","name":"Eurotech Iasi","url":"https:\/\/eurotech-iasi.ro\/magazinonline\/","logo":{"@type":"ImageObject","inLanguage":"ro-RO","@id":"https:\/\/eurotech-iasi.ro\/magazinonline\/#\/schema\/logo\/image\/","url":"https:\/\/eurotech-iasi.ro\/magazinonline\/wp-content\/uploads\/2020\/08\/logo-eurotech.png","contentUrl":"https:\/\/eurotech-iasi.ro\/magazinonline\/wp-content\/uploads\/2020\/08\/logo-eurotech.png","width":290,"height":70,"caption":"Eurotech Iasi"},"image":{"@id":"https:\/\/eurotech-iasi.ro\/magazinonline\/#\/schema\/logo\/image\/"},"sameAs":["https:\/\/www.facebook.com\/EurotechIasi\/"]}]}},"_links":{"self":[{"href":"https:\/\/eurotech-iasi.ro\/magazinonline\/wp-json\/wp\/v2\/product\/24528","targetHints":{"allow":["GET"]}}],"collection":[{"href":"https:\/\/eurotech-iasi.ro\/magazinonline\/wp-json\/wp\/v2\/product"}],"about":[{"href":"https:\/\/eurotech-iasi.ro\/magazinonline\/wp-json\/wp\/v2\/types\/product"}],"replies":[{"embeddable":true,"href":"https:\/\/eurotech-iasi.ro\/magazinonline\/wp-json\/wp\/v2\/comments?post=24528"}],"wp:featuredmedia":[{"embeddable":true,"href":"https:\/\/eurotech-iasi.ro\/magazinonline\/wp-json\/wp\/v2\/media\/103996"}],"wp:attachment":[{"href":"https:\/\/eurotech-iasi.ro\/magazinonline\/wp-json\/wp\/v2\/media?parent=24528"}],"wp:term":[{"taxonomy":"product_cat","embeddable":true,"href":"https:\/\/eurotech-iasi.ro\/magazinonline\/wp-json\/wp\/v2\/product_cat?post=24528"},{"taxonomy":"product_tag","embeddable":true,"href":"https:\/\/eurotech-iasi.ro\/magazinonline\/wp-json\/wp\/v2\/product_tag?post=24528"},{"taxonomy":"woo-feed-brand","embeddable":true,"href":"https:\/\/eurotech-iasi.ro\/magazinonline\/wp-json\/wp\/v2\/woo-feed-brand?post=24528"}],"curies":[{"name":"wp","href":"https:\/\/api.w.org\/{rel}","templated":true}]}}