{"id":24613,"date":"2019-08-20T09:41:19","date_gmt":"2019-08-20T06:41:19","guid":{"rendered":"https:\/\/eurotech-iasi.ro\/magazinonline\/?post_type=product&#038;p=24613"},"modified":"2025-12-11T12:29:25","modified_gmt":"2025-12-11T10:29:25","slug":"motocultor-agt2-gx200","status":"publish","type":"product","link":"https:\/\/eurotech-iasi.ro\/magazinonline\/produs\/motocultor-agt2-gx200\/","title":{"rendered":"Motocultor AGT2 GX200"},"content":{"rendered":"<p><strong>Motocultor AGT2 GX200 CU ROTI 4-10&#8243;+ FREZA 58CM<\/strong> echipat cu motor Honda de 6.5 CP este ideal pentru utilizarea sa in horticultura, gradinarit, pomicultura si viticultura si este condus, de obicei de un singur om\u00a0 care merge pe jos.<\/p>\n<ul>\n<li>Motocultor AGT 2 , Honda GX200 6.5 CP<\/li>\n<li>Motocultor dotat cu freza de pamant 58 cm si roti de 4-10&#8243;<\/li>\n<li>Motocultor pentru prelucrarea solurilor grele.<\/li>\n<li>Motocultorul este realizat din materiale rezistente la socuri puternice.<\/li>\n<li>Cutitele cu care este prevazut motocultorul au un design special, principiul de functionare consta in maruntirea solului prin patrunderea in toata suprafata de contact, fiind necesara doar o singura trecere.<\/li>\n<\/ul>\n<h2>Avantaje &#8211; Motocultor AGT2 GX200:<\/h2>\n<ul>\n<li>MOTOCULTOR: Ambreiaj:conic cu control inversat<\/li>\n<li>Cutie de viteze: in baie de ulei, 4viteze (2inainte + 2inapoi)<\/li>\n<li>Viteze 1\u00b0: 1,1km\/h -2\u00b0: 2,6km\/h1\u00b0R: 1,1km\/h -2\u00b0R: 2,6km\/h<\/li>\n<li>Freza: 58cm, 16 cutite,reglabila la 37-47cm, (optional kit extensii freza la 68cm), cu sistem de control a ad\u00e2ncimii de lucru<\/li>\n<li>Dispozitive de siguranta:- maneta de ambreiaj cu dubla actionare si debreiere in cazul pierderii controlului asupra masini (fara oprirea motorului);-decuplarea automata a frezei in cazul cuplarii marsarierului<\/li>\n<li>Priza de putere: independenta de cutia de viteze, 965 rpm cu motorul la 3600 rpm<\/li>\n<li>Ghidonul: reglabil \u00een \u00een\u0103l\u0163ime \u015fi \u00een lateral, rotire la 180\u00b0, sistem antivibra\u0163ii<\/li>\n<li>Roti motoare: Pneumatice 4.00\u201d \u201310\u201d, ecartament fix<\/li>\n<li>Greutate: 112 kg<\/li>\n<\/ul>\n<h3>Specificatii tehnice &#8211; Motocultor AGT2 GX200:<\/h3>\n<p>Putere motor ( CP )6.5<br \/>\nTip motorGX 200<br \/>\nMotorHonda GX<br \/>\nCutia de viteze2+2<br \/>\nAmbreiajConic cu control inversat<br \/>\nPriza de fortaindependenta de cutia de viteze. 965 rpm cu motorul la 3600 rpm<br \/>\nCapacitate rezervor ( l )3.1<br \/>\nCapacitate cilindrica ( cmc )196<br \/>\nDispozitiv de sigurantaManet\u0103 de ambreiaj cu dubl\u0103 ac\u0163ionare \u015fi debreiere \u00een cazul pierderii controlului<br \/>\nViteza de lucru (m\/s )1.1-2.6 Km\/h<br \/>\nGhidonReglabil \u00een \u00een\u0103l\u0163ime \u015fi \u00een lateral, rotire la 180\u00b0 sistem antivibra\u0163ii<br \/>\nCombustibilBenzina fara plumb<br \/>\nLatime de lucru ( cm )58<br \/>\nSistem de pornireDemaror cu sfoara .<br \/>\nRoti motoare4-10&#8221;<br \/>\nGreutate ( Kg )112<\/p>\n","protected":false},"excerpt":{"rendered":"<p><strong>Motocultor AGT2 GX200 CU ROTI 4-10&#8243;+ FREZA 58CM<\/strong> echipat cu motor Honda de 6.5 CP este ideal pentru utilizarea sa in horticultura, gradinarit, pomicultura si viticultura<\/p>\n<p><em><strong>Cod produs: PFAGT2GX200<\/strong><\/em><\/p>\n<p><em><strong><span style=\"color: #ff0000;\">*Din cauza greutatii acest tip de echipament nu poate fi expediat prin intermediul serviciului de curierat rapid. Dupa plasarea comenzii va vom confirma pe e-mail sau veti fi contactat\/a telefonic pentru a vi se comunica costul de transport, ce va fi calculat in functie de locatia dvs. <\/span><\/strong><\/em><\/p>\n","protected":false},"featured_media":98325,"comment_status":"open","ping_status":"closed","template":"","meta":{"_acf_changed":false},"product_cat":[4337,4371],"product_tag":[],"woo-feed-brand":[],"class_list":{"0":"post-24613","1":"product","2":"type-product","3":"status-publish","4":"has-post-thumbnail","6":"product_brand-agent-trade","7":"product_cat-gradinarit-agricultura","8":"product_cat-motocultoare","9":"pa_brand-grillo","10":"pa_capacitate-cilindrica-196-cm","11":"pa_capacitate-rezervor-31-l","12":"pa_combustibil-benzina-fara-plumb-2","13":"pa_greutate-112-kg","14":"pa_motor-honda-gp-200","15":"pa_putere-6-5-cp","16":"pa_sistem-de-pornire-la-sfoara","17":"pa_tip-motor-ohv-un-cilindru-4-timpi-racire-cu-aer","19":"first","20":"outofstock","21":"purchasable","22":"product-type-simple"},"acf":[],"yoast_head":"<!-- This site is optimized with the Yoast SEO plugin v27.3 - https:\/\/yoast.com\/product\/yoast-seo-wordpress\/ -->\n<title>Motocultor AGT2 GX200 - Eurotech Iasi<\/title>\n<meta name=\"description\" content=\"Motocultor Grillo G85 Honda GP 200, utilaj agricol cu motor ideal pentru prelucrarea terenului pentru efectuare de diverse procedee agricole.\" \/>\n<meta name=\"robots\" content=\"index, follow, max-snippet:-1, max-image-preview:large, max-video-preview:-1\" \/>\n<link rel=\"canonical\" href=\"https:\/\/eurotech-iasi.ro\/magazinonline\/produs\/motocultor-agt2-gx200\/\" \/>\n<meta property=\"og:locale\" content=\"ro_RO\" \/>\n<meta property=\"og:type\" content=\"article\" \/>\n<meta property=\"og:title\" content=\"Motocultor AGT2 GX200 - Eurotech Iasi\" \/>\n<meta property=\"og:description\" content=\"Motocultor Grillo G85 Honda GP 200, utilaj agricol cu motor ideal pentru prelucrarea terenului pentru efectuare de diverse procedee agricole.\" \/>\n<meta property=\"og:url\" content=\"https:\/\/eurotech-iasi.ro\/magazinonline\/produs\/motocultor-agt2-gx200\/\" \/>\n<meta property=\"og:site_name\" content=\"Eurotech Iasi\" \/>\n<meta property=\"article:publisher\" content=\"https:\/\/www.facebook.com\/EurotechIasi\/\" \/>\n<meta property=\"article:modified_time\" content=\"2025-12-11T10:29:25+00:00\" \/>\n<meta property=\"og:image\" content=\"https:\/\/eurotech-iasi.ro\/magazinonline\/wp-content\/uploads\/2019\/08\/Motocultor-AGT2-GX200-1.png\" \/>\n\t<meta property=\"og:image:width\" content=\"750\" \/>\n\t<meta property=\"og:image:height\" content=\"750\" \/>\n\t<meta property=\"og:image:type\" content=\"image\/png\" \/>\n<meta name=\"twitter:label1\" content=\"Timp estimat pentru citire\" \/>\n\t<meta name=\"twitter:data1\" content=\"2 minute\" \/>\n<script type=\"application\/ld+json\" class=\"yoast-schema-graph\">{\"@context\":\"https:\\\/\\\/schema.org\",\"@graph\":[{\"@type\":\"WebPage\",\"@id\":\"https:\\\/\\\/eurotech-iasi.ro\\\/magazinonline\\\/produs\\\/motocultor-agt2-gx200\\\/\",\"url\":\"https:\\\/\\\/eurotech-iasi.ro\\\/magazinonline\\\/produs\\\/motocultor-agt2-gx200\\\/\",\"name\":\"Motocultor AGT2 GX200 - Eurotech Iasi\",\"isPartOf\":{\"@id\":\"https:\\\/\\\/eurotech-iasi.ro\\\/magazinonline\\\/#website\"},\"primaryImageOfPage\":{\"@id\":\"https:\\\/\\\/eurotech-iasi.ro\\\/magazinonline\\\/produs\\\/motocultor-agt2-gx200\\\/#primaryimage\"},\"image\":{\"@id\":\"https:\\\/\\\/eurotech-iasi.ro\\\/magazinonline\\\/produs\\\/motocultor-agt2-gx200\\\/#primaryimage\"},\"thumbnailUrl\":\"https:\\\/\\\/eurotech-iasi.ro\\\/magazinonline\\\/wp-content\\\/uploads\\\/2019\\\/08\\\/Motocultor-AGT2-GX200-1.png\",\"datePublished\":\"2019-08-20T06:41:19+00:00\",\"dateModified\":\"2025-12-11T10:29:25+00:00\",\"description\":\"Motocultor Grillo G85 Honda GP 200, utilaj agricol cu motor ideal pentru prelucrarea terenului pentru efectuare de diverse procedee agricole.\",\"breadcrumb\":{\"@id\":\"https:\\\/\\\/eurotech-iasi.ro\\\/magazinonline\\\/produs\\\/motocultor-agt2-gx200\\\/#breadcrumb\"},\"inLanguage\":\"ro-RO\",\"potentialAction\":[{\"@type\":\"ReadAction\",\"target\":[\"https:\\\/\\\/eurotech-iasi.ro\\\/magazinonline\\\/produs\\\/motocultor-agt2-gx200\\\/\"]}]},{\"@type\":\"ImageObject\",\"inLanguage\":\"ro-RO\",\"@id\":\"https:\\\/\\\/eurotech-iasi.ro\\\/magazinonline\\\/produs\\\/motocultor-agt2-gx200\\\/#primaryimage\",\"url\":\"https:\\\/\\\/eurotech-iasi.ro\\\/magazinonline\\\/wp-content\\\/uploads\\\/2019\\\/08\\\/Motocultor-AGT2-GX200-1.png\",\"contentUrl\":\"https:\\\/\\\/eurotech-iasi.ro\\\/magazinonline\\\/wp-content\\\/uploads\\\/2019\\\/08\\\/Motocultor-AGT2-GX200-1.png\",\"width\":750,\"height\":750,\"caption\":\"Motocultor AGT2 GX200\"},{\"@type\":\"BreadcrumbList\",\"@id\":\"https:\\\/\\\/eurotech-iasi.ro\\\/magazinonline\\\/produs\\\/motocultor-agt2-gx200\\\/#breadcrumb\",\"itemListElement\":[{\"@type\":\"ListItem\",\"position\":1,\"name\":\"Prima pagin\u0103\",\"item\":\"https:\\\/\\\/eurotech-iasi.ro\\\/magazinonline\\\/\"},{\"@type\":\"ListItem\",\"position\":2,\"name\":\"Shop\",\"item\":\"https:\\\/\\\/eurotech-iasi.ro\\\/magazinonline\\\/shop\\\/\"},{\"@type\":\"ListItem\",\"position\":3,\"name\":\"Motocultor AGT2 GX200\"}]},{\"@type\":\"WebSite\",\"@id\":\"https:\\\/\\\/eurotech-iasi.ro\\\/magazinonline\\\/#website\",\"url\":\"https:\\\/\\\/eurotech-iasi.ro\\\/magazinonline\\\/\",\"name\":\"Eurotech Iasi\",\"description\":\"Cu oameni seriosi\",\"publisher\":{\"@id\":\"https:\\\/\\\/eurotech-iasi.ro\\\/magazinonline\\\/#organization\"},\"potentialAction\":[{\"@type\":\"SearchAction\",\"target\":{\"@type\":\"EntryPoint\",\"urlTemplate\":\"https:\\\/\\\/eurotech-iasi.ro\\\/magazinonline\\\/?s={search_term_string}\"},\"query-input\":{\"@type\":\"PropertyValueSpecification\",\"valueRequired\":true,\"valueName\":\"search_term_string\"}}],\"inLanguage\":\"ro-RO\"},{\"@type\":\"Organization\",\"@id\":\"https:\\\/\\\/eurotech-iasi.ro\\\/magazinonline\\\/#organization\",\"name\":\"Eurotech Iasi\",\"url\":\"https:\\\/\\\/eurotech-iasi.ro\\\/magazinonline\\\/\",\"logo\":{\"@type\":\"ImageObject\",\"inLanguage\":\"ro-RO\",\"@id\":\"https:\\\/\\\/eurotech-iasi.ro\\\/magazinonline\\\/#\\\/schema\\\/logo\\\/image\\\/\",\"url\":\"https:\\\/\\\/eurotech-iasi.ro\\\/magazinonline\\\/wp-content\\\/uploads\\\/2020\\\/08\\\/logo-eurotech.png\",\"contentUrl\":\"https:\\\/\\\/eurotech-iasi.ro\\\/magazinonline\\\/wp-content\\\/uploads\\\/2020\\\/08\\\/logo-eurotech.png\",\"width\":290,\"height\":70,\"caption\":\"Eurotech Iasi\"},\"image\":{\"@id\":\"https:\\\/\\\/eurotech-iasi.ro\\\/magazinonline\\\/#\\\/schema\\\/logo\\\/image\\\/\"},\"sameAs\":[\"https:\\\/\\\/www.facebook.com\\\/EurotechIasi\\\/\"]}]}<\/script>\n<!-- \/ Yoast SEO plugin. -->","yoast_head_json":{"title":"Motocultor AGT2 GX200 - Eurotech Iasi","description":"Motocultor Grillo G85 Honda GP 200, utilaj agricol cu motor ideal pentru prelucrarea terenului pentru efectuare de diverse procedee agricole.","robots":{"index":"index","follow":"follow","max-snippet":"max-snippet:-1","max-image-preview":"max-image-preview:large","max-video-preview":"max-video-preview:-1"},"canonical":"https:\/\/eurotech-iasi.ro\/magazinonline\/produs\/motocultor-agt2-gx200\/","og_locale":"ro_RO","og_type":"article","og_title":"Motocultor AGT2 GX200 - Eurotech Iasi","og_description":"Motocultor Grillo G85 Honda GP 200, utilaj agricol cu motor ideal pentru prelucrarea terenului pentru efectuare de diverse procedee agricole.","og_url":"https:\/\/eurotech-iasi.ro\/magazinonline\/produs\/motocultor-agt2-gx200\/","og_site_name":"Eurotech Iasi","article_publisher":"https:\/\/www.facebook.com\/EurotechIasi\/","article_modified_time":"2025-12-11T10:29:25+00:00","og_image":[{"width":750,"height":750,"url":"https:\/\/eurotech-iasi.ro\/magazinonline\/wp-content\/uploads\/2019\/08\/Motocultor-AGT2-GX200-1.png","type":"image\/png"}],"twitter_misc":{"Timp estimat pentru citire":"2 minute"},"schema":{"@context":"https:\/\/schema.org","@graph":[{"@type":"WebPage","@id":"https:\/\/eurotech-iasi.ro\/magazinonline\/produs\/motocultor-agt2-gx200\/","url":"https:\/\/eurotech-iasi.ro\/magazinonline\/produs\/motocultor-agt2-gx200\/","name":"Motocultor AGT2 GX200 - Eurotech Iasi","isPartOf":{"@id":"https:\/\/eurotech-iasi.ro\/magazinonline\/#website"},"primaryImageOfPage":{"@id":"https:\/\/eurotech-iasi.ro\/magazinonline\/produs\/motocultor-agt2-gx200\/#primaryimage"},"image":{"@id":"https:\/\/eurotech-iasi.ro\/magazinonline\/produs\/motocultor-agt2-gx200\/#primaryimage"},"thumbnailUrl":"https:\/\/eurotech-iasi.ro\/magazinonline\/wp-content\/uploads\/2019\/08\/Motocultor-AGT2-GX200-1.png","datePublished":"2019-08-20T06:41:19+00:00","dateModified":"2025-12-11T10:29:25+00:00","description":"Motocultor Grillo G85 Honda GP 200, utilaj agricol cu motor ideal pentru prelucrarea terenului pentru efectuare de diverse procedee agricole.","breadcrumb":{"@id":"https:\/\/eurotech-iasi.ro\/magazinonline\/produs\/motocultor-agt2-gx200\/#breadcrumb"},"inLanguage":"ro-RO","potentialAction":[{"@type":"ReadAction","target":["https:\/\/eurotech-iasi.ro\/magazinonline\/produs\/motocultor-agt2-gx200\/"]}]},{"@type":"ImageObject","inLanguage":"ro-RO","@id":"https:\/\/eurotech-iasi.ro\/magazinonline\/produs\/motocultor-agt2-gx200\/#primaryimage","url":"https:\/\/eurotech-iasi.ro\/magazinonline\/wp-content\/uploads\/2019\/08\/Motocultor-AGT2-GX200-1.png","contentUrl":"https:\/\/eurotech-iasi.ro\/magazinonline\/wp-content\/uploads\/2019\/08\/Motocultor-AGT2-GX200-1.png","width":750,"height":750,"caption":"Motocultor AGT2 GX200"},{"@type":"BreadcrumbList","@id":"https:\/\/eurotech-iasi.ro\/magazinonline\/produs\/motocultor-agt2-gx200\/#breadcrumb","itemListElement":[{"@type":"ListItem","position":1,"name":"Prima pagin\u0103","item":"https:\/\/eurotech-iasi.ro\/magazinonline\/"},{"@type":"ListItem","position":2,"name":"Shop","item":"https:\/\/eurotech-iasi.ro\/magazinonline\/shop\/"},{"@type":"ListItem","position":3,"name":"Motocultor AGT2 GX200"}]},{"@type":"WebSite","@id":"https:\/\/eurotech-iasi.ro\/magazinonline\/#website","url":"https:\/\/eurotech-iasi.ro\/magazinonline\/","name":"Eurotech Iasi","description":"Cu oameni seriosi","publisher":{"@id":"https:\/\/eurotech-iasi.ro\/magazinonline\/#organization"},"potentialAction":[{"@type":"SearchAction","target":{"@type":"EntryPoint","urlTemplate":"https:\/\/eurotech-iasi.ro\/magazinonline\/?s={search_term_string}"},"query-input":{"@type":"PropertyValueSpecification","valueRequired":true,"valueName":"search_term_string"}}],"inLanguage":"ro-RO"},{"@type":"Organization","@id":"https:\/\/eurotech-iasi.ro\/magazinonline\/#organization","name":"Eurotech Iasi","url":"https:\/\/eurotech-iasi.ro\/magazinonline\/","logo":{"@type":"ImageObject","inLanguage":"ro-RO","@id":"https:\/\/eurotech-iasi.ro\/magazinonline\/#\/schema\/logo\/image\/","url":"https:\/\/eurotech-iasi.ro\/magazinonline\/wp-content\/uploads\/2020\/08\/logo-eurotech.png","contentUrl":"https:\/\/eurotech-iasi.ro\/magazinonline\/wp-content\/uploads\/2020\/08\/logo-eurotech.png","width":290,"height":70,"caption":"Eurotech Iasi"},"image":{"@id":"https:\/\/eurotech-iasi.ro\/magazinonline\/#\/schema\/logo\/image\/"},"sameAs":["https:\/\/www.facebook.com\/EurotechIasi\/"]}]}},"_links":{"self":[{"href":"https:\/\/eurotech-iasi.ro\/magazinonline\/wp-json\/wp\/v2\/product\/24613","targetHints":{"allow":["GET"]}}],"collection":[{"href":"https:\/\/eurotech-iasi.ro\/magazinonline\/wp-json\/wp\/v2\/product"}],"about":[{"href":"https:\/\/eurotech-iasi.ro\/magazinonline\/wp-json\/wp\/v2\/types\/product"}],"replies":[{"embeddable":true,"href":"https:\/\/eurotech-iasi.ro\/magazinonline\/wp-json\/wp\/v2\/comments?post=24613"}],"wp:featuredmedia":[{"embeddable":true,"href":"https:\/\/eurotech-iasi.ro\/magazinonline\/wp-json\/wp\/v2\/media\/98325"}],"wp:attachment":[{"href":"https:\/\/eurotech-iasi.ro\/magazinonline\/wp-json\/wp\/v2\/media?parent=24613"}],"wp:term":[{"taxonomy":"product_cat","embeddable":true,"href":"https:\/\/eurotech-iasi.ro\/magazinonline\/wp-json\/wp\/v2\/product_cat?post=24613"},{"taxonomy":"product_tag","embeddable":true,"href":"https:\/\/eurotech-iasi.ro\/magazinonline\/wp-json\/wp\/v2\/product_tag?post=24613"},{"taxonomy":"woo-feed-brand","embeddable":true,"href":"https:\/\/eurotech-iasi.ro\/magazinonline\/wp-json\/wp\/v2\/woo-feed-brand?post=24613"}],"curies":[{"name":"wp","href":"https:\/\/api.w.org\/{rel}","templated":true}]}}