{"id":24623,"date":"2019-08-20T10:30:58","date_gmt":"2019-08-20T07:30:58","guid":{"rendered":"https:\/\/eurotech-iasi.ro\/magazinonline\/?post_type=product&#038;p=24623"},"modified":"2025-05-08T15:32:46","modified_gmt":"2025-05-08T12:32:46","slug":"motocultor-grillo-g110df-motor-lombardini-15ld440","status":"publish","type":"product","link":"https:\/\/eurotech-iasi.ro\/magazinonline\/produs\/motocultor-grillo-g110df-motor-lombardini-15ld440\/","title":{"rendered":"Motocultor Grillo G110DF motor Lombardini 15LD440"},"content":{"rendered":"<p><strong>Motocultor Grillo G110DF motor Lombardini 15LD440 <\/strong><strong>ROTI 5-12 REG FREZA 70CM\u00a0 <\/strong>dotat cu acest motor LOMBARDINI tip Diesel, un cilindru, 4 timpi, racire cu aer, model 15 LD 440, capacitate cilindrica: 442 cm3 are putere maxima de 11 CP.<\/p>\n<p>Alte caracteristici ale motorului sunt:<\/p>\n<ul>\n<li>Combustibil: Diesel<\/li>\n<li>Capacitate rezervor: 5 l<\/li>\n<li>Sistem de pornire: Cu demaror mecanic<\/li>\n<li>Consum maxim: 2,2 l\/h<\/li>\n<\/ul>\n<p>MOTOCULTOR: Ambreiaj: cu control inversat Cutia de viteze: 6 viteze ca motocultor, 3 inainte + 3 inapoi 6 viteze ca motocoasa (cu ghidonul intors), 3 inainte + 3 inapoi Diferential: da Freza: 70 cm standard Dispozitive de siguranta: &#8211; maneta de ambreiaj cu dubla actionare si debreiere in cazul pierderii controlului asupra masini (fara oprirea motorului); decuplarea automata a frezei in cazul cuplarii marsarierului Priza de putere: independenta de cutia de viteze, 965 rpm cu motorul la 3600 rpm Ghidonul: Reglabil in lateral si in inaltime Rotire la 180\u00b0 Roti motoare: Pneumatice 5.00 \u2013 12\u201d reglabile Greutate: 128 kg cu freza rotativa si motor Dimensiuni: 1050 x 600 x 750 mm.<\/p>\n<h2>Avantaje &#8211; Motocultor Grillo G110DF motor Lombardini 15LD440:<\/h2>\n<ul>\n<li><strong>Ambreiaj<\/strong>: conic cu control inversat<\/li>\n<li><strong>Cutie de viteze<\/strong>: in baie de ulei, 6 viteze (3 inainte + 3 inapoi)<\/li>\n<li>Viteze1\u00b0: 1,3km\/h -2\u00b0: 2,4km\/h -3\u00b0: 5km\/h1\u00b0R: 0.7km\/h-2\u00b0R: 1.5km\/h-3\u00b0R: 3,2km\/h<\/li>\n<li><strong>Diferential<\/strong>:cu dispozitiv de blocare \u015fi manet\u0103 de control<\/li>\n<li><strong>Sistem de franare<\/strong>: independent pe fiecare roata, cu maneta separata de control si dispozitiv de blocare pentru stationare.<\/li>\n<li><strong>Freza<\/strong>:70 cm, 24cutite,reglabila la 55 cm (optional kit extensii freza la 85 cm), cu sistem de control a ad\u00e2ncimii de lucru<\/li>\n<li><strong>Dispozitive de siguranta<\/strong>: maneta de ambreiaj cu dubla actionare si debreiere in cazul pierderii controlului asupra masini (fara oprirea motorului);-decuplarea automata a frezei in cazul cuplarii marsarierului-decelerare automata pentru mersul inapoi<\/li>\n<li><strong>Priza de putere<\/strong>: independenta de cutia de viteze, 965 rpm cu motorul la 3600 rpm<\/li>\n<li><strong>Ghidonul<\/strong>: reglabil \u00een \u00een\u0103l\u0163ime \u015fi \u00een lateral, rotire la 180\u00b0, sistem antivibra\u0163ii<\/li>\n<li><strong>Roti motoare<\/strong>: Pneumatice 5.00\u201d \u201312\u201d, ecartament reglabil<\/li>\n<li><strong>Greutate<\/strong>: 154 kg<\/li>\n<\/ul>\n<h3>Specificatii tehnice &#8211; Motocultor Grillo G110DF motor Lombardini 15LD440:<\/h3>\n<p>Putere motor ( CP ) 11<br \/>\nTip motor 15 LD 440<br \/>\nMotor Lombardini<br \/>\nCutia de viteze 6 viteze (3 inainte + 3 inapoi) in modul de lucru cu accesoriu in spate<br \/>\nAmbreiaj Conic cu control conversat<br \/>\nCapacitate rezervor ( l ) 5<br \/>\nPriza de forta independenta de cutia de viteze. 965 rpm cu motorul la 3600 rpm<br \/>\nDispozitiv de siguranta Oprire automata a motorului in cazul pierderii controlului asupra masinii<br \/>\nCapacitate cilindrica ( cmc ) 442<br \/>\nGhidon: Reglabil in lateral si in inaltime . Cu dispozitiv de atenuare a vibratiilor. Rotirela180\u00b0 .<br \/>\nCombustibil Diesel<br \/>\nLatime de lucru ( cm ) 70<br \/>\nSistem de pornire Demaror cu sfoara<br \/>\nRoti motoare 5.00 x 12<br \/>\nGreutate ( Kg ) 154<\/p>\n<p><iframe loading=\"lazy\" title=\"YouTube video player\" src=\"https:\/\/www.youtube.com\/embed\/GI21hIL1eoI\" width=\"560\" height=\"315\" frameborder=\"0\" allowfullscreen=\"allowfullscreen\"><\/iframe><\/p>\n","protected":false},"excerpt":{"rendered":"<p><strong>Motocultor Grillo G110DF motor Lombardini 15LD440 <\/strong><strong>ROTI 5-12 REG FREZA 70CM\u00a0 <\/strong>dotat cu acest motor LOMBARDINI tip Diesel, un cilindru, 4 timpi, racire cu aer.<\/p>\n<p><em><strong>\u00a0Cod produs: PFASG110DF15LD<\/strong><\/em><\/p>\n<p><em><strong><span style=\"color: #ff0000;\">*In vederea unei achizitii profitabile care sa corespunda pe deplin aplicatiei dvs. de lucru pentru acest produs, va rugam, sa solicitati o oferta personalizata.\u00a0<\/span><\/strong><\/em><\/p>\n","protected":false},"featured_media":98315,"comment_status":"open","ping_status":"closed","template":"","meta":{"_acf_changed":false},"product_cat":[4337,4371],"product_tag":[],"woo-feed-brand":[],"class_list":{"0":"post-24623","1":"product","2":"type-product","3":"status-publish","4":"has-post-thumbnail","6":"product_brand-grillo","7":"product_cat-gradinarit-agricultura","8":"product_cat-motocultoare","9":"pa_brand-grillo","10":"pa_capacitate-cilindrica-270-cm3","11":"pa_capacitate-rezervor-53-l","12":"pa_combustibil-benzina-fara-plumb-2","13":"pa_greutate-113-kg","14":"pa_motor-honda-gx-270","15":"pa_putere-9-cp","16":"pa_sistem-de-pornire-demaror-mecanic","17":"pa_tip-motor-ohv-un-cilindru-4-timpi-racire-cu-aer","19":"first","20":"outofstock","21":"purchasable","22":"product-type-simple"},"acf":[],"yoast_head":"<!-- This site is optimized with the Yoast SEO plugin v27.3 - https:\/\/yoast.com\/product\/yoast-seo-wordpress\/ -->\n<title>Motocultor Grillo G110DF motor Lombardini 15LD440 - Eurotech Iasi<\/title>\n<meta name=\"description\" content=\"Motocultor Grillo G85 Honda GX 270, utilaj agricol cu motor ideal pentru prelucrarea terenului pentru efectuare de diverse procedee agricole.\" \/>\n<meta name=\"robots\" content=\"index, follow, max-snippet:-1, max-image-preview:large, max-video-preview:-1\" \/>\n<link rel=\"canonical\" href=\"https:\/\/eurotech-iasi.ro\/magazinonline\/produs\/motocultor-grillo-g110df-motor-lombardini-15ld440\/\" \/>\n<meta property=\"og:locale\" content=\"ro_RO\" \/>\n<meta property=\"og:type\" content=\"article\" \/>\n<meta property=\"og:title\" content=\"Motocultor Grillo G110DF motor Lombardini 15LD440 - Eurotech Iasi\" \/>\n<meta property=\"og:description\" content=\"Motocultor Grillo G85 Honda GX 270, utilaj agricol cu motor ideal pentru prelucrarea terenului pentru efectuare de diverse procedee agricole.\" \/>\n<meta property=\"og:url\" content=\"https:\/\/eurotech-iasi.ro\/magazinonline\/produs\/motocultor-grillo-g110df-motor-lombardini-15ld440\/\" \/>\n<meta property=\"og:site_name\" content=\"Eurotech Iasi\" \/>\n<meta property=\"article:publisher\" content=\"https:\/\/www.facebook.com\/EurotechIasi\/\" \/>\n<meta property=\"article:modified_time\" content=\"2025-05-08T12:32:46+00:00\" \/>\n<meta property=\"og:image\" content=\"https:\/\/eurotech-iasi.ro\/magazinonline\/wp-content\/uploads\/2019\/08\/Motocultor-Grillo-G110DF-motor-Lombardini-15LD440-1.png\" \/>\n\t<meta property=\"og:image:width\" content=\"750\" \/>\n\t<meta property=\"og:image:height\" content=\"750\" \/>\n\t<meta property=\"og:image:type\" content=\"image\/png\" \/>\n<meta name=\"twitter:label1\" content=\"Timp estimat pentru citire\" \/>\n\t<meta name=\"twitter:data1\" content=\"2 minute\" \/>\n<script type=\"application\/ld+json\" class=\"yoast-schema-graph\">{\"@context\":\"https:\\\/\\\/schema.org\",\"@graph\":[{\"@type\":\"WebPage\",\"@id\":\"https:\\\/\\\/eurotech-iasi.ro\\\/magazinonline\\\/produs\\\/motocultor-grillo-g110df-motor-lombardini-15ld440\\\/\",\"url\":\"https:\\\/\\\/eurotech-iasi.ro\\\/magazinonline\\\/produs\\\/motocultor-grillo-g110df-motor-lombardini-15ld440\\\/\",\"name\":\"Motocultor Grillo G110DF motor Lombardini 15LD440 - Eurotech Iasi\",\"isPartOf\":{\"@id\":\"https:\\\/\\\/eurotech-iasi.ro\\\/magazinonline\\\/#website\"},\"primaryImageOfPage\":{\"@id\":\"https:\\\/\\\/eurotech-iasi.ro\\\/magazinonline\\\/produs\\\/motocultor-grillo-g110df-motor-lombardini-15ld440\\\/#primaryimage\"},\"image\":{\"@id\":\"https:\\\/\\\/eurotech-iasi.ro\\\/magazinonline\\\/produs\\\/motocultor-grillo-g110df-motor-lombardini-15ld440\\\/#primaryimage\"},\"thumbnailUrl\":\"https:\\\/\\\/eurotech-iasi.ro\\\/magazinonline\\\/wp-content\\\/uploads\\\/2019\\\/08\\\/Motocultor-Grillo-G110DF-motor-Lombardini-15LD440-1.png\",\"datePublished\":\"2019-08-20T07:30:58+00:00\",\"dateModified\":\"2025-05-08T12:32:46+00:00\",\"description\":\"Motocultor Grillo G85 Honda GX 270, utilaj agricol cu motor ideal pentru prelucrarea terenului pentru efectuare de diverse procedee agricole.\",\"breadcrumb\":{\"@id\":\"https:\\\/\\\/eurotech-iasi.ro\\\/magazinonline\\\/produs\\\/motocultor-grillo-g110df-motor-lombardini-15ld440\\\/#breadcrumb\"},\"inLanguage\":\"ro-RO\",\"potentialAction\":[{\"@type\":\"ReadAction\",\"target\":[\"https:\\\/\\\/eurotech-iasi.ro\\\/magazinonline\\\/produs\\\/motocultor-grillo-g110df-motor-lombardini-15ld440\\\/\"]}]},{\"@type\":\"ImageObject\",\"inLanguage\":\"ro-RO\",\"@id\":\"https:\\\/\\\/eurotech-iasi.ro\\\/magazinonline\\\/produs\\\/motocultor-grillo-g110df-motor-lombardini-15ld440\\\/#primaryimage\",\"url\":\"https:\\\/\\\/eurotech-iasi.ro\\\/magazinonline\\\/wp-content\\\/uploads\\\/2019\\\/08\\\/Motocultor-Grillo-G110DF-motor-Lombardini-15LD440-1.png\",\"contentUrl\":\"https:\\\/\\\/eurotech-iasi.ro\\\/magazinonline\\\/wp-content\\\/uploads\\\/2019\\\/08\\\/Motocultor-Grillo-G110DF-motor-Lombardini-15LD440-1.png\",\"width\":750,\"height\":750,\"caption\":\"Motocultor Grillo G110DF motor Lombardini 15LD440\"},{\"@type\":\"BreadcrumbList\",\"@id\":\"https:\\\/\\\/eurotech-iasi.ro\\\/magazinonline\\\/produs\\\/motocultor-grillo-g110df-motor-lombardini-15ld440\\\/#breadcrumb\",\"itemListElement\":[{\"@type\":\"ListItem\",\"position\":1,\"name\":\"Prima pagin\u0103\",\"item\":\"https:\\\/\\\/eurotech-iasi.ro\\\/magazinonline\\\/\"},{\"@type\":\"ListItem\",\"position\":2,\"name\":\"Shop\",\"item\":\"https:\\\/\\\/eurotech-iasi.ro\\\/magazinonline\\\/shop\\\/\"},{\"@type\":\"ListItem\",\"position\":3,\"name\":\"Motocultor Grillo G110DF motor Lombardini 15LD440\"}]},{\"@type\":\"WebSite\",\"@id\":\"https:\\\/\\\/eurotech-iasi.ro\\\/magazinonline\\\/#website\",\"url\":\"https:\\\/\\\/eurotech-iasi.ro\\\/magazinonline\\\/\",\"name\":\"Eurotech Iasi\",\"description\":\"Cu oameni seriosi\",\"publisher\":{\"@id\":\"https:\\\/\\\/eurotech-iasi.ro\\\/magazinonline\\\/#organization\"},\"potentialAction\":[{\"@type\":\"SearchAction\",\"target\":{\"@type\":\"EntryPoint\",\"urlTemplate\":\"https:\\\/\\\/eurotech-iasi.ro\\\/magazinonline\\\/?s={search_term_string}\"},\"query-input\":{\"@type\":\"PropertyValueSpecification\",\"valueRequired\":true,\"valueName\":\"search_term_string\"}}],\"inLanguage\":\"ro-RO\"},{\"@type\":\"Organization\",\"@id\":\"https:\\\/\\\/eurotech-iasi.ro\\\/magazinonline\\\/#organization\",\"name\":\"Eurotech Iasi\",\"url\":\"https:\\\/\\\/eurotech-iasi.ro\\\/magazinonline\\\/\",\"logo\":{\"@type\":\"ImageObject\",\"inLanguage\":\"ro-RO\",\"@id\":\"https:\\\/\\\/eurotech-iasi.ro\\\/magazinonline\\\/#\\\/schema\\\/logo\\\/image\\\/\",\"url\":\"https:\\\/\\\/eurotech-iasi.ro\\\/magazinonline\\\/wp-content\\\/uploads\\\/2020\\\/08\\\/logo-eurotech.png\",\"contentUrl\":\"https:\\\/\\\/eurotech-iasi.ro\\\/magazinonline\\\/wp-content\\\/uploads\\\/2020\\\/08\\\/logo-eurotech.png\",\"width\":290,\"height\":70,\"caption\":\"Eurotech Iasi\"},\"image\":{\"@id\":\"https:\\\/\\\/eurotech-iasi.ro\\\/magazinonline\\\/#\\\/schema\\\/logo\\\/image\\\/\"},\"sameAs\":[\"https:\\\/\\\/www.facebook.com\\\/EurotechIasi\\\/\"]}]}<\/script>\n<!-- \/ Yoast SEO plugin. -->","yoast_head_json":{"title":"Motocultor Grillo G110DF motor Lombardini 15LD440 - Eurotech Iasi","description":"Motocultor Grillo G85 Honda GX 270, utilaj agricol cu motor ideal pentru prelucrarea terenului pentru efectuare de diverse procedee agricole.","robots":{"index":"index","follow":"follow","max-snippet":"max-snippet:-1","max-image-preview":"max-image-preview:large","max-video-preview":"max-video-preview:-1"},"canonical":"https:\/\/eurotech-iasi.ro\/magazinonline\/produs\/motocultor-grillo-g110df-motor-lombardini-15ld440\/","og_locale":"ro_RO","og_type":"article","og_title":"Motocultor Grillo G110DF motor Lombardini 15LD440 - Eurotech Iasi","og_description":"Motocultor Grillo G85 Honda GX 270, utilaj agricol cu motor ideal pentru prelucrarea terenului pentru efectuare de diverse procedee agricole.","og_url":"https:\/\/eurotech-iasi.ro\/magazinonline\/produs\/motocultor-grillo-g110df-motor-lombardini-15ld440\/","og_site_name":"Eurotech Iasi","article_publisher":"https:\/\/www.facebook.com\/EurotechIasi\/","article_modified_time":"2025-05-08T12:32:46+00:00","og_image":[{"width":750,"height":750,"url":"https:\/\/eurotech-iasi.ro\/magazinonline\/wp-content\/uploads\/2019\/08\/Motocultor-Grillo-G110DF-motor-Lombardini-15LD440-1.png","type":"image\/png"}],"twitter_misc":{"Timp estimat pentru citire":"2 minute"},"schema":{"@context":"https:\/\/schema.org","@graph":[{"@type":"WebPage","@id":"https:\/\/eurotech-iasi.ro\/magazinonline\/produs\/motocultor-grillo-g110df-motor-lombardini-15ld440\/","url":"https:\/\/eurotech-iasi.ro\/magazinonline\/produs\/motocultor-grillo-g110df-motor-lombardini-15ld440\/","name":"Motocultor Grillo G110DF motor Lombardini 15LD440 - Eurotech Iasi","isPartOf":{"@id":"https:\/\/eurotech-iasi.ro\/magazinonline\/#website"},"primaryImageOfPage":{"@id":"https:\/\/eurotech-iasi.ro\/magazinonline\/produs\/motocultor-grillo-g110df-motor-lombardini-15ld440\/#primaryimage"},"image":{"@id":"https:\/\/eurotech-iasi.ro\/magazinonline\/produs\/motocultor-grillo-g110df-motor-lombardini-15ld440\/#primaryimage"},"thumbnailUrl":"https:\/\/eurotech-iasi.ro\/magazinonline\/wp-content\/uploads\/2019\/08\/Motocultor-Grillo-G110DF-motor-Lombardini-15LD440-1.png","datePublished":"2019-08-20T07:30:58+00:00","dateModified":"2025-05-08T12:32:46+00:00","description":"Motocultor Grillo G85 Honda GX 270, utilaj agricol cu motor ideal pentru prelucrarea terenului pentru efectuare de diverse procedee agricole.","breadcrumb":{"@id":"https:\/\/eurotech-iasi.ro\/magazinonline\/produs\/motocultor-grillo-g110df-motor-lombardini-15ld440\/#breadcrumb"},"inLanguage":"ro-RO","potentialAction":[{"@type":"ReadAction","target":["https:\/\/eurotech-iasi.ro\/magazinonline\/produs\/motocultor-grillo-g110df-motor-lombardini-15ld440\/"]}]},{"@type":"ImageObject","inLanguage":"ro-RO","@id":"https:\/\/eurotech-iasi.ro\/magazinonline\/produs\/motocultor-grillo-g110df-motor-lombardini-15ld440\/#primaryimage","url":"https:\/\/eurotech-iasi.ro\/magazinonline\/wp-content\/uploads\/2019\/08\/Motocultor-Grillo-G110DF-motor-Lombardini-15LD440-1.png","contentUrl":"https:\/\/eurotech-iasi.ro\/magazinonline\/wp-content\/uploads\/2019\/08\/Motocultor-Grillo-G110DF-motor-Lombardini-15LD440-1.png","width":750,"height":750,"caption":"Motocultor Grillo G110DF motor Lombardini 15LD440"},{"@type":"BreadcrumbList","@id":"https:\/\/eurotech-iasi.ro\/magazinonline\/produs\/motocultor-grillo-g110df-motor-lombardini-15ld440\/#breadcrumb","itemListElement":[{"@type":"ListItem","position":1,"name":"Prima pagin\u0103","item":"https:\/\/eurotech-iasi.ro\/magazinonline\/"},{"@type":"ListItem","position":2,"name":"Shop","item":"https:\/\/eurotech-iasi.ro\/magazinonline\/shop\/"},{"@type":"ListItem","position":3,"name":"Motocultor Grillo G110DF motor Lombardini 15LD440"}]},{"@type":"WebSite","@id":"https:\/\/eurotech-iasi.ro\/magazinonline\/#website","url":"https:\/\/eurotech-iasi.ro\/magazinonline\/","name":"Eurotech Iasi","description":"Cu oameni seriosi","publisher":{"@id":"https:\/\/eurotech-iasi.ro\/magazinonline\/#organization"},"potentialAction":[{"@type":"SearchAction","target":{"@type":"EntryPoint","urlTemplate":"https:\/\/eurotech-iasi.ro\/magazinonline\/?s={search_term_string}"},"query-input":{"@type":"PropertyValueSpecification","valueRequired":true,"valueName":"search_term_string"}}],"inLanguage":"ro-RO"},{"@type":"Organization","@id":"https:\/\/eurotech-iasi.ro\/magazinonline\/#organization","name":"Eurotech Iasi","url":"https:\/\/eurotech-iasi.ro\/magazinonline\/","logo":{"@type":"ImageObject","inLanguage":"ro-RO","@id":"https:\/\/eurotech-iasi.ro\/magazinonline\/#\/schema\/logo\/image\/","url":"https:\/\/eurotech-iasi.ro\/magazinonline\/wp-content\/uploads\/2020\/08\/logo-eurotech.png","contentUrl":"https:\/\/eurotech-iasi.ro\/magazinonline\/wp-content\/uploads\/2020\/08\/logo-eurotech.png","width":290,"height":70,"caption":"Eurotech Iasi"},"image":{"@id":"https:\/\/eurotech-iasi.ro\/magazinonline\/#\/schema\/logo\/image\/"},"sameAs":["https:\/\/www.facebook.com\/EurotechIasi\/"]}]}},"_links":{"self":[{"href":"https:\/\/eurotech-iasi.ro\/magazinonline\/wp-json\/wp\/v2\/product\/24623","targetHints":{"allow":["GET"]}}],"collection":[{"href":"https:\/\/eurotech-iasi.ro\/magazinonline\/wp-json\/wp\/v2\/product"}],"about":[{"href":"https:\/\/eurotech-iasi.ro\/magazinonline\/wp-json\/wp\/v2\/types\/product"}],"replies":[{"embeddable":true,"href":"https:\/\/eurotech-iasi.ro\/magazinonline\/wp-json\/wp\/v2\/comments?post=24623"}],"wp:featuredmedia":[{"embeddable":true,"href":"https:\/\/eurotech-iasi.ro\/magazinonline\/wp-json\/wp\/v2\/media\/98315"}],"wp:attachment":[{"href":"https:\/\/eurotech-iasi.ro\/magazinonline\/wp-json\/wp\/v2\/media?parent=24623"}],"wp:term":[{"taxonomy":"product_cat","embeddable":true,"href":"https:\/\/eurotech-iasi.ro\/magazinonline\/wp-json\/wp\/v2\/product_cat?post=24623"},{"taxonomy":"product_tag","embeddable":true,"href":"https:\/\/eurotech-iasi.ro\/magazinonline\/wp-json\/wp\/v2\/product_tag?post=24623"},{"taxonomy":"woo-feed-brand","embeddable":true,"href":"https:\/\/eurotech-iasi.ro\/magazinonline\/wp-json\/wp\/v2\/woo-feed-brand?post=24623"}],"curies":[{"name":"wp","href":"https:\/\/api.w.org\/{rel}","templated":true}]}}