{"id":24625,"date":"2019-08-20T11:15:32","date_gmt":"2019-08-20T08:15:32","guid":{"rendered":"https:\/\/eurotech-iasi.ro\/magazinonline\/?post_type=product&#038;p=24625"},"modified":"2025-05-08T15:31:50","modified_gmt":"2025-05-08T12:31:50","slug":"motocultor-grillo-g85-honda-gx-270","status":"publish","type":"product","link":"https:\/\/eurotech-iasi.ro\/magazinonline\/produs\/motocultor-grillo-g85-honda-gx-270\/","title":{"rendered":"Motocultor Grillo G85 Honda GX 270"},"content":{"rendered":"<p><strong>MOTOCULTOR GRILLO G85 GX270 CU ROTI 4-10 SI FREZA 58 CM<\/strong> este ideal pentru utilizarea sa in horticultura, gradinarit, pomicultura si viticultura si este condus, de obicei de un singur om\u00a0 care merge pe jos.<\/p>\n<h2>Avantaje &#8211; MOTOCULTOR GRILLO G85 GX270:<\/h2>\n<ul>\n<li><strong>Ambreiaj<\/strong>: conic cu control inversat<\/li>\n<li><strong>Cutie de viteze<\/strong>: in baie de ulei, 4viteze (2inainte + 2inapoi)<\/li>\n<li>Viteze1\u00b0: 1,1km\/h -2\u00b0: 2,6km\/h1\u00b0R: 1,1km\/h -2\u00b0R: 2,6km\/h<\/li>\n<li><strong>Freza<\/strong>: 58 cm<\/li>\n<li><strong>Dispozitive de siguranta<\/strong>: maneta de ambreiaj cu dubla actionare si debreiere in cazul pierderii controlului asupra masini (fara oprirea motorului);-decuplarea automata a frezei in cazul cuplarii marsarierului<\/li>\n<li><strong>Priza de putere<\/strong>: independenta de cutia de viteze, 965 rpm cu motorul la 3600 rpm<\/li>\n<li><strong>Diferential<\/strong>: NU<\/li>\n<li><strong>Ghidonul<\/strong>: reglabil \u00een \u00een\u0103l\u0163ime \u015fi \u00een lateral, rotire la 180\u00b0, sistem antivibra\u0163ii<\/li>\n<li><strong>Roti motoare<\/strong>: Pneumatice 5.00\u201d \u201310\u201d, ecartament reglabil<\/li>\n<li><strong>Greutate<\/strong>: 115 kg<\/li>\n<\/ul>\n<h3>Specificatii tehnice &#8211; MOTOCULTOR GRILLO G85 GX270 CU ROTI 4-10 SI FREZA 58CM:<\/h3>\n<p>Putere motor ( CP ) &#8211; 9<br \/>\nTip motor &#8211; Honda<br \/>\nMotor &#8211; Honda GX<br \/>\nCutia de viteze &#8211; 4 viteze (2 inainte + 2 inapoi) in modul de lucru cu accesoriu in spate<br \/>\nAmbreiaj &#8211; Multi disc<br \/>\nCapacitate rezervor ( l ) &#8211; 5.3<br \/>\nPriza de forta &#8211; Independenta la 973 rpm .Cu sistem de cuplare rapida (se comanda separat)<br \/>\nCapacitate cilindrica ( cmc ) &#8211; 270<br \/>\nDispozitiv de siguranta &#8211; Da<br \/>\nGhidon &#8211; Reglabil in lateral si in inaltime . Cu dispozitiv de atenuare a vibratiilor. Rotirela180\u00b0 .<br \/>\nLatime de lucru ( cm ) &#8211; 58<br \/>\nCombustibil &#8211; Benzina fara plumb<br \/>\nSistem de pornire &#8211; Demaror cu sfoara<br \/>\nRoti motoare &#8211; 5.00 x 10<br \/>\nGreutate ( Kg ) &#8211; 115<\/p>\n<p><iframe loading=\"lazy\" title=\"YouTube video player\" src=\"https:\/\/www.youtube.com\/embed\/OhDxapzxf2U\" width=\"560\" height=\"315\" frameborder=\"0\" allowfullscreen=\"allowfullscreen\"><\/iframe><iframe loading=\"lazy\" title=\"YouTube video player\" src=\"https:\/\/www.youtube.com\/embed\/SjB0wEUpmiI\" width=\"560\" height=\"315\" frameborder=\"0\" allowfullscreen=\"allowfullscreen\"><\/iframe><\/p>\n","protected":false},"excerpt":{"rendered":"<p><strong>Motocultor Grillo G85 Honda GX 270 CU ROTI 4-10 SI FREZA 58 CM un <\/strong>utilaj agricol cu motor ideal pentru prelucrarea terenului pentru efectuare de diverse procedee agricole.<\/p>\n<p><em><strong>Cod produs: PFASG85GX270\/6<\/strong><\/em><\/p>\n<p><em><strong><span style=\"color: #ff0000;\">*Din cauza greutatii acest tip de echipament nu poate fi expediat prin intermediul serviciului de curierat rapid. Dupa plasarea comenzii va vom confirma pe e-mail sau veti fi contactat\/a telefonic pentru a vi se comunica costul de transport, ce va fi calculat in functie de locatia dvs.\u00a0<\/span><\/strong><\/em><\/p>\n","protected":false},"featured_media":98309,"comment_status":"open","ping_status":"closed","template":"","meta":{"_acf_changed":false},"product_cat":[4337,4371],"product_tag":[],"woo-feed-brand":[],"class_list":{"0":"post-24625","1":"product","2":"type-product","3":"status-publish","4":"has-post-thumbnail","6":"product_brand-grillo","7":"product_cat-gradinarit-agricultura","8":"product_cat-motocultoare","9":"pa_brand-grillo","10":"pa_capacitate-cilindrica-270-cm3","11":"pa_capacitate-rezervor-53-l","12":"pa_combustibil-benzina-fara-plumb-2","13":"pa_greutate-115-kg-2","14":"pa_motor-honda-gx-270","15":"pa_putere-9-cp","16":"pa_sistem-de-pornire-demaror-mecanic","17":"pa_tip-motor-ohv-un-cilindru-4-timpi-racire-cu-aer","19":"first","20":"outofstock","21":"purchasable","22":"product-type-simple"},"acf":[],"yoast_head":"<!-- This site is optimized with the Yoast SEO plugin v27.3 - https:\/\/yoast.com\/product\/yoast-seo-wordpress\/ -->\n<title>Motocultor Grillo G85 Honda GX 270 - Eurotech Iasi<\/title>\n<meta name=\"description\" content=\"Motocultor Grillo G85 Honda GX 270, 5.00\u201d \u2013 10\u201d, utilaj agricol cu motor ideal pentru prelucrarea terenului pentru efectuare de diverse procedee agricole.\" \/>\n<meta name=\"robots\" content=\"index, follow, max-snippet:-1, max-image-preview:large, max-video-preview:-1\" \/>\n<link rel=\"canonical\" href=\"https:\/\/eurotech-iasi.ro\/magazinonline\/produs\/motocultor-grillo-g85-honda-gx-270\/\" \/>\n<meta property=\"og:locale\" content=\"ro_RO\" \/>\n<meta property=\"og:type\" content=\"article\" \/>\n<meta property=\"og:title\" content=\"Motocultor Grillo G85 Honda GX 270 - Eurotech Iasi\" \/>\n<meta property=\"og:description\" content=\"Motocultor Grillo G85 Honda GX 270, 5.00\u201d \u2013 10\u201d, utilaj agricol cu motor ideal pentru prelucrarea terenului pentru efectuare de diverse procedee agricole.\" \/>\n<meta property=\"og:url\" content=\"https:\/\/eurotech-iasi.ro\/magazinonline\/produs\/motocultor-grillo-g85-honda-gx-270\/\" \/>\n<meta property=\"og:site_name\" content=\"Eurotech Iasi\" \/>\n<meta property=\"article:publisher\" content=\"https:\/\/www.facebook.com\/EurotechIasi\/\" \/>\n<meta property=\"article:modified_time\" content=\"2025-05-08T12:31:50+00:00\" \/>\n<meta property=\"og:image\" content=\"https:\/\/eurotech-iasi.ro\/magazinonline\/wp-content\/uploads\/2019\/08\/Motocultor-Grillo-G85-Honda-GX-270.png\" \/>\n\t<meta property=\"og:image:width\" content=\"750\" \/>\n\t<meta property=\"og:image:height\" content=\"750\" \/>\n\t<meta property=\"og:image:type\" content=\"image\/png\" \/>\n<meta name=\"twitter:label1\" content=\"Timp estimat pentru citire\" \/>\n\t<meta name=\"twitter:data1\" content=\"1 minut\" \/>\n<script type=\"application\/ld+json\" class=\"yoast-schema-graph\">{\"@context\":\"https:\\\/\\\/schema.org\",\"@graph\":[{\"@type\":\"WebPage\",\"@id\":\"https:\\\/\\\/eurotech-iasi.ro\\\/magazinonline\\\/produs\\\/motocultor-grillo-g85-honda-gx-270\\\/\",\"url\":\"https:\\\/\\\/eurotech-iasi.ro\\\/magazinonline\\\/produs\\\/motocultor-grillo-g85-honda-gx-270\\\/\",\"name\":\"Motocultor Grillo G85 Honda GX 270 - Eurotech Iasi\",\"isPartOf\":{\"@id\":\"https:\\\/\\\/eurotech-iasi.ro\\\/magazinonline\\\/#website\"},\"primaryImageOfPage\":{\"@id\":\"https:\\\/\\\/eurotech-iasi.ro\\\/magazinonline\\\/produs\\\/motocultor-grillo-g85-honda-gx-270\\\/#primaryimage\"},\"image\":{\"@id\":\"https:\\\/\\\/eurotech-iasi.ro\\\/magazinonline\\\/produs\\\/motocultor-grillo-g85-honda-gx-270\\\/#primaryimage\"},\"thumbnailUrl\":\"https:\\\/\\\/eurotech-iasi.ro\\\/magazinonline\\\/wp-content\\\/uploads\\\/2019\\\/08\\\/Motocultor-Grillo-G85-Honda-GX-270.png\",\"datePublished\":\"2019-08-20T08:15:32+00:00\",\"dateModified\":\"2025-05-08T12:31:50+00:00\",\"description\":\"Motocultor Grillo G85 Honda GX 270, 5.00\u201d \u2013 10\u201d, utilaj agricol cu motor ideal pentru prelucrarea terenului pentru efectuare de diverse procedee agricole.\",\"breadcrumb\":{\"@id\":\"https:\\\/\\\/eurotech-iasi.ro\\\/magazinonline\\\/produs\\\/motocultor-grillo-g85-honda-gx-270\\\/#breadcrumb\"},\"inLanguage\":\"ro-RO\",\"potentialAction\":[{\"@type\":\"ReadAction\",\"target\":[\"https:\\\/\\\/eurotech-iasi.ro\\\/magazinonline\\\/produs\\\/motocultor-grillo-g85-honda-gx-270\\\/\"]}]},{\"@type\":\"ImageObject\",\"inLanguage\":\"ro-RO\",\"@id\":\"https:\\\/\\\/eurotech-iasi.ro\\\/magazinonline\\\/produs\\\/motocultor-grillo-g85-honda-gx-270\\\/#primaryimage\",\"url\":\"https:\\\/\\\/eurotech-iasi.ro\\\/magazinonline\\\/wp-content\\\/uploads\\\/2019\\\/08\\\/Motocultor-Grillo-G85-Honda-GX-270.png\",\"contentUrl\":\"https:\\\/\\\/eurotech-iasi.ro\\\/magazinonline\\\/wp-content\\\/uploads\\\/2019\\\/08\\\/Motocultor-Grillo-G85-Honda-GX-270.png\",\"width\":750,\"height\":750,\"caption\":\"Motocultor Grillo G85 Honda GX 270\"},{\"@type\":\"BreadcrumbList\",\"@id\":\"https:\\\/\\\/eurotech-iasi.ro\\\/magazinonline\\\/produs\\\/motocultor-grillo-g85-honda-gx-270\\\/#breadcrumb\",\"itemListElement\":[{\"@type\":\"ListItem\",\"position\":1,\"name\":\"Prima pagin\u0103\",\"item\":\"https:\\\/\\\/eurotech-iasi.ro\\\/magazinonline\\\/\"},{\"@type\":\"ListItem\",\"position\":2,\"name\":\"Shop\",\"item\":\"https:\\\/\\\/eurotech-iasi.ro\\\/magazinonline\\\/shop\\\/\"},{\"@type\":\"ListItem\",\"position\":3,\"name\":\"Motocultor Grillo G85 Honda GX 270\"}]},{\"@type\":\"WebSite\",\"@id\":\"https:\\\/\\\/eurotech-iasi.ro\\\/magazinonline\\\/#website\",\"url\":\"https:\\\/\\\/eurotech-iasi.ro\\\/magazinonline\\\/\",\"name\":\"Eurotech Iasi\",\"description\":\"Cu oameni seriosi\",\"publisher\":{\"@id\":\"https:\\\/\\\/eurotech-iasi.ro\\\/magazinonline\\\/#organization\"},\"potentialAction\":[{\"@type\":\"SearchAction\",\"target\":{\"@type\":\"EntryPoint\",\"urlTemplate\":\"https:\\\/\\\/eurotech-iasi.ro\\\/magazinonline\\\/?s={search_term_string}\"},\"query-input\":{\"@type\":\"PropertyValueSpecification\",\"valueRequired\":true,\"valueName\":\"search_term_string\"}}],\"inLanguage\":\"ro-RO\"},{\"@type\":\"Organization\",\"@id\":\"https:\\\/\\\/eurotech-iasi.ro\\\/magazinonline\\\/#organization\",\"name\":\"Eurotech Iasi\",\"url\":\"https:\\\/\\\/eurotech-iasi.ro\\\/magazinonline\\\/\",\"logo\":{\"@type\":\"ImageObject\",\"inLanguage\":\"ro-RO\",\"@id\":\"https:\\\/\\\/eurotech-iasi.ro\\\/magazinonline\\\/#\\\/schema\\\/logo\\\/image\\\/\",\"url\":\"https:\\\/\\\/eurotech-iasi.ro\\\/magazinonline\\\/wp-content\\\/uploads\\\/2020\\\/08\\\/logo-eurotech.png\",\"contentUrl\":\"https:\\\/\\\/eurotech-iasi.ro\\\/magazinonline\\\/wp-content\\\/uploads\\\/2020\\\/08\\\/logo-eurotech.png\",\"width\":290,\"height\":70,\"caption\":\"Eurotech Iasi\"},\"image\":{\"@id\":\"https:\\\/\\\/eurotech-iasi.ro\\\/magazinonline\\\/#\\\/schema\\\/logo\\\/image\\\/\"},\"sameAs\":[\"https:\\\/\\\/www.facebook.com\\\/EurotechIasi\\\/\"]}]}<\/script>\n<!-- \/ Yoast SEO plugin. -->","yoast_head_json":{"title":"Motocultor Grillo G85 Honda GX 270 - Eurotech Iasi","description":"Motocultor Grillo G85 Honda GX 270, 5.00\u201d \u2013 10\u201d, utilaj agricol cu motor ideal pentru prelucrarea terenului pentru efectuare de diverse procedee agricole.","robots":{"index":"index","follow":"follow","max-snippet":"max-snippet:-1","max-image-preview":"max-image-preview:large","max-video-preview":"max-video-preview:-1"},"canonical":"https:\/\/eurotech-iasi.ro\/magazinonline\/produs\/motocultor-grillo-g85-honda-gx-270\/","og_locale":"ro_RO","og_type":"article","og_title":"Motocultor Grillo G85 Honda GX 270 - Eurotech Iasi","og_description":"Motocultor Grillo G85 Honda GX 270, 5.00\u201d \u2013 10\u201d, utilaj agricol cu motor ideal pentru prelucrarea terenului pentru efectuare de diverse procedee agricole.","og_url":"https:\/\/eurotech-iasi.ro\/magazinonline\/produs\/motocultor-grillo-g85-honda-gx-270\/","og_site_name":"Eurotech Iasi","article_publisher":"https:\/\/www.facebook.com\/EurotechIasi\/","article_modified_time":"2025-05-08T12:31:50+00:00","og_image":[{"width":750,"height":750,"url":"https:\/\/eurotech-iasi.ro\/magazinonline\/wp-content\/uploads\/2019\/08\/Motocultor-Grillo-G85-Honda-GX-270.png","type":"image\/png"}],"twitter_misc":{"Timp estimat pentru citire":"1 minut"},"schema":{"@context":"https:\/\/schema.org","@graph":[{"@type":"WebPage","@id":"https:\/\/eurotech-iasi.ro\/magazinonline\/produs\/motocultor-grillo-g85-honda-gx-270\/","url":"https:\/\/eurotech-iasi.ro\/magazinonline\/produs\/motocultor-grillo-g85-honda-gx-270\/","name":"Motocultor Grillo G85 Honda GX 270 - Eurotech Iasi","isPartOf":{"@id":"https:\/\/eurotech-iasi.ro\/magazinonline\/#website"},"primaryImageOfPage":{"@id":"https:\/\/eurotech-iasi.ro\/magazinonline\/produs\/motocultor-grillo-g85-honda-gx-270\/#primaryimage"},"image":{"@id":"https:\/\/eurotech-iasi.ro\/magazinonline\/produs\/motocultor-grillo-g85-honda-gx-270\/#primaryimage"},"thumbnailUrl":"https:\/\/eurotech-iasi.ro\/magazinonline\/wp-content\/uploads\/2019\/08\/Motocultor-Grillo-G85-Honda-GX-270.png","datePublished":"2019-08-20T08:15:32+00:00","dateModified":"2025-05-08T12:31:50+00:00","description":"Motocultor Grillo G85 Honda GX 270, 5.00\u201d \u2013 10\u201d, utilaj agricol cu motor ideal pentru prelucrarea terenului pentru efectuare de diverse procedee agricole.","breadcrumb":{"@id":"https:\/\/eurotech-iasi.ro\/magazinonline\/produs\/motocultor-grillo-g85-honda-gx-270\/#breadcrumb"},"inLanguage":"ro-RO","potentialAction":[{"@type":"ReadAction","target":["https:\/\/eurotech-iasi.ro\/magazinonline\/produs\/motocultor-grillo-g85-honda-gx-270\/"]}]},{"@type":"ImageObject","inLanguage":"ro-RO","@id":"https:\/\/eurotech-iasi.ro\/magazinonline\/produs\/motocultor-grillo-g85-honda-gx-270\/#primaryimage","url":"https:\/\/eurotech-iasi.ro\/magazinonline\/wp-content\/uploads\/2019\/08\/Motocultor-Grillo-G85-Honda-GX-270.png","contentUrl":"https:\/\/eurotech-iasi.ro\/magazinonline\/wp-content\/uploads\/2019\/08\/Motocultor-Grillo-G85-Honda-GX-270.png","width":750,"height":750,"caption":"Motocultor Grillo G85 Honda GX 270"},{"@type":"BreadcrumbList","@id":"https:\/\/eurotech-iasi.ro\/magazinonline\/produs\/motocultor-grillo-g85-honda-gx-270\/#breadcrumb","itemListElement":[{"@type":"ListItem","position":1,"name":"Prima pagin\u0103","item":"https:\/\/eurotech-iasi.ro\/magazinonline\/"},{"@type":"ListItem","position":2,"name":"Shop","item":"https:\/\/eurotech-iasi.ro\/magazinonline\/shop\/"},{"@type":"ListItem","position":3,"name":"Motocultor Grillo G85 Honda GX 270"}]},{"@type":"WebSite","@id":"https:\/\/eurotech-iasi.ro\/magazinonline\/#website","url":"https:\/\/eurotech-iasi.ro\/magazinonline\/","name":"Eurotech Iasi","description":"Cu oameni seriosi","publisher":{"@id":"https:\/\/eurotech-iasi.ro\/magazinonline\/#organization"},"potentialAction":[{"@type":"SearchAction","target":{"@type":"EntryPoint","urlTemplate":"https:\/\/eurotech-iasi.ro\/magazinonline\/?s={search_term_string}"},"query-input":{"@type":"PropertyValueSpecification","valueRequired":true,"valueName":"search_term_string"}}],"inLanguage":"ro-RO"},{"@type":"Organization","@id":"https:\/\/eurotech-iasi.ro\/magazinonline\/#organization","name":"Eurotech Iasi","url":"https:\/\/eurotech-iasi.ro\/magazinonline\/","logo":{"@type":"ImageObject","inLanguage":"ro-RO","@id":"https:\/\/eurotech-iasi.ro\/magazinonline\/#\/schema\/logo\/image\/","url":"https:\/\/eurotech-iasi.ro\/magazinonline\/wp-content\/uploads\/2020\/08\/logo-eurotech.png","contentUrl":"https:\/\/eurotech-iasi.ro\/magazinonline\/wp-content\/uploads\/2020\/08\/logo-eurotech.png","width":290,"height":70,"caption":"Eurotech Iasi"},"image":{"@id":"https:\/\/eurotech-iasi.ro\/magazinonline\/#\/schema\/logo\/image\/"},"sameAs":["https:\/\/www.facebook.com\/EurotechIasi\/"]}]}},"_links":{"self":[{"href":"https:\/\/eurotech-iasi.ro\/magazinonline\/wp-json\/wp\/v2\/product\/24625","targetHints":{"allow":["GET"]}}],"collection":[{"href":"https:\/\/eurotech-iasi.ro\/magazinonline\/wp-json\/wp\/v2\/product"}],"about":[{"href":"https:\/\/eurotech-iasi.ro\/magazinonline\/wp-json\/wp\/v2\/types\/product"}],"replies":[{"embeddable":true,"href":"https:\/\/eurotech-iasi.ro\/magazinonline\/wp-json\/wp\/v2\/comments?post=24625"}],"wp:featuredmedia":[{"embeddable":true,"href":"https:\/\/eurotech-iasi.ro\/magazinonline\/wp-json\/wp\/v2\/media\/98309"}],"wp:attachment":[{"href":"https:\/\/eurotech-iasi.ro\/magazinonline\/wp-json\/wp\/v2\/media?parent=24625"}],"wp:term":[{"taxonomy":"product_cat","embeddable":true,"href":"https:\/\/eurotech-iasi.ro\/magazinonline\/wp-json\/wp\/v2\/product_cat?post=24625"},{"taxonomy":"product_tag","embeddable":true,"href":"https:\/\/eurotech-iasi.ro\/magazinonline\/wp-json\/wp\/v2\/product_tag?post=24625"},{"taxonomy":"woo-feed-brand","embeddable":true,"href":"https:\/\/eurotech-iasi.ro\/magazinonline\/wp-json\/wp\/v2\/woo-feed-brand?post=24625"}],"curies":[{"name":"wp","href":"https:\/\/api.w.org\/{rel}","templated":true}]}}