{"id":27798,"date":"2019-09-17T16:01:34","date_gmt":"2019-09-17T13:01:34","guid":{"rendered":"https:\/\/eurotech-iasi.ro\/magazinonline\/?post_type=product&#038;p=27798"},"modified":"2026-03-09T10:36:30","modified_gmt":"2026-03-09T08:36:30","slug":"motoferastrau-cu-benzina-stihl-ms-462-50cm-1-6mm","status":"publish","type":"product","link":"https:\/\/eurotech-iasi.ro\/magazinonline\/produs\/motoferastrau-cu-benzina-stihl-ms-462-50cm-1-6mm\/","title":{"rendered":"Motoferastrau cu benzina STIHL MS 462, 50cm, 1.6mm"},"content":{"rendered":"<p><strong>Motoferastrau cu benzina STIHL MS 462, 50cm, 1.6mm<\/strong> este un motofierastrau de <em><strong>inalta performanata<\/strong><\/em> echipat cu motor economic <em><strong>2-MIX<\/strong><\/em>. Cu o greutate optimizata este ideal pentru pentru arborete de grosimi medii si mari. Pompa de ulei de inalta performanta este reglabila in functie de volum pentru <em><strong>utilizare intensa<\/strong><\/em>. Prevazuta cu <em><strong>filtru HD2<\/strong> <\/em>cu etansare radiala, capace pentru rezervor cu deschidere fara alte instrumente <em><strong>se umple usor si sigur<\/strong><\/em> cu combustibil.<\/p>\n<p><strong>Motoferastrau cu benzina STIHL MS 462, 50cm, 1.6mm <\/strong>este un motoferastrau cu motor pe benzina, de 4,4 kW super-performant, modern, conceput pentru domeniul forestier. Greutate optima si comportament excelent in utilizare. Echipare complexa. Consum de combustibil redus cu pana la 20% si emisii poluante reduse cu pana la 50% in comparatie cu motoarele STIHL clasice in doi timpi, fara tehnologie 2-MIX.<br \/>\nMotoferastrau pentru domeniu forestier, ofer\u0103 o tehnic\u0103 robust\u0103 \u015fi este u\u015for de manevrat. Acestea il fac absolut necesar pentru lucr\u0103ri de defri\u015fare, la t\u0103ierea lemnului de foc, dobor\u00e2rea arborilor, etc.<br \/>\nMotofer\u0103strau de \u00eenalt\u0103 calitate potrivite pentru activit\u0103\u0163i extreme, ce convinge prin putere \u015fi confort \u00een utilizare la t\u0103ierea cantit\u0103\u0163ilor mari sau a lemnului de esen\u0163\u0103 tare.<\/p>\n<p><strong>Dotare:<\/strong><br \/>\n&#8211; Busoane\/capace speciale pentru rezervor ce pot fi operate fara scule suplimentare, brevetate pentru rezervorul de combustibil si ulei.<br \/>\n&#8211; Compensator STIHL, un sistem de reglare din carburator, ce permite ca si in conditiile cresterii gradului de uzare\/murdarire al filtrului de aer, puterea motorului, calitatea gazelor de evacuare si consumul de combustibil sa ramana aproape constante. Datorita acestui sitem curatarea filtrul de aer se face doar atunci cand intervine o cadere de putere sesizabila.<br \/>\n&#8211; Comanda monobloc confortabila si sigura cu o singura maneta si mana dreapta permanent pe maner, ce actioneaza pornirea la rece si la cald, functionarea si oprirea.<br \/>\n&#8211; Sistem Ematic pentru ungerea lantului compus din sina de ghidaj Ematic, lant de ferastrau Oilomatic si pompa de ulei cu reglaj de cantitate sau cantitate de transport redusa. Constructia speciala a sinei si lantului face ca orice picatura de ulei pentru lanturi sa ajunga acolo unde este nevoie pentru lubrifiere. Consumul de ulei este redus cu pana la 50%.<br \/>\n&#8211; Dispozitiv pentru intinderea lantului amplasat si actionat lateral, prin capacul rotii lantului.<br \/>\n&#8211; Sistem anti-vibratii<br \/>\n&#8211; Supapa\/Ventil de decompresie ce lasa sa se evacueze la pornire o parte a amestecului compactat din cilindru, reducand astfel forta de tractiune necesara de la cablul demaror si menajand intregul sistem de pornire al motorului<br \/>\n&#8211; Pompa de ulei cu debit reglabil ce permite o transportare exacta si adaptata a necesarului cantitatii de ulei. Marcajul &#8220;E&#8221; asigura o cantitate de ulei suficienta pentru orice situatie. Este posibila o reducere a cantitatii de ulei transportat cu pana la 50%.<br \/>\n&#8211; Sistem ElastoStart ce reduce in mod sesizabil forte de soc, cauzate de presiunea de compresie la pornirea motoarelor in doi timpi si care solicita muschii si articulatiile. Un element de amortizare special aflat in manerul de pornire se dilata in functie de forta de tractiune, determinand astfel un proces de pornire uniform, fara varfuri de forte de soc.<\/p>\n<h2>Specificatii tehnice &#8211; Motoferastrau cu benzina STIHL MS 462, 50cm, 1.6mm:<\/h2>\n<ul>\n<li><strong>Putere motor:\u00a0<\/strong>4.4 kW<\/li>\n<li><strong>Putere motor:\u00a0<\/strong>6 CP<\/li>\n<li><strong>Capacitate cilindrica:\u00a0<\/strong>72.2 cmc<\/li>\n<li><strong>Tip motor:\u00a0<\/strong>STIHL 2-MIX<\/li>\n<li><strong>Lungime sina:\u00a0<\/strong>50 cm<\/li>\n<li><strong>Pas lant:\u00a0<\/strong>3\/8&#8243;<\/li>\n<li><strong>Grosime element antrenare:\u00a0<\/strong>1.6 mm<\/li>\n<li><strong>Volum rezervor benzina:\u00a0<\/strong>0.72 l<\/li>\n<li><strong>Volum rezervor ulei:\u00a0<\/strong>340 ml<\/li>\n<li><strong>Nivel presiune acustica (Factor K conform DIR 2006\/42\/EC = 2.5 dB (A)):\u00a0<\/strong>108 dB(A)<\/li>\n<li><strong>Nivel putere acustica (Factor K conform DIR 2006\/42\/EC = 2.5 dB (A)):\u00a0<\/strong>119 dB(A)<\/li>\n<li><strong>Valoarea vibratiilor, stanga (Factor K conform DIR 2006\/42\/EC = 2 m\/s \u00b2):\u00a0<\/strong>4.8 m\/s\u00b2<\/li>\n<li><strong>Valoarea vibratiilor, dreapta (Factor K conform DIR 2006\/42\/EC = 2 m\/s \u00b2):\u00a0<\/strong>3.6 m\/s \u00b2<\/li>\n<li><strong>Greutate:\u00a0<\/strong>6 kg<\/li>\n<\/ul>\n<p>INSTRUCTIUNI DE UTILIZARE \u2013\u00a0<a href=\"https:\/\/eurotech-iasi.ro\/magazinonline\/wp-content\/uploads\/2020\/04\/STIHL-MS-462.pdf\">Descarca de aici instructiuni generale privind siguranta de utilizare.<\/a><\/p>\n<p>&nbsp;<\/p>\n","protected":false},"excerpt":{"rendered":"<p><strong>Motoferastrau cu benzina STIHL MS 462, 50cm, 1.6mm<\/strong> ideal pentru pentru <em><strong>arborete de grosimi medii si mari<\/strong><\/em>.<\/p>\n<p><em><strong>Cod produs: 11422000006<\/strong><\/em><\/p>\n<p><span style=\"color: #ff0000;\"><em><a href=\"https:\/\/eurotech-iasi.ro\/magazinonline\/wp-content\/uploads\/2024\/02\/CADOU.png\"><img loading=\"lazy\" decoding=\"async\" class=\"alignnone size-medium wp-image-114942\" src=\"https:\/\/eurotech-iasi.ro\/magazinonline\/wp-content\/uploads\/2024\/02\/CADOU-300x300.png\" alt=\"\" width=\"300\" height=\"300\" srcset=\"https:\/\/eurotech-iasi.ro\/magazinonline\/wp-content\/uploads\/2024\/02\/CADOU-300x300.png 300w, https:\/\/eurotech-iasi.ro\/magazinonline\/wp-content\/uploads\/2024\/02\/CADOU-150x150.png 150w, https:\/\/eurotech-iasi.ro\/magazinonline\/wp-content\/uploads\/2024\/02\/CADOU-600x600.png 600w, https:\/\/eurotech-iasi.ro\/magazinonline\/wp-content\/uploads\/2024\/02\/CADOU-100x100.png 100w, https:\/\/eurotech-iasi.ro\/magazinonline\/wp-content\/uploads\/2024\/02\/CADOU-154x154.png 154w, https:\/\/eurotech-iasi.ro\/magazinonline\/wp-content\/uploads\/2024\/02\/CADOU.png 750w\" sizes=\"auto, (max-width: 300px) 100vw, 300px\" \/><\/a><br \/>\n<a href=\"https:\/\/eurotech-iasi.ro\/magazinonline\/?attachment_id=87685\" rel=\"attachment wp-att-87685\"><img loading=\"lazy\" decoding=\"async\" class=\"wp-image-87685 aligncenter\" src=\"https:\/\/eurotech-iasi.ro\/magazinonline\/wp-content\/uploads\/2019\/06\/2-1-150x150.png\" alt=\"\" width=\"72\" height=\"72\" srcset=\"https:\/\/eurotech-iasi.ro\/magazinonline\/wp-content\/uploads\/2019\/06\/2-1-150x150.png 150w, https:\/\/eurotech-iasi.ro\/magazinonline\/wp-content\/uploads\/2019\/06\/2-1-100x100.png 100w, https:\/\/eurotech-iasi.ro\/magazinonline\/wp-content\/uploads\/2019\/06\/2-1.png 200w\" sizes=\"auto, (max-width: 72px) 100vw, 72px\" \/><\/a><\/em><\/span><\/p>\n<h5><span style=\"color: #eb782b;\"><em><strong>\u00a0<a href=\"https:\/\/eurotech-iasi.ro\/magazinonline\/termeni-si-conditii\/\">*Garan\u021bie 2 ani<\/a> + 6 luni Extra Garan\u021bie. <\/strong><\/em><\/span><\/h5>\n<h5><span style=\"color: #eb782b;\"><em><strong>\u00cenregistreaz\u0103\u00a0 produsul achizi\u021bionat de la noi, \u00een termen de <\/strong><\/em><\/span><span style=\"color: #003366;\"><em><strong>30 de zile de la cump\u0103rare<\/strong><\/em><\/span><span style=\"color: #eb782b;\"><em><strong>, pe site-ul oficial STIHL la adresa<a href=\"https:\/\/preg.stihl.com\/product?lang=RO_ro&amp;country=RO\">\u00a0preg.stihl.com<\/a> \u0219i profit\u0103 de prelungirea gratuit\u0103 a garan\u021biei cu 6 luni !<\/strong><\/em><\/span><\/h5>\n","protected":false},"featured_media":27803,"comment_status":"open","ping_status":"closed","template":"","meta":{"_acf_changed":false},"product_cat":[6413,4337,4364,6412],"product_tag":[],"woo-feed-brand":[],"class_list":{"0":"post-27798","1":"product","2":"type-product","3":"status-publish","4":"has-post-thumbnail","6":"product_brand-stihl","7":"product_cat-extra-reduceri","8":"product_cat-gradinarit-agricultura","9":"product_cat-motofierastraie","10":"product_cat-promotie-stihl","11":"pa_brand-stihl","12":"pa_capacitate-cilindrica-722-cm","13":"pa_greutate-6-kg","14":"pa_pas-lant-3-8p","15":"pa_putere-44-6-kw-cp","16":"pa_volum-rezervor-072-l","18":"first","19":"instock","20":"sale","21":"purchasable","22":"product-type-simple"},"acf":[],"yoast_head":"<!-- This site is optimized with the Yoast SEO plugin v27.3 - https:\/\/yoast.com\/product\/yoast-seo-wordpress\/ -->\n<title>Motoferastrau cu benzina STIHL MS 462, 50cm, 1.6mm - Eurotech Iasi<\/title>\n<meta name=\"description\" content=\"Motofierastrau MS 462 STIHL, este un motoferastrau de inalta performanata echipat cu motor economic 2-MIX, filtru HD2 cu etansare radiala.\" \/>\n<meta name=\"robots\" content=\"index, follow, max-snippet:-1, max-image-preview:large, max-video-preview:-1\" \/>\n<link rel=\"canonical\" href=\"https:\/\/eurotech-iasi.ro\/magazinonline\/produs\/motoferastrau-cu-benzina-stihl-ms-462-50cm-1-6mm\/\" \/>\n<meta property=\"og:locale\" content=\"ro_RO\" \/>\n<meta property=\"og:type\" content=\"article\" \/>\n<meta property=\"og:title\" content=\"Motoferastrau cu benzina STIHL MS 462, 50cm, 1.6mm - Eurotech Iasi\" \/>\n<meta property=\"og:description\" content=\"Motofierastrau MS 462 STIHL, este un motoferastrau de inalta performanata echipat cu motor economic 2-MIX, filtru HD2 cu etansare radiala.\" \/>\n<meta property=\"og:url\" content=\"https:\/\/eurotech-iasi.ro\/magazinonline\/produs\/motoferastrau-cu-benzina-stihl-ms-462-50cm-1-6mm\/\" \/>\n<meta property=\"og:site_name\" content=\"Eurotech Iasi\" \/>\n<meta property=\"article:publisher\" content=\"https:\/\/www.facebook.com\/EurotechIasi\/\" \/>\n<meta property=\"article:modified_time\" content=\"2026-03-09T08:36:30+00:00\" \/>\n<meta property=\"og:image\" content=\"https:\/\/eurotech-iasi.ro\/magazinonline\/wp-content\/uploads\/2019\/09\/motoferastrau-ms-462-stihl-eurotech-iasi.jpg\" \/>\n\t<meta property=\"og:image:width\" content=\"710\" \/>\n\t<meta property=\"og:image:height\" content=\"710\" \/>\n\t<meta property=\"og:image:type\" content=\"image\/jpeg\" \/>\n<meta name=\"twitter:label1\" content=\"Timp estimat pentru citire\" \/>\n\t<meta name=\"twitter:data1\" content=\"4 minute\" \/>\n<script type=\"application\/ld+json\" class=\"yoast-schema-graph\">{\"@context\":\"https:\\\/\\\/schema.org\",\"@graph\":[{\"@type\":\"WebPage\",\"@id\":\"https:\\\/\\\/eurotech-iasi.ro\\\/magazinonline\\\/produs\\\/motoferastrau-cu-benzina-stihl-ms-462-50cm-1-6mm\\\/\",\"url\":\"https:\\\/\\\/eurotech-iasi.ro\\\/magazinonline\\\/produs\\\/motoferastrau-cu-benzina-stihl-ms-462-50cm-1-6mm\\\/\",\"name\":\"Motoferastrau cu benzina STIHL MS 462, 50cm, 1.6mm - Eurotech Iasi\",\"isPartOf\":{\"@id\":\"https:\\\/\\\/eurotech-iasi.ro\\\/magazinonline\\\/#website\"},\"primaryImageOfPage\":{\"@id\":\"https:\\\/\\\/eurotech-iasi.ro\\\/magazinonline\\\/produs\\\/motoferastrau-cu-benzina-stihl-ms-462-50cm-1-6mm\\\/#primaryimage\"},\"image\":{\"@id\":\"https:\\\/\\\/eurotech-iasi.ro\\\/magazinonline\\\/produs\\\/motoferastrau-cu-benzina-stihl-ms-462-50cm-1-6mm\\\/#primaryimage\"},\"thumbnailUrl\":\"https:\\\/\\\/eurotech-iasi.ro\\\/magazinonline\\\/wp-content\\\/uploads\\\/2019\\\/09\\\/motoferastrau-ms-462-stihl-eurotech-iasi.jpg\",\"datePublished\":\"2019-09-17T13:01:34+00:00\",\"dateModified\":\"2026-03-09T08:36:30+00:00\",\"description\":\"Motofierastrau MS 462 STIHL, este un motoferastrau de inalta performanata echipat cu motor economic 2-MIX, filtru HD2 cu etansare radiala.\",\"breadcrumb\":{\"@id\":\"https:\\\/\\\/eurotech-iasi.ro\\\/magazinonline\\\/produs\\\/motoferastrau-cu-benzina-stihl-ms-462-50cm-1-6mm\\\/#breadcrumb\"},\"inLanguage\":\"ro-RO\",\"potentialAction\":[{\"@type\":\"ReadAction\",\"target\":[\"https:\\\/\\\/eurotech-iasi.ro\\\/magazinonline\\\/produs\\\/motoferastrau-cu-benzina-stihl-ms-462-50cm-1-6mm\\\/\"]}]},{\"@type\":\"ImageObject\",\"inLanguage\":\"ro-RO\",\"@id\":\"https:\\\/\\\/eurotech-iasi.ro\\\/magazinonline\\\/produs\\\/motoferastrau-cu-benzina-stihl-ms-462-50cm-1-6mm\\\/#primaryimage\",\"url\":\"https:\\\/\\\/eurotech-iasi.ro\\\/magazinonline\\\/wp-content\\\/uploads\\\/2019\\\/09\\\/motoferastrau-ms-462-stihl-eurotech-iasi.jpg\",\"contentUrl\":\"https:\\\/\\\/eurotech-iasi.ro\\\/magazinonline\\\/wp-content\\\/uploads\\\/2019\\\/09\\\/motoferastrau-ms-462-stihl-eurotech-iasi.jpg\",\"width\":710,\"height\":710,\"caption\":\"Motofierastrau MS 462 STIHL\"},{\"@type\":\"BreadcrumbList\",\"@id\":\"https:\\\/\\\/eurotech-iasi.ro\\\/magazinonline\\\/produs\\\/motoferastrau-cu-benzina-stihl-ms-462-50cm-1-6mm\\\/#breadcrumb\",\"itemListElement\":[{\"@type\":\"ListItem\",\"position\":1,\"name\":\"Prima pagin\u0103\",\"item\":\"https:\\\/\\\/eurotech-iasi.ro\\\/magazinonline\\\/\"},{\"@type\":\"ListItem\",\"position\":2,\"name\":\"Shop\",\"item\":\"https:\\\/\\\/eurotech-iasi.ro\\\/magazinonline\\\/shop\\\/\"},{\"@type\":\"ListItem\",\"position\":3,\"name\":\"Motoferastrau cu benzina STIHL MS 462, 50cm, 1.6mm\"}]},{\"@type\":\"WebSite\",\"@id\":\"https:\\\/\\\/eurotech-iasi.ro\\\/magazinonline\\\/#website\",\"url\":\"https:\\\/\\\/eurotech-iasi.ro\\\/magazinonline\\\/\",\"name\":\"Eurotech Iasi\",\"description\":\"Cu oameni seriosi\",\"publisher\":{\"@id\":\"https:\\\/\\\/eurotech-iasi.ro\\\/magazinonline\\\/#organization\"},\"potentialAction\":[{\"@type\":\"SearchAction\",\"target\":{\"@type\":\"EntryPoint\",\"urlTemplate\":\"https:\\\/\\\/eurotech-iasi.ro\\\/magazinonline\\\/?s={search_term_string}\"},\"query-input\":{\"@type\":\"PropertyValueSpecification\",\"valueRequired\":true,\"valueName\":\"search_term_string\"}}],\"inLanguage\":\"ro-RO\"},{\"@type\":\"Organization\",\"@id\":\"https:\\\/\\\/eurotech-iasi.ro\\\/magazinonline\\\/#organization\",\"name\":\"Eurotech Iasi\",\"url\":\"https:\\\/\\\/eurotech-iasi.ro\\\/magazinonline\\\/\",\"logo\":{\"@type\":\"ImageObject\",\"inLanguage\":\"ro-RO\",\"@id\":\"https:\\\/\\\/eurotech-iasi.ro\\\/magazinonline\\\/#\\\/schema\\\/logo\\\/image\\\/\",\"url\":\"https:\\\/\\\/eurotech-iasi.ro\\\/magazinonline\\\/wp-content\\\/uploads\\\/2020\\\/08\\\/logo-eurotech.png\",\"contentUrl\":\"https:\\\/\\\/eurotech-iasi.ro\\\/magazinonline\\\/wp-content\\\/uploads\\\/2020\\\/08\\\/logo-eurotech.png\",\"width\":290,\"height\":70,\"caption\":\"Eurotech Iasi\"},\"image\":{\"@id\":\"https:\\\/\\\/eurotech-iasi.ro\\\/magazinonline\\\/#\\\/schema\\\/logo\\\/image\\\/\"},\"sameAs\":[\"https:\\\/\\\/www.facebook.com\\\/EurotechIasi\\\/\"]}]}<\/script>\n<!-- \/ Yoast SEO plugin. -->","yoast_head_json":{"title":"Motoferastrau cu benzina STIHL MS 462, 50cm, 1.6mm - Eurotech Iasi","description":"Motofierastrau MS 462 STIHL, este un motoferastrau de inalta performanata echipat cu motor economic 2-MIX, filtru HD2 cu etansare radiala.","robots":{"index":"index","follow":"follow","max-snippet":"max-snippet:-1","max-image-preview":"max-image-preview:large","max-video-preview":"max-video-preview:-1"},"canonical":"https:\/\/eurotech-iasi.ro\/magazinonline\/produs\/motoferastrau-cu-benzina-stihl-ms-462-50cm-1-6mm\/","og_locale":"ro_RO","og_type":"article","og_title":"Motoferastrau cu benzina STIHL MS 462, 50cm, 1.6mm - Eurotech Iasi","og_description":"Motofierastrau MS 462 STIHL, este un motoferastrau de inalta performanata echipat cu motor economic 2-MIX, filtru HD2 cu etansare radiala.","og_url":"https:\/\/eurotech-iasi.ro\/magazinonline\/produs\/motoferastrau-cu-benzina-stihl-ms-462-50cm-1-6mm\/","og_site_name":"Eurotech Iasi","article_publisher":"https:\/\/www.facebook.com\/EurotechIasi\/","article_modified_time":"2026-03-09T08:36:30+00:00","og_image":[{"width":710,"height":710,"url":"https:\/\/eurotech-iasi.ro\/magazinonline\/wp-content\/uploads\/2019\/09\/motoferastrau-ms-462-stihl-eurotech-iasi.jpg","type":"image\/jpeg"}],"twitter_misc":{"Timp estimat pentru citire":"4 minute"},"schema":{"@context":"https:\/\/schema.org","@graph":[{"@type":"WebPage","@id":"https:\/\/eurotech-iasi.ro\/magazinonline\/produs\/motoferastrau-cu-benzina-stihl-ms-462-50cm-1-6mm\/","url":"https:\/\/eurotech-iasi.ro\/magazinonline\/produs\/motoferastrau-cu-benzina-stihl-ms-462-50cm-1-6mm\/","name":"Motoferastrau cu benzina STIHL MS 462, 50cm, 1.6mm - Eurotech Iasi","isPartOf":{"@id":"https:\/\/eurotech-iasi.ro\/magazinonline\/#website"},"primaryImageOfPage":{"@id":"https:\/\/eurotech-iasi.ro\/magazinonline\/produs\/motoferastrau-cu-benzina-stihl-ms-462-50cm-1-6mm\/#primaryimage"},"image":{"@id":"https:\/\/eurotech-iasi.ro\/magazinonline\/produs\/motoferastrau-cu-benzina-stihl-ms-462-50cm-1-6mm\/#primaryimage"},"thumbnailUrl":"https:\/\/eurotech-iasi.ro\/magazinonline\/wp-content\/uploads\/2019\/09\/motoferastrau-ms-462-stihl-eurotech-iasi.jpg","datePublished":"2019-09-17T13:01:34+00:00","dateModified":"2026-03-09T08:36:30+00:00","description":"Motofierastrau MS 462 STIHL, este un motoferastrau de inalta performanata echipat cu motor economic 2-MIX, filtru HD2 cu etansare radiala.","breadcrumb":{"@id":"https:\/\/eurotech-iasi.ro\/magazinonline\/produs\/motoferastrau-cu-benzina-stihl-ms-462-50cm-1-6mm\/#breadcrumb"},"inLanguage":"ro-RO","potentialAction":[{"@type":"ReadAction","target":["https:\/\/eurotech-iasi.ro\/magazinonline\/produs\/motoferastrau-cu-benzina-stihl-ms-462-50cm-1-6mm\/"]}]},{"@type":"ImageObject","inLanguage":"ro-RO","@id":"https:\/\/eurotech-iasi.ro\/magazinonline\/produs\/motoferastrau-cu-benzina-stihl-ms-462-50cm-1-6mm\/#primaryimage","url":"https:\/\/eurotech-iasi.ro\/magazinonline\/wp-content\/uploads\/2019\/09\/motoferastrau-ms-462-stihl-eurotech-iasi.jpg","contentUrl":"https:\/\/eurotech-iasi.ro\/magazinonline\/wp-content\/uploads\/2019\/09\/motoferastrau-ms-462-stihl-eurotech-iasi.jpg","width":710,"height":710,"caption":"Motofierastrau MS 462 STIHL"},{"@type":"BreadcrumbList","@id":"https:\/\/eurotech-iasi.ro\/magazinonline\/produs\/motoferastrau-cu-benzina-stihl-ms-462-50cm-1-6mm\/#breadcrumb","itemListElement":[{"@type":"ListItem","position":1,"name":"Prima pagin\u0103","item":"https:\/\/eurotech-iasi.ro\/magazinonline\/"},{"@type":"ListItem","position":2,"name":"Shop","item":"https:\/\/eurotech-iasi.ro\/magazinonline\/shop\/"},{"@type":"ListItem","position":3,"name":"Motoferastrau cu benzina STIHL MS 462, 50cm, 1.6mm"}]},{"@type":"WebSite","@id":"https:\/\/eurotech-iasi.ro\/magazinonline\/#website","url":"https:\/\/eurotech-iasi.ro\/magazinonline\/","name":"Eurotech Iasi","description":"Cu oameni seriosi","publisher":{"@id":"https:\/\/eurotech-iasi.ro\/magazinonline\/#organization"},"potentialAction":[{"@type":"SearchAction","target":{"@type":"EntryPoint","urlTemplate":"https:\/\/eurotech-iasi.ro\/magazinonline\/?s={search_term_string}"},"query-input":{"@type":"PropertyValueSpecification","valueRequired":true,"valueName":"search_term_string"}}],"inLanguage":"ro-RO"},{"@type":"Organization","@id":"https:\/\/eurotech-iasi.ro\/magazinonline\/#organization","name":"Eurotech Iasi","url":"https:\/\/eurotech-iasi.ro\/magazinonline\/","logo":{"@type":"ImageObject","inLanguage":"ro-RO","@id":"https:\/\/eurotech-iasi.ro\/magazinonline\/#\/schema\/logo\/image\/","url":"https:\/\/eurotech-iasi.ro\/magazinonline\/wp-content\/uploads\/2020\/08\/logo-eurotech.png","contentUrl":"https:\/\/eurotech-iasi.ro\/magazinonline\/wp-content\/uploads\/2020\/08\/logo-eurotech.png","width":290,"height":70,"caption":"Eurotech Iasi"},"image":{"@id":"https:\/\/eurotech-iasi.ro\/magazinonline\/#\/schema\/logo\/image\/"},"sameAs":["https:\/\/www.facebook.com\/EurotechIasi\/"]}]}},"_links":{"self":[{"href":"https:\/\/eurotech-iasi.ro\/magazinonline\/wp-json\/wp\/v2\/product\/27798","targetHints":{"allow":["GET"]}}],"collection":[{"href":"https:\/\/eurotech-iasi.ro\/magazinonline\/wp-json\/wp\/v2\/product"}],"about":[{"href":"https:\/\/eurotech-iasi.ro\/magazinonline\/wp-json\/wp\/v2\/types\/product"}],"replies":[{"embeddable":true,"href":"https:\/\/eurotech-iasi.ro\/magazinonline\/wp-json\/wp\/v2\/comments?post=27798"}],"wp:featuredmedia":[{"embeddable":true,"href":"https:\/\/eurotech-iasi.ro\/magazinonline\/wp-json\/wp\/v2\/media\/27803"}],"wp:attachment":[{"href":"https:\/\/eurotech-iasi.ro\/magazinonline\/wp-json\/wp\/v2\/media?parent=27798"}],"wp:term":[{"taxonomy":"product_cat","embeddable":true,"href":"https:\/\/eurotech-iasi.ro\/magazinonline\/wp-json\/wp\/v2\/product_cat?post=27798"},{"taxonomy":"product_tag","embeddable":true,"href":"https:\/\/eurotech-iasi.ro\/magazinonline\/wp-json\/wp\/v2\/product_tag?post=27798"},{"taxonomy":"woo-feed-brand","embeddable":true,"href":"https:\/\/eurotech-iasi.ro\/magazinonline\/wp-json\/wp\/v2\/woo-feed-brand?post=27798"}],"curies":[{"name":"wp","href":"https:\/\/api.w.org\/{rel}","templated":true}]}}