{"id":30472,"date":"2019-10-08T15:31:06","date_gmt":"2019-10-08T12:31:06","guid":{"rendered":"https:\/\/eurotech-iasi.ro\/magazinonline\/?post_type=product&#038;p=30472"},"modified":"2025-02-05T11:29:00","modified_gmt":"2025-02-05T09:29:00","slug":"motosapa-medialine-ms-15000-cf-standard","status":"publish","type":"product","link":"https:\/\/eurotech-iasi.ro\/magazinonline\/produs\/motosapa-medialine-ms-15000-cf-standard\/","title":{"rendered":"Motosapa MEDIALINE MS 15000 CF Standard"},"content":{"rendered":"<p><strong>Motosapa MEDIALINE MS 15000 CF Standard<\/strong> este echipata cu un motor <em>Media Line de 15 CP<\/em>. Motosapa a fost creata in asa fel pentru a satisface lucrarile de prelucare a solului.<\/p>\n<p>Masina este echipata cu o transmisie directa cu ambreiaj <em>multidisc<\/em> in baie de ulei si cu o cutie de viteze din fonta. Acest lucru o fac ideala pentru solurile tari si pentru o utilizare intensiva.<\/p>\n<p>Aceasta <strong>motosapa MEDIALINE MS 15000 CF Standard <\/strong>respecta ultimele cerinte ale standardului <em>European EN-709<\/em> cu privire la siguranta utilizatorului. La aceasta masina ambreiajul este inversat. Motosapa dispune de o maneta cu dubla actionare, dar si de o protectie suplimentara pentru toba. Masina detine aparatori de cutite cu grosime de 2 mm si latime de 600 mm. Cutia de viteze este cu punct neutru intre vitezele de mers inainte si cele de mers inapoi.<\/p>\n<p>Avantajele acestei <strong>motosape MS 15000 CF<\/strong> sunt reprezintate de lungimea si pozitia ghidonului. Astfel se obtine o manevrabilitate sporita si un efort minim din partea utilizatorului. Inaltimea ghidonului se poate regla cu ajutorul unei manete.<\/p>\n<p>Freaza masinii are un diametru de <em>350 mm<\/em>, iar cutitele elicoidale sunt din otelt tratat termic cu grosime de<em> 6 mm<\/em> si latime de <em>40 mm.\u00a0<\/em><\/p>\n<p><strong>Avantaje:<\/strong><\/p>\n<ul>\n<li>Lungimea \u0219i pozi\u021bia ghidonului ofer\u0103 o manevrabilitate sporit\u0103 \u0219i un efort minim din partea utilizatorului.<\/li>\n<li>\u00a0Maneta de reglare rapid\u0103 a ghidonului \u00een lateral permite rotirea ghidonului \u00een timpul lucrului pentru evitarea obstacolelor sau pentru virare.<\/li>\n<li>Manet\u0103 de reglare rapid\u0103 a \u00een\u0103l\u021bimii ghidonului<\/li>\n<li>Freze cu diametru de 350mm, cu\u021bite elicoidale durabile din o\u021bel tratat termic cu grosime de 5 mm \u0219i l\u0103\u021bime de 40 mm \u0219i discuri de cap\u0103t.<\/li>\n<li>Filtru de aer \u00een baie de ulei pentru o \u00eentre\u021binere u\u0219oar\u0103.<\/li>\n<li>Sistem de transport al frezelor.<\/li>\n<li>\u00a0Sistem rapid de montare a motosapei.<\/li>\n<\/ul>\n<p><strong>Specificatii tehnice<\/strong><\/p>\n<h4>Motosapa MEDIALINE MS 15000 CF Standard<strong>:\u00a0<\/strong><\/h4>\n<p>Putere max. motor: 15 CP<br \/>\nTip motor: 4 timpi, 1 cilindru, r\u0103cire cu aer, arbore orizontal<br \/>\nCilindree: 418 cm3<br \/>\nAlezaj x curs\u0103: 90 x 66 mm<br \/>\nCompresie: 8,5 : 1<br \/>\nCombustibil: benzin\u0103 f\u0103r\u0103 plumb<br \/>\nCapacitate rezervor: 6,5 l<br \/>\nFiltru de aer: \u00een baie de ulei<br \/>\nBobin\u0103 aprindere: tranzistorizat\u0103<br \/>\nPornire: demaror mecanic<br \/>\nConsum: 4 l\/h la puterea nominal\u0103 (la 3600 rpm)<br \/>\nCutia de viteze: 3 viteze (2 \u00eenainte: 4.7 km\/h \/ 6.5 km\/h + 1 \u00eenapoi 3.5 km\/h)<br \/>\nTransmisie: ambreiaj \u00een baie de ulei si cutie de viteze din font\u0103 cu roti din\u021bate<br \/>\nGhidonul: reglabil \u00een \u00een\u0103l\u0163ime \u0219i \u00een lateral cu manete pe ghidon pentru ac\u021bionare rapid\u0103<br \/>\nDiametru frez\u0103: 350 mm<br \/>\nL\u0103\u021bime de lucru: reglabil\u0103 90 &#8211; 120 cm<br \/>\nAd\u00e2ncime de lucru: 285 mm<br \/>\nNum\u0103r cu\u021bite:32<br \/>\nTip cu\u021bite: elicoidale cu grosime de 5mm \u0219i l\u0103\u021bime de 40 mm<br \/>\nMas\u0103 net\u0103: 130 kg<\/p>\n<h4>Set de livrare &#8211; Motosapa MEDIALINE MS 15000 CF Standard:<\/h4>\n<p><a href=\"https:\/\/eurotech-iasi.ro\/magazinonline\/wp-content\/uploads\/2025\/02\/Fara-titlu-1000-x-750-px-1000-x-550-px-1.png\"><img loading=\"lazy\" decoding=\"async\" class=\"wp-image-108430 alignleft\" src=\"https:\/\/eurotech-iasi.ro\/magazinonline\/wp-content\/uploads\/2025\/02\/Fara-titlu-1000-x-750-px-1000-x-550-px-1.png\" alt=\"\" width=\"535\" height=\"294\" srcset=\"https:\/\/eurotech-iasi.ro\/magazinonline\/wp-content\/uploads\/2025\/02\/Fara-titlu-1000-x-750-px-1000-x-550-px-1.png 1000w, https:\/\/eurotech-iasi.ro\/magazinonline\/wp-content\/uploads\/2025\/02\/Fara-titlu-1000-x-750-px-1000-x-550-px-1-300x165.png 300w, https:\/\/eurotech-iasi.ro\/magazinonline\/wp-content\/uploads\/2025\/02\/Fara-titlu-1000-x-750-px-1000-x-550-px-1-768x422.png 768w, https:\/\/eurotech-iasi.ro\/magazinonline\/wp-content\/uploads\/2025\/02\/Fara-titlu-1000-x-750-px-1000-x-550-px-1-600x330.png 600w\" sizes=\"auto, (max-width: 535px) 100vw, 535px\" \/><\/a><\/p>\n<p>&nbsp;<\/p>\n","protected":false},"excerpt":{"rendered":"<p><strong>Motosapa MEDIALINE MS 15000 CF Standard<\/strong>\u00a0este un utilaj agricol cu motor de putere mica ideal pentru prelucrarea terenului. Este recomandat pentru horticultura, gradinarit, pomicultura si viticultura si este condusa de obicei de un singur om care merge pe jos.<\/p>\n<p><em><strong>Cod produs: MS15000CF<\/strong><\/em><\/p>\n<p><span style=\"color: #ff0000;\"><em><strong>* Costurile de transport vor fi comunicate telefonic la procesarea comenzii.<\/strong><\/em><\/span><\/p>\n","protected":false},"featured_media":30481,"comment_status":"open","ping_status":"closed","template":"","meta":{"_acf_changed":false},"product_cat":[4337,4370],"product_tag":[],"woo-feed-brand":[],"class_list":{"0":"post-30472","1":"product","2":"type-product","3":"status-publish","4":"has-post-thumbnail","6":"product_brand-medialine","7":"product_cat-gradinarit-agricultura","8":"product_cat-motosape","9":"pa_brand-medialine","10":"pa_capacitate-cilindrica-418-cm3","11":"pa_capacitate-rezervor-65-l","12":"pa_combustibil-benzina-fara-plumb-2","13":"pa_greutate-130-kg","14":"pa_motor-media-line","15":"pa_putere-15-cp","16":"pa_sistem-de-pornire-demaror-mecanic","17":"pa_tip-motor-4-timpi-1-cilindru-racire-cu-aer-arbore-orizontal","19":"first","20":"outofstock","21":"purchasable","22":"product-type-simple"},"acf":[],"yoast_head":"<!-- This site is optimized with the Yoast SEO plugin v27.3 - https:\/\/yoast.com\/product\/yoast-seo-wordpress\/ -->\n<title>Motosapa MEDIALINE MS 15000 CF Standard - Eurotech Iasi<\/title>\n<meta name=\"description\" content=\"Motosapa MEDIALINE MS 15000 CF Standard este un utilaj agricol cu motor de putere mica ideal pentru prelucrarea terenului. Util in gradinarit, si altele.\" \/>\n<meta name=\"robots\" content=\"index, follow, max-snippet:-1, max-image-preview:large, max-video-preview:-1\" \/>\n<link rel=\"canonical\" href=\"https:\/\/eurotech-iasi.ro\/magazinonline\/produs\/motosapa-medialine-ms-15000-cf-standard\/\" \/>\n<meta property=\"og:locale\" content=\"ro_RO\" \/>\n<meta property=\"og:type\" content=\"article\" \/>\n<meta property=\"og:title\" content=\"Motosapa MEDIALINE MS 15000 CF Standard - Eurotech Iasi\" \/>\n<meta property=\"og:description\" content=\"Motosapa MEDIALINE MS 15000 CF Standard este un utilaj agricol cu motor de putere mica ideal pentru prelucrarea terenului. Util in gradinarit, si altele.\" \/>\n<meta property=\"og:url\" content=\"https:\/\/eurotech-iasi.ro\/magazinonline\/produs\/motosapa-medialine-ms-15000-cf-standard\/\" \/>\n<meta property=\"og:site_name\" content=\"Eurotech Iasi\" \/>\n<meta property=\"article:publisher\" content=\"https:\/\/www.facebook.com\/EurotechIasi\/\" \/>\n<meta property=\"article:modified_time\" content=\"2025-02-05T09:29:00+00:00\" \/>\n<meta property=\"og:image\" content=\"https:\/\/eurotech-iasi.ro\/magazinonline\/wp-content\/uploads\/2019\/10\/motosapa-medialine-ms-15000-cf-standard-iasi-eurotech.jpg\" \/>\n\t<meta property=\"og:image:width\" content=\"710\" \/>\n\t<meta property=\"og:image:height\" content=\"710\" \/>\n\t<meta property=\"og:image:type\" content=\"image\/jpeg\" \/>\n<meta name=\"twitter:label1\" content=\"Timp estimat pentru citire\" \/>\n\t<meta name=\"twitter:data1\" content=\"2 minute\" \/>\n<script type=\"application\/ld+json\" class=\"yoast-schema-graph\">{\"@context\":\"https:\\\/\\\/schema.org\",\"@graph\":[{\"@type\":\"WebPage\",\"@id\":\"https:\\\/\\\/eurotech-iasi.ro\\\/magazinonline\\\/produs\\\/motosapa-medialine-ms-15000-cf-standard\\\/\",\"url\":\"https:\\\/\\\/eurotech-iasi.ro\\\/magazinonline\\\/produs\\\/motosapa-medialine-ms-15000-cf-standard\\\/\",\"name\":\"Motosapa MEDIALINE MS 15000 CF Standard - Eurotech Iasi\",\"isPartOf\":{\"@id\":\"https:\\\/\\\/eurotech-iasi.ro\\\/magazinonline\\\/#website\"},\"primaryImageOfPage\":{\"@id\":\"https:\\\/\\\/eurotech-iasi.ro\\\/magazinonline\\\/produs\\\/motosapa-medialine-ms-15000-cf-standard\\\/#primaryimage\"},\"image\":{\"@id\":\"https:\\\/\\\/eurotech-iasi.ro\\\/magazinonline\\\/produs\\\/motosapa-medialine-ms-15000-cf-standard\\\/#primaryimage\"},\"thumbnailUrl\":\"https:\\\/\\\/eurotech-iasi.ro\\\/magazinonline\\\/wp-content\\\/uploads\\\/2019\\\/10\\\/motosapa-medialine-ms-15000-cf-standard-iasi-eurotech.jpg\",\"datePublished\":\"2019-10-08T12:31:06+00:00\",\"dateModified\":\"2025-02-05T09:29:00+00:00\",\"description\":\"Motosapa MEDIALINE MS 15000 CF Standard este un utilaj agricol cu motor de putere mica ideal pentru prelucrarea terenului. Util in gradinarit, si altele.\",\"breadcrumb\":{\"@id\":\"https:\\\/\\\/eurotech-iasi.ro\\\/magazinonline\\\/produs\\\/motosapa-medialine-ms-15000-cf-standard\\\/#breadcrumb\"},\"inLanguage\":\"ro-RO\",\"potentialAction\":[{\"@type\":\"ReadAction\",\"target\":[\"https:\\\/\\\/eurotech-iasi.ro\\\/magazinonline\\\/produs\\\/motosapa-medialine-ms-15000-cf-standard\\\/\"]}]},{\"@type\":\"ImageObject\",\"inLanguage\":\"ro-RO\",\"@id\":\"https:\\\/\\\/eurotech-iasi.ro\\\/magazinonline\\\/produs\\\/motosapa-medialine-ms-15000-cf-standard\\\/#primaryimage\",\"url\":\"https:\\\/\\\/eurotech-iasi.ro\\\/magazinonline\\\/wp-content\\\/uploads\\\/2019\\\/10\\\/motosapa-medialine-ms-15000-cf-standard-iasi-eurotech.jpg\",\"contentUrl\":\"https:\\\/\\\/eurotech-iasi.ro\\\/magazinonline\\\/wp-content\\\/uploads\\\/2019\\\/10\\\/motosapa-medialine-ms-15000-cf-standard-iasi-eurotech.jpg\",\"width\":710,\"height\":710,\"caption\":\"Motosapa MEDIALINE MS 15000 CF Standard\"},{\"@type\":\"BreadcrumbList\",\"@id\":\"https:\\\/\\\/eurotech-iasi.ro\\\/magazinonline\\\/produs\\\/motosapa-medialine-ms-15000-cf-standard\\\/#breadcrumb\",\"itemListElement\":[{\"@type\":\"ListItem\",\"position\":1,\"name\":\"Prima pagin\u0103\",\"item\":\"https:\\\/\\\/eurotech-iasi.ro\\\/magazinonline\\\/\"},{\"@type\":\"ListItem\",\"position\":2,\"name\":\"Shop\",\"item\":\"https:\\\/\\\/eurotech-iasi.ro\\\/magazinonline\\\/shop\\\/\"},{\"@type\":\"ListItem\",\"position\":3,\"name\":\"Motosapa MEDIALINE MS 15000 CF Standard\"}]},{\"@type\":\"WebSite\",\"@id\":\"https:\\\/\\\/eurotech-iasi.ro\\\/magazinonline\\\/#website\",\"url\":\"https:\\\/\\\/eurotech-iasi.ro\\\/magazinonline\\\/\",\"name\":\"Eurotech Iasi\",\"description\":\"Cu oameni seriosi\",\"publisher\":{\"@id\":\"https:\\\/\\\/eurotech-iasi.ro\\\/magazinonline\\\/#organization\"},\"potentialAction\":[{\"@type\":\"SearchAction\",\"target\":{\"@type\":\"EntryPoint\",\"urlTemplate\":\"https:\\\/\\\/eurotech-iasi.ro\\\/magazinonline\\\/?s={search_term_string}\"},\"query-input\":{\"@type\":\"PropertyValueSpecification\",\"valueRequired\":true,\"valueName\":\"search_term_string\"}}],\"inLanguage\":\"ro-RO\"},{\"@type\":\"Organization\",\"@id\":\"https:\\\/\\\/eurotech-iasi.ro\\\/magazinonline\\\/#organization\",\"name\":\"Eurotech Iasi\",\"url\":\"https:\\\/\\\/eurotech-iasi.ro\\\/magazinonline\\\/\",\"logo\":{\"@type\":\"ImageObject\",\"inLanguage\":\"ro-RO\",\"@id\":\"https:\\\/\\\/eurotech-iasi.ro\\\/magazinonline\\\/#\\\/schema\\\/logo\\\/image\\\/\",\"url\":\"https:\\\/\\\/eurotech-iasi.ro\\\/magazinonline\\\/wp-content\\\/uploads\\\/2020\\\/08\\\/logo-eurotech.png\",\"contentUrl\":\"https:\\\/\\\/eurotech-iasi.ro\\\/magazinonline\\\/wp-content\\\/uploads\\\/2020\\\/08\\\/logo-eurotech.png\",\"width\":290,\"height\":70,\"caption\":\"Eurotech Iasi\"},\"image\":{\"@id\":\"https:\\\/\\\/eurotech-iasi.ro\\\/magazinonline\\\/#\\\/schema\\\/logo\\\/image\\\/\"},\"sameAs\":[\"https:\\\/\\\/www.facebook.com\\\/EurotechIasi\\\/\"]}]}<\/script>\n<!-- \/ Yoast SEO plugin. -->","yoast_head_json":{"title":"Motosapa MEDIALINE MS 15000 CF Standard - Eurotech Iasi","description":"Motosapa MEDIALINE MS 15000 CF Standard este un utilaj agricol cu motor de putere mica ideal pentru prelucrarea terenului. Util in gradinarit, si altele.","robots":{"index":"index","follow":"follow","max-snippet":"max-snippet:-1","max-image-preview":"max-image-preview:large","max-video-preview":"max-video-preview:-1"},"canonical":"https:\/\/eurotech-iasi.ro\/magazinonline\/produs\/motosapa-medialine-ms-15000-cf-standard\/","og_locale":"ro_RO","og_type":"article","og_title":"Motosapa MEDIALINE MS 15000 CF Standard - Eurotech Iasi","og_description":"Motosapa MEDIALINE MS 15000 CF Standard este un utilaj agricol cu motor de putere mica ideal pentru prelucrarea terenului. Util in gradinarit, si altele.","og_url":"https:\/\/eurotech-iasi.ro\/magazinonline\/produs\/motosapa-medialine-ms-15000-cf-standard\/","og_site_name":"Eurotech Iasi","article_publisher":"https:\/\/www.facebook.com\/EurotechIasi\/","article_modified_time":"2025-02-05T09:29:00+00:00","og_image":[{"width":710,"height":710,"url":"https:\/\/eurotech-iasi.ro\/magazinonline\/wp-content\/uploads\/2019\/10\/motosapa-medialine-ms-15000-cf-standard-iasi-eurotech.jpg","type":"image\/jpeg"}],"twitter_misc":{"Timp estimat pentru citire":"2 minute"},"schema":{"@context":"https:\/\/schema.org","@graph":[{"@type":"WebPage","@id":"https:\/\/eurotech-iasi.ro\/magazinonline\/produs\/motosapa-medialine-ms-15000-cf-standard\/","url":"https:\/\/eurotech-iasi.ro\/magazinonline\/produs\/motosapa-medialine-ms-15000-cf-standard\/","name":"Motosapa MEDIALINE MS 15000 CF Standard - Eurotech Iasi","isPartOf":{"@id":"https:\/\/eurotech-iasi.ro\/magazinonline\/#website"},"primaryImageOfPage":{"@id":"https:\/\/eurotech-iasi.ro\/magazinonline\/produs\/motosapa-medialine-ms-15000-cf-standard\/#primaryimage"},"image":{"@id":"https:\/\/eurotech-iasi.ro\/magazinonline\/produs\/motosapa-medialine-ms-15000-cf-standard\/#primaryimage"},"thumbnailUrl":"https:\/\/eurotech-iasi.ro\/magazinonline\/wp-content\/uploads\/2019\/10\/motosapa-medialine-ms-15000-cf-standard-iasi-eurotech.jpg","datePublished":"2019-10-08T12:31:06+00:00","dateModified":"2025-02-05T09:29:00+00:00","description":"Motosapa MEDIALINE MS 15000 CF Standard este un utilaj agricol cu motor de putere mica ideal pentru prelucrarea terenului. Util in gradinarit, si altele.","breadcrumb":{"@id":"https:\/\/eurotech-iasi.ro\/magazinonline\/produs\/motosapa-medialine-ms-15000-cf-standard\/#breadcrumb"},"inLanguage":"ro-RO","potentialAction":[{"@type":"ReadAction","target":["https:\/\/eurotech-iasi.ro\/magazinonline\/produs\/motosapa-medialine-ms-15000-cf-standard\/"]}]},{"@type":"ImageObject","inLanguage":"ro-RO","@id":"https:\/\/eurotech-iasi.ro\/magazinonline\/produs\/motosapa-medialine-ms-15000-cf-standard\/#primaryimage","url":"https:\/\/eurotech-iasi.ro\/magazinonline\/wp-content\/uploads\/2019\/10\/motosapa-medialine-ms-15000-cf-standard-iasi-eurotech.jpg","contentUrl":"https:\/\/eurotech-iasi.ro\/magazinonline\/wp-content\/uploads\/2019\/10\/motosapa-medialine-ms-15000-cf-standard-iasi-eurotech.jpg","width":710,"height":710,"caption":"Motosapa MEDIALINE MS 15000 CF Standard"},{"@type":"BreadcrumbList","@id":"https:\/\/eurotech-iasi.ro\/magazinonline\/produs\/motosapa-medialine-ms-15000-cf-standard\/#breadcrumb","itemListElement":[{"@type":"ListItem","position":1,"name":"Prima pagin\u0103","item":"https:\/\/eurotech-iasi.ro\/magazinonline\/"},{"@type":"ListItem","position":2,"name":"Shop","item":"https:\/\/eurotech-iasi.ro\/magazinonline\/shop\/"},{"@type":"ListItem","position":3,"name":"Motosapa MEDIALINE MS 15000 CF Standard"}]},{"@type":"WebSite","@id":"https:\/\/eurotech-iasi.ro\/magazinonline\/#website","url":"https:\/\/eurotech-iasi.ro\/magazinonline\/","name":"Eurotech Iasi","description":"Cu oameni seriosi","publisher":{"@id":"https:\/\/eurotech-iasi.ro\/magazinonline\/#organization"},"potentialAction":[{"@type":"SearchAction","target":{"@type":"EntryPoint","urlTemplate":"https:\/\/eurotech-iasi.ro\/magazinonline\/?s={search_term_string}"},"query-input":{"@type":"PropertyValueSpecification","valueRequired":true,"valueName":"search_term_string"}}],"inLanguage":"ro-RO"},{"@type":"Organization","@id":"https:\/\/eurotech-iasi.ro\/magazinonline\/#organization","name":"Eurotech Iasi","url":"https:\/\/eurotech-iasi.ro\/magazinonline\/","logo":{"@type":"ImageObject","inLanguage":"ro-RO","@id":"https:\/\/eurotech-iasi.ro\/magazinonline\/#\/schema\/logo\/image\/","url":"https:\/\/eurotech-iasi.ro\/magazinonline\/wp-content\/uploads\/2020\/08\/logo-eurotech.png","contentUrl":"https:\/\/eurotech-iasi.ro\/magazinonline\/wp-content\/uploads\/2020\/08\/logo-eurotech.png","width":290,"height":70,"caption":"Eurotech Iasi"},"image":{"@id":"https:\/\/eurotech-iasi.ro\/magazinonline\/#\/schema\/logo\/image\/"},"sameAs":["https:\/\/www.facebook.com\/EurotechIasi\/"]}]}},"_links":{"self":[{"href":"https:\/\/eurotech-iasi.ro\/magazinonline\/wp-json\/wp\/v2\/product\/30472","targetHints":{"allow":["GET"]}}],"collection":[{"href":"https:\/\/eurotech-iasi.ro\/magazinonline\/wp-json\/wp\/v2\/product"}],"about":[{"href":"https:\/\/eurotech-iasi.ro\/magazinonline\/wp-json\/wp\/v2\/types\/product"}],"replies":[{"embeddable":true,"href":"https:\/\/eurotech-iasi.ro\/magazinonline\/wp-json\/wp\/v2\/comments?post=30472"}],"wp:featuredmedia":[{"embeddable":true,"href":"https:\/\/eurotech-iasi.ro\/magazinonline\/wp-json\/wp\/v2\/media\/30481"}],"wp:attachment":[{"href":"https:\/\/eurotech-iasi.ro\/magazinonline\/wp-json\/wp\/v2\/media?parent=30472"}],"wp:term":[{"taxonomy":"product_cat","embeddable":true,"href":"https:\/\/eurotech-iasi.ro\/magazinonline\/wp-json\/wp\/v2\/product_cat?post=30472"},{"taxonomy":"product_tag","embeddable":true,"href":"https:\/\/eurotech-iasi.ro\/magazinonline\/wp-json\/wp\/v2\/product_tag?post=30472"},{"taxonomy":"woo-feed-brand","embeddable":true,"href":"https:\/\/eurotech-iasi.ro\/magazinonline\/wp-json\/wp\/v2\/woo-feed-brand?post=30472"}],"curies":[{"name":"wp","href":"https:\/\/api.w.org\/{rel}","templated":true}]}}