{"id":34071,"date":"2019-10-31T09:27:38","date_gmt":"2019-10-31T07:27:38","guid":{"rendered":"https:\/\/eurotech-iasi.ro\/magazinonline\/?post_type=product&#038;p=34071"},"modified":"2023-12-21T16:20:31","modified_gmt":"2023-12-21T14:20:31","slug":"sistem-pornire-automata-alv-10-bernardo","status":"publish","type":"product","link":"https:\/\/eurotech-iasi.ro\/magazinonline\/produs\/sistem-pornire-automata-alv-10-bernardo\/","title":{"rendered":"Sistem pornire automata BERNARDO ALV 10"},"content":{"rendered":"<p><a title=\"Sistem pornire automata BERNARDO ALV 10\" href=\"https:\/\/eurotech-iasi.ro\/magazinonline\/produs\/sistem-pornire-automata-alv-10-bernardo\/\" rel=\"nofollow\"><strong>Sistem pornire automata BERNARDO ALV 10<\/strong><\/a> cu <em><strong>protectie impotriva prafului<\/strong><\/em> si <em><strong>a apei,<\/strong><\/em> conceput pentru uz profesional. Sistemul de aspirare al prafului este oprit sau pornit cu intarziere la pornirea sau oprirea masinii de prelucrat lemn. De aceea, se recomanda utilizarea unui sistem de pornire automata. Poate fi <em><strong>montat usor<\/strong><\/em>, cu ajutorul unei surubelnite. <em><strong>Design atractiv,<\/strong><\/em> conceput dintr-o carcasa ABS gri, prize poliamida PA rosii si prize monofazate negre.<\/p>\n<h2><strong>Sistem pornire automata BERNARDO ALV 10 &#8211; specificatii:<\/strong><\/h2>\n<p><strong>Alimentare<\/strong> &#8211;\u00a0 3 \/ N \/ PE, 400 \/ 230 V \/ 50 Hz<br \/>\n<strong>Sarcina totala echipamente conectate<\/strong> &#8211; Min. 100 W (prag minim pornire), max. 400 V \/ 16A \/ 11100 W<br \/>\n<em><strong>Priza cu intarziere <\/strong><\/em><br \/>\n<strong>Capacitate de comutare AC-1<\/strong>\u00a0 &#8211; 230 V \/ 400 V \/ 16A<br \/>\n<strong>Capacitate de comutare AC-3<\/strong>\u00a0 &#8211; 230 V \/ 13,5A \/ 3 kW bzw. 400 V \/ 9A \/ 4 kW<br \/>\n<strong>AC intrare<\/strong> &#8211; Priza cu 5 pini ECE 3 p + N + E 16A, 6 h cu invertor de faz\u0103, ce poate fi montata utiliz\u00e2nd o \u015furubelni\u0163\u0103<br \/>\n<em><strong>Iesiri<\/strong><\/em><br \/>\n<strong>Principala<\/strong> &#8211; 1 doza pentru cu 5 pini 3P+N+E, 16A, 6h + 1 doza pentru stecher Schuko 2P+E, 16A<br \/>\n<strong>Secundara (cu intarziere)<\/strong> &#8211; 1 doza pentru cu 5 pini 3P+N+E, 16A, 6h + 1 doza pentru stecher Schuko 2P+E, 16A<br \/>\n<strong>Tip protectie<\/strong> &#8211; IP 44 (protective impotriva prafului si apei)<br \/>\n<strong>Montare<\/strong> &#8211; 2 mufe M5 &#8211; 68 x 68 mm in partea inferioara<br \/>\n<strong>Material \/ Culoare<\/strong> &#8211; Carcasa ABS gri, prize poliamida PA rosii, prize monofazate negre<br \/>\n<strong>Dimensiuni (L x l x H)<\/strong> &#8211;\u00a0 245 x 123 x 153 mm<br \/>\n<strong>Grerutate aprox.<\/strong> &#8211; 1250 g<\/p>\n","protected":false},"excerpt":{"rendered":"<p><strong>Sistem pornire automata BERNARDO ALV 10<\/strong> cu <em><strong>protectie impotriva prafului<\/strong><\/em> si <em><strong>a apei,<\/strong><\/em> conceput pentru uz profesional. Sistemul de aspirare al prafului este oprit sau pornit cu intarziere la pornirea sau oprirea masinii de prelucrat lemn.<\/p>\n<p><em><strong>Cod produs: 12-1150<\/strong><\/em><\/p>\n<p><span style=\"color: #ff0000;\"><em><strong>*Pretul produsului include taxa de TIMBRU VERDE in valoare de 3,50 RON fara TVA.<\/strong><\/em><\/span><\/p>\n","protected":false},"featured_media":34083,"comment_status":"open","ping_status":"closed","template":"","meta":{"_acf_changed":false},"product_cat":[11968,11965],"product_tag":[],"woo-feed-brand":[],"class_list":{"0":"post-34071","1":"product","2":"type-product","3":"status-publish","4":"has-post-thumbnail","6":"product_brand-bernardo","7":"product_cat-accesorii-si-consumabile-utilaje-prelucrare-lemn","8":"product_cat-utilaje-prelucrare-lemn","9":"pa_ac-intrare-priza-cu-5-pini-ece-3-p-n-e-16a-6-h-cu-invertor-de-faza-ce-poate-fi-montata-utilizand-o-surubelnita","10":"pa_alimentare-3-n-pe-400-230-v-50-hz","11":"pa_brand-bernardo","12":"pa_cap-comutare-ac-1-230-v-400-v-16a","13":"pa_cap-comutare-ac-3-230-v-135a-3-kw-bzw-400-v-9a-4-kw","14":"pa_dimensiuni-245-x-123-x-153-mm","15":"pa_greutate-1250-g","16":"pa_iesire-principala-1-doza-pentru-cu-5-pini-3pne-16a-6h-1-doza-pentru-stecher-schuko-2pe-16a","17":"pa_iesire-secundara-1-doza-pentru-cu-5-pini-3pne-16a-6h-1-doza-pentru-stecher-schuko-2pe-16a","18":"pa_sarcina-de-operare-min-100-w-prag-minim-pornire-max-400-v-16a-11100-w","20":"first","21":"instock","22":"purchasable","23":"product-type-simple"},"acf":[],"yoast_head":"<!-- This site is optimized with the Yoast SEO plugin v27.3 - https:\/\/yoast.com\/product\/yoast-seo-wordpress\/ -->\n<title>Sistem pornire automata BERNARDO ALV 10 - Eurotech Iasi<\/title>\n<meta name=\"description\" content=\"Sistem pornire automata BERNARDO ALV 10, protectie impotriva prafului si a apei,carcasa ABS gri, prize poliamida PA rosii si prize monofazate negre.\" \/>\n<meta name=\"robots\" content=\"index, follow, max-snippet:-1, max-image-preview:large, max-video-preview:-1\" \/>\n<link rel=\"canonical\" href=\"https:\/\/eurotech-iasi.ro\/magazinonline\/produs\/sistem-pornire-automata-alv-10-bernardo\/\" \/>\n<meta property=\"og:locale\" content=\"ro_RO\" \/>\n<meta property=\"og:type\" content=\"article\" \/>\n<meta property=\"og:title\" content=\"Sistem pornire automata BERNARDO ALV 10 - Eurotech Iasi\" \/>\n<meta property=\"og:description\" content=\"Sistem pornire automata BERNARDO ALV 10, protectie impotriva prafului si a apei,carcasa ABS gri, prize poliamida PA rosii si prize monofazate negre.\" \/>\n<meta property=\"og:url\" content=\"https:\/\/eurotech-iasi.ro\/magazinonline\/produs\/sistem-pornire-automata-alv-10-bernardo\/\" \/>\n<meta property=\"og:site_name\" content=\"Eurotech Iasi\" \/>\n<meta property=\"article:publisher\" content=\"https:\/\/www.facebook.com\/EurotechIasi\/\" \/>\n<meta property=\"article:modified_time\" content=\"2023-12-21T14:20:31+00:00\" \/>\n<meta property=\"og:image\" content=\"https:\/\/eurotech-iasi.ro\/magazinonline\/wp-content\/uploads\/2019\/10\/starter-automatic-alv-10-bernardo-eurotech-iasi.jpg\" \/>\n\t<meta property=\"og:image:width\" content=\"710\" \/>\n\t<meta property=\"og:image:height\" content=\"710\" \/>\n\t<meta property=\"og:image:type\" content=\"image\/jpeg\" \/>\n<meta name=\"twitter:label1\" content=\"Timp estimat pentru citire\" \/>\n\t<meta name=\"twitter:data1\" content=\"1 minut\" \/>\n<script type=\"application\/ld+json\" class=\"yoast-schema-graph\">{\"@context\":\"https:\\\/\\\/schema.org\",\"@graph\":[{\"@type\":\"WebPage\",\"@id\":\"https:\\\/\\\/eurotech-iasi.ro\\\/magazinonline\\\/produs\\\/sistem-pornire-automata-alv-10-bernardo\\\/\",\"url\":\"https:\\\/\\\/eurotech-iasi.ro\\\/magazinonline\\\/produs\\\/sistem-pornire-automata-alv-10-bernardo\\\/\",\"name\":\"Sistem pornire automata BERNARDO ALV 10 - Eurotech Iasi\",\"isPartOf\":{\"@id\":\"https:\\\/\\\/eurotech-iasi.ro\\\/magazinonline\\\/#website\"},\"primaryImageOfPage\":{\"@id\":\"https:\\\/\\\/eurotech-iasi.ro\\\/magazinonline\\\/produs\\\/sistem-pornire-automata-alv-10-bernardo\\\/#primaryimage\"},\"image\":{\"@id\":\"https:\\\/\\\/eurotech-iasi.ro\\\/magazinonline\\\/produs\\\/sistem-pornire-automata-alv-10-bernardo\\\/#primaryimage\"},\"thumbnailUrl\":\"https:\\\/\\\/eurotech-iasi.ro\\\/magazinonline\\\/wp-content\\\/uploads\\\/2019\\\/10\\\/starter-automatic-alv-10-bernardo-eurotech-iasi.jpg\",\"datePublished\":\"2019-10-31T07:27:38+00:00\",\"dateModified\":\"2023-12-21T14:20:31+00:00\",\"description\":\"Sistem pornire automata BERNARDO ALV 10, protectie impotriva prafului si a apei,carcasa ABS gri, prize poliamida PA rosii si prize monofazate negre.\",\"breadcrumb\":{\"@id\":\"https:\\\/\\\/eurotech-iasi.ro\\\/magazinonline\\\/produs\\\/sistem-pornire-automata-alv-10-bernardo\\\/#breadcrumb\"},\"inLanguage\":\"ro-RO\",\"potentialAction\":[{\"@type\":\"ReadAction\",\"target\":[\"https:\\\/\\\/eurotech-iasi.ro\\\/magazinonline\\\/produs\\\/sistem-pornire-automata-alv-10-bernardo\\\/\"]}]},{\"@type\":\"ImageObject\",\"inLanguage\":\"ro-RO\",\"@id\":\"https:\\\/\\\/eurotech-iasi.ro\\\/magazinonline\\\/produs\\\/sistem-pornire-automata-alv-10-bernardo\\\/#primaryimage\",\"url\":\"https:\\\/\\\/eurotech-iasi.ro\\\/magazinonline\\\/wp-content\\\/uploads\\\/2019\\\/10\\\/starter-automatic-alv-10-bernardo-eurotech-iasi.jpg\",\"contentUrl\":\"https:\\\/\\\/eurotech-iasi.ro\\\/magazinonline\\\/wp-content\\\/uploads\\\/2019\\\/10\\\/starter-automatic-alv-10-bernardo-eurotech-iasi.jpg\",\"width\":710,\"height\":710,\"caption\":\"Sistem pornire automata BERNARDO ALV 10\"},{\"@type\":\"BreadcrumbList\",\"@id\":\"https:\\\/\\\/eurotech-iasi.ro\\\/magazinonline\\\/produs\\\/sistem-pornire-automata-alv-10-bernardo\\\/#breadcrumb\",\"itemListElement\":[{\"@type\":\"ListItem\",\"position\":1,\"name\":\"Prima pagin\u0103\",\"item\":\"https:\\\/\\\/eurotech-iasi.ro\\\/magazinonline\\\/\"},{\"@type\":\"ListItem\",\"position\":2,\"name\":\"Shop\",\"item\":\"https:\\\/\\\/eurotech-iasi.ro\\\/magazinonline\\\/shop\\\/\"},{\"@type\":\"ListItem\",\"position\":3,\"name\":\"Sistem pornire automata BERNARDO ALV 10\"}]},{\"@type\":\"WebSite\",\"@id\":\"https:\\\/\\\/eurotech-iasi.ro\\\/magazinonline\\\/#website\",\"url\":\"https:\\\/\\\/eurotech-iasi.ro\\\/magazinonline\\\/\",\"name\":\"Eurotech Iasi\",\"description\":\"Cu oameni seriosi\",\"publisher\":{\"@id\":\"https:\\\/\\\/eurotech-iasi.ro\\\/magazinonline\\\/#organization\"},\"potentialAction\":[{\"@type\":\"SearchAction\",\"target\":{\"@type\":\"EntryPoint\",\"urlTemplate\":\"https:\\\/\\\/eurotech-iasi.ro\\\/magazinonline\\\/?s={search_term_string}\"},\"query-input\":{\"@type\":\"PropertyValueSpecification\",\"valueRequired\":true,\"valueName\":\"search_term_string\"}}],\"inLanguage\":\"ro-RO\"},{\"@type\":\"Organization\",\"@id\":\"https:\\\/\\\/eurotech-iasi.ro\\\/magazinonline\\\/#organization\",\"name\":\"Eurotech Iasi\",\"url\":\"https:\\\/\\\/eurotech-iasi.ro\\\/magazinonline\\\/\",\"logo\":{\"@type\":\"ImageObject\",\"inLanguage\":\"ro-RO\",\"@id\":\"https:\\\/\\\/eurotech-iasi.ro\\\/magazinonline\\\/#\\\/schema\\\/logo\\\/image\\\/\",\"url\":\"https:\\\/\\\/eurotech-iasi.ro\\\/magazinonline\\\/wp-content\\\/uploads\\\/2020\\\/08\\\/logo-eurotech.png\",\"contentUrl\":\"https:\\\/\\\/eurotech-iasi.ro\\\/magazinonline\\\/wp-content\\\/uploads\\\/2020\\\/08\\\/logo-eurotech.png\",\"width\":290,\"height\":70,\"caption\":\"Eurotech Iasi\"},\"image\":{\"@id\":\"https:\\\/\\\/eurotech-iasi.ro\\\/magazinonline\\\/#\\\/schema\\\/logo\\\/image\\\/\"},\"sameAs\":[\"https:\\\/\\\/www.facebook.com\\\/EurotechIasi\\\/\"]}]}<\/script>\n<!-- \/ Yoast SEO plugin. -->","yoast_head_json":{"title":"Sistem pornire automata BERNARDO ALV 10 - Eurotech Iasi","description":"Sistem pornire automata BERNARDO ALV 10, protectie impotriva prafului si a apei,carcasa ABS gri, prize poliamida PA rosii si prize monofazate negre.","robots":{"index":"index","follow":"follow","max-snippet":"max-snippet:-1","max-image-preview":"max-image-preview:large","max-video-preview":"max-video-preview:-1"},"canonical":"https:\/\/eurotech-iasi.ro\/magazinonline\/produs\/sistem-pornire-automata-alv-10-bernardo\/","og_locale":"ro_RO","og_type":"article","og_title":"Sistem pornire automata BERNARDO ALV 10 - Eurotech Iasi","og_description":"Sistem pornire automata BERNARDO ALV 10, protectie impotriva prafului si a apei,carcasa ABS gri, prize poliamida PA rosii si prize monofazate negre.","og_url":"https:\/\/eurotech-iasi.ro\/magazinonline\/produs\/sistem-pornire-automata-alv-10-bernardo\/","og_site_name":"Eurotech Iasi","article_publisher":"https:\/\/www.facebook.com\/EurotechIasi\/","article_modified_time":"2023-12-21T14:20:31+00:00","og_image":[{"width":710,"height":710,"url":"https:\/\/eurotech-iasi.ro\/magazinonline\/wp-content\/uploads\/2019\/10\/starter-automatic-alv-10-bernardo-eurotech-iasi.jpg","type":"image\/jpeg"}],"twitter_misc":{"Timp estimat pentru citire":"1 minut"},"schema":{"@context":"https:\/\/schema.org","@graph":[{"@type":"WebPage","@id":"https:\/\/eurotech-iasi.ro\/magazinonline\/produs\/sistem-pornire-automata-alv-10-bernardo\/","url":"https:\/\/eurotech-iasi.ro\/magazinonline\/produs\/sistem-pornire-automata-alv-10-bernardo\/","name":"Sistem pornire automata BERNARDO ALV 10 - Eurotech Iasi","isPartOf":{"@id":"https:\/\/eurotech-iasi.ro\/magazinonline\/#website"},"primaryImageOfPage":{"@id":"https:\/\/eurotech-iasi.ro\/magazinonline\/produs\/sistem-pornire-automata-alv-10-bernardo\/#primaryimage"},"image":{"@id":"https:\/\/eurotech-iasi.ro\/magazinonline\/produs\/sistem-pornire-automata-alv-10-bernardo\/#primaryimage"},"thumbnailUrl":"https:\/\/eurotech-iasi.ro\/magazinonline\/wp-content\/uploads\/2019\/10\/starter-automatic-alv-10-bernardo-eurotech-iasi.jpg","datePublished":"2019-10-31T07:27:38+00:00","dateModified":"2023-12-21T14:20:31+00:00","description":"Sistem pornire automata BERNARDO ALV 10, protectie impotriva prafului si a apei,carcasa ABS gri, prize poliamida PA rosii si prize monofazate negre.","breadcrumb":{"@id":"https:\/\/eurotech-iasi.ro\/magazinonline\/produs\/sistem-pornire-automata-alv-10-bernardo\/#breadcrumb"},"inLanguage":"ro-RO","potentialAction":[{"@type":"ReadAction","target":["https:\/\/eurotech-iasi.ro\/magazinonline\/produs\/sistem-pornire-automata-alv-10-bernardo\/"]}]},{"@type":"ImageObject","inLanguage":"ro-RO","@id":"https:\/\/eurotech-iasi.ro\/magazinonline\/produs\/sistem-pornire-automata-alv-10-bernardo\/#primaryimage","url":"https:\/\/eurotech-iasi.ro\/magazinonline\/wp-content\/uploads\/2019\/10\/starter-automatic-alv-10-bernardo-eurotech-iasi.jpg","contentUrl":"https:\/\/eurotech-iasi.ro\/magazinonline\/wp-content\/uploads\/2019\/10\/starter-automatic-alv-10-bernardo-eurotech-iasi.jpg","width":710,"height":710,"caption":"Sistem pornire automata BERNARDO ALV 10"},{"@type":"BreadcrumbList","@id":"https:\/\/eurotech-iasi.ro\/magazinonline\/produs\/sistem-pornire-automata-alv-10-bernardo\/#breadcrumb","itemListElement":[{"@type":"ListItem","position":1,"name":"Prima pagin\u0103","item":"https:\/\/eurotech-iasi.ro\/magazinonline\/"},{"@type":"ListItem","position":2,"name":"Shop","item":"https:\/\/eurotech-iasi.ro\/magazinonline\/shop\/"},{"@type":"ListItem","position":3,"name":"Sistem pornire automata BERNARDO ALV 10"}]},{"@type":"WebSite","@id":"https:\/\/eurotech-iasi.ro\/magazinonline\/#website","url":"https:\/\/eurotech-iasi.ro\/magazinonline\/","name":"Eurotech Iasi","description":"Cu oameni seriosi","publisher":{"@id":"https:\/\/eurotech-iasi.ro\/magazinonline\/#organization"},"potentialAction":[{"@type":"SearchAction","target":{"@type":"EntryPoint","urlTemplate":"https:\/\/eurotech-iasi.ro\/magazinonline\/?s={search_term_string}"},"query-input":{"@type":"PropertyValueSpecification","valueRequired":true,"valueName":"search_term_string"}}],"inLanguage":"ro-RO"},{"@type":"Organization","@id":"https:\/\/eurotech-iasi.ro\/magazinonline\/#organization","name":"Eurotech Iasi","url":"https:\/\/eurotech-iasi.ro\/magazinonline\/","logo":{"@type":"ImageObject","inLanguage":"ro-RO","@id":"https:\/\/eurotech-iasi.ro\/magazinonline\/#\/schema\/logo\/image\/","url":"https:\/\/eurotech-iasi.ro\/magazinonline\/wp-content\/uploads\/2020\/08\/logo-eurotech.png","contentUrl":"https:\/\/eurotech-iasi.ro\/magazinonline\/wp-content\/uploads\/2020\/08\/logo-eurotech.png","width":290,"height":70,"caption":"Eurotech Iasi"},"image":{"@id":"https:\/\/eurotech-iasi.ro\/magazinonline\/#\/schema\/logo\/image\/"},"sameAs":["https:\/\/www.facebook.com\/EurotechIasi\/"]}]}},"_links":{"self":[{"href":"https:\/\/eurotech-iasi.ro\/magazinonline\/wp-json\/wp\/v2\/product\/34071","targetHints":{"allow":["GET"]}}],"collection":[{"href":"https:\/\/eurotech-iasi.ro\/magazinonline\/wp-json\/wp\/v2\/product"}],"about":[{"href":"https:\/\/eurotech-iasi.ro\/magazinonline\/wp-json\/wp\/v2\/types\/product"}],"replies":[{"embeddable":true,"href":"https:\/\/eurotech-iasi.ro\/magazinonline\/wp-json\/wp\/v2\/comments?post=34071"}],"wp:featuredmedia":[{"embeddable":true,"href":"https:\/\/eurotech-iasi.ro\/magazinonline\/wp-json\/wp\/v2\/media\/34083"}],"wp:attachment":[{"href":"https:\/\/eurotech-iasi.ro\/magazinonline\/wp-json\/wp\/v2\/media?parent=34071"}],"wp:term":[{"taxonomy":"product_cat","embeddable":true,"href":"https:\/\/eurotech-iasi.ro\/magazinonline\/wp-json\/wp\/v2\/product_cat?post=34071"},{"taxonomy":"product_tag","embeddable":true,"href":"https:\/\/eurotech-iasi.ro\/magazinonline\/wp-json\/wp\/v2\/product_tag?post=34071"},{"taxonomy":"woo-feed-brand","embeddable":true,"href":"https:\/\/eurotech-iasi.ro\/magazinonline\/wp-json\/wp\/v2\/woo-feed-brand?post=34071"}],"curies":[{"name":"wp","href":"https:\/\/api.w.org\/{rel}","templated":true}]}}