{"id":3441,"date":"2017-11-30T17:19:52","date_gmt":"2017-11-30T15:19:52","guid":{"rendered":"https:\/\/eurotech-iasi.ro\/?post_type=product&#038;p=3441"},"modified":"2026-01-05T15:00:27","modified_gmt":"2026-01-05T13:00:27","slug":"ciocan-rotopercutor-sds-plus-bosch-gbh-2-28-880w-32-j","status":"publish","type":"product","link":"https:\/\/eurotech-iasi.ro\/magazinonline\/produs\/ciocan-rotopercutor-sds-plus-bosch-gbh-2-28-880w-32-j\/","title":{"rendered":"Ciocan rotopercutor SDS-Plus BOSCH GBH 2-28 F"},"content":{"rendered":"<p><strong>Ciocan rotopercutor SDS-Plus BOSCH GBH 2-28 F<\/strong> este o <strong>unealta profesionala<\/strong>\u00a0pentru <strong>gaurirea cu percutie<\/strong>. De asemenea, ea mai poate fi folosita si pentru <strong>daltuire in caramida<\/strong>, <strong>beton<\/strong> si <strong>piatra<\/strong>. <strong>Ciocanul rotopercutor SDS-Plus BOSCH GBH 2-28 F<\/strong> are <strong>mandrina interschimbabila<\/strong>. Sistem Active Vibration Control pentru valori minime ale vibratiilor in timpul lucrului. Legatura flexibila a cablului la masina elimina deteriorarea acestuia. Placa rotativa de perii colectoare pentru aceeasi putere la functionarea in ambele sensuri de rotatie. Ciocan rotopercutor SDS-Plus Bosch GBH 2-28 F are buton de fixare regim de lucru continuu, fara efort.<\/p>\n<p><strong>Set de livrare:<\/strong><br \/>\n&#8211; Limitator de reglare a adancimii 210 mm<br \/>\n&#8211; Mandrina rapida interschimbabila<br \/>\n&#8211; Maner suplimentar<br \/>\n&#8211; Valiza profesionala<\/p>\n<p><strong>Specificatii tehnice:<\/strong><\/p>\n<p><strong>Putere:\u00a0<\/strong>880 W<br \/>\n<strong>Prindere:\u00a0<\/strong>SDS Plus<br \/>\n<strong>Greutate:\u00a0<\/strong>2.9 kg<br \/>\n<strong>Energie impact:\u00a0<\/strong>3.2 J<br \/>\n<strong>Diam. max. gaurire beton:\u00a0<\/strong>28 mm<br \/>\n<strong>Diametru max. gaurire otel:\u00a0<\/strong>13 mm<br \/>\n<strong>Diametru max. gaurire lemn:\u00a0<\/strong>30 mm<br \/>\n<strong>Functii:\u00a0<\/strong>2 mandrine interschimbabile; Daltuire<br \/>\n<strong>Turatie:\u00a0<\/strong>0 &#8211; 900 rpm<br \/>\n<strong>Diametru max. gaurire zidarie (cu carota):\u00a0<\/strong>68 mm<\/p>\n","protected":false},"excerpt":{"rendered":"<p><strong>Ciocan rotopercutor SDS-Plus Bosch GBH 2-28 F<\/strong> este alegerea perfecta pentru activitatile de zi cu zi transformandu-te intr-un adevarat profesionist.<\/p>\n<p>Cod produs: 0 611 267 600<\/p>\n","protected":false},"featured_media":14033,"comment_status":"open","ping_status":"closed","template":"","meta":{"_acf_changed":false},"product_cat":[4308,4306],"product_tag":[2380,2653,2655,2654,2672,2673,2674],"woo-feed-brand":[],"class_list":{"0":"post-3441","1":"product","2":"type-product","3":"status-publish","4":"has-post-thumbnail","6":"product_brand-bosch","7":"product_cat-ciocane-rotopercutoare","8":"product_cat-scule-electrice","9":"product_tag-ciocan-rotopercutor","10":"product_tag-ciocan-rotopercutor-eurotech","11":"product_tag-ciocan-rotopercutor-eurotech-iasi","12":"product_tag-ciocan-rotopercutor-iasi","13":"product_tag-ciocan-rotopercutor-sds-plus-bosch","14":"product_tag-ciocan-rotopercutor-sds-plus-bosch-gbh-2-28","15":"product_tag-sds-plus-bosch-gbh-2-28","16":"pa_brand-bosch","17":"pa_energie-de-percutie-32-j","18":"pa_greutate-31-kg","19":"pa_nivel-vibratii-11-m-s2","20":"pa_nivel-zgomot-102-db","21":"pa_numar-percutii-4-000-bpm","22":"pa_putere-nominala-880-w","23":"pa_suport-pentru-biti-sds-plus","24":"pa_turatie-nominala-900-rpm","26":"first","27":"instock","28":"purchasable","29":"product-type-simple"},"acf":[],"yoast_head":"<!-- This site is optimized with the Yoast SEO plugin v27.5 - https:\/\/yoast.com\/product\/yoast-seo-wordpress\/ -->\n<title>Ciocan rotopercutor SDS-Plus BOSCH GBH 2-28 F - Eurotech Iasi<\/title>\n<meta name=\"description\" content=\"Ciocan rotopercutor SDS-Plus Bosch GBH 2-28 F este alegerea perfect\u0103 pentru activit\u0103\u021bile de zi cu zi transform\u00e2ndu-te \u00eentr-un adevar\u0103t profesionist.\" \/>\n<meta name=\"robots\" content=\"index, follow, max-snippet:-1, max-image-preview:large, max-video-preview:-1\" \/>\n<link rel=\"canonical\" href=\"https:\/\/eurotech-iasi.ro\/magazinonline\/produs\/ciocan-rotopercutor-sds-plus-bosch-gbh-2-28-880w-32-j\/\" \/>\n<meta property=\"og:locale\" content=\"ro_RO\" \/>\n<meta property=\"og:type\" content=\"article\" \/>\n<meta property=\"og:title\" content=\"Ciocan rotopercutor SDS-Plus BOSCH GBH 2-28 F - Eurotech Iasi\" \/>\n<meta property=\"og:description\" content=\"Ciocan rotopercutor SDS-Plus Bosch GBH 2-28 F este alegerea perfect\u0103 pentru activit\u0103\u021bile de zi cu zi transform\u00e2ndu-te \u00eentr-un adevar\u0103t profesionist.\" \/>\n<meta property=\"og:url\" content=\"https:\/\/eurotech-iasi.ro\/magazinonline\/produs\/ciocan-rotopercutor-sds-plus-bosch-gbh-2-28-880w-32-j\/\" \/>\n<meta property=\"og:site_name\" content=\"Eurotech Iasi\" \/>\n<meta property=\"article:publisher\" content=\"https:\/\/www.facebook.com\/EurotechIasi\/\" \/>\n<meta property=\"article:modified_time\" content=\"2026-01-05T13:00:27+00:00\" \/>\n<meta property=\"og:image\" content=\"https:\/\/eurotech-iasi.ro\/magazinonline\/wp-content\/uploads\/2017\/11\/Ciocan-rotopercutor-SDS-Plus-BOSCH-GBH-2-28-F.jpg\" \/>\n\t<meta property=\"og:image:width\" content=\"710\" \/>\n\t<meta property=\"og:image:height\" content=\"710\" \/>\n\t<meta property=\"og:image:type\" content=\"image\/jpeg\" \/>\n<meta name=\"twitter:label1\" content=\"Timp estimat pentru citire\" \/>\n\t<meta name=\"twitter:data1\" content=\"1 minut\" \/>\n<script type=\"application\/ld+json\" class=\"yoast-schema-graph\">{\"@context\":\"https:\\\/\\\/schema.org\",\"@graph\":[{\"@type\":\"WebPage\",\"@id\":\"https:\\\/\\\/eurotech-iasi.ro\\\/magazinonline\\\/produs\\\/ciocan-rotopercutor-sds-plus-bosch-gbh-2-28-880w-32-j\\\/\",\"url\":\"https:\\\/\\\/eurotech-iasi.ro\\\/magazinonline\\\/produs\\\/ciocan-rotopercutor-sds-plus-bosch-gbh-2-28-880w-32-j\\\/\",\"name\":\"Ciocan rotopercutor SDS-Plus BOSCH GBH 2-28 F - Eurotech Iasi\",\"isPartOf\":{\"@id\":\"https:\\\/\\\/eurotech-iasi.ro\\\/magazinonline\\\/#website\"},\"primaryImageOfPage\":{\"@id\":\"https:\\\/\\\/eurotech-iasi.ro\\\/magazinonline\\\/produs\\\/ciocan-rotopercutor-sds-plus-bosch-gbh-2-28-880w-32-j\\\/#primaryimage\"},\"image\":{\"@id\":\"https:\\\/\\\/eurotech-iasi.ro\\\/magazinonline\\\/produs\\\/ciocan-rotopercutor-sds-plus-bosch-gbh-2-28-880w-32-j\\\/#primaryimage\"},\"thumbnailUrl\":\"https:\\\/\\\/eurotech-iasi.ro\\\/magazinonline\\\/wp-content\\\/uploads\\\/2017\\\/11\\\/Ciocan-rotopercutor-SDS-Plus-BOSCH-GBH-2-28-F.jpg\",\"datePublished\":\"2017-11-30T15:19:52+00:00\",\"dateModified\":\"2026-01-05T13:00:27+00:00\",\"description\":\"Ciocan rotopercutor SDS-Plus Bosch GBH 2-28 F este alegerea perfect\u0103 pentru activit\u0103\u021bile de zi cu zi transform\u00e2ndu-te \u00eentr-un adevar\u0103t profesionist.\",\"breadcrumb\":{\"@id\":\"https:\\\/\\\/eurotech-iasi.ro\\\/magazinonline\\\/produs\\\/ciocan-rotopercutor-sds-plus-bosch-gbh-2-28-880w-32-j\\\/#breadcrumb\"},\"inLanguage\":\"ro-RO\",\"potentialAction\":[{\"@type\":\"ReadAction\",\"target\":[\"https:\\\/\\\/eurotech-iasi.ro\\\/magazinonline\\\/produs\\\/ciocan-rotopercutor-sds-plus-bosch-gbh-2-28-880w-32-j\\\/\"]}]},{\"@type\":\"ImageObject\",\"inLanguage\":\"ro-RO\",\"@id\":\"https:\\\/\\\/eurotech-iasi.ro\\\/magazinonline\\\/produs\\\/ciocan-rotopercutor-sds-plus-bosch-gbh-2-28-880w-32-j\\\/#primaryimage\",\"url\":\"https:\\\/\\\/eurotech-iasi.ro\\\/magazinonline\\\/wp-content\\\/uploads\\\/2017\\\/11\\\/Ciocan-rotopercutor-SDS-Plus-BOSCH-GBH-2-28-F.jpg\",\"contentUrl\":\"https:\\\/\\\/eurotech-iasi.ro\\\/magazinonline\\\/wp-content\\\/uploads\\\/2017\\\/11\\\/Ciocan-rotopercutor-SDS-Plus-BOSCH-GBH-2-28-F.jpg\",\"width\":710,\"height\":710},{\"@type\":\"BreadcrumbList\",\"@id\":\"https:\\\/\\\/eurotech-iasi.ro\\\/magazinonline\\\/produs\\\/ciocan-rotopercutor-sds-plus-bosch-gbh-2-28-880w-32-j\\\/#breadcrumb\",\"itemListElement\":[{\"@type\":\"ListItem\",\"position\":1,\"name\":\"Prima pagin\u0103\",\"item\":\"https:\\\/\\\/eurotech-iasi.ro\\\/magazinonline\\\/\"},{\"@type\":\"ListItem\",\"position\":2,\"name\":\"Shop\",\"item\":\"https:\\\/\\\/eurotech-iasi.ro\\\/magazinonline\\\/shop\\\/\"},{\"@type\":\"ListItem\",\"position\":3,\"name\":\"Ciocan rotopercutor SDS-Plus BOSCH GBH 2-28 F\"}]},{\"@type\":\"WebSite\",\"@id\":\"https:\\\/\\\/eurotech-iasi.ro\\\/magazinonline\\\/#website\",\"url\":\"https:\\\/\\\/eurotech-iasi.ro\\\/magazinonline\\\/\",\"name\":\"Eurotech Iasi\",\"description\":\"Cu oameni seriosi\",\"publisher\":{\"@id\":\"https:\\\/\\\/eurotech-iasi.ro\\\/magazinonline\\\/#organization\"},\"potentialAction\":[{\"@type\":\"SearchAction\",\"target\":{\"@type\":\"EntryPoint\",\"urlTemplate\":\"https:\\\/\\\/eurotech-iasi.ro\\\/magazinonline\\\/?s={search_term_string}\"},\"query-input\":{\"@type\":\"PropertyValueSpecification\",\"valueRequired\":true,\"valueName\":\"search_term_string\"}}],\"inLanguage\":\"ro-RO\"},{\"@type\":\"Organization\",\"@id\":\"https:\\\/\\\/eurotech-iasi.ro\\\/magazinonline\\\/#organization\",\"name\":\"Eurotech Iasi\",\"url\":\"https:\\\/\\\/eurotech-iasi.ro\\\/magazinonline\\\/\",\"logo\":{\"@type\":\"ImageObject\",\"inLanguage\":\"ro-RO\",\"@id\":\"https:\\\/\\\/eurotech-iasi.ro\\\/magazinonline\\\/#\\\/schema\\\/logo\\\/image\\\/\",\"url\":\"https:\\\/\\\/eurotech-iasi.ro\\\/magazinonline\\\/wp-content\\\/uploads\\\/2020\\\/08\\\/logo-eurotech.png\",\"contentUrl\":\"https:\\\/\\\/eurotech-iasi.ro\\\/magazinonline\\\/wp-content\\\/uploads\\\/2020\\\/08\\\/logo-eurotech.png\",\"width\":290,\"height\":70,\"caption\":\"Eurotech Iasi\"},\"image\":{\"@id\":\"https:\\\/\\\/eurotech-iasi.ro\\\/magazinonline\\\/#\\\/schema\\\/logo\\\/image\\\/\"},\"sameAs\":[\"https:\\\/\\\/www.facebook.com\\\/EurotechIasi\\\/\"]}]}<\/script>\n<!-- \/ Yoast SEO plugin. -->","yoast_head_json":{"title":"Ciocan rotopercutor SDS-Plus BOSCH GBH 2-28 F - Eurotech Iasi","description":"Ciocan rotopercutor SDS-Plus Bosch GBH 2-28 F este alegerea perfect\u0103 pentru activit\u0103\u021bile de zi cu zi transform\u00e2ndu-te \u00eentr-un adevar\u0103t profesionist.","robots":{"index":"index","follow":"follow","max-snippet":"max-snippet:-1","max-image-preview":"max-image-preview:large","max-video-preview":"max-video-preview:-1"},"canonical":"https:\/\/eurotech-iasi.ro\/magazinonline\/produs\/ciocan-rotopercutor-sds-plus-bosch-gbh-2-28-880w-32-j\/","og_locale":"ro_RO","og_type":"article","og_title":"Ciocan rotopercutor SDS-Plus BOSCH GBH 2-28 F - Eurotech Iasi","og_description":"Ciocan rotopercutor SDS-Plus Bosch GBH 2-28 F este alegerea perfect\u0103 pentru activit\u0103\u021bile de zi cu zi transform\u00e2ndu-te \u00eentr-un adevar\u0103t profesionist.","og_url":"https:\/\/eurotech-iasi.ro\/magazinonline\/produs\/ciocan-rotopercutor-sds-plus-bosch-gbh-2-28-880w-32-j\/","og_site_name":"Eurotech Iasi","article_publisher":"https:\/\/www.facebook.com\/EurotechIasi\/","article_modified_time":"2026-01-05T13:00:27+00:00","og_image":[{"width":710,"height":710,"url":"https:\/\/eurotech-iasi.ro\/magazinonline\/wp-content\/uploads\/2017\/11\/Ciocan-rotopercutor-SDS-Plus-BOSCH-GBH-2-28-F.jpg","type":"image\/jpeg"}],"twitter_misc":{"Timp estimat pentru citire":"1 minut"},"schema":{"@context":"https:\/\/schema.org","@graph":[{"@type":"WebPage","@id":"https:\/\/eurotech-iasi.ro\/magazinonline\/produs\/ciocan-rotopercutor-sds-plus-bosch-gbh-2-28-880w-32-j\/","url":"https:\/\/eurotech-iasi.ro\/magazinonline\/produs\/ciocan-rotopercutor-sds-plus-bosch-gbh-2-28-880w-32-j\/","name":"Ciocan rotopercutor SDS-Plus BOSCH GBH 2-28 F - Eurotech Iasi","isPartOf":{"@id":"https:\/\/eurotech-iasi.ro\/magazinonline\/#website"},"primaryImageOfPage":{"@id":"https:\/\/eurotech-iasi.ro\/magazinonline\/produs\/ciocan-rotopercutor-sds-plus-bosch-gbh-2-28-880w-32-j\/#primaryimage"},"image":{"@id":"https:\/\/eurotech-iasi.ro\/magazinonline\/produs\/ciocan-rotopercutor-sds-plus-bosch-gbh-2-28-880w-32-j\/#primaryimage"},"thumbnailUrl":"https:\/\/eurotech-iasi.ro\/magazinonline\/wp-content\/uploads\/2017\/11\/Ciocan-rotopercutor-SDS-Plus-BOSCH-GBH-2-28-F.jpg","datePublished":"2017-11-30T15:19:52+00:00","dateModified":"2026-01-05T13:00:27+00:00","description":"Ciocan rotopercutor SDS-Plus Bosch GBH 2-28 F este alegerea perfect\u0103 pentru activit\u0103\u021bile de zi cu zi transform\u00e2ndu-te \u00eentr-un adevar\u0103t profesionist.","breadcrumb":{"@id":"https:\/\/eurotech-iasi.ro\/magazinonline\/produs\/ciocan-rotopercutor-sds-plus-bosch-gbh-2-28-880w-32-j\/#breadcrumb"},"inLanguage":"ro-RO","potentialAction":[{"@type":"ReadAction","target":["https:\/\/eurotech-iasi.ro\/magazinonline\/produs\/ciocan-rotopercutor-sds-plus-bosch-gbh-2-28-880w-32-j\/"]}]},{"@type":"ImageObject","inLanguage":"ro-RO","@id":"https:\/\/eurotech-iasi.ro\/magazinonline\/produs\/ciocan-rotopercutor-sds-plus-bosch-gbh-2-28-880w-32-j\/#primaryimage","url":"https:\/\/eurotech-iasi.ro\/magazinonline\/wp-content\/uploads\/2017\/11\/Ciocan-rotopercutor-SDS-Plus-BOSCH-GBH-2-28-F.jpg","contentUrl":"https:\/\/eurotech-iasi.ro\/magazinonline\/wp-content\/uploads\/2017\/11\/Ciocan-rotopercutor-SDS-Plus-BOSCH-GBH-2-28-F.jpg","width":710,"height":710},{"@type":"BreadcrumbList","@id":"https:\/\/eurotech-iasi.ro\/magazinonline\/produs\/ciocan-rotopercutor-sds-plus-bosch-gbh-2-28-880w-32-j\/#breadcrumb","itemListElement":[{"@type":"ListItem","position":1,"name":"Prima pagin\u0103","item":"https:\/\/eurotech-iasi.ro\/magazinonline\/"},{"@type":"ListItem","position":2,"name":"Shop","item":"https:\/\/eurotech-iasi.ro\/magazinonline\/shop\/"},{"@type":"ListItem","position":3,"name":"Ciocan rotopercutor SDS-Plus BOSCH GBH 2-28 F"}]},{"@type":"WebSite","@id":"https:\/\/eurotech-iasi.ro\/magazinonline\/#website","url":"https:\/\/eurotech-iasi.ro\/magazinonline\/","name":"Eurotech Iasi","description":"Cu oameni seriosi","publisher":{"@id":"https:\/\/eurotech-iasi.ro\/magazinonline\/#organization"},"potentialAction":[{"@type":"SearchAction","target":{"@type":"EntryPoint","urlTemplate":"https:\/\/eurotech-iasi.ro\/magazinonline\/?s={search_term_string}"},"query-input":{"@type":"PropertyValueSpecification","valueRequired":true,"valueName":"search_term_string"}}],"inLanguage":"ro-RO"},{"@type":"Organization","@id":"https:\/\/eurotech-iasi.ro\/magazinonline\/#organization","name":"Eurotech Iasi","url":"https:\/\/eurotech-iasi.ro\/magazinonline\/","logo":{"@type":"ImageObject","inLanguage":"ro-RO","@id":"https:\/\/eurotech-iasi.ro\/magazinonline\/#\/schema\/logo\/image\/","url":"https:\/\/eurotech-iasi.ro\/magazinonline\/wp-content\/uploads\/2020\/08\/logo-eurotech.png","contentUrl":"https:\/\/eurotech-iasi.ro\/magazinonline\/wp-content\/uploads\/2020\/08\/logo-eurotech.png","width":290,"height":70,"caption":"Eurotech Iasi"},"image":{"@id":"https:\/\/eurotech-iasi.ro\/magazinonline\/#\/schema\/logo\/image\/"},"sameAs":["https:\/\/www.facebook.com\/EurotechIasi\/"]}]}},"_links":{"self":[{"href":"https:\/\/eurotech-iasi.ro\/magazinonline\/wp-json\/wp\/v2\/product\/3441","targetHints":{"allow":["GET"]}}],"collection":[{"href":"https:\/\/eurotech-iasi.ro\/magazinonline\/wp-json\/wp\/v2\/product"}],"about":[{"href":"https:\/\/eurotech-iasi.ro\/magazinonline\/wp-json\/wp\/v2\/types\/product"}],"replies":[{"embeddable":true,"href":"https:\/\/eurotech-iasi.ro\/magazinonline\/wp-json\/wp\/v2\/comments?post=3441"}],"wp:featuredmedia":[{"embeddable":true,"href":"https:\/\/eurotech-iasi.ro\/magazinonline\/wp-json\/wp\/v2\/media\/14033"}],"wp:attachment":[{"href":"https:\/\/eurotech-iasi.ro\/magazinonline\/wp-json\/wp\/v2\/media?parent=3441"}],"wp:term":[{"taxonomy":"product_cat","embeddable":true,"href":"https:\/\/eurotech-iasi.ro\/magazinonline\/wp-json\/wp\/v2\/product_cat?post=3441"},{"taxonomy":"product_tag","embeddable":true,"href":"https:\/\/eurotech-iasi.ro\/magazinonline\/wp-json\/wp\/v2\/product_tag?post=3441"},{"taxonomy":"woo-feed-brand","embeddable":true,"href":"https:\/\/eurotech-iasi.ro\/magazinonline\/wp-json\/wp\/v2\/woo-feed-brand?post=3441"}],"curies":[{"name":"wp","href":"https:\/\/api.w.org\/{rel}","templated":true}]}}