{"id":36069,"date":"2019-11-11T14:36:06","date_gmt":"2019-11-11T12:36:06","guid":{"rendered":"https:\/\/eurotech-iasi.ro\/magazinonline\/?post_type=product&#038;p=36069"},"modified":"2026-01-29T15:17:05","modified_gmt":"2026-01-29T13:17:05","slug":"incalzitor-cu-motorina-master-bv-110","status":"publish","type":"product","link":"https:\/\/eurotech-iasi.ro\/magazinonline\/produs\/incalzitor-cu-motorina-master-bv-110\/","title":{"rendered":"Incalzitor cu motorina Master BV 110"},"content":{"rendered":"<h4>Incalzitor cu motorina Master BV 110\u00a0este un generator de aer cald industrial cu ardere indirect\u0103, conceput pentru \u00eenc\u0103lzirea rapid\u0103, eficient\u0103 \u0219i sigur\u0103 a spa\u021biilor profesionale \u0219i industriale. Cu o putere termic\u0103 de 34 kW, acest \u00eenc\u0103lzitor profesional este ideal pentru hale mari, ateliere, depozite, service-uri auto, spa\u021bii comerciale sau alte zone de lucru unde este necesar\u0103 \u00eenc\u0103lzire constant\u0103 f\u0103r\u0103 emisii directe de combustie.<\/h4>\n<p>Datorit\u0103 arderii indirecte, aerul cald furnizat de MASTER BV 110 este curat, f\u0103r\u0103 fum, miros sau monoxid de carbon, ceea ce \u00eel face sigur pentru utilizare \u00een spa\u021bii \u00eenchise. Constructia robust\u0103, fiabilitatea brandului MASTER \u0219i consumul optimizat de motorin\u0103 recomand\u0103 acest generator de aer cald industrial pentru exploatare intensiv\u0103 \u00een medii profesionale solicitante.<br \/>\nEchipamentul ofer\u0103 distribu\u021bie uniform\u0103 a aerului cald, pornire rapid\u0103 \u0219i operare simpl\u0103, asigur\u00e2nd confort termic chiar \u0219i \u00een spa\u021bii mari sau slab izolate.<\/p>\n<p>Avantaje principale<\/p>\n<ul>\n<li>BV 110E este un incalzitor cu motorina cu ardere indirecta (necesita legarea la un cos de fum)<\/li>\n<li>Echipat standard cu fotocelula care intrerupe alimentarea in lipsa flacarii<\/li>\n<li>Control electronic al flacari<\/li>\n<li>Termostat pentru supraincalzire si post-ventilare<\/li>\n<li>Camera de ardere din otel inoxidabil<\/li>\n<li>Vopsea exterioara rezistenta<\/li>\n<li>Carcasa ramane rece in timpul functionarii<\/li>\n<li>Intretinere usoara<\/li>\n<li>Volum mare de aer circulat<\/li>\n<\/ul>\n<p>Fabricat in Italia<\/p>\n<div class=\"tab observations\">\n<div class=\"observations\">\n<p>ATENTIE: ESTE NECESARA VENTILATIA INCAPERII PENTRU A PREVENI LISPA OXIGENULUI !<\/p>\n<h2>Specificatii tehnice &#8211; Incalzitor cu motorina Master BV 110<strong>:<\/strong><\/h2>\n<ul>\n<li><strong>Putere maxima:\u00a0<\/strong>34 kW<\/li>\n<li><strong>Debit de aer:\u00a0<\/strong>1800 m\u00b3\/h<\/li>\n<li><strong>Consum combustibil:\u00a0<\/strong>3.2 l\/h<\/li>\n<li><strong>Autonomie:\u00a0<\/strong>21 h<\/li>\n<li><strong>Comanda cu termostat:\u00a0<\/strong>analog sau digital, extern<\/li>\n<li><strong>Tensiune alimentare:\u00a0<\/strong>220 V<\/li>\n<li><strong>Curent nominal:\u00a0<\/strong>3.5 A<\/li>\n<li><strong>Volum rezervor combustibil:\u00a0<\/strong>65 l<\/li>\n<li><strong>Grad de protectie:\u00a0<\/strong>IP44<\/li>\n<li><strong>\u00d8 cos evacuare gaze:\u00a0<\/strong>150 mm<\/li>\n<li><strong>\u00d8 evacuare aer cald:\u00a0<\/strong>34 mm<\/li>\n<li><strong>Dimensiuni (L x l x H):\u00a0<\/strong>1235 x 575 x 1000 mm<\/li>\n<li><strong>Greutate neta:\u00a0<\/strong>61 kg<\/li>\n<li><strong>Greutate bruta:\u00a0<\/strong>76 kg<\/li>\n<li><strong>Putere electrica:\u00a0<\/strong>0.800 kW<\/li>\n<\/ul>\n<\/div>\n<\/div>\n","protected":false},"excerpt":{"rendered":"<h4>Incalzitor cu motorina Master BV 110\u00a0este un generator de aer cald industrial cu ardere indirect\u0103, conceput pentru \u00eenc\u0103lzirea rapid\u0103, eficient\u0103 \u0219i sigur\u0103 a spa\u021biilor profesionale \u0219i industriale. Cu o putere termic\u0103 de 34 kW, acest \u00eenc\u0103lzitor profesional este ideal pentru hale mari, ateliere, depozite, service-uri auto, spa\u021bii comerciale sau alte zone de lucru unde este necesar\u0103 \u00eenc\u0103lzire constant\u0103 f\u0103r\u0103 emisii directe de combustie.<\/h4>\n<p><em><strong>Cod produs: BV110<\/strong><\/em><\/p>\n<p><em><strong><span style=\"color: #ff0000;\">*In vederea unei achizitii profitabile care sa corespunda pe deplin aplicatiei dvs. de lucru pentru acest produs, va rugam, sa solicitati o oferta personalizata.\u00a0<\/span><\/strong><\/em><\/p>\n","protected":false},"featured_media":36081,"comment_status":"open","ping_status":"closed","template":"","meta":{"_acf_changed":false},"product_cat":[9019,7435],"product_tag":[],"woo-feed-brand":[],"class_list":{"0":"post-36069","1":"product","2":"type-product","3":"status-publish","4":"has-post-thumbnail","6":"product_brand-master","7":"product_cat-incalzitoare","8":"product_cat-incalzitare-ventilatoare-racitoare-aer","9":"pa_brand-master","10":"pa_capacitate-rezervor-65-l-2","11":"pa_consum-combustibil-3-2-l-h","12":"pa_dimensiuni-1235-x-575-x-1000-mm","13":"pa_greutate-76-kg","14":"pa_putere-maxima-34-kw","15":"pa_tensiune-alimentare-230-v","16":"pa_volum-aer-circulat-1800-m-h","18":"first","19":"instock","20":"purchasable","21":"product-type-simple"},"acf":[],"yoast_head":"<!-- This site is optimized with the Yoast SEO plugin v27.5 - https:\/\/yoast.com\/product\/yoast-seo-wordpress\/ -->\n<title>Incalzitor cu motorina Master BV 110 - Eurotech Iasi<\/title>\n<meta name=\"description\" content=\"Incalzitor cu motorina Master BV 110 , cu ardere indirecta avand o constructie robusta si fiabila cu necesitatea legarii la un cos de fum.\" \/>\n<meta name=\"robots\" content=\"index, follow, max-snippet:-1, max-image-preview:large, max-video-preview:-1\" \/>\n<link rel=\"canonical\" href=\"https:\/\/eurotech-iasi.ro\/magazinonline\/produs\/incalzitor-cu-motorina-master-bv-110\/\" \/>\n<meta property=\"og:locale\" content=\"ro_RO\" \/>\n<meta property=\"og:type\" content=\"article\" \/>\n<meta property=\"og:title\" content=\"Incalzitor cu motorina Master BV 110 - Eurotech Iasi\" \/>\n<meta property=\"og:description\" content=\"Incalzitor cu motorina Master BV 110 , cu ardere indirecta avand o constructie robusta si fiabila cu necesitatea legarii la un cos de fum.\" \/>\n<meta property=\"og:url\" content=\"https:\/\/eurotech-iasi.ro\/magazinonline\/produs\/incalzitor-cu-motorina-master-bv-110\/\" \/>\n<meta property=\"og:site_name\" content=\"Eurotech Iasi\" \/>\n<meta property=\"article:publisher\" content=\"https:\/\/www.facebook.com\/EurotechIasi\/\" \/>\n<meta property=\"article:modified_time\" content=\"2026-01-29T13:17:05+00:00\" \/>\n<meta property=\"og:image\" content=\"https:\/\/eurotech-iasi.ro\/magazinonline\/wp-content\/uploads\/2019\/11\/incalzitor-cu-motorina-master-bv-110-e-iasi-eurotech.jpg\" \/>\n\t<meta property=\"og:image:width\" content=\"710\" \/>\n\t<meta property=\"og:image:height\" content=\"710\" \/>\n\t<meta property=\"og:image:type\" content=\"image\/jpeg\" \/>\n<meta name=\"twitter:label1\" content=\"Timp estimat pentru citire\" \/>\n\t<meta name=\"twitter:data1\" content=\"2 minute\" \/>\n<script type=\"application\/ld+json\" class=\"yoast-schema-graph\">{\"@context\":\"https:\\\/\\\/schema.org\",\"@graph\":[{\"@type\":\"WebPage\",\"@id\":\"https:\\\/\\\/eurotech-iasi.ro\\\/magazinonline\\\/produs\\\/incalzitor-cu-motorina-master-bv-110\\\/\",\"url\":\"https:\\\/\\\/eurotech-iasi.ro\\\/magazinonline\\\/produs\\\/incalzitor-cu-motorina-master-bv-110\\\/\",\"name\":\"Incalzitor cu motorina Master BV 110 - Eurotech Iasi\",\"isPartOf\":{\"@id\":\"https:\\\/\\\/eurotech-iasi.ro\\\/magazinonline\\\/#website\"},\"primaryImageOfPage\":{\"@id\":\"https:\\\/\\\/eurotech-iasi.ro\\\/magazinonline\\\/produs\\\/incalzitor-cu-motorina-master-bv-110\\\/#primaryimage\"},\"image\":{\"@id\":\"https:\\\/\\\/eurotech-iasi.ro\\\/magazinonline\\\/produs\\\/incalzitor-cu-motorina-master-bv-110\\\/#primaryimage\"},\"thumbnailUrl\":\"https:\\\/\\\/eurotech-iasi.ro\\\/magazinonline\\\/wp-content\\\/uploads\\\/2019\\\/11\\\/incalzitor-cu-motorina-master-bv-110-e-iasi-eurotech.jpg\",\"datePublished\":\"2019-11-11T12:36:06+00:00\",\"dateModified\":\"2026-01-29T13:17:05+00:00\",\"description\":\"Incalzitor cu motorina Master BV 110 , cu ardere indirecta avand o constructie robusta si fiabila cu necesitatea legarii la un cos de fum.\",\"breadcrumb\":{\"@id\":\"https:\\\/\\\/eurotech-iasi.ro\\\/magazinonline\\\/produs\\\/incalzitor-cu-motorina-master-bv-110\\\/#breadcrumb\"},\"inLanguage\":\"ro-RO\",\"potentialAction\":[{\"@type\":\"ReadAction\",\"target\":[\"https:\\\/\\\/eurotech-iasi.ro\\\/magazinonline\\\/produs\\\/incalzitor-cu-motorina-master-bv-110\\\/\"]}]},{\"@type\":\"ImageObject\",\"inLanguage\":\"ro-RO\",\"@id\":\"https:\\\/\\\/eurotech-iasi.ro\\\/magazinonline\\\/produs\\\/incalzitor-cu-motorina-master-bv-110\\\/#primaryimage\",\"url\":\"https:\\\/\\\/eurotech-iasi.ro\\\/magazinonline\\\/wp-content\\\/uploads\\\/2019\\\/11\\\/incalzitor-cu-motorina-master-bv-110-e-iasi-eurotech.jpg\",\"contentUrl\":\"https:\\\/\\\/eurotech-iasi.ro\\\/magazinonline\\\/wp-content\\\/uploads\\\/2019\\\/11\\\/incalzitor-cu-motorina-master-bv-110-e-iasi-eurotech.jpg\",\"width\":710,\"height\":710,\"caption\":\"Incalzitor cu motorina Master BV 110 E\"},{\"@type\":\"BreadcrumbList\",\"@id\":\"https:\\\/\\\/eurotech-iasi.ro\\\/magazinonline\\\/produs\\\/incalzitor-cu-motorina-master-bv-110\\\/#breadcrumb\",\"itemListElement\":[{\"@type\":\"ListItem\",\"position\":1,\"name\":\"Prima pagin\u0103\",\"item\":\"https:\\\/\\\/eurotech-iasi.ro\\\/magazinonline\\\/\"},{\"@type\":\"ListItem\",\"position\":2,\"name\":\"Shop\",\"item\":\"https:\\\/\\\/eurotech-iasi.ro\\\/magazinonline\\\/shop\\\/\"},{\"@type\":\"ListItem\",\"position\":3,\"name\":\"Incalzitor cu motorina Master BV 110\"}]},{\"@type\":\"WebSite\",\"@id\":\"https:\\\/\\\/eurotech-iasi.ro\\\/magazinonline\\\/#website\",\"url\":\"https:\\\/\\\/eurotech-iasi.ro\\\/magazinonline\\\/\",\"name\":\"Eurotech Iasi\",\"description\":\"Cu oameni seriosi\",\"publisher\":{\"@id\":\"https:\\\/\\\/eurotech-iasi.ro\\\/magazinonline\\\/#organization\"},\"potentialAction\":[{\"@type\":\"SearchAction\",\"target\":{\"@type\":\"EntryPoint\",\"urlTemplate\":\"https:\\\/\\\/eurotech-iasi.ro\\\/magazinonline\\\/?s={search_term_string}\"},\"query-input\":{\"@type\":\"PropertyValueSpecification\",\"valueRequired\":true,\"valueName\":\"search_term_string\"}}],\"inLanguage\":\"ro-RO\"},{\"@type\":\"Organization\",\"@id\":\"https:\\\/\\\/eurotech-iasi.ro\\\/magazinonline\\\/#organization\",\"name\":\"Eurotech Iasi\",\"url\":\"https:\\\/\\\/eurotech-iasi.ro\\\/magazinonline\\\/\",\"logo\":{\"@type\":\"ImageObject\",\"inLanguage\":\"ro-RO\",\"@id\":\"https:\\\/\\\/eurotech-iasi.ro\\\/magazinonline\\\/#\\\/schema\\\/logo\\\/image\\\/\",\"url\":\"https:\\\/\\\/eurotech-iasi.ro\\\/magazinonline\\\/wp-content\\\/uploads\\\/2020\\\/08\\\/logo-eurotech.png\",\"contentUrl\":\"https:\\\/\\\/eurotech-iasi.ro\\\/magazinonline\\\/wp-content\\\/uploads\\\/2020\\\/08\\\/logo-eurotech.png\",\"width\":290,\"height\":70,\"caption\":\"Eurotech Iasi\"},\"image\":{\"@id\":\"https:\\\/\\\/eurotech-iasi.ro\\\/magazinonline\\\/#\\\/schema\\\/logo\\\/image\\\/\"},\"sameAs\":[\"https:\\\/\\\/www.facebook.com\\\/EurotechIasi\\\/\"]}]}<\/script>\n<!-- \/ Yoast SEO plugin. -->","yoast_head_json":{"title":"Incalzitor cu motorina Master BV 110 - Eurotech Iasi","description":"Incalzitor cu motorina Master BV 110 , cu ardere indirecta avand o constructie robusta si fiabila cu necesitatea legarii la un cos de fum.","robots":{"index":"index","follow":"follow","max-snippet":"max-snippet:-1","max-image-preview":"max-image-preview:large","max-video-preview":"max-video-preview:-1"},"canonical":"https:\/\/eurotech-iasi.ro\/magazinonline\/produs\/incalzitor-cu-motorina-master-bv-110\/","og_locale":"ro_RO","og_type":"article","og_title":"Incalzitor cu motorina Master BV 110 - Eurotech Iasi","og_description":"Incalzitor cu motorina Master BV 110 , cu ardere indirecta avand o constructie robusta si fiabila cu necesitatea legarii la un cos de fum.","og_url":"https:\/\/eurotech-iasi.ro\/magazinonline\/produs\/incalzitor-cu-motorina-master-bv-110\/","og_site_name":"Eurotech Iasi","article_publisher":"https:\/\/www.facebook.com\/EurotechIasi\/","article_modified_time":"2026-01-29T13:17:05+00:00","og_image":[{"width":710,"height":710,"url":"https:\/\/eurotech-iasi.ro\/magazinonline\/wp-content\/uploads\/2019\/11\/incalzitor-cu-motorina-master-bv-110-e-iasi-eurotech.jpg","type":"image\/jpeg"}],"twitter_misc":{"Timp estimat pentru citire":"2 minute"},"schema":{"@context":"https:\/\/schema.org","@graph":[{"@type":"WebPage","@id":"https:\/\/eurotech-iasi.ro\/magazinonline\/produs\/incalzitor-cu-motorina-master-bv-110\/","url":"https:\/\/eurotech-iasi.ro\/magazinonline\/produs\/incalzitor-cu-motorina-master-bv-110\/","name":"Incalzitor cu motorina Master BV 110 - Eurotech Iasi","isPartOf":{"@id":"https:\/\/eurotech-iasi.ro\/magazinonline\/#website"},"primaryImageOfPage":{"@id":"https:\/\/eurotech-iasi.ro\/magazinonline\/produs\/incalzitor-cu-motorina-master-bv-110\/#primaryimage"},"image":{"@id":"https:\/\/eurotech-iasi.ro\/magazinonline\/produs\/incalzitor-cu-motorina-master-bv-110\/#primaryimage"},"thumbnailUrl":"https:\/\/eurotech-iasi.ro\/magazinonline\/wp-content\/uploads\/2019\/11\/incalzitor-cu-motorina-master-bv-110-e-iasi-eurotech.jpg","datePublished":"2019-11-11T12:36:06+00:00","dateModified":"2026-01-29T13:17:05+00:00","description":"Incalzitor cu motorina Master BV 110 , cu ardere indirecta avand o constructie robusta si fiabila cu necesitatea legarii la un cos de fum.","breadcrumb":{"@id":"https:\/\/eurotech-iasi.ro\/magazinonline\/produs\/incalzitor-cu-motorina-master-bv-110\/#breadcrumb"},"inLanguage":"ro-RO","potentialAction":[{"@type":"ReadAction","target":["https:\/\/eurotech-iasi.ro\/magazinonline\/produs\/incalzitor-cu-motorina-master-bv-110\/"]}]},{"@type":"ImageObject","inLanguage":"ro-RO","@id":"https:\/\/eurotech-iasi.ro\/magazinonline\/produs\/incalzitor-cu-motorina-master-bv-110\/#primaryimage","url":"https:\/\/eurotech-iasi.ro\/magazinonline\/wp-content\/uploads\/2019\/11\/incalzitor-cu-motorina-master-bv-110-e-iasi-eurotech.jpg","contentUrl":"https:\/\/eurotech-iasi.ro\/magazinonline\/wp-content\/uploads\/2019\/11\/incalzitor-cu-motorina-master-bv-110-e-iasi-eurotech.jpg","width":710,"height":710,"caption":"Incalzitor cu motorina Master BV 110 E"},{"@type":"BreadcrumbList","@id":"https:\/\/eurotech-iasi.ro\/magazinonline\/produs\/incalzitor-cu-motorina-master-bv-110\/#breadcrumb","itemListElement":[{"@type":"ListItem","position":1,"name":"Prima pagin\u0103","item":"https:\/\/eurotech-iasi.ro\/magazinonline\/"},{"@type":"ListItem","position":2,"name":"Shop","item":"https:\/\/eurotech-iasi.ro\/magazinonline\/shop\/"},{"@type":"ListItem","position":3,"name":"Incalzitor cu motorina Master BV 110"}]},{"@type":"WebSite","@id":"https:\/\/eurotech-iasi.ro\/magazinonline\/#website","url":"https:\/\/eurotech-iasi.ro\/magazinonline\/","name":"Eurotech Iasi","description":"Cu oameni seriosi","publisher":{"@id":"https:\/\/eurotech-iasi.ro\/magazinonline\/#organization"},"potentialAction":[{"@type":"SearchAction","target":{"@type":"EntryPoint","urlTemplate":"https:\/\/eurotech-iasi.ro\/magazinonline\/?s={search_term_string}"},"query-input":{"@type":"PropertyValueSpecification","valueRequired":true,"valueName":"search_term_string"}}],"inLanguage":"ro-RO"},{"@type":"Organization","@id":"https:\/\/eurotech-iasi.ro\/magazinonline\/#organization","name":"Eurotech Iasi","url":"https:\/\/eurotech-iasi.ro\/magazinonline\/","logo":{"@type":"ImageObject","inLanguage":"ro-RO","@id":"https:\/\/eurotech-iasi.ro\/magazinonline\/#\/schema\/logo\/image\/","url":"https:\/\/eurotech-iasi.ro\/magazinonline\/wp-content\/uploads\/2020\/08\/logo-eurotech.png","contentUrl":"https:\/\/eurotech-iasi.ro\/magazinonline\/wp-content\/uploads\/2020\/08\/logo-eurotech.png","width":290,"height":70,"caption":"Eurotech Iasi"},"image":{"@id":"https:\/\/eurotech-iasi.ro\/magazinonline\/#\/schema\/logo\/image\/"},"sameAs":["https:\/\/www.facebook.com\/EurotechIasi\/"]}]}},"_links":{"self":[{"href":"https:\/\/eurotech-iasi.ro\/magazinonline\/wp-json\/wp\/v2\/product\/36069","targetHints":{"allow":["GET"]}}],"collection":[{"href":"https:\/\/eurotech-iasi.ro\/magazinonline\/wp-json\/wp\/v2\/product"}],"about":[{"href":"https:\/\/eurotech-iasi.ro\/magazinonline\/wp-json\/wp\/v2\/types\/product"}],"replies":[{"embeddable":true,"href":"https:\/\/eurotech-iasi.ro\/magazinonline\/wp-json\/wp\/v2\/comments?post=36069"}],"wp:featuredmedia":[{"embeddable":true,"href":"https:\/\/eurotech-iasi.ro\/magazinonline\/wp-json\/wp\/v2\/media\/36081"}],"wp:attachment":[{"href":"https:\/\/eurotech-iasi.ro\/magazinonline\/wp-json\/wp\/v2\/media?parent=36069"}],"wp:term":[{"taxonomy":"product_cat","embeddable":true,"href":"https:\/\/eurotech-iasi.ro\/magazinonline\/wp-json\/wp\/v2\/product_cat?post=36069"},{"taxonomy":"product_tag","embeddable":true,"href":"https:\/\/eurotech-iasi.ro\/magazinonline\/wp-json\/wp\/v2\/product_tag?post=36069"},{"taxonomy":"woo-feed-brand","embeddable":true,"href":"https:\/\/eurotech-iasi.ro\/magazinonline\/wp-json\/wp\/v2\/woo-feed-brand?post=36069"}],"curies":[{"name":"wp","href":"https:\/\/api.w.org\/{rel}","templated":true}]}}