{"id":36520,"date":"2019-11-13T15:22:51","date_gmt":"2019-11-13T13:22:51","guid":{"rendered":"https:\/\/eurotech-iasi.ro\/magazinonline\/?post_type=product&#038;p=36520"},"modified":"2025-11-24T10:49:04","modified_gmt":"2025-11-24T08:49:04","slug":"incalzitor-de-terase-cu-gpl-tip-bp-13","status":"publish","type":"product","link":"https:\/\/eurotech-iasi.ro\/magazinonline\/produs\/incalzitor-de-terase-cu-gpl-tip-bp-13\/","title":{"rendered":"INCALZITOR DE TERASE CU GPL tip BP 13"},"content":{"rendered":"<p>Acest <strong>INCALZITOR DE TERASE CU GPL tip BP 1<\/strong>3<strong>\u00a0<\/strong>are rolul de a incalzi spatiile exterioare mici in vederea extinderii zilelor calduroase. Unitatea are o capacitate de 13 kW. Este un incalzitor cu radiatii infrarosii. Pornirea se realizeaza manbual. Este prevazut cu termostat pentru protectie la supraincalzire. La acest incalzitor intalnim un regulator cu gaz cu supapa de siguranta, regulator si furtun de gaz inclus. Caldura este variabila.<\/p>\n<h2>Specificatii tehnice &#8211; INCALZITOR DE TERASE CU GPL tip BP 13<strong>:<\/strong><\/h2>\n<p><strong>Putere:<\/strong> 5-13 kW<br \/>\n<strong>2 trepte <\/strong>de putere<br \/>\n<strong>Combustibil: <\/strong>propan \/ butan (butelie GPL)<br \/>\n<strong>Aprindere: <\/strong>piezoelectrica<br \/>\n<strong>Material: <\/strong>INOX<br \/>\n<strong>Consum gaz: <\/strong>1,06 kg\/h<br \/>\n<strong>Inaltime: <\/strong>222cm<br \/>\n<strong>Greutate: <\/strong>27 kg<\/p>\n","protected":false},"excerpt":{"rendered":"<p><strong>INCALZITOR DE TERASE CU GPL tip BP 13<\/strong> utilizat pe scar\u0103 larg\u0103 \u00een zone deschise sau semi-deschise de restaurant \u0219i \u00een gr\u0103dini private \u0219i terase.<\/p>\n<p><em><strong>Cod produs: BP13<\/strong><\/em><\/p>\n","protected":false},"featured_media":36522,"comment_status":"open","ping_status":"closed","template":"","meta":{"_acf_changed":false},"product_cat":[9019,7435],"product_tag":[],"woo-feed-brand":[],"class_list":{"0":"post-36520","1":"product","2":"type-product","3":"status-publish","4":"has-post-thumbnail","6":"product_brand-master","7":"product_cat-incalzitoare","8":"product_cat-incalzitare-ventilatoare-racitoare-aer","9":"pa_brand-master","10":"pa_consum-combustibil-106-kg-h","11":"pa_greutate-27-kg-2","12":"pa_putere-maxima-5-13-kw","14":"first","15":"instock","16":"purchasable","17":"product-type-simple"},"acf":[],"yoast_head":"<!-- This site is optimized with the Yoast SEO plugin v27.5 - https:\/\/yoast.com\/product\/yoast-seo-wordpress\/ -->\n<title>INCALZITOR DE TERASE CU GPL tip BP 13 - Eurotech Iasi<\/title>\n<meta name=\"description\" content=\"Incalzitor cu gaz Master BP 13 utilizat pe scar\u0103 larg\u0103 \u00een zone deschise sau semi-deschise de restaurant \u0219i \u00een gr\u0103dini private \u0219i terase.\" \/>\n<meta name=\"robots\" content=\"index, follow, max-snippet:-1, max-image-preview:large, max-video-preview:-1\" \/>\n<link rel=\"canonical\" href=\"https:\/\/eurotech-iasi.ro\/magazinonline\/produs\/incalzitor-de-terase-cu-gpl-tip-bp-13\/\" \/>\n<meta property=\"og:locale\" content=\"ro_RO\" \/>\n<meta property=\"og:type\" content=\"article\" \/>\n<meta property=\"og:title\" content=\"INCALZITOR DE TERASE CU GPL tip BP 13 - Eurotech Iasi\" \/>\n<meta property=\"og:description\" content=\"Incalzitor cu gaz Master BP 13 utilizat pe scar\u0103 larg\u0103 \u00een zone deschise sau semi-deschise de restaurant \u0219i \u00een gr\u0103dini private \u0219i terase.\" \/>\n<meta property=\"og:url\" content=\"https:\/\/eurotech-iasi.ro\/magazinonline\/produs\/incalzitor-de-terase-cu-gpl-tip-bp-13\/\" \/>\n<meta property=\"og:site_name\" content=\"Eurotech Iasi\" \/>\n<meta property=\"article:publisher\" content=\"https:\/\/www.facebook.com\/EurotechIasi\/\" \/>\n<meta property=\"article:modified_time\" content=\"2025-11-24T08:49:04+00:00\" \/>\n<meta property=\"og:image\" content=\"https:\/\/eurotech-iasi.ro\/magazinonline\/wp-content\/uploads\/2019\/11\/incalzitor-cu-gaz-master-bp-13-iasi-eurotech.jpg\" \/>\n\t<meta property=\"og:image:width\" content=\"710\" \/>\n\t<meta property=\"og:image:height\" content=\"710\" \/>\n\t<meta property=\"og:image:type\" content=\"image\/jpeg\" \/>\n<script type=\"application\/ld+json\" class=\"yoast-schema-graph\">{\"@context\":\"https:\\\/\\\/schema.org\",\"@graph\":[{\"@type\":\"WebPage\",\"@id\":\"https:\\\/\\\/eurotech-iasi.ro\\\/magazinonline\\\/produs\\\/incalzitor-de-terase-cu-gpl-tip-bp-13\\\/\",\"url\":\"https:\\\/\\\/eurotech-iasi.ro\\\/magazinonline\\\/produs\\\/incalzitor-de-terase-cu-gpl-tip-bp-13\\\/\",\"name\":\"INCALZITOR DE TERASE CU GPL tip BP 13 - Eurotech Iasi\",\"isPartOf\":{\"@id\":\"https:\\\/\\\/eurotech-iasi.ro\\\/magazinonline\\\/#website\"},\"primaryImageOfPage\":{\"@id\":\"https:\\\/\\\/eurotech-iasi.ro\\\/magazinonline\\\/produs\\\/incalzitor-de-terase-cu-gpl-tip-bp-13\\\/#primaryimage\"},\"image\":{\"@id\":\"https:\\\/\\\/eurotech-iasi.ro\\\/magazinonline\\\/produs\\\/incalzitor-de-terase-cu-gpl-tip-bp-13\\\/#primaryimage\"},\"thumbnailUrl\":\"https:\\\/\\\/eurotech-iasi.ro\\\/magazinonline\\\/wp-content\\\/uploads\\\/2019\\\/11\\\/incalzitor-cu-gaz-master-bp-13-iasi-eurotech.jpg\",\"datePublished\":\"2019-11-13T13:22:51+00:00\",\"dateModified\":\"2025-11-24T08:49:04+00:00\",\"description\":\"Incalzitor cu gaz Master BP 13 utilizat pe scar\u0103 larg\u0103 \u00een zone deschise sau semi-deschise de restaurant \u0219i \u00een gr\u0103dini private \u0219i terase.\",\"breadcrumb\":{\"@id\":\"https:\\\/\\\/eurotech-iasi.ro\\\/magazinonline\\\/produs\\\/incalzitor-de-terase-cu-gpl-tip-bp-13\\\/#breadcrumb\"},\"inLanguage\":\"ro-RO\",\"potentialAction\":[{\"@type\":\"ReadAction\",\"target\":[\"https:\\\/\\\/eurotech-iasi.ro\\\/magazinonline\\\/produs\\\/incalzitor-de-terase-cu-gpl-tip-bp-13\\\/\"]}]},{\"@type\":\"ImageObject\",\"inLanguage\":\"ro-RO\",\"@id\":\"https:\\\/\\\/eurotech-iasi.ro\\\/magazinonline\\\/produs\\\/incalzitor-de-terase-cu-gpl-tip-bp-13\\\/#primaryimage\",\"url\":\"https:\\\/\\\/eurotech-iasi.ro\\\/magazinonline\\\/wp-content\\\/uploads\\\/2019\\\/11\\\/incalzitor-cu-gaz-master-bp-13-iasi-eurotech.jpg\",\"contentUrl\":\"https:\\\/\\\/eurotech-iasi.ro\\\/magazinonline\\\/wp-content\\\/uploads\\\/2019\\\/11\\\/incalzitor-cu-gaz-master-bp-13-iasi-eurotech.jpg\",\"width\":710,\"height\":710},{\"@type\":\"BreadcrumbList\",\"@id\":\"https:\\\/\\\/eurotech-iasi.ro\\\/magazinonline\\\/produs\\\/incalzitor-de-terase-cu-gpl-tip-bp-13\\\/#breadcrumb\",\"itemListElement\":[{\"@type\":\"ListItem\",\"position\":1,\"name\":\"Prima pagin\u0103\",\"item\":\"https:\\\/\\\/eurotech-iasi.ro\\\/magazinonline\\\/\"},{\"@type\":\"ListItem\",\"position\":2,\"name\":\"Shop\",\"item\":\"https:\\\/\\\/eurotech-iasi.ro\\\/magazinonline\\\/shop\\\/\"},{\"@type\":\"ListItem\",\"position\":3,\"name\":\"INCALZITOR DE TERASE CU GPL tip BP 13\"}]},{\"@type\":\"WebSite\",\"@id\":\"https:\\\/\\\/eurotech-iasi.ro\\\/magazinonline\\\/#website\",\"url\":\"https:\\\/\\\/eurotech-iasi.ro\\\/magazinonline\\\/\",\"name\":\"Eurotech Iasi\",\"description\":\"Cu oameni seriosi\",\"publisher\":{\"@id\":\"https:\\\/\\\/eurotech-iasi.ro\\\/magazinonline\\\/#organization\"},\"potentialAction\":[{\"@type\":\"SearchAction\",\"target\":{\"@type\":\"EntryPoint\",\"urlTemplate\":\"https:\\\/\\\/eurotech-iasi.ro\\\/magazinonline\\\/?s={search_term_string}\"},\"query-input\":{\"@type\":\"PropertyValueSpecification\",\"valueRequired\":true,\"valueName\":\"search_term_string\"}}],\"inLanguage\":\"ro-RO\"},{\"@type\":\"Organization\",\"@id\":\"https:\\\/\\\/eurotech-iasi.ro\\\/magazinonline\\\/#organization\",\"name\":\"Eurotech Iasi\",\"url\":\"https:\\\/\\\/eurotech-iasi.ro\\\/magazinonline\\\/\",\"logo\":{\"@type\":\"ImageObject\",\"inLanguage\":\"ro-RO\",\"@id\":\"https:\\\/\\\/eurotech-iasi.ro\\\/magazinonline\\\/#\\\/schema\\\/logo\\\/image\\\/\",\"url\":\"https:\\\/\\\/eurotech-iasi.ro\\\/magazinonline\\\/wp-content\\\/uploads\\\/2020\\\/08\\\/logo-eurotech.png\",\"contentUrl\":\"https:\\\/\\\/eurotech-iasi.ro\\\/magazinonline\\\/wp-content\\\/uploads\\\/2020\\\/08\\\/logo-eurotech.png\",\"width\":290,\"height\":70,\"caption\":\"Eurotech Iasi\"},\"image\":{\"@id\":\"https:\\\/\\\/eurotech-iasi.ro\\\/magazinonline\\\/#\\\/schema\\\/logo\\\/image\\\/\"},\"sameAs\":[\"https:\\\/\\\/www.facebook.com\\\/EurotechIasi\\\/\"]}]}<\/script>\n<!-- \/ Yoast SEO plugin. -->","yoast_head_json":{"title":"INCALZITOR DE TERASE CU GPL tip BP 13 - Eurotech Iasi","description":"Incalzitor cu gaz Master BP 13 utilizat pe scar\u0103 larg\u0103 \u00een zone deschise sau semi-deschise de restaurant \u0219i \u00een gr\u0103dini private \u0219i terase.","robots":{"index":"index","follow":"follow","max-snippet":"max-snippet:-1","max-image-preview":"max-image-preview:large","max-video-preview":"max-video-preview:-1"},"canonical":"https:\/\/eurotech-iasi.ro\/magazinonline\/produs\/incalzitor-de-terase-cu-gpl-tip-bp-13\/","og_locale":"ro_RO","og_type":"article","og_title":"INCALZITOR DE TERASE CU GPL tip BP 13 - Eurotech Iasi","og_description":"Incalzitor cu gaz Master BP 13 utilizat pe scar\u0103 larg\u0103 \u00een zone deschise sau semi-deschise de restaurant \u0219i \u00een gr\u0103dini private \u0219i terase.","og_url":"https:\/\/eurotech-iasi.ro\/magazinonline\/produs\/incalzitor-de-terase-cu-gpl-tip-bp-13\/","og_site_name":"Eurotech Iasi","article_publisher":"https:\/\/www.facebook.com\/EurotechIasi\/","article_modified_time":"2025-11-24T08:49:04+00:00","og_image":[{"width":710,"height":710,"url":"https:\/\/eurotech-iasi.ro\/magazinonline\/wp-content\/uploads\/2019\/11\/incalzitor-cu-gaz-master-bp-13-iasi-eurotech.jpg","type":"image\/jpeg"}],"schema":{"@context":"https:\/\/schema.org","@graph":[{"@type":"WebPage","@id":"https:\/\/eurotech-iasi.ro\/magazinonline\/produs\/incalzitor-de-terase-cu-gpl-tip-bp-13\/","url":"https:\/\/eurotech-iasi.ro\/magazinonline\/produs\/incalzitor-de-terase-cu-gpl-tip-bp-13\/","name":"INCALZITOR DE TERASE CU GPL tip BP 13 - Eurotech Iasi","isPartOf":{"@id":"https:\/\/eurotech-iasi.ro\/magazinonline\/#website"},"primaryImageOfPage":{"@id":"https:\/\/eurotech-iasi.ro\/magazinonline\/produs\/incalzitor-de-terase-cu-gpl-tip-bp-13\/#primaryimage"},"image":{"@id":"https:\/\/eurotech-iasi.ro\/magazinonline\/produs\/incalzitor-de-terase-cu-gpl-tip-bp-13\/#primaryimage"},"thumbnailUrl":"https:\/\/eurotech-iasi.ro\/magazinonline\/wp-content\/uploads\/2019\/11\/incalzitor-cu-gaz-master-bp-13-iasi-eurotech.jpg","datePublished":"2019-11-13T13:22:51+00:00","dateModified":"2025-11-24T08:49:04+00:00","description":"Incalzitor cu gaz Master BP 13 utilizat pe scar\u0103 larg\u0103 \u00een zone deschise sau semi-deschise de restaurant \u0219i \u00een gr\u0103dini private \u0219i terase.","breadcrumb":{"@id":"https:\/\/eurotech-iasi.ro\/magazinonline\/produs\/incalzitor-de-terase-cu-gpl-tip-bp-13\/#breadcrumb"},"inLanguage":"ro-RO","potentialAction":[{"@type":"ReadAction","target":["https:\/\/eurotech-iasi.ro\/magazinonline\/produs\/incalzitor-de-terase-cu-gpl-tip-bp-13\/"]}]},{"@type":"ImageObject","inLanguage":"ro-RO","@id":"https:\/\/eurotech-iasi.ro\/magazinonline\/produs\/incalzitor-de-terase-cu-gpl-tip-bp-13\/#primaryimage","url":"https:\/\/eurotech-iasi.ro\/magazinonline\/wp-content\/uploads\/2019\/11\/incalzitor-cu-gaz-master-bp-13-iasi-eurotech.jpg","contentUrl":"https:\/\/eurotech-iasi.ro\/magazinonline\/wp-content\/uploads\/2019\/11\/incalzitor-cu-gaz-master-bp-13-iasi-eurotech.jpg","width":710,"height":710},{"@type":"BreadcrumbList","@id":"https:\/\/eurotech-iasi.ro\/magazinonline\/produs\/incalzitor-de-terase-cu-gpl-tip-bp-13\/#breadcrumb","itemListElement":[{"@type":"ListItem","position":1,"name":"Prima pagin\u0103","item":"https:\/\/eurotech-iasi.ro\/magazinonline\/"},{"@type":"ListItem","position":2,"name":"Shop","item":"https:\/\/eurotech-iasi.ro\/magazinonline\/shop\/"},{"@type":"ListItem","position":3,"name":"INCALZITOR DE TERASE CU GPL tip BP 13"}]},{"@type":"WebSite","@id":"https:\/\/eurotech-iasi.ro\/magazinonline\/#website","url":"https:\/\/eurotech-iasi.ro\/magazinonline\/","name":"Eurotech Iasi","description":"Cu oameni seriosi","publisher":{"@id":"https:\/\/eurotech-iasi.ro\/magazinonline\/#organization"},"potentialAction":[{"@type":"SearchAction","target":{"@type":"EntryPoint","urlTemplate":"https:\/\/eurotech-iasi.ro\/magazinonline\/?s={search_term_string}"},"query-input":{"@type":"PropertyValueSpecification","valueRequired":true,"valueName":"search_term_string"}}],"inLanguage":"ro-RO"},{"@type":"Organization","@id":"https:\/\/eurotech-iasi.ro\/magazinonline\/#organization","name":"Eurotech Iasi","url":"https:\/\/eurotech-iasi.ro\/magazinonline\/","logo":{"@type":"ImageObject","inLanguage":"ro-RO","@id":"https:\/\/eurotech-iasi.ro\/magazinonline\/#\/schema\/logo\/image\/","url":"https:\/\/eurotech-iasi.ro\/magazinonline\/wp-content\/uploads\/2020\/08\/logo-eurotech.png","contentUrl":"https:\/\/eurotech-iasi.ro\/magazinonline\/wp-content\/uploads\/2020\/08\/logo-eurotech.png","width":290,"height":70,"caption":"Eurotech Iasi"},"image":{"@id":"https:\/\/eurotech-iasi.ro\/magazinonline\/#\/schema\/logo\/image\/"},"sameAs":["https:\/\/www.facebook.com\/EurotechIasi\/"]}]}},"_links":{"self":[{"href":"https:\/\/eurotech-iasi.ro\/magazinonline\/wp-json\/wp\/v2\/product\/36520","targetHints":{"allow":["GET"]}}],"collection":[{"href":"https:\/\/eurotech-iasi.ro\/magazinonline\/wp-json\/wp\/v2\/product"}],"about":[{"href":"https:\/\/eurotech-iasi.ro\/magazinonline\/wp-json\/wp\/v2\/types\/product"}],"replies":[{"embeddable":true,"href":"https:\/\/eurotech-iasi.ro\/magazinonline\/wp-json\/wp\/v2\/comments?post=36520"}],"wp:featuredmedia":[{"embeddable":true,"href":"https:\/\/eurotech-iasi.ro\/magazinonline\/wp-json\/wp\/v2\/media\/36522"}],"wp:attachment":[{"href":"https:\/\/eurotech-iasi.ro\/magazinonline\/wp-json\/wp\/v2\/media?parent=36520"}],"wp:term":[{"taxonomy":"product_cat","embeddable":true,"href":"https:\/\/eurotech-iasi.ro\/magazinonline\/wp-json\/wp\/v2\/product_cat?post=36520"},{"taxonomy":"product_tag","embeddable":true,"href":"https:\/\/eurotech-iasi.ro\/magazinonline\/wp-json\/wp\/v2\/product_tag?post=36520"},{"taxonomy":"woo-feed-brand","embeddable":true,"href":"https:\/\/eurotech-iasi.ro\/magazinonline\/wp-json\/wp\/v2\/woo-feed-brand?post=36520"}],"curies":[{"name":"wp","href":"https:\/\/api.w.org\/{rel}","templated":true}]}}