{"id":36947,"date":"2019-11-15T11:11:48","date_gmt":"2019-11-15T09:11:48","guid":{"rendered":"https:\/\/eurotech-iasi.ro\/magazinonline\/?post_type=product&#038;p=36947"},"modified":"2024-03-19T14:49:05","modified_gmt":"2024-03-19T12:49:05","slug":"pompa-submersibila-apa-murdara-mc-30-65-pedrollo","status":"publish","type":"product","link":"https:\/\/eurotech-iasi.ro\/magazinonline\/produs\/pompa-submersibila-apa-murdara-mc-30-65-pedrollo\/","title":{"rendered":"Pompa Submersibila apa murdara MC 30\/65 PEDROLLO"},"content":{"rendered":"<p><strong>Pompa Submersibila apa murdara MC 30\/65 PEDROLLO <\/strong>\u00a0este recomandata pentru drenarea apei murdare din sectoarele casnice si civile.<\/p>\n<p><strong>CANALIZARE &#8211; SANTIERE &#8211; INDUSTRIE &#8211; PARCARI SUBTERANE<\/strong><\/p>\n<p>Aceste pompe sunt folosite pentru pompare apelor reziduale, de canalizare si a apelor amestecate cu noroi.<\/p>\n<p><strong>CARACTERISTICI DE FUNC\u021aIONARE<\/strong><\/p>\n<p>\u2022 Capacitate de p\u00e2n\u0103 la 1600 l\/min (96 m3\/h)<br \/>\n\u2022 Inaltimea de pompare p\u00e2n\u0103 la 13 m<\/p>\n<p>Varianta fara plutitor extern<\/p>\n<p>Puterea 3kw-400v, diametru refulare 3&#8221;<\/p>\n<section id=\"tab-description\">\n<div class=\"content pb-50\">\n<div class=\"product-description-content\">\n<p>\u2022 Inaltimea de pompare p\u00e2n\u0103 la 13 m<\/p>\n<p><b>LIMITELE DE UTILIZARE<\/b><\/p>\n<p>\u2022 Ad\u00e2ncime de utilizare sub ap\u0103 p\u00e2n\u0103 la 10 m<\/p>\n<p>\u2022 Temperatura lichidului p\u00e2n\u0103 la +40 \u00b0C<\/p>\n<p>\u2022 Trecere corpuri solide in suspensie:<\/p>\n<p>\u2013 p\u00e2n\u0103 la \u00d8 50 mm pentru MC 15-20-30-40\/50<\/p>\n<p>\u2013 p\u00e2n\u0103 la \u00d8 65 mm pentru MC 30-40\/65<\/p>\n<p>\u2022 Pentru serviciu continuu imersiune minima:<\/p>\n<p>\u2013 p\u00e2n\u0103 la 380 mm pentru MC 15-20-30-40\/50<\/p>\n<p>\u2013 p\u00e2n\u0103 la 430 mm pentru MC 30-40\/70<\/p>\n<p><b>EXECUTIE \u015eI NORME DE SIGURAN\u0162A<\/b><\/p>\n<p>\u2022 Sunt echipate cu cablu de alimentare de 10 m<\/p>\n<p>\u2022 Plutitor extern pentru versiunile monofazice<\/p>\n<p>EN 60034-1<\/p>\n<p>IEC 60034-1<\/p>\n<p>CEI 2-3<\/p>\n<p><b>INSTALAREA \u015eI UTILIZAREA<\/b><\/p>\n<p>Pompe submersibile MC sunt recomandate pentru drenaj de apa murdara din sectoarele casnice \u0219i civile. Acestea sunt echipate cu turbina BICANAL care permite pomparea lichidelor cu prezenta de corpi solizi in suspensie cu fi bra scurta. Sunt recomandate pentru pomparea apelor reziduale \u0219i de canalizare, ape reziduale, ap\u0103 amestecat\u0103 cu noroi, a apelor subterane \u0219i a apelor de suprafa\u0163\u0103 pentru astfel de utiliz\u0103ri: blocuri, fabrici, parcare, parcare subterana, zone de sp\u0103lat, etc.<\/p>\n<p>&nbsp;<\/p>\n<\/div>\n<\/div>\n<\/section>\n<section id=\"tab-param\">\n<h2 class=\"section-title t-font-heading t-config-submenu-items-color\">Caracteristici<\/h2>\n<div class=\"content\">\n<table class=\"table product-param-table\">\n<tbody>\n<tr class=\"odd\">\n<td class=\"param-param Brand\">Brand<\/td>\n<td class=\"param-value\">Pedrollo<\/td>\n<\/tr>\n<tr class=\"even\">\n<td class=\"param-param Tip produs\">Tip produs<\/td>\n<td class=\"param-value\">Pompa de apa<\/td>\n<\/tr>\n<tr class=\"odd\">\n<td class=\"param-param Tip pompa\">Tip pompa<\/td>\n<td class=\"param-value\">Pompa submersibila apa murdara si canalizare<\/td>\n<\/tr>\n<tr class=\"even\">\n<td class=\"param-param Utilizat pentru\">Utilizat pentru<\/td>\n<td class=\"param-value\">Apa murdara<\/td>\n<\/tr>\n<tr class=\"odd\">\n<td class=\"param-param Tip combustibil\">Tip combustibil<\/td>\n<td class=\"param-value\">Electricitate<\/td>\n<\/tr>\n<tr class=\"even\">\n<td class=\"param-param Utilizare\">Utilizare<\/td>\n<td class=\"param-value\">CANALIZARE &#8211; SANTIERE &#8211; INDUSTRIE &#8211; PARCARI SUBTERANE<\/td>\n<\/tr>\n<tr class=\"odd\">\n<td class=\"param-param Tip curent\">Tip curent<\/td>\n<td class=\"param-value\">Trifazat<\/td>\n<\/tr>\n<tr class=\"even\">\n<td class=\"param-param Temperatura maxima (C)\">Temperatura maxima (C)<\/td>\n<td class=\"param-value\">40<\/td>\n<\/tr>\n<tr class=\"odd\">\n<td class=\"param-param Material corp pompa\">Material corp pompa<\/td>\n<td class=\"param-value\">Fonta<\/td>\n<\/tr>\n<tr class=\"even\">\n<td class=\"param-param Debit pana la (l\/min)\">Debit pana la (l\/min)<\/td>\n<td class=\"param-value\">1600<\/td>\n<\/tr>\n<tr class=\"odd\">\n<td class=\"param-param Inaltimea de pompare pana la (m)\">Inaltimea de pompare pana la (m)<\/td>\n<td class=\"param-value\">13<\/td>\n<\/tr>\n<tr class=\"even\">\n<td class=\"param-param Adancime de utilizare sub apa pana la (m)\">Adancime de utilizare sub apa pana la (m)<\/td>\n<td class=\"param-value\">10<\/td>\n<\/tr>\n<\/tbody>\n<\/table>\n<\/div>\n<\/section>\n","protected":false},"excerpt":{"rendered":"<p><strong>Pompa Submersibila apa murdara MC 30\/65 PEDROLLO <\/strong>\u00a0este recomandata pentru drenarea apei murdare din sectoarele casnice si civile.<\/p>\n<p>Cod produs: 48SGM9863A<\/p>\n","protected":false},"featured_media":103307,"comment_status":"open","ping_status":"closed","template":"","meta":{"_acf_changed":false},"product_cat":[4408,4341],"product_tag":[],"woo-feed-brand":[],"class_list":{"0":"post-36947","1":"product","2":"type-product","3":"status-publish","4":"has-post-thumbnail","6":"product_brand-pedrollo","7":"product_cat-pompe-submersibila","8":"product_cat-pompe-motopompe-hidrofoare","9":"pa_brand-pedrollo","10":"pa_debit-apa-1600-l-min","11":"pa_temperatura-de-lucru-0-40c","13":"first","14":"instock","15":"purchasable","16":"product-type-simple"},"acf":[],"yoast_head":"<!-- This site is optimized with the Yoast SEO plugin v27.3 - https:\/\/yoast.com\/product\/yoast-seo-wordpress\/ -->\n<title>Pompa Submersibila apa murdara MC 30\/65 PEDROLLO - Eurotech Iasi<\/title>\n<meta name=\"description\" content=\"Pompa submersibila MC 30\/70\u00a0PEDROLLO ideala pentru drenarea apei murdare din sectoarele casnice si civile, cu inaltime de pompare de pana la 13 m.\" \/>\n<meta name=\"robots\" content=\"index, follow, max-snippet:-1, max-image-preview:large, max-video-preview:-1\" \/>\n<link rel=\"canonical\" href=\"https:\/\/eurotech-iasi.ro\/magazinonline\/produs\/pompa-submersibila-apa-murdara-mc-30-65-pedrollo\/\" \/>\n<meta property=\"og:locale\" content=\"ro_RO\" \/>\n<meta property=\"og:type\" content=\"article\" \/>\n<meta property=\"og:title\" content=\"Pompa Submersibila apa murdara MC 30\/65 PEDROLLO - Eurotech Iasi\" \/>\n<meta property=\"og:description\" content=\"Pompa submersibila MC 30\/70\u00a0PEDROLLO ideala pentru drenarea apei murdare din sectoarele casnice si civile, cu inaltime de pompare de pana la 13 m.\" \/>\n<meta property=\"og:url\" content=\"https:\/\/eurotech-iasi.ro\/magazinonline\/produs\/pompa-submersibila-apa-murdara-mc-30-65-pedrollo\/\" \/>\n<meta property=\"og:site_name\" content=\"Eurotech Iasi\" \/>\n<meta property=\"article:publisher\" content=\"https:\/\/www.facebook.com\/EurotechIasi\/\" \/>\n<meta property=\"article:modified_time\" content=\"2024-03-19T12:49:05+00:00\" \/>\n<meta property=\"og:image\" content=\"https:\/\/eurotech-iasi.ro\/magazinonline\/wp-content\/uploads\/2019\/11\/Pompa-Submersibila-apa-murdara-MC-3065-PEDROLLO.png\" \/>\n\t<meta property=\"og:image:width\" content=\"750\" \/>\n\t<meta property=\"og:image:height\" content=\"750\" \/>\n\t<meta property=\"og:image:type\" content=\"image\/png\" \/>\n<meta name=\"twitter:label1\" content=\"Timp estimat pentru citire\" \/>\n\t<meta name=\"twitter:data1\" content=\"2 minute\" \/>\n<script type=\"application\/ld+json\" class=\"yoast-schema-graph\">{\"@context\":\"https:\\\/\\\/schema.org\",\"@graph\":[{\"@type\":\"WebPage\",\"@id\":\"https:\\\/\\\/eurotech-iasi.ro\\\/magazinonline\\\/produs\\\/pompa-submersibila-apa-murdara-mc-30-65-pedrollo\\\/\",\"url\":\"https:\\\/\\\/eurotech-iasi.ro\\\/magazinonline\\\/produs\\\/pompa-submersibila-apa-murdara-mc-30-65-pedrollo\\\/\",\"name\":\"Pompa Submersibila apa murdara MC 30\\\/65 PEDROLLO - Eurotech Iasi\",\"isPartOf\":{\"@id\":\"https:\\\/\\\/eurotech-iasi.ro\\\/magazinonline\\\/#website\"},\"primaryImageOfPage\":{\"@id\":\"https:\\\/\\\/eurotech-iasi.ro\\\/magazinonline\\\/produs\\\/pompa-submersibila-apa-murdara-mc-30-65-pedrollo\\\/#primaryimage\"},\"image\":{\"@id\":\"https:\\\/\\\/eurotech-iasi.ro\\\/magazinonline\\\/produs\\\/pompa-submersibila-apa-murdara-mc-30-65-pedrollo\\\/#primaryimage\"},\"thumbnailUrl\":\"https:\\\/\\\/eurotech-iasi.ro\\\/magazinonline\\\/wp-content\\\/uploads\\\/2019\\\/11\\\/Pompa-Submersibila-apa-murdara-MC-3065-PEDROLLO.png\",\"datePublished\":\"2019-11-15T09:11:48+00:00\",\"dateModified\":\"2024-03-19T12:49:05+00:00\",\"description\":\"Pompa submersibila MC 30\\\/70\u00a0PEDROLLO ideala pentru drenarea apei murdare din sectoarele casnice si civile, cu inaltime de pompare de pana la 13 m.\",\"breadcrumb\":{\"@id\":\"https:\\\/\\\/eurotech-iasi.ro\\\/magazinonline\\\/produs\\\/pompa-submersibila-apa-murdara-mc-30-65-pedrollo\\\/#breadcrumb\"},\"inLanguage\":\"ro-RO\",\"potentialAction\":[{\"@type\":\"ReadAction\",\"target\":[\"https:\\\/\\\/eurotech-iasi.ro\\\/magazinonline\\\/produs\\\/pompa-submersibila-apa-murdara-mc-30-65-pedrollo\\\/\"]}]},{\"@type\":\"ImageObject\",\"inLanguage\":\"ro-RO\",\"@id\":\"https:\\\/\\\/eurotech-iasi.ro\\\/magazinonline\\\/produs\\\/pompa-submersibila-apa-murdara-mc-30-65-pedrollo\\\/#primaryimage\",\"url\":\"https:\\\/\\\/eurotech-iasi.ro\\\/magazinonline\\\/wp-content\\\/uploads\\\/2019\\\/11\\\/Pompa-Submersibila-apa-murdara-MC-3065-PEDROLLO.png\",\"contentUrl\":\"https:\\\/\\\/eurotech-iasi.ro\\\/magazinonline\\\/wp-content\\\/uploads\\\/2019\\\/11\\\/Pompa-Submersibila-apa-murdara-MC-3065-PEDROLLO.png\",\"width\":750,\"height\":750,\"caption\":\"Pompa Submersibila apa murdara MC 30\\\/65 PEDROLLO\"},{\"@type\":\"BreadcrumbList\",\"@id\":\"https:\\\/\\\/eurotech-iasi.ro\\\/magazinonline\\\/produs\\\/pompa-submersibila-apa-murdara-mc-30-65-pedrollo\\\/#breadcrumb\",\"itemListElement\":[{\"@type\":\"ListItem\",\"position\":1,\"name\":\"Prima pagin\u0103\",\"item\":\"https:\\\/\\\/eurotech-iasi.ro\\\/magazinonline\\\/\"},{\"@type\":\"ListItem\",\"position\":2,\"name\":\"Shop\",\"item\":\"https:\\\/\\\/eurotech-iasi.ro\\\/magazinonline\\\/shop\\\/\"},{\"@type\":\"ListItem\",\"position\":3,\"name\":\"Pompa Submersibila apa murdara MC 30\\\/65 PEDROLLO\"}]},{\"@type\":\"WebSite\",\"@id\":\"https:\\\/\\\/eurotech-iasi.ro\\\/magazinonline\\\/#website\",\"url\":\"https:\\\/\\\/eurotech-iasi.ro\\\/magazinonline\\\/\",\"name\":\"Eurotech Iasi\",\"description\":\"Cu oameni seriosi\",\"publisher\":{\"@id\":\"https:\\\/\\\/eurotech-iasi.ro\\\/magazinonline\\\/#organization\"},\"potentialAction\":[{\"@type\":\"SearchAction\",\"target\":{\"@type\":\"EntryPoint\",\"urlTemplate\":\"https:\\\/\\\/eurotech-iasi.ro\\\/magazinonline\\\/?s={search_term_string}\"},\"query-input\":{\"@type\":\"PropertyValueSpecification\",\"valueRequired\":true,\"valueName\":\"search_term_string\"}}],\"inLanguage\":\"ro-RO\"},{\"@type\":\"Organization\",\"@id\":\"https:\\\/\\\/eurotech-iasi.ro\\\/magazinonline\\\/#organization\",\"name\":\"Eurotech Iasi\",\"url\":\"https:\\\/\\\/eurotech-iasi.ro\\\/magazinonline\\\/\",\"logo\":{\"@type\":\"ImageObject\",\"inLanguage\":\"ro-RO\",\"@id\":\"https:\\\/\\\/eurotech-iasi.ro\\\/magazinonline\\\/#\\\/schema\\\/logo\\\/image\\\/\",\"url\":\"https:\\\/\\\/eurotech-iasi.ro\\\/magazinonline\\\/wp-content\\\/uploads\\\/2020\\\/08\\\/logo-eurotech.png\",\"contentUrl\":\"https:\\\/\\\/eurotech-iasi.ro\\\/magazinonline\\\/wp-content\\\/uploads\\\/2020\\\/08\\\/logo-eurotech.png\",\"width\":290,\"height\":70,\"caption\":\"Eurotech Iasi\"},\"image\":{\"@id\":\"https:\\\/\\\/eurotech-iasi.ro\\\/magazinonline\\\/#\\\/schema\\\/logo\\\/image\\\/\"},\"sameAs\":[\"https:\\\/\\\/www.facebook.com\\\/EurotechIasi\\\/\"]}]}<\/script>\n<!-- \/ Yoast SEO plugin. -->","yoast_head_json":{"title":"Pompa Submersibila apa murdara MC 30\/65 PEDROLLO - Eurotech Iasi","description":"Pompa submersibila MC 30\/70\u00a0PEDROLLO ideala pentru drenarea apei murdare din sectoarele casnice si civile, cu inaltime de pompare de pana la 13 m.","robots":{"index":"index","follow":"follow","max-snippet":"max-snippet:-1","max-image-preview":"max-image-preview:large","max-video-preview":"max-video-preview:-1"},"canonical":"https:\/\/eurotech-iasi.ro\/magazinonline\/produs\/pompa-submersibila-apa-murdara-mc-30-65-pedrollo\/","og_locale":"ro_RO","og_type":"article","og_title":"Pompa Submersibila apa murdara MC 30\/65 PEDROLLO - Eurotech Iasi","og_description":"Pompa submersibila MC 30\/70\u00a0PEDROLLO ideala pentru drenarea apei murdare din sectoarele casnice si civile, cu inaltime de pompare de pana la 13 m.","og_url":"https:\/\/eurotech-iasi.ro\/magazinonline\/produs\/pompa-submersibila-apa-murdara-mc-30-65-pedrollo\/","og_site_name":"Eurotech Iasi","article_publisher":"https:\/\/www.facebook.com\/EurotechIasi\/","article_modified_time":"2024-03-19T12:49:05+00:00","og_image":[{"width":750,"height":750,"url":"https:\/\/eurotech-iasi.ro\/magazinonline\/wp-content\/uploads\/2019\/11\/Pompa-Submersibila-apa-murdara-MC-3065-PEDROLLO.png","type":"image\/png"}],"twitter_misc":{"Timp estimat pentru citire":"2 minute"},"schema":{"@context":"https:\/\/schema.org","@graph":[{"@type":"WebPage","@id":"https:\/\/eurotech-iasi.ro\/magazinonline\/produs\/pompa-submersibila-apa-murdara-mc-30-65-pedrollo\/","url":"https:\/\/eurotech-iasi.ro\/magazinonline\/produs\/pompa-submersibila-apa-murdara-mc-30-65-pedrollo\/","name":"Pompa Submersibila apa murdara MC 30\/65 PEDROLLO - Eurotech Iasi","isPartOf":{"@id":"https:\/\/eurotech-iasi.ro\/magazinonline\/#website"},"primaryImageOfPage":{"@id":"https:\/\/eurotech-iasi.ro\/magazinonline\/produs\/pompa-submersibila-apa-murdara-mc-30-65-pedrollo\/#primaryimage"},"image":{"@id":"https:\/\/eurotech-iasi.ro\/magazinonline\/produs\/pompa-submersibila-apa-murdara-mc-30-65-pedrollo\/#primaryimage"},"thumbnailUrl":"https:\/\/eurotech-iasi.ro\/magazinonline\/wp-content\/uploads\/2019\/11\/Pompa-Submersibila-apa-murdara-MC-3065-PEDROLLO.png","datePublished":"2019-11-15T09:11:48+00:00","dateModified":"2024-03-19T12:49:05+00:00","description":"Pompa submersibila MC 30\/70\u00a0PEDROLLO ideala pentru drenarea apei murdare din sectoarele casnice si civile, cu inaltime de pompare de pana la 13 m.","breadcrumb":{"@id":"https:\/\/eurotech-iasi.ro\/magazinonline\/produs\/pompa-submersibila-apa-murdara-mc-30-65-pedrollo\/#breadcrumb"},"inLanguage":"ro-RO","potentialAction":[{"@type":"ReadAction","target":["https:\/\/eurotech-iasi.ro\/magazinonline\/produs\/pompa-submersibila-apa-murdara-mc-30-65-pedrollo\/"]}]},{"@type":"ImageObject","inLanguage":"ro-RO","@id":"https:\/\/eurotech-iasi.ro\/magazinonline\/produs\/pompa-submersibila-apa-murdara-mc-30-65-pedrollo\/#primaryimage","url":"https:\/\/eurotech-iasi.ro\/magazinonline\/wp-content\/uploads\/2019\/11\/Pompa-Submersibila-apa-murdara-MC-3065-PEDROLLO.png","contentUrl":"https:\/\/eurotech-iasi.ro\/magazinonline\/wp-content\/uploads\/2019\/11\/Pompa-Submersibila-apa-murdara-MC-3065-PEDROLLO.png","width":750,"height":750,"caption":"Pompa Submersibila apa murdara MC 30\/65 PEDROLLO"},{"@type":"BreadcrumbList","@id":"https:\/\/eurotech-iasi.ro\/magazinonline\/produs\/pompa-submersibila-apa-murdara-mc-30-65-pedrollo\/#breadcrumb","itemListElement":[{"@type":"ListItem","position":1,"name":"Prima pagin\u0103","item":"https:\/\/eurotech-iasi.ro\/magazinonline\/"},{"@type":"ListItem","position":2,"name":"Shop","item":"https:\/\/eurotech-iasi.ro\/magazinonline\/shop\/"},{"@type":"ListItem","position":3,"name":"Pompa Submersibila apa murdara MC 30\/65 PEDROLLO"}]},{"@type":"WebSite","@id":"https:\/\/eurotech-iasi.ro\/magazinonline\/#website","url":"https:\/\/eurotech-iasi.ro\/magazinonline\/","name":"Eurotech Iasi","description":"Cu oameni seriosi","publisher":{"@id":"https:\/\/eurotech-iasi.ro\/magazinonline\/#organization"},"potentialAction":[{"@type":"SearchAction","target":{"@type":"EntryPoint","urlTemplate":"https:\/\/eurotech-iasi.ro\/magazinonline\/?s={search_term_string}"},"query-input":{"@type":"PropertyValueSpecification","valueRequired":true,"valueName":"search_term_string"}}],"inLanguage":"ro-RO"},{"@type":"Organization","@id":"https:\/\/eurotech-iasi.ro\/magazinonline\/#organization","name":"Eurotech Iasi","url":"https:\/\/eurotech-iasi.ro\/magazinonline\/","logo":{"@type":"ImageObject","inLanguage":"ro-RO","@id":"https:\/\/eurotech-iasi.ro\/magazinonline\/#\/schema\/logo\/image\/","url":"https:\/\/eurotech-iasi.ro\/magazinonline\/wp-content\/uploads\/2020\/08\/logo-eurotech.png","contentUrl":"https:\/\/eurotech-iasi.ro\/magazinonline\/wp-content\/uploads\/2020\/08\/logo-eurotech.png","width":290,"height":70,"caption":"Eurotech Iasi"},"image":{"@id":"https:\/\/eurotech-iasi.ro\/magazinonline\/#\/schema\/logo\/image\/"},"sameAs":["https:\/\/www.facebook.com\/EurotechIasi\/"]}]}},"_links":{"self":[{"href":"https:\/\/eurotech-iasi.ro\/magazinonline\/wp-json\/wp\/v2\/product\/36947","targetHints":{"allow":["GET"]}}],"collection":[{"href":"https:\/\/eurotech-iasi.ro\/magazinonline\/wp-json\/wp\/v2\/product"}],"about":[{"href":"https:\/\/eurotech-iasi.ro\/magazinonline\/wp-json\/wp\/v2\/types\/product"}],"replies":[{"embeddable":true,"href":"https:\/\/eurotech-iasi.ro\/magazinonline\/wp-json\/wp\/v2\/comments?post=36947"}],"wp:featuredmedia":[{"embeddable":true,"href":"https:\/\/eurotech-iasi.ro\/magazinonline\/wp-json\/wp\/v2\/media\/103307"}],"wp:attachment":[{"href":"https:\/\/eurotech-iasi.ro\/magazinonline\/wp-json\/wp\/v2\/media?parent=36947"}],"wp:term":[{"taxonomy":"product_cat","embeddable":true,"href":"https:\/\/eurotech-iasi.ro\/magazinonline\/wp-json\/wp\/v2\/product_cat?post=36947"},{"taxonomy":"product_tag","embeddable":true,"href":"https:\/\/eurotech-iasi.ro\/magazinonline\/wp-json\/wp\/v2\/product_tag?post=36947"},{"taxonomy":"woo-feed-brand","embeddable":true,"href":"https:\/\/eurotech-iasi.ro\/magazinonline\/wp-json\/wp\/v2\/woo-feed-brand?post=36947"}],"curies":[{"name":"wp","href":"https:\/\/api.w.org\/{rel}","templated":true}]}}