{"id":37373,"date":"2019-11-18T14:17:55","date_gmt":"2019-11-18T12:17:55","guid":{"rendered":"https:\/\/eurotech-iasi.ro\/magazinonline\/?post_type=product&#038;p=37373"},"modified":"2026-04-09T08:47:48","modified_gmt":"2026-04-09T05:47:48","slug":"echipament-pentru-frigotehnie-roklima-multi-4f-rothenberger","status":"publish","type":"product","link":"https:\/\/eurotech-iasi.ro\/magazinonline\/produs\/echipament-pentru-frigotehnie-roklima-multi-4f-rothenberger\/","title":{"rendered":"Echipament pentru frigotehnie ROKLIMA MULTI 4F ROTHENBERGER"},"content":{"rendered":"<p class=\"product_title entry-title\">Acest <strong>echipament pentru frigotehnie ROKLIMA MULTI 4F ROTHENBERGER<\/strong>\u00a0este complet automatizat. Este utilizat pentrupunerea in functiune si intretinerea instalatiilor de climatizare. De asemenea asigura o rezistenta la presiuni pana la <em>80 bar<\/em>.\u00a0 Confera utilizarea cu pompe de caldura, automatizarea completa lasa timp pentru munca in paralel, prin intermediul unui meniu simplu sunt controlate automat <em>4 functii<\/em>.<\/p>\n<div class=\"titleContainer\">\n<h3>SET LIVRARE<\/h3>\n<\/div>\n<div class=\"textContainer\">\n<p>Setul (cod 1000000138) cuprinde:<\/p>\n<ul>\n<li>aparatul automat cu pompa de vid si \u00eentrerup\u0103toare de vacuum \u0219i presiune,<\/li>\n<li>2 manometre de presiune \u00eenalt\u0103 (cod 170701 si 170709),<\/li>\n<li>2 furtune de 2,5 m cu robinet sferic (cod 171535 \u0219i 171538),<\/li>\n<li>2 adaptoare butelii (1\/4&#8243; SAE cod 173205 \u0219i 5\/16&#8243; SAE cod 173204),<\/li>\n<li>2 reduc\u021bii 1\/4&#8243; SAE &#8211; 5\/16&#8243; SAE,<\/li>\n<li>c\u00e2ntar digital p\u00e2n\u0103 la 100 kg,<\/li>\n<li>ulei mineral (cod 169200).<\/li>\n<\/ul>\n<\/div>\n","protected":false},"excerpt":{"rendered":"<p class=\"product_title entry-title\"><strong>Echipament pentru frigotehnie ROKLIMA MULTI 4F ROTHENBERGER<\/strong> complet automatizat pentru punerea in functiune si intretinerea instalatiilor de climatizare.<\/p>\n<p><em><strong>Cod produs: 1000000138<\/strong><\/em><\/p>\n","protected":false},"featured_media":37374,"comment_status":"open","ping_status":"closed","template":"","meta":{"_acf_changed":false},"product_cat":[6413,4997,11903],"product_tag":[],"woo-feed-brand":[],"class_list":{"0":"post-37373","1":"product","2":"type-product","3":"status-publish","4":"has-post-thumbnail","6":"product_brand-rothenberger","7":"product_cat-extra-reduceri","8":"product_cat-instalatii","9":"product_cat-promotie-rothenberger","10":"pa_brand-rothenberger","11":"pa_greutate-17-kg","12":"pa_lungime-max-furtun-2-5-m","13":"pa_precizie-10-g","14":"pa_presiune-1-x-10-2-mbar","16":"first","17":"instock","18":"sale","19":"purchasable","20":"product-type-simple"},"acf":[],"yoast_head":"<!-- This site is optimized with the Yoast SEO plugin v27.5 - https:\/\/yoast.com\/product\/yoast-seo-wordpress\/ -->\n<title>Echipament pentru frigotehnie ROKLIMA MULTI 4F ROTHENBERGER - Eurotech Iasi<\/title>\n<meta name=\"description\" content=\"Echipament pentru frigotehnie ROKLIMA MULTI 4F complet automatizat pentru punerea in functiune si intretinerea instalatiilor de climatizare.\" \/>\n<meta name=\"robots\" content=\"index, follow, max-snippet:-1, max-image-preview:large, max-video-preview:-1\" \/>\n<link rel=\"canonical\" href=\"https:\/\/eurotech-iasi.ro\/magazinonline\/produs\/echipament-pentru-frigotehnie-roklima-multi-4f-rothenberger\/\" \/>\n<meta property=\"og:locale\" content=\"ro_RO\" \/>\n<meta property=\"og:type\" content=\"article\" \/>\n<meta property=\"og:title\" content=\"Echipament pentru frigotehnie ROKLIMA MULTI 4F ROTHENBERGER - Eurotech Iasi\" \/>\n<meta property=\"og:description\" content=\"Echipament pentru frigotehnie ROKLIMA MULTI 4F complet automatizat pentru punerea in functiune si intretinerea instalatiilor de climatizare.\" \/>\n<meta property=\"og:url\" content=\"https:\/\/eurotech-iasi.ro\/magazinonline\/produs\/echipament-pentru-frigotehnie-roklima-multi-4f-rothenberger\/\" \/>\n<meta property=\"og:site_name\" content=\"Eurotech Iasi\" \/>\n<meta property=\"article:publisher\" content=\"https:\/\/www.facebook.com\/EurotechIasi\/\" \/>\n<meta property=\"article:modified_time\" content=\"2026-04-09T05:47:48+00:00\" \/>\n<meta property=\"og:image\" content=\"https:\/\/eurotech-iasi.ro\/magazinonline\/wp-content\/uploads\/2019\/11\/echipament-pentru-frigotehnie-roklima-multi-4f-iasi-eurotech.jpg\" \/>\n\t<meta property=\"og:image:width\" content=\"710\" \/>\n\t<meta property=\"og:image:height\" content=\"710\" \/>\n\t<meta property=\"og:image:type\" content=\"image\/jpeg\" \/>\n<meta name=\"twitter:label1\" content=\"Timp estimat pentru citire\" \/>\n\t<meta name=\"twitter:data1\" content=\"1 minut\" \/>\n<script type=\"application\/ld+json\" class=\"yoast-schema-graph\">{\"@context\":\"https:\\\/\\\/schema.org\",\"@graph\":[{\"@type\":\"WebPage\",\"@id\":\"https:\\\/\\\/eurotech-iasi.ro\\\/magazinonline\\\/produs\\\/echipament-pentru-frigotehnie-roklima-multi-4f-rothenberger\\\/\",\"url\":\"https:\\\/\\\/eurotech-iasi.ro\\\/magazinonline\\\/produs\\\/echipament-pentru-frigotehnie-roklima-multi-4f-rothenberger\\\/\",\"name\":\"Echipament pentru frigotehnie ROKLIMA MULTI 4F ROTHENBERGER - Eurotech Iasi\",\"isPartOf\":{\"@id\":\"https:\\\/\\\/eurotech-iasi.ro\\\/magazinonline\\\/#website\"},\"primaryImageOfPage\":{\"@id\":\"https:\\\/\\\/eurotech-iasi.ro\\\/magazinonline\\\/produs\\\/echipament-pentru-frigotehnie-roklima-multi-4f-rothenberger\\\/#primaryimage\"},\"image\":{\"@id\":\"https:\\\/\\\/eurotech-iasi.ro\\\/magazinonline\\\/produs\\\/echipament-pentru-frigotehnie-roklima-multi-4f-rothenberger\\\/#primaryimage\"},\"thumbnailUrl\":\"https:\\\/\\\/eurotech-iasi.ro\\\/magazinonline\\\/wp-content\\\/uploads\\\/2019\\\/11\\\/echipament-pentru-frigotehnie-roklima-multi-4f-iasi-eurotech.jpg\",\"datePublished\":\"2019-11-18T12:17:55+00:00\",\"dateModified\":\"2026-04-09T05:47:48+00:00\",\"description\":\"Echipament pentru frigotehnie ROKLIMA MULTI 4F complet automatizat pentru punerea in functiune si intretinerea instalatiilor de climatizare.\",\"breadcrumb\":{\"@id\":\"https:\\\/\\\/eurotech-iasi.ro\\\/magazinonline\\\/produs\\\/echipament-pentru-frigotehnie-roklima-multi-4f-rothenberger\\\/#breadcrumb\"},\"inLanguage\":\"ro-RO\",\"potentialAction\":[{\"@type\":\"ReadAction\",\"target\":[\"https:\\\/\\\/eurotech-iasi.ro\\\/magazinonline\\\/produs\\\/echipament-pentru-frigotehnie-roklima-multi-4f-rothenberger\\\/\"]}]},{\"@type\":\"ImageObject\",\"inLanguage\":\"ro-RO\",\"@id\":\"https:\\\/\\\/eurotech-iasi.ro\\\/magazinonline\\\/produs\\\/echipament-pentru-frigotehnie-roklima-multi-4f-rothenberger\\\/#primaryimage\",\"url\":\"https:\\\/\\\/eurotech-iasi.ro\\\/magazinonline\\\/wp-content\\\/uploads\\\/2019\\\/11\\\/echipament-pentru-frigotehnie-roklima-multi-4f-iasi-eurotech.jpg\",\"contentUrl\":\"https:\\\/\\\/eurotech-iasi.ro\\\/magazinonline\\\/wp-content\\\/uploads\\\/2019\\\/11\\\/echipament-pentru-frigotehnie-roklima-multi-4f-iasi-eurotech.jpg\",\"width\":710,\"height\":710},{\"@type\":\"BreadcrumbList\",\"@id\":\"https:\\\/\\\/eurotech-iasi.ro\\\/magazinonline\\\/produs\\\/echipament-pentru-frigotehnie-roklima-multi-4f-rothenberger\\\/#breadcrumb\",\"itemListElement\":[{\"@type\":\"ListItem\",\"position\":1,\"name\":\"Prima pagin\u0103\",\"item\":\"https:\\\/\\\/eurotech-iasi.ro\\\/magazinonline\\\/\"},{\"@type\":\"ListItem\",\"position\":2,\"name\":\"Shop\",\"item\":\"https:\\\/\\\/eurotech-iasi.ro\\\/magazinonline\\\/shop\\\/\"},{\"@type\":\"ListItem\",\"position\":3,\"name\":\"Echipament pentru frigotehnie ROKLIMA MULTI 4F ROTHENBERGER\"}]},{\"@type\":\"WebSite\",\"@id\":\"https:\\\/\\\/eurotech-iasi.ro\\\/magazinonline\\\/#website\",\"url\":\"https:\\\/\\\/eurotech-iasi.ro\\\/magazinonline\\\/\",\"name\":\"Eurotech Iasi\",\"description\":\"Cu oameni seriosi\",\"publisher\":{\"@id\":\"https:\\\/\\\/eurotech-iasi.ro\\\/magazinonline\\\/#organization\"},\"potentialAction\":[{\"@type\":\"SearchAction\",\"target\":{\"@type\":\"EntryPoint\",\"urlTemplate\":\"https:\\\/\\\/eurotech-iasi.ro\\\/magazinonline\\\/?s={search_term_string}\"},\"query-input\":{\"@type\":\"PropertyValueSpecification\",\"valueRequired\":true,\"valueName\":\"search_term_string\"}}],\"inLanguage\":\"ro-RO\"},{\"@type\":\"Organization\",\"@id\":\"https:\\\/\\\/eurotech-iasi.ro\\\/magazinonline\\\/#organization\",\"name\":\"Eurotech Iasi\",\"url\":\"https:\\\/\\\/eurotech-iasi.ro\\\/magazinonline\\\/\",\"logo\":{\"@type\":\"ImageObject\",\"inLanguage\":\"ro-RO\",\"@id\":\"https:\\\/\\\/eurotech-iasi.ro\\\/magazinonline\\\/#\\\/schema\\\/logo\\\/image\\\/\",\"url\":\"https:\\\/\\\/eurotech-iasi.ro\\\/magazinonline\\\/wp-content\\\/uploads\\\/2020\\\/08\\\/logo-eurotech.png\",\"contentUrl\":\"https:\\\/\\\/eurotech-iasi.ro\\\/magazinonline\\\/wp-content\\\/uploads\\\/2020\\\/08\\\/logo-eurotech.png\",\"width\":290,\"height\":70,\"caption\":\"Eurotech Iasi\"},\"image\":{\"@id\":\"https:\\\/\\\/eurotech-iasi.ro\\\/magazinonline\\\/#\\\/schema\\\/logo\\\/image\\\/\"},\"sameAs\":[\"https:\\\/\\\/www.facebook.com\\\/EurotechIasi\\\/\"]}]}<\/script>\n<!-- \/ Yoast SEO plugin. -->","yoast_head_json":{"title":"Echipament pentru frigotehnie ROKLIMA MULTI 4F ROTHENBERGER - Eurotech Iasi","description":"Echipament pentru frigotehnie ROKLIMA MULTI 4F complet automatizat pentru punerea in functiune si intretinerea instalatiilor de climatizare.","robots":{"index":"index","follow":"follow","max-snippet":"max-snippet:-1","max-image-preview":"max-image-preview:large","max-video-preview":"max-video-preview:-1"},"canonical":"https:\/\/eurotech-iasi.ro\/magazinonline\/produs\/echipament-pentru-frigotehnie-roklima-multi-4f-rothenberger\/","og_locale":"ro_RO","og_type":"article","og_title":"Echipament pentru frigotehnie ROKLIMA MULTI 4F ROTHENBERGER - Eurotech Iasi","og_description":"Echipament pentru frigotehnie ROKLIMA MULTI 4F complet automatizat pentru punerea in functiune si intretinerea instalatiilor de climatizare.","og_url":"https:\/\/eurotech-iasi.ro\/magazinonline\/produs\/echipament-pentru-frigotehnie-roklima-multi-4f-rothenberger\/","og_site_name":"Eurotech Iasi","article_publisher":"https:\/\/www.facebook.com\/EurotechIasi\/","article_modified_time":"2026-04-09T05:47:48+00:00","og_image":[{"width":710,"height":710,"url":"https:\/\/eurotech-iasi.ro\/magazinonline\/wp-content\/uploads\/2019\/11\/echipament-pentru-frigotehnie-roklima-multi-4f-iasi-eurotech.jpg","type":"image\/jpeg"}],"twitter_misc":{"Timp estimat pentru citire":"1 minut"},"schema":{"@context":"https:\/\/schema.org","@graph":[{"@type":"WebPage","@id":"https:\/\/eurotech-iasi.ro\/magazinonline\/produs\/echipament-pentru-frigotehnie-roklima-multi-4f-rothenberger\/","url":"https:\/\/eurotech-iasi.ro\/magazinonline\/produs\/echipament-pentru-frigotehnie-roklima-multi-4f-rothenberger\/","name":"Echipament pentru frigotehnie ROKLIMA MULTI 4F ROTHENBERGER - Eurotech Iasi","isPartOf":{"@id":"https:\/\/eurotech-iasi.ro\/magazinonline\/#website"},"primaryImageOfPage":{"@id":"https:\/\/eurotech-iasi.ro\/magazinonline\/produs\/echipament-pentru-frigotehnie-roklima-multi-4f-rothenberger\/#primaryimage"},"image":{"@id":"https:\/\/eurotech-iasi.ro\/magazinonline\/produs\/echipament-pentru-frigotehnie-roklima-multi-4f-rothenberger\/#primaryimage"},"thumbnailUrl":"https:\/\/eurotech-iasi.ro\/magazinonline\/wp-content\/uploads\/2019\/11\/echipament-pentru-frigotehnie-roklima-multi-4f-iasi-eurotech.jpg","datePublished":"2019-11-18T12:17:55+00:00","dateModified":"2026-04-09T05:47:48+00:00","description":"Echipament pentru frigotehnie ROKLIMA MULTI 4F complet automatizat pentru punerea in functiune si intretinerea instalatiilor de climatizare.","breadcrumb":{"@id":"https:\/\/eurotech-iasi.ro\/magazinonline\/produs\/echipament-pentru-frigotehnie-roklima-multi-4f-rothenberger\/#breadcrumb"},"inLanguage":"ro-RO","potentialAction":[{"@type":"ReadAction","target":["https:\/\/eurotech-iasi.ro\/magazinonline\/produs\/echipament-pentru-frigotehnie-roklima-multi-4f-rothenberger\/"]}]},{"@type":"ImageObject","inLanguage":"ro-RO","@id":"https:\/\/eurotech-iasi.ro\/magazinonline\/produs\/echipament-pentru-frigotehnie-roklima-multi-4f-rothenberger\/#primaryimage","url":"https:\/\/eurotech-iasi.ro\/magazinonline\/wp-content\/uploads\/2019\/11\/echipament-pentru-frigotehnie-roklima-multi-4f-iasi-eurotech.jpg","contentUrl":"https:\/\/eurotech-iasi.ro\/magazinonline\/wp-content\/uploads\/2019\/11\/echipament-pentru-frigotehnie-roklima-multi-4f-iasi-eurotech.jpg","width":710,"height":710},{"@type":"BreadcrumbList","@id":"https:\/\/eurotech-iasi.ro\/magazinonline\/produs\/echipament-pentru-frigotehnie-roklima-multi-4f-rothenberger\/#breadcrumb","itemListElement":[{"@type":"ListItem","position":1,"name":"Prima pagin\u0103","item":"https:\/\/eurotech-iasi.ro\/magazinonline\/"},{"@type":"ListItem","position":2,"name":"Shop","item":"https:\/\/eurotech-iasi.ro\/magazinonline\/shop\/"},{"@type":"ListItem","position":3,"name":"Echipament pentru frigotehnie ROKLIMA MULTI 4F ROTHENBERGER"}]},{"@type":"WebSite","@id":"https:\/\/eurotech-iasi.ro\/magazinonline\/#website","url":"https:\/\/eurotech-iasi.ro\/magazinonline\/","name":"Eurotech Iasi","description":"Cu oameni seriosi","publisher":{"@id":"https:\/\/eurotech-iasi.ro\/magazinonline\/#organization"},"potentialAction":[{"@type":"SearchAction","target":{"@type":"EntryPoint","urlTemplate":"https:\/\/eurotech-iasi.ro\/magazinonline\/?s={search_term_string}"},"query-input":{"@type":"PropertyValueSpecification","valueRequired":true,"valueName":"search_term_string"}}],"inLanguage":"ro-RO"},{"@type":"Organization","@id":"https:\/\/eurotech-iasi.ro\/magazinonline\/#organization","name":"Eurotech Iasi","url":"https:\/\/eurotech-iasi.ro\/magazinonline\/","logo":{"@type":"ImageObject","inLanguage":"ro-RO","@id":"https:\/\/eurotech-iasi.ro\/magazinonline\/#\/schema\/logo\/image\/","url":"https:\/\/eurotech-iasi.ro\/magazinonline\/wp-content\/uploads\/2020\/08\/logo-eurotech.png","contentUrl":"https:\/\/eurotech-iasi.ro\/magazinonline\/wp-content\/uploads\/2020\/08\/logo-eurotech.png","width":290,"height":70,"caption":"Eurotech Iasi"},"image":{"@id":"https:\/\/eurotech-iasi.ro\/magazinonline\/#\/schema\/logo\/image\/"},"sameAs":["https:\/\/www.facebook.com\/EurotechIasi\/"]}]}},"_links":{"self":[{"href":"https:\/\/eurotech-iasi.ro\/magazinonline\/wp-json\/wp\/v2\/product\/37373","targetHints":{"allow":["GET"]}}],"collection":[{"href":"https:\/\/eurotech-iasi.ro\/magazinonline\/wp-json\/wp\/v2\/product"}],"about":[{"href":"https:\/\/eurotech-iasi.ro\/magazinonline\/wp-json\/wp\/v2\/types\/product"}],"replies":[{"embeddable":true,"href":"https:\/\/eurotech-iasi.ro\/magazinonline\/wp-json\/wp\/v2\/comments?post=37373"}],"wp:featuredmedia":[{"embeddable":true,"href":"https:\/\/eurotech-iasi.ro\/magazinonline\/wp-json\/wp\/v2\/media\/37374"}],"wp:attachment":[{"href":"https:\/\/eurotech-iasi.ro\/magazinonline\/wp-json\/wp\/v2\/media?parent=37373"}],"wp:term":[{"taxonomy":"product_cat","embeddable":true,"href":"https:\/\/eurotech-iasi.ro\/magazinonline\/wp-json\/wp\/v2\/product_cat?post=37373"},{"taxonomy":"product_tag","embeddable":true,"href":"https:\/\/eurotech-iasi.ro\/magazinonline\/wp-json\/wp\/v2\/product_tag?post=37373"},{"taxonomy":"woo-feed-brand","embeddable":true,"href":"https:\/\/eurotech-iasi.ro\/magazinonline\/wp-json\/wp\/v2\/woo-feed-brand?post=37373"}],"curies":[{"name":"wp","href":"https:\/\/api.w.org\/{rel}","templated":true}]}}