{"id":41744,"date":"2019-12-10T13:21:36","date_gmt":"2019-12-10T11:21:36","guid":{"rendered":"https:\/\/eurotech-iasi.ro\/magazinonline\/?post_type=product&#038;p=41744"},"modified":"2025-12-16T16:27:30","modified_gmt":"2025-12-16T14:27:30","slug":"set-38-varfuri-speciale-uz-auto-1-4%e2%80%b3-1-2%e2%80%b3-bgs","status":"publish","type":"product","link":"https:\/\/eurotech-iasi.ro\/magazinonline\/produs\/set-38-varfuri-speciale-uz-auto-1-4%e2%80%b3-1-2%e2%80%b3-bgs\/","title":{"rendered":"Set 38 varfuri speciale uz auto 1\/4\u2033 + 1\/2\u2033 BGS"},"content":{"rendered":"<p>Acest <a title=\"Set 38 varfuri speciale uz auto 1\/4\u2033 + 1\/2\u2033 BGS\" href=\"https:\/\/eurotech-iasi.ro\/magazinonline\/produs\/set-38-varfuri-speciale-uz-auto-1-4%e2%80%b3-1-2%e2%80%b3-bgs\/\" rel=\"nofollow\"><strong>set 38 varfuri speciale uz auto 1\/4\u2033 + 1\/2\u2033 BGS<\/strong><\/a> contine varfuri torx si sunt cu antrenare <strong><em>1\/2&#8243;<\/em><\/strong>. Sunt ideale pentru a fi utilizate in service-uri auto.<\/p>\n<p><strong>Setul acesta contine urmatoarele piese:<\/strong><\/p>\n<ul>\n<li>7 profile T: T40-45-50-55-60-70 x 140 mm; T80 x 100 mm<\/li>\n<li>1 profil T cu gaura: T30 x 300 mm<\/li>\n<li>6 biti cu caneluri cu gaura: M9x100, M10x140, M12x140, M14x140, M16x100, M16x55<\/li>\n<li>1 bit cu canelur Otel Cr-Moi: M18x75<\/li>\n<li>4 biti RIBE: M7x240, M8x240, M9x100, M10x140<\/li>\n<li>1 bit hexagon intern cu bila : 5\u00d7160 mm<\/li>\n<li>4 biti hexagon intern: 10\u00d7140 mm, 11\u00d7140 mm, 13\u00d7140 mm, 7\u00d7230 mm<\/li>\n<li>5 biti hexagon intern: 14 \u2013 17 \u2013 19 \u2013 22 \u2013 24 x 50 mm<\/li>\n<li>9 biti TS antrenare 1\/4\u2033\u201d cu gaura: TS10-15-20-25-27-30-40-45-50<\/li>\n<\/ul>\n","protected":false},"excerpt":{"rendered":"<p><strong>Set 38 varfuri speciale uz auto 1\/4\u2033 + 1\/2\u2033 BGS<\/strong>, set profesional ce contine piese realizate din <em><strong>otel Cr-V <\/strong><\/em>si <em><strong>Cr-Mo<\/strong><\/em>.<\/p>\n<p><em><strong>Cod produs: BG-5184<\/strong><\/em><\/p>\n","protected":false},"featured_media":41747,"comment_status":"open","ping_status":"closed","template":"","meta":{"_acf_changed":false},"product_cat":[10054,9505,9086,4306],"product_tag":[],"woo-feed-brand":[],"class_list":{"0":"post-41744","1":"product","2":"type-product","3":"status-publish","4":"has-post-thumbnail","6":"product_brand-bgs","7":"product_cat-accesorii-scule-electrice-scule-electrice","8":"product_cat-accesorii-consumabile-scule-de-mana","9":"product_cat-scule-de-mana","10":"product_cat-scule-electrice","11":"pa_antrenare-1-2","12":"pa_brand-bgs","14":"first","15":"instock","16":"purchasable","17":"product-type-simple"},"acf":[],"yoast_head":"<!-- This site is optimized with the Yoast SEO plugin v27.3 - https:\/\/yoast.com\/product\/yoast-seo-wordpress\/ -->\n<title>Set 38 varfuri speciale uz auto 1\/4\u2033 + 1\/2\u2033 BGS - Eurotech Iasi<\/title>\n<meta name=\"description\" content=\"Set 38 varfuri speciale uz auto 1\/4\u2033 + 1\/2\u2033 BGS, set profesional ce contine piese realizate din otel Cr-V si Cr-Mo si au antrenare de 1\/2&quot;.\" \/>\n<meta name=\"robots\" content=\"index, follow, max-snippet:-1, max-image-preview:large, max-video-preview:-1\" \/>\n<link rel=\"canonical\" href=\"https:\/\/eurotech-iasi.ro\/magazinonline\/produs\/set-38-varfuri-speciale-uz-auto-1-4\u2033-1-2\u2033-bgs\/\" \/>\n<meta property=\"og:locale\" content=\"ro_RO\" \/>\n<meta property=\"og:type\" content=\"article\" \/>\n<meta property=\"og:title\" content=\"Set 38 varfuri speciale uz auto 1\/4\u2033 + 1\/2\u2033 BGS - Eurotech Iasi\" \/>\n<meta property=\"og:description\" content=\"Set 38 varfuri speciale uz auto 1\/4\u2033 + 1\/2\u2033 BGS, set profesional ce contine piese realizate din otel Cr-V si Cr-Mo si au antrenare de 1\/2&quot;.\" \/>\n<meta property=\"og:url\" content=\"https:\/\/eurotech-iasi.ro\/magazinonline\/produs\/set-38-varfuri-speciale-uz-auto-1-4\u2033-1-2\u2033-bgs\/\" \/>\n<meta property=\"og:site_name\" content=\"Eurotech Iasi\" \/>\n<meta property=\"article:publisher\" content=\"https:\/\/www.facebook.com\/EurotechIasi\/\" \/>\n<meta property=\"article:modified_time\" content=\"2025-12-16T14:27:30+00:00\" \/>\n<meta property=\"og:image\" content=\"https:\/\/eurotech-iasi.ro\/magazinonline\/wp-content\/uploads\/2019\/12\/set-38-varfuri-speciale-uz-auto-1-4-1-2-bgs-iasi-eurotech.jpg\" \/>\n\t<meta property=\"og:image:width\" content=\"710\" \/>\n\t<meta property=\"og:image:height\" content=\"710\" \/>\n\t<meta property=\"og:image:type\" content=\"image\/jpeg\" \/>\n<meta name=\"twitter:label1\" content=\"Timp estimat pentru citire\" \/>\n\t<meta name=\"twitter:data1\" content=\"1 minut\" \/>\n<script type=\"application\/ld+json\" class=\"yoast-schema-graph\">{\"@context\":\"https:\\\/\\\/schema.org\",\"@graph\":[{\"@type\":\"WebPage\",\"@id\":\"https:\\\/\\\/eurotech-iasi.ro\\\/magazinonline\\\/produs\\\/set-38-varfuri-speciale-uz-auto-1-4%e2%80%b3-1-2%e2%80%b3-bgs\\\/\",\"url\":\"https:\\\/\\\/eurotech-iasi.ro\\\/magazinonline\\\/produs\\\/set-38-varfuri-speciale-uz-auto-1-4%e2%80%b3-1-2%e2%80%b3-bgs\\\/\",\"name\":\"Set 38 varfuri speciale uz auto 1\\\/4\u2033 + 1\\\/2\u2033 BGS - Eurotech Iasi\",\"isPartOf\":{\"@id\":\"https:\\\/\\\/eurotech-iasi.ro\\\/magazinonline\\\/#website\"},\"primaryImageOfPage\":{\"@id\":\"https:\\\/\\\/eurotech-iasi.ro\\\/magazinonline\\\/produs\\\/set-38-varfuri-speciale-uz-auto-1-4%e2%80%b3-1-2%e2%80%b3-bgs\\\/#primaryimage\"},\"image\":{\"@id\":\"https:\\\/\\\/eurotech-iasi.ro\\\/magazinonline\\\/produs\\\/set-38-varfuri-speciale-uz-auto-1-4%e2%80%b3-1-2%e2%80%b3-bgs\\\/#primaryimage\"},\"thumbnailUrl\":\"https:\\\/\\\/eurotech-iasi.ro\\\/magazinonline\\\/wp-content\\\/uploads\\\/2019\\\/12\\\/set-38-varfuri-speciale-uz-auto-1-4-1-2-bgs-iasi-eurotech.jpg\",\"datePublished\":\"2019-12-10T11:21:36+00:00\",\"dateModified\":\"2025-12-16T14:27:30+00:00\",\"description\":\"Set 38 varfuri speciale uz auto 1\\\/4\u2033 + 1\\\/2\u2033 BGS, set profesional ce contine piese realizate din otel Cr-V si Cr-Mo si au antrenare de 1\\\/2\\\".\",\"breadcrumb\":{\"@id\":\"https:\\\/\\\/eurotech-iasi.ro\\\/magazinonline\\\/produs\\\/set-38-varfuri-speciale-uz-auto-1-4%e2%80%b3-1-2%e2%80%b3-bgs\\\/#breadcrumb\"},\"inLanguage\":\"ro-RO\",\"potentialAction\":[{\"@type\":\"ReadAction\",\"target\":[\"https:\\\/\\\/eurotech-iasi.ro\\\/magazinonline\\\/produs\\\/set-38-varfuri-speciale-uz-auto-1-4%e2%80%b3-1-2%e2%80%b3-bgs\\\/\"]}]},{\"@type\":\"ImageObject\",\"inLanguage\":\"ro-RO\",\"@id\":\"https:\\\/\\\/eurotech-iasi.ro\\\/magazinonline\\\/produs\\\/set-38-varfuri-speciale-uz-auto-1-4%e2%80%b3-1-2%e2%80%b3-bgs\\\/#primaryimage\",\"url\":\"https:\\\/\\\/eurotech-iasi.ro\\\/magazinonline\\\/wp-content\\\/uploads\\\/2019\\\/12\\\/set-38-varfuri-speciale-uz-auto-1-4-1-2-bgs-iasi-eurotech.jpg\",\"contentUrl\":\"https:\\\/\\\/eurotech-iasi.ro\\\/magazinonline\\\/wp-content\\\/uploads\\\/2019\\\/12\\\/set-38-varfuri-speciale-uz-auto-1-4-1-2-bgs-iasi-eurotech.jpg\",\"width\":710,\"height\":710,\"caption\":\"Set 38 varfuri speciale uz auto 1\\\/4\u2033 + 1\\\/2\u2033 BGS\"},{\"@type\":\"BreadcrumbList\",\"@id\":\"https:\\\/\\\/eurotech-iasi.ro\\\/magazinonline\\\/produs\\\/set-38-varfuri-speciale-uz-auto-1-4%e2%80%b3-1-2%e2%80%b3-bgs\\\/#breadcrumb\",\"itemListElement\":[{\"@type\":\"ListItem\",\"position\":1,\"name\":\"Prima pagin\u0103\",\"item\":\"https:\\\/\\\/eurotech-iasi.ro\\\/magazinonline\\\/\"},{\"@type\":\"ListItem\",\"position\":2,\"name\":\"Shop\",\"item\":\"https:\\\/\\\/eurotech-iasi.ro\\\/magazinonline\\\/shop\\\/\"},{\"@type\":\"ListItem\",\"position\":3,\"name\":\"Set 38 varfuri speciale uz auto 1\\\/4\u2033 + 1\\\/2\u2033 BGS\"}]},{\"@type\":\"WebSite\",\"@id\":\"https:\\\/\\\/eurotech-iasi.ro\\\/magazinonline\\\/#website\",\"url\":\"https:\\\/\\\/eurotech-iasi.ro\\\/magazinonline\\\/\",\"name\":\"Eurotech Iasi\",\"description\":\"Cu oameni seriosi\",\"publisher\":{\"@id\":\"https:\\\/\\\/eurotech-iasi.ro\\\/magazinonline\\\/#organization\"},\"potentialAction\":[{\"@type\":\"SearchAction\",\"target\":{\"@type\":\"EntryPoint\",\"urlTemplate\":\"https:\\\/\\\/eurotech-iasi.ro\\\/magazinonline\\\/?s={search_term_string}\"},\"query-input\":{\"@type\":\"PropertyValueSpecification\",\"valueRequired\":true,\"valueName\":\"search_term_string\"}}],\"inLanguage\":\"ro-RO\"},{\"@type\":\"Organization\",\"@id\":\"https:\\\/\\\/eurotech-iasi.ro\\\/magazinonline\\\/#organization\",\"name\":\"Eurotech Iasi\",\"url\":\"https:\\\/\\\/eurotech-iasi.ro\\\/magazinonline\\\/\",\"logo\":{\"@type\":\"ImageObject\",\"inLanguage\":\"ro-RO\",\"@id\":\"https:\\\/\\\/eurotech-iasi.ro\\\/magazinonline\\\/#\\\/schema\\\/logo\\\/image\\\/\",\"url\":\"https:\\\/\\\/eurotech-iasi.ro\\\/magazinonline\\\/wp-content\\\/uploads\\\/2020\\\/08\\\/logo-eurotech.png\",\"contentUrl\":\"https:\\\/\\\/eurotech-iasi.ro\\\/magazinonline\\\/wp-content\\\/uploads\\\/2020\\\/08\\\/logo-eurotech.png\",\"width\":290,\"height\":70,\"caption\":\"Eurotech Iasi\"},\"image\":{\"@id\":\"https:\\\/\\\/eurotech-iasi.ro\\\/magazinonline\\\/#\\\/schema\\\/logo\\\/image\\\/\"},\"sameAs\":[\"https:\\\/\\\/www.facebook.com\\\/EurotechIasi\\\/\"]}]}<\/script>\n<!-- \/ Yoast SEO plugin. -->","yoast_head_json":{"title":"Set 38 varfuri speciale uz auto 1\/4\u2033 + 1\/2\u2033 BGS - Eurotech Iasi","description":"Set 38 varfuri speciale uz auto 1\/4\u2033 + 1\/2\u2033 BGS, set profesional ce contine piese realizate din otel Cr-V si Cr-Mo si au antrenare de 1\/2\".","robots":{"index":"index","follow":"follow","max-snippet":"max-snippet:-1","max-image-preview":"max-image-preview:large","max-video-preview":"max-video-preview:-1"},"canonical":"https:\/\/eurotech-iasi.ro\/magazinonline\/produs\/set-38-varfuri-speciale-uz-auto-1-4\u2033-1-2\u2033-bgs\/","og_locale":"ro_RO","og_type":"article","og_title":"Set 38 varfuri speciale uz auto 1\/4\u2033 + 1\/2\u2033 BGS - Eurotech Iasi","og_description":"Set 38 varfuri speciale uz auto 1\/4\u2033 + 1\/2\u2033 BGS, set profesional ce contine piese realizate din otel Cr-V si Cr-Mo si au antrenare de 1\/2\".","og_url":"https:\/\/eurotech-iasi.ro\/magazinonline\/produs\/set-38-varfuri-speciale-uz-auto-1-4\u2033-1-2\u2033-bgs\/","og_site_name":"Eurotech Iasi","article_publisher":"https:\/\/www.facebook.com\/EurotechIasi\/","article_modified_time":"2025-12-16T14:27:30+00:00","og_image":[{"width":710,"height":710,"url":"https:\/\/eurotech-iasi.ro\/magazinonline\/wp-content\/uploads\/2019\/12\/set-38-varfuri-speciale-uz-auto-1-4-1-2-bgs-iasi-eurotech.jpg","type":"image\/jpeg"}],"twitter_misc":{"Timp estimat pentru citire":"1 minut"},"schema":{"@context":"https:\/\/schema.org","@graph":[{"@type":"WebPage","@id":"https:\/\/eurotech-iasi.ro\/magazinonline\/produs\/set-38-varfuri-speciale-uz-auto-1-4%e2%80%b3-1-2%e2%80%b3-bgs\/","url":"https:\/\/eurotech-iasi.ro\/magazinonline\/produs\/set-38-varfuri-speciale-uz-auto-1-4%e2%80%b3-1-2%e2%80%b3-bgs\/","name":"Set 38 varfuri speciale uz auto 1\/4\u2033 + 1\/2\u2033 BGS - Eurotech Iasi","isPartOf":{"@id":"https:\/\/eurotech-iasi.ro\/magazinonline\/#website"},"primaryImageOfPage":{"@id":"https:\/\/eurotech-iasi.ro\/magazinonline\/produs\/set-38-varfuri-speciale-uz-auto-1-4%e2%80%b3-1-2%e2%80%b3-bgs\/#primaryimage"},"image":{"@id":"https:\/\/eurotech-iasi.ro\/magazinonline\/produs\/set-38-varfuri-speciale-uz-auto-1-4%e2%80%b3-1-2%e2%80%b3-bgs\/#primaryimage"},"thumbnailUrl":"https:\/\/eurotech-iasi.ro\/magazinonline\/wp-content\/uploads\/2019\/12\/set-38-varfuri-speciale-uz-auto-1-4-1-2-bgs-iasi-eurotech.jpg","datePublished":"2019-12-10T11:21:36+00:00","dateModified":"2025-12-16T14:27:30+00:00","description":"Set 38 varfuri speciale uz auto 1\/4\u2033 + 1\/2\u2033 BGS, set profesional ce contine piese realizate din otel Cr-V si Cr-Mo si au antrenare de 1\/2\".","breadcrumb":{"@id":"https:\/\/eurotech-iasi.ro\/magazinonline\/produs\/set-38-varfuri-speciale-uz-auto-1-4%e2%80%b3-1-2%e2%80%b3-bgs\/#breadcrumb"},"inLanguage":"ro-RO","potentialAction":[{"@type":"ReadAction","target":["https:\/\/eurotech-iasi.ro\/magazinonline\/produs\/set-38-varfuri-speciale-uz-auto-1-4%e2%80%b3-1-2%e2%80%b3-bgs\/"]}]},{"@type":"ImageObject","inLanguage":"ro-RO","@id":"https:\/\/eurotech-iasi.ro\/magazinonline\/produs\/set-38-varfuri-speciale-uz-auto-1-4%e2%80%b3-1-2%e2%80%b3-bgs\/#primaryimage","url":"https:\/\/eurotech-iasi.ro\/magazinonline\/wp-content\/uploads\/2019\/12\/set-38-varfuri-speciale-uz-auto-1-4-1-2-bgs-iasi-eurotech.jpg","contentUrl":"https:\/\/eurotech-iasi.ro\/magazinonline\/wp-content\/uploads\/2019\/12\/set-38-varfuri-speciale-uz-auto-1-4-1-2-bgs-iasi-eurotech.jpg","width":710,"height":710,"caption":"Set 38 varfuri speciale uz auto 1\/4\u2033 + 1\/2\u2033 BGS"},{"@type":"BreadcrumbList","@id":"https:\/\/eurotech-iasi.ro\/magazinonline\/produs\/set-38-varfuri-speciale-uz-auto-1-4%e2%80%b3-1-2%e2%80%b3-bgs\/#breadcrumb","itemListElement":[{"@type":"ListItem","position":1,"name":"Prima pagin\u0103","item":"https:\/\/eurotech-iasi.ro\/magazinonline\/"},{"@type":"ListItem","position":2,"name":"Shop","item":"https:\/\/eurotech-iasi.ro\/magazinonline\/shop\/"},{"@type":"ListItem","position":3,"name":"Set 38 varfuri speciale uz auto 1\/4\u2033 + 1\/2\u2033 BGS"}]},{"@type":"WebSite","@id":"https:\/\/eurotech-iasi.ro\/magazinonline\/#website","url":"https:\/\/eurotech-iasi.ro\/magazinonline\/","name":"Eurotech Iasi","description":"Cu oameni seriosi","publisher":{"@id":"https:\/\/eurotech-iasi.ro\/magazinonline\/#organization"},"potentialAction":[{"@type":"SearchAction","target":{"@type":"EntryPoint","urlTemplate":"https:\/\/eurotech-iasi.ro\/magazinonline\/?s={search_term_string}"},"query-input":{"@type":"PropertyValueSpecification","valueRequired":true,"valueName":"search_term_string"}}],"inLanguage":"ro-RO"},{"@type":"Organization","@id":"https:\/\/eurotech-iasi.ro\/magazinonline\/#organization","name":"Eurotech Iasi","url":"https:\/\/eurotech-iasi.ro\/magazinonline\/","logo":{"@type":"ImageObject","inLanguage":"ro-RO","@id":"https:\/\/eurotech-iasi.ro\/magazinonline\/#\/schema\/logo\/image\/","url":"https:\/\/eurotech-iasi.ro\/magazinonline\/wp-content\/uploads\/2020\/08\/logo-eurotech.png","contentUrl":"https:\/\/eurotech-iasi.ro\/magazinonline\/wp-content\/uploads\/2020\/08\/logo-eurotech.png","width":290,"height":70,"caption":"Eurotech Iasi"},"image":{"@id":"https:\/\/eurotech-iasi.ro\/magazinonline\/#\/schema\/logo\/image\/"},"sameAs":["https:\/\/www.facebook.com\/EurotechIasi\/"]}]}},"_links":{"self":[{"href":"https:\/\/eurotech-iasi.ro\/magazinonline\/wp-json\/wp\/v2\/product\/41744","targetHints":{"allow":["GET"]}}],"collection":[{"href":"https:\/\/eurotech-iasi.ro\/magazinonline\/wp-json\/wp\/v2\/product"}],"about":[{"href":"https:\/\/eurotech-iasi.ro\/magazinonline\/wp-json\/wp\/v2\/types\/product"}],"replies":[{"embeddable":true,"href":"https:\/\/eurotech-iasi.ro\/magazinonline\/wp-json\/wp\/v2\/comments?post=41744"}],"wp:featuredmedia":[{"embeddable":true,"href":"https:\/\/eurotech-iasi.ro\/magazinonline\/wp-json\/wp\/v2\/media\/41747"}],"wp:attachment":[{"href":"https:\/\/eurotech-iasi.ro\/magazinonline\/wp-json\/wp\/v2\/media?parent=41744"}],"wp:term":[{"taxonomy":"product_cat","embeddable":true,"href":"https:\/\/eurotech-iasi.ro\/magazinonline\/wp-json\/wp\/v2\/product_cat?post=41744"},{"taxonomy":"product_tag","embeddable":true,"href":"https:\/\/eurotech-iasi.ro\/magazinonline\/wp-json\/wp\/v2\/product_tag?post=41744"},{"taxonomy":"woo-feed-brand","embeddable":true,"href":"https:\/\/eurotech-iasi.ro\/magazinonline\/wp-json\/wp\/v2\/woo-feed-brand?post=41744"}],"curies":[{"name":"wp","href":"https:\/\/api.w.org\/{rel}","templated":true}]}}