{"id":42906,"date":"2019-12-16T15:40:02","date_gmt":"2019-12-16T13:40:02","guid":{"rendered":"https:\/\/eurotech-iasi.ro\/magazinonline\/?post_type=product&#038;p=42906"},"modified":"2026-04-08T14:30:30","modified_gmt":"2026-04-08T11:30:30","slug":"masina-de-gaurit-cu-carota-rothenberger-rodiacut-150-rodiadrill-200","status":"publish","type":"product","link":"https:\/\/eurotech-iasi.ro\/magazinonline\/produs\/masina-de-gaurit-cu-carota-rothenberger-rodiacut-150-rodiadrill-200\/","title":{"rendered":"Masina de gaurit cu carota Rothenberger RODIACUT 150\/RODIADRILL 200"},"content":{"rendered":"<p><a title=\"Masina de carotat Rodiacut 150\/200\" href=\"https:\/\/eurotech-iasi.ro\/magazinonline\/produs\/masina-de-gaurit-cu-carota-rothenberger-rodiacut-150-rodiadrill-200\/\" rel=\"nofollow\"><strong>Masina de gaurit cu carota Rothenberger RODIACUT 150\/RODIADRILL 200 <\/strong><\/a>este un echipament cu 3 moduri de lucru. Ideala pentru gauriri intre \u00d8 10 \u2013 152 mm in beton armat sau pana la \u00d8 250 mm in zidarie. Conceput pentru gaurire umeda stationara in beton armat &#8211; \u00d8 10 &#8211; 200 mm, gaurire umeda manuala in beton armat &#8211; \u00d8 10 &#8211; 82 mm si gautire uscata manuala in zidarie &#8211; \u00d8 10 &#8211; 250 mm. Este o masina robusta si usoara, echipata cu coloana rezistenta la incovoiere. Alinierea rapida si exacta a stativului de foraj.<\/p>\n<p><strong>3 MODURI DE LUCRU CU UN SINGUR DISPOZITIV!<\/strong><\/p>\n<ul>\n<li>\u00d8 10\u2013132 mm pentru carotare umeda stationara in beton armat<\/li>\n<li>\u00d8 10\u201382 mm pentru carotare umeda actionata manual in beton armat<\/li>\n<li>\u00d8 10\u2013162 mm pentru carotare uscata manuala in zidarie<\/li>\n<\/ul>\n<h2><strong>Specificatii tehnice &#8211; Masina de gaurit cu carota Rothenberger RODIACUT 150\/RODIADRILL 200:<\/strong><\/h2>\n<p><strong>Putere:\u00a0<\/strong>2700 W<br \/>\n<strong>Moment max. de rotatie:\u00a0<\/strong>71 Nm<br \/>\n<strong>Diam. max. gaurire umeda:\u00a0<\/strong>152 mm<br \/>\n<strong>Sistem de prindere:\u00a0<\/strong>1\/2&#8243; + 1.1\/4\u201d<\/p>\n<p><strong>Set de livrare:<\/strong><\/p>\n<p><strong>Stativul <\/strong>RODIACUT 150<br \/>\n<strong>motorul <\/strong>Rodiadrill 200<br \/>\n<strong>Chei fixe <\/strong>19\/24\/36\/41<strong><br \/>\nCheie imbus <\/strong>6 mm<strong><br \/>\nFurtun <\/strong>de apa<strong><br \/>\nSet de prindere in beton <\/strong>FF35120<strong><br \/>\nGeant\u0103 <\/strong>pentru chei<\/p>\n<p><iframe loading=\"lazy\" title=\"YouTube video player\" src=\"https:\/\/www.youtube.com\/embed\/oWtnx9Duiq4\" width=\"560\" height=\"315\" frameborder=\"0\" allowfullscreen=\"allowfullscreen\"><\/iframe><\/p>\n","protected":false},"excerpt":{"rendered":"<p><strong>Masina de gaurit cu carota Rothenberger RODIACUT 150\/RODIADRILL 200<\/strong> masina robusta si usoara, ideala pentru gauriri intre \u00d8 10 \u2013 152 mm in beton armat sau pana la \u00d8 250 mm in zidarie.<\/p>\n<p><strong><em>Cod produs: FF34160<\/em><\/strong><\/p>\n<p><a href=\"https:\/\/eurotech-iasi.ro\/magazinonline\/wp-content\/uploads\/2019\/11\/CADOU-1-LITRU-ULEI-MOTOR-4.png\"><img loading=\"lazy\" decoding=\"async\" class=\"size-full wp-image-106255 alignleft\" src=\"https:\/\/eurotech-iasi.ro\/magazinonline\/wp-content\/uploads\/2019\/11\/CADOU-1-LITRU-ULEI-MOTOR-4.png\" alt=\"\" width=\"350\" height=\"350\" srcset=\"https:\/\/eurotech-iasi.ro\/magazinonline\/wp-content\/uploads\/2019\/11\/CADOU-1-LITRU-ULEI-MOTOR-4.png 350w, https:\/\/eurotech-iasi.ro\/magazinonline\/wp-content\/uploads\/2019\/11\/CADOU-1-LITRU-ULEI-MOTOR-4-300x300.png 300w, https:\/\/eurotech-iasi.ro\/magazinonline\/wp-content\/uploads\/2019\/11\/CADOU-1-LITRU-ULEI-MOTOR-4-150x150.png 150w, https:\/\/eurotech-iasi.ro\/magazinonline\/wp-content\/uploads\/2019\/11\/CADOU-1-LITRU-ULEI-MOTOR-4-100x100.png 100w\" sizes=\"auto, (max-width: 350px) 100vw, 350px\" \/><\/a><\/p>\n<h3><\/h3>\n<p>&nbsp;<\/p>\n","protected":false},"featured_media":42913,"comment_status":"open","ping_status":"closed","template":"","meta":{"_acf_changed":false},"product_cat":[6413,8218,11903,4345],"product_tag":[],"woo-feed-brand":[],"class_list":{"0":"post-42906","1":"product","2":"type-product","3":"status-publish","4":"has-post-thumbnail","6":"product_brand-rothenberger","7":"product_cat-extra-reduceri","8":"product_cat-masini-de-carotat","9":"product_cat-promotie-rothenberger","10":"product_cat-utilaje-de-constructii","11":"pa_brand-rothenberger","12":"pa_cuplu-71nm-vit-1-34nm-vit-2-17nm-vit-3","13":"pa_greutate-9-7-kg","14":"pa_lungime-cursa-480-mm","15":"pa_putere-iesire-2400-w","16":"pa_putere-intrare-2700-w","18":"first","19":"instock","20":"sale","21":"purchasable","22":"product-type-simple"},"acf":[],"yoast_head":"<!-- This site is optimized with the Yoast SEO plugin v27.5 - https:\/\/yoast.com\/product\/yoast-seo-wordpress\/ -->\n<title>Masina de gaurit cu carota Rothenberger RODIACUT 150\/RODIADRILL 200 - Eurotech Iasi<\/title>\n<meta name=\"description\" content=\"Masina de gaurit cu carota Rothenberger RODIACUT 150\/RODIADRILL 200, pentru gauriri intre \u00d8 10 \u2013 152 mm in beton armat sau pana la \u00d8 250 mm in zidarie.\" \/>\n<meta name=\"robots\" content=\"index, follow, max-snippet:-1, max-image-preview:large, max-video-preview:-1\" \/>\n<link rel=\"canonical\" href=\"https:\/\/eurotech-iasi.ro\/magazinonline\/produs\/masina-de-gaurit-cu-carota-rothenberger-rodiacut-150-rodiadrill-200\/\" \/>\n<meta property=\"og:locale\" content=\"ro_RO\" \/>\n<meta property=\"og:type\" content=\"article\" \/>\n<meta property=\"og:title\" content=\"Masina de gaurit cu carota Rothenberger RODIACUT 150\/RODIADRILL 200 - Eurotech Iasi\" \/>\n<meta property=\"og:description\" content=\"Masina de gaurit cu carota Rothenberger RODIACUT 150\/RODIADRILL 200, pentru gauriri intre \u00d8 10 \u2013 152 mm in beton armat sau pana la \u00d8 250 mm in zidarie.\" \/>\n<meta property=\"og:url\" content=\"https:\/\/eurotech-iasi.ro\/magazinonline\/produs\/masina-de-gaurit-cu-carota-rothenberger-rodiacut-150-rodiadrill-200\/\" \/>\n<meta property=\"og:site_name\" content=\"Eurotech Iasi\" \/>\n<meta property=\"article:publisher\" content=\"https:\/\/www.facebook.com\/EurotechIasi\/\" \/>\n<meta property=\"article:modified_time\" content=\"2026-04-08T11:30:30+00:00\" \/>\n<meta property=\"og:image\" content=\"https:\/\/eurotech-iasi.ro\/magazinonline\/wp-content\/uploads\/2019\/12\/masina-gaurit-carota-rothenberger-rodiacut150-rodiadrill200-eurotech-iasi.jpg\" \/>\n\t<meta property=\"og:image:width\" content=\"710\" \/>\n\t<meta property=\"og:image:height\" content=\"710\" \/>\n\t<meta property=\"og:image:type\" content=\"image\/jpeg\" \/>\n<meta name=\"twitter:label1\" content=\"Timp estimat pentru citire\" \/>\n\t<meta name=\"twitter:data1\" content=\"1 minut\" \/>\n<script type=\"application\/ld+json\" class=\"yoast-schema-graph\">{\"@context\":\"https:\\\/\\\/schema.org\",\"@graph\":[{\"@type\":\"WebPage\",\"@id\":\"https:\\\/\\\/eurotech-iasi.ro\\\/magazinonline\\\/produs\\\/masina-de-gaurit-cu-carota-rothenberger-rodiacut-150-rodiadrill-200\\\/\",\"url\":\"https:\\\/\\\/eurotech-iasi.ro\\\/magazinonline\\\/produs\\\/masina-de-gaurit-cu-carota-rothenberger-rodiacut-150-rodiadrill-200\\\/\",\"name\":\"Masina de gaurit cu carota Rothenberger RODIACUT 150\\\/RODIADRILL 200 - Eurotech Iasi\",\"isPartOf\":{\"@id\":\"https:\\\/\\\/eurotech-iasi.ro\\\/magazinonline\\\/#website\"},\"primaryImageOfPage\":{\"@id\":\"https:\\\/\\\/eurotech-iasi.ro\\\/magazinonline\\\/produs\\\/masina-de-gaurit-cu-carota-rothenberger-rodiacut-150-rodiadrill-200\\\/#primaryimage\"},\"image\":{\"@id\":\"https:\\\/\\\/eurotech-iasi.ro\\\/magazinonline\\\/produs\\\/masina-de-gaurit-cu-carota-rothenberger-rodiacut-150-rodiadrill-200\\\/#primaryimage\"},\"thumbnailUrl\":\"https:\\\/\\\/eurotech-iasi.ro\\\/magazinonline\\\/wp-content\\\/uploads\\\/2019\\\/12\\\/masina-gaurit-carota-rothenberger-rodiacut150-rodiadrill200-eurotech-iasi.jpg\",\"datePublished\":\"2019-12-16T13:40:02+00:00\",\"dateModified\":\"2026-04-08T11:30:30+00:00\",\"description\":\"Masina de gaurit cu carota Rothenberger RODIACUT 150\\\/RODIADRILL 200, pentru gauriri intre \u00d8 10 \u2013 152 mm in beton armat sau pana la \u00d8 250 mm in zidarie.\",\"breadcrumb\":{\"@id\":\"https:\\\/\\\/eurotech-iasi.ro\\\/magazinonline\\\/produs\\\/masina-de-gaurit-cu-carota-rothenberger-rodiacut-150-rodiadrill-200\\\/#breadcrumb\"},\"inLanguage\":\"ro-RO\",\"potentialAction\":[{\"@type\":\"ReadAction\",\"target\":[\"https:\\\/\\\/eurotech-iasi.ro\\\/magazinonline\\\/produs\\\/masina-de-gaurit-cu-carota-rothenberger-rodiacut-150-rodiadrill-200\\\/\"]}]},{\"@type\":\"ImageObject\",\"inLanguage\":\"ro-RO\",\"@id\":\"https:\\\/\\\/eurotech-iasi.ro\\\/magazinonline\\\/produs\\\/masina-de-gaurit-cu-carota-rothenberger-rodiacut-150-rodiadrill-200\\\/#primaryimage\",\"url\":\"https:\\\/\\\/eurotech-iasi.ro\\\/magazinonline\\\/wp-content\\\/uploads\\\/2019\\\/12\\\/masina-gaurit-carota-rothenberger-rodiacut150-rodiadrill200-eurotech-iasi.jpg\",\"contentUrl\":\"https:\\\/\\\/eurotech-iasi.ro\\\/magazinonline\\\/wp-content\\\/uploads\\\/2019\\\/12\\\/masina-gaurit-carota-rothenberger-rodiacut150-rodiadrill200-eurotech-iasi.jpg\",\"width\":710,\"height\":710,\"caption\":\"Masina de gaurit cu carota Rothenberger RODIACUT 150\\\/RODIADRILL 200\"},{\"@type\":\"BreadcrumbList\",\"@id\":\"https:\\\/\\\/eurotech-iasi.ro\\\/magazinonline\\\/produs\\\/masina-de-gaurit-cu-carota-rothenberger-rodiacut-150-rodiadrill-200\\\/#breadcrumb\",\"itemListElement\":[{\"@type\":\"ListItem\",\"position\":1,\"name\":\"Prima pagin\u0103\",\"item\":\"https:\\\/\\\/eurotech-iasi.ro\\\/magazinonline\\\/\"},{\"@type\":\"ListItem\",\"position\":2,\"name\":\"Shop\",\"item\":\"https:\\\/\\\/eurotech-iasi.ro\\\/magazinonline\\\/shop\\\/\"},{\"@type\":\"ListItem\",\"position\":3,\"name\":\"Masina de gaurit cu carota Rothenberger RODIACUT 150\\\/RODIADRILL 200\"}]},{\"@type\":\"WebSite\",\"@id\":\"https:\\\/\\\/eurotech-iasi.ro\\\/magazinonline\\\/#website\",\"url\":\"https:\\\/\\\/eurotech-iasi.ro\\\/magazinonline\\\/\",\"name\":\"Eurotech Iasi\",\"description\":\"Cu oameni seriosi\",\"publisher\":{\"@id\":\"https:\\\/\\\/eurotech-iasi.ro\\\/magazinonline\\\/#organization\"},\"potentialAction\":[{\"@type\":\"SearchAction\",\"target\":{\"@type\":\"EntryPoint\",\"urlTemplate\":\"https:\\\/\\\/eurotech-iasi.ro\\\/magazinonline\\\/?s={search_term_string}\"},\"query-input\":{\"@type\":\"PropertyValueSpecification\",\"valueRequired\":true,\"valueName\":\"search_term_string\"}}],\"inLanguage\":\"ro-RO\"},{\"@type\":\"Organization\",\"@id\":\"https:\\\/\\\/eurotech-iasi.ro\\\/magazinonline\\\/#organization\",\"name\":\"Eurotech Iasi\",\"url\":\"https:\\\/\\\/eurotech-iasi.ro\\\/magazinonline\\\/\",\"logo\":{\"@type\":\"ImageObject\",\"inLanguage\":\"ro-RO\",\"@id\":\"https:\\\/\\\/eurotech-iasi.ro\\\/magazinonline\\\/#\\\/schema\\\/logo\\\/image\\\/\",\"url\":\"https:\\\/\\\/eurotech-iasi.ro\\\/magazinonline\\\/wp-content\\\/uploads\\\/2020\\\/08\\\/logo-eurotech.png\",\"contentUrl\":\"https:\\\/\\\/eurotech-iasi.ro\\\/magazinonline\\\/wp-content\\\/uploads\\\/2020\\\/08\\\/logo-eurotech.png\",\"width\":290,\"height\":70,\"caption\":\"Eurotech Iasi\"},\"image\":{\"@id\":\"https:\\\/\\\/eurotech-iasi.ro\\\/magazinonline\\\/#\\\/schema\\\/logo\\\/image\\\/\"},\"sameAs\":[\"https:\\\/\\\/www.facebook.com\\\/EurotechIasi\\\/\"]}]}<\/script>\n<!-- \/ Yoast SEO plugin. -->","yoast_head_json":{"title":"Masina de gaurit cu carota Rothenberger RODIACUT 150\/RODIADRILL 200 - Eurotech Iasi","description":"Masina de gaurit cu carota Rothenberger RODIACUT 150\/RODIADRILL 200, pentru gauriri intre \u00d8 10 \u2013 152 mm in beton armat sau pana la \u00d8 250 mm in zidarie.","robots":{"index":"index","follow":"follow","max-snippet":"max-snippet:-1","max-image-preview":"max-image-preview:large","max-video-preview":"max-video-preview:-1"},"canonical":"https:\/\/eurotech-iasi.ro\/magazinonline\/produs\/masina-de-gaurit-cu-carota-rothenberger-rodiacut-150-rodiadrill-200\/","og_locale":"ro_RO","og_type":"article","og_title":"Masina de gaurit cu carota Rothenberger RODIACUT 150\/RODIADRILL 200 - Eurotech Iasi","og_description":"Masina de gaurit cu carota Rothenberger RODIACUT 150\/RODIADRILL 200, pentru gauriri intre \u00d8 10 \u2013 152 mm in beton armat sau pana la \u00d8 250 mm in zidarie.","og_url":"https:\/\/eurotech-iasi.ro\/magazinonline\/produs\/masina-de-gaurit-cu-carota-rothenberger-rodiacut-150-rodiadrill-200\/","og_site_name":"Eurotech Iasi","article_publisher":"https:\/\/www.facebook.com\/EurotechIasi\/","article_modified_time":"2026-04-08T11:30:30+00:00","og_image":[{"width":710,"height":710,"url":"https:\/\/eurotech-iasi.ro\/magazinonline\/wp-content\/uploads\/2019\/12\/masina-gaurit-carota-rothenberger-rodiacut150-rodiadrill200-eurotech-iasi.jpg","type":"image\/jpeg"}],"twitter_misc":{"Timp estimat pentru citire":"1 minut"},"schema":{"@context":"https:\/\/schema.org","@graph":[{"@type":"WebPage","@id":"https:\/\/eurotech-iasi.ro\/magazinonline\/produs\/masina-de-gaurit-cu-carota-rothenberger-rodiacut-150-rodiadrill-200\/","url":"https:\/\/eurotech-iasi.ro\/magazinonline\/produs\/masina-de-gaurit-cu-carota-rothenberger-rodiacut-150-rodiadrill-200\/","name":"Masina de gaurit cu carota Rothenberger RODIACUT 150\/RODIADRILL 200 - Eurotech Iasi","isPartOf":{"@id":"https:\/\/eurotech-iasi.ro\/magazinonline\/#website"},"primaryImageOfPage":{"@id":"https:\/\/eurotech-iasi.ro\/magazinonline\/produs\/masina-de-gaurit-cu-carota-rothenberger-rodiacut-150-rodiadrill-200\/#primaryimage"},"image":{"@id":"https:\/\/eurotech-iasi.ro\/magazinonline\/produs\/masina-de-gaurit-cu-carota-rothenberger-rodiacut-150-rodiadrill-200\/#primaryimage"},"thumbnailUrl":"https:\/\/eurotech-iasi.ro\/magazinonline\/wp-content\/uploads\/2019\/12\/masina-gaurit-carota-rothenberger-rodiacut150-rodiadrill200-eurotech-iasi.jpg","datePublished":"2019-12-16T13:40:02+00:00","dateModified":"2026-04-08T11:30:30+00:00","description":"Masina de gaurit cu carota Rothenberger RODIACUT 150\/RODIADRILL 200, pentru gauriri intre \u00d8 10 \u2013 152 mm in beton armat sau pana la \u00d8 250 mm in zidarie.","breadcrumb":{"@id":"https:\/\/eurotech-iasi.ro\/magazinonline\/produs\/masina-de-gaurit-cu-carota-rothenberger-rodiacut-150-rodiadrill-200\/#breadcrumb"},"inLanguage":"ro-RO","potentialAction":[{"@type":"ReadAction","target":["https:\/\/eurotech-iasi.ro\/magazinonline\/produs\/masina-de-gaurit-cu-carota-rothenberger-rodiacut-150-rodiadrill-200\/"]}]},{"@type":"ImageObject","inLanguage":"ro-RO","@id":"https:\/\/eurotech-iasi.ro\/magazinonline\/produs\/masina-de-gaurit-cu-carota-rothenberger-rodiacut-150-rodiadrill-200\/#primaryimage","url":"https:\/\/eurotech-iasi.ro\/magazinonline\/wp-content\/uploads\/2019\/12\/masina-gaurit-carota-rothenberger-rodiacut150-rodiadrill200-eurotech-iasi.jpg","contentUrl":"https:\/\/eurotech-iasi.ro\/magazinonline\/wp-content\/uploads\/2019\/12\/masina-gaurit-carota-rothenberger-rodiacut150-rodiadrill200-eurotech-iasi.jpg","width":710,"height":710,"caption":"Masina de gaurit cu carota Rothenberger RODIACUT 150\/RODIADRILL 200"},{"@type":"BreadcrumbList","@id":"https:\/\/eurotech-iasi.ro\/magazinonline\/produs\/masina-de-gaurit-cu-carota-rothenberger-rodiacut-150-rodiadrill-200\/#breadcrumb","itemListElement":[{"@type":"ListItem","position":1,"name":"Prima pagin\u0103","item":"https:\/\/eurotech-iasi.ro\/magazinonline\/"},{"@type":"ListItem","position":2,"name":"Shop","item":"https:\/\/eurotech-iasi.ro\/magazinonline\/shop\/"},{"@type":"ListItem","position":3,"name":"Masina de gaurit cu carota Rothenberger RODIACUT 150\/RODIADRILL 200"}]},{"@type":"WebSite","@id":"https:\/\/eurotech-iasi.ro\/magazinonline\/#website","url":"https:\/\/eurotech-iasi.ro\/magazinonline\/","name":"Eurotech Iasi","description":"Cu oameni seriosi","publisher":{"@id":"https:\/\/eurotech-iasi.ro\/magazinonline\/#organization"},"potentialAction":[{"@type":"SearchAction","target":{"@type":"EntryPoint","urlTemplate":"https:\/\/eurotech-iasi.ro\/magazinonline\/?s={search_term_string}"},"query-input":{"@type":"PropertyValueSpecification","valueRequired":true,"valueName":"search_term_string"}}],"inLanguage":"ro-RO"},{"@type":"Organization","@id":"https:\/\/eurotech-iasi.ro\/magazinonline\/#organization","name":"Eurotech Iasi","url":"https:\/\/eurotech-iasi.ro\/magazinonline\/","logo":{"@type":"ImageObject","inLanguage":"ro-RO","@id":"https:\/\/eurotech-iasi.ro\/magazinonline\/#\/schema\/logo\/image\/","url":"https:\/\/eurotech-iasi.ro\/magazinonline\/wp-content\/uploads\/2020\/08\/logo-eurotech.png","contentUrl":"https:\/\/eurotech-iasi.ro\/magazinonline\/wp-content\/uploads\/2020\/08\/logo-eurotech.png","width":290,"height":70,"caption":"Eurotech Iasi"},"image":{"@id":"https:\/\/eurotech-iasi.ro\/magazinonline\/#\/schema\/logo\/image\/"},"sameAs":["https:\/\/www.facebook.com\/EurotechIasi\/"]}]}},"_links":{"self":[{"href":"https:\/\/eurotech-iasi.ro\/magazinonline\/wp-json\/wp\/v2\/product\/42906","targetHints":{"allow":["GET"]}}],"collection":[{"href":"https:\/\/eurotech-iasi.ro\/magazinonline\/wp-json\/wp\/v2\/product"}],"about":[{"href":"https:\/\/eurotech-iasi.ro\/magazinonline\/wp-json\/wp\/v2\/types\/product"}],"replies":[{"embeddable":true,"href":"https:\/\/eurotech-iasi.ro\/magazinonline\/wp-json\/wp\/v2\/comments?post=42906"}],"wp:featuredmedia":[{"embeddable":true,"href":"https:\/\/eurotech-iasi.ro\/magazinonline\/wp-json\/wp\/v2\/media\/42913"}],"wp:attachment":[{"href":"https:\/\/eurotech-iasi.ro\/magazinonline\/wp-json\/wp\/v2\/media?parent=42906"}],"wp:term":[{"taxonomy":"product_cat","embeddable":true,"href":"https:\/\/eurotech-iasi.ro\/magazinonline\/wp-json\/wp\/v2\/product_cat?post=42906"},{"taxonomy":"product_tag","embeddable":true,"href":"https:\/\/eurotech-iasi.ro\/magazinonline\/wp-json\/wp\/v2\/product_tag?post=42906"},{"taxonomy":"woo-feed-brand","embeddable":true,"href":"https:\/\/eurotech-iasi.ro\/magazinonline\/wp-json\/wp\/v2\/woo-feed-brand?post=42906"}],"curies":[{"name":"wp","href":"https:\/\/api.w.org\/{rel}","templated":true}]}}