{"id":45673,"date":"2020-01-06T14:24:36","date_gmt":"2020-01-06T12:24:36","guid":{"rendered":"https:\/\/eurotech-iasi.ro\/magazinonline\/?post_type=product&#038;p=45673"},"modified":"2026-02-20T11:14:33","modified_gmt":"2026-02-20T09:14:33","slug":"mini-excavator-cu-senile-kato-imer-17vxe","status":"publish","type":"product","link":"https:\/\/eurotech-iasi.ro\/magazinonline\/produs\/mini-excavator-cu-senile-kato-imer-17vxe\/","title":{"rendered":"Mini-Excavator cu senile KATO-IMER 17VXE"},"content":{"rendered":"<h4>Mini-Excavator cu senile KATO-IMER 17VXE este un model ultra-compact ce utilizeaz\u0103 tehnologia ma\u0219inilor de clas\u0103 superioar\u0103. Puterea \u0219i viteza de s\u0103pare sunt asigurate atunci c\u00e2nd se lucreaz\u0103 \u00een spa\u021bii restr\u00e2nse: \u00een mici lucr\u0103ri de restructurare, \u00een opera\u021biuni de excavare \u0219i \u00eentre\u021binere a sistemelor de canalizare, \u00een tuneluri \u00een care utilajele mai mari nu pot func\u021biona, dar \u0219i \u00een sectorul gr\u0103din\u0103rit \u0219i pepinier\u0103.<\/h4>\n<ul>\n<li>Capacitate standard cupei: 0,044 m\u00b3<\/li>\n<li>Motor: Yanmar 3TNV70<\/li>\n<li>Viteza de orientare: 9,4 min-1<\/li>\n<li>Lungimea transportului:: 1570 mm<\/li>\n<\/ul>\n<h3><strong>Avantaje\u00a0 Mini-Excavator cu senile KATO-IMER 17VXE<\/strong><\/h3>\n<ul>\n<li>Motorul Yanmar 3TNV70 cu 3 cilindri are o vitez\u0103 de rota\u021bie sc\u0103zut\u0103 \u0219i o rat\u0103 de utilizare redus\u0103 pentru a \u00eembun\u0103t\u0103\u021bi durabilitatea \u0219i fiabilitatea \u00een timp. Eficien\u021ba ridicat\u0103 a motorului asigur\u0103 un consum redus de combustibil, un zgomot mai sc\u0103zut \u0219i limiteaz\u0103 emisiile poluante conform reglement\u0103rilor EPA Tier 4.<\/li>\n<li>\u00cen timpul rota\u021biei, cadrul se rote\u0219te \u00een interiorul conturului \u0219inelor cu c\u0103ruciorul l\u0103rgit, permi\u021b\u00e2nd o siguran\u021b\u0103 mai mare pentru ma\u0219in\u0103 \u0219i operator. \u00cen cazul \u00een care vagonul este \u00eenchis, accesul \u00een spa\u021biile restric\u021bionate se face mai u\u0219or.<\/li>\n<li>Sta\u021bia de lucru este confortabil\u0103 datorit\u0103 scaunului reglabil \u0219i cu arcuri, reglajului pe orizontal\u0103, sp\u0103tarului \u00eenclinat \u0219i aranjamentului ergonomic al comenzilor. Este echipat standard cu joystick-uri servoasistate care asigur\u0103 precizie maxim\u0103.<\/li>\n<li>Datorit\u0103 cadrului extensibil (980 \u2013 1300 mm), HD17VXE garanteaz\u0103 o siguran\u021b\u0103 considerabil\u0103 \u0219i o stabilitate opera\u021bional\u0103 \u00een timpul opera\u021biunilor de s\u0103pare lateral\u0103 \u0219i de ridicare \u00een spa\u021bii \u00eenguste sau pe teren deosebit de accidentat sau \u00een pant\u0103.<\/li>\n<\/ul>\n<p><strong>Specificatii tehnice Mini-Excavator cu senile KATO-IMER 17VXE:\u00a0<\/strong><\/p>\n<ul>\n<li>Motor Yanmar 3TNV70<\/li>\n<li>Nr cilindri \/ cilindree 3 \/ 854 cmc<\/li>\n<li>Putere nominal\u0103 10,5 kW \/ 2300 rpm<\/li>\n<li>Greutatea ma\u0219inii 1615 kg<\/li>\n<li>Greutate opera\u021bional\u0103 1690 kg<\/li>\n<li>Max. ad\u00e2ncime de s\u0103pare 2350 mm (cu bra\u021b lung)<\/li>\n<li>Raza de viraj fa\u021b\u0103 minim\u0103 1580 mm (cu bra\u021b lung)<\/li>\n<li>For\u021ba de s\u0103pat cup\u0103 1600 kgf<\/li>\n<li>L\u0103\u021bimea g\u0103le\u021bii standard 400 mm<\/li>\n<li>Capacitate g\u0103leat\u0103 standard 0,044 mc<\/li>\n<\/ul>\n","protected":false},"excerpt":{"rendered":"<h4>Mini-Excavator cu senile KATO-IMER 17VXE\u00a0este un utilaj robust si fiabil, ideal pentru lucrari de excavare in locuri restranse avand acces prin goluri de sub 1000 mm.<\/h4>\n<p><span style=\"color: #ff0000;\"><em><strong>*In vederea unei achizitii profitabile care sa corespunda pe deplin aplicatiei dvs. de lucru pentru acest produs, va rugam, sa solicitati o oferta personalizata. Costurile de transport vor fi specificate in oferta finala.<\/strong><\/em><\/span><\/p>\n","protected":false},"featured_media":109204,"comment_status":"open","ping_status":"closed","template":"","meta":{"_acf_changed":false},"product_cat":[10649],"product_tag":[],"woo-feed-brand":[],"class_list":{"0":"post-45673","1":"product","2":"type-product","3":"status-publish","4":"has-post-thumbnail","6":"product_brand-kato-imer","7":"product_cat-excavatoare","8":"pa_brand-kato-imer","9":"pa_dimensiuni-3486-x-980-x-2345-mm","10":"pa_greutate-1615-kg","11":"pa_tip-motor-yanmar-3tnv70","13":"first","14":"outofstock","15":"product-type-simple"},"acf":[],"yoast_head":"<!-- This site is optimized with the Yoast SEO plugin v27.5 - https:\/\/yoast.com\/product\/yoast-seo-wordpress\/ -->\n<title>Mini-Excavator cu senile KATO-IMER 17VXE - Eurotech Iasi<\/title>\n<meta name=\"description\" content=\"Mini-Excavator cu senile KATO-IMER 17VXE este un utilaj robust si fiabil, ideal pentru lucrari de excavare in locuri restranse.\" \/>\n<meta name=\"robots\" content=\"index, follow, max-snippet:-1, max-image-preview:large, max-video-preview:-1\" \/>\n<link rel=\"canonical\" href=\"https:\/\/eurotech-iasi.ro\/magazinonline\/produs\/mini-excavator-cu-senile-kato-imer-17vxe\/\" \/>\n<meta property=\"og:locale\" content=\"ro_RO\" \/>\n<meta property=\"og:type\" content=\"article\" \/>\n<meta property=\"og:title\" content=\"Mini-Excavator cu senile KATO-IMER 17VXE - Eurotech Iasi\" \/>\n<meta property=\"og:description\" content=\"Mini-Excavator cu senile KATO-IMER 17VXE este un utilaj robust si fiabil, ideal pentru lucrari de excavare in locuri restranse.\" \/>\n<meta property=\"og:url\" content=\"https:\/\/eurotech-iasi.ro\/magazinonline\/produs\/mini-excavator-cu-senile-kato-imer-17vxe\/\" \/>\n<meta property=\"og:site_name\" content=\"Eurotech Iasi\" \/>\n<meta property=\"article:publisher\" content=\"https:\/\/www.facebook.com\/EurotechIasi\/\" \/>\n<meta property=\"article:modified_time\" content=\"2026-02-20T09:14:33+00:00\" \/>\n<meta property=\"og:image\" content=\"https:\/\/eurotech-iasi.ro\/magazinonline\/wp-content\/uploads\/2020\/01\/Mini-Excavator-cu-senile-KATO-IMER-17VXE.png\" \/>\n\t<meta property=\"og:image:width\" content=\"750\" \/>\n\t<meta property=\"og:image:height\" content=\"750\" \/>\n\t<meta property=\"og:image:type\" content=\"image\/png\" \/>\n<meta name=\"twitter:label1\" content=\"Timp estimat pentru citire\" \/>\n\t<meta name=\"twitter:data1\" content=\"2 minute\" \/>\n<script type=\"application\/ld+json\" class=\"yoast-schema-graph\">{\"@context\":\"https:\\\/\\\/schema.org\",\"@graph\":[{\"@type\":\"WebPage\",\"@id\":\"https:\\\/\\\/eurotech-iasi.ro\\\/magazinonline\\\/produs\\\/mini-excavator-cu-senile-kato-imer-17vxe\\\/\",\"url\":\"https:\\\/\\\/eurotech-iasi.ro\\\/magazinonline\\\/produs\\\/mini-excavator-cu-senile-kato-imer-17vxe\\\/\",\"name\":\"Mini-Excavator cu senile KATO-IMER 17VXE - Eurotech Iasi\",\"isPartOf\":{\"@id\":\"https:\\\/\\\/eurotech-iasi.ro\\\/magazinonline\\\/#website\"},\"primaryImageOfPage\":{\"@id\":\"https:\\\/\\\/eurotech-iasi.ro\\\/magazinonline\\\/produs\\\/mini-excavator-cu-senile-kato-imer-17vxe\\\/#primaryimage\"},\"image\":{\"@id\":\"https:\\\/\\\/eurotech-iasi.ro\\\/magazinonline\\\/produs\\\/mini-excavator-cu-senile-kato-imer-17vxe\\\/#primaryimage\"},\"thumbnailUrl\":\"https:\\\/\\\/eurotech-iasi.ro\\\/magazinonline\\\/wp-content\\\/uploads\\\/2020\\\/01\\\/Mini-Excavator-cu-senile-KATO-IMER-17VXE.png\",\"datePublished\":\"2020-01-06T12:24:36+00:00\",\"dateModified\":\"2026-02-20T09:14:33+00:00\",\"description\":\"Mini-Excavator cu senile KATO-IMER 17VXE este un utilaj robust si fiabil, ideal pentru lucrari de excavare in locuri restranse.\",\"breadcrumb\":{\"@id\":\"https:\\\/\\\/eurotech-iasi.ro\\\/magazinonline\\\/produs\\\/mini-excavator-cu-senile-kato-imer-17vxe\\\/#breadcrumb\"},\"inLanguage\":\"ro-RO\",\"potentialAction\":[{\"@type\":\"ReadAction\",\"target\":[\"https:\\\/\\\/eurotech-iasi.ro\\\/magazinonline\\\/produs\\\/mini-excavator-cu-senile-kato-imer-17vxe\\\/\"]}]},{\"@type\":\"ImageObject\",\"inLanguage\":\"ro-RO\",\"@id\":\"https:\\\/\\\/eurotech-iasi.ro\\\/magazinonline\\\/produs\\\/mini-excavator-cu-senile-kato-imer-17vxe\\\/#primaryimage\",\"url\":\"https:\\\/\\\/eurotech-iasi.ro\\\/magazinonline\\\/wp-content\\\/uploads\\\/2020\\\/01\\\/Mini-Excavator-cu-senile-KATO-IMER-17VXE.png\",\"contentUrl\":\"https:\\\/\\\/eurotech-iasi.ro\\\/magazinonline\\\/wp-content\\\/uploads\\\/2020\\\/01\\\/Mini-Excavator-cu-senile-KATO-IMER-17VXE.png\",\"width\":750,\"height\":750,\"caption\":\"Mini-Excavator cu senile KATO-IMER 17VXE\"},{\"@type\":\"BreadcrumbList\",\"@id\":\"https:\\\/\\\/eurotech-iasi.ro\\\/magazinonline\\\/produs\\\/mini-excavator-cu-senile-kato-imer-17vxe\\\/#breadcrumb\",\"itemListElement\":[{\"@type\":\"ListItem\",\"position\":1,\"name\":\"Prima pagin\u0103\",\"item\":\"https:\\\/\\\/eurotech-iasi.ro\\\/magazinonline\\\/\"},{\"@type\":\"ListItem\",\"position\":2,\"name\":\"Shop\",\"item\":\"https:\\\/\\\/eurotech-iasi.ro\\\/magazinonline\\\/shop\\\/\"},{\"@type\":\"ListItem\",\"position\":3,\"name\":\"Mini-Excavator cu senile KATO-IMER 17VXE\"}]},{\"@type\":\"WebSite\",\"@id\":\"https:\\\/\\\/eurotech-iasi.ro\\\/magazinonline\\\/#website\",\"url\":\"https:\\\/\\\/eurotech-iasi.ro\\\/magazinonline\\\/\",\"name\":\"Eurotech Iasi\",\"description\":\"Cu oameni seriosi\",\"publisher\":{\"@id\":\"https:\\\/\\\/eurotech-iasi.ro\\\/magazinonline\\\/#organization\"},\"potentialAction\":[{\"@type\":\"SearchAction\",\"target\":{\"@type\":\"EntryPoint\",\"urlTemplate\":\"https:\\\/\\\/eurotech-iasi.ro\\\/magazinonline\\\/?s={search_term_string}\"},\"query-input\":{\"@type\":\"PropertyValueSpecification\",\"valueRequired\":true,\"valueName\":\"search_term_string\"}}],\"inLanguage\":\"ro-RO\"},{\"@type\":\"Organization\",\"@id\":\"https:\\\/\\\/eurotech-iasi.ro\\\/magazinonline\\\/#organization\",\"name\":\"Eurotech Iasi\",\"url\":\"https:\\\/\\\/eurotech-iasi.ro\\\/magazinonline\\\/\",\"logo\":{\"@type\":\"ImageObject\",\"inLanguage\":\"ro-RO\",\"@id\":\"https:\\\/\\\/eurotech-iasi.ro\\\/magazinonline\\\/#\\\/schema\\\/logo\\\/image\\\/\",\"url\":\"https:\\\/\\\/eurotech-iasi.ro\\\/magazinonline\\\/wp-content\\\/uploads\\\/2020\\\/08\\\/logo-eurotech.png\",\"contentUrl\":\"https:\\\/\\\/eurotech-iasi.ro\\\/magazinonline\\\/wp-content\\\/uploads\\\/2020\\\/08\\\/logo-eurotech.png\",\"width\":290,\"height\":70,\"caption\":\"Eurotech Iasi\"},\"image\":{\"@id\":\"https:\\\/\\\/eurotech-iasi.ro\\\/magazinonline\\\/#\\\/schema\\\/logo\\\/image\\\/\"},\"sameAs\":[\"https:\\\/\\\/www.facebook.com\\\/EurotechIasi\\\/\"]}]}<\/script>\n<!-- \/ Yoast SEO plugin. -->","yoast_head_json":{"title":"Mini-Excavator cu senile KATO-IMER 17VXE - Eurotech Iasi","description":"Mini-Excavator cu senile KATO-IMER 17VXE este un utilaj robust si fiabil, ideal pentru lucrari de excavare in locuri restranse.","robots":{"index":"index","follow":"follow","max-snippet":"max-snippet:-1","max-image-preview":"max-image-preview:large","max-video-preview":"max-video-preview:-1"},"canonical":"https:\/\/eurotech-iasi.ro\/magazinonline\/produs\/mini-excavator-cu-senile-kato-imer-17vxe\/","og_locale":"ro_RO","og_type":"article","og_title":"Mini-Excavator cu senile KATO-IMER 17VXE - Eurotech Iasi","og_description":"Mini-Excavator cu senile KATO-IMER 17VXE este un utilaj robust si fiabil, ideal pentru lucrari de excavare in locuri restranse.","og_url":"https:\/\/eurotech-iasi.ro\/magazinonline\/produs\/mini-excavator-cu-senile-kato-imer-17vxe\/","og_site_name":"Eurotech Iasi","article_publisher":"https:\/\/www.facebook.com\/EurotechIasi\/","article_modified_time":"2026-02-20T09:14:33+00:00","og_image":[{"width":750,"height":750,"url":"https:\/\/eurotech-iasi.ro\/magazinonline\/wp-content\/uploads\/2020\/01\/Mini-Excavator-cu-senile-KATO-IMER-17VXE.png","type":"image\/png"}],"twitter_misc":{"Timp estimat pentru citire":"2 minute"},"schema":{"@context":"https:\/\/schema.org","@graph":[{"@type":"WebPage","@id":"https:\/\/eurotech-iasi.ro\/magazinonline\/produs\/mini-excavator-cu-senile-kato-imer-17vxe\/","url":"https:\/\/eurotech-iasi.ro\/magazinonline\/produs\/mini-excavator-cu-senile-kato-imer-17vxe\/","name":"Mini-Excavator cu senile KATO-IMER 17VXE - Eurotech Iasi","isPartOf":{"@id":"https:\/\/eurotech-iasi.ro\/magazinonline\/#website"},"primaryImageOfPage":{"@id":"https:\/\/eurotech-iasi.ro\/magazinonline\/produs\/mini-excavator-cu-senile-kato-imer-17vxe\/#primaryimage"},"image":{"@id":"https:\/\/eurotech-iasi.ro\/magazinonline\/produs\/mini-excavator-cu-senile-kato-imer-17vxe\/#primaryimage"},"thumbnailUrl":"https:\/\/eurotech-iasi.ro\/magazinonline\/wp-content\/uploads\/2020\/01\/Mini-Excavator-cu-senile-KATO-IMER-17VXE.png","datePublished":"2020-01-06T12:24:36+00:00","dateModified":"2026-02-20T09:14:33+00:00","description":"Mini-Excavator cu senile KATO-IMER 17VXE este un utilaj robust si fiabil, ideal pentru lucrari de excavare in locuri restranse.","breadcrumb":{"@id":"https:\/\/eurotech-iasi.ro\/magazinonline\/produs\/mini-excavator-cu-senile-kato-imer-17vxe\/#breadcrumb"},"inLanguage":"ro-RO","potentialAction":[{"@type":"ReadAction","target":["https:\/\/eurotech-iasi.ro\/magazinonline\/produs\/mini-excavator-cu-senile-kato-imer-17vxe\/"]}]},{"@type":"ImageObject","inLanguage":"ro-RO","@id":"https:\/\/eurotech-iasi.ro\/magazinonline\/produs\/mini-excavator-cu-senile-kato-imer-17vxe\/#primaryimage","url":"https:\/\/eurotech-iasi.ro\/magazinonline\/wp-content\/uploads\/2020\/01\/Mini-Excavator-cu-senile-KATO-IMER-17VXE.png","contentUrl":"https:\/\/eurotech-iasi.ro\/magazinonline\/wp-content\/uploads\/2020\/01\/Mini-Excavator-cu-senile-KATO-IMER-17VXE.png","width":750,"height":750,"caption":"Mini-Excavator cu senile KATO-IMER 17VXE"},{"@type":"BreadcrumbList","@id":"https:\/\/eurotech-iasi.ro\/magazinonline\/produs\/mini-excavator-cu-senile-kato-imer-17vxe\/#breadcrumb","itemListElement":[{"@type":"ListItem","position":1,"name":"Prima pagin\u0103","item":"https:\/\/eurotech-iasi.ro\/magazinonline\/"},{"@type":"ListItem","position":2,"name":"Shop","item":"https:\/\/eurotech-iasi.ro\/magazinonline\/shop\/"},{"@type":"ListItem","position":3,"name":"Mini-Excavator cu senile KATO-IMER 17VXE"}]},{"@type":"WebSite","@id":"https:\/\/eurotech-iasi.ro\/magazinonline\/#website","url":"https:\/\/eurotech-iasi.ro\/magazinonline\/","name":"Eurotech Iasi","description":"Cu oameni seriosi","publisher":{"@id":"https:\/\/eurotech-iasi.ro\/magazinonline\/#organization"},"potentialAction":[{"@type":"SearchAction","target":{"@type":"EntryPoint","urlTemplate":"https:\/\/eurotech-iasi.ro\/magazinonline\/?s={search_term_string}"},"query-input":{"@type":"PropertyValueSpecification","valueRequired":true,"valueName":"search_term_string"}}],"inLanguage":"ro-RO"},{"@type":"Organization","@id":"https:\/\/eurotech-iasi.ro\/magazinonline\/#organization","name":"Eurotech Iasi","url":"https:\/\/eurotech-iasi.ro\/magazinonline\/","logo":{"@type":"ImageObject","inLanguage":"ro-RO","@id":"https:\/\/eurotech-iasi.ro\/magazinonline\/#\/schema\/logo\/image\/","url":"https:\/\/eurotech-iasi.ro\/magazinonline\/wp-content\/uploads\/2020\/08\/logo-eurotech.png","contentUrl":"https:\/\/eurotech-iasi.ro\/magazinonline\/wp-content\/uploads\/2020\/08\/logo-eurotech.png","width":290,"height":70,"caption":"Eurotech Iasi"},"image":{"@id":"https:\/\/eurotech-iasi.ro\/magazinonline\/#\/schema\/logo\/image\/"},"sameAs":["https:\/\/www.facebook.com\/EurotechIasi\/"]}]}},"_links":{"self":[{"href":"https:\/\/eurotech-iasi.ro\/magazinonline\/wp-json\/wp\/v2\/product\/45673","targetHints":{"allow":["GET"]}}],"collection":[{"href":"https:\/\/eurotech-iasi.ro\/magazinonline\/wp-json\/wp\/v2\/product"}],"about":[{"href":"https:\/\/eurotech-iasi.ro\/magazinonline\/wp-json\/wp\/v2\/types\/product"}],"replies":[{"embeddable":true,"href":"https:\/\/eurotech-iasi.ro\/magazinonline\/wp-json\/wp\/v2\/comments?post=45673"}],"wp:featuredmedia":[{"embeddable":true,"href":"https:\/\/eurotech-iasi.ro\/magazinonline\/wp-json\/wp\/v2\/media\/109204"}],"wp:attachment":[{"href":"https:\/\/eurotech-iasi.ro\/magazinonline\/wp-json\/wp\/v2\/media?parent=45673"}],"wp:term":[{"taxonomy":"product_cat","embeddable":true,"href":"https:\/\/eurotech-iasi.ro\/magazinonline\/wp-json\/wp\/v2\/product_cat?post=45673"},{"taxonomy":"product_tag","embeddable":true,"href":"https:\/\/eurotech-iasi.ro\/magazinonline\/wp-json\/wp\/v2\/product_tag?post=45673"},{"taxonomy":"woo-feed-brand","embeddable":true,"href":"https:\/\/eurotech-iasi.ro\/magazinonline\/wp-json\/wp\/v2\/woo-feed-brand?post=45673"}],"curies":[{"name":"wp","href":"https:\/\/api.w.org\/{rel}","templated":true}]}}