{"id":46337,"date":"2020-01-09T12:14:00","date_gmt":"2020-01-09T10:14:00","guid":{"rendered":"https:\/\/eurotech-iasi.ro\/magazinonline\/?post_type=product&#038;p=46337"},"modified":"2026-02-12T17:01:54","modified_gmt":"2026-02-12T15:01:54","slug":"masina-de-debitat-stihl-ts-710i","status":"publish","type":"product","link":"https:\/\/eurotech-iasi.ro\/magazinonline\/produs\/masina-de-debitat-stihl-ts-710i\/","title":{"rendered":"Masina de debitat Stihl TS 710i"},"content":{"rendered":"<p>Masina de debitat Stihl TS 710i este un utilaj foarte puternic \u0219i de \u00eenalt\u0103 performan\u021b\u0103 pentru utilizare profesional\u0103 \u00een ingineria civil\u0103 \u0219i construc\u021bia de drumuri, precum \u0219i pentru sarcini solicitante \u00een horticultur\u0103 \u0219i peisagistic\u0103. \u00cen gama de accesorii pentru motodebitatoare pute\u021bi g\u0103si o varietate de discuri de t\u0103iere, cum ar fi discurile de t\u0103iere diamantate, pentru a se potrivi diferitelor aplica\u021bii. Atunci c\u00e2nd cump\u0103ra\u021bi discuri de t\u0103iere, asigura\u021bi-v\u0103 c\u0103 selecta\u021bi dimensiunea potrivit\u0103 pentru utilajul dvs. \u0219i c\u0103 discurile de t\u0103iere sunt potrivite pentru materialele pe care dori\u021bi s\u0103 le t\u0103ia\u021bi<\/p>\n<p>Echipat cu sistemul inovator STIHL Injection, controlat electronic, puternicul motor STIHL 2-MIX al acestui motodebitator profesional, garanteaz\u0103 caracteristici de func\u021bionare foarte bune \u0219i un cuplu ridicat. Emisiile reduse \u0219i consumul eficient de combustibil sunt alte avantaje ale tehnologiei inovatoare a motorului.<\/p>\n<p>TS 710i poate fi pornit \u00een doar 2 pa\u0219i &#8211; iar sistemul STIHL Injection, sistemul STIHL ElastoStart cu cablu de pornire rezistent la uzur\u0103 \u0219i supapa de decompresie permit un proces de pornire simplu \u0219i lin, f\u0103r\u0103 sarcini sacadate.<\/p>\n<p>Motodebitatorul TS 710 i este potrivit pentru ad\u00e2ncimi de t\u0103iere de p\u00e2n\u0103 la 125 mm \u0219i poate fi manevrat manual. Designul ergonomic al m\u00e2nerului \u0219i, \u00een special, sistemul anti-vibra\u021bii STIHL asigur\u0103 protec\u021bia mu\u0219chilor \u0219i articula\u021biilor \u00een timpul lucrului. Designul sistemului anti-vibra\u021bii STIHL v\u0103 ajut\u0103, de asemenea, s\u0103 ghida\u021bi utilajul cu precizie \u00een timpul t\u0103ierii. V\u0103 recomand\u0103m utilizarea c\u0103ruciorului op\u021bional STIHL FW 20, care poate fi utilizat cu un adaptor, pentru t\u0103ieri precise \u0219i distan\u021be de t\u0103iere mai mari &#8211; de exemplu \u00een construc\u021bia de drumuri.<\/p>\n<p>Amplasarea racordului de ap\u0103 cu supap\u0103 sferic\u0103 pentru umezirea discului abraziv v\u0103 ajut\u0103 s\u0103 lucra\u021bi eficient. Datorit\u0103 sistemului de filtrare a aerului cu durat\u0103 lung\u0103 de via\u021b\u0103, intervalul de cur\u0103\u021bare este extins, asigur\u00e2ndu-v\u0103 c\u0103 pute\u021bi utiliza STIHL TS 710i pentru perioade mai lungi f\u0103r\u0103 \u00eentrerupere. Transmisia TS 710i poate fi u\u0219or retensionat\u0103 cu ajutorul func\u021biei semiautomate de tensionare a curelei, ceea ce prelunge\u0219te durata de via\u021b\u0103 a curelei \u0219i a rulmentului.<\/p>\n<h2><strong>Specificatii tehnice &#8211; Masina de debitat Stihl TS 710i:<\/strong><\/h2>\n<ul>\n<li>Capacitate cilindric\u0103 91.6 cm\u00b3<\/li>\n<li>Putere 5.20 kW<\/li>\n<li>CO2 682 g\/kWh<\/li>\n<li>Greutate unitar\u0103 f\u0103r\u0103 combustibil 12.3 kg 1)<\/li>\n<li>Diametrul discului de t\u0103iere 350 mm<\/li>\n<li>Ad\u00e2ncimea maxim\u0103 de t\u0103iere 125 mm<\/li>\n<li>Lungimea utilajului cu disc de t\u0103iere 82 cm<\/li>\n<li>Nivelul presiunii sonore 105 dB(A) 2)<\/li>\n<li>Nivelul puterii sonore 117 dB(A) 3)<\/li>\n<li>Valoarea K (nivelul presiunii acustice) 2 dB(A) 4)<\/li>\n<li>Valoarea vibra\u021biilor st\u00e2nga 4.4 m\/s\u00b2<\/li>\n<li>Valoarea vibra\u021biilor dreapta 3.9 m\/s\u00b2<\/li>\n<\/ul>\n<p>&nbsp;<\/p>\n","protected":false},"excerpt":{"rendered":"<h4>Masina de debitat Stihl TS 710i este un utilaj foarte puternic \u0219i de \u00eenalt\u0103 performan\u021b\u0103 pentru utilizare profesional\u0103 \u00een ingineria civil\u0103 \u0219i construc\u021bia de drumuri, precum \u0219i pentru sarcini solicitante \u00een horticultur\u0103 \u0219i peisagistic\u0103.<\/h4>\n<p><em><strong>Cod produs: TB010112800<\/strong><\/em><br \/>\n<span style=\"color: #ff0000;\"><em><a href=\"https:\/\/eurotech-iasi.ro\/magazinonline\/?attachment_id=87685\" rel=\"attachment wp-att-87685\"><img loading=\"lazy\" decoding=\"async\" class=\"wp-image-87685 aligncenter\" src=\"https:\/\/eurotech-iasi.ro\/magazinonline\/wp-content\/uploads\/2019\/06\/2-1-150x150.png\" alt=\"\" width=\"72\" height=\"72\" srcset=\"https:\/\/eurotech-iasi.ro\/magazinonline\/wp-content\/uploads\/2019\/06\/2-1-150x150.png 150w, https:\/\/eurotech-iasi.ro\/magazinonline\/wp-content\/uploads\/2019\/06\/2-1-100x100.png 100w, https:\/\/eurotech-iasi.ro\/magazinonline\/wp-content\/uploads\/2019\/06\/2-1.png 200w\" sizes=\"auto, (max-width: 72px) 100vw, 72px\" \/><\/a><\/em><\/span><\/p>\n<h5><span style=\"color: #eb782b;\"><em><strong>\u00a0<a href=\"https:\/\/eurotech-iasi.ro\/magazinonline\/termeni-si-conditii\/\">*Garan\u021bie 2 ani<\/a> + 6 luni Extra Garan\u021bie. <\/strong><\/em><\/span><\/h5>\n<h5><span style=\"color: #eb782b;\"><em><strong>\u00cenregistreaz\u0103\u00a0 produsul achizi\u021bionat de la noi, \u00een termen de <\/strong><\/em><\/span><span style=\"color: #003366;\"><em><strong>30 de zile de la cump\u0103rare<\/strong><\/em><\/span><span style=\"color: #eb782b;\"><em><strong>, pe site-ul oficial STIHL la adresa<a href=\"https:\/\/preg.stihl.com\/product?lang=RO_ro&amp;country=RO\">\u00a0preg.stihl.com<\/a> \u0219i profit\u0103 de prelungirea gratuit\u0103 a garan\u021biei cu 6 luni !<\/strong><\/em><\/span><\/h5>\n","protected":false},"featured_media":113951,"comment_status":"open","ping_status":"closed","template":"","meta":{"_acf_changed":false},"product_cat":[10695,4345],"product_tag":[],"woo-feed-brand":[],"class_list":{"0":"post-46337","1":"product","2":"type-product","3":"status-publish","4":"has-post-thumbnail","6":"product_brand-stihl","7":"product_cat-masini-de-taiat-beton-si-asfalt","8":"product_cat-utilaje-de-constructii","9":"pa_brand-stihl","10":"pa_greutate-11796","11":"pa_putere-5-2-kw","13":"first","14":"instock","15":"purchasable","16":"product-type-simple"},"acf":[],"yoast_head":"<!-- This site is optimized with the Yoast SEO plugin v27.3 - https:\/\/yoast.com\/product\/yoast-seo-wordpress\/ -->\n<title>Masina de debitat Stihl TS 710i - Eurotech Iasi<\/title>\n<meta name=\"description\" content=\"Masina de debitat Stihl TS 710i este un utilaj de debitat, foarte puternic cu o putere de 5,0 kW si performant cu sistem de filtrare a aerului.\" \/>\n<meta name=\"robots\" content=\"index, follow, max-snippet:-1, max-image-preview:large, max-video-preview:-1\" \/>\n<link rel=\"canonical\" href=\"https:\/\/eurotech-iasi.ro\/magazinonline\/produs\/masina-de-debitat-stihl-ts-710i\/\" \/>\n<meta property=\"og:locale\" content=\"ro_RO\" \/>\n<meta property=\"og:type\" content=\"article\" \/>\n<meta property=\"og:title\" content=\"Masina de debitat Stihl TS 710i - Eurotech Iasi\" \/>\n<meta property=\"og:description\" content=\"Masina de debitat Stihl TS 710i este un utilaj de debitat, foarte puternic cu o putere de 5,0 kW si performant cu sistem de filtrare a aerului.\" \/>\n<meta property=\"og:url\" content=\"https:\/\/eurotech-iasi.ro\/magazinonline\/produs\/masina-de-debitat-stihl-ts-710i\/\" \/>\n<meta property=\"og:site_name\" content=\"Eurotech Iasi\" \/>\n<meta property=\"article:publisher\" content=\"https:\/\/www.facebook.com\/EurotechIasi\/\" \/>\n<meta property=\"article:modified_time\" content=\"2026-02-12T15:01:54+00:00\" \/>\n<meta property=\"og:image\" content=\"https:\/\/eurotech-iasi.ro\/magazinonline\/wp-content\/uploads\/2020\/01\/Masina-de-debitat-Stihl-TS-710i.png\" \/>\n\t<meta property=\"og:image:width\" content=\"750\" \/>\n\t<meta property=\"og:image:height\" content=\"750\" \/>\n\t<meta property=\"og:image:type\" content=\"image\/png\" \/>\n<meta name=\"twitter:label1\" content=\"Timp estimat pentru citire\" \/>\n\t<meta name=\"twitter:data1\" content=\"3 minute\" \/>\n<script type=\"application\/ld+json\" class=\"yoast-schema-graph\">{\"@context\":\"https:\\\/\\\/schema.org\",\"@graph\":[{\"@type\":\"WebPage\",\"@id\":\"https:\\\/\\\/eurotech-iasi.ro\\\/magazinonline\\\/produs\\\/masina-de-debitat-stihl-ts-710i\\\/\",\"url\":\"https:\\\/\\\/eurotech-iasi.ro\\\/magazinonline\\\/produs\\\/masina-de-debitat-stihl-ts-710i\\\/\",\"name\":\"Masina de debitat Stihl TS 710i - Eurotech Iasi\",\"isPartOf\":{\"@id\":\"https:\\\/\\\/eurotech-iasi.ro\\\/magazinonline\\\/#website\"},\"primaryImageOfPage\":{\"@id\":\"https:\\\/\\\/eurotech-iasi.ro\\\/magazinonline\\\/produs\\\/masina-de-debitat-stihl-ts-710i\\\/#primaryimage\"},\"image\":{\"@id\":\"https:\\\/\\\/eurotech-iasi.ro\\\/magazinonline\\\/produs\\\/masina-de-debitat-stihl-ts-710i\\\/#primaryimage\"},\"thumbnailUrl\":\"https:\\\/\\\/eurotech-iasi.ro\\\/magazinonline\\\/wp-content\\\/uploads\\\/2020\\\/01\\\/Masina-de-debitat-Stihl-TS-710i.png\",\"datePublished\":\"2020-01-09T10:14:00+00:00\",\"dateModified\":\"2026-02-12T15:01:54+00:00\",\"description\":\"Masina de debitat Stihl TS 710i este un utilaj de debitat, foarte puternic cu o putere de 5,0 kW si performant cu sistem de filtrare a aerului.\",\"breadcrumb\":{\"@id\":\"https:\\\/\\\/eurotech-iasi.ro\\\/magazinonline\\\/produs\\\/masina-de-debitat-stihl-ts-710i\\\/#breadcrumb\"},\"inLanguage\":\"ro-RO\",\"potentialAction\":[{\"@type\":\"ReadAction\",\"target\":[\"https:\\\/\\\/eurotech-iasi.ro\\\/magazinonline\\\/produs\\\/masina-de-debitat-stihl-ts-710i\\\/\"]}]},{\"@type\":\"ImageObject\",\"inLanguage\":\"ro-RO\",\"@id\":\"https:\\\/\\\/eurotech-iasi.ro\\\/magazinonline\\\/produs\\\/masina-de-debitat-stihl-ts-710i\\\/#primaryimage\",\"url\":\"https:\\\/\\\/eurotech-iasi.ro\\\/magazinonline\\\/wp-content\\\/uploads\\\/2020\\\/01\\\/Masina-de-debitat-Stihl-TS-710i.png\",\"contentUrl\":\"https:\\\/\\\/eurotech-iasi.ro\\\/magazinonline\\\/wp-content\\\/uploads\\\/2020\\\/01\\\/Masina-de-debitat-Stihl-TS-710i.png\",\"width\":750,\"height\":750},{\"@type\":\"BreadcrumbList\",\"@id\":\"https:\\\/\\\/eurotech-iasi.ro\\\/magazinonline\\\/produs\\\/masina-de-debitat-stihl-ts-710i\\\/#breadcrumb\",\"itemListElement\":[{\"@type\":\"ListItem\",\"position\":1,\"name\":\"Prima pagin\u0103\",\"item\":\"https:\\\/\\\/eurotech-iasi.ro\\\/magazinonline\\\/\"},{\"@type\":\"ListItem\",\"position\":2,\"name\":\"Shop\",\"item\":\"https:\\\/\\\/eurotech-iasi.ro\\\/magazinonline\\\/shop\\\/\"},{\"@type\":\"ListItem\",\"position\":3,\"name\":\"Masina de debitat Stihl TS 710i\"}]},{\"@type\":\"WebSite\",\"@id\":\"https:\\\/\\\/eurotech-iasi.ro\\\/magazinonline\\\/#website\",\"url\":\"https:\\\/\\\/eurotech-iasi.ro\\\/magazinonline\\\/\",\"name\":\"Eurotech Iasi\",\"description\":\"Cu oameni seriosi\",\"publisher\":{\"@id\":\"https:\\\/\\\/eurotech-iasi.ro\\\/magazinonline\\\/#organization\"},\"potentialAction\":[{\"@type\":\"SearchAction\",\"target\":{\"@type\":\"EntryPoint\",\"urlTemplate\":\"https:\\\/\\\/eurotech-iasi.ro\\\/magazinonline\\\/?s={search_term_string}\"},\"query-input\":{\"@type\":\"PropertyValueSpecification\",\"valueRequired\":true,\"valueName\":\"search_term_string\"}}],\"inLanguage\":\"ro-RO\"},{\"@type\":\"Organization\",\"@id\":\"https:\\\/\\\/eurotech-iasi.ro\\\/magazinonline\\\/#organization\",\"name\":\"Eurotech Iasi\",\"url\":\"https:\\\/\\\/eurotech-iasi.ro\\\/magazinonline\\\/\",\"logo\":{\"@type\":\"ImageObject\",\"inLanguage\":\"ro-RO\",\"@id\":\"https:\\\/\\\/eurotech-iasi.ro\\\/magazinonline\\\/#\\\/schema\\\/logo\\\/image\\\/\",\"url\":\"https:\\\/\\\/eurotech-iasi.ro\\\/magazinonline\\\/wp-content\\\/uploads\\\/2020\\\/08\\\/logo-eurotech.png\",\"contentUrl\":\"https:\\\/\\\/eurotech-iasi.ro\\\/magazinonline\\\/wp-content\\\/uploads\\\/2020\\\/08\\\/logo-eurotech.png\",\"width\":290,\"height\":70,\"caption\":\"Eurotech Iasi\"},\"image\":{\"@id\":\"https:\\\/\\\/eurotech-iasi.ro\\\/magazinonline\\\/#\\\/schema\\\/logo\\\/image\\\/\"},\"sameAs\":[\"https:\\\/\\\/www.facebook.com\\\/EurotechIasi\\\/\"]}]}<\/script>\n<!-- \/ Yoast SEO plugin. -->","yoast_head_json":{"title":"Masina de debitat Stihl TS 710i - Eurotech Iasi","description":"Masina de debitat Stihl TS 710i este un utilaj de debitat, foarte puternic cu o putere de 5,0 kW si performant cu sistem de filtrare a aerului.","robots":{"index":"index","follow":"follow","max-snippet":"max-snippet:-1","max-image-preview":"max-image-preview:large","max-video-preview":"max-video-preview:-1"},"canonical":"https:\/\/eurotech-iasi.ro\/magazinonline\/produs\/masina-de-debitat-stihl-ts-710i\/","og_locale":"ro_RO","og_type":"article","og_title":"Masina de debitat Stihl TS 710i - Eurotech Iasi","og_description":"Masina de debitat Stihl TS 710i este un utilaj de debitat, foarte puternic cu o putere de 5,0 kW si performant cu sistem de filtrare a aerului.","og_url":"https:\/\/eurotech-iasi.ro\/magazinonline\/produs\/masina-de-debitat-stihl-ts-710i\/","og_site_name":"Eurotech Iasi","article_publisher":"https:\/\/www.facebook.com\/EurotechIasi\/","article_modified_time":"2026-02-12T15:01:54+00:00","og_image":[{"width":750,"height":750,"url":"https:\/\/eurotech-iasi.ro\/magazinonline\/wp-content\/uploads\/2020\/01\/Masina-de-debitat-Stihl-TS-710i.png","type":"image\/png"}],"twitter_misc":{"Timp estimat pentru citire":"3 minute"},"schema":{"@context":"https:\/\/schema.org","@graph":[{"@type":"WebPage","@id":"https:\/\/eurotech-iasi.ro\/magazinonline\/produs\/masina-de-debitat-stihl-ts-710i\/","url":"https:\/\/eurotech-iasi.ro\/magazinonline\/produs\/masina-de-debitat-stihl-ts-710i\/","name":"Masina de debitat Stihl TS 710i - Eurotech Iasi","isPartOf":{"@id":"https:\/\/eurotech-iasi.ro\/magazinonline\/#website"},"primaryImageOfPage":{"@id":"https:\/\/eurotech-iasi.ro\/magazinonline\/produs\/masina-de-debitat-stihl-ts-710i\/#primaryimage"},"image":{"@id":"https:\/\/eurotech-iasi.ro\/magazinonline\/produs\/masina-de-debitat-stihl-ts-710i\/#primaryimage"},"thumbnailUrl":"https:\/\/eurotech-iasi.ro\/magazinonline\/wp-content\/uploads\/2020\/01\/Masina-de-debitat-Stihl-TS-710i.png","datePublished":"2020-01-09T10:14:00+00:00","dateModified":"2026-02-12T15:01:54+00:00","description":"Masina de debitat Stihl TS 710i este un utilaj de debitat, foarte puternic cu o putere de 5,0 kW si performant cu sistem de filtrare a aerului.","breadcrumb":{"@id":"https:\/\/eurotech-iasi.ro\/magazinonline\/produs\/masina-de-debitat-stihl-ts-710i\/#breadcrumb"},"inLanguage":"ro-RO","potentialAction":[{"@type":"ReadAction","target":["https:\/\/eurotech-iasi.ro\/magazinonline\/produs\/masina-de-debitat-stihl-ts-710i\/"]}]},{"@type":"ImageObject","inLanguage":"ro-RO","@id":"https:\/\/eurotech-iasi.ro\/magazinonline\/produs\/masina-de-debitat-stihl-ts-710i\/#primaryimage","url":"https:\/\/eurotech-iasi.ro\/magazinonline\/wp-content\/uploads\/2020\/01\/Masina-de-debitat-Stihl-TS-710i.png","contentUrl":"https:\/\/eurotech-iasi.ro\/magazinonline\/wp-content\/uploads\/2020\/01\/Masina-de-debitat-Stihl-TS-710i.png","width":750,"height":750},{"@type":"BreadcrumbList","@id":"https:\/\/eurotech-iasi.ro\/magazinonline\/produs\/masina-de-debitat-stihl-ts-710i\/#breadcrumb","itemListElement":[{"@type":"ListItem","position":1,"name":"Prima pagin\u0103","item":"https:\/\/eurotech-iasi.ro\/magazinonline\/"},{"@type":"ListItem","position":2,"name":"Shop","item":"https:\/\/eurotech-iasi.ro\/magazinonline\/shop\/"},{"@type":"ListItem","position":3,"name":"Masina de debitat Stihl TS 710i"}]},{"@type":"WebSite","@id":"https:\/\/eurotech-iasi.ro\/magazinonline\/#website","url":"https:\/\/eurotech-iasi.ro\/magazinonline\/","name":"Eurotech Iasi","description":"Cu oameni seriosi","publisher":{"@id":"https:\/\/eurotech-iasi.ro\/magazinonline\/#organization"},"potentialAction":[{"@type":"SearchAction","target":{"@type":"EntryPoint","urlTemplate":"https:\/\/eurotech-iasi.ro\/magazinonline\/?s={search_term_string}"},"query-input":{"@type":"PropertyValueSpecification","valueRequired":true,"valueName":"search_term_string"}}],"inLanguage":"ro-RO"},{"@type":"Organization","@id":"https:\/\/eurotech-iasi.ro\/magazinonline\/#organization","name":"Eurotech Iasi","url":"https:\/\/eurotech-iasi.ro\/magazinonline\/","logo":{"@type":"ImageObject","inLanguage":"ro-RO","@id":"https:\/\/eurotech-iasi.ro\/magazinonline\/#\/schema\/logo\/image\/","url":"https:\/\/eurotech-iasi.ro\/magazinonline\/wp-content\/uploads\/2020\/08\/logo-eurotech.png","contentUrl":"https:\/\/eurotech-iasi.ro\/magazinonline\/wp-content\/uploads\/2020\/08\/logo-eurotech.png","width":290,"height":70,"caption":"Eurotech Iasi"},"image":{"@id":"https:\/\/eurotech-iasi.ro\/magazinonline\/#\/schema\/logo\/image\/"},"sameAs":["https:\/\/www.facebook.com\/EurotechIasi\/"]}]}},"_links":{"self":[{"href":"https:\/\/eurotech-iasi.ro\/magazinonline\/wp-json\/wp\/v2\/product\/46337","targetHints":{"allow":["GET"]}}],"collection":[{"href":"https:\/\/eurotech-iasi.ro\/magazinonline\/wp-json\/wp\/v2\/product"}],"about":[{"href":"https:\/\/eurotech-iasi.ro\/magazinonline\/wp-json\/wp\/v2\/types\/product"}],"replies":[{"embeddable":true,"href":"https:\/\/eurotech-iasi.ro\/magazinonline\/wp-json\/wp\/v2\/comments?post=46337"}],"wp:featuredmedia":[{"embeddable":true,"href":"https:\/\/eurotech-iasi.ro\/magazinonline\/wp-json\/wp\/v2\/media\/113951"}],"wp:attachment":[{"href":"https:\/\/eurotech-iasi.ro\/magazinonline\/wp-json\/wp\/v2\/media?parent=46337"}],"wp:term":[{"taxonomy":"product_cat","embeddable":true,"href":"https:\/\/eurotech-iasi.ro\/magazinonline\/wp-json\/wp\/v2\/product_cat?post=46337"},{"taxonomy":"product_tag","embeddable":true,"href":"https:\/\/eurotech-iasi.ro\/magazinonline\/wp-json\/wp\/v2\/product_tag?post=46337"},{"taxonomy":"woo-feed-brand","embeddable":true,"href":"https:\/\/eurotech-iasi.ro\/magazinonline\/wp-json\/wp\/v2\/woo-feed-brand?post=46337"}],"curies":[{"name":"wp","href":"https:\/\/api.w.org\/{rel}","templated":true}]}}