{"id":50009,"date":"2020-02-07T14:48:16","date_gmt":"2020-02-07T12:48:16","guid":{"rendered":"https:\/\/eurotech-iasi.ro\/magazinonline\/?post_type=product&#038;p=50009"},"modified":"2026-02-13T10:28:01","modified_gmt":"2026-02-13T08:28:01","slug":"masina-de-tuns-gazonul-stihl-rm-448-t","status":"publish","type":"product","link":"https:\/\/eurotech-iasi.ro\/magazinonline\/produs\/masina-de-tuns-gazonul-stihl-rm-448-t\/","title":{"rendered":"Masina de tuns gazonul Stihl RM 448 T"},"content":{"rendered":"<h4>Masina de tuns gazonul Stihl RM 448 T este ideala\u00a0pentru lucr\u0103ri private pe peluze de dimensiuni medii. Transmisia confortabil\u0103 cu o singur\u0103 vitez\u0103 v\u0103 ajut\u0103 s\u0103 avansa\u021bi eficient, \u00een special pe pante. Datorit\u0103 motorului puternic, \u00eengrijirea peluzei se face rapid.<\/h4>\n<p>Datorit\u0103 echip\u0103rii standard cu cu\u0163it multiplu, func\u021bie de mulcire integrat\u0103 \u0219i evacuare lateral\u0103, aceast\u0103 ma\u0219in\u0103 de tuns iarba este potrivit\u0103 at\u00e2t pentru tuns, c\u00e2t \u0219i pentru mulcire. Pute\u021bi colecta direct resturile de iarb\u0103 t\u0103iat\u0103 sau le pute\u021bi distribui pe gazon prin evacuarea lateral\u0103.<\/p>\n<p>Cu o l\u0103\u021bime de t\u0103iere de 46 cm, ro\u021bi cu rulare lin\u0103 \u0219i o carcas\u0103 robust\u0103 din polimer, ma\u0219ina de tuns iarba STIHL RM 448 T de la STIHL este potrivit\u0103 \u00een special pentru \u00eentre\u021binerea rapid\u0103 \u0219i eficient\u0103 a peluzelor de dimensiuni medii. Pentru a ob\u021bine o t\u0103iere de \u00eenalt\u0103 precizie, pute\u021bi seta cu u\u0219urin\u021b\u0103 \u00een\u0103l\u021bimea de t\u0103iere dorit\u0103 \u00eentre 20 mm \u0219i 100 mm folosind reglajul centralizat al \u00een\u0103l\u021bimii de t\u0103iere cu \u0219apte niveluri. \u00cen timpul utiliz\u0103rii, co\u0219ul de colectare a ierbii de 52 de litri v\u0103 ajut\u0103 s\u0103 nu mai fie nevoie s\u0103 aduna\u021bi resturile de iarb\u0103 dup\u0103 tundere. Un indicator de nivel v\u0103 arat\u0103 c\u00e2nd trebuie golit co\u0219ul, iar mecanismul practic de pliere faciliteaz\u0103 golirea. Ghidonul confortabil, reglabil pe \u00een\u0103l\u021bime, asigur\u0103 o tundere confortabil\u0103 \u0219i ergonomic\u0103.<\/p>\n<ul class=\"m_infobox_product-detail__highlights-list__bulletlist\">\n<li class=\"m_infobox_product-detail__highlights-list__bulletlist-item\">Ma\u0219in\u0103 de tuns iarba, pe benzin\u0103, pentru sarcini grele, cu l\u0103\u021bime de t\u0103iere de 46 cm<\/li>\n<li class=\"m_infobox_product-detail__highlights-list__bulletlist-item\">Pentru suprafe\u021be medii de gazon<\/li>\n<li class=\"m_infobox_product-detail__highlights-list__bulletlist-item\">Echipat cu m\u00e2ner confortabil, reglabil pe \u00een\u0103l\u021bime<\/li>\n<li class=\"m_infobox_product-detail__highlights-list__bulletlist-item\">\u00cen\u0103l\u021bimea de t\u0103iere poate fi reglat\u0103 cu u\u0219urin\u021b\u0103 de la 20 mm la 100 mm<\/li>\n<li class=\"m_infobox_product-detail__highlights-list__bulletlist-item\">Lucru confortabil datorit\u0103 co\u015fului de colectare a ierbii de 52 de litri cu afi\u0219aj al nivelului de umplere<\/li>\n<\/ul>\n<p><strong>Specificatii tehnice:<\/strong><\/p>\n<ul>\n<li>Capacitate cilindric\u0103 166 cm\u00b3<\/li>\n<li>Mecanism de antrenare 3,5 km\/h<\/li>\n<li>Tip motor EVC 300.1<\/li>\n<li>CO2 922 g\/kWh<\/li>\n<li>Greutate unitar\u0103 f\u0103r\u0103 combustibil 32 kg<\/li>\n<li>Suprafa\u021ba maxim\u0103 a gazonului 1200 m\u00b2 1)<\/li>\n<li>L\u0103\u021bime de t\u0103iere 46 cm<\/li>\n<li>\u00cen\u0103l\u021bimea de t\u0103iere 20 &#8211; 100 mm<\/li>\n<li>Tura\u021bie nominal\u0103 a utilajului 2800 rot\/min<\/li>\n<li>Volum co\u0219 de captare a ierbii 52 l<\/li>\n<li>L\u0103\u021bimea utilajului f\u0103r\u0103 ata\u0219amente 52 cm<\/li>\n<li>\u00cen\u0103l\u021bimea maxim\u0103 a utilajului 108 cm<\/li>\n<li>Diametrul ro\u021bii din fa\u021b\u0103 190 mm<\/li>\n<li>Diametrul ro\u021bii din spate 215 mm<\/li>\n<li>Nivel de presiune acustic\u0103 LpA m\u0103surat 82 dB(A)<\/li>\n<li>Nivelul puterii sonore LWA garantat 96 dB(A)<\/li>\n<li>Factor de incertitudine a nivelului presiunii sonore KpA 2 dB(A) 2)<\/li>\n<li>Vibra\u021bie m\u00e2ner ahw 4.40 m\/s\u00b2<\/li>\n<li>Incertitudinea vibra\u021biilor K 2.20 m\/s\u00b2 2)<\/li>\n<\/ul>\n","protected":false},"excerpt":{"rendered":"<h4>Masina de tuns gazonul Stihl RM 448 T este ideala\u00a0pentru lucr\u0103ri private pe peluze de dimensiuni medii. Transmisia confortabil\u0103 cu o singur\u0103 vitez\u0103 v\u0103 ajut\u0103 s\u0103 avansa\u021bi eficient, \u00een special pe pante. Datorit\u0103 motorului puternic, \u00eengrijirea peluzei se face rapid.<\/h4>\n<p>Cod produs: WB41-011-3400<\/p>\n<p><span style=\"color: #ff0000;\"><em><a href=\"https:\/\/eurotech-iasi.ro\/magazinonline\/?attachment_id=87685\" rel=\"attachment wp-att-87685\"><img loading=\"lazy\" decoding=\"async\" class=\"wp-image-87685 aligncenter\" src=\"https:\/\/eurotech-iasi.ro\/magazinonline\/wp-content\/uploads\/2019\/06\/2-1-150x150.png\" alt=\"\" width=\"72\" height=\"72\" srcset=\"https:\/\/eurotech-iasi.ro\/magazinonline\/wp-content\/uploads\/2019\/06\/2-1-150x150.png 150w, https:\/\/eurotech-iasi.ro\/magazinonline\/wp-content\/uploads\/2019\/06\/2-1-100x100.png 100w, https:\/\/eurotech-iasi.ro\/magazinonline\/wp-content\/uploads\/2019\/06\/2-1.png 200w\" sizes=\"auto, (max-width: 72px) 100vw, 72px\" \/><\/a><\/em><\/span><\/p>\n<h5><span style=\"color: #eb782b;\"><em><strong>\u00a0<a href=\"https:\/\/eurotech-iasi.ro\/magazinonline\/termeni-si-conditii\/\">*Garan\u021bie 2 ani<\/a> + 6 luni Extra Garan\u021bie. <\/strong><\/em><\/span><\/h5>\n<h5><span style=\"color: #eb782b;\"><em><strong>\u00cenregistreaz\u0103\u00a0 produsul achizi\u021bionat de la noi, \u00een termen de <\/strong><\/em><\/span><span style=\"color: #003366;\"><em><strong>30 de zile de la cump\u0103rare<\/strong><\/em><\/span><span style=\"color: #eb782b;\"><em><strong>, pe site-ul oficial STIHL la adresa<a href=\"https:\/\/preg.stihl.com\/product?lang=RO_ro&amp;country=RO\">\u00a0preg.stihl.com<\/a> \u0219i profit\u0103 de prelungirea gratuit\u0103 a garan\u021biei cu 6 luni !<\/strong><\/em><\/span><\/h5>\n","protected":false},"featured_media":113957,"comment_status":"open","ping_status":"closed","template":"","meta":{"_acf_changed":false},"product_cat":[4337,4368],"product_tag":[],"woo-feed-brand":[],"class_list":{"0":"post-50009","1":"product","2":"type-product","3":"status-publish","4":"has-post-thumbnail","6":"product_brand-stihl","7":"product_cat-gradinarit-agricultura","8":"product_cat-masini-de-tuns-gazonul","9":"pa_brand-stihl","10":"pa_capacitate-cilindrica-166-cm","11":"pa_greutate-32-kg-2","12":"pa_inaltime-de-taiere-20-100-mm-2","13":"pa_latime-taiere-46-cm","14":"pa_viteza-de-taiere-2-800-rpm","16":"first","17":"instock","18":"purchasable","19":"product-type-simple"},"acf":[],"yoast_head":"<!-- This site is optimized with the Yoast SEO plugin v27.3 - https:\/\/yoast.com\/product\/yoast-seo-wordpress\/ -->\n<title>Masina de tuns gazonul Stihl RM 448 T - Eurotech Iasi<\/title>\n<meta name=\"description\" content=\"Masina de tuns gazonul Stihl RM 448.0T, este deosebit de versatila si ideala pentru lucr\u0103ri private pe peluze de dimensiuni medii in panta.\" \/>\n<meta name=\"robots\" content=\"index, follow, max-snippet:-1, max-image-preview:large, max-video-preview:-1\" \/>\n<link rel=\"canonical\" href=\"https:\/\/eurotech-iasi.ro\/magazinonline\/produs\/masina-de-tuns-gazonul-stihl-rm-448-t\/\" \/>\n<meta property=\"og:locale\" content=\"ro_RO\" \/>\n<meta property=\"og:type\" content=\"article\" \/>\n<meta property=\"og:title\" content=\"Masina de tuns gazonul Stihl RM 448 T - Eurotech Iasi\" \/>\n<meta property=\"og:description\" content=\"Masina de tuns gazonul Stihl RM 448.0T, este deosebit de versatila si ideala pentru lucr\u0103ri private pe peluze de dimensiuni medii in panta.\" \/>\n<meta property=\"og:url\" content=\"https:\/\/eurotech-iasi.ro\/magazinonline\/produs\/masina-de-tuns-gazonul-stihl-rm-448-t\/\" \/>\n<meta property=\"og:site_name\" content=\"Eurotech Iasi\" \/>\n<meta property=\"article:publisher\" content=\"https:\/\/www.facebook.com\/EurotechIasi\/\" \/>\n<meta property=\"article:modified_time\" content=\"2026-02-13T08:28:01+00:00\" \/>\n<meta property=\"og:image\" content=\"https:\/\/eurotech-iasi.ro\/magazinonline\/wp-content\/uploads\/2020\/02\/Masina-de-tuns-gazonul-Stihl-RM-448-T.png\" \/>\n\t<meta property=\"og:image:width\" content=\"750\" \/>\n\t<meta property=\"og:image:height\" content=\"750\" \/>\n\t<meta property=\"og:image:type\" content=\"image\/png\" \/>\n<meta name=\"twitter:label1\" content=\"Timp estimat pentru citire\" \/>\n\t<meta name=\"twitter:data1\" content=\"3 minute\" \/>\n<script type=\"application\/ld+json\" class=\"yoast-schema-graph\">{\"@context\":\"https:\\\/\\\/schema.org\",\"@graph\":[{\"@type\":\"WebPage\",\"@id\":\"https:\\\/\\\/eurotech-iasi.ro\\\/magazinonline\\\/produs\\\/masina-de-tuns-gazonul-stihl-rm-448-t\\\/\",\"url\":\"https:\\\/\\\/eurotech-iasi.ro\\\/magazinonline\\\/produs\\\/masina-de-tuns-gazonul-stihl-rm-448-t\\\/\",\"name\":\"Masina de tuns gazonul Stihl RM 448 T - Eurotech Iasi\",\"isPartOf\":{\"@id\":\"https:\\\/\\\/eurotech-iasi.ro\\\/magazinonline\\\/#website\"},\"primaryImageOfPage\":{\"@id\":\"https:\\\/\\\/eurotech-iasi.ro\\\/magazinonline\\\/produs\\\/masina-de-tuns-gazonul-stihl-rm-448-t\\\/#primaryimage\"},\"image\":{\"@id\":\"https:\\\/\\\/eurotech-iasi.ro\\\/magazinonline\\\/produs\\\/masina-de-tuns-gazonul-stihl-rm-448-t\\\/#primaryimage\"},\"thumbnailUrl\":\"https:\\\/\\\/eurotech-iasi.ro\\\/magazinonline\\\/wp-content\\\/uploads\\\/2020\\\/02\\\/Masina-de-tuns-gazonul-Stihl-RM-448-T.png\",\"datePublished\":\"2020-02-07T12:48:16+00:00\",\"dateModified\":\"2026-02-13T08:28:01+00:00\",\"description\":\"Masina de tuns gazonul Stihl RM 448.0T, este deosebit de versatila si ideala pentru lucr\u0103ri private pe peluze de dimensiuni medii in panta.\",\"breadcrumb\":{\"@id\":\"https:\\\/\\\/eurotech-iasi.ro\\\/magazinonline\\\/produs\\\/masina-de-tuns-gazonul-stihl-rm-448-t\\\/#breadcrumb\"},\"inLanguage\":\"ro-RO\",\"potentialAction\":[{\"@type\":\"ReadAction\",\"target\":[\"https:\\\/\\\/eurotech-iasi.ro\\\/magazinonline\\\/produs\\\/masina-de-tuns-gazonul-stihl-rm-448-t\\\/\"]}]},{\"@type\":\"ImageObject\",\"inLanguage\":\"ro-RO\",\"@id\":\"https:\\\/\\\/eurotech-iasi.ro\\\/magazinonline\\\/produs\\\/masina-de-tuns-gazonul-stihl-rm-448-t\\\/#primaryimage\",\"url\":\"https:\\\/\\\/eurotech-iasi.ro\\\/magazinonline\\\/wp-content\\\/uploads\\\/2020\\\/02\\\/Masina-de-tuns-gazonul-Stihl-RM-448-T.png\",\"contentUrl\":\"https:\\\/\\\/eurotech-iasi.ro\\\/magazinonline\\\/wp-content\\\/uploads\\\/2020\\\/02\\\/Masina-de-tuns-gazonul-Stihl-RM-448-T.png\",\"width\":750,\"height\":750},{\"@type\":\"BreadcrumbList\",\"@id\":\"https:\\\/\\\/eurotech-iasi.ro\\\/magazinonline\\\/produs\\\/masina-de-tuns-gazonul-stihl-rm-448-t\\\/#breadcrumb\",\"itemListElement\":[{\"@type\":\"ListItem\",\"position\":1,\"name\":\"Prima pagin\u0103\",\"item\":\"https:\\\/\\\/eurotech-iasi.ro\\\/magazinonline\\\/\"},{\"@type\":\"ListItem\",\"position\":2,\"name\":\"Shop\",\"item\":\"https:\\\/\\\/eurotech-iasi.ro\\\/magazinonline\\\/shop\\\/\"},{\"@type\":\"ListItem\",\"position\":3,\"name\":\"Masina de tuns gazonul Stihl RM 448 T\"}]},{\"@type\":\"WebSite\",\"@id\":\"https:\\\/\\\/eurotech-iasi.ro\\\/magazinonline\\\/#website\",\"url\":\"https:\\\/\\\/eurotech-iasi.ro\\\/magazinonline\\\/\",\"name\":\"Eurotech Iasi\",\"description\":\"Cu oameni seriosi\",\"publisher\":{\"@id\":\"https:\\\/\\\/eurotech-iasi.ro\\\/magazinonline\\\/#organization\"},\"potentialAction\":[{\"@type\":\"SearchAction\",\"target\":{\"@type\":\"EntryPoint\",\"urlTemplate\":\"https:\\\/\\\/eurotech-iasi.ro\\\/magazinonline\\\/?s={search_term_string}\"},\"query-input\":{\"@type\":\"PropertyValueSpecification\",\"valueRequired\":true,\"valueName\":\"search_term_string\"}}],\"inLanguage\":\"ro-RO\"},{\"@type\":\"Organization\",\"@id\":\"https:\\\/\\\/eurotech-iasi.ro\\\/magazinonline\\\/#organization\",\"name\":\"Eurotech Iasi\",\"url\":\"https:\\\/\\\/eurotech-iasi.ro\\\/magazinonline\\\/\",\"logo\":{\"@type\":\"ImageObject\",\"inLanguage\":\"ro-RO\",\"@id\":\"https:\\\/\\\/eurotech-iasi.ro\\\/magazinonline\\\/#\\\/schema\\\/logo\\\/image\\\/\",\"url\":\"https:\\\/\\\/eurotech-iasi.ro\\\/magazinonline\\\/wp-content\\\/uploads\\\/2020\\\/08\\\/logo-eurotech.png\",\"contentUrl\":\"https:\\\/\\\/eurotech-iasi.ro\\\/magazinonline\\\/wp-content\\\/uploads\\\/2020\\\/08\\\/logo-eurotech.png\",\"width\":290,\"height\":70,\"caption\":\"Eurotech Iasi\"},\"image\":{\"@id\":\"https:\\\/\\\/eurotech-iasi.ro\\\/magazinonline\\\/#\\\/schema\\\/logo\\\/image\\\/\"},\"sameAs\":[\"https:\\\/\\\/www.facebook.com\\\/EurotechIasi\\\/\"]}]}<\/script>\n<!-- \/ Yoast SEO plugin. -->","yoast_head_json":{"title":"Masina de tuns gazonul Stihl RM 448 T - Eurotech Iasi","description":"Masina de tuns gazonul Stihl RM 448.0T, este deosebit de versatila si ideala pentru lucr\u0103ri private pe peluze de dimensiuni medii in panta.","robots":{"index":"index","follow":"follow","max-snippet":"max-snippet:-1","max-image-preview":"max-image-preview:large","max-video-preview":"max-video-preview:-1"},"canonical":"https:\/\/eurotech-iasi.ro\/magazinonline\/produs\/masina-de-tuns-gazonul-stihl-rm-448-t\/","og_locale":"ro_RO","og_type":"article","og_title":"Masina de tuns gazonul Stihl RM 448 T - Eurotech Iasi","og_description":"Masina de tuns gazonul Stihl RM 448.0T, este deosebit de versatila si ideala pentru lucr\u0103ri private pe peluze de dimensiuni medii in panta.","og_url":"https:\/\/eurotech-iasi.ro\/magazinonline\/produs\/masina-de-tuns-gazonul-stihl-rm-448-t\/","og_site_name":"Eurotech Iasi","article_publisher":"https:\/\/www.facebook.com\/EurotechIasi\/","article_modified_time":"2026-02-13T08:28:01+00:00","og_image":[{"width":750,"height":750,"url":"https:\/\/eurotech-iasi.ro\/magazinonline\/wp-content\/uploads\/2020\/02\/Masina-de-tuns-gazonul-Stihl-RM-448-T.png","type":"image\/png"}],"twitter_misc":{"Timp estimat pentru citire":"3 minute"},"schema":{"@context":"https:\/\/schema.org","@graph":[{"@type":"WebPage","@id":"https:\/\/eurotech-iasi.ro\/magazinonline\/produs\/masina-de-tuns-gazonul-stihl-rm-448-t\/","url":"https:\/\/eurotech-iasi.ro\/magazinonline\/produs\/masina-de-tuns-gazonul-stihl-rm-448-t\/","name":"Masina de tuns gazonul Stihl RM 448 T - Eurotech Iasi","isPartOf":{"@id":"https:\/\/eurotech-iasi.ro\/magazinonline\/#website"},"primaryImageOfPage":{"@id":"https:\/\/eurotech-iasi.ro\/magazinonline\/produs\/masina-de-tuns-gazonul-stihl-rm-448-t\/#primaryimage"},"image":{"@id":"https:\/\/eurotech-iasi.ro\/magazinonline\/produs\/masina-de-tuns-gazonul-stihl-rm-448-t\/#primaryimage"},"thumbnailUrl":"https:\/\/eurotech-iasi.ro\/magazinonline\/wp-content\/uploads\/2020\/02\/Masina-de-tuns-gazonul-Stihl-RM-448-T.png","datePublished":"2020-02-07T12:48:16+00:00","dateModified":"2026-02-13T08:28:01+00:00","description":"Masina de tuns gazonul Stihl RM 448.0T, este deosebit de versatila si ideala pentru lucr\u0103ri private pe peluze de dimensiuni medii in panta.","breadcrumb":{"@id":"https:\/\/eurotech-iasi.ro\/magazinonline\/produs\/masina-de-tuns-gazonul-stihl-rm-448-t\/#breadcrumb"},"inLanguage":"ro-RO","potentialAction":[{"@type":"ReadAction","target":["https:\/\/eurotech-iasi.ro\/magazinonline\/produs\/masina-de-tuns-gazonul-stihl-rm-448-t\/"]}]},{"@type":"ImageObject","inLanguage":"ro-RO","@id":"https:\/\/eurotech-iasi.ro\/magazinonline\/produs\/masina-de-tuns-gazonul-stihl-rm-448-t\/#primaryimage","url":"https:\/\/eurotech-iasi.ro\/magazinonline\/wp-content\/uploads\/2020\/02\/Masina-de-tuns-gazonul-Stihl-RM-448-T.png","contentUrl":"https:\/\/eurotech-iasi.ro\/magazinonline\/wp-content\/uploads\/2020\/02\/Masina-de-tuns-gazonul-Stihl-RM-448-T.png","width":750,"height":750},{"@type":"BreadcrumbList","@id":"https:\/\/eurotech-iasi.ro\/magazinonline\/produs\/masina-de-tuns-gazonul-stihl-rm-448-t\/#breadcrumb","itemListElement":[{"@type":"ListItem","position":1,"name":"Prima pagin\u0103","item":"https:\/\/eurotech-iasi.ro\/magazinonline\/"},{"@type":"ListItem","position":2,"name":"Shop","item":"https:\/\/eurotech-iasi.ro\/magazinonline\/shop\/"},{"@type":"ListItem","position":3,"name":"Masina de tuns gazonul Stihl RM 448 T"}]},{"@type":"WebSite","@id":"https:\/\/eurotech-iasi.ro\/magazinonline\/#website","url":"https:\/\/eurotech-iasi.ro\/magazinonline\/","name":"Eurotech Iasi","description":"Cu oameni seriosi","publisher":{"@id":"https:\/\/eurotech-iasi.ro\/magazinonline\/#organization"},"potentialAction":[{"@type":"SearchAction","target":{"@type":"EntryPoint","urlTemplate":"https:\/\/eurotech-iasi.ro\/magazinonline\/?s={search_term_string}"},"query-input":{"@type":"PropertyValueSpecification","valueRequired":true,"valueName":"search_term_string"}}],"inLanguage":"ro-RO"},{"@type":"Organization","@id":"https:\/\/eurotech-iasi.ro\/magazinonline\/#organization","name":"Eurotech Iasi","url":"https:\/\/eurotech-iasi.ro\/magazinonline\/","logo":{"@type":"ImageObject","inLanguage":"ro-RO","@id":"https:\/\/eurotech-iasi.ro\/magazinonline\/#\/schema\/logo\/image\/","url":"https:\/\/eurotech-iasi.ro\/magazinonline\/wp-content\/uploads\/2020\/08\/logo-eurotech.png","contentUrl":"https:\/\/eurotech-iasi.ro\/magazinonline\/wp-content\/uploads\/2020\/08\/logo-eurotech.png","width":290,"height":70,"caption":"Eurotech Iasi"},"image":{"@id":"https:\/\/eurotech-iasi.ro\/magazinonline\/#\/schema\/logo\/image\/"},"sameAs":["https:\/\/www.facebook.com\/EurotechIasi\/"]}]}},"_links":{"self":[{"href":"https:\/\/eurotech-iasi.ro\/magazinonline\/wp-json\/wp\/v2\/product\/50009","targetHints":{"allow":["GET"]}}],"collection":[{"href":"https:\/\/eurotech-iasi.ro\/magazinonline\/wp-json\/wp\/v2\/product"}],"about":[{"href":"https:\/\/eurotech-iasi.ro\/magazinonline\/wp-json\/wp\/v2\/types\/product"}],"replies":[{"embeddable":true,"href":"https:\/\/eurotech-iasi.ro\/magazinonline\/wp-json\/wp\/v2\/comments?post=50009"}],"wp:featuredmedia":[{"embeddable":true,"href":"https:\/\/eurotech-iasi.ro\/magazinonline\/wp-json\/wp\/v2\/media\/113957"}],"wp:attachment":[{"href":"https:\/\/eurotech-iasi.ro\/magazinonline\/wp-json\/wp\/v2\/media?parent=50009"}],"wp:term":[{"taxonomy":"product_cat","embeddable":true,"href":"https:\/\/eurotech-iasi.ro\/magazinonline\/wp-json\/wp\/v2\/product_cat?post=50009"},{"taxonomy":"product_tag","embeddable":true,"href":"https:\/\/eurotech-iasi.ro\/magazinonline\/wp-json\/wp\/v2\/product_tag?post=50009"},{"taxonomy":"woo-feed-brand","embeddable":true,"href":"https:\/\/eurotech-iasi.ro\/magazinonline\/wp-json\/wp\/v2\/woo-feed-brand?post=50009"}],"curies":[{"name":"wp","href":"https:\/\/api.w.org\/{rel}","templated":true}]}}