{"id":52845,"date":"2020-03-03T10:26:01","date_gmt":"2020-03-03T08:26:01","guid":{"rendered":"https:\/\/eurotech-iasi.ro\/magazinonline\/?post_type=product&#038;p=52845"},"modified":"2024-03-20T09:57:26","modified_gmt":"2024-03-20T07:57:26","slug":"derulator-metalic-topelectro-ip44-3p","status":"publish","type":"product","link":"https:\/\/eurotech-iasi.ro\/magazinonline\/produs\/derulator-metalic-topelectro-ip44-3p\/","title":{"rendered":"Derulator metalic TOPELECTRO IP44 3P"},"content":{"rendered":"<p><a title=\"Derulator metalic TOPELECTRO IP44 3P\" href=\"https:\/\/eurotech-iasi.ro\/magazinonline\/produs\/derulator-metalic-topelectro-ip44-3p\/\" rel=\"nofollow\"><strong>Derulator metalic TOPELECTRO IP44 3P <\/strong><\/a>are tambur metalic zincat cu siguranta, robust, cu rezistenta mare la rupere, suport zincat, antisoc, stabil, frana de blocare, maner cu forma ergonomica, comutator de protectie termica VDE cu functie automata, dotat cu 3 prize cu impamantare si capac de protectie.<br \/>\nM\u00e2ner rotativ pentru bobinat. Cablu \u00een culoare galben\u0103 de siguran\u0163\u0103.<br \/>\nAmbalaj marcat cu serie EAN si descriere.<br \/>\nFabricat in Germania.<br \/>\nPutere maxima rulat: 1000 W<br \/>\nPutere maxima derulat: 3500 W<\/p>\n<h2>Specificatii tehnice &#8211; <strong>Derulator metalic TOPELECTRO IP44 3P:<\/strong><\/h2>\n<p><strong>Tensiune alimentare:\u00a0<\/strong>230 V<br \/>\n<strong>Lungime cablu:\u00a0<\/strong>33 m<br \/>\n<strong>Cablu:\u00a0<\/strong>3 x 2,5 mm<br \/>\n<strong>Manta cablu:\u00a0<\/strong>PVC<br \/>\n<strong>Putere maxima:\u00a0<\/strong>3500 W<br \/>\n<strong>Numar prize 220V:\u00a0<\/strong>3<br \/>\n<strong>Curent nominal:\u00a0<\/strong>16A<br \/>\n<strong>Siguranta:\u00a0<\/strong>Da<br \/>\n<strong>Grad de protectie:\u00a0<\/strong>IP44<br \/>\n<strong>Tambur:\u00a0<\/strong>Metalic zincat<\/p>\n","protected":false},"excerpt":{"rendered":"<p><strong>Derulator metalic TOPELECTRO IP44 3P <\/strong>are 3prize, 33 ml.<\/p>\n<p><em><strong>Cod produs: 4011160103476<\/strong><\/em><\/p>\n","protected":false},"featured_media":79587,"comment_status":"open","ping_status":"closed","template":"","meta":{"_acf_changed":false},"product_cat":[4934,4345],"product_tag":[],"woo-feed-brand":[],"class_list":{"0":"post-52845","1":"product","2":"type-product","3":"status-publish","4":"has-post-thumbnail","6":"product_brand-top-electro","7":"product_cat-accesorii-si-consumabile","8":"product_cat-utilaje-de-constructii","9":"pa_brand-top-electro","10":"pa_lungime-cablu-33-m","12":"first","13":"instock","14":"purchasable","15":"product-type-simple"},"acf":[],"yoast_head":"<!-- This site is optimized with the Yoast SEO plugin v27.3 - https:\/\/yoast.com\/product\/yoast-seo-wordpress\/ -->\n<title>Derulator metalic TOPELECTRO IP44 3P - Eurotech Iasi<\/title>\n<meta name=\"description\" content=\"Derulator metalic TOPELECTRO IP44 3P, cu tambur din metal, zincat in foc, suport antisoc, stabil, zincat si frana de blocare.\" \/>\n<meta name=\"robots\" content=\"index, follow, max-snippet:-1, max-image-preview:large, max-video-preview:-1\" \/>\n<link rel=\"canonical\" href=\"https:\/\/eurotech-iasi.ro\/magazinonline\/produs\/derulator-metalic-topelectro-ip44-3p\/\" \/>\n<meta property=\"og:locale\" content=\"ro_RO\" \/>\n<meta property=\"og:type\" content=\"article\" \/>\n<meta property=\"og:title\" content=\"Derulator metalic TOPELECTRO IP44 3P - Eurotech Iasi\" \/>\n<meta property=\"og:description\" content=\"Derulator metalic TOPELECTRO IP44 3P, cu tambur din metal, zincat in foc, suport antisoc, stabil, zincat si frana de blocare.\" \/>\n<meta property=\"og:url\" content=\"https:\/\/eurotech-iasi.ro\/magazinonline\/produs\/derulator-metalic-topelectro-ip44-3p\/\" \/>\n<meta property=\"og:site_name\" content=\"Eurotech Iasi\" \/>\n<meta property=\"article:publisher\" content=\"https:\/\/www.facebook.com\/EurotechIasi\/\" \/>\n<meta property=\"article:modified_time\" content=\"2024-03-20T07:57:26+00:00\" \/>\n<meta property=\"og:image\" content=\"https:\/\/eurotech-iasi.ro\/magazinonline\/wp-content\/uploads\/2020\/03\/Derulator-metalic-TOPELECTRO-IP44-3P.png\" \/>\n\t<meta property=\"og:image:width\" content=\"750\" \/>\n\t<meta property=\"og:image:height\" content=\"750\" \/>\n\t<meta property=\"og:image:type\" content=\"image\/png\" \/>\n<meta name=\"twitter:label1\" content=\"Timp estimat pentru citire\" \/>\n\t<meta name=\"twitter:data1\" content=\"1 minut\" \/>\n<script type=\"application\/ld+json\" class=\"yoast-schema-graph\">{\"@context\":\"https:\\\/\\\/schema.org\",\"@graph\":[{\"@type\":\"WebPage\",\"@id\":\"https:\\\/\\\/eurotech-iasi.ro\\\/magazinonline\\\/produs\\\/derulator-metalic-topelectro-ip44-3p\\\/\",\"url\":\"https:\\\/\\\/eurotech-iasi.ro\\\/magazinonline\\\/produs\\\/derulator-metalic-topelectro-ip44-3p\\\/\",\"name\":\"Derulator metalic TOPELECTRO IP44 3P - Eurotech Iasi\",\"isPartOf\":{\"@id\":\"https:\\\/\\\/eurotech-iasi.ro\\\/magazinonline\\\/#website\"},\"primaryImageOfPage\":{\"@id\":\"https:\\\/\\\/eurotech-iasi.ro\\\/magazinonline\\\/produs\\\/derulator-metalic-topelectro-ip44-3p\\\/#primaryimage\"},\"image\":{\"@id\":\"https:\\\/\\\/eurotech-iasi.ro\\\/magazinonline\\\/produs\\\/derulator-metalic-topelectro-ip44-3p\\\/#primaryimage\"},\"thumbnailUrl\":\"https:\\\/\\\/eurotech-iasi.ro\\\/magazinonline\\\/wp-content\\\/uploads\\\/2020\\\/03\\\/Derulator-metalic-TOPELECTRO-IP44-3P.png\",\"datePublished\":\"2020-03-03T08:26:01+00:00\",\"dateModified\":\"2024-03-20T07:57:26+00:00\",\"description\":\"Derulator metalic TOPELECTRO IP44 3P, cu tambur din metal, zincat in foc, suport antisoc, stabil, zincat si frana de blocare.\",\"breadcrumb\":{\"@id\":\"https:\\\/\\\/eurotech-iasi.ro\\\/magazinonline\\\/produs\\\/derulator-metalic-topelectro-ip44-3p\\\/#breadcrumb\"},\"inLanguage\":\"ro-RO\",\"potentialAction\":[{\"@type\":\"ReadAction\",\"target\":[\"https:\\\/\\\/eurotech-iasi.ro\\\/magazinonline\\\/produs\\\/derulator-metalic-topelectro-ip44-3p\\\/\"]}]},{\"@type\":\"ImageObject\",\"inLanguage\":\"ro-RO\",\"@id\":\"https:\\\/\\\/eurotech-iasi.ro\\\/magazinonline\\\/produs\\\/derulator-metalic-topelectro-ip44-3p\\\/#primaryimage\",\"url\":\"https:\\\/\\\/eurotech-iasi.ro\\\/magazinonline\\\/wp-content\\\/uploads\\\/2020\\\/03\\\/Derulator-metalic-TOPELECTRO-IP44-3P.png\",\"contentUrl\":\"https:\\\/\\\/eurotech-iasi.ro\\\/magazinonline\\\/wp-content\\\/uploads\\\/2020\\\/03\\\/Derulator-metalic-TOPELECTRO-IP44-3P.png\",\"width\":750,\"height\":750,\"caption\":\"Derulator metalic TOPELECTRO IP44 3P\"},{\"@type\":\"BreadcrumbList\",\"@id\":\"https:\\\/\\\/eurotech-iasi.ro\\\/magazinonline\\\/produs\\\/derulator-metalic-topelectro-ip44-3p\\\/#breadcrumb\",\"itemListElement\":[{\"@type\":\"ListItem\",\"position\":1,\"name\":\"Prima pagin\u0103\",\"item\":\"https:\\\/\\\/eurotech-iasi.ro\\\/magazinonline\\\/\"},{\"@type\":\"ListItem\",\"position\":2,\"name\":\"Shop\",\"item\":\"https:\\\/\\\/eurotech-iasi.ro\\\/magazinonline\\\/shop\\\/\"},{\"@type\":\"ListItem\",\"position\":3,\"name\":\"Derulator metalic TOPELECTRO IP44 3P\"}]},{\"@type\":\"WebSite\",\"@id\":\"https:\\\/\\\/eurotech-iasi.ro\\\/magazinonline\\\/#website\",\"url\":\"https:\\\/\\\/eurotech-iasi.ro\\\/magazinonline\\\/\",\"name\":\"Eurotech Iasi\",\"description\":\"Cu oameni seriosi\",\"publisher\":{\"@id\":\"https:\\\/\\\/eurotech-iasi.ro\\\/magazinonline\\\/#organization\"},\"potentialAction\":[{\"@type\":\"SearchAction\",\"target\":{\"@type\":\"EntryPoint\",\"urlTemplate\":\"https:\\\/\\\/eurotech-iasi.ro\\\/magazinonline\\\/?s={search_term_string}\"},\"query-input\":{\"@type\":\"PropertyValueSpecification\",\"valueRequired\":true,\"valueName\":\"search_term_string\"}}],\"inLanguage\":\"ro-RO\"},{\"@type\":\"Organization\",\"@id\":\"https:\\\/\\\/eurotech-iasi.ro\\\/magazinonline\\\/#organization\",\"name\":\"Eurotech Iasi\",\"url\":\"https:\\\/\\\/eurotech-iasi.ro\\\/magazinonline\\\/\",\"logo\":{\"@type\":\"ImageObject\",\"inLanguage\":\"ro-RO\",\"@id\":\"https:\\\/\\\/eurotech-iasi.ro\\\/magazinonline\\\/#\\\/schema\\\/logo\\\/image\\\/\",\"url\":\"https:\\\/\\\/eurotech-iasi.ro\\\/magazinonline\\\/wp-content\\\/uploads\\\/2020\\\/08\\\/logo-eurotech.png\",\"contentUrl\":\"https:\\\/\\\/eurotech-iasi.ro\\\/magazinonline\\\/wp-content\\\/uploads\\\/2020\\\/08\\\/logo-eurotech.png\",\"width\":290,\"height\":70,\"caption\":\"Eurotech Iasi\"},\"image\":{\"@id\":\"https:\\\/\\\/eurotech-iasi.ro\\\/magazinonline\\\/#\\\/schema\\\/logo\\\/image\\\/\"},\"sameAs\":[\"https:\\\/\\\/www.facebook.com\\\/EurotechIasi\\\/\"]}]}<\/script>\n<!-- \/ Yoast SEO plugin. -->","yoast_head_json":{"title":"Derulator metalic TOPELECTRO IP44 3P - Eurotech Iasi","description":"Derulator metalic TOPELECTRO IP44 3P, cu tambur din metal, zincat in foc, suport antisoc, stabil, zincat si frana de blocare.","robots":{"index":"index","follow":"follow","max-snippet":"max-snippet:-1","max-image-preview":"max-image-preview:large","max-video-preview":"max-video-preview:-1"},"canonical":"https:\/\/eurotech-iasi.ro\/magazinonline\/produs\/derulator-metalic-topelectro-ip44-3p\/","og_locale":"ro_RO","og_type":"article","og_title":"Derulator metalic TOPELECTRO IP44 3P - Eurotech Iasi","og_description":"Derulator metalic TOPELECTRO IP44 3P, cu tambur din metal, zincat in foc, suport antisoc, stabil, zincat si frana de blocare.","og_url":"https:\/\/eurotech-iasi.ro\/magazinonline\/produs\/derulator-metalic-topelectro-ip44-3p\/","og_site_name":"Eurotech Iasi","article_publisher":"https:\/\/www.facebook.com\/EurotechIasi\/","article_modified_time":"2024-03-20T07:57:26+00:00","og_image":[{"width":750,"height":750,"url":"https:\/\/eurotech-iasi.ro\/magazinonline\/wp-content\/uploads\/2020\/03\/Derulator-metalic-TOPELECTRO-IP44-3P.png","type":"image\/png"}],"twitter_misc":{"Timp estimat pentru citire":"1 minut"},"schema":{"@context":"https:\/\/schema.org","@graph":[{"@type":"WebPage","@id":"https:\/\/eurotech-iasi.ro\/magazinonline\/produs\/derulator-metalic-topelectro-ip44-3p\/","url":"https:\/\/eurotech-iasi.ro\/magazinonline\/produs\/derulator-metalic-topelectro-ip44-3p\/","name":"Derulator metalic TOPELECTRO IP44 3P - Eurotech Iasi","isPartOf":{"@id":"https:\/\/eurotech-iasi.ro\/magazinonline\/#website"},"primaryImageOfPage":{"@id":"https:\/\/eurotech-iasi.ro\/magazinonline\/produs\/derulator-metalic-topelectro-ip44-3p\/#primaryimage"},"image":{"@id":"https:\/\/eurotech-iasi.ro\/magazinonline\/produs\/derulator-metalic-topelectro-ip44-3p\/#primaryimage"},"thumbnailUrl":"https:\/\/eurotech-iasi.ro\/magazinonline\/wp-content\/uploads\/2020\/03\/Derulator-metalic-TOPELECTRO-IP44-3P.png","datePublished":"2020-03-03T08:26:01+00:00","dateModified":"2024-03-20T07:57:26+00:00","description":"Derulator metalic TOPELECTRO IP44 3P, cu tambur din metal, zincat in foc, suport antisoc, stabil, zincat si frana de blocare.","breadcrumb":{"@id":"https:\/\/eurotech-iasi.ro\/magazinonline\/produs\/derulator-metalic-topelectro-ip44-3p\/#breadcrumb"},"inLanguage":"ro-RO","potentialAction":[{"@type":"ReadAction","target":["https:\/\/eurotech-iasi.ro\/magazinonline\/produs\/derulator-metalic-topelectro-ip44-3p\/"]}]},{"@type":"ImageObject","inLanguage":"ro-RO","@id":"https:\/\/eurotech-iasi.ro\/magazinonline\/produs\/derulator-metalic-topelectro-ip44-3p\/#primaryimage","url":"https:\/\/eurotech-iasi.ro\/magazinonline\/wp-content\/uploads\/2020\/03\/Derulator-metalic-TOPELECTRO-IP44-3P.png","contentUrl":"https:\/\/eurotech-iasi.ro\/magazinonline\/wp-content\/uploads\/2020\/03\/Derulator-metalic-TOPELECTRO-IP44-3P.png","width":750,"height":750,"caption":"Derulator metalic TOPELECTRO IP44 3P"},{"@type":"BreadcrumbList","@id":"https:\/\/eurotech-iasi.ro\/magazinonline\/produs\/derulator-metalic-topelectro-ip44-3p\/#breadcrumb","itemListElement":[{"@type":"ListItem","position":1,"name":"Prima pagin\u0103","item":"https:\/\/eurotech-iasi.ro\/magazinonline\/"},{"@type":"ListItem","position":2,"name":"Shop","item":"https:\/\/eurotech-iasi.ro\/magazinonline\/shop\/"},{"@type":"ListItem","position":3,"name":"Derulator metalic TOPELECTRO IP44 3P"}]},{"@type":"WebSite","@id":"https:\/\/eurotech-iasi.ro\/magazinonline\/#website","url":"https:\/\/eurotech-iasi.ro\/magazinonline\/","name":"Eurotech Iasi","description":"Cu oameni seriosi","publisher":{"@id":"https:\/\/eurotech-iasi.ro\/magazinonline\/#organization"},"potentialAction":[{"@type":"SearchAction","target":{"@type":"EntryPoint","urlTemplate":"https:\/\/eurotech-iasi.ro\/magazinonline\/?s={search_term_string}"},"query-input":{"@type":"PropertyValueSpecification","valueRequired":true,"valueName":"search_term_string"}}],"inLanguage":"ro-RO"},{"@type":"Organization","@id":"https:\/\/eurotech-iasi.ro\/magazinonline\/#organization","name":"Eurotech Iasi","url":"https:\/\/eurotech-iasi.ro\/magazinonline\/","logo":{"@type":"ImageObject","inLanguage":"ro-RO","@id":"https:\/\/eurotech-iasi.ro\/magazinonline\/#\/schema\/logo\/image\/","url":"https:\/\/eurotech-iasi.ro\/magazinonline\/wp-content\/uploads\/2020\/08\/logo-eurotech.png","contentUrl":"https:\/\/eurotech-iasi.ro\/magazinonline\/wp-content\/uploads\/2020\/08\/logo-eurotech.png","width":290,"height":70,"caption":"Eurotech Iasi"},"image":{"@id":"https:\/\/eurotech-iasi.ro\/magazinonline\/#\/schema\/logo\/image\/"},"sameAs":["https:\/\/www.facebook.com\/EurotechIasi\/"]}]}},"_links":{"self":[{"href":"https:\/\/eurotech-iasi.ro\/magazinonline\/wp-json\/wp\/v2\/product\/52845","targetHints":{"allow":["GET"]}}],"collection":[{"href":"https:\/\/eurotech-iasi.ro\/magazinonline\/wp-json\/wp\/v2\/product"}],"about":[{"href":"https:\/\/eurotech-iasi.ro\/magazinonline\/wp-json\/wp\/v2\/types\/product"}],"replies":[{"embeddable":true,"href":"https:\/\/eurotech-iasi.ro\/magazinonline\/wp-json\/wp\/v2\/comments?post=52845"}],"wp:featuredmedia":[{"embeddable":true,"href":"https:\/\/eurotech-iasi.ro\/magazinonline\/wp-json\/wp\/v2\/media\/79587"}],"wp:attachment":[{"href":"https:\/\/eurotech-iasi.ro\/magazinonline\/wp-json\/wp\/v2\/media?parent=52845"}],"wp:term":[{"taxonomy":"product_cat","embeddable":true,"href":"https:\/\/eurotech-iasi.ro\/magazinonline\/wp-json\/wp\/v2\/product_cat?post=52845"},{"taxonomy":"product_tag","embeddable":true,"href":"https:\/\/eurotech-iasi.ro\/magazinonline\/wp-json\/wp\/v2\/product_tag?post=52845"},{"taxonomy":"woo-feed-brand","embeddable":true,"href":"https:\/\/eurotech-iasi.ro\/magazinonline\/wp-json\/wp\/v2\/woo-feed-brand?post=52845"}],"curies":[{"name":"wp","href":"https:\/\/api.w.org\/{rel}","templated":true}]}}