{"id":53934,"date":"2020-03-12T16:14:46","date_gmt":"2020-03-12T14:14:46","guid":{"rendered":"https:\/\/eurotech-iasi.ro\/magazinonline\/?post_type=product&#038;p=53934"},"modified":"2025-12-11T11:36:42","modified_gmt":"2025-12-11T09:36:42","slug":"motosapa-agt-9000-premium-gx340","status":"publish","type":"product","link":"https:\/\/eurotech-iasi.ro\/magazinonline\/produs\/motosapa-agt-9000-premium-gx340\/","title":{"rendered":"Motosapa AGT 9000 PREMIUM GX340"},"content":{"rendered":"<p><strong>Motosapa AGT 9000 PREMIUM GX340<\/strong> special conceputa pentru a satisface toate cerintele utilizarii in lucrari de prelucrarea solului in gospodarii si gradini. Transmisia directa cu ambreiaj multidisc in baie de ulei, si motorul HONDA GX340 o<br \/>\nfac alegerea ideala pentru o utilizare intensiva.<\/p>\n<p><strong>Motosapa AGT 9000 PREMIUM GX340<\/strong> respecta standardul de securitate EN709 pentru o utilizare in deplina siguranta. Dotata cu transmisie inversata, maneta de transmisie cu dubla actionare si protectie suplimentara pentru toba. Prevazuta cu aparatori de cutite cu grosimea de 2 mm si latimea de 600 mm pentru o siguranta sporita a utilizatorului. Cutia de viteze are un punct neutru intre vitezele de mers inainte si mers inapoi si distante minime dintre pozitia operatorului si cutitele de frezare. Lungimea si pozitia ghidonului sunt special proiectate pentru a oferi manevrabilitate sporita si efort minim din partea utilizatorului. Maneta de reglare rapida a ghidonului in lateral permite rotirea ghidonului in timpul lucrului pentru evitarea obstacolelor sau pentru virare. Prevazuta cu maneta de reglare rapida a inaltimii ghidonului, freze cu diametru de 350 mm, cutite elicoidale durabile din otel tratat termic cu grosime de 6 mm si latime de 40 mm si discuri de capat. Dotata cu sistem de transport al frezelor si sistem rapid de montare.<\/p>\n<p><strong>Avantaje<\/strong> <strong>Motosapa AGT 9000 PREMIUM GX340:<\/strong><\/p>\n<ul>\n<li>Motor Honda cu 3 ani garan\u021bie pentru utilizare profesional\u0103.<\/li>\n<li>Lungimea \u0219i pozi\u021bia ghidonului ofer\u0103 o manevrabilitate sporit\u0103 \u0219i un efort minim din partea utilizatorului.<\/li>\n<li>Maneta de reglare rapid\u0103 a ghidonului \u00een lateral permite rotirea ghidonului \u00een timpul lucrului pentru evitarea obstacolelor sau pentru virare.<\/li>\n<li>Manet\u0103 de reglare rapid\u0103 a \u00een\u0103l\u021bimii ghidonului.<\/li>\n<li>Filtru de aer \u00een baie de ulei pentru o \u00eentre\u021binere u\u0219oar\u0103.<\/li>\n<li>Freze cu diametru de 350mm, cu\u021bite elicoidale durabile din o\u021bel tratat termic cu grosime de 5 mm \u0219i l\u0103\u021bime de 40 mm \u0219i discuri de cap\u0103t.<\/li>\n<li>Sistem de transport al frezelor.<\/li>\n<li>Sistem rapid de montare a motosapei: ghidonul se fixeaz\u0103 cu u\u0219urin\u021b\u0103 pe cadru.<\/li>\n<\/ul>\n<p><strong>Set de livrare:<\/strong><\/p>\n<p><a href=\"https:\/\/eurotech-iasi.ro\/magazinonline\/wp-content\/uploads\/2025\/02\/Fara-titlu-1000-x-750-px-1000-x-550-px-1.png\"><img loading=\"lazy\" decoding=\"async\" class=\"wp-image-108430 alignnone\" src=\"https:\/\/eurotech-iasi.ro\/magazinonline\/wp-content\/uploads\/2025\/02\/Fara-titlu-1000-x-750-px-1000-x-550-px-1.png\" alt=\"\" width=\"520\" height=\"286\" srcset=\"https:\/\/eurotech-iasi.ro\/magazinonline\/wp-content\/uploads\/2025\/02\/Fara-titlu-1000-x-750-px-1000-x-550-px-1.png 1000w, https:\/\/eurotech-iasi.ro\/magazinonline\/wp-content\/uploads\/2025\/02\/Fara-titlu-1000-x-750-px-1000-x-550-px-1-300x165.png 300w, https:\/\/eurotech-iasi.ro\/magazinonline\/wp-content\/uploads\/2025\/02\/Fara-titlu-1000-x-750-px-1000-x-550-px-1-768x422.png 768w, https:\/\/eurotech-iasi.ro\/magazinonline\/wp-content\/uploads\/2025\/02\/Fara-titlu-1000-x-750-px-1000-x-550-px-1-600x330.png 600w\" sizes=\"auto, (max-width: 520px) 100vw, 520px\" \/><\/a><\/p>\n<p><a title=\"Fisa tehnica Motosapa AGT 13000 PREMIUM motor Honda GX390\" href=\"https:\/\/eurotech-iasi.ro\/magazinonline\/wp-content\/uploads\/2025\/02\/fisa-tehnica-agt-9000-premium-gx340.pdf\" target=\"_blank\" rel=\"noopener\"><strong><em><u>\ud83d\udce5 Fisa tehnica<\/u><\/em><\/strong><\/a><\/p>\n","protected":false},"excerpt":{"rendered":"<p><strong>Motosapa AGT 9000 PREMIUM GX340<\/strong> ideala pentru prelucrarea solului in gospodarii si gradini.<\/p>\n<p><em><strong>Cod produs: PFAGT9000GX34<\/strong><\/em><\/p>\n<p><span style=\"color: #ff0000;\"><em><strong>*Costul transportului va fi calculat\u00a0 si se va transmite la comanda ferma!<\/strong><\/em><\/span><\/p>\n<p><a href=\"https:\/\/eurotech-iasi.ro\/magazinonline\/wp-content\/uploads\/2019\/10\/CADOU-1-LITRU-ULEI-MOTOR.png\"><img loading=\"lazy\" decoding=\"async\" class=\" wp-image-108451 alignleft\" src=\"https:\/\/eurotech-iasi.ro\/magazinonline\/wp-content\/uploads\/2019\/10\/CADOU-1-LITRU-ULEI-MOTOR.png\" alt=\"\" width=\"223\" height=\"223\" srcset=\"https:\/\/eurotech-iasi.ro\/magazinonline\/wp-content\/uploads\/2019\/10\/CADOU-1-LITRU-ULEI-MOTOR.png 350w, https:\/\/eurotech-iasi.ro\/magazinonline\/wp-content\/uploads\/2019\/10\/CADOU-1-LITRU-ULEI-MOTOR-300x300.png 300w, https:\/\/eurotech-iasi.ro\/magazinonline\/wp-content\/uploads\/2019\/10\/CADOU-1-LITRU-ULEI-MOTOR-150x150.png 150w, https:\/\/eurotech-iasi.ro\/magazinonline\/wp-content\/uploads\/2019\/10\/CADOU-1-LITRU-ULEI-MOTOR-100x100.png 100w\" sizes=\"auto, (max-width: 223px) 100vw, 223px\" \/><\/a><\/p>\n<p>&nbsp;<\/p>\n<p>&nbsp;<\/p>\n<p>&nbsp;<\/p>\n","protected":false},"featured_media":53940,"comment_status":"open","ping_status":"closed","template":"","meta":{"_acf_changed":false},"product_cat":[4337,4370],"product_tag":[],"woo-feed-brand":[],"class_list":{"0":"post-53934","1":"product","2":"type-product","3":"status-publish","4":"has-post-thumbnail","6":"product_brand-agent-trade","7":"product_cat-gradinarit-agricultura","8":"product_cat-motosape","9":"pa_brand-agent-trade","10":"pa_cutie-de-viteze-3-viteze-2-inainte-1-inapoi","11":"pa_greutate-123-kg-2","12":"pa_latimea-de-lucru-ajustabila-65-95-cm","13":"pa_motor-honda-gx340","14":"pa_putere-motor-11-cp","16":"first","17":"instock","18":"purchasable","19":"product-type-simple"},"acf":[],"yoast_head":"<!-- This site is optimized with the Yoast SEO plugin v27.3 - https:\/\/yoast.com\/product\/yoast-seo-wordpress\/ -->\n<title>Motosapa AGT 9000 PREMIUM GX340 - Eurotech Iasi<\/title>\n<meta name=\"description\" content=\"Motosapa AGT 9000 PREMIUM GX340, special conceputa pentru a satisface toate cerintele utilizarii in lucrari de prelucrarea solului in gospodarii si gradini.\" \/>\n<meta name=\"robots\" content=\"index, follow, max-snippet:-1, max-image-preview:large, max-video-preview:-1\" \/>\n<link rel=\"canonical\" href=\"https:\/\/eurotech-iasi.ro\/magazinonline\/produs\/motosapa-agt-9000-premium-gx340\/\" \/>\n<meta property=\"og:locale\" content=\"ro_RO\" \/>\n<meta property=\"og:type\" content=\"article\" \/>\n<meta property=\"og:title\" content=\"Motosapa AGT 9000 PREMIUM GX340 - Eurotech Iasi\" \/>\n<meta property=\"og:description\" content=\"Motosapa AGT 9000 PREMIUM GX340, special conceputa pentru a satisface toate cerintele utilizarii in lucrari de prelucrarea solului in gospodarii si gradini.\" \/>\n<meta property=\"og:url\" content=\"https:\/\/eurotech-iasi.ro\/magazinonline\/produs\/motosapa-agt-9000-premium-gx340\/\" \/>\n<meta property=\"og:site_name\" content=\"Eurotech Iasi\" \/>\n<meta property=\"article:publisher\" content=\"https:\/\/www.facebook.com\/EurotechIasi\/\" \/>\n<meta property=\"article:modified_time\" content=\"2025-12-11T09:36:42+00:00\" \/>\n<meta property=\"og:image\" content=\"https:\/\/eurotech-iasi.ro\/magazinonline\/wp-content\/uploads\/2020\/03\/motosapa-agt-9000-gx340-eurotech-iasi.jpg\" \/>\n\t<meta property=\"og:image:width\" content=\"710\" \/>\n\t<meta property=\"og:image:height\" content=\"710\" \/>\n\t<meta property=\"og:image:type\" content=\"image\/jpeg\" \/>\n<meta name=\"twitter:label1\" content=\"Timp estimat pentru citire\" \/>\n\t<meta name=\"twitter:data1\" content=\"2 minute\" \/>\n<script type=\"application\/ld+json\" class=\"yoast-schema-graph\">{\"@context\":\"https:\\\/\\\/schema.org\",\"@graph\":[{\"@type\":\"WebPage\",\"@id\":\"https:\\\/\\\/eurotech-iasi.ro\\\/magazinonline\\\/produs\\\/motosapa-agt-9000-premium-gx340\\\/\",\"url\":\"https:\\\/\\\/eurotech-iasi.ro\\\/magazinonline\\\/produs\\\/motosapa-agt-9000-premium-gx340\\\/\",\"name\":\"Motosapa AGT 9000 PREMIUM GX340 - Eurotech Iasi\",\"isPartOf\":{\"@id\":\"https:\\\/\\\/eurotech-iasi.ro\\\/magazinonline\\\/#website\"},\"primaryImageOfPage\":{\"@id\":\"https:\\\/\\\/eurotech-iasi.ro\\\/magazinonline\\\/produs\\\/motosapa-agt-9000-premium-gx340\\\/#primaryimage\"},\"image\":{\"@id\":\"https:\\\/\\\/eurotech-iasi.ro\\\/magazinonline\\\/produs\\\/motosapa-agt-9000-premium-gx340\\\/#primaryimage\"},\"thumbnailUrl\":\"https:\\\/\\\/eurotech-iasi.ro\\\/magazinonline\\\/wp-content\\\/uploads\\\/2020\\\/03\\\/motosapa-agt-9000-gx340-eurotech-iasi.jpg\",\"datePublished\":\"2020-03-12T14:14:46+00:00\",\"dateModified\":\"2025-12-11T09:36:42+00:00\",\"description\":\"Motosapa AGT 9000 PREMIUM GX340, special conceputa pentru a satisface toate cerintele utilizarii in lucrari de prelucrarea solului in gospodarii si gradini.\",\"breadcrumb\":{\"@id\":\"https:\\\/\\\/eurotech-iasi.ro\\\/magazinonline\\\/produs\\\/motosapa-agt-9000-premium-gx340\\\/#breadcrumb\"},\"inLanguage\":\"ro-RO\",\"potentialAction\":[{\"@type\":\"ReadAction\",\"target\":[\"https:\\\/\\\/eurotech-iasi.ro\\\/magazinonline\\\/produs\\\/motosapa-agt-9000-premium-gx340\\\/\"]}]},{\"@type\":\"ImageObject\",\"inLanguage\":\"ro-RO\",\"@id\":\"https:\\\/\\\/eurotech-iasi.ro\\\/magazinonline\\\/produs\\\/motosapa-agt-9000-premium-gx340\\\/#primaryimage\",\"url\":\"https:\\\/\\\/eurotech-iasi.ro\\\/magazinonline\\\/wp-content\\\/uploads\\\/2020\\\/03\\\/motosapa-agt-9000-gx340-eurotech-iasi.jpg\",\"contentUrl\":\"https:\\\/\\\/eurotech-iasi.ro\\\/magazinonline\\\/wp-content\\\/uploads\\\/2020\\\/03\\\/motosapa-agt-9000-gx340-eurotech-iasi.jpg\",\"width\":710,\"height\":710},{\"@type\":\"BreadcrumbList\",\"@id\":\"https:\\\/\\\/eurotech-iasi.ro\\\/magazinonline\\\/produs\\\/motosapa-agt-9000-premium-gx340\\\/#breadcrumb\",\"itemListElement\":[{\"@type\":\"ListItem\",\"position\":1,\"name\":\"Prima pagin\u0103\",\"item\":\"https:\\\/\\\/eurotech-iasi.ro\\\/magazinonline\\\/\"},{\"@type\":\"ListItem\",\"position\":2,\"name\":\"Shop\",\"item\":\"https:\\\/\\\/eurotech-iasi.ro\\\/magazinonline\\\/shop\\\/\"},{\"@type\":\"ListItem\",\"position\":3,\"name\":\"Motosapa AGT 9000 PREMIUM GX340\"}]},{\"@type\":\"WebSite\",\"@id\":\"https:\\\/\\\/eurotech-iasi.ro\\\/magazinonline\\\/#website\",\"url\":\"https:\\\/\\\/eurotech-iasi.ro\\\/magazinonline\\\/\",\"name\":\"Eurotech Iasi\",\"description\":\"Cu oameni seriosi\",\"publisher\":{\"@id\":\"https:\\\/\\\/eurotech-iasi.ro\\\/magazinonline\\\/#organization\"},\"potentialAction\":[{\"@type\":\"SearchAction\",\"target\":{\"@type\":\"EntryPoint\",\"urlTemplate\":\"https:\\\/\\\/eurotech-iasi.ro\\\/magazinonline\\\/?s={search_term_string}\"},\"query-input\":{\"@type\":\"PropertyValueSpecification\",\"valueRequired\":true,\"valueName\":\"search_term_string\"}}],\"inLanguage\":\"ro-RO\"},{\"@type\":\"Organization\",\"@id\":\"https:\\\/\\\/eurotech-iasi.ro\\\/magazinonline\\\/#organization\",\"name\":\"Eurotech Iasi\",\"url\":\"https:\\\/\\\/eurotech-iasi.ro\\\/magazinonline\\\/\",\"logo\":{\"@type\":\"ImageObject\",\"inLanguage\":\"ro-RO\",\"@id\":\"https:\\\/\\\/eurotech-iasi.ro\\\/magazinonline\\\/#\\\/schema\\\/logo\\\/image\\\/\",\"url\":\"https:\\\/\\\/eurotech-iasi.ro\\\/magazinonline\\\/wp-content\\\/uploads\\\/2020\\\/08\\\/logo-eurotech.png\",\"contentUrl\":\"https:\\\/\\\/eurotech-iasi.ro\\\/magazinonline\\\/wp-content\\\/uploads\\\/2020\\\/08\\\/logo-eurotech.png\",\"width\":290,\"height\":70,\"caption\":\"Eurotech Iasi\"},\"image\":{\"@id\":\"https:\\\/\\\/eurotech-iasi.ro\\\/magazinonline\\\/#\\\/schema\\\/logo\\\/image\\\/\"},\"sameAs\":[\"https:\\\/\\\/www.facebook.com\\\/EurotechIasi\\\/\"]}]}<\/script>\n<!-- \/ Yoast SEO plugin. -->","yoast_head_json":{"title":"Motosapa AGT 9000 PREMIUM GX340 - Eurotech Iasi","description":"Motosapa AGT 9000 PREMIUM GX340, special conceputa pentru a satisface toate cerintele utilizarii in lucrari de prelucrarea solului in gospodarii si gradini.","robots":{"index":"index","follow":"follow","max-snippet":"max-snippet:-1","max-image-preview":"max-image-preview:large","max-video-preview":"max-video-preview:-1"},"canonical":"https:\/\/eurotech-iasi.ro\/magazinonline\/produs\/motosapa-agt-9000-premium-gx340\/","og_locale":"ro_RO","og_type":"article","og_title":"Motosapa AGT 9000 PREMIUM GX340 - Eurotech Iasi","og_description":"Motosapa AGT 9000 PREMIUM GX340, special conceputa pentru a satisface toate cerintele utilizarii in lucrari de prelucrarea solului in gospodarii si gradini.","og_url":"https:\/\/eurotech-iasi.ro\/magazinonline\/produs\/motosapa-agt-9000-premium-gx340\/","og_site_name":"Eurotech Iasi","article_publisher":"https:\/\/www.facebook.com\/EurotechIasi\/","article_modified_time":"2025-12-11T09:36:42+00:00","og_image":[{"width":710,"height":710,"url":"https:\/\/eurotech-iasi.ro\/magazinonline\/wp-content\/uploads\/2020\/03\/motosapa-agt-9000-gx340-eurotech-iasi.jpg","type":"image\/jpeg"}],"twitter_misc":{"Timp estimat pentru citire":"2 minute"},"schema":{"@context":"https:\/\/schema.org","@graph":[{"@type":"WebPage","@id":"https:\/\/eurotech-iasi.ro\/magazinonline\/produs\/motosapa-agt-9000-premium-gx340\/","url":"https:\/\/eurotech-iasi.ro\/magazinonline\/produs\/motosapa-agt-9000-premium-gx340\/","name":"Motosapa AGT 9000 PREMIUM GX340 - Eurotech Iasi","isPartOf":{"@id":"https:\/\/eurotech-iasi.ro\/magazinonline\/#website"},"primaryImageOfPage":{"@id":"https:\/\/eurotech-iasi.ro\/magazinonline\/produs\/motosapa-agt-9000-premium-gx340\/#primaryimage"},"image":{"@id":"https:\/\/eurotech-iasi.ro\/magazinonline\/produs\/motosapa-agt-9000-premium-gx340\/#primaryimage"},"thumbnailUrl":"https:\/\/eurotech-iasi.ro\/magazinonline\/wp-content\/uploads\/2020\/03\/motosapa-agt-9000-gx340-eurotech-iasi.jpg","datePublished":"2020-03-12T14:14:46+00:00","dateModified":"2025-12-11T09:36:42+00:00","description":"Motosapa AGT 9000 PREMIUM GX340, special conceputa pentru a satisface toate cerintele utilizarii in lucrari de prelucrarea solului in gospodarii si gradini.","breadcrumb":{"@id":"https:\/\/eurotech-iasi.ro\/magazinonline\/produs\/motosapa-agt-9000-premium-gx340\/#breadcrumb"},"inLanguage":"ro-RO","potentialAction":[{"@type":"ReadAction","target":["https:\/\/eurotech-iasi.ro\/magazinonline\/produs\/motosapa-agt-9000-premium-gx340\/"]}]},{"@type":"ImageObject","inLanguage":"ro-RO","@id":"https:\/\/eurotech-iasi.ro\/magazinonline\/produs\/motosapa-agt-9000-premium-gx340\/#primaryimage","url":"https:\/\/eurotech-iasi.ro\/magazinonline\/wp-content\/uploads\/2020\/03\/motosapa-agt-9000-gx340-eurotech-iasi.jpg","contentUrl":"https:\/\/eurotech-iasi.ro\/magazinonline\/wp-content\/uploads\/2020\/03\/motosapa-agt-9000-gx340-eurotech-iasi.jpg","width":710,"height":710},{"@type":"BreadcrumbList","@id":"https:\/\/eurotech-iasi.ro\/magazinonline\/produs\/motosapa-agt-9000-premium-gx340\/#breadcrumb","itemListElement":[{"@type":"ListItem","position":1,"name":"Prima pagin\u0103","item":"https:\/\/eurotech-iasi.ro\/magazinonline\/"},{"@type":"ListItem","position":2,"name":"Shop","item":"https:\/\/eurotech-iasi.ro\/magazinonline\/shop\/"},{"@type":"ListItem","position":3,"name":"Motosapa AGT 9000 PREMIUM GX340"}]},{"@type":"WebSite","@id":"https:\/\/eurotech-iasi.ro\/magazinonline\/#website","url":"https:\/\/eurotech-iasi.ro\/magazinonline\/","name":"Eurotech Iasi","description":"Cu oameni seriosi","publisher":{"@id":"https:\/\/eurotech-iasi.ro\/magazinonline\/#organization"},"potentialAction":[{"@type":"SearchAction","target":{"@type":"EntryPoint","urlTemplate":"https:\/\/eurotech-iasi.ro\/magazinonline\/?s={search_term_string}"},"query-input":{"@type":"PropertyValueSpecification","valueRequired":true,"valueName":"search_term_string"}}],"inLanguage":"ro-RO"},{"@type":"Organization","@id":"https:\/\/eurotech-iasi.ro\/magazinonline\/#organization","name":"Eurotech Iasi","url":"https:\/\/eurotech-iasi.ro\/magazinonline\/","logo":{"@type":"ImageObject","inLanguage":"ro-RO","@id":"https:\/\/eurotech-iasi.ro\/magazinonline\/#\/schema\/logo\/image\/","url":"https:\/\/eurotech-iasi.ro\/magazinonline\/wp-content\/uploads\/2020\/08\/logo-eurotech.png","contentUrl":"https:\/\/eurotech-iasi.ro\/magazinonline\/wp-content\/uploads\/2020\/08\/logo-eurotech.png","width":290,"height":70,"caption":"Eurotech Iasi"},"image":{"@id":"https:\/\/eurotech-iasi.ro\/magazinonline\/#\/schema\/logo\/image\/"},"sameAs":["https:\/\/www.facebook.com\/EurotechIasi\/"]}]}},"_links":{"self":[{"href":"https:\/\/eurotech-iasi.ro\/magazinonline\/wp-json\/wp\/v2\/product\/53934","targetHints":{"allow":["GET"]}}],"collection":[{"href":"https:\/\/eurotech-iasi.ro\/magazinonline\/wp-json\/wp\/v2\/product"}],"about":[{"href":"https:\/\/eurotech-iasi.ro\/magazinonline\/wp-json\/wp\/v2\/types\/product"}],"replies":[{"embeddable":true,"href":"https:\/\/eurotech-iasi.ro\/magazinonline\/wp-json\/wp\/v2\/comments?post=53934"}],"wp:featuredmedia":[{"embeddable":true,"href":"https:\/\/eurotech-iasi.ro\/magazinonline\/wp-json\/wp\/v2\/media\/53940"}],"wp:attachment":[{"href":"https:\/\/eurotech-iasi.ro\/magazinonline\/wp-json\/wp\/v2\/media?parent=53934"}],"wp:term":[{"taxonomy":"product_cat","embeddable":true,"href":"https:\/\/eurotech-iasi.ro\/magazinonline\/wp-json\/wp\/v2\/product_cat?post=53934"},{"taxonomy":"product_tag","embeddable":true,"href":"https:\/\/eurotech-iasi.ro\/magazinonline\/wp-json\/wp\/v2\/product_tag?post=53934"},{"taxonomy":"woo-feed-brand","embeddable":true,"href":"https:\/\/eurotech-iasi.ro\/magazinonline\/wp-json\/wp\/v2\/woo-feed-brand?post=53934"}],"curies":[{"name":"wp","href":"https:\/\/api.w.org\/{rel}","templated":true}]}}