{"id":53942,"date":"2020-03-12T16:30:13","date_gmt":"2020-03-12T14:30:13","guid":{"rendered":"https:\/\/eurotech-iasi.ro\/magazinonline\/?post_type=product&#038;p=53942"},"modified":"2025-12-11T11:35:49","modified_gmt":"2025-12-11T09:35:49","slug":"motosapa-agt-13000-premium-gx340","status":"publish","type":"product","link":"https:\/\/eurotech-iasi.ro\/magazinonline\/produs\/motosapa-agt-13000-premium-gx340\/","title":{"rendered":"Motosapa AGT 13000 PREMIUM GX340"},"content":{"rendered":"<p><strong>Motosapa AGT 13000 PREMIUM GX340<\/strong> special conceputa pentru a satisface toate cerintele utilizarii in lucrari de prelucrarea solului in gospodarii si gradini. Transmisia directa cu ambreiaj multidisc in baie de ulei, si motorul HONDA GX340 fac alegerea ideala pentru o utilizare intensiva.<\/p>\n<p><strong>Motosapa AGT 13000 PREMIUM GX340<\/strong> respecta standardul de securitate EN709 pentru o utilizare in deplina siguranta. Dotata cu transmisie inversata, maneta de transmisie cu dubla actionare si protectie suplimentara pentru toba. Prevazuta cu aparatori de cutite cu grosimea de 2 mm si latimea de 600 mm pentru o siguranta sporita a utilizatorului. Cutia de viteze are un punct neutru intre vitezele de mers inainte si mers inapoi si distante minime dintre pozitia operatorului si cutitele de frezare. Lungimea si pozitia ghidonului sunt special proiectate pentru a oferi manevrabilitate sporita si efort minim din partea utilizatorului. Maneta de reglare rapida a ghidonului in lateral permite rotirea ghidonului in timpul lucrului pentru evitarea obstacolelor sau pentru virare. Prevazuta cu maneta de reglare rapida a inaltimii ghidonului, freze cu diametru de 350 mm, cutite elicoidale durabile din otel tratat termic cu grosime de 6 mm si latime de 40 mm si discuri de capat. Dotata cu sistem de transport al frezelor si sistem rapid de montare.<\/p>\n<p><strong>Specificatii tehnice<\/strong> &#8211; <strong>Motosapa AGT 13000 PREMIUM GX340:<\/strong><\/p>\n<ul>\n<li><strong>Motor<\/strong>: HONDA GX340 Tip: 4 timpi, 1 cilindru, r\u0103cire cu aer, arbore orizontal, OHV<\/li>\n<li><strong>Putere max<\/strong>. motor: 11 CP<\/li>\n<li><strong>Cilindree<\/strong>: 389cm3 Alezaj x curs\u0103: 77 x 58 mm<\/li>\n<li><strong>Compresie<\/strong>: 8,5 : 1<\/li>\n<li><strong>Combustibil<\/strong>: benzin\u0103 f\u0103r\u0103 plumb<\/li>\n<li><strong>Capacitate rezervor<\/strong>: 6.1 l<\/li>\n<li><strong>Filtru de aer<\/strong>: \u00een baie de ulei<\/li>\n<li><strong>Bobin\u0103 aprindere<\/strong>: digitala, cu avans variabil<\/li>\n<li><strong>Pornire<\/strong>: demaror mecanic<\/li>\n<li><strong>Consum<\/strong>: 3.5 l\/h la puterea nominal\u0103 (la 3600 rpm)<\/li>\n<li><strong>Cutia de viteze<\/strong>: 3 viteze (2 \u00eenainte: 4.7 km\/h \/ 6.5 km\/h + 1 \u00eenapoi 3.5 km\/h)<\/li>\n<li><strong>Transmisie<\/strong>: ambreiaj \u00een baie de ulei \u0219i cutie de viteze din font\u0103 cu ro\u021bi din\u021bate<\/li>\n<li><strong>Ghidonul<\/strong>: reglabil \u00een \u00een\u0103l\u0163ime \u0219i \u00een lateral cu manete pe ghidon pentru ac\u021bionare rapid\u0103<\/li>\n<li><strong>Diametru frez\u0103<\/strong>: 350 mm L\u0103\u021bime de lucru: reglabil\u0103\u00a0 90 &#8211; 120\u00a0 cm<\/li>\n<li><strong>Ad\u00e2ncime de lucru<\/strong>: 285 mm<\/li>\n<li><strong>Num\u0103r cu\u021bite<\/strong>: 32 Tip cu\u021bite: elicoidale cu grosime de 6mm \u0219i l\u0103\u021bime de 40 mm<\/li>\n<li><strong>Mas\u0103 net\u0103<\/strong>: 130 kg<\/li>\n<\/ul>\n<p><strong>Set de livrare :<\/strong><\/p>\n<p><a href=\"https:\/\/eurotech-iasi.ro\/magazinonline\/wp-content\/uploads\/2025\/02\/Fara-titlu-1000-x-750-px-1000-x-550-px-1.png\"><img loading=\"lazy\" decoding=\"async\" class=\"wp-image-108430 alignnone\" src=\"https:\/\/eurotech-iasi.ro\/magazinonline\/wp-content\/uploads\/2025\/02\/Fara-titlu-1000-x-750-px-1000-x-550-px-1.png\" alt=\"\" width=\"577\" height=\"317\" srcset=\"https:\/\/eurotech-iasi.ro\/magazinonline\/wp-content\/uploads\/2025\/02\/Fara-titlu-1000-x-750-px-1000-x-550-px-1.png 1000w, https:\/\/eurotech-iasi.ro\/magazinonline\/wp-content\/uploads\/2025\/02\/Fara-titlu-1000-x-750-px-1000-x-550-px-1-300x165.png 300w, https:\/\/eurotech-iasi.ro\/magazinonline\/wp-content\/uploads\/2025\/02\/Fara-titlu-1000-x-750-px-1000-x-550-px-1-768x422.png 768w, https:\/\/eurotech-iasi.ro\/magazinonline\/wp-content\/uploads\/2025\/02\/Fara-titlu-1000-x-750-px-1000-x-550-px-1-600x330.png 600w\" sizes=\"auto, (max-width: 577px) 100vw, 577px\" \/><\/a><\/p>\n<p><a href=\"https:\/\/eurotech-iasi.ro\/magazinonline\/wp-content\/uploads\/2025\/02\/fisa-tehnica-agt-13000-premium-gx340.pdf\"><em><strong><u>\ud83d\udce5<\/u><\/strong><\/em><strong><em><u>\u00a0 \u00a0Fisa tehnica<\/u><\/em><\/strong><\/a><\/p>\n","protected":false},"excerpt":{"rendered":"<p><strong>Motosapa AGT 13000 PREMIUM GX340<\/strong> ideala pentru prelucrarea solului in gospodarii si gradini, fiind dotat cu maneta de reglare rapid\u0103 a ghidonului \u00een lateral permite rotirea ghidonului \u00een timpul lucrului pentru evitarea obstacolelor sau pentru virare<\/p>\n<p><em><strong>Cod produs: PFAGT13000GX34<\/strong><\/em><\/p>\n<p><span style=\"color: #ff0000;\"><em><strong>*Costul transportului va fi calculat\u00a0 si se va transmite la comanda ferma!<\/strong><\/em><\/span><\/p>\n<p><a href=\"https:\/\/eurotech-iasi.ro\/magazinonline\/wp-content\/uploads\/2019\/10\/CADOU-1-LITRU-ULEI-MOTOR.png\"><img loading=\"lazy\" decoding=\"async\" class=\" wp-image-108451 alignleft\" src=\"https:\/\/eurotech-iasi.ro\/magazinonline\/wp-content\/uploads\/2019\/10\/CADOU-1-LITRU-ULEI-MOTOR.png\" alt=\"\" width=\"260\" height=\"260\" srcset=\"https:\/\/eurotech-iasi.ro\/magazinonline\/wp-content\/uploads\/2019\/10\/CADOU-1-LITRU-ULEI-MOTOR.png 350w, https:\/\/eurotech-iasi.ro\/magazinonline\/wp-content\/uploads\/2019\/10\/CADOU-1-LITRU-ULEI-MOTOR-300x300.png 300w, https:\/\/eurotech-iasi.ro\/magazinonline\/wp-content\/uploads\/2019\/10\/CADOU-1-LITRU-ULEI-MOTOR-150x150.png 150w, https:\/\/eurotech-iasi.ro\/magazinonline\/wp-content\/uploads\/2019\/10\/CADOU-1-LITRU-ULEI-MOTOR-100x100.png 100w\" sizes=\"auto, (max-width: 260px) 100vw, 260px\" \/><\/a><\/p>\n<p>&nbsp;<\/p>\n<p>&nbsp;<\/p>\n<p>&nbsp;<\/p>\n<p>&nbsp;<\/p>\n<p>&nbsp;<\/p>\n<p>&nbsp;<\/p>\n<p>&nbsp;<\/p>\n","protected":false},"featured_media":108437,"comment_status":"open","ping_status":"closed","template":"","meta":{"_acf_changed":false},"product_cat":[4337,4370],"product_tag":[],"woo-feed-brand":[],"class_list":{"0":"post-53942","1":"product","2":"type-product","3":"status-publish","4":"has-post-thumbnail","6":"product_brand-agent-trade","7":"product_cat-gradinarit-agricultura","8":"product_cat-motosape","9":"pa_brand-agent-trade","10":"pa_combustibil-benzina-2","11":"pa_greutate-130-kg","12":"pa_latimea-de-lucru-ajustabila-90-120-cm","13":"pa_motor-honda-gx340","14":"pa_putere-motor-11-cp","16":"first","17":"instock","18":"purchasable","19":"product-type-simple"},"acf":[],"yoast_head":"<!-- This site is optimized with the Yoast SEO plugin v27.3 - https:\/\/yoast.com\/product\/yoast-seo-wordpress\/ -->\n<title>Motosapa AGT 13000 PREMIUM GX340 - Eurotech Iasi<\/title>\n<meta name=\"description\" content=\"Motosapa AGT 13000 PREMIUM GX340,special conceputa pentru a satisface toate cerintele utilizarii in lucrari de prelucrarea solului in gospodarii si gradini.\" \/>\n<meta name=\"robots\" content=\"index, follow, max-snippet:-1, max-image-preview:large, max-video-preview:-1\" \/>\n<link rel=\"canonical\" href=\"https:\/\/eurotech-iasi.ro\/magazinonline\/produs\/motosapa-agt-13000-premium-gx340\/\" \/>\n<meta property=\"og:locale\" content=\"ro_RO\" \/>\n<meta property=\"og:type\" content=\"article\" \/>\n<meta property=\"og:title\" content=\"Motosapa AGT 13000 PREMIUM GX340 - Eurotech Iasi\" \/>\n<meta property=\"og:description\" content=\"Motosapa AGT 13000 PREMIUM GX340,special conceputa pentru a satisface toate cerintele utilizarii in lucrari de prelucrarea solului in gospodarii si gradini.\" \/>\n<meta property=\"og:url\" content=\"https:\/\/eurotech-iasi.ro\/magazinonline\/produs\/motosapa-agt-13000-premium-gx340\/\" \/>\n<meta property=\"og:site_name\" content=\"Eurotech Iasi\" \/>\n<meta property=\"article:publisher\" content=\"https:\/\/www.facebook.com\/EurotechIasi\/\" \/>\n<meta property=\"article:modified_time\" content=\"2025-12-11T09:35:49+00:00\" \/>\n<meta property=\"og:image\" content=\"https:\/\/eurotech-iasi.ro\/magazinonline\/wp-content\/uploads\/2020\/03\/Motosapa-AGT-13000-PREMIUM-GX340.png\" \/>\n\t<meta property=\"og:image:width\" content=\"750\" \/>\n\t<meta property=\"og:image:height\" content=\"750\" \/>\n\t<meta property=\"og:image:type\" content=\"image\/png\" \/>\n<meta name=\"twitter:label1\" content=\"Timp estimat pentru citire\" \/>\n\t<meta name=\"twitter:data1\" content=\"2 minute\" \/>\n<script type=\"application\/ld+json\" class=\"yoast-schema-graph\">{\"@context\":\"https:\\\/\\\/schema.org\",\"@graph\":[{\"@type\":\"WebPage\",\"@id\":\"https:\\\/\\\/eurotech-iasi.ro\\\/magazinonline\\\/produs\\\/motosapa-agt-13000-premium-gx340\\\/\",\"url\":\"https:\\\/\\\/eurotech-iasi.ro\\\/magazinonline\\\/produs\\\/motosapa-agt-13000-premium-gx340\\\/\",\"name\":\"Motosapa AGT 13000 PREMIUM GX340 - Eurotech Iasi\",\"isPartOf\":{\"@id\":\"https:\\\/\\\/eurotech-iasi.ro\\\/magazinonline\\\/#website\"},\"primaryImageOfPage\":{\"@id\":\"https:\\\/\\\/eurotech-iasi.ro\\\/magazinonline\\\/produs\\\/motosapa-agt-13000-premium-gx340\\\/#primaryimage\"},\"image\":{\"@id\":\"https:\\\/\\\/eurotech-iasi.ro\\\/magazinonline\\\/produs\\\/motosapa-agt-13000-premium-gx340\\\/#primaryimage\"},\"thumbnailUrl\":\"https:\\\/\\\/eurotech-iasi.ro\\\/magazinonline\\\/wp-content\\\/uploads\\\/2020\\\/03\\\/Motosapa-AGT-13000-PREMIUM-GX340.png\",\"datePublished\":\"2020-03-12T14:30:13+00:00\",\"dateModified\":\"2025-12-11T09:35:49+00:00\",\"description\":\"Motosapa AGT 13000 PREMIUM GX340,special conceputa pentru a satisface toate cerintele utilizarii in lucrari de prelucrarea solului in gospodarii si gradini.\",\"breadcrumb\":{\"@id\":\"https:\\\/\\\/eurotech-iasi.ro\\\/magazinonline\\\/produs\\\/motosapa-agt-13000-premium-gx340\\\/#breadcrumb\"},\"inLanguage\":\"ro-RO\",\"potentialAction\":[{\"@type\":\"ReadAction\",\"target\":[\"https:\\\/\\\/eurotech-iasi.ro\\\/magazinonline\\\/produs\\\/motosapa-agt-13000-premium-gx340\\\/\"]}]},{\"@type\":\"ImageObject\",\"inLanguage\":\"ro-RO\",\"@id\":\"https:\\\/\\\/eurotech-iasi.ro\\\/magazinonline\\\/produs\\\/motosapa-agt-13000-premium-gx340\\\/#primaryimage\",\"url\":\"https:\\\/\\\/eurotech-iasi.ro\\\/magazinonline\\\/wp-content\\\/uploads\\\/2020\\\/03\\\/Motosapa-AGT-13000-PREMIUM-GX340.png\",\"contentUrl\":\"https:\\\/\\\/eurotech-iasi.ro\\\/magazinonline\\\/wp-content\\\/uploads\\\/2020\\\/03\\\/Motosapa-AGT-13000-PREMIUM-GX340.png\",\"width\":750,\"height\":750,\"caption\":\"Motosapa AGT 13000 PREMIUM GX340\"},{\"@type\":\"BreadcrumbList\",\"@id\":\"https:\\\/\\\/eurotech-iasi.ro\\\/magazinonline\\\/produs\\\/motosapa-agt-13000-premium-gx340\\\/#breadcrumb\",\"itemListElement\":[{\"@type\":\"ListItem\",\"position\":1,\"name\":\"Prima pagin\u0103\",\"item\":\"https:\\\/\\\/eurotech-iasi.ro\\\/magazinonline\\\/\"},{\"@type\":\"ListItem\",\"position\":2,\"name\":\"Shop\",\"item\":\"https:\\\/\\\/eurotech-iasi.ro\\\/magazinonline\\\/shop\\\/\"},{\"@type\":\"ListItem\",\"position\":3,\"name\":\"Motosapa AGT 13000 PREMIUM GX340\"}]},{\"@type\":\"WebSite\",\"@id\":\"https:\\\/\\\/eurotech-iasi.ro\\\/magazinonline\\\/#website\",\"url\":\"https:\\\/\\\/eurotech-iasi.ro\\\/magazinonline\\\/\",\"name\":\"Eurotech Iasi\",\"description\":\"Cu oameni seriosi\",\"publisher\":{\"@id\":\"https:\\\/\\\/eurotech-iasi.ro\\\/magazinonline\\\/#organization\"},\"potentialAction\":[{\"@type\":\"SearchAction\",\"target\":{\"@type\":\"EntryPoint\",\"urlTemplate\":\"https:\\\/\\\/eurotech-iasi.ro\\\/magazinonline\\\/?s={search_term_string}\"},\"query-input\":{\"@type\":\"PropertyValueSpecification\",\"valueRequired\":true,\"valueName\":\"search_term_string\"}}],\"inLanguage\":\"ro-RO\"},{\"@type\":\"Organization\",\"@id\":\"https:\\\/\\\/eurotech-iasi.ro\\\/magazinonline\\\/#organization\",\"name\":\"Eurotech Iasi\",\"url\":\"https:\\\/\\\/eurotech-iasi.ro\\\/magazinonline\\\/\",\"logo\":{\"@type\":\"ImageObject\",\"inLanguage\":\"ro-RO\",\"@id\":\"https:\\\/\\\/eurotech-iasi.ro\\\/magazinonline\\\/#\\\/schema\\\/logo\\\/image\\\/\",\"url\":\"https:\\\/\\\/eurotech-iasi.ro\\\/magazinonline\\\/wp-content\\\/uploads\\\/2020\\\/08\\\/logo-eurotech.png\",\"contentUrl\":\"https:\\\/\\\/eurotech-iasi.ro\\\/magazinonline\\\/wp-content\\\/uploads\\\/2020\\\/08\\\/logo-eurotech.png\",\"width\":290,\"height\":70,\"caption\":\"Eurotech Iasi\"},\"image\":{\"@id\":\"https:\\\/\\\/eurotech-iasi.ro\\\/magazinonline\\\/#\\\/schema\\\/logo\\\/image\\\/\"},\"sameAs\":[\"https:\\\/\\\/www.facebook.com\\\/EurotechIasi\\\/\"]}]}<\/script>\n<!-- \/ Yoast SEO plugin. -->","yoast_head_json":{"title":"Motosapa AGT 13000 PREMIUM GX340 - Eurotech Iasi","description":"Motosapa AGT 13000 PREMIUM GX340,special conceputa pentru a satisface toate cerintele utilizarii in lucrari de prelucrarea solului in gospodarii si gradini.","robots":{"index":"index","follow":"follow","max-snippet":"max-snippet:-1","max-image-preview":"max-image-preview:large","max-video-preview":"max-video-preview:-1"},"canonical":"https:\/\/eurotech-iasi.ro\/magazinonline\/produs\/motosapa-agt-13000-premium-gx340\/","og_locale":"ro_RO","og_type":"article","og_title":"Motosapa AGT 13000 PREMIUM GX340 - Eurotech Iasi","og_description":"Motosapa AGT 13000 PREMIUM GX340,special conceputa pentru a satisface toate cerintele utilizarii in lucrari de prelucrarea solului in gospodarii si gradini.","og_url":"https:\/\/eurotech-iasi.ro\/magazinonline\/produs\/motosapa-agt-13000-premium-gx340\/","og_site_name":"Eurotech Iasi","article_publisher":"https:\/\/www.facebook.com\/EurotechIasi\/","article_modified_time":"2025-12-11T09:35:49+00:00","og_image":[{"width":750,"height":750,"url":"https:\/\/eurotech-iasi.ro\/magazinonline\/wp-content\/uploads\/2020\/03\/Motosapa-AGT-13000-PREMIUM-GX340.png","type":"image\/png"}],"twitter_misc":{"Timp estimat pentru citire":"2 minute"},"schema":{"@context":"https:\/\/schema.org","@graph":[{"@type":"WebPage","@id":"https:\/\/eurotech-iasi.ro\/magazinonline\/produs\/motosapa-agt-13000-premium-gx340\/","url":"https:\/\/eurotech-iasi.ro\/magazinonline\/produs\/motosapa-agt-13000-premium-gx340\/","name":"Motosapa AGT 13000 PREMIUM GX340 - Eurotech Iasi","isPartOf":{"@id":"https:\/\/eurotech-iasi.ro\/magazinonline\/#website"},"primaryImageOfPage":{"@id":"https:\/\/eurotech-iasi.ro\/magazinonline\/produs\/motosapa-agt-13000-premium-gx340\/#primaryimage"},"image":{"@id":"https:\/\/eurotech-iasi.ro\/magazinonline\/produs\/motosapa-agt-13000-premium-gx340\/#primaryimage"},"thumbnailUrl":"https:\/\/eurotech-iasi.ro\/magazinonline\/wp-content\/uploads\/2020\/03\/Motosapa-AGT-13000-PREMIUM-GX340.png","datePublished":"2020-03-12T14:30:13+00:00","dateModified":"2025-12-11T09:35:49+00:00","description":"Motosapa AGT 13000 PREMIUM GX340,special conceputa pentru a satisface toate cerintele utilizarii in lucrari de prelucrarea solului in gospodarii si gradini.","breadcrumb":{"@id":"https:\/\/eurotech-iasi.ro\/magazinonline\/produs\/motosapa-agt-13000-premium-gx340\/#breadcrumb"},"inLanguage":"ro-RO","potentialAction":[{"@type":"ReadAction","target":["https:\/\/eurotech-iasi.ro\/magazinonline\/produs\/motosapa-agt-13000-premium-gx340\/"]}]},{"@type":"ImageObject","inLanguage":"ro-RO","@id":"https:\/\/eurotech-iasi.ro\/magazinonline\/produs\/motosapa-agt-13000-premium-gx340\/#primaryimage","url":"https:\/\/eurotech-iasi.ro\/magazinonline\/wp-content\/uploads\/2020\/03\/Motosapa-AGT-13000-PREMIUM-GX340.png","contentUrl":"https:\/\/eurotech-iasi.ro\/magazinonline\/wp-content\/uploads\/2020\/03\/Motosapa-AGT-13000-PREMIUM-GX340.png","width":750,"height":750,"caption":"Motosapa AGT 13000 PREMIUM GX340"},{"@type":"BreadcrumbList","@id":"https:\/\/eurotech-iasi.ro\/magazinonline\/produs\/motosapa-agt-13000-premium-gx340\/#breadcrumb","itemListElement":[{"@type":"ListItem","position":1,"name":"Prima pagin\u0103","item":"https:\/\/eurotech-iasi.ro\/magazinonline\/"},{"@type":"ListItem","position":2,"name":"Shop","item":"https:\/\/eurotech-iasi.ro\/magazinonline\/shop\/"},{"@type":"ListItem","position":3,"name":"Motosapa AGT 13000 PREMIUM GX340"}]},{"@type":"WebSite","@id":"https:\/\/eurotech-iasi.ro\/magazinonline\/#website","url":"https:\/\/eurotech-iasi.ro\/magazinonline\/","name":"Eurotech Iasi","description":"Cu oameni seriosi","publisher":{"@id":"https:\/\/eurotech-iasi.ro\/magazinonline\/#organization"},"potentialAction":[{"@type":"SearchAction","target":{"@type":"EntryPoint","urlTemplate":"https:\/\/eurotech-iasi.ro\/magazinonline\/?s={search_term_string}"},"query-input":{"@type":"PropertyValueSpecification","valueRequired":true,"valueName":"search_term_string"}}],"inLanguage":"ro-RO"},{"@type":"Organization","@id":"https:\/\/eurotech-iasi.ro\/magazinonline\/#organization","name":"Eurotech Iasi","url":"https:\/\/eurotech-iasi.ro\/magazinonline\/","logo":{"@type":"ImageObject","inLanguage":"ro-RO","@id":"https:\/\/eurotech-iasi.ro\/magazinonline\/#\/schema\/logo\/image\/","url":"https:\/\/eurotech-iasi.ro\/magazinonline\/wp-content\/uploads\/2020\/08\/logo-eurotech.png","contentUrl":"https:\/\/eurotech-iasi.ro\/magazinonline\/wp-content\/uploads\/2020\/08\/logo-eurotech.png","width":290,"height":70,"caption":"Eurotech Iasi"},"image":{"@id":"https:\/\/eurotech-iasi.ro\/magazinonline\/#\/schema\/logo\/image\/"},"sameAs":["https:\/\/www.facebook.com\/EurotechIasi\/"]}]}},"_links":{"self":[{"href":"https:\/\/eurotech-iasi.ro\/magazinonline\/wp-json\/wp\/v2\/product\/53942","targetHints":{"allow":["GET"]}}],"collection":[{"href":"https:\/\/eurotech-iasi.ro\/magazinonline\/wp-json\/wp\/v2\/product"}],"about":[{"href":"https:\/\/eurotech-iasi.ro\/magazinonline\/wp-json\/wp\/v2\/types\/product"}],"replies":[{"embeddable":true,"href":"https:\/\/eurotech-iasi.ro\/magazinonline\/wp-json\/wp\/v2\/comments?post=53942"}],"wp:featuredmedia":[{"embeddable":true,"href":"https:\/\/eurotech-iasi.ro\/magazinonline\/wp-json\/wp\/v2\/media\/108437"}],"wp:attachment":[{"href":"https:\/\/eurotech-iasi.ro\/magazinonline\/wp-json\/wp\/v2\/media?parent=53942"}],"wp:term":[{"taxonomy":"product_cat","embeddable":true,"href":"https:\/\/eurotech-iasi.ro\/magazinonline\/wp-json\/wp\/v2\/product_cat?post=53942"},{"taxonomy":"product_tag","embeddable":true,"href":"https:\/\/eurotech-iasi.ro\/magazinonline\/wp-json\/wp\/v2\/product_tag?post=53942"},{"taxonomy":"woo-feed-brand","embeddable":true,"href":"https:\/\/eurotech-iasi.ro\/magazinonline\/wp-json\/wp\/v2\/woo-feed-brand?post=53942"}],"curies":[{"name":"wp","href":"https:\/\/api.w.org\/{rel}","templated":true}]}}